{"id":5936,"date":"1970-01-01T00:00:00","date_gmt":"1970-01-01T00:00:00","guid":{"rendered":"https:\/\/elfsight.com\/pl\/?page_id=5936"},"modified":"2024-11-14T12:43:36","modified_gmt":"2024-11-14T12:43:36","slug":"webnode","status":"publish","type":"page","link":"https:\/\/elfsight.com\/pl\/pinterest-feed-widget\/webnode\/","title":{"rendered":"Pinterest Feed &#8211; Webnode"},"content":{"rendered":"<div class=\"application-platform-content-item-description application-platform-content-item\" id=\"description\" data-nav-section=\"description\"><h2>Opis<\/h2><p>Kana\u0142 Elfsight Pinterest umo\u017cliwia wy\u015bwietlanie Twojego konta oraz wszelkich pinezek i tablic z Pinteresta na Twojej stronie. Dzi\u0119ki naszej wtyczce mo\u017cesz nie tylko zintegrowa\u0107 sw\u00f3j profil, ale tak\u017ce zbiera\u0107 pinezki i tablice, aby zaprezentowa\u0107 grupy zdj\u0119\u0107 na swojej stronie. Poka\u017c histori\u0119 swojej firmy, zainspiruj przysz\u0142ych klient\u00f3w do odkrywania nowych pomys\u0142\u00f3w lub po prostu zwizualizuj swoj\u0105 witryn\u0119. Elastyczna wtyczka pomo\u017ce Ci poszerzy\u0107 zasi\u0119g Twoich tre\u015bci, zwi\u0119kszy\u0107 zaanga\u017cowanie witryny i pozyska\u0107 wi\u0119cej obserwuj\u0105cych na Pintere\u015bcie.<\/p><p><b>Wy\u015bwietlaj swoje oferty, us\u0142ugi i projekty na stronie za pomoc\u0105 przypinek i tablic!<\/b><\/p><ul><li><b>Zwi\u0119ksz zaanga\u017cowanie u\u017cytkownik\u00f3w w swojej witrynie<\/b><br> Starannie dobrane obrazy w Twojej witrynie przyci\u0105gn\u0105 maksymaln\u0105 uwag\u0119 u\u017cytkownik\u00f3w i utrzymaj\u0105 zaanga\u017cowanie klient\u00f3w.<\/li> <li><b>Przyci\u0105gaj obserwuj\u0105cych na Pintere\u015bcie<\/b><br> Dzi\u0119ki przyciskowi Obserwuj dost\u0119pnemu w Aktualno\u015bciach wi\u0119cej potencjalnych klient\u00f3w b\u0119dzie mia\u0142o szans\u0119 do\u0142\u0105czy\u0107 do Twoich subskrybent\u00f3w.<\/li><li><b>Podnie\u015b poziom poziom sprzeda\u017cy dzi\u0119ki nieodpartym efektom wizualnym<\/b><br> Wybierz najbardziej kusz\u0105ce zdj\u0119cia swoich produkt\u00f3w; poka\u017c najnowsze trendy i inspiruj\u0105ce obrazy, aby u\u017cytkownicy chcieli dokona\u0107 zakupu.<\/li><\/ul><\/div><div class=\"application-platform-content-item-features application-platform-content-item\" id=\"features\" data-nav-section=\"features\"><h2>Funkcje<\/h2><p>Dlaczego wtyczka Elfsight to najlepszy spo\u015br\u00f3d innych skutecznych wid\u017cet\u00f3w Webnode? Poznaj nasze wiod\u0105ce funkcje:<\/p><ul><li>Dodawaj pinezki i tablice wed\u0142ug adresu URL;<\/li><li>Dost\u0119pne s\u0105 22 popularne j\u0119zyki;<\/li><li>Poka\u017c lub ukryj nag\u0142\u00f3wek;<\/li> <li>Responsywny dla urz\u0105dze\u0144 mobilnych w dowolnym rozmiarze i proporcji.<\/li><\/ul><p><a href=\"#demo\">Sprawd\u017a wszystkie funkcje<\/a><\/p><\/div><div class=\"application-platform-content-item-installation application-platform-content-item\" id=\"installation\" data-nav-section=\"installation\"><h2>Jak doda\u0107 kana\u0142 Pinterest do witryny Webnode<\/h2><p>Kr\u00f3tka instrukcja na temat dodawania kana\u0142u Pinterest bez umiej\u0119tno\u015bci programowania lub zatrudniania zdalnego programisty WWW. Wykonanie samouczka b\u0119dzie wymaga\u0142o oko\u0142o kilku minut.<\/p><ol><li><b>Stw\u00f3rz w\u0142asny kana\u0142 Pinterest<\/b><br>Za pomoc\u0105 naszego darmowego edytora wygeneruj wtyczk\u0119 z preferowany uk\u0142ad i ustawienia.<\/li><li><b>Uzyskaj kod do instalacji wtyczki<\/b><br> Po dostosowaniu wid\u017cetu pobierz kod wtyczki Pinterest z wyskakuj\u0105cego powiadomienia w aplikacji Elfsight. Zapisz kod.<\/li><li><b>Wy\u015bwietl wtyczk\u0119 na stronie Webnode<\/b><br> Osad\u017a wtyczk\u0119 w wybranym miejscu strony i opublikuj wyniki.<\/li><li><b>Gotowe!<\/b><br> Wejd\u017a na swoj\u0105 witryn\u0119, aby sprawdzi\u0107 wtyczk\u0119.<\/li><\/ol><p>Czy osadzenie wid\u017cetu sprawia Ci trudno\u015b\u0107? Zwr\u00f3\u0107 si\u0119 do naszego zespo\u0142u pomocy technicznej z kompleksowym wyja\u015bnieniem trudno\u015bci. Do\u0142o\u017cymy wszelkich stara\u0144, aby doradzi\u0107.<\/p><\/div><div class=\"faq\" data-component=\"FAQ\"><div class=\"faq-item\">\r\n\t\t\t\t\t<div class=\"faq-item-question\">\r\n\t\t\t\t\t\t<h3 class=\"faq-item-question-text\">W jaki spos\u00f3b mo\u017cna osadzi\u0107 kana\u0142 Pinterest w moim Webnode bez do\u015bwiadczenia w programowaniu? <\/h3>\r\n\r\n\t\t\t\t\t\t<div class=\"faq-item-question-icon\"><\/div>\r\n\t\t\t\t\t<\/div>\r\n\r\n\t\t\t\t\t<div class=\"faq-item-answer\">\r\n\t\t\t\t\t\t<div class=\"faq-item-answer-text\"><p>Firma Elfsight dostarcza rozwi\u0105zanie w chmurze, kt\u00f3re umo\u017cliwia u\u017cytkownikom samodzielne tworzenie wid\u017cetu Pinterest Feed. Zobacz, jakie to proste: <\/p><ul><li>Przejd\u017a do wersji demonstracyjnej online, aby utworzy\u0107 wtyczk\u0119 Pinterest Feed, kt\u00f3r\u0105 chcia\u0142by\u015b chcesz zintegrowa\u0107 si\u0119 ze swoj\u0105 witryn\u0105 Webnode.<\/li><li>Wybierz jeden z wielu gotowych szablon\u00f3w i dostosuj ustawienia kana\u0142u Pinterest, zaktualizuj swoj\u0105 tre\u015b\u0107, zmie\u0144 uk\u0142ad i kolor element\u00f3w bez \u017cadnego kodowania.<\/li><li>Kliknij, aby zapisa\u0107 kana\u0142 Pinterest i skopiuj kod wid\u017cetu do osadzenia, kt\u00f3ry mo\u017cesz bez wysi\u0142ku doda\u0107 do witryny Webnode w ramach bezp\u0142atnego planu. <\/li><\/ul><p>Dzi\u0119ki naszemu prostemu konfiguratorowi ka\u017cdy internauta mo\u017ce skonfigurowa\u0107 aplikacj\u0119 Pinterest Feed i \u0142atwo umie\u015bci\u0107 j\u0105 na stronie Webnode. Aby skorzysta\u0107 z us\u0142ugi, nie trzeba kupowa\u0107 planu p\u0142atnego ani ujawnia\u0107 danych karty. Je\u015bli na kt\u00f3rymkolwiek etapie napotkasz jakiekolwiek problemy, nie wahaj si\u0119 skontaktowa\u0107 z naszym dzia\u0142em obs\u0142ugi klienta.<\/p><\/div>\r\n\t\t\t\t\t<\/div>\r\n\t\t\t\t<\/div><\/div>","protected":false},"excerpt":{"rendered":"","protected":false},"author":9,"featured_media":0,"parent":2834,"menu_order":0,"comment_status":"closed","ping_status":"closed","template":"templates\/template-application-platform.php","meta":{"publish_to_discourse":"","publish_post_category":"","wpdc_auto_publish_overridden":"","wpdc_topic_tags":"","wpdc_pin_topic":"","wpdc_pin_until":"","discourse_post_id":"","discourse_permalink":"","wpdc_publishing_response":"","wpdc_publishing_error":"","footnotes":""},"class_list":["post-5936","page","type-page","status-publish","hentry"],"yoast_head":"<!-- This site is optimized with the Yoast SEO plugin v25.3.1 - https:\/\/yoast.com\/wordpress\/plugins\/seo\/ -->\n<title>Kana\u0142 Pinteresta \u2014 dodaj wid\u017cet Pinterest do witryny Webnode<\/title>\n<meta name=\"description\" content=\"Wypr\u00f3buj za darmo najlepsz\u0105 wtyczk\u0119 Pinterest Feed dla Webnode. \u0141atwa i szybka integracja bez wiedzy programistycznej w zaledwie 3 minuty.\" \/>\n<meta name=\"robots\" content=\"index, follow, max-snippet:-1, max-image-preview:large, max-video-preview:-1\" \/>\n<link rel=\"canonical\" href=\"https:\/\/elfsight.com\/pl\/pinterest-feed-widget\/webnode\/\" \/>\n<meta property=\"og:locale\" content=\"pl_PL\" \/>\n<meta property=\"og:type\" content=\"article\" \/>\n<meta property=\"og:title\" content=\"Kana\u0142 Pinteresta \u2014 dodaj wid\u017cet Pinterest do witryny Webnode\" \/>\n<meta property=\"og:description\" content=\"Wypr\u00f3buj za darmo najlepsz\u0105 wtyczk\u0119 Pinterest Feed dla Webnode. \u0141atwa i szybka integracja bez wiedzy programistycznej w zaledwie 3 minuty.\" \/>\n<meta property=\"og:url\" content=\"https:\/\/elfsight.com\/pl\/pinterest-feed-widget\/webnode\/\" \/>\n<meta property=\"og:site_name\" content=\"Elfsight PL\" \/>\n<meta property=\"article:modified_time\" content=\"2024-11-14T12:43:36+00:00\" \/>\n<meta name=\"twitter:card\" content=\"summary_large_image\" \/>\n<meta name=\"twitter:label1\" content=\"Szacowany czas czytania\" \/>\n\t<meta name=\"twitter:data1\" content=\"3 minuty\" \/>\n<!-- \/ Yoast SEO plugin. -->","yoast_head_json":{"title":"Kana\u0142 Pinteresta \u2014 dodaj wid\u017cet Pinterest do witryny Webnode","description":"Wypr\u00f3buj za darmo najlepsz\u0105 wtyczk\u0119 Pinterest Feed dla Webnode. \u0141atwa i szybka integracja bez wiedzy programistycznej w zaledwie 3 minuty.","robots":{"index":"index","follow":"follow","max-snippet":"max-snippet:-1","max-image-preview":"max-image-preview:large","max-video-preview":"max-video-preview:-1"},"canonical":"https:\/\/elfsight.com\/pl\/pinterest-feed-widget\/webnode\/","og_locale":"pl_PL","og_type":"article","og_title":"Kana\u0142 Pinteresta \u2014 dodaj wid\u017cet Pinterest do witryny Webnode","og_description":"Wypr\u00f3buj za darmo najlepsz\u0105 wtyczk\u0119 Pinterest Feed dla Webnode. \u0141atwa i szybka integracja bez wiedzy programistycznej w zaledwie 3 minuty.","og_url":"https:\/\/elfsight.com\/pl\/pinterest-feed-widget\/webnode\/","og_site_name":"Elfsight PL","article_modified_time":"2024-11-14T12:43:36+00:00","twitter_card":"summary_large_image","twitter_misc":{"Szacowany czas czytania":"3 minuty"},"schema":{"@context":"https:\/\/schema.org","@graph":[{"@type":"WebPage","@id":"https:\/\/elfsight.com\/pl\/pinterest-feed-widget\/webnode\/","url":"https:\/\/elfsight.com\/pl\/pinterest-feed-widget\/webnode\/","name":"Kana\u0142 Pinteresta \u2014 dodaj wid\u017cet Pinterest do witryny Webnode","isPartOf":{"@id":"https:\/\/elfsight.com\/pl\/#website"},"datePublished":"1970-01-01T00:00:00+00:00","dateModified":"2024-11-14T12:43:36+00:00","description":"Wypr\u00f3buj za darmo najlepsz\u0105 wtyczk\u0119 Pinterest Feed dla Webnode. \u0141atwa i szybka integracja bez wiedzy programistycznej w zaledwie 3 minuty.","breadcrumb":{"@id":"https:\/\/elfsight.com\/pl\/pinterest-feed-widget\/webnode\/#breadcrumb"},"inLanguage":"pl-PL","potentialAction":[{"@type":"ReadAction","target":["https:\/\/elfsight.com\/pl\/pinterest-feed-widget\/webnode\/"]}]},{"@type":"BreadcrumbList","@id":"https:\/\/elfsight.com\/pl\/pinterest-feed-widget\/webnode\/#breadcrumb","itemListElement":[{"@type":"ListItem","position":1,"name":"Home","item":"https:\/\/elfsight.com\/pl\/"},{"@type":"ListItem","position":2,"name":"Pinterest Feed","item":"https:\/\/elfsight.com\/pl\/pinterest-feed-widget\/"},{"@type":"ListItem","position":3,"name":"Pinterest Feed &#8211; Webnode"}]},{"@type":"WebSite","@id":"https:\/\/elfsight.com\/pl\/#website","url":"https:\/\/elfsight.com\/pl\/","name":"Elfsight PL","description":"Just another Elfsight Sites site","potentialAction":[{"@type":"SearchAction","target":{"@type":"EntryPoint","urlTemplate":"https:\/\/elfsight.com\/pl\/?s={search_term_string}"},"query-input":{"@type":"PropertyValueSpecification","valueRequired":true,"valueName":"search_term_string"}}],"inLanguage":"pl-PL"}]}},"meta_box":{"industry":"","seo_heading":"","heading":"","description":"","cta_heading":"","cta_description":"","application":"2833","h1":"Kana\u0142 Webnode na Pintere\u015bcie","h1_caption":"Umie\u015b\u0107 kana\u0142 pin\u00f3w ze swojego konta na Pintere\u015bcie, aby bez wysi\u0142ku wy\u015bwietla\u0107 dynamiczn\u0105 i atrakcyjn\u0105 wizualnie zawarto\u015b\u0107 w swojej witrynie Webnode.","application_category":[],"applications_title":"","applications_request_title":"","applications_request_button_text":"","hero_text":"","hero_video":"","hero_video_schema_markup":"","selling_points_title":"","selling_points_caption":"","selling_points":[],"selling_points_cta_text":"","features_title":"","features":"","ed_cta_examples_text":"","ed_cta_examples_hidden":"","ed_cta_demo_text":"","ed_cta_demo_hidden":"","why_caption":"","why_editor_title":"","why_editor_text":"","why_team_title":"","why_team_text":"","why_service_title":"","why_service_text":"","template_catalog_visible":"","template_catalog_title":"","template_catalog_text":"","template_catalog_categories_visible":"","demo_title":"Utw\u00f3rz wid\u017cet kana\u0142u Pinterest","demo_caption":"Skonfiguruj sw\u00f3j kana\u0142 Pinterest i dodaj go do swojej witryny Webnode za darmo!","default_faq_hidden":"","app_template_category":[],"platform":"138","template_public_id":"","codecanyon_url":"","codecanyon_item_id":"","codecanyon_price":"","pricing_caption":"","pricing_elfsight_apps_hide_column":"","pricing_elfsight_apps_url":"","pricing_codecanyon_price_caption":"","integration_category":[],"integration_request_title":"","integration_request_cta":"","integration_platform":"","integrations":[],"platform_category":[],"video_schema_markup":"","price":"od 0 USD \/ miesi\u0105c","trial":"","benefits":[{"text":"Bezp\u0142atna pomoc w monta\u017cu"},{"text":"Profesjonalna obs\u0142uga klienta"},{"text":"14-dniowa gwarancja zwrotu pieni\u0119dzy"}],"button_url":"#demo","button_target_blank":"","button_nofollow":"","attributes":[{"name":"Instaluje"},{"name":"Czu\u0142y"},{"name":"Kompatybilne przegl\u0105darki"}],"tags":[],"tags_disable_links":"","hide_more_platforms":"","video_object":"","demo_hide_cta":"","demo_hide_cloud_options":"","pricing_title":"","pricing":[{"pricing_icon":"platform","pricing_title":"Elfsight Apps","pricing_title_caption":"Wieloplatformowe rozwi\u0105zanie cyfrowe, kt\u00f3re dzia\u0142a na ka\u017cdej stronie internetowej","pricing_price":"od 0 USD \/ miesi\u0105c","pricing_price_caption":"zacznij od bezp\u0142atnego planu","pricing_benefits":[{"text":"Nielimitowane strony internetowe"},{"text":"Wsparcie premium"},{"text":"Bezp\u0142atna pomoc w monta\u017cu"},{"text":"Specjalna oferta na wiele aplikacji"}],"pricing_button_text":"Dodaj do witryny","pricing_button_url":"#demo"}],"related_apps_title":"","related_apps_hidden":"","author":"","image":[],"title":"","job":"","social_networks":[]},"_links":{"self":[{"href":"https:\/\/elfsight.com\/pl\/wp-json\/wp\/v2\/pages\/5936","targetHints":{"allow":["GET"]}}],"collection":[{"href":"https:\/\/elfsight.com\/pl\/wp-json\/wp\/v2\/pages"}],"about":[{"href":"https:\/\/elfsight.com\/pl\/wp-json\/wp\/v2\/types\/page"}],"author":[{"embeddable":true,"href":"https:\/\/elfsight.com\/pl\/wp-json\/wp\/v2\/users\/9"}],"replies":[{"embeddable":true,"href":"https:\/\/elfsight.com\/pl\/wp-json\/wp\/v2\/comments?post=5936"}],"version-history":[{"count":1,"href":"https:\/\/elfsight.com\/pl\/wp-json\/wp\/v2\/pages\/5936\/revisions"}],"predecessor-version":[{"id":5940,"href":"https:\/\/elfsight.com\/pl\/wp-json\/wp\/v2\/pages\/5936\/revisions\/5940"}],"up":[{"embeddable":true,"href":"https:\/\/elfsight.com\/pl\/wp-json\/wp\/v2\/pages\/2834"}],"wp:attachment":[{"href":"https:\/\/elfsight.com\/pl\/wp-json\/wp\/v2\/media?parent=5936"}],"curies":[{"name":"wp","href":"https:\/\/api.w.org\/{rel}","templated":true}]}}