{"id":5935,"date":"1970-01-01T00:00:00","date_gmt":"1970-01-01T00:00:00","guid":{"rendered":"https:\/\/elfsight.com\/pl\/?page_id=5935"},"modified":"2024-11-14T12:43:36","modified_gmt":"2024-11-14T12:43:36","slug":"webflow","status":"publish","type":"page","link":"https:\/\/elfsight.com\/pl\/pinterest-feed-widget\/webflow\/","title":{"rendered":"Pinterest Feed &#8211; Webflow"},"content":{"rendered":"<div class=\"application-platform-content-item-description application-platform-content-item\" id=\"description\" data-nav-section=\"description\"><h2>Osad\u017a kana\u0142 Pinterest w Webflow za pomoc\u0105 wid\u017cetu Elfsight<\/h2><p>Kana\u0142 Elfsight Pinterest pomaga wy\u015bwietla\u0107 Tw\u00f3j profil oraz wszelkie pinezki i tablice z Pinterest na stronie internetowej. Za pomoc\u0105 naszego widgetu mo\u017cesz nie tylko wprowadzi\u0107 swoje konto, ale tak\u017ce wybra\u0107 pinezki i tablice, aby stworzy\u0107 tematyczne kategorie zdj\u0119\u0107 dla swojej witryny. Ujawnij swoje osi\u0105gni\u0119cia biznesowe, zainspiruj klient\u00f3w do odkrywania nowych trend\u00f3w lub po prostu umie\u015b\u0107 pi\u0119kne zdj\u0119cia na swojej stronie. Elastyczny widget pomo\u017ce Ci poszerzy\u0107 zasi\u0119g Twoich materia\u0142\u00f3w wizualnych, zwi\u0119kszy\u0107 poziom zaanga\u017cowania w witrynie i pozyska\u0107 wi\u0119cej obserwuj\u0105cych na Pintere\u015bcie.<\/p><p><b>Dodawaj do swojej witryny wizualizacje z Pinteresta bez \u017cadnego wysi\u0142ku.<\/b><\/p><ul><li><b>Zwi\u0119ksz zaanga\u017cowanie u\u017cytkownik\u00f3w na swojej stronie<\/b><br> Starannie dobrane tre\u015bci na Twojej stronie przyci\u0105gn\u0105 maksymaln\u0105 uwag\u0119 i utrzymaj\u0105 zaanga\u017cowanie klient\u00f3w.<\/li><li><b> Przyci\u0105gaj obserwuj\u0105cych na Pintere\u015bcie<\/b><br> Dzi\u0119ki przyciskowi Obserwuj w kanale wi\u0119cej potencjalnych klient\u00f3w b\u0119dzie mia\u0142o szans\u0119 zosta\u0107 Twoimi obserwatorami.<\/li><li><b>Bardziej atrakcyjna tre\u015b\u0107 wizualna w Twojej witrynie<\/b><br> Korzystaj\u0105c z pinezek i tablic, mo\u017cesz wybra\u0107 najlepsz\u0105 grafik\u0119 dla swojej witryny, aby zaanga\u017cowa\u0107 przysz\u0142ych klient\u00f3w.<\/li><\/ul><\/div><div class=\"application-platform-content-item-features  application-platform-content-item\" id=\"features \" data-nav-section=\"features \"><h2>G\u0142\u00f3wne cechy wid\u017cetu Pinterest Feed<\/h2><p>Kilka atrybut\u00f3w, kt\u00f3re sprawiaj\u0105, \u017ce nasz wid\u017cet staje si\u0119 najwa\u017cniejsz\u0105 wtyczk\u0105 dla ka\u017cdej witryny Webflow.<\/p><ul><li>Edytowalny tytu\u0142 wid\u017cetu; <\/li><li>Dost\u0119pne 22 popularne j\u0119zyki;<\/li><li>Prze\u0142\u0105czane elementy pin\u00f3w: autor, tekst, przycisk udost\u0119pniania, ikona.<\/li><li>Wy\u015bwietlaj lub ukrywaj tablice i liczb\u0119 pin\u00f3w;<\/li><\/ul><p><a href=\"#demo\">Inne cechy darmowego konstruktora<\/a><\/p><\/div><div class=\"application-platform-content-item-installation application-platform-content-item\" id=\"installation\" data-nav-section=\"installation\"><h2>Jak doda\u0107 kana\u0142 Pinterest do witryny Webflow<\/h2><div class=\"video-container\"><iframe width=\"720\" height=\"405\" src=\"https:\/\/www.youtube.com\/embed\/c7rOfI5p-yg\" frameborder=\"0\" allowfullscreen=\"\"><\/iframe><\/div><p>Oto kr\u00f3tki samouczek autorstwa Elfsight na temat konfiguracji i personalizacji wid\u017cetu. Nie s\u0105 potrzebne \u017cadne umiej\u0119tno\u015bci w zakresie tworzenia stron internetowych. Przybli\u017cony czas realizacji instrukcji to nieca\u0142e 3 minuty.<\/p><ol><li><b>Skonstruuj sw\u00f3j indywidualny wid\u017cet Pinterest<\/b><br> Korzystaj\u0105c z naszego bezp\u0142atnego konfiguratora, wygeneruj wtyczk\u0119 z interfejsem, jaki chcesz .<\/li><li><b>Odbierz kod do opublikowania wtyczki<\/b><br> Po wygenerowaniu wid\u017cetu otrzymaj kod do wtyczki Pinterest z wyskakuj\u0105cego powiadomienia w aplikacji Elfsight. Skopiuj kod.<\/li><li><b>Osad\u017a wtyczk\u0119 na stronie<\/b><br> Zintegruj wtyczk\u0119 w odpowiednim miejscu strony i zastosuj zmiany.<\/li><li><b>Osadzanie powiod\u0142o si\u0119!<\/b><br> Odwied\u017a swoj\u0105 witryn\u0119, aby sprawdzi\u0107 sw\u00f3j Pinterest.<\/li><\/ol><p>Potrzebujesz porady dotycz\u0105cej konfiguracji lub personalizacji wtyczki? Zesp\u00f3\u0142 Elfsight ch\u0119tnie doradzi i zaproponuje rozwi\u0105zanie!<\/p><\/div><div class=\"faq\" data-component=\"FAQ\"><div class=\"faq-item\">\r\n\t\t\t\t\t<div class=\"faq-item-question\">\r\n\t\t\t\t\t\t<h3 class=\"faq-item-question-text\">Jak doda\u0107 kana\u0142 Pinterest do mojej witryny Webflow bez kodowania? <\/h3>\r\n\r\n\t\t\t\t\t\t<div class=\"faq-item-question-icon\"><\/div>\r\n\t\t\t\t\t<\/div>\r\n\r\n\t\t\t\t\t<div class=\"faq-item-answer\">\r\n\t\t\t\t\t\t<div class=\"faq-item-answer-text\"><p>Firma Elfsight oferuje rozwi\u0105zanie w chmurze, kt\u00f3re umo\u017cliwia samodzielne utworzenie aplikacji Pinterest Feed. Zapoznaj si\u0119 z prostymi instrukcjami: <\/p><ul><li>Pracuj w edytorze online, aby wygenerowa\u0107 wid\u017cet Pinterest Feed, kt\u00f3ry chcia\u0142by\u015b chcesz pojawia\u0107 si\u0119 w Twojej witrynie Webflow.<\/li><li>Wybierz jeden z gotowych szablon\u00f3w i dostosuj ustawienia kana\u0142u Pinterest, zmie\u0144 uk\u0142ad i schemat kolor\u00f3w, do\u0142\u0105cz tre\u015b\u0107 bez znajomo\u015bci kodowania.<\/li><li> Kliknij, aby zapisa\u0107 kana\u0142 Pinterest i skopiuj kod instalacyjny, kt\u00f3ry mo\u017cna doda\u0107 w witrynie Webflow, korzystaj\u0105c z bezp\u0142atnego planu. <\/li><\/ul><p>Korzystaj\u0105c z naszego przyjaznego dla u\u017cytkownika konfiguratora, ka\u017cdy u\u017cytkownik Internetu mo\u017ce utworzy\u0107 wid\u017cet kana\u0142u Pinterest i bez problemu wklei\u0107 go na dowoln\u0105 stron\u0119 internetow\u0105 Webflow. Aby uzyska\u0107 dost\u0119p do naszych us\u0142ug, nie jest wymagana p\u0142atno\u015b\u0107 ani ujawnianie danych karty. Je\u015bli napotkasz jakiekolwiek problemy, skontaktuj si\u0119 z naszym zespo\u0142em pomocy technicznej.<\/p><\/div>\r\n\t\t\t\t\t<\/div>\r\n\t\t\t\t<\/div><\/div>","protected":false},"excerpt":{"rendered":"","protected":false},"author":9,"featured_media":0,"parent":2834,"menu_order":0,"comment_status":"closed","ping_status":"closed","template":"templates\/template-application-platform.php","meta":{"publish_to_discourse":"","publish_post_category":"","wpdc_auto_publish_overridden":"","wpdc_topic_tags":"","wpdc_pin_topic":"","wpdc_pin_until":"","discourse_post_id":"","discourse_permalink":"","wpdc_publishing_response":"","wpdc_publishing_error":"","footnotes":""},"class_list":["post-5935","page","type-page","status-publish","hentry"],"yoast_head":"<!-- This site is optimized with the Yoast SEO plugin v25.3.1 - https:\/\/yoast.com\/wordpress\/plugins\/seo\/ -->\n<title>Kana\u0142 Pinteresta \u2014 dodanie wid\u017cetu Pinterest do witryny Webflow (2025)<\/title>\n<meta name=\"description\" content=\"Sprawd\u017a bezp\u0142atnie najlepszy wid\u017cet kana\u0142u Pinterest dla Webflow. Prosta i szybka instalacja bez umiej\u0119tno\u015bci programowania w zaledwie kilka minut.\" \/>\n<meta name=\"robots\" content=\"index, follow, max-snippet:-1, max-image-preview:large, max-video-preview:-1\" \/>\n<link rel=\"canonical\" href=\"https:\/\/elfsight.com\/pl\/pinterest-feed-widget\/webflow\/\" \/>\n<meta property=\"og:locale\" content=\"pl_PL\" \/>\n<meta property=\"og:type\" content=\"article\" \/>\n<meta property=\"og:title\" content=\"Kana\u0142 Pinteresta \u2014 dodanie wid\u017cetu Pinterest do witryny Webflow (2025)\" \/>\n<meta property=\"og:description\" content=\"Sprawd\u017a bezp\u0142atnie najlepszy wid\u017cet kana\u0142u Pinterest dla Webflow. Prosta i szybka instalacja bez umiej\u0119tno\u015bci programowania w zaledwie kilka minut.\" \/>\n<meta property=\"og:url\" content=\"https:\/\/elfsight.com\/pl\/pinterest-feed-widget\/webflow\/\" \/>\n<meta property=\"og:site_name\" content=\"Elfsight PL\" \/>\n<meta property=\"article:modified_time\" content=\"2024-11-14T12:43:36+00:00\" \/>\n<meta name=\"twitter:card\" content=\"summary_large_image\" \/>\n<meta name=\"twitter:label1\" content=\"Szacowany czas czytania\" \/>\n\t<meta name=\"twitter:data1\" content=\"3 minuty\" \/>\n<!-- \/ Yoast SEO plugin. -->","yoast_head_json":{"title":"Kana\u0142 Pinteresta \u2014 dodanie wid\u017cetu Pinterest do witryny Webflow (2025)","description":"Sprawd\u017a bezp\u0142atnie najlepszy wid\u017cet kana\u0142u Pinterest dla Webflow. Prosta i szybka instalacja bez umiej\u0119tno\u015bci programowania w zaledwie kilka minut.","robots":{"index":"index","follow":"follow","max-snippet":"max-snippet:-1","max-image-preview":"max-image-preview:large","max-video-preview":"max-video-preview:-1"},"canonical":"https:\/\/elfsight.com\/pl\/pinterest-feed-widget\/webflow\/","og_locale":"pl_PL","og_type":"article","og_title":"Kana\u0142 Pinteresta \u2014 dodanie wid\u017cetu Pinterest do witryny Webflow (2025)","og_description":"Sprawd\u017a bezp\u0142atnie najlepszy wid\u017cet kana\u0142u Pinterest dla Webflow. Prosta i szybka instalacja bez umiej\u0119tno\u015bci programowania w zaledwie kilka minut.","og_url":"https:\/\/elfsight.com\/pl\/pinterest-feed-widget\/webflow\/","og_site_name":"Elfsight PL","article_modified_time":"2024-11-14T12:43:36+00:00","twitter_card":"summary_large_image","twitter_misc":{"Szacowany czas czytania":"3 minuty"},"schema":{"@context":"https:\/\/schema.org","@graph":[{"@type":"WebPage","@id":"https:\/\/elfsight.com\/pl\/pinterest-feed-widget\/webflow\/","url":"https:\/\/elfsight.com\/pl\/pinterest-feed-widget\/webflow\/","name":"Kana\u0142 Pinteresta \u2014 dodanie wid\u017cetu Pinterest do witryny Webflow (2025)","isPartOf":{"@id":"https:\/\/elfsight.com\/pl\/#website"},"datePublished":"1970-01-01T00:00:00+00:00","dateModified":"2024-11-14T12:43:36+00:00","description":"Sprawd\u017a bezp\u0142atnie najlepszy wid\u017cet kana\u0142u Pinterest dla Webflow. Prosta i szybka instalacja bez umiej\u0119tno\u015bci programowania w zaledwie kilka minut.","breadcrumb":{"@id":"https:\/\/elfsight.com\/pl\/pinterest-feed-widget\/webflow\/#breadcrumb"},"inLanguage":"pl-PL","potentialAction":[{"@type":"ReadAction","target":["https:\/\/elfsight.com\/pl\/pinterest-feed-widget\/webflow\/"]}]},{"@type":"BreadcrumbList","@id":"https:\/\/elfsight.com\/pl\/pinterest-feed-widget\/webflow\/#breadcrumb","itemListElement":[{"@type":"ListItem","position":1,"name":"Home","item":"https:\/\/elfsight.com\/pl\/"},{"@type":"ListItem","position":2,"name":"Pinterest Feed","item":"https:\/\/elfsight.com\/pl\/pinterest-feed-widget\/"},{"@type":"ListItem","position":3,"name":"Pinterest Feed &#8211; Webflow"}]},{"@type":"WebSite","@id":"https:\/\/elfsight.com\/pl\/#website","url":"https:\/\/elfsight.com\/pl\/","name":"Elfsight PL","description":"Just another Elfsight Sites site","potentialAction":[{"@type":"SearchAction","target":{"@type":"EntryPoint","urlTemplate":"https:\/\/elfsight.com\/pl\/?s={search_term_string}"},"query-input":{"@type":"PropertyValueSpecification","valueRequired":true,"valueName":"search_term_string"}}],"inLanguage":"pl-PL"}]}},"meta_box":{"industry":"","seo_heading":"","heading":"","description":"","cta_heading":"","cta_description":"","application":"2833","h1":"Wid\u017cet kana\u0142u Webflow na Pintere\u015bcie","h1_caption":"Umie\u015b\u0107 kana\u0142 pinezek ze swojego konta na Pintere\u015bcie, aby bez wysi\u0142ku wy\u015bwietla\u0107 dynamiczn\u0105 i atrakcyjn\u0105 wizualnie zawarto\u015b\u0107 w swojej witrynie Webflow.","application_category":[],"applications_title":"","applications_request_title":"","applications_request_button_text":"","hero_text":"","hero_video":"","hero_video_schema_markup":"","selling_points_title":"","selling_points_caption":"","selling_points":[],"selling_points_cta_text":"","features_title":"","features":"","ed_cta_examples_text":"","ed_cta_examples_hidden":"","ed_cta_demo_text":"","ed_cta_demo_hidden":"","why_caption":"","why_editor_title":"","why_editor_text":"","why_team_title":"","why_team_text":"","why_service_title":"","why_service_text":"","template_catalog_visible":"","template_catalog_title":"","template_catalog_text":"","template_catalog_categories_visible":"","demo_title":"Utw\u00f3rz wid\u017cet kana\u0142u Pinterest","demo_caption":"Skonfiguruj sw\u00f3j kana\u0142 Pinterest i dodaj go do swojej witryny Webflow za darmo!","default_faq_hidden":"","app_template_category":[],"platform":"127","template_public_id":"","codecanyon_url":"","codecanyon_item_id":"","codecanyon_price":"","pricing_caption":"","pricing_elfsight_apps_hide_column":"","pricing_elfsight_apps_url":"","pricing_codecanyon_price_caption":"","integration_category":[],"integration_request_title":"","integration_request_cta":"","integration_platform":"","integrations":[],"platform_category":[],"video_schema_markup":"","price":"od 0 USD \/ miesi\u0105c","trial":"","benefits":[{"text":"Bezp\u0142atna us\u0142uga monta\u017cu"},{"text":"Kompetentna obs\u0142uga klienta"},{"text":"14-dniowa gwarancja zwrotu pieni\u0119dzy"}],"button_url":"#demo","button_target_blank":"","button_nofollow":"","attributes":[{"name":"Instaluje"},{"name":"Czu\u0142y"},{"name":"Kompatybilne przegl\u0105darki"}],"tags":[],"tags_disable_links":"","hide_more_platforms":"","video_object":"","demo_hide_cta":"","demo_hide_cloud_options":"","pricing_title":"","pricing":[{"pricing_icon":"platform","pricing_title":"Elfsight Apps","pricing_title_caption":"Wieloplatformowe rozwi\u0105zanie cyfrowe","pricing_price":"od 0 USD \/ miesi\u0105c","pricing_price_caption":"zacznij od bezp\u0142atnego planu","pricing_benefits":[{"text":"Nielimitowane domeny"},{"text":"Profesjonalna obs\u0142uga klienta"},{"text":"Bezp\u0142atna pomoc w monta\u017cu"},{"text":"Oferta specjalna na wiele aplikacji"}],"pricing_button_text":"Dodaj do witryny","pricing_button_url":"#demo"}],"related_apps_title":"","related_apps_hidden":"","author":"","image":[],"title":"","job":"","social_networks":[]},"_links":{"self":[{"href":"https:\/\/elfsight.com\/pl\/wp-json\/wp\/v2\/pages\/5935","targetHints":{"allow":["GET"]}}],"collection":[{"href":"https:\/\/elfsight.com\/pl\/wp-json\/wp\/v2\/pages"}],"about":[{"href":"https:\/\/elfsight.com\/pl\/wp-json\/wp\/v2\/types\/page"}],"author":[{"embeddable":true,"href":"https:\/\/elfsight.com\/pl\/wp-json\/wp\/v2\/users\/9"}],"replies":[{"embeddable":true,"href":"https:\/\/elfsight.com\/pl\/wp-json\/wp\/v2\/comments?post=5935"}],"version-history":[{"count":2,"href":"https:\/\/elfsight.com\/pl\/wp-json\/wp\/v2\/pages\/5935\/revisions"}],"predecessor-version":[{"id":7920,"href":"https:\/\/elfsight.com\/pl\/wp-json\/wp\/v2\/pages\/5935\/revisions\/7920"}],"up":[{"embeddable":true,"href":"https:\/\/elfsight.com\/pl\/wp-json\/wp\/v2\/pages\/2834"}],"wp:attachment":[{"href":"https:\/\/elfsight.com\/pl\/wp-json\/wp\/v2\/media?parent=5935"}],"curies":[{"name":"wp","href":"https:\/\/api.w.org\/{rel}","templated":true}]}}