{"id":5934,"date":"1970-01-01T00:00:00","date_gmt":"1970-01-01T00:00:00","guid":{"rendered":"https:\/\/elfsight.com\/pl\/?page_id=5934"},"modified":"2025-06-19T14:47:03","modified_gmt":"2025-06-19T14:47:03","slug":"squarespace","status":"publish","type":"page","link":"https:\/\/elfsight.com\/pl\/pinterest-feed-widget\/squarespace\/","title":{"rendered":"Pinterest Feed &#8211; Squarespace"},"content":{"rendered":"<div class=\"application-platform-content-item-description application-platform-content-item\" id=\"description\" data-nav-section=\"description\">\n<h2>Osadzaj kana\u0142 Pinterest w Squarespace za pomoc\u0105 wid\u017cetu Elfsight<\/h2>\n<p>Dzi\u0119ki kana\u0142owi Pinterest firmy Elfsight mo\u017cesz wprowadzi\u0107 na swoj\u0105 stron\u0119 niesamowite efekty wizualne z Pinteresta bez dodatkowego wysi\u0142ku. Wtyczka Elfsight umo\u017cliwia integracj\u0119 dowolnych pin\u00f3w, tablic i pe\u0142nego profilu ze stron\u0105 internetow\u0105. Przyci\u0105gaj klient\u00f3w, pokazuj\u0105c starannie wybrane obrazy i tablice tematyczne oraz buduj w\u0142asne, niepowtarzalne galerie. Zwi\u0119ksz zasi\u0119g swoich materia\u0142\u00f3w wizualnych, zwi\u0119ksz zaanga\u017cowanie w witrynie i przy okazji przyci\u0105gnij nowych obserwuj\u0105cych do swojego konta.<\/p>\n<p><b>Reklamuj swoje oferty, us\u0142ugi i osi\u0105gni\u0119cia w witrynie za pomoc\u0105 pinezek i tablic!<\/b><\/p>\n<ul>\n    <li><b>Przyci\u0105gnij sprzeda\u017c, wy\u015bwietlaj\u0105c swoje oferty<\/b><br>Tw\u00f3rz w\u0142asne, unikalne zestawy zdj\u0119\u0107 przedstawiaj\u0105cych produkty na wyprzeda\u017cy lub najnowsze trendy i obowi\u0105zkowe zakupy, aby wzbudzi\u0107 zainteresowanie klient\u00f3w do zakupu.<\/li>\n    <li><b>Uzyskaj lepszy zasi\u0119g spo\u0142eczno\u015bciowy swoich tre\u015bci na Pintere\u015bcie<\/b><br>Daj szans\u0119 u\u017cytkownikom, kt\u00f3rzy nie s\u0105 na Pintere\u015bcie, zobaczenia Twoich starannie wybranych tre\u015bci, publikuj\u0105c je na stronie internetowej.<\/li>\n    <li><b>Zwi\u0119ksz sprzeda\u017c dzi\u0119ki atrakcyjnym obrazom<\/b><br>Wybierz najbardziej atrakcyjne zdj\u0119cia swoich produkt\u00f3w lub us\u0142ug; wy\u015bwietlaj najnowsze trendy i przekonuj\u0105ce zdj\u0119cia, aby ludzie nie mogli powstrzyma\u0107 si\u0119 od zakupu.<\/li>\n<\/ul>\n<\/div>\n\n<div class=\"application-platform-content-item-features application-platform-content-item\" id=\"features\" data-nav-section=\"features\">\n<h2>G\u0142\u00f3wne funkcje wid\u017cetu Pinterest Feed<\/h2>\n<p>To w\u0142a\u015bnie przekszta\u0142ca nasz wid\u017cet w doskona\u0142e narz\u0119dzie dla witryny Squarespace:<\/p>\n<ul>\n    <li>Wy\u015bwietlaj pinezki, tablice i integruj swoje konto na Pintere\u015bcie;<\/li>\n    <li>Wybierz g\u0142\u00f3wny kolor motywu;<\/li>\n    <li>Poka\u017c lub ukryj nag\u0142\u00f3wek;<\/li>\n    <li>Responsywny dla urz\u0105dze\u0144 mobilnych w dowolnym rozmiarze i proporcjach.<\/li>\n<\/ul>\n<p><a href=\"#demo\">Dodatkowe funkcje w darmowy konstruktor<\/a><\/p>\n<\/div>\n\n<div class=\"application-platform-content-item-installation application-platform-content-item\" id=\"installation\" data-nav-section=\"installation\">\n<h2>Jak doda\u0107 kana\u0142 Pinterest do witryny Squarespace<\/h2>\n<div class=\"video-container\"><iframe width=\"720\" height=\"405\" src=\"https:\/\/www.youtube.com\/embed\/MK8QQlQ0RpY\" frameborder=\"0\" allowfullscreen=\"\"><\/iframe><\/div>\n<p>\u0141atwy podr\u0119cznik na temat osadzania kana\u0142u Pinterest na stronie internetowej bez do\u015bwiadczenia w programowaniu. Na wykonanie tej instrukcji potrzebujesz tylko 3 minut.<\/p>\n<ol>\n    <li><b>Utw\u00f3rz sw\u00f3j indywidualny wid\u017cet kana\u0142u Pinterest<\/b><br>Korzystaj\u0105c z naszego bezp\u0142atnego edytora, wygeneruj wtyczk\u0119 z wygl\u0105dem i funkcjami, kt\u00f3re potrzebujesz.<\/li>\n    <li><b>Uzyskaj kod do osadzenia wtyczki<\/b><br>Po dostrojeniu wid\u017cetu uzyskaj kod wtyczki Pinterest z wyskakuj\u0105cego okna aplikacji Elfsight.<\/li>\n    <li><b>Opublikuj wtyczk\u0119 na stronie Squarespace<\/b><br>Zintegruj wtyczk\u0119 w wymaganym miejscu strony i zastosuj zmiany.<\/li>\n    <li><b>Gotowe!<\/b><br>Przejd\u017a do swojej witryny i zobacz swoj\u0105 prac\u0119.<\/li>\n<\/ol>\n<p>Masz problemy z instalacj\u0105 lub dostosowaniem wtyczki na swojej stronie? Napisz wiadomo\u015b\u0107 do naszego zespo\u0142u pomocy.<\/p>\n<\/div>\n\n<div class=\"faq\" data-component=\"FAQ\">\n<div class=\"faq-item\">\r\n\t\t\t\t\t<div class=\"faq-item-question\">\r\n\t\t\t\t\t\t<h3 class=\"faq-item-question-text\">Jak doda\u0107 kana\u0142 Pinterest do mojej witryny Squarespace bez kodowania?<\/h3>\r\n\r\n\t\t\t\t\t\t<div class=\"faq-item-question-icon\"><\/div>\r\n\t\t\t\t\t<\/div>\r\n\r\n\t\t\t\t\t<div class=\"faq-item-answer\">\r\n\t\t\t\t\t\t<div class=\"faq-item-answer-text\">\n<p>Firma Elfsight zapewnia rozwi\u0105zanie, kt\u00f3re pozwala u\u017cytkownikowi samodzielnie stworzy\u0107 aplikacj\u0119 Pinterest Feed, poznaj nieskomplikowany przewodnik: <\/p>\n<ul>\n    <li>Rozpocznij prac\u0119 bezpo\u015brednio w wersji demonstracyjnej online, aby wygenerowa\u0107 aplikacj\u0119 Pinterest Feed, kt\u00f3r\u0105 chcesz doda\u0107 na swojej witrynie Squarespace.<\/li>\n    <li>Wybierz jeden z gotowych szablon\u00f3w i dostosuj ustawienia kana\u0142u Pinterest, zaktualizuj swoje tre\u015bci, zmie\u0144 uk\u0142ad i kolor element\u00f3w bez umiej\u0119tno\u015bci kodowania.<\/li>\n    <li>Zapisz kana\u0142 Pinterest i uzyskaj kod do umieszczenia na stronie, kt\u00f3ry mo\u017cesz po prostu osadzi\u0107 na swojej stronie Squarespace bez konieczno\u015bci kupowania wersji p\u0142atnej.<\/li>\n<\/ul>\n<p>Za pomoc\u0105 naszego przyjaznego dla u\u017cytkownika edytora ka\u017cdy u\u017cytkownik Internetu mo\u017ce za\u0142o\u017cy\u0107 aplikacj\u0119 Pinterest Feed i osadzi\u0107 j\u0105 na dowolnej stronie g\u0142\u00f3wnej Squarespace. Aby uzyska\u0107 dost\u0119p do naszego Edytora, nie nale\u017cy p\u0142aci\u0107 ani podawa\u0107 danych uwierzytelniaj\u0105cych karty. Je\u015bli na kt\u00f3rymkolwiek etapie napotkasz jakiekolwiek problemy, skontaktuj si\u0119 z naszym dzia\u0142em obs\u0142ugi klienta.<\/p>\n<\/div>\r\n\t\t\t\t\t<\/div>\r\n\t\t\t\t<\/div>\n<\/div>","protected":false},"excerpt":{"rendered":"","protected":false},"author":9,"featured_media":0,"parent":2834,"menu_order":0,"comment_status":"closed","ping_status":"closed","template":"templates\/template-application-platform.php","meta":{"publish_to_discourse":"","publish_post_category":"","wpdc_auto_publish_overridden":"","wpdc_topic_tags":"","wpdc_pin_topic":"","wpdc_pin_until":"","discourse_post_id":"","discourse_permalink":"","wpdc_publishing_response":"","wpdc_publishing_error":"","footnotes":""},"class_list":["post-5934","page","type-page","status-publish","hentry"],"yoast_head":"<!-- This site is optimized with the Yoast SEO plugin v25.3.1 - https:\/\/yoast.com\/wordpress\/plugins\/seo\/ -->\n<title>Kana\u0142 Pinteresta \u2014 dodaj wtyczk\u0119 Pinterest do witryny Squarespace (2025)<\/title>\n<meta name=\"description\" content=\"Ukszta\u0142tuj wtyczk\u0119 Pinterest Feed dla Squarespace i umie\u015b\u0107 j\u0105 na swojej stronie internetowej. Darmowe demo, pomoc w integracji i wi\u0119cej r\u00f3\u017cnych bonus\u00f3w od Elfsight!\" \/>\n<meta name=\"robots\" content=\"index, follow, max-snippet:-1, max-image-preview:large, max-video-preview:-1\" \/>\n<link rel=\"canonical\" href=\"https:\/\/elfsight.com\/pl\/pinterest-feed-widget\/squarespace\/\" \/>\n<meta property=\"og:locale\" content=\"pl_PL\" \/>\n<meta property=\"og:type\" content=\"article\" \/>\n<meta property=\"og:title\" content=\"Kana\u0142 Pinteresta \u2014 dodaj wtyczk\u0119 Pinterest do witryny Squarespace (2025)\" \/>\n<meta property=\"og:description\" content=\"Ukszta\u0142tuj wtyczk\u0119 Pinterest Feed dla Squarespace i umie\u015b\u0107 j\u0105 na swojej stronie internetowej. Darmowe demo, pomoc w integracji i wi\u0119cej r\u00f3\u017cnych bonus\u00f3w od Elfsight!\" \/>\n<meta property=\"og:url\" content=\"https:\/\/elfsight.com\/pl\/pinterest-feed-widget\/squarespace\/\" \/>\n<meta property=\"og:site_name\" content=\"Elfsight PL\" \/>\n<meta property=\"article:modified_time\" content=\"2025-06-19T14:47:03+00:00\" \/>\n<meta name=\"twitter:card\" content=\"summary_large_image\" \/>\n<meta name=\"twitter:label1\" content=\"Szacowany czas czytania\" \/>\n\t<meta name=\"twitter:data1\" content=\"3 minuty\" \/>\n<!-- \/ Yoast SEO plugin. -->","yoast_head_json":{"title":"Kana\u0142 Pinteresta \u2014 dodaj wtyczk\u0119 Pinterest do witryny Squarespace (2025)","description":"Ukszta\u0142tuj wtyczk\u0119 Pinterest Feed dla Squarespace i umie\u015b\u0107 j\u0105 na swojej stronie internetowej. Darmowe demo, pomoc w integracji i wi\u0119cej r\u00f3\u017cnych bonus\u00f3w od Elfsight!","robots":{"index":"index","follow":"follow","max-snippet":"max-snippet:-1","max-image-preview":"max-image-preview:large","max-video-preview":"max-video-preview:-1"},"canonical":"https:\/\/elfsight.com\/pl\/pinterest-feed-widget\/squarespace\/","og_locale":"pl_PL","og_type":"article","og_title":"Kana\u0142 Pinteresta \u2014 dodaj wtyczk\u0119 Pinterest do witryny Squarespace (2025)","og_description":"Ukszta\u0142tuj wtyczk\u0119 Pinterest Feed dla Squarespace i umie\u015b\u0107 j\u0105 na swojej stronie internetowej. Darmowe demo, pomoc w integracji i wi\u0119cej r\u00f3\u017cnych bonus\u00f3w od Elfsight!","og_url":"https:\/\/elfsight.com\/pl\/pinterest-feed-widget\/squarespace\/","og_site_name":"Elfsight PL","article_modified_time":"2025-06-19T14:47:03+00:00","twitter_card":"summary_large_image","twitter_misc":{"Szacowany czas czytania":"3 minuty"},"schema":{"@context":"https:\/\/schema.org","@graph":[{"@type":"WebPage","@id":"https:\/\/elfsight.com\/pl\/pinterest-feed-widget\/squarespace\/","url":"https:\/\/elfsight.com\/pl\/pinterest-feed-widget\/squarespace\/","name":"Kana\u0142 Pinteresta \u2014 dodaj wtyczk\u0119 Pinterest do witryny Squarespace (2025)","isPartOf":{"@id":"https:\/\/elfsight.com\/pl\/#website"},"datePublished":"1970-01-01T00:00:00+00:00","dateModified":"2025-06-19T14:47:03+00:00","description":"Ukszta\u0142tuj wtyczk\u0119 Pinterest Feed dla Squarespace i umie\u015b\u0107 j\u0105 na swojej stronie internetowej. Darmowe demo, pomoc w integracji i wi\u0119cej r\u00f3\u017cnych bonus\u00f3w od Elfsight!","breadcrumb":{"@id":"https:\/\/elfsight.com\/pl\/pinterest-feed-widget\/squarespace\/#breadcrumb"},"inLanguage":"pl-PL","potentialAction":[{"@type":"ReadAction","target":["https:\/\/elfsight.com\/pl\/pinterest-feed-widget\/squarespace\/"]}]},{"@type":"BreadcrumbList","@id":"https:\/\/elfsight.com\/pl\/pinterest-feed-widget\/squarespace\/#breadcrumb","itemListElement":[{"@type":"ListItem","position":1,"name":"Home","item":"https:\/\/elfsight.com\/pl\/"},{"@type":"ListItem","position":2,"name":"Pinterest Feed","item":"https:\/\/elfsight.com\/pl\/pinterest-feed-widget\/"},{"@type":"ListItem","position":3,"name":"Pinterest Feed &#8211; Squarespace"}]},{"@type":"WebSite","@id":"https:\/\/elfsight.com\/pl\/#website","url":"https:\/\/elfsight.com\/pl\/","name":"Elfsight PL","description":"Just another Elfsight Sites site","potentialAction":[{"@type":"SearchAction","target":{"@type":"EntryPoint","urlTemplate":"https:\/\/elfsight.com\/pl\/?s={search_term_string}"},"query-input":{"@type":"PropertyValueSpecification","valueRequired":true,"valueName":"search_term_string"}}],"inLanguage":"pl-PL"}]}},"meta_box":{"industry":"","seo_heading":"","heading":"","description":"","cta_heading":"","cta_description":"","application":"2833","h1":"Wtyczka Squarespace Pinterest Feed","h1_caption":"Osad\u017a kana\u0142 pinezek ze swojego konta na Pintere\u015bcie, aby bez wysi\u0142ku wy\u015bwietla\u0107 dynamiczn\u0105 i atrakcyjn\u0105 wizualnie zawarto\u015b\u0107 w swojej witrynie Squarespace.","application_category":[],"applications_title":"","applications_request_title":"","applications_request_button_text":"","hero_text":"","hero_video":"","hero_video_schema_markup":"","selling_points_title":"","selling_points_caption":"","selling_points":[],"selling_points_cta_text":"","features_title":"","features":"","ed_cta_examples_text":"","ed_cta_examples_hidden":"","ed_cta_demo_text":"","ed_cta_demo_hidden":"","why_caption":"","why_editor_title":"","why_editor_text":"","why_team_title":"","why_team_text":"","why_service_title":"","why_service_text":"","template_catalog_visible":"0","template_catalog_title":"","template_catalog_text":"","template_catalog_categories_visible":"","demo_title":"Utw\u00f3rz wtyczk\u0119 kana\u0142u Pinterest","demo_caption":"Skonfiguruj sw\u00f3j kana\u0142 Pinterest i dodaj go do swojej witryny Squarespace za darmo!","default_faq_hidden":"","app_template_category":[],"platform":"7588","template_public_id":"","codecanyon_url":"","codecanyon_item_id":"","codecanyon_price":"","pricing_caption":"","pricing_elfsight_apps_hide_column":"","pricing_elfsight_apps_url":"","pricing_codecanyon_price_caption":"","integration_category":[],"integration_request_title":"","integration_request_cta":"","integration_platform":"","integrations":[],"platform_category":[],"video_schema_markup":"","price":"od 0 USD \/ miesi\u0105c","trial":"","benefits":[{"text":"Bezp\u0142atna us\u0142uga monta\u017cu"},{"text":"Wsparcie premium"},{"text":"14-dniowa gwarancja zwrotu pieni\u0119dzy"}],"button_url":"#demo","button_target_blank":"0","button_nofollow":"0","attributes":[{"name":"Instaluje"},{"name":"Czu\u0142y"},{"name":"Kompatybilne przegl\u0105darki"}],"tags":[],"tags_disable_links":"0","hide_more_platforms":"0","video_object":"","demo_hide_cta":"0","demo_hide_cloud_options":"0","pricing_title":"","pricing":[{"pricing_icon":"platform","pricing_title":"Elfsight Apps","pricing_title_caption":"Wieloplatformowe rozwi\u0105zanie cyfrowe, kt\u00f3re pasuje do ka\u017cdej witryny","pricing_price":"od 0 USD \/ miesi\u0105c","pricing_price_caption":"zacznij od bezp\u0142atnego planu","pricing_benefits":[{"text":"Nielimitowane domeny"},{"text":"Profesjonalne i terminowe wsparcie"},{"text":"Bezp\u0142atne wsparcie przy instalacji"},{"text":"100% konfigurowalny"}],"pricing_button_text":"Dodaj do witryny","pricing_button_url":"#demo"}],"related_apps_title":"","related_apps_hidden":"0","author":"","image":[],"title":"","job":"","social_networks":[]},"_links":{"self":[{"href":"https:\/\/elfsight.com\/pl\/wp-json\/wp\/v2\/pages\/5934","targetHints":{"allow":["GET"]}}],"collection":[{"href":"https:\/\/elfsight.com\/pl\/wp-json\/wp\/v2\/pages"}],"about":[{"href":"https:\/\/elfsight.com\/pl\/wp-json\/wp\/v2\/types\/page"}],"author":[{"embeddable":true,"href":"https:\/\/elfsight.com\/pl\/wp-json\/wp\/v2\/users\/9"}],"replies":[{"embeddable":true,"href":"https:\/\/elfsight.com\/pl\/wp-json\/wp\/v2\/comments?post=5934"}],"version-history":[{"count":4,"href":"https:\/\/elfsight.com\/pl\/wp-json\/wp\/v2\/pages\/5934\/revisions"}],"predecessor-version":[{"id":10147,"href":"https:\/\/elfsight.com\/pl\/wp-json\/wp\/v2\/pages\/5934\/revisions\/10147"}],"up":[{"embeddable":true,"href":"https:\/\/elfsight.com\/pl\/wp-json\/wp\/v2\/pages\/2834"}],"wp:attachment":[{"href":"https:\/\/elfsight.com\/pl\/wp-json\/wp\/v2\/media?parent=5934"}],"curies":[{"name":"wp","href":"https:\/\/api.w.org\/{rel}","templated":true}]}}