{"id":5933,"date":"1970-01-01T00:00:00","date_gmt":"1970-01-01T00:00:00","guid":{"rendered":"https:\/\/elfsight.com\/pl\/?page_id=5933"},"modified":"2025-06-19T14:45:27","modified_gmt":"2025-06-19T14:45:27","slug":"shopify","status":"publish","type":"page","link":"https:\/\/elfsight.com\/pl\/pinterest-feed-widget\/shopify\/","title":{"rendered":"Pinterest Feed &#8211; Shopify"},"content":{"rendered":"<div class=\"application-platform-content-item-description application-platform-content-item\" id=\"description\" data-nav-section=\"description\"><h2>Umie\u015b\u0107 kana\u0142 Pinterest w Shopify za pomoc\u0105 wid\u017cetu Elfsight<\/h2><p>Dzi\u0119ki naszej aplikacji Pinterest mo\u017cesz swobodnie umieszcza\u0107 kana\u0142y na swojej stronie internetowej dowolne zdj\u0119cia z Pinteresta. Widget Elfsight umo\u017cliwia dodanie dowolnych pin\u00f3w, tablic i pe\u0142nego profilu do Twojej witryny. Przyci\u0105gnij potencjalnych klient\u00f3w, korzystaj\u0105c z najlepszych zdj\u0119\u0107, tablic tematycznych i w\u0142asnych, unikalnie zaprojektowanych kolekcji. Osi\u0105gnij wi\u0119kszy zasi\u0119g swoich materia\u0142\u00f3w wizualnych, zwi\u0119ksz zaanga\u017cowanie na stronie i w mi\u0119dzyczasie zdob\u0105d\u017a wi\u0119cej obserwuj\u0105cych dla swojego profilu.<\/p><p><b>Dodaj do swojej witryny elementy wizualne z Pinteresta szybko i \u0142atwo.<\/b><\/p><ul><li><b>Zwi\u0119ksz zaanga\u017cowanie odwiedzaj\u0105cych Twoj\u0105 witryn\u0119<\/b><br> W\u0142a\u015bciwie dobrana tre\u015b\u0107 w Twojej witrynie przyci\u0105gnie maksymaln\u0105 uwag\u0119 i utrzyma zaanga\u017cowanie u\u017cytkownik\u00f3w.<\/li><li><b> Zdob\u0105d\u017a nowych obserwuj\u0105cych na Pintere\u015bcie<\/b><br> Dzi\u0119ki przyciskowi Obserwuj dost\u0119pnemu w Aktualno\u015bciach wi\u0119cej os\u00f3b b\u0119dzie mia\u0142o szans\u0119 do\u0142\u0105czy\u0107 do Twoich subskrybent\u00f3w.<\/li><li><b>Zwi\u0119ksz liczb\u0119 sprzeda\u017cy z pomoc\u0105 zdj\u0119\u0107, kt\u00f3rym nie mo\u017cna si\u0119 oprze\u0107<\/b><br> Wybierz najlepsze zdj\u0119cia swoich ofert; zaprezentuj najnowsze trendy i inspiruj\u0105ce obrazy, aby klienci byli skazani na zakup.<\/li><\/ul><\/div><div class=\"application-platform-content-item-features application-platform-content-item\" id=\"features\" data-nav-section=\"features\"><h2>G\u0142\u00f3wne funkcje wid\u017cetu Kana\u0142 Pinteresta<\/h2><p>Oto funkcje, kt\u00f3re czyni\u0105 nasz widget najskuteczniejszym narz\u0119dziem Shopify dla Pinteresta:<\/p><ul><li>Wy\u015bwietlaj pinezki, tablice i integruj swoje konto na Pintere\u015bcie;<\/li><li>Wybierz g\u0142\u00f3wny kolor motywu ;<\/li><li>Przycisk Obserwuj w nag\u0142\u00f3wku, aby bezproblemowo \u015bledzi\u0107 swoje konto;<\/li><li>Responsywny dla urz\u0105dze\u0144 mobilnych w dowolnym rozmiarze i proporcji.<\/li><\/ul><p><a href=\"#demo\">Wi\u0119cej funkcji w bezp\u0142atnej wersji demonstracyjnej<\/a><\/p><\/div><div class=\"application-platform-content-item-installation application-platform-content-item\" id=\"installation\" data-nav-section=\"installation\"><h2>Jak doda\u0107 kana\u0142 Pinterest do witryny Shopify<\/h2><div class=\" klasa wideo\"><iframe width=\"720\" height=\"405\" src=\"https:\/\/www.youtube.com\/embed\/W1j15RRs8dE\" frameborder=\"0\" allowfullscreen=\"\"><\/iframe><\/div><p>Prosty tutorial dotycz\u0105cy generowania ikon dla strony internetowej bez wiedzy programistycznej. Wykonanie instrukcji zajmie Ci tylko 2 minuty.<\/p><ol><li><b>Wykonaj nasz darmowy konfigurator i zacznij tworzy\u0107 w\u0142asn\u0105 aplikacj\u0119. <\/b><br> Znajd\u017a niestandardow\u0105 form\u0119 i cechy aplikacji i zastosuj wszystkie modyfikacje. <\/li> <li><b>Uzyskaj osobisty kod widoczny w oknie aplikacji Elfsight. <\/b><br> Po skonfigurowaniu aplikacji skopiuj kod z wy\u015bwietlonego okna i zapisz go na przysz\u0142o\u015b\u0107. <\/li> <li><b>Wpisz ch\u0119\u0107 korzystania z aplikacji w witrynie Shopify. <\/b><br> Wstaw skopiowany ostatnio kod na swoj\u0105 stron\u0119 i zapisz zmiany. <\/li> <li><b>Gotowe! Osadzanie zosta\u0142o pomy\u015blnie zako\u0144czone. <\/b><br> Odwied\u017a swoj\u0105 stron\u0119 internetow\u0105, aby zobaczy\u0107 w dzia\u0142aniu dzia\u0142anie aplikacji. <\/li><\/ol><p>Masz pytania dotycz\u0105ce przewodnika? Wy\u015blij zapytanie do naszego dzia\u0142u pomocy technicznej.<\/p><\/div><div class=\"faq\" data-component=\"FAQ\"><div class=\"faq-item\">\r\n\t\t\t\t\t<div class=\"faq-item-question\">\r\n\t\t\t\t\t\t<h3 class=\"faq-item-question-text\">Czy istnieje opcja osadzania kana\u0142u Pinterest w mojej witrynie Shopify bez kodowania?<\/h3>\r\n\r\n\t\t\t\t\t\t<div class=\"faq-item-question-icon\"><\/div>\r\n\t\t\t\t\t<\/div>\r\n\r\n\t\t\t\t\t<div class=\"faq-item-answer\">\r\n\t\t\t\t\t\t<div class=\"faq-item-answer-text\"><p>Firma Elfsight dostarcza rozwi\u0105zanie SaaS, kt\u00f3re pozwala u\u017cytkownikom samodzielnie wygenerowa\u0107 aplikacj\u0119 Pinterest Feed. Sprawd\u017a, jak prosty jest ten proces: <\/p><ul><li>Pracuj w aktywnym edytorze, aby utworzy\u0107 wid\u017cet Pinterest Feed, kt\u00f3ry chcia\u0142by\u015b lubisz integrowa\u0107 si\u0119 na stronie g\u0142\u00f3wnej Shopify.<\/li><li>Wybierz jeden z gotowych szablon\u00f3w i zmie\u0144 ustawienia kana\u0142u Pinterest, zmie\u0144 uk\u0142ad i kolory, do\u0142\u0105cz tre\u015b\u0107 bez umiej\u0119tno\u015bci kodowania.<\/li><li>Kliknij, aby zapisa\u0107 Pinterest Feed i skopiuj kod wid\u017cetu do instalacji, kt\u00f3ry mo\u017cna \u0142atwo wklei\u0107 na stronie Shopify bez konieczno\u015bci kupowania p\u0142atnej subskrypcji. <\/li><\/ul><p>Korzystaj\u0105c z naszego przyjaznego dla u\u017cytkownika konfiguratora, ka\u017cdy u\u017cytkownik Internetu mo\u017ce wygenerowa\u0107 kana\u0142 Pinterest online i bez trudu osadzi\u0107 go na swojej stronie g\u0142\u00f3wnej Shopify. Aby uzyska\u0107 dost\u0119p do us\u0142ugi Elfsight, nie jest konieczne p\u0142acenie ani wprowadzanie danych karty. Je\u015bli na kt\u00f3rymkolwiek etapie napotkasz jakiekolwiek przeszkody, nie wahaj si\u0119 skontaktowa\u0107 z naszym personelem pomocy technicznej.<\/p><\/div>\r\n\t\t\t\t\t<\/div>\r\n\t\t\t\t<\/div><\/div>","protected":false},"excerpt":{"rendered":"","protected":false},"author":9,"featured_media":0,"parent":2834,"menu_order":0,"comment_status":"closed","ping_status":"closed","template":"templates\/template-application-platform.php","meta":{"publish_to_discourse":"","publish_post_category":"","wpdc_auto_publish_overridden":"","wpdc_topic_tags":"","wpdc_pin_topic":"","wpdc_pin_until":"","discourse_post_id":"","discourse_permalink":"","wpdc_publishing_response":"","wpdc_publishing_error":"","footnotes":""},"class_list":["post-5933","page","type-page","status-publish","hentry"],"yoast_head":"<!-- This site is optimized with the Yoast SEO plugin v25.3.1 - https:\/\/yoast.com\/wordpress\/plugins\/seo\/ -->\n<title>Kana\u0142 Pinterest \u2014 dodaj aplikacj\u0119 Pinterest do witryny Shopify (2025)<\/title>\n<meta name=\"description\" content=\"Zaprojektuj responsywn\u0105 aplikacj\u0119 do obs\u0142ugi kana\u0142\u00f3w Pinterest dla sklepu Shopify. Dzi\u0119ki najszybszej wersji demonstracyjnej online mo\u017cesz tworzy\u0107 r\u00f3\u017cne aplikacje w zaledwie trzy minuty.\" \/>\n<meta name=\"robots\" content=\"index, follow, max-snippet:-1, max-image-preview:large, max-video-preview:-1\" \/>\n<link rel=\"canonical\" href=\"https:\/\/elfsight.com\/pl\/pinterest-feed-widget\/shopify\/\" \/>\n<meta property=\"og:locale\" content=\"pl_PL\" \/>\n<meta property=\"og:type\" content=\"article\" \/>\n<meta property=\"og:title\" content=\"Kana\u0142 Pinterest \u2014 dodaj aplikacj\u0119 Pinterest do witryny Shopify (2025)\" \/>\n<meta property=\"og:description\" content=\"Zaprojektuj responsywn\u0105 aplikacj\u0119 do obs\u0142ugi kana\u0142\u00f3w Pinterest dla sklepu Shopify. Dzi\u0119ki najszybszej wersji demonstracyjnej online mo\u017cesz tworzy\u0107 r\u00f3\u017cne aplikacje w zaledwie trzy minuty.\" \/>\n<meta property=\"og:url\" content=\"https:\/\/elfsight.com\/pl\/pinterest-feed-widget\/shopify\/\" \/>\n<meta property=\"og:site_name\" content=\"Elfsight PL\" \/>\n<meta property=\"article:modified_time\" content=\"2025-06-19T14:45:27+00:00\" \/>\n<meta name=\"twitter:card\" content=\"summary_large_image\" \/>\n<meta name=\"twitter:label1\" content=\"Szacowany czas czytania\" \/>\n\t<meta name=\"twitter:data1\" content=\"3 minuty\" \/>\n<!-- \/ Yoast SEO plugin. -->","yoast_head_json":{"title":"Kana\u0142 Pinterest \u2014 dodaj aplikacj\u0119 Pinterest do witryny Shopify (2025)","description":"Zaprojektuj responsywn\u0105 aplikacj\u0119 do obs\u0142ugi kana\u0142\u00f3w Pinterest dla sklepu Shopify. Dzi\u0119ki najszybszej wersji demonstracyjnej online mo\u017cesz tworzy\u0107 r\u00f3\u017cne aplikacje w zaledwie trzy minuty.","robots":{"index":"index","follow":"follow","max-snippet":"max-snippet:-1","max-image-preview":"max-image-preview:large","max-video-preview":"max-video-preview:-1"},"canonical":"https:\/\/elfsight.com\/pl\/pinterest-feed-widget\/shopify\/","og_locale":"pl_PL","og_type":"article","og_title":"Kana\u0142 Pinterest \u2014 dodaj aplikacj\u0119 Pinterest do witryny Shopify (2025)","og_description":"Zaprojektuj responsywn\u0105 aplikacj\u0119 do obs\u0142ugi kana\u0142\u00f3w Pinterest dla sklepu Shopify. Dzi\u0119ki najszybszej wersji demonstracyjnej online mo\u017cesz tworzy\u0107 r\u00f3\u017cne aplikacje w zaledwie trzy minuty.","og_url":"https:\/\/elfsight.com\/pl\/pinterest-feed-widget\/shopify\/","og_site_name":"Elfsight PL","article_modified_time":"2025-06-19T14:45:27+00:00","twitter_card":"summary_large_image","twitter_misc":{"Szacowany czas czytania":"3 minuty"},"schema":{"@context":"https:\/\/schema.org","@graph":[{"@type":"WebPage","@id":"https:\/\/elfsight.com\/pl\/pinterest-feed-widget\/shopify\/","url":"https:\/\/elfsight.com\/pl\/pinterest-feed-widget\/shopify\/","name":"Kana\u0142 Pinterest \u2014 dodaj aplikacj\u0119 Pinterest do witryny Shopify (2025)","isPartOf":{"@id":"https:\/\/elfsight.com\/pl\/#website"},"datePublished":"1970-01-01T00:00:00+00:00","dateModified":"2025-06-19T14:45:27+00:00","description":"Zaprojektuj responsywn\u0105 aplikacj\u0119 do obs\u0142ugi kana\u0142\u00f3w Pinterest dla sklepu Shopify. Dzi\u0119ki najszybszej wersji demonstracyjnej online mo\u017cesz tworzy\u0107 r\u00f3\u017cne aplikacje w zaledwie trzy minuty.","breadcrumb":{"@id":"https:\/\/elfsight.com\/pl\/pinterest-feed-widget\/shopify\/#breadcrumb"},"inLanguage":"pl-PL","potentialAction":[{"@type":"ReadAction","target":["https:\/\/elfsight.com\/pl\/pinterest-feed-widget\/shopify\/"]}]},{"@type":"BreadcrumbList","@id":"https:\/\/elfsight.com\/pl\/pinterest-feed-widget\/shopify\/#breadcrumb","itemListElement":[{"@type":"ListItem","position":1,"name":"Home","item":"https:\/\/elfsight.com\/pl\/"},{"@type":"ListItem","position":2,"name":"Pinterest Feed","item":"https:\/\/elfsight.com\/pl\/pinterest-feed-widget\/"},{"@type":"ListItem","position":3,"name":"Pinterest Feed &#8211; Shopify"}]},{"@type":"WebSite","@id":"https:\/\/elfsight.com\/pl\/#website","url":"https:\/\/elfsight.com\/pl\/","name":"Elfsight PL","description":"Just another Elfsight Sites site","potentialAction":[{"@type":"SearchAction","target":{"@type":"EntryPoint","urlTemplate":"https:\/\/elfsight.com\/pl\/?s={search_term_string}"},"query-input":{"@type":"PropertyValueSpecification","valueRequired":true,"valueName":"search_term_string"}}],"inLanguage":"pl-PL"}]}},"meta_box":{"industry":"","seo_heading":"","heading":"","description":"","cta_heading":"","cta_description":"","application":"2833","h1":"Aplikacja Shopify Pinterest Feed","h1_caption":"Osad\u017a kana\u0142 pinezek ze swojego konta na Pintere\u015bcie, aby bez wysi\u0142ku wy\u015bwietla\u0107 dynamiczn\u0105 i atrakcyjn\u0105 wizualnie zawarto\u015b\u0107 w swojej witrynie Shopify.","application_category":[],"applications_title":"","applications_request_title":"","applications_request_button_text":"","hero_text":"","hero_video":"","hero_video_schema_markup":"","selling_points_title":"","selling_points_caption":"","selling_points":[],"selling_points_cta_text":"","features_title":"","features":"","ed_cta_examples_text":"","ed_cta_examples_hidden":"","ed_cta_demo_text":"","ed_cta_demo_hidden":"","why_caption":"","why_editor_title":"","why_editor_text":"","why_team_title":"","why_team_text":"","why_service_title":"","why_service_text":"","template_catalog_visible":"0","template_catalog_title":"","template_catalog_text":"","template_catalog_categories_visible":"","demo_title":"Utw\u00f3rz aplikacj\u0119 z kana\u0142ami Pinterest","demo_caption":"Skonfiguruj sw\u00f3j kana\u0142 Pinterest i dodaj go do swojej witryny Shopify za darmo!","default_faq_hidden":"","app_template_category":[],"platform":"7580","template_public_id":"","codecanyon_url":"","codecanyon_item_id":"","codecanyon_price":"","pricing_caption":"","pricing_elfsight_apps_hide_column":"","pricing_elfsight_apps_url":"","pricing_codecanyon_price_caption":"","integration_category":[],"integration_request_title":"","integration_request_cta":"","integration_platform":"","integrations":[],"platform_category":[],"video_schema_markup":"","price":"od 0 USD \/ miesi\u0105c","trial":"","benefits":[{"text":"Bezp\u0142atna us\u0142uga monta\u017cu"},{"text":"Wsparcie premium"},{"text":"14-dniowa gwarancja zwrotu pieni\u0119dzy"}],"button_url":"#demo","button_target_blank":"0","button_nofollow":"0","attributes":[{"name":"Instaluje"},{"name":"Czu\u0142y"},{"name":"Kompatybilne przegl\u0105darki"}],"tags":[],"tags_disable_links":"0","hide_more_platforms":"0","video_object":"","demo_hide_cta":"0","demo_hide_cloud_options":"0","pricing_title":"","pricing":[{"pricing_icon":"cloud","pricing_title":"Elfsight Apps","pricing_title_caption":"Wersja wieloplatformowa, kt\u00f3ra dzia\u0142a na ka\u017cdej stronie internetowej","pricing_price":"od 0 USD \/ miesi\u0105c","pricing_price_caption":"zacznij od bezp\u0142atnego planu","pricing_benefits":[{"text":"Nielimitowane strony internetowe"},{"text":"Wsparcie premium"},{"text":"Bezp\u0142atna us\u0142uga monta\u017cu"},{"text":"Oferta specjalna na wiele aplikacji"}],"pricing_button_text":"Dodaj do witryny","pricing_button_url":"#demo"}],"related_apps_title":"","related_apps_hidden":"0","author":"","image":[],"title":"","job":"","social_networks":[]},"_links":{"self":[{"href":"https:\/\/elfsight.com\/pl\/wp-json\/wp\/v2\/pages\/5933","targetHints":{"allow":["GET"]}}],"collection":[{"href":"https:\/\/elfsight.com\/pl\/wp-json\/wp\/v2\/pages"}],"about":[{"href":"https:\/\/elfsight.com\/pl\/wp-json\/wp\/v2\/types\/page"}],"author":[{"embeddable":true,"href":"https:\/\/elfsight.com\/pl\/wp-json\/wp\/v2\/users\/9"}],"replies":[{"embeddable":true,"href":"https:\/\/elfsight.com\/pl\/wp-json\/wp\/v2\/comments?post=5933"}],"version-history":[{"count":2,"href":"https:\/\/elfsight.com\/pl\/wp-json\/wp\/v2\/pages\/5933\/revisions"}],"predecessor-version":[{"id":7918,"href":"https:\/\/elfsight.com\/pl\/wp-json\/wp\/v2\/pages\/5933\/revisions\/7918"}],"up":[{"embeddable":true,"href":"https:\/\/elfsight.com\/pl\/wp-json\/wp\/v2\/pages\/2834"}],"wp:attachment":[{"href":"https:\/\/elfsight.com\/pl\/wp-json\/wp\/v2\/media?parent=5933"}],"curies":[{"name":"wp","href":"https:\/\/api.w.org\/{rel}","templated":true}]}}