{"id":5928,"date":"1970-01-01T00:00:00","date_gmt":"1970-01-01T00:00:00","guid":{"rendered":"https:\/\/elfsight.com\/pl\/?page_id=5928"},"modified":"2024-11-14T12:43:28","modified_gmt":"2024-11-14T12:43:28","slug":"opencart","status":"publish","type":"page","link":"https:\/\/elfsight.com\/pl\/pinterest-feed-widget\/opencart\/","title":{"rendered":"Pinterest Feed &#8211; OpenCart"},"content":{"rendered":"<div class=\"application-platform-content-item-description application-platform-content-item\" id=\"description\" data-nav-section=\"description\"><h2>Opis<\/h2><p>Kana\u0142 Elfsight Pinterest umo\u017cliwia wy\u015bwietlanie Twojego profilu oraz wszelkich pinezek i tablic z Pinteresta na Twojej stronie. Dzi\u0119ki naszemu rozszerzeniu mo\u017cesz nie tylko osadzi\u0107 swoje konto, ale tak\u017ce wybra\u0107 pinezki i tablice, aby ustali\u0107 wyb\u00f3r zdj\u0119\u0107 dla swojej witryny. Zaprezentuj swoje portfolio, zainspiruj przysz\u0142ych klient\u00f3w do odkrycia nowych inspiracji lub po prostu dodaj tre\u015bci wizualne do swojej witryny. Elastyczny wid\u017cet pomo\u017ce Ci rozszerzy\u0107 zasi\u0119g Twoich tre\u015bci, zwi\u0119kszy\u0107 zaanga\u017cowanie odwiedzaj\u0105cych witryn\u0119 i pozyska\u0107 wi\u0119cej subskrybent\u00f3w na Pintere\u015bcie.<\/p><p><b>Wy\u015bwietlaj sw\u00f3j profil, pokazuj tablice i wybieraj pinezki, aby zaprezentowa\u0107 najbardziej atrakcyjny wygl\u0105d tre\u015bci na Twojej stronie!<\/b><\/p><ul><li><b>Zdob\u0105d\u017a nowe wyprzeda\u017ce, wy\u015bwietlaj\u0105c swoje produkty<\/b><br> Tw\u00f3rz w\u0142asne, unikalne galerie zdj\u0119\u0107 przedstawiaj\u0105ce Twoje projekty, najnowsze trendy i zakupy obowi\u0105zkowe, aby przekona\u0107 ludzi do zakupu.<\/li><li><b>Przyci\u0105gaj obserwuj\u0105cych na Pintere\u015bcie<\/b><br> Dzi\u0119ki przyciskowi Obserwuj w kanale wi\u0119cej u\u017cytkownik\u00f3w b\u0119dzie mia\u0142o mo\u017cliwo\u015b\u0107 przy\u0142\u0105czenia si\u0119 do Twoich obserwuj\u0105cych. <\/li><li><b>Wi\u0119ksza ilo\u015b\u0107 element\u00f3w wizualnych anga\u017cuj\u0105cych u\u017cytkownik\u00f3w w Twojej witrynie<\/b><br> Dzi\u0119ki dost\u0119pnym pinezkom i tablicom z \u0142atwo\u015bci\u0105 wybierzesz najlepsz\u0105 tre\u015b\u0107 wizualn\u0105 dla Twojej witryny zaanga\u017cuj swoich klient\u00f3w.<\/li><\/ul><\/div><div class=\"application-platform-content-item-features application-platform-content-item\" id=\"features\" data-nav-section=\"features\"><h2>Funkcje<\/h2><p>Dlaczego nasze rozszerzenie jest najlepsze w\u015br\u00f3d skutecznych wid\u017cet\u00f3w OpenCart? Chodzi o funkcje:<\/p><ul><li>Pokazywanie tytu\u0142u konta, obserwuj\u0105cych i liczby obserwuj\u0105cych.<\/li><li>Wybierz g\u0142\u00f3wny kolor motywu;<\/li><li>Poka\u017c lub ukryj nag\u0142\u00f3wek; <\/li><li>Responsywny dla urz\u0105dze\u0144 mobilnych, w dowolnym rozmiarze i proporcjach.<\/li><\/ul><p><a href=\"#demo\">Sprawd\u017a wszystkie funkcje w wersji demonstracyjnej na \u017cywo<\/a><\/p> <\/div><div class=\"application-platform-content-item-installation application-platform-content-item\" id=\"installation\" data-nav-section=\"installation\"><h2>Jak doda\u0107 kana\u0142 Pinterest do witryny OpenCart<\/h2><p>Wystarczy post\u0119powa\u0107 zgodnie z poni\u017cszymi instrukcjami, aby aktywowa\u0107 rozszerzenie w OpenCart.<\/p> <ol><li><b>Zarz\u0105dzaj naszym bezp\u0142atnym konfiguratorem i zacznij kszta\u0142towa\u0107 w\u0142asne rozszerzenie. <\/b><br> Znajd\u017a po\u017c\u0105dan\u0105 form\u0119 i cechy funkcjonalne wid\u017cetu i zastosuj poprawki. <\/li> <li><b>Skopiuj sw\u00f3j unikalny kod ujawniony w specjalnym formularzu w aplikacjach Elfsight. <\/b><br> Po zako\u0144czeniu tworzenia osobistego rozszerzenia kana\u0142u Pinterest skopiuj ekskluzywny kod z wyskakuj\u0105cego okienka i zachowaj go do p\u00f3\u017aniejszego wykorzystania. <\/li> <li><b>Rozpocznij korzystanie z narz\u0119dzia na swojej stronie OpenCart. <\/b><br> Umie\u015b\u0107 zapisany wcze\u015bniej kod na swojej stronie i zastosuj zmiany. <\/li> <li><b>Gotowe! Osadzanie zosta\u0142o w pe\u0142ni wykonane. <\/b><br> Przejd\u017a na swoj\u0105 stron\u0119 i sprawd\u017a, jak dzia\u0142a widget. <\/li><\/ol> <p>Natkn\u0105\u0142e\u015b si\u0119 na co\u015b podczas korzystania z instrukcji? Wy\u015blij wiadomo\u015b\u0107 do centrum pomocy technicznej Elfsight.<\/p><\/div><div class=\"faq\" data-component=\"FAQ\"><div class=\"faq-item\">\r\n\t\t\t\t\t<div class=\"faq-item-question\">\r\n\t\t\t\t\t\t<h3 class=\"faq-item-question-text\">Jak mog\u0119 osadzi\u0107 kana\u0142 Pinterest na mojej stronie internetowej OpenCart bez znajomo\u015bci kodowania?<\/h3>\r\n\r\n\t\t\t\t\t\t<div class=\"faq-item-question-icon\"><\/div>\r\n\t\t\t\t\t<\/div>\r\n\r\n\t\t\t\t\t<div class=\"faq-item-answer\">\r\n\t\t\t\t\t\t<div class=\"faq-item-answer-text\"><p>Firma Elfsight zapewnia rozwi\u0105zanie w chmurze, kt\u00f3re pozwala u\u017cytkownikom samodzielnie utworzy\u0107 wtyczk\u0119 Pinterest Feed. Obejrzyj proste kroki: <\/p><ul><li>Pracuj w aktywnym edytorze, aby zbudowa\u0107 wtyczk\u0119 Pinterest Feed, kt\u00f3r\u0105 chcesz zintegruj si\u0119 ze stron\u0105 internetow\u0105 OpenCart.<\/li><li>Wybierz jeden z naszych wst\u0119pnie zaprojektowanych szablon\u00f3w i dostosuj ustawienia kana\u0142u Pinterest, zmie\u0144 uk\u0142ad i kolory, do\u0142\u0105cz swoj\u0105 tre\u015b\u0107 bez \u017cadnego do\u015bwiadczenia w kodowaniu.<\/li><li> Zapisz kana\u0142 Pinterest i uzyskaj kod wid\u017cetu do umieszczenia, kt\u00f3ry mo\u017cna bez trudu wklei\u0107 na dowolnej stronie g\u0142\u00f3wnej OpenCart w ramach bezp\u0142atnego planu. <\/li><\/ul><p>Za pomoc\u0105 naszego intuicyjnego edytora ka\u017cdy u\u017cytkownik Internetu mo\u017ce stworzy\u0107 wid\u017cet Pinterest Feed i \u0142atwo doda\u0107 go do dowolnej strony internetowej OpenCart. Nie powiniene\u015b p\u0142aci\u0107 ani ujawnia\u0107 danych swojej karty, aby uzyska\u0107 dost\u0119p do Edytora Elfsight. Je\u015bli napotkasz jakiekolwiek przeszkody, skontaktuj si\u0119 z naszym zespo\u0142em pomocy.<\/p><\/div>\r\n\t\t\t\t\t<\/div>\r\n\t\t\t\t<\/div><\/div>","protected":false},"excerpt":{"rendered":"","protected":false},"author":9,"featured_media":0,"parent":2834,"menu_order":0,"comment_status":"closed","ping_status":"closed","template":"templates\/template-application-platform.php","meta":{"publish_to_discourse":"","publish_post_category":"","wpdc_auto_publish_overridden":"","wpdc_topic_tags":"","wpdc_pin_topic":"","wpdc_pin_until":"","discourse_post_id":"","discourse_permalink":"","wpdc_publishing_response":"","wpdc_publishing_error":"","footnotes":""},"class_list":["post-5928","page","type-page","status-publish","hentry"],"yoast_head":"<!-- This site is optimized with the Yoast SEO plugin v25.3.1 - https:\/\/yoast.com\/wordpress\/plugins\/seo\/ -->\n<title>Kana\u0142 Pinteresta \u2014 dodanie rozszerzenia Pinterest do witryny OpenCart (2025)<\/title>\n<meta name=\"description\" content=\"Utw\u00f3rz niestandardowe rozszerzenie kana\u0142u Pinterest dla swojej witryny OpenCart. Sprawd\u017a najbardziej przydatny edytor do konstruowania rozszerze\u0144.\" \/>\n<meta name=\"robots\" content=\"index, follow, max-snippet:-1, max-image-preview:large, max-video-preview:-1\" \/>\n<link rel=\"canonical\" href=\"https:\/\/elfsight.com\/pl\/pinterest-feed-widget\/opencart\/\" \/>\n<meta property=\"og:locale\" content=\"pl_PL\" \/>\n<meta property=\"og:type\" content=\"article\" \/>\n<meta property=\"og:title\" content=\"Kana\u0142 Pinteresta \u2014 dodanie rozszerzenia Pinterest do witryny OpenCart (2025)\" \/>\n<meta property=\"og:description\" content=\"Utw\u00f3rz niestandardowe rozszerzenie kana\u0142u Pinterest dla swojej witryny OpenCart. Sprawd\u017a najbardziej przydatny edytor do konstruowania rozszerze\u0144.\" \/>\n<meta property=\"og:url\" content=\"https:\/\/elfsight.com\/pl\/pinterest-feed-widget\/opencart\/\" \/>\n<meta property=\"og:site_name\" content=\"Elfsight PL\" \/>\n<meta property=\"article:modified_time\" content=\"2024-11-14T12:43:28+00:00\" \/>\n<meta name=\"twitter:card\" content=\"summary_large_image\" \/>\n<meta name=\"twitter:label1\" content=\"Szacowany czas czytania\" \/>\n\t<meta name=\"twitter:data1\" content=\"3 minuty\" \/>\n<!-- \/ Yoast SEO plugin. -->","yoast_head_json":{"title":"Kana\u0142 Pinteresta \u2014 dodanie rozszerzenia Pinterest do witryny OpenCart (2025)","description":"Utw\u00f3rz niestandardowe rozszerzenie kana\u0142u Pinterest dla swojej witryny OpenCart. Sprawd\u017a najbardziej przydatny edytor do konstruowania rozszerze\u0144.","robots":{"index":"index","follow":"follow","max-snippet":"max-snippet:-1","max-image-preview":"max-image-preview:large","max-video-preview":"max-video-preview:-1"},"canonical":"https:\/\/elfsight.com\/pl\/pinterest-feed-widget\/opencart\/","og_locale":"pl_PL","og_type":"article","og_title":"Kana\u0142 Pinteresta \u2014 dodanie rozszerzenia Pinterest do witryny OpenCart (2025)","og_description":"Utw\u00f3rz niestandardowe rozszerzenie kana\u0142u Pinterest dla swojej witryny OpenCart. Sprawd\u017a najbardziej przydatny edytor do konstruowania rozszerze\u0144.","og_url":"https:\/\/elfsight.com\/pl\/pinterest-feed-widget\/opencart\/","og_site_name":"Elfsight PL","article_modified_time":"2024-11-14T12:43:28+00:00","twitter_card":"summary_large_image","twitter_misc":{"Szacowany czas czytania":"3 minuty"},"schema":{"@context":"https:\/\/schema.org","@graph":[{"@type":"WebPage","@id":"https:\/\/elfsight.com\/pl\/pinterest-feed-widget\/opencart\/","url":"https:\/\/elfsight.com\/pl\/pinterest-feed-widget\/opencart\/","name":"Kana\u0142 Pinteresta \u2014 dodanie rozszerzenia Pinterest do witryny OpenCart (2025)","isPartOf":{"@id":"https:\/\/elfsight.com\/pl\/#website"},"datePublished":"1970-01-01T00:00:00+00:00","dateModified":"2024-11-14T12:43:28+00:00","description":"Utw\u00f3rz niestandardowe rozszerzenie kana\u0142u Pinterest dla swojej witryny OpenCart. Sprawd\u017a najbardziej przydatny edytor do konstruowania rozszerze\u0144.","breadcrumb":{"@id":"https:\/\/elfsight.com\/pl\/pinterest-feed-widget\/opencart\/#breadcrumb"},"inLanguage":"pl-PL","potentialAction":[{"@type":"ReadAction","target":["https:\/\/elfsight.com\/pl\/pinterest-feed-widget\/opencart\/"]}]},{"@type":"BreadcrumbList","@id":"https:\/\/elfsight.com\/pl\/pinterest-feed-widget\/opencart\/#breadcrumb","itemListElement":[{"@type":"ListItem","position":1,"name":"Home","item":"https:\/\/elfsight.com\/pl\/"},{"@type":"ListItem","position":2,"name":"Pinterest Feed","item":"https:\/\/elfsight.com\/pl\/pinterest-feed-widget\/"},{"@type":"ListItem","position":3,"name":"Pinterest Feed &#8211; OpenCart"}]},{"@type":"WebSite","@id":"https:\/\/elfsight.com\/pl\/#website","url":"https:\/\/elfsight.com\/pl\/","name":"Elfsight PL","description":"Just another Elfsight Sites site","potentialAction":[{"@type":"SearchAction","target":{"@type":"EntryPoint","urlTemplate":"https:\/\/elfsight.com\/pl\/?s={search_term_string}"},"query-input":{"@type":"PropertyValueSpecification","valueRequired":true,"valueName":"search_term_string"}}],"inLanguage":"pl-PL"}]}},"meta_box":{"industry":"","seo_heading":"","heading":"","description":"","cta_heading":"","cta_description":"","application":"2833","h1":"Rozszerzenie kana\u0142u Pinterest OpenCart","h1_caption":"Osad\u017a kana\u0142 pinezek ze swojego konta na Pintere\u015bcie, aby bez wysi\u0142ku wy\u015bwietla\u0107 dynamiczn\u0105 i atrakcyjn\u0105 wizualnie zawarto\u015b\u0107 na swojej stronie Opencart.","application_category":[],"applications_title":"","applications_request_title":"","applications_request_button_text":"","hero_text":"","hero_video":"","hero_video_schema_markup":"","selling_points_title":"","selling_points_caption":"","selling_points":[],"selling_points_cta_text":"","features_title":"","features":"","ed_cta_examples_text":"","ed_cta_examples_hidden":"","ed_cta_demo_text":"","ed_cta_demo_hidden":"","why_caption":"","why_editor_title":"","why_editor_text":"","why_team_title":"","why_team_text":"","why_service_title":"","why_service_text":"","template_catalog_visible":"","template_catalog_title":"","template_catalog_text":"","template_catalog_categories_visible":"","demo_title":"Utw\u00f3rz rozszerzenie kana\u0142u Pinterest","demo_caption":"Skonfiguruj sw\u00f3j kana\u0142 Pinterest i dodaj go do swojej witryny OpenCart za darmo!","default_faq_hidden":"","app_template_category":[],"platform":"107","template_public_id":"","codecanyon_url":"","codecanyon_item_id":"","codecanyon_price":"","pricing_caption":"","pricing_elfsight_apps_hide_column":"","pricing_elfsight_apps_url":"","pricing_codecanyon_price_caption":"","integration_category":[],"integration_request_title":"","integration_request_cta":"","integration_platform":"","integrations":[],"platform_category":[],"video_schema_markup":"","price":"od 0 USD \/ miesi\u0105c","trial":"","benefits":[{"text":"Bezp\u0142atna pomoc w monta\u017cu"},{"text":"Kompetentna obs\u0142uga klienta"},{"text":"14-dniowa gwarancja zwrotu pieni\u0119dzy"}],"button_url":"#demo","button_target_blank":"","button_nofollow":"","attributes":[{"name":"Instaluje"},{"name":"Czu\u0142y"},{"name":"Kompatybilne przegl\u0105darki"}],"tags":[],"tags_disable_links":"","hide_more_platforms":"","video_object":"","demo_hide_cta":"","demo_hide_cloud_options":"","pricing_title":"","pricing":[{"pricing_icon":"platform","pricing_title":"Elfsight Apps","pricing_title_caption":"Wersja niezale\u017cna od platformy, kt\u00f3ra dzia\u0142a na ka\u017cdej stronie internetowej","pricing_price":"od 0 USD \/ miesi\u0105c","pricing_price_caption":"zacznij od bezp\u0142atnego planu","pricing_benefits":[{"text":"Nielimitowane domeny"},{"text":"Szybka obs\u0142uga klienta"},{"text":"Bezp\u0142atna pomoc w instalacji"},{"text":"100% konfigurowalny"}],"pricing_button_text":"Dodaj do witryny","pricing_button_url":"#demo"}],"related_apps_title":"","related_apps_hidden":"","author":"","image":[],"title":"","job":"","social_networks":[]},"_links":{"self":[{"href":"https:\/\/elfsight.com\/pl\/wp-json\/wp\/v2\/pages\/5928","targetHints":{"allow":["GET"]}}],"collection":[{"href":"https:\/\/elfsight.com\/pl\/wp-json\/wp\/v2\/pages"}],"about":[{"href":"https:\/\/elfsight.com\/pl\/wp-json\/wp\/v2\/types\/page"}],"author":[{"embeddable":true,"href":"https:\/\/elfsight.com\/pl\/wp-json\/wp\/v2\/users\/9"}],"replies":[{"embeddable":true,"href":"https:\/\/elfsight.com\/pl\/wp-json\/wp\/v2\/comments?post=5928"}],"version-history":[{"count":1,"href":"https:\/\/elfsight.com\/pl\/wp-json\/wp\/v2\/pages\/5928\/revisions"}],"predecessor-version":[{"id":5932,"href":"https:\/\/elfsight.com\/pl\/wp-json\/wp\/v2\/pages\/5928\/revisions\/5932"}],"up":[{"embeddable":true,"href":"https:\/\/elfsight.com\/pl\/wp-json\/wp\/v2\/pages\/2834"}],"wp:attachment":[{"href":"https:\/\/elfsight.com\/pl\/wp-json\/wp\/v2\/media?parent=5928"}],"curies":[{"name":"wp","href":"https:\/\/api.w.org\/{rel}","templated":true}]}}