{"id":5926,"date":"1970-01-01T00:00:00","date_gmt":"1970-01-01T00:00:00","guid":{"rendered":"https:\/\/elfsight.com\/pl\/?page_id=5926"},"modified":"2025-06-19T14:44:26","modified_gmt":"2025-06-19T14:44:26","slug":"html","status":"publish","type":"page","link":"https:\/\/elfsight.com\/pl\/pinterest-feed-widget\/html\/","title":{"rendered":"Pinterest Feed &#8211; HTML"},"content":{"rendered":"<div class=\"application-platform-content-item-description application-platform-content-item\" id=\"description\" data-nav-section=\"description\"><h2>Opis<\/h2><p>Dzi\u0119ki kana\u0142owi Pinterest firmy Elfsight mo\u017cesz \u0142atwo dodawa\u0107 do swojej witryny fascynuj\u0105ce tre\u015bci wizualne z Pinteresta. Kod Elfsight Pinterest umo\u017cliwia integracj\u0119 wybranych pin\u00f3w, tablic i ca\u0142ego konta z witryn\u0105. Przyci\u0105gaj u\u017cytkownik\u00f3w starannie wyselekcjonowanymi zdj\u0119ciami, tablicami tematycznymi i w\u0142asnymi, unikalnymi galeriami. Zwi\u0119ksz zasi\u0119g swoich zdj\u0119\u0107, zwi\u0119ksz zaanga\u017cowanie w swojej witrynie i jednocze\u015bnie zdob\u0105d\u017a nowych obserwuj\u0105cych dla swojego profilu na Pintere\u015bcie.<\/p><p><b> Uzupe\u0142nij zawarto\u015b\u0107 swojej witryny grafikami z Pinteresta. To szybkie i \u0142atwe.<\/b><\/p><ul><li><b>Zwi\u0119ksz sprzeda\u017c, prezentuj\u0105c swoje oferty<\/b><br> Zaprezentuj w\u0142asne, unikalnie zaprojektowane zestawy zdj\u0119\u0107 przedstawiaj\u0105ce produkty na wyprzeda\u017cy lub najnowsze tendencje i must-have, aby ludzie odkryli, co kupi\u0107.<\/li><li><b>Uzyskaj wi\u0119kszy zasi\u0119g spo\u0142eczny swoich zdj\u0119\u0107<\/b><br> Daj szans\u0119 osobom, kt\u00f3rych nie ma na Pintere\u015bcie, na przyjrzyj si\u0119 starannie dobranym tre\u015bciom i zaprezentuj je na stronie internetowej.<\/li><li><b>Zwi\u0119ksz liczb\u0119 sprzeda\u017cy dzi\u0119ki kusz\u0105cym wizualizacjom<\/b><br> Wybierz najlepsze zdj\u0119cia swoich produkt\u00f3w; zaprezentuj najnowsze trendy i inspiruj\u0105ce obrazy, aby ludzie chcieli kupowa\u0107.<\/li><\/ul><\/div><div class=\"application-platform-content-item-features application-platform-content-item\" id=\"features\" data-nav-section=\"features\"><h2>Funkcje<\/h2><p>Jakie zalety ma wtyczka Elfsight najlepszy dla ka\u017cdej witryny HTML? Odkryj nasze najwa\u017cniejsze cechy:<\/p><ul><li>Pokazuje tytu\u0142 konta, obserwuj\u0105cych i liczb\u0119 obserwuj\u0105cych;<\/li><li>Dost\u0119pne s\u0105 22 popularne j\u0119zyki;<\/li><li>Przycisk Obserwuj w nag\u0142\u00f3wku bezproblemowe \u015bledzenie Twojego konta;<\/li><li>Kliknij obraz, aby otworzy\u0107 go na Pintere\u015bcie.<\/li><\/ul><p><a href=\"#demo\">Poznaj najwa\u017cniejsze funkcje w konfiguratorze Elfsight<\/a><\/p><\/div><div class=\"application-platform-content-item-installation application-platform-content-item\" id=\"installation\" data-nav-section=\"installation\"><h2>Jak doda\u0107 kod kana\u0142u Pinterest do strony HTML<\/h2><div class=\"video-container\"><iframe width=\"720\" height=\"405\" src=\"https:\/\/www.youtube.com\/embed\/mhubNke0YcQ\" frameborder=\"0\" allowfullscreen=\"\"><\/iframe><\/div><p>A ca\u0142kowity czas instalacji to zaledwie 1 minuta, a co wi\u0119cej, nie wymaga ona wiedzy z zakresu programowania.<\/p><ol><li><b>Stw\u00f3rz sw\u00f3j unikalny widget kana\u0142u Pinterest<\/b><br> Za pomoc\u0105 naszego bezp\u0142atnego konfiguratora utw\u00f3rz wtyczk\u0119 z \u017c\u0105danym szablonem i opcjami.<\/li><li><b>Zdob\u0105d\u017a kod do konfiguracji wtyczki<\/b><br> Po ustawieniu widgetu zdob\u0105d\u017a kod do Wtyczka Pinterest z pojawiaj\u0105cego si\u0119 powiadomienia w aplikacjach Elfsight. Zapisz go do dalszego wykorzystania.<\/li><li><b>Wy\u015bwietl wid\u017cet na stronie HTML<\/b><br> Uruchom kod strony w edytorze HTML i zintegruj wid\u017cet w dowolnym miejscu (tre\u015b\u0107, stopka, pasek boczny itp.) i zastosuj zmiany.<\/li><li><b>Instalacja zosta\u0142a zako\u0144czona<\/b><br> Przejd\u017a na stron\u0119 internetow\u0105, aby sprawdzi\u0107 sw\u00f3j wid\u017cet.<\/li><\/ol><p>Napotka\u0142e\u015b trudno\u015bci podczas wykonywania instrukcji? Zostaw wiadomo\u015b\u0107 w naszym centrum pomocy.<\/p><\/div><div class=\"faq\" data-component=\"FAQ\"><div class=\"faq-item\">\r\n\t\t\t\t\t<div class=\"faq-item-question\">\r\n\t\t\t\t\t\t<h3 class=\"faq-item-question-text\">W jaki spos\u00f3b mo\u017cna osadzi\u0107 kana\u0142 Pinterest w mojej witrynie HTML bez kodowania ?<\/h3>\r\n\r\n\t\t\t\t\t\t<div class=\"faq-item-question-icon\"><\/div>\r\n\t\t\t\t\t<\/div>\r\n\r\n\t\t\t\t\t<div class=\"faq-item-answer\">\r\n\t\t\t\t\t\t<div class=\"faq-item-answer-text\"><p>Firma Elfsight zapewnia rozwi\u0105zanie SaaS, kt\u00f3re pozwala szerokiemu gronu odbiorc\u00f3w samodzielnie utworzy\u0107 sekcj\u0119 kana\u0142u Pinterest. Zobacz, jakie to proste: <\/p><ul><li>Pracuj bezpo\u015brednio w edytorze na \u017cywo, aby utworzy\u0107 kana\u0142 Pinterest aplikacj\u0119, kt\u00f3ra ma si\u0119 pojawia\u0107 na stronie HTML.<\/li><li>Wybierz jeden z gotowych szablon\u00f3w i dostosuj ustawienia kana\u0142u Pinterest, zmie\u0144 uk\u0142ad i kolory, do\u0142\u0105cz tre\u015b\u0107 bez znajomo\u015bci kodowania.<\/li><li>Kliknij, aby zapisa\u0107 kana\u0142 Pinterest i skopiuj kod wid\u017cetu do instalacji, kt\u00f3ry mo\u017cesz po prostu bezp\u0142atnie doda\u0107 na swojej stronie g\u0142\u00f3wnej HTML. <\/li><\/ul><p>Za pomoc\u0105 naszego intuicyjnego Konfiguratora ka\u017cdy u\u017cytkownik Internetu mo\u017ce wygenerowa\u0107 online sekcj\u0119 Pinterest Feed i \u0142atwo doda\u0107 j\u0105 do strony HTML. Aby uzyska\u0107 dost\u0119p do naszego Edytora, nie mo\u017cesz wykupi\u0107 p\u0142atnej subskrypcji ani ujawnia\u0107 danych uwierzytelniaj\u0105cych swojej karty. Je\u015bli na kt\u00f3rymkolwiek etapie napotkasz jakiekolwiek przeszkody, skontaktuj si\u0119 z naszym zespo\u0142em pomocy.<\/p><\/div>\r\n\t\t\t\t\t<\/div>\r\n\t\t\t\t<\/div><\/div>\n","protected":false},"excerpt":{"rendered":"","protected":false},"author":9,"featured_media":0,"parent":2834,"menu_order":0,"comment_status":"closed","ping_status":"closed","template":"templates\/template-application-platform.php","meta":{"publish_to_discourse":"","publish_post_category":"","wpdc_auto_publish_overridden":"","wpdc_topic_tags":"","wpdc_pin_topic":"","wpdc_pin_until":"","discourse_post_id":"","discourse_permalink":"","wpdc_publishing_response":"","wpdc_publishing_error":"","footnotes":""},"class_list":["post-5926","page","type-page","status-publish","hentry"],"yoast_head":"<!-- This site is optimized with the Yoast SEO plugin v25.3.1 - https:\/\/yoast.com\/wordpress\/plugins\/seo\/ -->\n<title>Widget HTML Feed Pinterest \u2014 dodaj kod Pinteresta do witryny HTML<\/title>\n<meta name=\"description\" content=\"Zintegruj kod wid\u017cetu Pinterest Feed z HTML tylko w 1 minut\u0119. Wypr\u00f3buj wszystkie g\u0142\u00f3wne funkcje najlepszej wtyczki Pinteresta w darmowym konfiguratorze.\" \/>\n<meta name=\"robots\" content=\"index, follow, max-snippet:-1, max-image-preview:large, max-video-preview:-1\" \/>\n<link rel=\"canonical\" href=\"https:\/\/elfsight.com\/pl\/pinterest-feed-widget\/html\/\" \/>\n<meta property=\"og:locale\" content=\"pl_PL\" \/>\n<meta property=\"og:type\" content=\"article\" \/>\n<meta property=\"og:title\" content=\"Widget HTML Feed Pinterest \u2014 dodaj kod Pinteresta do witryny HTML\" \/>\n<meta property=\"og:description\" content=\"Zintegruj kod wid\u017cetu Pinterest Feed z HTML tylko w 1 minut\u0119. Wypr\u00f3buj wszystkie g\u0142\u00f3wne funkcje najlepszej wtyczki Pinteresta w darmowym konfiguratorze.\" \/>\n<meta property=\"og:url\" content=\"https:\/\/elfsight.com\/pl\/pinterest-feed-widget\/html\/\" \/>\n<meta property=\"og:site_name\" content=\"Elfsight PL\" \/>\n<meta property=\"article:modified_time\" content=\"2025-06-19T14:44:26+00:00\" \/>\n<meta name=\"twitter:card\" content=\"summary_large_image\" \/>\n<meta name=\"twitter:label1\" content=\"Szacowany czas czytania\" \/>\n\t<meta name=\"twitter:data1\" content=\"3 minuty\" \/>\n<!-- \/ Yoast SEO plugin. -->","yoast_head_json":{"title":"Widget HTML Feed Pinterest \u2014 dodaj kod Pinteresta do witryny HTML","description":"Zintegruj kod wid\u017cetu Pinterest Feed z HTML tylko w 1 minut\u0119. Wypr\u00f3buj wszystkie g\u0142\u00f3wne funkcje najlepszej wtyczki Pinteresta w darmowym konfiguratorze.","robots":{"index":"index","follow":"follow","max-snippet":"max-snippet:-1","max-image-preview":"max-image-preview:large","max-video-preview":"max-video-preview:-1"},"canonical":"https:\/\/elfsight.com\/pl\/pinterest-feed-widget\/html\/","og_locale":"pl_PL","og_type":"article","og_title":"Widget HTML Feed Pinterest \u2014 dodaj kod Pinteresta do witryny HTML","og_description":"Zintegruj kod wid\u017cetu Pinterest Feed z HTML tylko w 1 minut\u0119. Wypr\u00f3buj wszystkie g\u0142\u00f3wne funkcje najlepszej wtyczki Pinteresta w darmowym konfiguratorze.","og_url":"https:\/\/elfsight.com\/pl\/pinterest-feed-widget\/html\/","og_site_name":"Elfsight PL","article_modified_time":"2025-06-19T14:44:26+00:00","twitter_card":"summary_large_image","twitter_misc":{"Szacowany czas czytania":"3 minuty"},"schema":{"@context":"https:\/\/schema.org","@graph":[{"@type":"WebPage","@id":"https:\/\/elfsight.com\/pl\/pinterest-feed-widget\/html\/","url":"https:\/\/elfsight.com\/pl\/pinterest-feed-widget\/html\/","name":"Widget HTML Feed Pinterest \u2014 dodaj kod Pinteresta do witryny HTML","isPartOf":{"@id":"https:\/\/elfsight.com\/pl\/#website"},"datePublished":"1970-01-01T00:00:00+00:00","dateModified":"2025-06-19T14:44:26+00:00","description":"Zintegruj kod wid\u017cetu Pinterest Feed z HTML tylko w 1 minut\u0119. Wypr\u00f3buj wszystkie g\u0142\u00f3wne funkcje najlepszej wtyczki Pinteresta w darmowym konfiguratorze.","breadcrumb":{"@id":"https:\/\/elfsight.com\/pl\/pinterest-feed-widget\/html\/#breadcrumb"},"inLanguage":"pl-PL","potentialAction":[{"@type":"ReadAction","target":["https:\/\/elfsight.com\/pl\/pinterest-feed-widget\/html\/"]}]},{"@type":"BreadcrumbList","@id":"https:\/\/elfsight.com\/pl\/pinterest-feed-widget\/html\/#breadcrumb","itemListElement":[{"@type":"ListItem","position":1,"name":"Home","item":"https:\/\/elfsight.com\/pl\/"},{"@type":"ListItem","position":2,"name":"Pinterest Feed","item":"https:\/\/elfsight.com\/pl\/pinterest-feed-widget\/"},{"@type":"ListItem","position":3,"name":"Pinterest Feed &#8211; HTML"}]},{"@type":"WebSite","@id":"https:\/\/elfsight.com\/pl\/#website","url":"https:\/\/elfsight.com\/pl\/","name":"Elfsight PL","description":"Just another Elfsight Sites site","potentialAction":[{"@type":"SearchAction","target":{"@type":"EntryPoint","urlTemplate":"https:\/\/elfsight.com\/pl\/?s={search_term_string}"},"query-input":{"@type":"PropertyValueSpecification","valueRequired":true,"valueName":"search_term_string"}}],"inLanguage":"pl-PL"}]}},"meta_box":{"industry":"","seo_heading":"","heading":"","description":"","cta_heading":"","cta_description":"","application":"2833","h1":"Wid\u017cet HTML kana\u0142u Pinterest","h1_caption":"Umie\u015b\u0107 kana\u0142 pinezek ze swojego konta na Pintere\u015bcie, aby bez wysi\u0142ku wy\u015bwietla\u0107 dynamiczn\u0105 i atrakcyjn\u0105 wizualnie zawarto\u015b\u0107 w swojej witrynie HTML.","application_category":[],"applications_title":"","applications_request_title":"","applications_request_button_text":"","hero_text":"","hero_video":"","hero_video_schema_markup":"","selling_points_title":"","selling_points_caption":"","selling_points":[],"selling_points_cta_text":"","features_title":"","features":"","ed_cta_examples_text":"","ed_cta_examples_hidden":"","ed_cta_demo_text":"","ed_cta_demo_hidden":"","why_caption":"","why_editor_title":"","why_editor_text":"","why_team_title":"","why_team_text":"","why_service_title":"","why_service_text":"","template_catalog_visible":"0","template_catalog_title":"","template_catalog_text":"","template_catalog_categories_visible":"","demo_title":"Utw\u00f3rz wid\u017cet kana\u0142u Pinterest","demo_caption":"Skonfiguruj sw\u00f3j kana\u0142 Pinterest i dodaj go do swojej witryny HTML za darmo!","default_faq_hidden":"","app_template_category":[],"platform":"50","template_public_id":"","codecanyon_url":"","codecanyon_item_id":"","codecanyon_price":"","pricing_caption":"","pricing_elfsight_apps_hide_column":"","pricing_elfsight_apps_url":"","pricing_codecanyon_price_caption":"","integration_category":[],"integration_request_title":"","integration_request_cta":"","integration_platform":"","integrations":[],"platform_category":[],"video_schema_markup":"","price":"od 0 USD \/ miesi\u0105c","trial":"","benefits":[{"text":"Bezp\u0142atna pomoc w monta\u017cu"},{"text":"Wyj\u0105tkowe wsparcie"},{"text":"14-dniowa gwarancja zwrotu pieni\u0119dzy"}],"button_url":"#demo","button_target_blank":"0","button_nofollow":"0","attributes":[{"name":"Instaluje"},{"name":"Czu\u0142y"},{"name":"Kompatybilne przegl\u0105darki"}],"tags":[],"tags_disable_links":"0","hide_more_platforms":"0","video_object":"","demo_hide_cta":"0","demo_hide_cloud_options":"0","pricing_title":"","pricing":[{"pricing_icon":"platform","pricing_title":"Elfsight Apps","pricing_title_caption":"Oprogramowanie wieloplatformowe, kt\u00f3re pasuje do ka\u017cdej witryny","pricing_price":"od 0 USD \/ miesi\u0105c","pricing_price_caption":"zacznij od bezp\u0142atnego planu","pricing_benefits":[{"text":"Nielimitowane strony internetowe"},{"text":"Wsparcie premium i na czas"},{"text":"Bezp\u0142atne wsparcie instalacyjne"},{"text":"Oferta specjalna na wiele aplikacji"}],"pricing_button_text":"Dodaj do witryny","pricing_button_url":"#demo"}],"related_apps_title":"","related_apps_hidden":"0","author":"","image":[],"title":"","job":"","social_networks":[]},"_links":{"self":[{"href":"https:\/\/elfsight.com\/pl\/wp-json\/wp\/v2\/pages\/5926","targetHints":{"allow":["GET"]}}],"collection":[{"href":"https:\/\/elfsight.com\/pl\/wp-json\/wp\/v2\/pages"}],"about":[{"href":"https:\/\/elfsight.com\/pl\/wp-json\/wp\/v2\/types\/page"}],"author":[{"embeddable":true,"href":"https:\/\/elfsight.com\/pl\/wp-json\/wp\/v2\/users\/9"}],"replies":[{"embeddable":true,"href":"https:\/\/elfsight.com\/pl\/wp-json\/wp\/v2\/comments?post=5926"}],"version-history":[{"count":3,"href":"https:\/\/elfsight.com\/pl\/wp-json\/wp\/v2\/pages\/5926\/revisions"}],"predecessor-version":[{"id":10145,"href":"https:\/\/elfsight.com\/pl\/wp-json\/wp\/v2\/pages\/5926\/revisions\/10145"}],"up":[{"embeddable":true,"href":"https:\/\/elfsight.com\/pl\/wp-json\/wp\/v2\/pages\/2834"}],"wp:attachment":[{"href":"https:\/\/elfsight.com\/pl\/wp-json\/wp\/v2\/media?parent=5926"}],"curies":[{"name":"wp","href":"https:\/\/api.w.org\/{rel}","templated":true}]}}