{"id":5920,"date":"1970-01-01T00:00:00","date_gmt":"1970-01-01T00:00:00","guid":{"rendered":"https:\/\/elfsight.com\/pl\/?page_id=5920"},"modified":"2025-06-19T14:38:24","modified_gmt":"2025-06-19T14:38:24","slug":"jquery","status":"publish","type":"page","link":"https:\/\/elfsight.com\/pl\/pinterest-feed-widget\/jquery\/","title":{"rendered":"Pinterest Feed &#8211; jQuery"},"content":{"rendered":"<div class=\"application-platform-content-item-description application-platform-content-item\" id=\"description\" data-nav-section=\"description\">\n<h2>Opis<\/h2>\n<p>Korzystaj\u0105c z kana\u0142u Pinterest firmy Elfsight, mo\u017cesz b\u0142yskawicznie umie\u015bci\u0107 na swojej stronie wspania\u0142e zdj\u0119cia z Pinteresta. Wid\u017cet Elfsight umo\u017cliwia osadzanie poszczeg\u00f3lnych pin\u00f3w, tablic i ca\u0142ego profilu na Twojej stronie internetowej. Przyci\u0105gaj swoich przysz\u0142ych klient\u00f3w starannie dobranymi zdj\u0119ciami, tablicami tematycznymi i tw\u00f3rz w\u0142asne, unikalnie zaprojektowane galerie. Zwi\u0119ksz zasi\u0119g swoich materia\u0142\u00f3w wizualnych, zwi\u0119ksz zaanga\u017cowanie w swojej witrynie i jednocze\u015bnie przyci\u0105gnij nowych obserwuj\u0105cych do swojego profilu na Pintere\u015bcie.<\/p>\n<p><b>Zaprezentuj swoje oferty, us\u0142ugi i projekty w witrynie za pomoc\u0105 pinezek i tablic!<\/b><\/p>\n<ul>\n    <li><b>Zwi\u0119ksz zaanga\u017cowanie u\u017cytkownik\u00f3w w swojej witrynie<\/b><br>Starannie dobrane zdj\u0119cia w Twojej witrynie przyci\u0105gn\u0105 maksymaln\u0105 uwag\u0119 i utrzymaj\u0105 zaanga\u017cowanie u\u017cytkownik\u00f3w.<\/li>\n    <li><b>Zdob\u0105d\u017a nowych subskrybent\u00f3w na Pintere\u015bcie<\/b><br>Za pomoc\u0105 przycisku Obserwuj dost\u0119pnego w kanale wi\u0119cej potencjalnych klient\u00f3w b\u0119dzie mia\u0142o mo\u017cliwo\u015b\u0107 do\u0142\u0105czenia do Twoich subskrybent\u00f3w.<\/li>\n    <li><b>Miej bardziej atrakcyjne tre\u015bci wizualne w Twojej witrynie<\/b><br>Maj\u0105c do dyspozycji przypinki i tablice Pinteresta, mo\u017cesz wybra\u0107 najlepsze elementy wizualne dla swojej witryny, aby zaanga\u017cowa\u0107 potencjalnych klient\u00f3w.<\/li>\n<\/ul>\n<\/div>\n\n<div class=\"application-platform-content-item-features application-platform-content-item\" id=\"features\" data-nav-section=\"features\">\n<h2>Funkcje<\/h2>\n<p>Kilka korzy\u015bci, kt\u00f3re sprawiaj\u0105, \u017ce nasz wid\u017cet Pinteresta staje si\u0119 niezb\u0119dn\u0105 wtyczk\u0105 dla ka\u017cdej witryny jQuery.<\/p>\n<ul>\n    <li>Dodawaj pinezki i tablice za pomoc\u0105 URL;<\/li>\n    <li>Wybierz g\u0142\u00f3wny kolor motywu;<\/li>\n    <li>Prze\u0142\u0105czane elementy pin\u00f3w: Autor, Tekst, Przycisk Udost\u0119pnij, Ikona.<\/li>\n    <li>Klikni\u0119cie galerii wid\u017cet\u00f3w lub obrazu siatki otworzy go na Pintere\u015bcie;<\/li>\n<\/ul>\n<p><a href=\"#demo\">Sprawd\u017a wszystkie zalety w wersji demonstracyjnej na \u017cywo<\/a><\/p>\n<\/div>\n\n<div class=\"application-platform-content-item-installation application-platform-content-item\" id=\"installation\" data-nav-section=\"installation\">\n<h2>Jak doda\u0107 kana\u0142 Pinterest do witryny jQuery<\/h2>\n<p>Kr\u00f3tki poradnik dotycz\u0105cy konfiguracji i dostosowywania wid\u017cetu bez znajomo\u015bci programowania. Przeprowadzenie tutoriala zajmie Ci mniej ni\u017c kilka minut.<\/p>\n<ol>\n    <li><b>Wygeneruj sw\u00f3j indywidualny kana\u0142 na Pintere\u015bcie<\/b><br>Za pomoc\u0105 naszego bezp\u0142atnego konfiguratora utw\u00f3rz wtyczk\u0119 z potrzebnym projektem (galeri\u0105, siatka, tablica lub piny) i opcje.<\/li>\n    <li><b>Uzyskaj kod do integracji wtyczki<\/b><br>Po dostrojeniu wid\u017cetu pobierz kod wtyczki Pinterest z wy\u015bwietlonego okna w Elfsight Apps.<\/li>\n    <li><b>Wy\u015bwietl widget na stronie jQuery<\/b><br>Otw\u00f3rz kod strony w edytorze HTML, dodaj widget w potrzebne miejsce (tre\u015b\u0107, stopka, pasek boczny itp.) i zapisz zmiany.<\/li>\n    <li><b>Gotowe!<\/b><br>Wejd\u017a na stron\u0119, aby sprawdzi\u0107 swoj\u0105 prac\u0119.<\/li>\n<\/ol>\n<p>Wyst\u0119puj\u0105 zapytania podczas stosowania si\u0119 do instrukcji? Skontaktuj si\u0119 z zespo\u0142em pomocy technicznej Elfsight.<\/p>\n<\/div>\n\n<div class=\"faq\" data-component=\"FAQ\">\n<div class=\"faq-item\">\r\n\t\t\t\t\t<div class=\"faq-item-question\">\r\n\t\t\t\t\t\t<h3 class=\"faq-item-question-text\">W jaki spos\u00f3b mog\u0119 osadzi\u0107 kana\u0142 Pinterest w witrynie jQuery?<\/h3>\r\n\r\n\t\t\t\t\t\t<div class=\"faq-item-question-icon\"><\/div>\r\n\t\t\t\t\t<\/div>\r\n\r\n\t\t\t\t\t<div class=\"faq-item-answer\">\r\n\t\t\t\t\t\t<div class=\"faq-item-answer-text\">\n<p>Tworzenie widgetu odbywa si\u0119 na stronach Elfsight i nie ma potrzeby kodowania. Skorzystaj z naszej wersji demonstracyjnej online, aby dostosowa\u0107 w\u0142asn\u0105 wtyczk\u0119, zdoby\u0107 kod i umie\u015bci\u0107 go na swojej stronie. <\/p>\n<\/div>\r\n\t\t\t\t\t<\/div>\r\n\t\t\t\t<\/div>\n\n<div class=\"faq-item\">\r\n\t\t\t\t\t<div class=\"faq-item-question\">\r\n\t\t\t\t\t\t<h3 class=\"faq-item-question-text\">Czy mog\u0119 uzyska\u0107 galeri\u0119 tablic Pinteresta lub wid\u017cet paska bocznego za pomoc\u0105 Twoich wtyczek?<\/h3>\r\n\r\n\t\t\t\t\t\t<div class=\"faq-item-question-icon\"><\/div>\r\n\t\t\t\t\t<\/div>\r\n\r\n\t\t\t\t\t<div class=\"faq-item-answer\">\r\n\t\t\t\t\t\t<div class=\"faq-item-answer-text\">\n<p>Dost\u0119pnych jest mn\u00f3stwo szablon\u00f3w: siatka, kana\u0142, galeria, lista, mur i wiele wi\u0119cej, wraz z elastycznymi opcjami uk\u0142adu, aby dostosowa\u0107 si\u0119 do Twoich warunk\u00f3w wst\u0119pnych. Mo\u017cesz zbudowa\u0107 prawie ka\u017cde narz\u0119dzie, kt\u00f3rego potrzebujesz. <\/p>\n<\/div>\r\n\t\t\t\t\t<\/div>\r\n\t\t\t\t<\/div>\n\n<div class=\"faq-item\">\r\n\t\t\t\t\t<div class=\"faq-item-question\">\r\n\t\t\t\t\t\t<h3 class=\"faq-item-question-text\">Moja wtyczka jQuery Pinterest nie dzia\u0142a \/ nie aktualizuje si\u0119<\/h3>\r\n\r\n\t\t\t\t\t\t<div class=\"faq-item-question-icon\"><\/div>\r\n\t\t\t\t\t<\/div>\r\n\r\n\t\t\t\t\t<div class=\"faq-item-answer\">\r\n\t\t\t\t\t\t<div class=\"faq-item-answer-text\">\n<p>Je\u015bli do\u015bwiadczysz jakichkolwiek problem\u00f3w z wid\u017cetami Pinteresta, skontaktuj si\u0119 z obs\u0142ug\u0105 klienta. Wsparcie jest ca\u0142kowicie bezp\u0142atne dla wszystkich klient\u00f3w Elfsight. <\/p>\n<\/div>\r\n\t\t\t\t\t<\/div>\r\n\t\t\t\t<\/div>\n<\/div>","protected":false},"excerpt":{"rendered":"","protected":false},"author":9,"featured_media":0,"parent":2834,"menu_order":0,"comment_status":"closed","ping_status":"closed","template":"templates\/template-application-platform.php","meta":{"publish_to_discourse":"","publish_post_category":"","wpdc_auto_publish_overridden":"","wpdc_topic_tags":"","wpdc_pin_topic":"","wpdc_pin_until":"","discourse_post_id":"","discourse_permalink":"","wpdc_publishing_response":"","wpdc_publishing_error":"","footnotes":""},"class_list":["post-5920","page","type-page","status-publish","hentry"],"yoast_head":"<!-- This site is optimized with the Yoast SEO plugin v25.3.1 - https:\/\/yoast.com\/wordpress\/plugins\/seo\/ -->\n<title>Kana\u0142 Pinteresta \u2014 dodaj galeri\u0119 lub siatk\u0119 Pinteresta do witryny jQuery<\/title>\n<meta name=\"description\" content=\"Zaprojektuj sw\u00f3j unikalny kana\u0142 Pinterest (galeri\u0119 lub siatk\u0119) dla JQuery w zaledwie 3 minuty. Sprawd\u017a za darmo naj\u0142atwiejszy panel do tworzenia wid\u017cet\u00f3w firmy Elfsight.\" \/>\n<meta name=\"robots\" content=\"index, follow, max-snippet:-1, max-image-preview:large, max-video-preview:-1\" \/>\n<link rel=\"canonical\" href=\"https:\/\/elfsight.com\/pl\/pinterest-feed-widget\/jquery\/\" \/>\n<meta property=\"og:locale\" content=\"pl_PL\" \/>\n<meta property=\"og:type\" content=\"article\" \/>\n<meta property=\"og:title\" content=\"Kana\u0142 Pinteresta \u2014 dodaj galeri\u0119 lub siatk\u0119 Pinteresta do witryny jQuery\" \/>\n<meta property=\"og:description\" content=\"Zaprojektuj sw\u00f3j unikalny kana\u0142 Pinterest (galeri\u0119 lub siatk\u0119) dla JQuery w zaledwie 3 minuty. Sprawd\u017a za darmo naj\u0142atwiejszy panel do tworzenia wid\u017cet\u00f3w firmy Elfsight.\" \/>\n<meta property=\"og:url\" content=\"https:\/\/elfsight.com\/pl\/pinterest-feed-widget\/jquery\/\" \/>\n<meta property=\"og:site_name\" content=\"Elfsight PL\" \/>\n<meta property=\"article:modified_time\" content=\"2025-06-19T14:38:24+00:00\" \/>\n<meta name=\"twitter:card\" content=\"summary_large_image\" \/>\n<meta name=\"twitter:label1\" content=\"Szacowany czas czytania\" \/>\n\t<meta name=\"twitter:data1\" content=\"3 minuty\" \/>\n<!-- \/ Yoast SEO plugin. -->","yoast_head_json":{"title":"Kana\u0142 Pinteresta \u2014 dodaj galeri\u0119 lub siatk\u0119 Pinteresta do witryny jQuery","description":"Zaprojektuj sw\u00f3j unikalny kana\u0142 Pinterest (galeri\u0119 lub siatk\u0119) dla JQuery w zaledwie 3 minuty. Sprawd\u017a za darmo naj\u0142atwiejszy panel do tworzenia wid\u017cet\u00f3w firmy Elfsight.","robots":{"index":"index","follow":"follow","max-snippet":"max-snippet:-1","max-image-preview":"max-image-preview:large","max-video-preview":"max-video-preview:-1"},"canonical":"https:\/\/elfsight.com\/pl\/pinterest-feed-widget\/jquery\/","og_locale":"pl_PL","og_type":"article","og_title":"Kana\u0142 Pinteresta \u2014 dodaj galeri\u0119 lub siatk\u0119 Pinteresta do witryny jQuery","og_description":"Zaprojektuj sw\u00f3j unikalny kana\u0142 Pinterest (galeri\u0119 lub siatk\u0119) dla JQuery w zaledwie 3 minuty. Sprawd\u017a za darmo naj\u0142atwiejszy panel do tworzenia wid\u017cet\u00f3w firmy Elfsight.","og_url":"https:\/\/elfsight.com\/pl\/pinterest-feed-widget\/jquery\/","og_site_name":"Elfsight PL","article_modified_time":"2025-06-19T14:38:24+00:00","twitter_card":"summary_large_image","twitter_misc":{"Szacowany czas czytania":"3 minuty"},"schema":{"@context":"https:\/\/schema.org","@graph":[{"@type":"WebPage","@id":"https:\/\/elfsight.com\/pl\/pinterest-feed-widget\/jquery\/","url":"https:\/\/elfsight.com\/pl\/pinterest-feed-widget\/jquery\/","name":"Kana\u0142 Pinteresta \u2014 dodaj galeri\u0119 lub siatk\u0119 Pinteresta do witryny jQuery","isPartOf":{"@id":"https:\/\/elfsight.com\/pl\/#website"},"datePublished":"1970-01-01T00:00:00+00:00","dateModified":"2025-06-19T14:38:24+00:00","description":"Zaprojektuj sw\u00f3j unikalny kana\u0142 Pinterest (galeri\u0119 lub siatk\u0119) dla JQuery w zaledwie 3 minuty. Sprawd\u017a za darmo naj\u0142atwiejszy panel do tworzenia wid\u017cet\u00f3w firmy Elfsight.","breadcrumb":{"@id":"https:\/\/elfsight.com\/pl\/pinterest-feed-widget\/jquery\/#breadcrumb"},"inLanguage":"pl-PL","potentialAction":[{"@type":"ReadAction","target":["https:\/\/elfsight.com\/pl\/pinterest-feed-widget\/jquery\/"]}]},{"@type":"BreadcrumbList","@id":"https:\/\/elfsight.com\/pl\/pinterest-feed-widget\/jquery\/#breadcrumb","itemListElement":[{"@type":"ListItem","position":1,"name":"Home","item":"https:\/\/elfsight.com\/pl\/"},{"@type":"ListItem","position":2,"name":"Pinterest Feed","item":"https:\/\/elfsight.com\/pl\/pinterest-feed-widget\/"},{"@type":"ListItem","position":3,"name":"Pinterest Feed &#8211; jQuery"}]},{"@type":"WebSite","@id":"https:\/\/elfsight.com\/pl\/#website","url":"https:\/\/elfsight.com\/pl\/","name":"Elfsight PL","description":"Just another Elfsight Sites site","potentialAction":[{"@type":"SearchAction","target":{"@type":"EntryPoint","urlTemplate":"https:\/\/elfsight.com\/pl\/?s={search_term_string}"},"query-input":{"@type":"PropertyValueSpecification","valueRequired":true,"valueName":"search_term_string"}}],"inLanguage":"pl-PL"}]}},"meta_box":{"industry":"","seo_heading":"","heading":"","description":"","cta_heading":"","cta_description":"","application":"2833","h1":"Wtyczka jQuery Pinterest Feed","h1_caption":"Osad\u017a kana\u0142 pinezek ze swojego konta na Pintere\u015bcie, aby bez wysi\u0142ku wy\u015bwietla\u0107 dynamiczn\u0105 i atrakcyjn\u0105 wizualnie zawarto\u015b\u0107 w swojej witrynie jQuery.","application_category":[],"applications_title":"","applications_request_title":"","applications_request_button_text":"","hero_text":"","hero_video":"","hero_video_schema_markup":"","selling_points_title":"","selling_points_caption":"","selling_points":[],"selling_points_cta_text":"","features_title":"","features":"","ed_cta_examples_text":"","ed_cta_examples_hidden":"","ed_cta_demo_text":"","ed_cta_demo_hidden":"","why_caption":"","why_editor_title":"","why_editor_text":"","why_team_title":"","why_team_text":"","why_service_title":"","why_service_text":"","template_catalog_visible":"0","template_catalog_title":"","template_catalog_text":"","template_catalog_categories_visible":"","demo_title":"Utw\u00f3rz wtyczk\u0119 kana\u0142u Pinterest","demo_caption":"Skonfiguruj sw\u00f3j kana\u0142 Pinterest i dodaj go do swojej witryny jQuery za darmo!","default_faq_hidden":"","app_template_category":[],"platform":"56","template_public_id":"","codecanyon_url":"","codecanyon_item_id":"","codecanyon_price":"","pricing_caption":"","pricing_elfsight_apps_hide_column":"","pricing_elfsight_apps_url":"","pricing_codecanyon_price_caption":"","integration_category":[],"integration_request_title":"","integration_request_cta":"","integration_platform":"","integrations":[],"platform_category":[],"video_schema_markup":"","price":"od 0 USD \/ miesi\u0105c","trial":"","benefits":[{"text":"Bezp\u0142atna us\u0142uga monta\u017cu"},{"text":"Do\u015bwiadczona obs\u0142uga klienta"},{"text":"14-dniowa gwarancja zwrotu pieni\u0119dzy"}],"button_url":"#demo","button_target_blank":"0","button_nofollow":"0","attributes":[{"name":"Instaluje"},{"name":"Czu\u0142y"},{"name":"Kompatybilne przegl\u0105darki"}],"tags":[],"tags_disable_links":"0","hide_more_platforms":"0","video_object":"","demo_hide_cta":"0","demo_hide_cloud_options":"0","pricing_title":"","pricing":[{"pricing_icon":"platform","pricing_title":"Elfsight Apps","pricing_title_caption":"Rozwi\u0105zanie niezale\u017cne od platformy","pricing_price":"od 0 USD \/ miesi\u0105c","pricing_price_caption":"zacznij od bezp\u0142atnego planu","pricing_benefits":[{"text":"Nielimitowane domeny"},{"text":"Ca\u0142odobowe wsparcie firmy i dobrze udokumentowane"},{"text":"Bezp\u0142atne wsparcie przy instalacji"},{"text":"Elastyczny projekt"}],"pricing_button_text":"Dodaj do witryny","pricing_button_url":"#demo"}],"related_apps_title":"","related_apps_hidden":"0","author":"","image":[],"title":"","job":"","social_networks":[]},"_links":{"self":[{"href":"https:\/\/elfsight.com\/pl\/wp-json\/wp\/v2\/pages\/5920","targetHints":{"allow":["GET"]}}],"collection":[{"href":"https:\/\/elfsight.com\/pl\/wp-json\/wp\/v2\/pages"}],"about":[{"href":"https:\/\/elfsight.com\/pl\/wp-json\/wp\/v2\/types\/page"}],"author":[{"embeddable":true,"href":"https:\/\/elfsight.com\/pl\/wp-json\/wp\/v2\/users\/9"}],"replies":[{"embeddable":true,"href":"https:\/\/elfsight.com\/pl\/wp-json\/wp\/v2\/comments?post=5920"}],"version-history":[{"count":2,"href":"https:\/\/elfsight.com\/pl\/wp-json\/wp\/v2\/pages\/5920\/revisions"}],"predecessor-version":[{"id":10141,"href":"https:\/\/elfsight.com\/pl\/wp-json\/wp\/v2\/pages\/5920\/revisions\/10141"}],"up":[{"embeddable":true,"href":"https:\/\/elfsight.com\/pl\/wp-json\/wp\/v2\/pages\/2834"}],"wp:attachment":[{"href":"https:\/\/elfsight.com\/pl\/wp-json\/wp\/v2\/media?parent=5920"}],"curies":[{"name":"wp","href":"https:\/\/api.w.org\/{rel}","templated":true}]}}