{"id":5919,"date":"1970-01-01T00:00:00","date_gmt":"1970-01-01T00:00:00","guid":{"rendered":"https:\/\/elfsight.com\/pl\/?page_id=5919"},"modified":"2024-11-14T12:43:20","modified_gmt":"2024-11-14T12:43:20","slug":"joomla","status":"publish","type":"page","link":"https:\/\/elfsight.com\/pl\/pinterest-feed-widget\/joomla\/","title":{"rendered":"Pinterest Feed &#8211; Joomla"},"content":{"rendered":"<div class=\"application-platform-content-item-description application-platform-content-item\" id=\"description\" data-nav-section=\"description\"><h2>Opis<\/h2><p>Dzi\u0119ki kana\u0142owi Pinterest firmy Elfsight mo\u017cesz \u0142atwo wprowadza\u0107 na swoj\u0105 stron\u0119 fascynuj\u0105ce zdj\u0119cia z Pinteresta. Kana\u0142 Elfsight Pinterest umo\u017cliwia prezentacj\u0119 wybranych pinezek, tablic i pe\u0142nego konta Pinterest na stronie. Zach\u0119\u0107 u\u017cytkownik\u00f3w za pomoc\u0105 starannie dobranych zdj\u0119\u0107, tablic tematycznych i zaprezentuj w\u0142asne, unikalnie zaprojektowane zestawy. Zwi\u0119ksz zasi\u0119g swoich tre\u015bci na Pintere\u015bcie, zwi\u0119ksz zaanga\u017cowanie na stronie i jednocze\u015bnie znajd\u017a wi\u0119cej subskrybent\u00f3w swojego konta na Pintere\u015bcie.<\/p><p><b>Twoje produkty, us\u0142ugi i osi\u0105gni\u0119cia na stronie dzi\u0119ki pomocy Pinteresta pinezki i tablice!<\/b><\/p><ul><li><b>Zwi\u0119ksz zaanga\u017cowanie odwiedzaj\u0105cych Twoj\u0105 witryn\u0119<\/b><br> Odpowiednio dobrana tre\u015b\u0107 na Twojej witrynie przyci\u0105gnie maksymaln\u0105 uwag\u0119 i utrzyma zaanga\u017cowanie u\u017cytkownik\u00f3w .<\/li><li><b>Zwi\u0119ksz liczb\u0119 obserwuj\u0105cych na Pintere\u015bcie<\/b><br> Dzi\u0119ki przyciskowi Obserwuj wy\u015bwietlanemu w kanale wi\u0119cej klient\u00f3w b\u0119dzie mia\u0142o szans\u0119 zosta\u0107 Twoimi obserwatorami.<\/li><li><b>Zwi\u0119ksz poziom sprzeda\u017cy dzi\u0119ki atrakcyjnej grafice<\/b><br> Wybierz najlepsze zdj\u0119cia swoich ofert; poka\u017c najnowsze tendencje i inspiruj\u0105ce zdj\u0119cia, aby klienci nie mogli powstrzyma\u0107 si\u0119 od zakupu.<\/li><\/ul><\/div><div class=\"application-platform-content-item-features application-platform-content-item\" id=\"features\" data-nav-section=\"features\"><h2>Cechy<\/h2><p>Istotne cechy Wid\u017cet Elfsight, dzi\u0119ki kt\u00f3remu staje si\u0119 doskonale wygodnym rozszerzeniem do wy\u015bwietlania Pinteresta w Joomla:<\/p><ul><li>Edytowalny tytu\u0142 wid\u017cetu;<\/li><li>Inteligentny koloryzator automatycznie wybierze najbardziej odpowiednie kolory interfejs.<\/li><li>Prze\u0142\u0105czane elementy pin\u00f3w: Autor, Tekst, przycisk Udost\u0119pnij, Ikona Pinteresta.<\/li><li>Responsywny dla urz\u0105dze\u0144 mobilnych w dowolnym rozmiarze i proporcji.<\/li><\/ul><p><a href=\"#demo\">Sprawd\u017a pe\u0142en zestaw zalet panelu!<\/a><\/p><\/div><div class=\"application-platform-content-item-installation application-platform-content-item\" id=\"installation\" data-nav-section=\"installation\"><h2>Jak doda\u0107 kana\u0142 Pinterest do witryny Joomla<\/h2><div class=\"video-container\"><iframe width=\"720\" height=\"405\" src=\"https:\/\/www.youtube.com\/embed\/hPc3SN-ItmU\" frameborder=\"0\" allowfullscreen=\"\"><\/iframe><\/div><p>Wystarczy wykona\u0107 kilka krok\u00f3w przedstawionych poni\u017cej, aby rozpocz\u0105\u0107 prac\u0119 z wtyczk\u0105 w Joomla.<\/p> <ol><li><b>Wykonaj nasz\u0105 bezp\u0142atn\u0105 wersj\u0119 demonstracyjn\u0105 i rozpocznij tworzenie niestandardowego rozszerzenia kana\u0142u Pinterest. <\/b><br> Okre\u015bl niestandardowy interfejs i aspekty rozszerzenia i zastosuj modyfikacje. <\/li> <li><b>Uzyskaj unikalny kod, kt\u00f3ry pojawia si\u0119 w oknie aplikacji Elfsight. <\/b><br> Po zako\u0144czeniu tworzenia narz\u0119dzia skopiuj indywidualny kod z wy\u015bwietlonego pola i zapisz go na p\u00f3\u017aniej. <\/li> <li><b>Zacznij korzysta\u0107 z rozszerzenia na stronie Joomla. <\/b><br> Wklej skopiowany wcze\u015bniej kod na swoj\u0105 stron\u0119 i zapisz ulepszenia. <\/li> <li><b>Gotowe! Integracja zosta\u0142a pomy\u015blnie przeprowadzona. <\/b><br> Przejd\u017a do swojej witryny, aby zobaczy\u0107 dzia\u0142anie wid\u017cetu. <\/li><\/ol><p>Masz problemy z utworzeniem lub demonstracj\u0105 rozszerzenia na stronie internetowej? Skontaktuj si\u0119 z naszym centrum pomocy.<\/p><\/div><div class=\"faq\" data-component=\"FAQ\"><div class=\"faq-item\">\r\n\t\t\t\t\t<div class=\"faq-item-question\">\r\n\t\t\t\t\t\t<h3 class=\"faq-item-question-text\">Czy istnieje metoda dodania kana\u0142u Pinterest do mojej strony internetowej Joomla bez kodowania? <\/h3>\r\n\r\n\t\t\t\t\t\t<div class=\"faq-item-question-icon\"><\/div>\r\n\t\t\t\t\t<\/div>\r\n\r\n\t\t\t\t\t<div class=\"faq-item-answer\">\r\n\t\t\t\t\t\t<div class=\"faq-item-answer-text\"><p>Firma Elfsight oferuje rozwi\u0105zanie w chmurze, kt\u00f3re pozwala u\u017cytkownikom samodzielnie skonfigurowa\u0107 aplikacj\u0119 Pinterest Feed. Zapoznaj si\u0119 z prostymi instrukcjami: <\/p><ul><li>Rozpocznij prac\u0119 od razu w wersji demonstracyjnej na \u017cywo, aby utworzy\u0107 sekcj\u0119 kana\u0142\u00f3w Pinterest, kt\u00f3r\u0105 mo\u017cesz chcia\u0142by\u015b umie\u015bci\u0107 na swojej stronie Joomla.<\/li><li>Wybierz jeden z naszych gotowych szablon\u00f3w i zmie\u0144 ustawienia kana\u0142u Pinterest, zmie\u0144 uk\u0142ad i kolor element\u00f3w, zaktualizuj swoj\u0105 tre\u015b\u0107 bez kodowania.<\/li><li>Zapisz wprowadzone ustawienia w serwisie Pinterest i uzyskaj kod instalacyjny wtyczki, kt\u00f3ry mo\u017cesz bez problemu i bezp\u0142atnie osadzi\u0107 na stronie internetowej Joomla. <\/li><\/ul><p>Dzi\u0119ki przyjaznemu dla u\u017cytkownika edytorowi ka\u017cdy u\u017cytkownik Internetu mo\u017ce wygenerowa\u0107 aplikacj\u0119 Pinterest Feed online i po prostu umie\u015bci\u0107 j\u0105 na stronie Joomla. Aby wej\u015b\u0107 do Edytora, nie trzeba p\u0142aci\u0107 ani ujawnia\u0107 danych swojej karty. Je\u015bli napotkasz jakiekolwiek problemy, nie wahaj si\u0119 skontaktowa\u0107 z naszym personelem pomocy technicznej.<\/p><\/div>\r\n\t\t\t\t\t<\/div>\r\n\t\t\t\t<\/div><\/div>","protected":false},"excerpt":{"rendered":"","protected":false},"author":9,"featured_media":0,"parent":2834,"menu_order":0,"comment_status":"closed","ping_status":"closed","template":"templates\/template-application-platform.php","meta":{"publish_to_discourse":"","publish_post_category":"","wpdc_auto_publish_overridden":"","wpdc_topic_tags":"","wpdc_pin_topic":"","wpdc_pin_until":"","discourse_post_id":"","discourse_permalink":"","wpdc_publishing_response":"","wpdc_publishing_error":"","footnotes":""},"class_list":["post-5919","page","type-page","status-publish","hentry"],"yoast_head":"<!-- This site is optimized with the Yoast SEO plugin v25.3.1 - https:\/\/yoast.com\/wordpress\/plugins\/seo\/ -->\n<title>Kana\u0142 Pinteresta \u2014 dodanie rozszerzenia Pinterest do witryny Joomla (2025)<\/title>\n<meta name=\"description\" content=\"Ju\u017c teraz poznaj rozszerzenie Pinteresta dla Joomla. Wygeneruj unikalny modu\u0142 Pinterest Feed dla swojej witryny tylko w kilka minut!\" \/>\n<meta name=\"robots\" content=\"index, follow, max-snippet:-1, max-image-preview:large, max-video-preview:-1\" \/>\n<link rel=\"canonical\" href=\"https:\/\/elfsight.com\/pl\/pinterest-feed-widget\/joomla\/\" \/>\n<meta property=\"og:locale\" content=\"pl_PL\" \/>\n<meta property=\"og:type\" content=\"article\" \/>\n<meta property=\"og:title\" content=\"Kana\u0142 Pinteresta \u2014 dodanie rozszerzenia Pinterest do witryny Joomla (2025)\" \/>\n<meta property=\"og:description\" content=\"Ju\u017c teraz poznaj rozszerzenie Pinteresta dla Joomla. Wygeneruj unikalny modu\u0142 Pinterest Feed dla swojej witryny tylko w kilka minut!\" \/>\n<meta property=\"og:url\" content=\"https:\/\/elfsight.com\/pl\/pinterest-feed-widget\/joomla\/\" \/>\n<meta property=\"og:site_name\" content=\"Elfsight PL\" \/>\n<meta property=\"article:modified_time\" content=\"2024-11-14T12:43:20+00:00\" \/>\n<meta name=\"twitter:card\" content=\"summary_large_image\" \/>\n<meta name=\"twitter:label1\" content=\"Szacowany czas czytania\" \/>\n\t<meta name=\"twitter:data1\" content=\"3 minuty\" \/>\n<!-- \/ Yoast SEO plugin. -->","yoast_head_json":{"title":"Kana\u0142 Pinteresta \u2014 dodanie rozszerzenia Pinterest do witryny Joomla (2025)","description":"Ju\u017c teraz poznaj rozszerzenie Pinteresta dla Joomla. Wygeneruj unikalny modu\u0142 Pinterest Feed dla swojej witryny tylko w kilka minut!","robots":{"index":"index","follow":"follow","max-snippet":"max-snippet:-1","max-image-preview":"max-image-preview:large","max-video-preview":"max-video-preview:-1"},"canonical":"https:\/\/elfsight.com\/pl\/pinterest-feed-widget\/joomla\/","og_locale":"pl_PL","og_type":"article","og_title":"Kana\u0142 Pinteresta \u2014 dodanie rozszerzenia Pinterest do witryny Joomla (2025)","og_description":"Ju\u017c teraz poznaj rozszerzenie Pinteresta dla Joomla. Wygeneruj unikalny modu\u0142 Pinterest Feed dla swojej witryny tylko w kilka minut!","og_url":"https:\/\/elfsight.com\/pl\/pinterest-feed-widget\/joomla\/","og_site_name":"Elfsight PL","article_modified_time":"2024-11-14T12:43:20+00:00","twitter_card":"summary_large_image","twitter_misc":{"Szacowany czas czytania":"3 minuty"},"schema":{"@context":"https:\/\/schema.org","@graph":[{"@type":"WebPage","@id":"https:\/\/elfsight.com\/pl\/pinterest-feed-widget\/joomla\/","url":"https:\/\/elfsight.com\/pl\/pinterest-feed-widget\/joomla\/","name":"Kana\u0142 Pinteresta \u2014 dodanie rozszerzenia Pinterest do witryny Joomla (2025)","isPartOf":{"@id":"https:\/\/elfsight.com\/pl\/#website"},"datePublished":"1970-01-01T00:00:00+00:00","dateModified":"2024-11-14T12:43:20+00:00","description":"Ju\u017c teraz poznaj rozszerzenie Pinteresta dla Joomla. Wygeneruj unikalny modu\u0142 Pinterest Feed dla swojej witryny tylko w kilka minut!","breadcrumb":{"@id":"https:\/\/elfsight.com\/pl\/pinterest-feed-widget\/joomla\/#breadcrumb"},"inLanguage":"pl-PL","potentialAction":[{"@type":"ReadAction","target":["https:\/\/elfsight.com\/pl\/pinterest-feed-widget\/joomla\/"]}]},{"@type":"BreadcrumbList","@id":"https:\/\/elfsight.com\/pl\/pinterest-feed-widget\/joomla\/#breadcrumb","itemListElement":[{"@type":"ListItem","position":1,"name":"Home","item":"https:\/\/elfsight.com\/pl\/"},{"@type":"ListItem","position":2,"name":"Pinterest Feed","item":"https:\/\/elfsight.com\/pl\/pinterest-feed-widget\/"},{"@type":"ListItem","position":3,"name":"Pinterest Feed &#8211; Joomla"}]},{"@type":"WebSite","@id":"https:\/\/elfsight.com\/pl\/#website","url":"https:\/\/elfsight.com\/pl\/","name":"Elfsight PL","description":"Just another Elfsight Sites site","potentialAction":[{"@type":"SearchAction","target":{"@type":"EntryPoint","urlTemplate":"https:\/\/elfsight.com\/pl\/?s={search_term_string}"},"query-input":{"@type":"PropertyValueSpecification","valueRequired":true,"valueName":"search_term_string"}}],"inLanguage":"pl-PL"}]}},"meta_box":{"industry":"","seo_heading":"","heading":"","description":"","cta_heading":"","cta_description":"","application":"2833","h1":"Rozszerzenie Joomla Pinterest Feed","h1_caption":"Umie\u015b\u0107 kana\u0142 pinezek ze swojego konta na Pintere\u015bcie, aby bez wysi\u0142ku wy\u015bwietla\u0107 dynamiczn\u0105 i atrakcyjn\u0105 wizualnie zawarto\u015b\u0107 na swojej stronie Joomla.","application_category":[],"applications_title":"","applications_request_title":"","applications_request_button_text":"","hero_text":"","hero_video":"","hero_video_schema_markup":"","selling_points_title":"","selling_points_caption":"","selling_points":[],"selling_points_cta_text":"","features_title":"","features":"","ed_cta_examples_text":"","ed_cta_examples_hidden":"","ed_cta_demo_text":"","ed_cta_demo_hidden":"","why_caption":"","why_editor_title":"","why_editor_text":"","why_team_title":"","why_team_text":"","why_service_title":"","why_service_text":"","template_catalog_visible":"","template_catalog_title":"","template_catalog_text":"","template_catalog_categories_visible":"","demo_title":"Utw\u00f3rz wtyczk\u0119 kana\u0142u Pinterest","demo_caption":"Skonfiguruj sw\u00f3j kana\u0142 Pinterest i dodaj go do swojej witryny Joomla za darmo!","default_faq_hidden":"","app_template_category":[],"platform":"53","template_public_id":"","codecanyon_url":"","codecanyon_item_id":"","codecanyon_price":"","pricing_caption":"","pricing_elfsight_apps_hide_column":"","pricing_elfsight_apps_url":"","pricing_codecanyon_price_caption":"","integration_category":[],"integration_request_title":"","integration_request_cta":"","integration_platform":"","integrations":[],"platform_category":[],"video_schema_markup":"","price":"od 0 USD \/ miesi\u0105c","trial":"","benefits":[{"text":"Bezp\u0142atna pomoc w instalacji"},{"text":"Skuteczna obs\u0142uga klienta"},{"text":"14-dniowa gwarancja zwrotu pieni\u0119dzy"}],"button_url":"#demo","button_target_blank":"","button_nofollow":"","attributes":[{"name":"Instaluje"},{"name":"Czu\u0142y"},{"name":"Kompatybilne przegl\u0105darki"}],"tags":[],"tags_disable_links":"","hide_more_platforms":"","video_object":"","demo_hide_cta":"","demo_hide_cloud_options":"","pricing_title":"","pricing":[{"pricing_icon":"cloud","pricing_title":"Elfsight Apps","pricing_title_caption":"Wieloplatformowe rozwi\u0105zanie cyfrowe, kt\u00f3re dzia\u0142a na ka\u017cdej stronie internetowej","pricing_price":"od 0 USD \/ miesi\u0105c","pricing_price_caption":"zacznij od bezp\u0142atnego planu","pricing_benefits":[{"text":"Nielimitowane strony internetowe"},{"text":"Dedykowane wsparcie firmy i dobrze udokumentowane"},{"text":"Bezp\u0142atna pomoc przy instalacji"},{"text":"Specjalna oferta na wiele aplikacji"}],"pricing_button_text":"Dodaj do witryny","pricing_button_url":"#demo"}],"related_apps_title":"","related_apps_hidden":"","author":"","image":[],"title":"","job":"","social_networks":[]},"_links":{"self":[{"href":"https:\/\/elfsight.com\/pl\/wp-json\/wp\/v2\/pages\/5919","targetHints":{"allow":["GET"]}}],"collection":[{"href":"https:\/\/elfsight.com\/pl\/wp-json\/wp\/v2\/pages"}],"about":[{"href":"https:\/\/elfsight.com\/pl\/wp-json\/wp\/v2\/types\/page"}],"author":[{"embeddable":true,"href":"https:\/\/elfsight.com\/pl\/wp-json\/wp\/v2\/users\/9"}],"replies":[{"embeddable":true,"href":"https:\/\/elfsight.com\/pl\/wp-json\/wp\/v2\/comments?post=5919"}],"version-history":[{"count":2,"href":"https:\/\/elfsight.com\/pl\/wp-json\/wp\/v2\/pages\/5919\/revisions"}],"predecessor-version":[{"id":7916,"href":"https:\/\/elfsight.com\/pl\/wp-json\/wp\/v2\/pages\/5919\/revisions\/7916"}],"up":[{"embeddable":true,"href":"https:\/\/elfsight.com\/pl\/wp-json\/wp\/v2\/pages\/2834"}],"wp:attachment":[{"href":"https:\/\/elfsight.com\/pl\/wp-json\/wp\/v2\/media?parent=5919"}],"curies":[{"name":"wp","href":"https:\/\/api.w.org\/{rel}","templated":true}]}}