{"id":5918,"date":"1970-01-01T00:00:00","date_gmt":"1970-01-01T00:00:00","guid":{"rendered":"https:\/\/elfsight.com\/pl\/?page_id=5918"},"modified":"2025-06-19T14:37:13","modified_gmt":"2025-06-19T14:37:13","slug":"drupal","status":"publish","type":"page","link":"https:\/\/elfsight.com\/pl\/pinterest-feed-widget\/drupal\/","title":{"rendered":"Pinterest Feed &#8211; Drupal"},"content":{"rendered":"<div class=\"application-platform-content-item-description application-platform-content-item\" id=\"description\" data-nav-section=\"description\">\n<h2>Opis<\/h2>\n<p>Kana\u0142 **Elfsight Pinterest** umo\u017cliwia wy\u015bwietlanie Twojego konta oraz wszelkich pinezek i tablic z Pinteresta w Twojej witrynie. Za pomoc\u0105 naszego modu\u0142u mo\u017cesz nie tylko osadzi\u0107 sw\u00f3j profil, ale tak\u017ce uzyska\u0107 pinezki i tablice, na kt\u00f3rych b\u0119d\u0105 prezentowane wybrane zdj\u0119cia na Twoj\u0105 stron\u0119 internetow\u0105. Ujawnij swoje osi\u0105gni\u0119cia biznesowe, zainspiruj u\u017cytkownik\u00f3w do odkrywania nowych trend\u00f3w lub po prostu dodaj tre\u015bci wizualne do swojej witryny. Konfigurowalny modu\u0142 pomo\u017ce Ci rozszerzy\u0107 zasi\u0119g Twoich materia\u0142\u00f3w wizualnych, zwi\u0119kszy\u0107 zaanga\u017cowanie i przyci\u0105gn\u0105\u0107 wi\u0119cej subskrybent\u00f3w na Pintere\u015bcie.<\/p>\n<p><b>Do\u0142\u0105cz zawarto\u015b\u0107 swojej witryny zdj\u0119ciami z Pinteresta, natychmiast i bez wysi\u0142ku.<\/b><\/p>\n<ul>\n    <li><b>Zwi\u0119ksz sprzeda\u017c, prezentuj\u0105c swoje produkty i us\u0142ugi<\/b><br>Tw\u00f3rz w\u0142asne, unikalne galerie zdj\u0119\u0107 zawieraj\u0105ce Twoje prace lub najnowsze trendy i niezb\u0119dne elementy, aby ludzie mogli odkry\u0107 to, co kupi\u0107.<\/li>\n    <li><b>Zwi\u0119ksz liczb\u0119 subskrybent\u00f3w na Pintere\u015bcie<\/b><br>Dzi\u0119ki przyciskowi Obserwuj wy\u015bwietlanemu w Aktualno\u015bciach wi\u0119cej os\u00f3b b\u0119dzie mia\u0142o szans\u0119 zosta\u0107 Twoimi obserwatorami.<\/li>\n    <li><b>Zwi\u0119ksz liczb\u0119 sprzeda\u017cy dzi\u0119ki atrakcyjnym zdj\u0119ciom<\/b><br>Wybierz najbardziej urzekaj\u0105ce zdj\u0119cia swoich produkt\u00f3w lub us\u0142ug; wy\u015bwietlaj najnowsze trendy i inspiruj\u0105ce obrazy, aby ludzie byli ch\u0119tni do zakupu.<\/li>\n<\/ul>\n<\/div>\n\n<div class=\"application-platform-content-item-features application-platform-content-item\" id=\"features\" data-nav-section=\"features\">\n<h2>Cechy<\/h2>\n<p>5 cech, kt\u00f3re sprawiaj\u0105, \u017ce nasz wid\u017cet to idealny wyb\u00f3r dla ka\u017cdej witryny Drupal:<\/p>\n<ul>\n    <li>Edytowalny tytu\u0142 wid\u017cetu;<\/li>\n    <li>Inteligentny kolorator automatycznie wybierze najbardziej odpowiednie kolory interfejsu.<\/li>\n    <li>Poka\u017c lub ukryj nag\u0142\u00f3wek;<\/li>\n    <li>Kliknij obraz, aby otworzy\u0107 go na Pintere\u015bcie;<\/li>\n<\/ul>\n<p><a href=\"#demo\">Oce\u0144 ca\u0142y zestaw zalet w redaktorze!<\/a><\/p>\n<\/div>\n\n<div class=\"application-platform-content-item-installation application-platform-content-item\" id=\"installation\" data-nav-section=\"installation\">\n<h2>Jak doda\u0107 kana\u0142 Pinterest do witryny Drupal<\/h2>\n<div class=\"video-container\"><iframe width=\"720\" height=\"405\" src=\"https:\/\/www.youtube.com\/embed\/fVkzo1E-SwU\" frameborder=\"0\" allowfullscreen=\"\"><\/iframe><\/div>\n<p>Tylko spe\u0142nij poni\u017csze wytyczne, aby zintegrowa\u0107 modu\u0142 z Drupalem.<\/p>\n<ol>\n    <li><b>Otw\u00f3rz nasz darmowy edytor i zacznij tworzy\u0107 sw\u00f3j unikalny instrument.<\/b><br>Znajd\u017a po\u017c\u0105dany wygl\u0105d i specyfikacje narz\u0119dzia i zastosuj poprawki.<\/li>\n    <li><b>Skopiuj unikalny kod widoczny w oknie aplikacji Elfsight.<\/b><br>Po zako\u0144czeniu konfiguracji modu\u0142u skopiuj ekskluzywny kod w wy\u015bwietlonym oknie i zapisz go do dalszego wykorzystania.<\/li>\n    <li><b>Zaanga\u017cuj si\u0119 w korzystanie z modu\u0142u Pinterest Feed na stronie Drupal.<\/b><br>Dodaj kod zapisany wcze\u015bniej w swojej witrynie i zastosuj poprawki.<\/li>\n    <li><b>Gotowe! Integracja zosta\u0142a w pe\u0142ni uko\u0144czona.<\/b><br>Odwied\u017a swoj\u0105 witryn\u0119, aby obserwowa\u0107 dzia\u0142anie modu\u0142u.<\/li>\n<\/ol>\n<p>Napotka\u0142e\u015b jakie\u015b problemy podczas wy\u015bwietlania lub kszta\u0142towania modu\u0142u? Wy\u015blij zapytanie do naszego Centrum pomocy.<\/p>\n<\/div>\n\n<div class=\"faq\" data-component=\"FAQ\">\n<div class=\"faq-item\">\r\n\t\t\t\t\t<div class=\"faq-item-question\">\r\n\t\t\t\t\t\t<h3 class=\"faq-item-question-text\">Jak osadzi\u0107 kana\u0142 Pinterest na mojej stronie g\u0142\u00f3wnej Drupala bez umiej\u0119tno\u015bci kodowania?<\/h3>\r\n\r\n\t\t\t\t\t\t<div class=\"faq-item-question-icon\"><\/div>\r\n\t\t\t\t\t<\/div>\r\n\r\n\t\t\t\t\t<div class=\"faq-item-answer\">\r\n\t\t\t\t\t\t<div class=\"faq-item-answer-text\">\n<p>Firma Elfsight dostarcza rozwi\u0105zanie w chmurze, kt\u00f3re pozwala u\u017cytkownikom samodzielnie utworzy\u0107 sekcj\u0119 Kana\u0142 Pinteresta. Zobacz, jak prosty jest ten proces: <\/p>\n<ul>\n    <li>Rozpocznij prac\u0119 w edytorze na \u017cywo, aby utworzy\u0107 wid\u017cet Kana\u0142u Pinteresta, kt\u00f3ry chcesz zintegrowa\u0107 si\u0119 z Drupalem.<\/li>\n    <li>Wybierz jeden z gotowych szablon\u00f3w i dostosuj ustawienia kana\u0142u Pinterest, do\u0142\u0105cz tre\u015b\u0107, zmie\u0144 uk\u0142ad i schemat kolor\u00f3w bez umiej\u0119tno\u015bci kodowania.<\/li>\n    <li>Zapisz ustawienia wprowadzone w serwisie Pinterest i uzyskaj jego kod do osadzenia, kt\u00f3ry mo\u017cna \u0142atwo osadzi\u0107 na stronie Drupal bez konieczno\u015bci zakupu wersji p\u0142atnej.<\/li>\n<\/ul>\n<p>Dzi\u0119ki naszemu \u0142atwemu w obs\u0142udze edytorowi ka\u017cdy u\u017cytkownik Internetu mo\u017ce utworzy\u0107 kana\u0142 Pinterest online i bez wysi\u0142ku dodawa\u0107 tre\u015bci do swojej witryny Drupal. Nie powiniene\u015b p\u0142aci\u0107 ani ujawnia\u0107 danych uwierzytelniaj\u0105cych swojej karty, aby uzyska\u0107 dost\u0119p do us\u0142ugi Elfsight. Je\u015bli na kt\u00f3rymkolwiek etapie napotkasz jakiekolwiek problemy, skontaktuj si\u0119 z naszym technicznym dzia\u0142em obs\u0142ugi klienta.<\/p>\n<\/div>\r\n\t\t\t\t\t<\/div>\r\n\t\t\t\t<\/div>\n<\/div>","protected":false},"excerpt":{"rendered":"","protected":false},"author":9,"featured_media":0,"parent":2834,"menu_order":0,"comment_status":"closed","ping_status":"closed","template":"templates\/template-application-platform.php","meta":{"publish_to_discourse":"","publish_post_category":"","wpdc_auto_publish_overridden":"","wpdc_topic_tags":"","wpdc_pin_topic":"","wpdc_pin_until":"","discourse_post_id":"","discourse_permalink":"","wpdc_publishing_response":"","wpdc_publishing_error":"","footnotes":""},"class_list":["post-5918","page","type-page","status-publish","hentry"],"yoast_head":"<!-- This site is optimized with the Yoast SEO plugin v25.3.1 - https:\/\/yoast.com\/wordpress\/plugins\/seo\/ -->\n<title>Pinterest Feed - Dodaj modu\u0142 Pinterest do strony Drupal<\/title>\n<meta name=\"description\" content=\"Sprawd\u017a teraz najlepszy modu\u0142 Pinterest Feed dla witryny Drupal! Zbuduj indywidualny wid\u017cet Pinteresta za pomoc\u0105 Elfsight w zaledwie 3 minuty.\" \/>\n<meta name=\"robots\" content=\"index, follow, max-snippet:-1, max-image-preview:large, max-video-preview:-1\" \/>\n<link rel=\"canonical\" href=\"https:\/\/elfsight.com\/pl\/pinterest-feed-widget\/drupal\/\" \/>\n<meta property=\"og:locale\" content=\"pl_PL\" \/>\n<meta property=\"og:type\" content=\"article\" \/>\n<meta property=\"og:title\" content=\"Pinterest Feed - Dodaj modu\u0142 Pinterest do strony Drupal\" \/>\n<meta property=\"og:description\" content=\"Sprawd\u017a teraz najlepszy modu\u0142 Pinterest Feed dla witryny Drupal! Zbuduj indywidualny wid\u017cet Pinteresta za pomoc\u0105 Elfsight w zaledwie 3 minuty.\" \/>\n<meta property=\"og:url\" content=\"https:\/\/elfsight.com\/pl\/pinterest-feed-widget\/drupal\/\" \/>\n<meta property=\"og:site_name\" content=\"Elfsight PL\" \/>\n<meta property=\"article:modified_time\" content=\"2025-06-19T14:37:13+00:00\" \/>\n<meta name=\"twitter:card\" content=\"summary_large_image\" \/>\n<meta name=\"twitter:label1\" content=\"Szacowany czas czytania\" \/>\n\t<meta name=\"twitter:data1\" content=\"3 minuty\" \/>\n<!-- \/ Yoast SEO plugin. -->","yoast_head_json":{"title":"Pinterest Feed - Dodaj modu\u0142 Pinterest do strony Drupal","description":"Sprawd\u017a teraz najlepszy modu\u0142 Pinterest Feed dla witryny Drupal! Zbuduj indywidualny wid\u017cet Pinteresta za pomoc\u0105 Elfsight w zaledwie 3 minuty.","robots":{"index":"index","follow":"follow","max-snippet":"max-snippet:-1","max-image-preview":"max-image-preview:large","max-video-preview":"max-video-preview:-1"},"canonical":"https:\/\/elfsight.com\/pl\/pinterest-feed-widget\/drupal\/","og_locale":"pl_PL","og_type":"article","og_title":"Pinterest Feed - Dodaj modu\u0142 Pinterest do strony Drupal","og_description":"Sprawd\u017a teraz najlepszy modu\u0142 Pinterest Feed dla witryny Drupal! Zbuduj indywidualny wid\u017cet Pinteresta za pomoc\u0105 Elfsight w zaledwie 3 minuty.","og_url":"https:\/\/elfsight.com\/pl\/pinterest-feed-widget\/drupal\/","og_site_name":"Elfsight PL","article_modified_time":"2025-06-19T14:37:13+00:00","twitter_card":"summary_large_image","twitter_misc":{"Szacowany czas czytania":"3 minuty"},"schema":{"@context":"https:\/\/schema.org","@graph":[{"@type":"WebPage","@id":"https:\/\/elfsight.com\/pl\/pinterest-feed-widget\/drupal\/","url":"https:\/\/elfsight.com\/pl\/pinterest-feed-widget\/drupal\/","name":"Pinterest Feed - Dodaj modu\u0142 Pinterest do strony Drupal","isPartOf":{"@id":"https:\/\/elfsight.com\/pl\/#website"},"datePublished":"1970-01-01T00:00:00+00:00","dateModified":"2025-06-19T14:37:13+00:00","description":"Sprawd\u017a teraz najlepszy modu\u0142 Pinterest Feed dla witryny Drupal! Zbuduj indywidualny wid\u017cet Pinteresta za pomoc\u0105 Elfsight w zaledwie 3 minuty.","breadcrumb":{"@id":"https:\/\/elfsight.com\/pl\/pinterest-feed-widget\/drupal\/#breadcrumb"},"inLanguage":"pl-PL","potentialAction":[{"@type":"ReadAction","target":["https:\/\/elfsight.com\/pl\/pinterest-feed-widget\/drupal\/"]}]},{"@type":"BreadcrumbList","@id":"https:\/\/elfsight.com\/pl\/pinterest-feed-widget\/drupal\/#breadcrumb","itemListElement":[{"@type":"ListItem","position":1,"name":"Home","item":"https:\/\/elfsight.com\/pl\/"},{"@type":"ListItem","position":2,"name":"Pinterest Feed","item":"https:\/\/elfsight.com\/pl\/pinterest-feed-widget\/"},{"@type":"ListItem","position":3,"name":"Pinterest Feed &#8211; Drupal"}]},{"@type":"WebSite","@id":"https:\/\/elfsight.com\/pl\/#website","url":"https:\/\/elfsight.com\/pl\/","name":"Elfsight PL","description":"Just another Elfsight Sites site","potentialAction":[{"@type":"SearchAction","target":{"@type":"EntryPoint","urlTemplate":"https:\/\/elfsight.com\/pl\/?s={search_term_string}"},"query-input":{"@type":"PropertyValueSpecification","valueRequired":true,"valueName":"search_term_string"}}],"inLanguage":"pl-PL"}]}},"meta_box":{"industry":"","seo_heading":"","heading":"","description":"","cta_heading":"","cta_description":"","application":"2833","h1":"Modu\u0142 Drupal Pinterest Feed","h1_caption":"Umie\u015b\u0107 kana\u0142 pinezek ze swojego konta na Pintere\u015bcie, aby bez wysi\u0142ku wy\u015bwietla\u0107 dynamiczn\u0105 i atrakcyjn\u0105 wizualnie zawarto\u015b\u0107 na swojej stronie Drupal.","application_category":[],"applications_title":"","applications_request_title":"","applications_request_button_text":"","hero_text":"","hero_video":"","hero_video_schema_markup":"","selling_points_title":"","selling_points_caption":"","selling_points":[],"selling_points_cta_text":"","features_title":"","features":"","ed_cta_examples_text":"","ed_cta_examples_hidden":"","ed_cta_demo_text":"","ed_cta_demo_hidden":"","why_caption":"","why_editor_title":"","why_editor_text":"","why_team_title":"","why_team_text":"","why_service_title":"","why_service_text":"","template_catalog_visible":"0","template_catalog_title":"","template_catalog_text":"","template_catalog_categories_visible":"","demo_title":"Utw\u00f3rz modu\u0142 kana\u0142u Pinterest","demo_caption":"Skonfiguruj sw\u00f3j kana\u0142 Pinterest i dodaj go do swojej witryny Drupal za darmo!","default_faq_hidden":"","app_template_category":[],"platform":"47","template_public_id":"","codecanyon_url":"","codecanyon_item_id":"","codecanyon_price":"","pricing_caption":"","pricing_elfsight_apps_hide_column":"","pricing_elfsight_apps_url":"","pricing_codecanyon_price_caption":"","integration_category":[],"integration_request_title":"","integration_request_cta":"","integration_platform":"","integrations":[],"platform_category":[],"video_schema_markup":"","price":"od 0 USD \/ miesi\u0105c","trial":"","benefits":[{"text":"Bezp\u0142atna us\u0142uga monta\u017cu"},{"text":"Profesjonalna obs\u0142uga klienta"},{"text":"14-dniowa gwarancja zwrotu pieni\u0119dzy"}],"button_url":"#demo","button_target_blank":"0","button_nofollow":"0","attributes":[{"name":"Instaluje"},{"name":"Czu\u0142y"},{"name":"Kompatybilne przegl\u0105darki"}],"tags":[],"tags_disable_links":"0","hide_more_platforms":"0","video_object":"","demo_hide_cta":"0","demo_hide_cloud_options":"0","pricing_title":"","pricing":[{"pricing_icon":"platform","pricing_title":"Elfsight Apps","pricing_title_caption":"Oprogramowanie niezale\u017cne od platformy, kt\u00f3re dzia\u0142a na ka\u017cdej stronie internetowej","pricing_price":"od 0 USD \/ miesi\u0105c","pricing_price_caption":"zacznij od bezp\u0142atnego planu","pricing_benefits":[{"text":"Nielimitowane strony internetowe"},{"text":"Dedykowana obs\u0142uga klienta"},{"text":"Bezp\u0142atna pomoc w monta\u017cu"},{"text":"Oferta ograniczona czasowo dla wielu aplikacji"}],"pricing_button_text":"Dodaj do witryny","pricing_button_url":"#demo"}],"related_apps_title":"","related_apps_hidden":"0","author":"","image":[],"title":"","job":"","social_networks":[]},"_links":{"self":[{"href":"https:\/\/elfsight.com\/pl\/wp-json\/wp\/v2\/pages\/5918","targetHints":{"allow":["GET"]}}],"collection":[{"href":"https:\/\/elfsight.com\/pl\/wp-json\/wp\/v2\/pages"}],"about":[{"href":"https:\/\/elfsight.com\/pl\/wp-json\/wp\/v2\/types\/page"}],"author":[{"embeddable":true,"href":"https:\/\/elfsight.com\/pl\/wp-json\/wp\/v2\/users\/9"}],"replies":[{"embeddable":true,"href":"https:\/\/elfsight.com\/pl\/wp-json\/wp\/v2\/comments?post=5918"}],"version-history":[{"count":4,"href":"https:\/\/elfsight.com\/pl\/wp-json\/wp\/v2\/pages\/5918\/revisions"}],"predecessor-version":[{"id":10140,"href":"https:\/\/elfsight.com\/pl\/wp-json\/wp\/v2\/pages\/5918\/revisions\/10140"}],"up":[{"embeddable":true,"href":"https:\/\/elfsight.com\/pl\/wp-json\/wp\/v2\/pages\/2834"}],"wp:attachment":[{"href":"https:\/\/elfsight.com\/pl\/wp-json\/wp\/v2\/media?parent=5918"}],"curies":[{"name":"wp","href":"https:\/\/api.w.org\/{rel}","templated":true}]}}