{"id":5917,"date":"1970-01-01T00:00:00","date_gmt":"1970-01-01T00:00:00","guid":{"rendered":"https:\/\/elfsight.com\/pl\/?page_id=5917"},"modified":"2024-11-14T12:43:12","modified_gmt":"2024-11-14T12:43:12","slug":"blogger","status":"publish","type":"page","link":"https:\/\/elfsight.com\/pl\/pinterest-feed-widget\/blogger\/","title":{"rendered":"Pinterest Feed &#8211; Blogger"},"content":{"rendered":"<div class=\"application-platform-content-item-description application-platform-content-item\" id=\"description\" data-nav-section=\"description\"><h2>Opis<\/h2><p>Za pomoc\u0105 wid\u017cetu Pinterest firmy Elfsight mo\u017cesz doda\u0107 do swojej witryny wspania\u0142e efekty wizualne z Pinteresta. Widget Elfsight pomaga wy\u015bwietli\u0107 wybrane piny, tablice i ca\u0142e konto na Twojej stronie. Przyci\u0105gaj klient\u00f3w starannie dobranymi grafikami, tablicami tematycznymi i projektuj w\u0142asne, niepowtarzalne kolekcje. Osi\u0105gnij lepszy zasi\u0119g swoich zdj\u0119\u0107, zwi\u0119ksz zaanga\u017cowanie w swojej witrynie i przyci\u0105gnij wi\u0119cej obserwuj\u0105cych do swojego profilu na Pintere\u015bcie.<\/p><p><b>Zaprezentuj swoje produkty, us\u0142ugi i projekty w witrynie za pomoc\u0105 przypinek i tablic!<\/b><\/p><ul><li><b>Zwi\u0119ksz zaanga\u017cowanie u\u017cytkownik\u00f3w w swojej witrynie<\/b><br>Starannie wybrane zdj\u0119cia w Twojej witrynie przyci\u0105gn\u0105 maksymaln\u0105 uwag\u0119 u\u017cytkownik\u00f3w i utrzymaj\u0105 zaanga\u017cowanie przysz\u0142ych klient\u00f3w.<\/li><li><b>Uzyskaj lepsze rozpowszechnianie swojego profilu na Pintere\u015bcie w mediach spo\u0142eczno\u015bciowych<\/b><br>Daj szans\u0119 osobom, kt\u00f3rych nie ma na Pintere\u015bcie, aby mog\u0142y podziwia\u0107 Twoje starannie wybrane tre\u015bci, pokazuj\u0105c je na stronie internetowej.<\/li> <li><b> Dodaj atrakcyjniejsz\u0105 tre\u015b\u0107 do swojej witryny<\/b><br>Dzi\u0119ki pinezkom i tablicom Pinteresta, kt\u00f3re masz do dyspozycji, mo\u017cesz wybra\u0107 najlepsz\u0105 grafik\u0119 dla swojej witryny, aby zaanga\u017cowa\u0107 swoich u\u017cytkownik\u00f3w.<\/li><\/ul><\/div><div class=\"application-platform-content-item-features application-platform-content-item\" id=\"features\" data-nav-section=\"features\"><h2>Funkcje<\/h2><p>Kilka zalet, kt\u00f3re sprawiaj\u0105, \u017ce nasz gad\u017cet Pinteresta staje si\u0119 niezr\u00f3wnanym rozwi\u0105zaniem dla witryny Blogger:<\/p><ul><li>Pokazuje tytu\u0142 konta, obserwuj\u0105cych i liczb\u0119 obserwuj\u0105cych.<\/li><li>Wybierz g\u0142\u00f3wny kolor motywu;<\/li><li>Prze\u0142\u0105czane elementy pin\u00f3w: Autor, Tekst, przycisk Udost\u0119pnij, Ikona Pinteresta.<\/li><li>Wy\u015bwietl lub ukryj liczb\u0119 tablic i pin\u00f3w;<\/li><\/ul><p><a href=\"#demo\">Sprawd\u017a wszystkie funkcje<\/a><\/p><\/div><div class=\"application-platform-content-item-installation application-platform-content-item\" id=\"installation\" data-nav-section=\"installation\"><h2>Jak doda\u0107 wid\u017cet Pinteresta do witryny Bloggera<\/h2><div class=\"video-container\"><iframe width=\"720\" height=\"405\" src=\"https:\/\/www.youtube.com\/embed\/JYeG5sgqmGg\" frameborder=\"0\" allowfullscreen=\"\"><\/iframe><\/div><p>Kr\u00f3tka instrukcja dotycz\u0105ca generowania wid\u017cetu bez kompetencji w tworzeniu stron internetowych lub zatrudniania tymczasowego programisty. Na wdro\u017cenie przewodnika potrzebujesz tylko kilku minut.<\/p><ol><li><b>Stw\u00f3rz sw\u00f3j spersonalizowany kana\u0142 na Pintere\u015bcie<\/b><br> Dzi\u0119ki naszej bezp\u0142atnej wersji demonstracyjnej wygeneruj wid\u017cet o wygl\u0105dzie i mo\u017cliwo\u015bciach, kt\u00f3re s\u0105 przeznaczone do Twojego przypadku u\u017cycia.<\/li><li><b>Odbierz kod do integracji wid\u017cetu<\/b><br> Po dostrojeniu wid\u017cetu skopiuj kod wid\u017cetu Pinterest z pojawiaj\u0105cego si\u0119 powiadomienia w aplikacjach Elfsight. <\/li><li><b>Umie\u015b\u0107 wid\u017cet na stronie Bloggera<\/b><br> Dodaj wid\u017cet do \u017c\u0105danego elementu strony i zapisz wyniki.<\/li><li><b>Osadzanie zako\u0144czy\u0142o si\u0119 sukcesem!<\/b><br> Odwied\u017a swoj\u0105 stron\u0119 internetow\u0105, aby zobaczy\u0107 swoj\u0105 prac\u0119.<\/li><\/ol><p>Masz problemy podczas korzystania z instrukcji? Adres us\u0142ugi pomocy technicznej Elfsight.<\/p><\/div><div class=\"faq\" data-component=\"FAQ\"><div class=\"faq-item\">\r\n\t\t\t\t\t<div class=\"faq-item-question\">\r\n\t\t\t\t\t\t<h3 class=\"faq-item-question-text\">Czy istnieje metoda dodania kana\u0142u Pinterest do mojej witryny Bloggera bez umiej\u0119tno\u015bci kodowania?<\/h3>\r\n\r\n\t\t\t\t\t\t<div class=\"faq-item-question-icon\"><\/div>\r\n\t\t\t\t\t<\/div>\r\n\r\n\t\t\t\t\t<div class=\"faq-item-answer\">\r\n\t\t\t\t\t\t<div class=\"faq-item-answer-text\"><p>Firma Elfsight dostarcza rozwi\u0105zanie w chmurze, kt\u00f3re pozwala w\u0142a\u015bcicielom witryn samodzielnie skonfigurowa\u0107 wtyczk\u0119 Pinterest Feed. Zobacz proste kroki: <\/p><ul><li>Pracuj bezpo\u015brednio w edytorze online, aby utworzy\u0107 sekcj\u0119 kana\u0142u Pinterest, kt\u00f3r\u0105 chcesz umie\u015b\u0107 na stronie Bloggera.<\/li><li>Wybierz jeden z naszych wst\u0119pnie zaprojektowanych szablon\u00f3w i zmie\u0144 ustawienia kana\u0142u Pinterest, zmie\u0144 uk\u0142ad i kolory, do\u0142\u0105cz swoj\u0105 tre\u015b\u0107 bez kodowania.<\/li><li>Zapisz Pinterest Podaj i skopiuj kod instalacyjny, kt\u00f3ry mo\u017cna \u0142atwo i bezp\u0142atnie doda\u0107 na stronie g\u0142\u00f3wnej Bloggera. <\/li><\/ul><p>Za pomoc\u0105 intuicyjnego konfiguratora ka\u017cdy u\u017cytkownik Internetu mo\u017ce utworzy\u0107 wtyczk\u0119 Pinterest Feed online i umie\u015bci\u0107 j\u0105 na swojej stronie g\u0142\u00f3wnej Bloggera. Aby skorzysta\u0107 z us\u0142ugi Elfsight, nie jest konieczne posiadanie p\u0142atnego planu ani przesy\u0142anie danych karty. Je\u015bli na kt\u00f3rymkolwiek etapie napotkasz jakiekolwiek problemy, nie wahaj si\u0119 porozmawia\u0107 z naszym personelem pomocy technicznej.<\/p><\/div>\r\n\t\t\t\t\t<\/div>\r\n\t\t\t\t<\/div><\/div>","protected":false},"excerpt":{"rendered":"","protected":false},"author":9,"featured_media":0,"parent":2834,"menu_order":0,"comment_status":"closed","ping_status":"closed","template":"templates\/template-application-platform.php","meta":{"publish_to_discourse":"","publish_post_category":"","wpdc_auto_publish_overridden":"","wpdc_topic_tags":"","wpdc_pin_topic":"","wpdc_pin_until":"","discourse_post_id":"","discourse_permalink":"","wpdc_publishing_response":"","wpdc_publishing_error":"","footnotes":""},"class_list":["post-5917","page","type-page","status-publish","hentry"],"yoast_head":"<!-- This site is optimized with the Yoast SEO plugin v25.3.1 - https:\/\/yoast.com\/wordpress\/plugins\/seo\/ -->\n<title>Kana\u0142 Pinteresta \u2014 dodaj wid\u017cet Pinteresta do witryny Bloggera (bezp\u0142atnie i \u0142atwo!)<\/title>\n<meta name=\"description\" content=\"Wygeneruj unikalny wid\u017cet kana\u0142u Pinterest dla Bloggera w zaledwie 1 minut\u0119. Przetestuj szybki edytor do projektowania wid\u017cet\u00f3w Elfsight ca\u0142kowicie za darmo.\" \/>\n<meta name=\"robots\" content=\"index, follow, max-snippet:-1, max-image-preview:large, max-video-preview:-1\" \/>\n<link rel=\"canonical\" href=\"https:\/\/elfsight.com\/pl\/pinterest-feed-widget\/blogger\/\" \/>\n<meta property=\"og:locale\" content=\"pl_PL\" \/>\n<meta property=\"og:type\" content=\"article\" \/>\n<meta property=\"og:title\" content=\"Kana\u0142 Pinteresta \u2014 dodaj wid\u017cet Pinteresta do witryny Bloggera (bezp\u0142atnie i \u0142atwo!)\" \/>\n<meta property=\"og:description\" content=\"Wygeneruj unikalny wid\u017cet kana\u0142u Pinterest dla Bloggera w zaledwie 1 minut\u0119. Przetestuj szybki edytor do projektowania wid\u017cet\u00f3w Elfsight ca\u0142kowicie za darmo.\" \/>\n<meta property=\"og:url\" content=\"https:\/\/elfsight.com\/pl\/pinterest-feed-widget\/blogger\/\" \/>\n<meta property=\"og:site_name\" content=\"Elfsight PL\" \/>\n<meta property=\"article:modified_time\" content=\"2024-11-14T12:43:12+00:00\" \/>\n<meta name=\"twitter:card\" content=\"summary_large_image\" \/>\n<meta name=\"twitter:label1\" content=\"Szacowany czas czytania\" \/>\n\t<meta name=\"twitter:data1\" content=\"3 minuty\" \/>\n<!-- \/ Yoast SEO plugin. -->","yoast_head_json":{"title":"Kana\u0142 Pinteresta \u2014 dodaj wid\u017cet Pinteresta do witryny Bloggera (bezp\u0142atnie i \u0142atwo!)","description":"Wygeneruj unikalny wid\u017cet kana\u0142u Pinterest dla Bloggera w zaledwie 1 minut\u0119. Przetestuj szybki edytor do projektowania wid\u017cet\u00f3w Elfsight ca\u0142kowicie za darmo.","robots":{"index":"index","follow":"follow","max-snippet":"max-snippet:-1","max-image-preview":"max-image-preview:large","max-video-preview":"max-video-preview:-1"},"canonical":"https:\/\/elfsight.com\/pl\/pinterest-feed-widget\/blogger\/","og_locale":"pl_PL","og_type":"article","og_title":"Kana\u0142 Pinteresta \u2014 dodaj wid\u017cet Pinteresta do witryny Bloggera (bezp\u0142atnie i \u0142atwo!)","og_description":"Wygeneruj unikalny wid\u017cet kana\u0142u Pinterest dla Bloggera w zaledwie 1 minut\u0119. Przetestuj szybki edytor do projektowania wid\u017cet\u00f3w Elfsight ca\u0142kowicie za darmo.","og_url":"https:\/\/elfsight.com\/pl\/pinterest-feed-widget\/blogger\/","og_site_name":"Elfsight PL","article_modified_time":"2024-11-14T12:43:12+00:00","twitter_card":"summary_large_image","twitter_misc":{"Szacowany czas czytania":"3 minuty"},"schema":{"@context":"https:\/\/schema.org","@graph":[{"@type":"WebPage","@id":"https:\/\/elfsight.com\/pl\/pinterest-feed-widget\/blogger\/","url":"https:\/\/elfsight.com\/pl\/pinterest-feed-widget\/blogger\/","name":"Kana\u0142 Pinteresta \u2014 dodaj wid\u017cet Pinteresta do witryny Bloggera (bezp\u0142atnie i \u0142atwo!)","isPartOf":{"@id":"https:\/\/elfsight.com\/pl\/#website"},"datePublished":"1970-01-01T00:00:00+00:00","dateModified":"2024-11-14T12:43:12+00:00","description":"Wygeneruj unikalny wid\u017cet kana\u0142u Pinterest dla Bloggera w zaledwie 1 minut\u0119. Przetestuj szybki edytor do projektowania wid\u017cet\u00f3w Elfsight ca\u0142kowicie za darmo.","breadcrumb":{"@id":"https:\/\/elfsight.com\/pl\/pinterest-feed-widget\/blogger\/#breadcrumb"},"inLanguage":"pl-PL","potentialAction":[{"@type":"ReadAction","target":["https:\/\/elfsight.com\/pl\/pinterest-feed-widget\/blogger\/"]}]},{"@type":"BreadcrumbList","@id":"https:\/\/elfsight.com\/pl\/pinterest-feed-widget\/blogger\/#breadcrumb","itemListElement":[{"@type":"ListItem","position":1,"name":"Home","item":"https:\/\/elfsight.com\/pl\/"},{"@type":"ListItem","position":2,"name":"Pinterest Feed","item":"https:\/\/elfsight.com\/pl\/pinterest-feed-widget\/"},{"@type":"ListItem","position":3,"name":"Pinterest Feed &#8211; Blogger"}]},{"@type":"WebSite","@id":"https:\/\/elfsight.com\/pl\/#website","url":"https:\/\/elfsight.com\/pl\/","name":"Elfsight PL","description":"Just another Elfsight Sites site","potentialAction":[{"@type":"SearchAction","target":{"@type":"EntryPoint","urlTemplate":"https:\/\/elfsight.com\/pl\/?s={search_term_string}"},"query-input":{"@type":"PropertyValueSpecification","valueRequired":true,"valueName":"search_term_string"}}],"inLanguage":"pl-PL"}]}},"meta_box":{"industry":"","seo_heading":"","heading":"","description":"","cta_heading":"","cta_description":"","application":"2833","h1":"Wid\u017cet kana\u0142u Bloggera na Pintere\u015bcie","h1_caption":"Umie\u015b\u0107 kana\u0142 pinezek ze swojego konta na Pintere\u015bcie, aby bez wysi\u0142ku wy\u015bwietla\u0107 dynamiczn\u0105 i atrakcyjn\u0105 wizualnie zawarto\u015b\u0107 w swojej witrynie Bloggera.","application_category":[],"applications_title":"","applications_request_title":"","applications_request_button_text":"","hero_text":"","hero_video":"","hero_video_schema_markup":"","selling_points_title":"","selling_points_caption":"","selling_points":[],"selling_points_cta_text":"","features_title":"","features":"","ed_cta_examples_text":"","ed_cta_examples_hidden":"","ed_cta_demo_text":"","ed_cta_demo_hidden":"","why_caption":"","why_editor_title":"","why_editor_text":"","why_team_title":"","why_team_text":"","why_service_title":"","why_service_text":"","template_catalog_visible":"","template_catalog_title":"","template_catalog_text":"","template_catalog_categories_visible":"","demo_title":"Utw\u00f3rz wid\u017cet kana\u0142u Pinterest","demo_caption":"Skonfiguruj sw\u00f3j kana\u0142 Pinterest i dodaj go do swojej witryny Bloggera za darmo!","default_faq_hidden":"","app_template_category":[],"platform":"44","template_public_id":"","codecanyon_url":"","codecanyon_item_id":"","codecanyon_price":"","pricing_caption":"","pricing_elfsight_apps_hide_column":"","pricing_elfsight_apps_url":"","pricing_codecanyon_price_caption":"","integration_category":[],"integration_request_title":"","integration_request_cta":"","integration_platform":"","integrations":[],"platform_category":[],"video_schema_markup":"","price":"od 0 USD \/ miesi\u0105c","trial":"","benefits":[{"text":"Bezp\u0142atna us\u0142uga monta\u017cu"},{"text":"Do\u015bwiadczona obs\u0142uga klienta"},{"text":"14-dniowa gwarancja zwrotu pieni\u0119dzy"}],"button_url":"#demo","button_target_blank":"","button_nofollow":"","attributes":[{"name":"Instaluje"},{"name":"Czu\u0142y"},{"name":"Kompatybilne przegl\u0105darki"}],"tags":[],"tags_disable_links":"","hide_more_platforms":"","video_object":"","demo_hide_cta":"","demo_hide_cloud_options":"","pricing_title":"","pricing":[{"pricing_icon":"platform","pricing_title":"Elfsight Apps","pricing_title_caption":"Wieloplatformowe rozwi\u0105zanie cyfrowe, kt\u00f3re pasuje do ka\u017cdej witryny","pricing_price":"od 0 USD \/ miesi\u0105c","pricing_price_caption":"zacznij od bezp\u0142atnego planu","pricing_benefits":[{"text":"Nielimitowane domeny"},{"text":"Ca\u0142odobowe i terminowe wsparcie"},{"text":"Bezp\u0142atna us\u0142uga monta\u017cu"},{"text":"100% konfigurowalny"}],"pricing_button_text":"Dodaj do witryny","pricing_button_url":"#demo"}],"related_apps_title":"","related_apps_hidden":"","author":"","image":[],"title":"","job":"","social_networks":[]},"_links":{"self":[{"href":"https:\/\/elfsight.com\/pl\/wp-json\/wp\/v2\/pages\/5917","targetHints":{"allow":["GET"]}}],"collection":[{"href":"https:\/\/elfsight.com\/pl\/wp-json\/wp\/v2\/pages"}],"about":[{"href":"https:\/\/elfsight.com\/pl\/wp-json\/wp\/v2\/types\/page"}],"author":[{"embeddable":true,"href":"https:\/\/elfsight.com\/pl\/wp-json\/wp\/v2\/users\/9"}],"replies":[{"embeddable":true,"href":"https:\/\/elfsight.com\/pl\/wp-json\/wp\/v2\/comments?post=5917"}],"version-history":[{"count":2,"href":"https:\/\/elfsight.com\/pl\/wp-json\/wp\/v2\/pages\/5917\/revisions"}],"predecessor-version":[{"id":7914,"href":"https:\/\/elfsight.com\/pl\/wp-json\/wp\/v2\/pages\/5917\/revisions\/7914"}],"up":[{"embeddable":true,"href":"https:\/\/elfsight.com\/pl\/wp-json\/wp\/v2\/pages\/2834"}],"wp:attachment":[{"href":"https:\/\/elfsight.com\/pl\/wp-json\/wp\/v2\/media?parent=5917"}],"curies":[{"name":"wp","href":"https:\/\/api.w.org\/{rel}","templated":true}]}}