{"id":5912,"date":"1970-01-01T00:00:00","date_gmt":"1970-01-01T00:00:00","guid":{"rendered":"https:\/\/elfsight.com\/pl\/?page_id=5912"},"modified":"2024-11-14T12:43:12","modified_gmt":"2024-11-14T12:43:12","slug":"bigcommerce","status":"publish","type":"page","link":"https:\/\/elfsight.com\/pl\/pinterest-feed-widget\/bigcommerce\/","title":{"rendered":"Pinterest Feed &#8211; BigCommerce"},"content":{"rendered":"<div class=\"application-platform-content-item-description application-platform-content-item\" id=\"description\" data-nav-section=\"description\"><h2>Opis<\/h2><p>Korzystaj\u0105c z kana\u0142u Pinterest firmy Elfsight, mo\u017cesz w mgnieniu oka wstawi\u0107 na swoj\u0105 stron\u0119 niesamowite obrazy z Pinteresta . Narz\u0119dzie Elfsight umo\u017cliwia dodanie dowolnych pinezek, tablic i ca\u0142ego profilu na stronie. Przyci\u0105gaj klient\u00f3w odpowiednio dobranymi obrazami, tablicami tematycznymi i tw\u00f3rz w\u0142asne, oryginalne galerie. Poszerz zakres swoich obraz\u00f3w, zwi\u0119ksz zaanga\u017cowanie w witrynie i w mi\u0119dzyczasie zdob\u0105d\u017a nowych subskrybent\u00f3w swojego konta na Pintere\u015bcie.<\/p><p><b>Poka\u017c sw\u00f3j profil, dodaj tablice i zaznacz pinezki, aby zaprezentowa\u0107 najbardziej wci\u0105gaj\u0105cy obraz materia\u0142y na Twojej stronie!<\/b><\/p><ul><li><b>Zdob\u0105d\u017a now\u0105 sprzeda\u017c demonstruj\u0105c\u0105 Twoje oferty<\/b><br>Tw\u00f3rz w\u0142asne, unikalnie zaprojektowane kolekcje zdj\u0119\u0107 ze swoimi projektami lub najnowszymi trendami i zakupy obowi\u0105zkowe, aby ludzie ch\u0119tniej robili zakupy.<\/li><li><b>Zdob\u0105d\u017a wi\u0119cej obserwuj\u0105cych na Pintere\u015bcie<\/b><br>Dzi\u0119ki przyciskowi Obserwuj dost\u0119pnemu w Aktualno\u015bciach wi\u0119cej klient\u00f3w b\u0119dzie mia\u0142o szans\u0119 do\u0142\u0105czy\u0107 do Twoich subskrybent\u00f3w .<\/li><li><b>Podnie\u015b poziom sprzeda\u017cy za pomoc\u0105 atrakcyjnych zdj\u0119\u0107<\/b><br>Wybierz najbardziej atrakcyjne zdj\u0119cia swoich produkt\u00f3w; demonstruj najnowsze trendy i przekonuj\u0105ce zdj\u0119cia, aby klienci byli skazani na zakup.<\/li><\/ul><\/div><div class=\"application-platform-content-item-features application-platform-content-item\" id=\"features\" data-nav-section=\"features\"><h2>Funkcje<\/h2><p>Jakie zalety sprawiaj\u0105, \u017ce aplikacja Elfsight najlepszy dla Twojej witryny BigCommerce? Sprawd\u017a list\u0119:<\/p><ul><li>Dodawaj pinezki i tablice wed\u0142ug adresu URL;<\/li><li>Dost\u0119pne s\u0105 22 popularne j\u0119zyki;<\/li><li>Poka\u017c lub ukryj nag\u0142\u00f3wek;<\/li> <li>Responsywny dla urz\u0105dze\u0144 mobilnych w dowolnym rozmiarze i proporcji.<\/li><\/ul><p><a href=\"#demo\">Zobacz wszystkie szczeg\u00f3\u0142y<\/a><\/p><\/div><div class=\"application-platform-content-item-installation application-platform-content-item\" id=\"installation\" data-nav-section=\"installation\"><h2>Jak doda\u0107 Pinteresta do witryny BigCommerce<\/h2><div class=\"video-container\"><iframe width=\"720\" height=\"405\" src=\"https:\/\/www.youtube.com\/embed\/TENs6QSMPBs\" frameborder=\"0\" allowfullscreen=\"\"><\/iframe><\/div><p>Wystarczy wykona\u0107 kroki opisane poni\u017cej, aby umie\u015bci\u0107 aplikacj\u0119 w BigCommerce.<\/p> <ol><li><b>Zarz\u0105dzaj nasz\u0105 bezp\u0142atn\u0105 wersj\u0105 demonstracyjn\u0105 i zacznij tworzy\u0107 sw\u00f3j unikalny widget. <\/b><br> Znajd\u017a niestandardowy wygl\u0105d i funkcjonalno\u015b\u0107 wtyczki i zastosuj modyfikacje. <\/li> <li><b>Zdob\u0105d\u017a sw\u00f3j indywidualny kod pokazany w specjalnym formularzu w aplikacjach Elfsight. <\/b><br> Po zako\u0144czeniu dostosowywania wid\u017cetu kana\u0142u Pinterest skopiuj kod osobisty z wy\u015bwietlonego wyskakuj\u0105cego okienka i zachowaj go na dalsze potrzeby. <\/li> <li><b>Zacznij korzysta\u0107 z narz\u0119dzia w swojej witrynie BigCommerce. <\/b><br> Zaimplementuj kod, kt\u00f3ry ostatnio zapisa\u0142e\u015b na swojej stronie i zastosuj poprawki. <\/li> <li><b>Gotowe! Integracja zosta\u0142a w pe\u0142ni wykonana. <\/b><br> Przejd\u017a do swojej witryny, aby sprawdzi\u0107 dzia\u0142anie wtyczki. <\/li><\/ol><p>Napotka\u0142e\u015b problemy podczas projektowania lub dostosowywania wid\u017cetu? Skontaktuj si\u0119 z naszym zespo\u0142em pomocy technicznej.<\/p><\/div><div class=\"faq\" data-component=\"FAQ\"><div class=\"faq-item\">\r\n\t\t\t\t\t<div class=\"faq-item-question\">\r\n\t\t\t\t\t\t<h3 class=\"faq-item-question-text\">W jaki spos\u00f3b mog\u0119 doda\u0107 kana\u0142 Pinterest do mojej strony internetowej BigCommerce bez do\u015bwiadczenia w kodowaniu?<\/h3>\r\n\r\n\t\t\t\t\t\t<div class=\"faq-item-question-icon\"><\/div>\r\n\t\t\t\t\t<\/div>\r\n\r\n\t\t\t\t\t<div class=\"faq-item-answer\">\r\n\t\t\t\t\t\t<div class=\"faq-item-answer-text\"><p>Firma Elfsight dostarcza rozwi\u0105zanie w chmurze, kt\u00f3re umo\u017cliwia samodzielne wygenerowanie wid\u017cetu kana\u0142u Pinterest. Sprawd\u017a proste instrukcje: <\/p><ul><li>Pracuj bezpo\u015brednio w edytorze online, aby utworzy\u0107 wid\u017cet kana\u0142u Pinterest, jaki chcesz aby osadzi\u0107 na stronie g\u0142\u00f3wnej BigCommerce.<\/li><li>Kliknij jeden z gotowych szablon\u00f3w i zmodyfikuj ustawienia kana\u0142u Pinterest, zaktualizuj tre\u015b\u0107, zmie\u0144 uk\u0142ad i kolory bez kodowania.<\/li><li>Zapisz Pinterest Podaj i pobierz kod wid\u017cetu do instalacji, kt\u00f3ry mo\u017cesz bez wysi\u0142ku wklei\u0107 na swojej stronie BigCommerce bez kupowania p\u0142atnego planu. <\/li><\/ul><p>Dzi\u0119ki naszemu \u0142atwemu w u\u017cyciu edytorowi ka\u017cdy u\u017cytkownik Internetu mo\u017ce utworzy\u0107 wid\u017cet kana\u0142u Pinterest online i po prostu doda\u0107 go do swojej strony internetowej BigCommerce. Nie wolno p\u0142aci\u0107 ani wprowadza\u0107 danych uwierzytelniaj\u0105cych karty, aby wej\u015b\u0107 do Edytora Elfsight. Je\u015bli na kt\u00f3rymkolwiek etapie napotkasz jakiekolwiek przeszkody, skontaktuj si\u0119 z naszym zespo\u0142em pomocy.<\/p><\/div>\r\n\t\t\t\t\t<\/div>\r\n\t\t\t\t<\/div><\/div>","protected":false},"excerpt":{"rendered":"","protected":false},"author":9,"featured_media":0,"parent":2834,"menu_order":0,"comment_status":"closed","ping_status":"closed","template":"templates\/template-application-platform.php","meta":{"publish_to_discourse":"","publish_post_category":"","wpdc_auto_publish_overridden":"","wpdc_topic_tags":"","wpdc_pin_topic":"","wpdc_pin_until":"","discourse_post_id":"","discourse_permalink":"","wpdc_publishing_response":"","wpdc_publishing_error":"","footnotes":""},"class_list":["post-5912","page","type-page","status-publish","hentry"],"yoast_head":"<!-- This site is optimized with the Yoast SEO plugin v25.3.1 - https:\/\/yoast.com\/wordpress\/plugins\/seo\/ -->\n<title>Kana\u0142 Pinteresta \u2014 dodaj aplikacj\u0119 Pinterest do witryny BigCommerce (2025)<\/title>\n<meta name=\"description\" content=\"Dodaj aplikacj\u0119 Pinterest Feed na BigCommerce tylko w 2 minuty. Sprawd\u017a wszystkie g\u0142\u00f3wne cechy najlepszej aplikacji Pinterest w darmowym edytorze.\" \/>\n<meta name=\"robots\" content=\"index, follow, max-snippet:-1, max-image-preview:large, max-video-preview:-1\" \/>\n<link rel=\"canonical\" href=\"https:\/\/elfsight.com\/pl\/pinterest-feed-widget\/bigcommerce\/\" \/>\n<meta property=\"og:locale\" content=\"pl_PL\" \/>\n<meta property=\"og:type\" content=\"article\" \/>\n<meta property=\"og:title\" content=\"Kana\u0142 Pinteresta \u2014 dodaj aplikacj\u0119 Pinterest do witryny BigCommerce (2025)\" \/>\n<meta property=\"og:description\" content=\"Dodaj aplikacj\u0119 Pinterest Feed na BigCommerce tylko w 2 minuty. Sprawd\u017a wszystkie g\u0142\u00f3wne cechy najlepszej aplikacji Pinterest w darmowym edytorze.\" \/>\n<meta property=\"og:url\" content=\"https:\/\/elfsight.com\/pl\/pinterest-feed-widget\/bigcommerce\/\" \/>\n<meta property=\"og:site_name\" content=\"Elfsight PL\" \/>\n<meta property=\"article:modified_time\" content=\"2024-11-14T12:43:12+00:00\" \/>\n<meta name=\"twitter:card\" content=\"summary_large_image\" \/>\n<meta name=\"twitter:label1\" content=\"Szacowany czas czytania\" \/>\n\t<meta name=\"twitter:data1\" content=\"3 minuty\" \/>\n<!-- \/ Yoast SEO plugin. -->","yoast_head_json":{"title":"Kana\u0142 Pinteresta \u2014 dodaj aplikacj\u0119 Pinterest do witryny BigCommerce (2025)","description":"Dodaj aplikacj\u0119 Pinterest Feed na BigCommerce tylko w 2 minuty. Sprawd\u017a wszystkie g\u0142\u00f3wne cechy najlepszej aplikacji Pinterest w darmowym edytorze.","robots":{"index":"index","follow":"follow","max-snippet":"max-snippet:-1","max-image-preview":"max-image-preview:large","max-video-preview":"max-video-preview:-1"},"canonical":"https:\/\/elfsight.com\/pl\/pinterest-feed-widget\/bigcommerce\/","og_locale":"pl_PL","og_type":"article","og_title":"Kana\u0142 Pinteresta \u2014 dodaj aplikacj\u0119 Pinterest do witryny BigCommerce (2025)","og_description":"Dodaj aplikacj\u0119 Pinterest Feed na BigCommerce tylko w 2 minuty. Sprawd\u017a wszystkie g\u0142\u00f3wne cechy najlepszej aplikacji Pinterest w darmowym edytorze.","og_url":"https:\/\/elfsight.com\/pl\/pinterest-feed-widget\/bigcommerce\/","og_site_name":"Elfsight PL","article_modified_time":"2024-11-14T12:43:12+00:00","twitter_card":"summary_large_image","twitter_misc":{"Szacowany czas czytania":"3 minuty"},"schema":{"@context":"https:\/\/schema.org","@graph":[{"@type":"WebPage","@id":"https:\/\/elfsight.com\/pl\/pinterest-feed-widget\/bigcommerce\/","url":"https:\/\/elfsight.com\/pl\/pinterest-feed-widget\/bigcommerce\/","name":"Kana\u0142 Pinteresta \u2014 dodaj aplikacj\u0119 Pinterest do witryny BigCommerce (2025)","isPartOf":{"@id":"https:\/\/elfsight.com\/pl\/#website"},"datePublished":"1970-01-01T00:00:00+00:00","dateModified":"2024-11-14T12:43:12+00:00","description":"Dodaj aplikacj\u0119 Pinterest Feed na BigCommerce tylko w 2 minuty. Sprawd\u017a wszystkie g\u0142\u00f3wne cechy najlepszej aplikacji Pinterest w darmowym edytorze.","breadcrumb":{"@id":"https:\/\/elfsight.com\/pl\/pinterest-feed-widget\/bigcommerce\/#breadcrumb"},"inLanguage":"pl-PL","potentialAction":[{"@type":"ReadAction","target":["https:\/\/elfsight.com\/pl\/pinterest-feed-widget\/bigcommerce\/"]}]},{"@type":"BreadcrumbList","@id":"https:\/\/elfsight.com\/pl\/pinterest-feed-widget\/bigcommerce\/#breadcrumb","itemListElement":[{"@type":"ListItem","position":1,"name":"Home","item":"https:\/\/elfsight.com\/pl\/"},{"@type":"ListItem","position":2,"name":"Pinterest Feed","item":"https:\/\/elfsight.com\/pl\/pinterest-feed-widget\/"},{"@type":"ListItem","position":3,"name":"Pinterest Feed &#8211; BigCommerce"}]},{"@type":"WebSite","@id":"https:\/\/elfsight.com\/pl\/#website","url":"https:\/\/elfsight.com\/pl\/","name":"Elfsight PL","description":"Just another Elfsight Sites site","potentialAction":[{"@type":"SearchAction","target":{"@type":"EntryPoint","urlTemplate":"https:\/\/elfsight.com\/pl\/?s={search_term_string}"},"query-input":{"@type":"PropertyValueSpecification","valueRequired":true,"valueName":"search_term_string"}}],"inLanguage":"pl-PL"}]}},"meta_box":{"industry":"","seo_heading":"","heading":"","description":"","cta_heading":"","cta_description":"","application":"2833","h1":"Aplikacja BigCommerce na Pintere\u015bcie","h1_caption":"Umie\u015b\u0107 kana\u0142 pinezek ze swojego konta na Pintere\u015bcie, aby bez wysi\u0142ku wy\u015bwietla\u0107 dynamiczn\u0105 i atrakcyjn\u0105 wizualnie zawarto\u015b\u0107 w swojej witrynie BigCommerce.","application_category":[],"applications_title":"","applications_request_title":"","applications_request_button_text":"","hero_text":"","hero_video":"","hero_video_schema_markup":"","selling_points_title":"","selling_points_caption":"","selling_points":[],"selling_points_cta_text":"","features_title":"","features":"","ed_cta_examples_text":"","ed_cta_examples_hidden":"","ed_cta_demo_text":"","ed_cta_demo_hidden":"","why_caption":"","why_editor_title":"","why_editor_text":"","why_team_title":"","why_team_text":"","why_service_title":"","why_service_text":"","template_catalog_visible":"","template_catalog_title":"","template_catalog_text":"","template_catalog_categories_visible":"","demo_title":"Utw\u00f3rz aplikacj\u0119 z kana\u0142ami Pinterest","demo_caption":"Skonfiguruj sw\u00f3j kana\u0142 Pinterest i dodaj go do swojej witryny BigCommerce za darmo!","default_faq_hidden":"","app_template_category":[],"platform":"41","template_public_id":"","codecanyon_url":"","codecanyon_item_id":"","codecanyon_price":"","pricing_caption":"","pricing_elfsight_apps_hide_column":"","pricing_elfsight_apps_url":"","pricing_codecanyon_price_caption":"","integration_category":[],"integration_request_title":"","integration_request_cta":"","integration_platform":"","integrations":[],"platform_category":[],"video_schema_markup":"","price":"od 0 USD \/ miesi\u0105c","trial":"","benefits":[{"text":"Bezp\u0142atna pomoc w monta\u017cu"},{"text":"Skuteczna obs\u0142uga klienta"},{"text":"14-dniowa gwarancja zwrotu pieni\u0119dzy"}],"button_url":"#demo","button_target_blank":"","button_nofollow":"","attributes":[{"name":"Instaluje"},{"name":"Czu\u0142y"},{"name":"Kompatybilne przegl\u0105darki"}],"tags":[],"tags_disable_links":"","hide_more_platforms":"","video_object":"","demo_hide_cta":"","demo_hide_cloud_options":"","pricing_title":"","pricing":[{"pricing_icon":"platform","pricing_title":"Elfsight Apps","pricing_title_caption":"Wieloplatformowe rozwi\u0105zanie cyfrowe","pricing_price":"od 0 USD \/ miesi\u0105c","pricing_price_caption":"zacznij od bezp\u0142atnego planu","pricing_benefits":[{"text":"Nielimitowane strony internetowe"},{"text":"Bezp\u0142atne wsparcie firmy i dobrze udokumentowane"},{"text":"Bezp\u0142atna pomoc w monta\u017cu"},{"text":"W pe\u0142ni konfigurowalny"}],"pricing_button_text":"Dodaj do witryny","pricing_button_url":"#demo"}],"related_apps_title":"","related_apps_hidden":"","author":"","image":[],"title":"","job":"","social_networks":[]},"_links":{"self":[{"href":"https:\/\/elfsight.com\/pl\/wp-json\/wp\/v2\/pages\/5912","targetHints":{"allow":["GET"]}}],"collection":[{"href":"https:\/\/elfsight.com\/pl\/wp-json\/wp\/v2\/pages"}],"about":[{"href":"https:\/\/elfsight.com\/pl\/wp-json\/wp\/v2\/types\/page"}],"author":[{"embeddable":true,"href":"https:\/\/elfsight.com\/pl\/wp-json\/wp\/v2\/users\/9"}],"replies":[{"embeddable":true,"href":"https:\/\/elfsight.com\/pl\/wp-json\/wp\/v2\/comments?post=5912"}],"version-history":[{"count":2,"href":"https:\/\/elfsight.com\/pl\/wp-json\/wp\/v2\/pages\/5912\/revisions"}],"predecessor-version":[{"id":7913,"href":"https:\/\/elfsight.com\/pl\/wp-json\/wp\/v2\/pages\/5912\/revisions\/7913"}],"up":[{"embeddable":true,"href":"https:\/\/elfsight.com\/pl\/wp-json\/wp\/v2\/pages\/2834"}],"wp:attachment":[{"href":"https:\/\/elfsight.com\/pl\/wp-json\/wp\/v2\/media?parent=5912"}],"curies":[{"name":"wp","href":"https:\/\/api.w.org\/{rel}","templated":true}]}}