{"id":5910,"date":"1970-01-01T00:00:00","date_gmt":"1970-01-01T00:00:00","guid":{"rendered":"https:\/\/elfsight.com\/pl\/?page_id=5910"},"modified":"2025-06-19T14:41:30","modified_gmt":"2025-06-19T14:41:30","slug":"elementor","status":"publish","type":"page","link":"https:\/\/elfsight.com\/pl\/pinterest-feed-widget\/elementor\/","title":{"rendered":"Pinterest Feed &#8211; Elementor"},"content":{"rendered":"<div class=\"application-platform-content-item-description application-platform-content-item\" id=\"description\" data-nav-section=\"description\">\n<h2>Osad\u017a kana\u0142 Pinterest w Elementorze za pomoc\u0105 wid\u017cetu Elfsight<\/h2>\n<p>Wid\u017cet Elfsight Pinterest pomaga wy\u015bwietla\u0107 Tw\u00f3j profil oraz wszelkie pinezki i tablice z Pinteresta na Twojej stronie. Za pomoc\u0105 naszej wtyczki mo\u017cesz nie tylko wprowadzi\u0107 swoje konto na Pintere\u015bcie, ale tak\u017ce sortowa\u0107 pinezki i tablice, aby mie\u0107 kolekcje zdj\u0119\u0107 na swojej stronie. Prezentuj swoje oferty, motywuj klient\u00f3w do odkrywania nowych inspiracji lub po prostu wizualizuj swoj\u0105 stron\u0119 internetow\u0105. Elastyczny kana\u0142 Pinteresta pomo\u017ce Ci zwi\u0119kszy\u0107 zasi\u0119g Twoich materia\u0142\u00f3w wizualnych, podnie\u015b\u0107 poziom zaanga\u017cowania w witrynie i zwi\u0119kszy\u0107 liczb\u0119 subskrybent\u00f3w Pinteresta.<\/p>\n<p><b>Dodawaj do swojej witryny obrazy z medi\u00f3w spo\u0142eczno\u015bciowych natychmiast i wygodnie.<\/b><\/p>\n<p><b>Zwi\u0119ksz zaanga\u017cowanie odwiedzaj\u0105cych Twoj\u0105 witryn\u0119<\/b><br>Starannie dobrane zdj\u0119cia przyci\u0105gaj\u0105 maksymaln\u0105 uwag\u0119 u\u017cytkownik\u00f3w i utrzymuj\u0105 zaanga\u017cowanie klient\u00f3w.<\/p>\n<p><b>Poszerz rozpowszechnianie w mediach spo\u0142eczno\u015bciowych Twoich tre\u015bci z Pinteresta.<\/b><br>Daj u\u017cytkownikom, kt\u00f3rzy nie s\u0105 na Pintere\u015bcie, mo\u017cliwo\u015b\u0107 odkrycia Twoich bogatych tre\u015bci, demonstruj\u0105c je w witrynie.<\/p>\n<p><b>Zwi\u0119ksz poziom sprzeda\u017cy z atrakcyjn\u0105 grafik\u0105.<\/b><br>Wybierz najatrakcyjniejsze zdj\u0119cia swoich produkt\u00f3w lub us\u0142ug; zaprezentuj najnowsze trendy i inspiruj\u0105ce zdj\u0119cia, aby ludzie chcieli kupowa\u0107.<\/p>\n<\/div>\n\n<div class=\"application-platform-content-item-features application-platform-content-item\" id=\"features\" data-nav-section=\"features\">\n<h2>G\u0142\u00f3wne funkcje wid\u017cetu Kana\u0142 Pinteresta<\/h2>\n<p>Wiele funkcji zalet, kt\u00f3re czyni\u0105 wid\u017cet Elfsight jedn\u0105 z najwa\u017cniejszych wtyczek dla ka\u017cdej witryny WordPress:<\/p>\n<ul>\n    <li>Dodawaj pinezki i tablice wed\u0142ug adresu URL;<\/li>\n    <li>Wybierz g\u0142\u00f3wny kolor motywu;<\/li>\n    <li>Poka\u017c lub ukryj nag\u0142\u00f3wek;<\/li>\n    <li>Kliknij obraz, aby otworzy\u0107 go na Pintere\u015bcie;<\/li>\n<\/ul>\n<p><a href=\"#demo\">Sprawd\u017a wszystkie funkcje w panelu<\/a><\/p>\n<\/div>\n\n<div class=\"application-platform-content-item-installation application-platform-content-item\" id=\"installation\" data-nav-section=\"installation\">\n<h2>Jak doda\u0107 kana\u0142 Pinterest do witryny Elementor<\/h2>\n<div class=\"video-container\"><iframe width=\"720\" height=\"405\" src=\"https:\/\/www.youtube.com\/embed\/IXp6IEJfkeQ\" frameborder=\"0\" allowfullscreen=\"\"><\/iframe><\/div>\n<p>Prosty samouczek dotycz\u0105cy generowania ikon dla witryny bez wiedzy w zakresie programowania. Ca\u0142kowity czas r\u0119cznego wykonywania wynosi oko\u0142o 70 sekund.<\/p>\n<ol>\n    <li><b>Stw\u00f3rz swoj\u0105 unikaln\u0105 wtyczk\u0119 Pinteresta<\/b><br>Korzystaj\u0105c z naszej bezp\u0142atnej wersji demonstracyjnej, utw\u00f3rz wtyczk\u0119 z \u017c\u0105danym uk\u0142adem i ustawieniami.<\/li>\n    <li><b>Zdob\u0105d\u017a kod, aby zainstalowa\u0107 wtyczk\u0119<\/b><br>Po dostosowaniu wid\u017cetu uzyskaj kod do kana\u0142u Pinterest z wy\u015bwietlonego okna aplikacji Elfsight.<\/li>\n    <li><b>Wy\u015bwietl wtyczk\u0119 na stronie Elementora<\/b><br>Dodaj wtyczk\u0119 w wymaganym miejscu strony i zastosuj wyniki.<\/li>\n    <li><b>Gotowe!<\/b><br>Przejd\u017a do swojej witryny i sprawd\u017a swoj\u0105 prac\u0119.<\/li>\n<\/ol>\n<p>Napotka\u0142e\u015b trudno\u015bci podczas wykonywania instrukcji? Wy\u015blij zapytanie do centrum pomocy Elfsight.<\/p>\n\n<div class=\"faq\" data-component=\"FAQ\">\n    <div class=\"faq-item\">\r\n\t\t\t\t\t<div class=\"faq-item-question\">\r\n\t\t\t\t\t\t<h3 class=\"faq-item-question-text\">Jak mog\u0119 osadzi\u0107 galeri\u0119 wideo YouTube na mojej stronie internetowej Squarespace bez umiej\u0119tno\u015bci kodowania?<\/h3>\r\n\r\n\t\t\t\t\t\t<div class=\"faq-item-question-icon\"><\/div>\r\n\t\t\t\t\t<\/div>\r\n\r\n\t\t\t\t\t<div class=\"faq-item-answer\">\r\n\t\t\t\t\t\t<div class=\"faq-item-answer-text\">\n    <p>Elfsight przedstawia rozwi\u0105zanie oparte na chmurze, kt\u00f3re pozwala u\u017cytkownicy mog\u0105 samodzielnie utworzy\u0107 galeri\u0119 wideo YouTube, przekonaj si\u0119, jak nieskomplikowany jest ten proces:<\/p>\n    <ul>\n        <li>Otw\u00f3rz edytor online, aby utworzy\u0107 sekcj\u0119 Galerii wideo YouTube, kt\u00f3r\u0105 chcesz osadzi\u0107 w swojej witrynie Squarespace.<\/li>\n        <li>Wybierz jeden z naszych gotowych szablon\u00f3w i dostosuj ustawienia Galerii wideo YouTube, zmie\u0144 uk\u0142ad i schemat kolor\u00f3w, uwzgl\u0119dnij tre\u015bci bez \u017cadnych wymaga\u0144 dotycz\u0105cych kodowania.<\/li>\n        <li>Zachowaj wprowadzone zmiany stworzone dla Galerii wideo YouTube i uzyskaj kod wid\u017cetu do umieszczenia, kt\u00f3ry mo\u017cna \u0142atwo i bezp\u0142atnie wstawi\u0107 do Twojej witryny Squarespace.<\/li>\n    <\/ul>\n    <p>Dzi\u0119ki obs\u0142udze przyjaznego dla u\u017cytkownika Edytora ka\u017cdy u\u017cytkownik online mo\u017ce ukszta\u0142towa\u0107 sekcj\u0119 Galerii wideo YouTube i doda\u0107 j\u0105 do swojej witryny Squarespace. Aby uzyska\u0107 dost\u0119p do Edytora Elfsight, nie jest wymagana \u017cadna p\u0142atno\u015b\u0107 ani ujawnianie danych karty. Je\u015bli w kt\u00f3rymkolwiek momencie napotkasz jakiekolwiek przeszkody, nie wahaj si\u0119 skontaktowa\u0107 z naszym dzia\u0142em obs\u0142ugi klienta.<\/p>\n    <\/div>\r\n\t\t\t\t\t<\/div>\r\n\t\t\t\t<\/div>\n<\/div>\n<\/div>","protected":false},"excerpt":{"rendered":"","protected":false},"author":9,"featured_media":0,"parent":2834,"menu_order":0,"comment_status":"closed","ping_status":"closed","template":"templates\/template-application-platform.php","meta":{"publish_to_discourse":"","publish_post_category":"","wpdc_auto_publish_overridden":"","wpdc_topic_tags":"","wpdc_pin_topic":"","wpdc_pin_until":"","discourse_post_id":"","discourse_permalink":"","wpdc_publishing_response":"","wpdc_publishing_error":"","footnotes":""},"class_list":["post-5910","page","type-page","status-publish","hentry"],"yoast_head":"<!-- This site is optimized with the Yoast SEO plugin v25.3.1 - https:\/\/yoast.com\/wordpress\/plugins\/seo\/ -->\n<title>Wid\u017cet kana\u0142u Pinterest dla witryny Elementor (2025)<\/title>\n<meta name=\"description\" content=\"Utw\u00f3rz wid\u017cet kana\u0142u Pinterest dla elementu Elementor i dodaj go na swojej stronie internetowej w zaledwie 3 minuty. Darmowe demo, wsparcie przy dostosowywaniu i inne korzy\u015bci od Elfsight!\" \/>\n<meta name=\"robots\" content=\"index, follow, max-snippet:-1, max-image-preview:large, max-video-preview:-1\" \/>\n<link rel=\"canonical\" href=\"https:\/\/elfsight.com\/pl\/pinterest-feed-widget\/elementor\/\" \/>\n<meta property=\"og:locale\" content=\"pl_PL\" \/>\n<meta property=\"og:type\" content=\"article\" \/>\n<meta property=\"og:title\" content=\"Wid\u017cet kana\u0142u Pinterest dla witryny Elementor (2025)\" \/>\n<meta property=\"og:description\" content=\"Utw\u00f3rz wid\u017cet kana\u0142u Pinterest dla elementu Elementor i dodaj go na swojej stronie internetowej w zaledwie 3 minuty. Darmowe demo, wsparcie przy dostosowywaniu i inne korzy\u015bci od Elfsight!\" \/>\n<meta property=\"og:url\" content=\"https:\/\/elfsight.com\/pl\/pinterest-feed-widget\/elementor\/\" \/>\n<meta property=\"og:site_name\" content=\"Elfsight PL\" \/>\n<meta property=\"article:modified_time\" content=\"2025-06-19T14:41:30+00:00\" \/>\n<meta name=\"twitter:card\" content=\"summary_large_image\" \/>\n<meta name=\"twitter:label1\" content=\"Szacowany czas czytania\" \/>\n\t<meta name=\"twitter:data1\" content=\"3 minuty\" \/>\n<!-- \/ Yoast SEO plugin. -->","yoast_head_json":{"title":"Wid\u017cet kana\u0142u Pinterest dla witryny Elementor (2025)","description":"Utw\u00f3rz wid\u017cet kana\u0142u Pinterest dla elementu Elementor i dodaj go na swojej stronie internetowej w zaledwie 3 minuty. Darmowe demo, wsparcie przy dostosowywaniu i inne korzy\u015bci od Elfsight!","robots":{"index":"index","follow":"follow","max-snippet":"max-snippet:-1","max-image-preview":"max-image-preview:large","max-video-preview":"max-video-preview:-1"},"canonical":"https:\/\/elfsight.com\/pl\/pinterest-feed-widget\/elementor\/","og_locale":"pl_PL","og_type":"article","og_title":"Wid\u017cet kana\u0142u Pinterest dla witryny Elementor (2025)","og_description":"Utw\u00f3rz wid\u017cet kana\u0142u Pinterest dla elementu Elementor i dodaj go na swojej stronie internetowej w zaledwie 3 minuty. Darmowe demo, wsparcie przy dostosowywaniu i inne korzy\u015bci od Elfsight!","og_url":"https:\/\/elfsight.com\/pl\/pinterest-feed-widget\/elementor\/","og_site_name":"Elfsight PL","article_modified_time":"2025-06-19T14:41:30+00:00","twitter_card":"summary_large_image","twitter_misc":{"Szacowany czas czytania":"3 minuty"},"schema":{"@context":"https:\/\/schema.org","@graph":[{"@type":"WebPage","@id":"https:\/\/elfsight.com\/pl\/pinterest-feed-widget\/elementor\/","url":"https:\/\/elfsight.com\/pl\/pinterest-feed-widget\/elementor\/","name":"Wid\u017cet kana\u0142u Pinterest dla witryny Elementor (2025)","isPartOf":{"@id":"https:\/\/elfsight.com\/pl\/#website"},"datePublished":"1970-01-01T00:00:00+00:00","dateModified":"2025-06-19T14:41:30+00:00","description":"Utw\u00f3rz wid\u017cet kana\u0142u Pinterest dla elementu Elementor i dodaj go na swojej stronie internetowej w zaledwie 3 minuty. Darmowe demo, wsparcie przy dostosowywaniu i inne korzy\u015bci od Elfsight!","breadcrumb":{"@id":"https:\/\/elfsight.com\/pl\/pinterest-feed-widget\/elementor\/#breadcrumb"},"inLanguage":"pl-PL","potentialAction":[{"@type":"ReadAction","target":["https:\/\/elfsight.com\/pl\/pinterest-feed-widget\/elementor\/"]}]},{"@type":"BreadcrumbList","@id":"https:\/\/elfsight.com\/pl\/pinterest-feed-widget\/elementor\/#breadcrumb","itemListElement":[{"@type":"ListItem","position":1,"name":"Home","item":"https:\/\/elfsight.com\/pl\/"},{"@type":"ListItem","position":2,"name":"Pinterest Feed","item":"https:\/\/elfsight.com\/pl\/pinterest-feed-widget\/"},{"@type":"ListItem","position":3,"name":"Pinterest Feed &#8211; Elementor"}]},{"@type":"WebSite","@id":"https:\/\/elfsight.com\/pl\/#website","url":"https:\/\/elfsight.com\/pl\/","name":"Elfsight PL","description":"Just another Elfsight Sites site","potentialAction":[{"@type":"SearchAction","target":{"@type":"EntryPoint","urlTemplate":"https:\/\/elfsight.com\/pl\/?s={search_term_string}"},"query-input":{"@type":"PropertyValueSpecification","valueRequired":true,"valueName":"search_term_string"}}],"inLanguage":"pl-PL"}]}},"meta_box":{"industry":"","seo_heading":"","heading":"","description":"","cta_heading":"","cta_description":"","application":"2833","h1":"Kana\u0142 Elementora na Pintere\u015bcie","h1_caption":"Umie\u015b\u0107 kana\u0142 pinezek ze swojego konta na Pintere\u015bcie, aby bez wysi\u0142ku wy\u015bwietla\u0107 dynamiczn\u0105 i atrakcyjn\u0105 wizualnie zawarto\u015b\u0107 w swojej witrynie Elementor.","application_category":[],"applications_title":"","applications_request_title":"","applications_request_button_text":"","hero_text":"","hero_video":"","hero_video_schema_markup":"","selling_points_title":"","selling_points_caption":"","selling_points":[],"selling_points_cta_text":"","features_title":"","features":"","ed_cta_examples_text":"","ed_cta_examples_hidden":"","ed_cta_demo_text":"","ed_cta_demo_hidden":"","why_caption":"","why_editor_title":"","why_editor_text":"","why_team_title":"","why_team_text":"","why_service_title":"","why_service_text":"","template_catalog_visible":"0","template_catalog_title":"","template_catalog_text":"","template_catalog_categories_visible":"","demo_title":"Utw\u00f3rz wid\u017cet kana\u0142u Pinterest","demo_caption":"Skonfiguruj sw\u00f3j kana\u0142 Pinterest i dodaj go do swojej witryny Elementor za darmo!","default_faq_hidden":"","app_template_category":[],"platform":"268","template_public_id":"","codecanyon_url":"","codecanyon_item_id":"","codecanyon_price":"","pricing_caption":"","pricing_elfsight_apps_hide_column":"","pricing_elfsight_apps_url":"","pricing_codecanyon_price_caption":"","integration_category":[],"integration_request_title":"","integration_request_cta":"","integration_platform":"","integrations":[],"platform_category":[],"video_schema_markup":"","price":"od 0 USD \/ miesi\u0105c","trial":"","benefits":[{"text":"Bezp\u0142atna us\u0142uga monta\u017cu"},{"text":"Wsparcie premium"},{"text":"14-dniowa gwarancja zwrotu pieni\u0119dzy"}],"button_url":"#demo","button_target_blank":"0","button_nofollow":"0","attributes":[{"name":"Instaluje"},{"name":"Czu\u0142y"},{"name":"Kompatybilne przegl\u0105darki"}],"tags":[],"tags_disable_links":"0","hide_more_platforms":"0","video_object":"","demo_hide_cta":"0","demo_hide_cloud_options":"0","pricing_title":"","pricing":[{"pricing_icon":"platform","pricing_title":"Elfsight Apps","pricing_title_caption":"Rozwi\u0105zanie wieloplatformowe, kt\u00f3re pasuje do ka\u017cdej witryny","pricing_price":"od 0 USD \/ miesi\u0105c","pricing_price_caption":"zacznij od bezp\u0142atnego planu","pricing_benefits":[{"text":"Nielimitowane domeny"},{"text":"Ca\u0142odobowe i terminowe wsparcie"},{"text":"Bezp\u0142atna us\u0142uga monta\u017cu"},{"text":"Specjalna oferta na wiele aplikacji"}],"pricing_button_text":"Dodaj do witryny","pricing_button_url":"#demo"}],"related_apps_title":"","related_apps_hidden":"0","author":"","image":[],"title":"","job":"","social_networks":[]},"_links":{"self":[{"href":"https:\/\/elfsight.com\/pl\/wp-json\/wp\/v2\/pages\/5910","targetHints":{"allow":["GET"]}}],"collection":[{"href":"https:\/\/elfsight.com\/pl\/wp-json\/wp\/v2\/pages"}],"about":[{"href":"https:\/\/elfsight.com\/pl\/wp-json\/wp\/v2\/types\/page"}],"author":[{"embeddable":true,"href":"https:\/\/elfsight.com\/pl\/wp-json\/wp\/v2\/users\/9"}],"replies":[{"embeddable":true,"href":"https:\/\/elfsight.com\/pl\/wp-json\/wp\/v2\/comments?post=5910"}],"version-history":[{"count":4,"href":"https:\/\/elfsight.com\/pl\/wp-json\/wp\/v2\/pages\/5910\/revisions"}],"predecessor-version":[{"id":10144,"href":"https:\/\/elfsight.com\/pl\/wp-json\/wp\/v2\/pages\/5910\/revisions\/10144"}],"up":[{"embeddable":true,"href":"https:\/\/elfsight.com\/pl\/wp-json\/wp\/v2\/pages\/2834"}],"wp:attachment":[{"href":"https:\/\/elfsight.com\/pl\/wp-json\/wp\/v2\/media?parent=5910"}],"curies":[{"name":"wp","href":"https:\/\/api.w.org\/{rel}","templated":true}]}}