{"id":5909,"date":"2024-05-03T06:43:00","date_gmt":"2024-05-03T06:43:00","guid":{"rendered":"https:\/\/elfsight.com\/pl\/?page_id=5909"},"modified":"2024-11-14T09:31:46","modified_gmt":"2024-11-14T09:31:46","slug":"iframe","status":"publish","type":"page","link":"https:\/\/elfsight.com\/pl\/pinterest-feed-widget\/iframe\/","title":{"rendered":"Pinterest Feed &#8211; iFrame"},"content":{"rendered":"<div class=\"application-platform-content-item-description application-platform-content-item\" id=\"description\" data-nav-section=\"description\"> <h2>Osad\u017a kana\u0142 Pinterest w ramce iFrame za pomoc\u0105 wid\u017cetu Elfsight<\/h2><p>Korzystaj\u0105c z kana\u0142u Pinterest firmy Elfsight, mo\u017cesz doda\u0107 do swojej witryny niesamowite tre\u015bci wizualizacje z Pinteresta w mgnieniu oka. Wtyczka Elfsight pomaga wy\u015bwietla\u0107 dowolne pinezki, tablice i ca\u0142y profil Pinterest na Twojej stronie internetowej. Przyci\u0105gaj klient\u00f3w za pomoc\u0105 odpowiednio dobranych grafik, tablic tematycznych i tw\u00f3rz w\u0142asne, oryginalne zestawy. Poszerz zakres swoich zdj\u0119\u0107 na Pintere\u015bcie, zwi\u0119ksz zaanga\u017cowanie w swojej witrynie i jednocze\u015bnie zdob\u0105d\u017a wi\u0119cej obserwuj\u0105cych sw\u00f3j profil na Pintere\u015bcie.<\/p><p><b>Wy\u015bwietlaj sw\u00f3j profil, dodawaj tablice i wybieraj pinezki, aby uzyska\u0107 najbardziej wci\u0105gaj\u0105cy efekt wizualny tre\u015bci na Twojej stronie!<\/b><\/p><ul><li><b>Podnie\u015b poziom zaanga\u017cowania u\u017cytkownik\u00f3w witryny na Twojej stronie<\/b> <br>Dok\u0142adnie wybrane obrazy na Twojej stronie maksymalnie przyci\u0105gaj\u0105 uwag\u0119 ludzi i zatrzymuj\u0105 klient\u00f3w zaanga\u017cowani.<\/li><li><b>Przyci\u0105gaj obserwuj\u0105cych na Pintere\u015bcie<\/b> <br>Dzi\u0119ki przyciskowi Obserwuj wy\u015bwietlanemu w kanale wi\u0119cej u\u017cytkownik\u00f3w b\u0119dzie mia\u0142o szans\u0119 zosta\u0107 Twoimi obserwatorami.<\/li><li><b>Zwi\u0119ksz liczb\u0119 sprzeda\u017cy dzi\u0119ki atrakcyjnym obrazom<\/b> <br>Wybierz najbardziej kusz\u0105ce obrazy swoich ofert; prezentuj najnowsze trendy i przekonuj\u0105ce zdj\u0119cia, aby ludzie chcieli kupowa\u0107.<\/li><\/ul><\/div><div class=\"application-platform-content-item-features application-platform-content-item\" id=\"features\" data-nav-section=\"features\"> <h2>G\u0142\u00f3wne funkcje wid\u017cetu Kana\u0142 Pinteresta<\/h2><p>Przejrzyj list\u0119 najwa\u017cniejszych opcji kana\u0142u Pinterest. Dzi\u0119ki nim nasz widget jest niezwykle skuteczny w promocji: <\/p> <ul><li>Pokazuje tytu\u0142 konta, liczb\u0119 obserwuj\u0105cych i liczb\u0119 obserwuj\u0105cych.<\/li><li>Dost\u0119pne s\u0105 22 popularne j\u0119zyki;<\/li><li>Przycisk Obserwuj w nag\u0142\u00f3wku, aby bezproblemowo \u015bledzi\u0107 swoje konto;<\/li><li>Wy\u015bwietl lub ukryj licznik tablic i pin\u00f3w;<\/li><\/ul><p><a href=\"#demo\">Ciesz si\u0119 wszystkimi funkcjami na \u017cywo demo<\/a><\/p> <\/div><div class=\"application-platform-content-item-installation application-platform-content-item\" id=\"installation\" data-nav-section=\"installation\"><h2>Jak doda\u0107 wid\u017cet kana\u0142u Pinterest do witryny iFrame<\/h2><p>Wystarcz\u0105 poni\u017csze kroki aktywuj widget. <\/p> <ol><li><b>Stw\u00f3rz w\u0142asn\u0105 wtyczk\u0119 Pinteresta<\/b><br> W naszej bezp\u0142atnej wersji demonstracyjnej mo\u017cesz stworzy\u0107 wtyczk\u0119 o preferowanym uk\u0142adzie i funkcjach. <\/li><li><b>Odbierz indywidualny kod do opublikowania wtyczki<\/b><br> Po ustawieniu wid\u017cetu otrzymasz kod instalacyjny z powiadomienia, kt\u00f3re pojawi si\u0119 w aplikacji Elfsight. Skopiuj to. <\/li> <li><b>Zintegruj wtyczk\u0119 ze swoj\u0105 witryn\u0105 iFrame<\/b><br> Przejd\u017a do obszaru, w kt\u00f3rym planujesz wy\u015bwietla\u0107 wtyczk\u0119 i wklej tam zapisany kod. Zastosuj zmiany. <\/li> <li><b>Gratulacje! W\u0142a\u015bnie skonfigurowa\u0142e\u015b widget! <\/b><br> Wejd\u017a na stron\u0119, aby zobaczy\u0107 swoj\u0105 wtyczk\u0119. <\/li> <\/ol><p>W celu uzyskania wskaz\u00f3wek i instrukcji skontaktuj si\u0119 z naszym zespo\u0142em obs\u0142ugi klienta. Ch\u0119tnie pomo\u017cemy, je\u015bli napotkasz jakie\u015b problemy <\/p> <\/div><div class=\"faq\" data-component=\"FAQ\"><div class=\"faq-item\">\r\n\t\t\t\t\t<div class=\"faq-item-question\">\r\n\t\t\t\t\t\t<h3 class=\"faq-item-question-text\">W jaki spos\u00f3b mog\u0119 doda\u0107 kana\u0142 Pinterest do mojej witryny iFrame bez do\u015bwiadczenia w kodowaniu?<\/h3>\r\n\r\n\t\t\t\t\t\t<div class=\"faq-item-question-icon\"><\/div>\r\n\t\t\t\t\t<\/div>\r\n\r\n\t\t\t\t\t<div class=\"faq-item-answer\">\r\n\t\t\t\t\t\t<div class=\"faq-item-answer-text\"><p>Firma Elfsight wprowadza rozwi\u0105zanie, kt\u00f3re umo\u017cliwia samodzielne wygenerowanie wtyczki Pinterest Feed, poznaj proste instrukcje: <\/p><ul><li>Pracuj bezpo\u015brednio w edytorze na \u017cywo, aby utworzy\u0107 Pinterest Wtyczka kana\u0142u, kt\u00f3r\u0105 chcesz doda\u0107 do swojej ramki iFrame.<\/li><li>Wybierz jeden z gotowych szablon\u00f3w i dostosuj ustawienia kana\u0142u Pinterest, zmie\u0144 uk\u0142ad i schemat kolor\u00f3w, do\u0142\u0105cz swoj\u0105 tre\u015b\u0107 bez \u017cadnego do\u015bwiadczenia w kodowaniu.<\/li> <li>Zapisz kana\u0142 Pinterest i skopiuj kod instalacyjny, kt\u00f3ry mo\u017cna bezp\u0142atnie osadzi\u0107 na stronie g\u0142\u00f3wnej iFrame. <\/li><\/ul><p>Dzi\u0119ki naszemu przyjaznemu dla u\u017cytkownika edytorowi ka\u017cdy u\u017cytkownik Internetu mo\u017ce zainstalowa\u0107 wtyczk\u0119 Pinterest Feed online i bez trudu osadzi\u0107 j\u0105 w swojej witrynie iFrame. Aby uzyska\u0107 dost\u0119p do Edytora, nie jest konieczne p\u0142acenie ani wprowadzanie danych karty. Je\u015bli na kt\u00f3rymkolwiek etapie napotkasz jakiekolwiek problemy, skontaktuj si\u0119 z naszym technicznym dzia\u0142em obs\u0142ugi klienta.<\/p><\/div>\r\n\t\t\t\t\t<\/div>\r\n\t\t\t\t<\/div><\/div>","protected":false},"excerpt":{"rendered":"","protected":false},"author":9,"featured_media":0,"parent":2834,"menu_order":0,"comment_status":"closed","ping_status":"closed","template":"templates\/template-application-platform.php","meta":{"publish_to_discourse":"","publish_post_category":"","wpdc_auto_publish_overridden":"","wpdc_topic_tags":"","wpdc_pin_topic":"","wpdc_pin_until":"","discourse_post_id":"","discourse_permalink":"","wpdc_publishing_response":"","wpdc_publishing_error":"","footnotes":""},"class_list":["post-5909","page","type-page","status-publish","hentry"],"yoast_head":"<!-- This site is optimized with the Yoast SEO plugin v25.3.1 - https:\/\/yoast.com\/wordpress\/plugins\/seo\/ -->\n<title>Wtyczka iFrame Pinterest Feed dla Twojej witryny (bezp\u0142atna i szybka)<\/title>\n<meta name=\"description\" content=\"Utworzenie wid\u017cetu kana\u0142u Pinterest i opublikowanie go w witrynie iFrame nie jest trudne. Obs\u0142uga klienta Elfsight jest bezp\u0142atna i szybka.\" \/>\n<meta name=\"robots\" content=\"index, follow, max-snippet:-1, max-image-preview:large, max-video-preview:-1\" \/>\n<link rel=\"canonical\" href=\"https:\/\/elfsight.com\/pl\/pinterest-feed-widget\/iframe\/\" \/>\n<meta property=\"og:locale\" content=\"pl_PL\" \/>\n<meta property=\"og:type\" content=\"article\" \/>\n<meta property=\"og:title\" content=\"Wtyczka iFrame Pinterest Feed dla Twojej witryny (bezp\u0142atna i szybka)\" \/>\n<meta property=\"og:description\" content=\"Utworzenie wid\u017cetu kana\u0142u Pinterest i opublikowanie go w witrynie iFrame nie jest trudne. Obs\u0142uga klienta Elfsight jest bezp\u0142atna i szybka.\" \/>\n<meta property=\"og:url\" content=\"https:\/\/elfsight.com\/pl\/pinterest-feed-widget\/iframe\/\" \/>\n<meta property=\"og:site_name\" content=\"Elfsight PL\" \/>\n<meta property=\"article:modified_time\" content=\"2024-11-14T09:31:46+00:00\" \/>\n<meta name=\"twitter:card\" content=\"summary_large_image\" \/>\n<meta name=\"twitter:label1\" content=\"Szacowany czas czytania\" \/>\n\t<meta name=\"twitter:data1\" content=\"3 minuty\" \/>\n<!-- \/ Yoast SEO plugin. -->","yoast_head_json":{"title":"Wtyczka iFrame Pinterest Feed dla Twojej witryny (bezp\u0142atna i szybka)","description":"Utworzenie wid\u017cetu kana\u0142u Pinterest i opublikowanie go w witrynie iFrame nie jest trudne. Obs\u0142uga klienta Elfsight jest bezp\u0142atna i szybka.","robots":{"index":"index","follow":"follow","max-snippet":"max-snippet:-1","max-image-preview":"max-image-preview:large","max-video-preview":"max-video-preview:-1"},"canonical":"https:\/\/elfsight.com\/pl\/pinterest-feed-widget\/iframe\/","og_locale":"pl_PL","og_type":"article","og_title":"Wtyczka iFrame Pinterest Feed dla Twojej witryny (bezp\u0142atna i szybka)","og_description":"Utworzenie wid\u017cetu kana\u0142u Pinterest i opublikowanie go w witrynie iFrame nie jest trudne. Obs\u0142uga klienta Elfsight jest bezp\u0142atna i szybka.","og_url":"https:\/\/elfsight.com\/pl\/pinterest-feed-widget\/iframe\/","og_site_name":"Elfsight PL","article_modified_time":"2024-11-14T09:31:46+00:00","twitter_card":"summary_large_image","twitter_misc":{"Szacowany czas czytania":"3 minuty"},"schema":{"@context":"https:\/\/schema.org","@graph":[{"@type":"WebPage","@id":"https:\/\/elfsight.com\/pl\/pinterest-feed-widget\/iframe\/","url":"https:\/\/elfsight.com\/pl\/pinterest-feed-widget\/iframe\/","name":"Wtyczka iFrame Pinterest Feed dla Twojej witryny (bezp\u0142atna i szybka)","isPartOf":{"@id":"https:\/\/elfsight.com\/pl\/#website"},"datePublished":"2024-05-03T06:43:00+00:00","dateModified":"2024-11-14T09:31:46+00:00","description":"Utworzenie wid\u017cetu kana\u0142u Pinterest i opublikowanie go w witrynie iFrame nie jest trudne. Obs\u0142uga klienta Elfsight jest bezp\u0142atna i szybka.","breadcrumb":{"@id":"https:\/\/elfsight.com\/pl\/pinterest-feed-widget\/iframe\/#breadcrumb"},"inLanguage":"pl-PL","potentialAction":[{"@type":"ReadAction","target":["https:\/\/elfsight.com\/pl\/pinterest-feed-widget\/iframe\/"]}]},{"@type":"BreadcrumbList","@id":"https:\/\/elfsight.com\/pl\/pinterest-feed-widget\/iframe\/#breadcrumb","itemListElement":[{"@type":"ListItem","position":1,"name":"Home","item":"https:\/\/elfsight.com\/pl\/"},{"@type":"ListItem","position":2,"name":"Pinterest Feed","item":"https:\/\/elfsight.com\/pl\/pinterest-feed-widget\/"},{"@type":"ListItem","position":3,"name":"Pinterest Feed &#8211; iFrame"}]},{"@type":"WebSite","@id":"https:\/\/elfsight.com\/pl\/#website","url":"https:\/\/elfsight.com\/pl\/","name":"Elfsight PL","description":"Just another Elfsight Sites site","potentialAction":[{"@type":"SearchAction","target":{"@type":"EntryPoint","urlTemplate":"https:\/\/elfsight.com\/pl\/?s={search_term_string}"},"query-input":{"@type":"PropertyValueSpecification","valueRequired":true,"valueName":"search_term_string"}}],"inLanguage":"pl-PL"}]}},"meta_box":{"industry":"","seo_heading":"","heading":"","description":"","cta_heading":"","cta_description":"","application":"2833","h1":"iFrame Wid\u017cet kana\u0142u Pinterest","h1_caption":"Umie\u015b\u0107 kana\u0142 pinezek ze swojego konta na Pintere\u015bcie, aby bez wysi\u0142ku wy\u015bwietla\u0107 dynamiczn\u0105 i atrakcyjn\u0105 wizualnie zawarto\u015b\u0107 w swojej witrynie iFrame.","application_category":[],"applications_title":"","applications_request_title":"","applications_request_button_text":"","hero_text":"","hero_video":"","hero_video_schema_markup":"","selling_points_title":"","selling_points_caption":"","selling_points":[],"selling_points_cta_text":"","features_title":"","features":"","ed_cta_examples_text":"","ed_cta_examples_hidden":"","ed_cta_demo_text":"","ed_cta_demo_hidden":"","why_caption":"","why_editor_title":"","why_editor_text":"","why_team_title":"","why_team_text":"","why_service_title":"","why_service_text":"","template_catalog_visible":"","template_catalog_title":"","template_catalog_text":"","template_catalog_categories_visible":"","demo_title":"Utw\u00f3rz wid\u017cet kana\u0142u Pinterest","demo_caption":"Skonfiguruj sw\u00f3j kana\u0142 Pinterest i dodaj go do swojej witryny iFrame za darmo!","default_faq_hidden":"","app_template_category":[],"platform":"187","template_public_id":"","codecanyon_url":"","codecanyon_item_id":"","codecanyon_price":"","pricing_caption":"","pricing_elfsight_apps_hide_column":"","pricing_elfsight_apps_url":"","pricing_codecanyon_price_caption":"","integration_category":[],"integration_request_title":"","integration_request_cta":"","integration_platform":"","integrations":[],"platform_category":[],"video_schema_markup":"","price":"od 0 USD \/ miesi\u0105c","trial":"","benefits":[{"text":"Bezp\u0142atna pomoc w instalacji"},{"text":"Kompetentna obs\u0142uga klienta"},{"text":"14-dniowa gwarancja zwrotu pieni\u0119dzy"}],"button_url":"#demo","button_target_blank":"","button_nofollow":"","attributes":[{"name":"Instaluje"},{"name":"Czu\u0142y"},{"name":"Kompatybilne przegl\u0105darki"}],"tags":[],"tags_disable_links":"","hide_more_platforms":"","video_object":"","demo_hide_cta":"","demo_hide_cloud_options":"","pricing_title":"","pricing":[{"pricing_icon":"platform","pricing_title":"Elfsight Apps","pricing_title_caption":"Wersja wieloplatformowa, kt\u00f3ra dzia\u0142a na ka\u017cdej stronie internetowej","pricing_price":"od 0 USD \/ miesi\u0105c","pricing_price_caption":"zacznij od bezp\u0142atnego planu","pricing_benefits":[{"text":"Nielimitowane domeny"},{"text":"Dedykowana obs\u0142uga klienta"},{"text":"Bezp\u0142atna us\u0142uga monta\u017cu"},{"text":"Elastyczny projekt"}],"pricing_button_text":"Dodaj do witryny","pricing_button_url":"#demo"}],"related_apps_title":"","related_apps_hidden":"","author":"","image":[],"title":"","job":"","social_networks":[]},"_links":{"self":[{"href":"https:\/\/elfsight.com\/pl\/wp-json\/wp\/v2\/pages\/5909","targetHints":{"allow":["GET"]}}],"collection":[{"href":"https:\/\/elfsight.com\/pl\/wp-json\/wp\/v2\/pages"}],"about":[{"href":"https:\/\/elfsight.com\/pl\/wp-json\/wp\/v2\/types\/page"}],"author":[{"embeddable":true,"href":"https:\/\/elfsight.com\/pl\/wp-json\/wp\/v2\/users\/9"}],"replies":[{"embeddable":true,"href":"https:\/\/elfsight.com\/pl\/wp-json\/wp\/v2\/comments?post=5909"}],"version-history":[{"count":1,"href":"https:\/\/elfsight.com\/pl\/wp-json\/wp\/v2\/pages\/5909\/revisions"}],"predecessor-version":[{"id":5913,"href":"https:\/\/elfsight.com\/pl\/wp-json\/wp\/v2\/pages\/5909\/revisions\/5913"}],"up":[{"embeddable":true,"href":"https:\/\/elfsight.com\/pl\/wp-json\/wp\/v2\/pages\/2834"}],"wp:attachment":[{"href":"https:\/\/elfsight.com\/pl\/wp-json\/wp\/v2\/media?parent=5909"}],"curies":[{"name":"wp","href":"https:\/\/api.w.org\/{rel}","templated":true}]}}