{"id":5896,"date":"1970-01-01T00:00:00","date_gmt":"1970-01-01T00:00:00","guid":{"rendered":"https:\/\/elfsight.com\/pl\/?page_id=5896"},"modified":"2024-09-13T13:43:29","modified_gmt":"2024-09-13T13:43:29","slug":"godaddy","status":"publish","type":"page","link":"https:\/\/elfsight.com\/pl\/pinterest-feed-widget\/godaddy\/","title":{"rendered":"Pinterest Feed  &#8211; GoDaddy"},"content":{"rendered":"<div class=\"application-platform-content-item-description application-platform-content-item\" id=\"description\" data-nav-section=\"description\"> <h2>Umie\u015b\u0107 kana\u0142 Pinterest w GoDaddy za pomoc\u0105 wid\u017cetu Elfsight<\/h2> <p>Kana\u0142 Elfsight Pinterest pomaga wy\u015bwietla\u0107 Tw\u00f3j profil oraz wszelkie pinezki i tablice z Pinteresta na Twojej stronie. Za pomoc\u0105 naszej wtyczki mo\u017cesz nie tylko wprowadzi\u0107 swoje konto na Pintere\u015bcie, ale tak\u017ce sortowa\u0107 pinezki i tablice, aby mie\u0107 kolekcje zdj\u0119\u0107 na swojej stronie. Prezentuj swoje oferty, motywuj klient\u00f3w do odkrywania nowych inspiracji lub po prostu wizualizuj swoj\u0105 stron\u0119 internetow\u0105. Elastyczny kana\u0142 Pinterest pomo\u017ce Ci zwi\u0119kszy\u0107 zasi\u0119g Twoich materia\u0142\u00f3w wizualnych, podnie\u015b\u0107 poziom zaanga\u017cowania w witrynie i zwi\u0119kszy\u0107 liczb\u0119 subskrybent\u00f3w na Pintere\u015bcie.<\/p> <p><b> Dodaj do swojej witryny obrazy z Pinteresta natychmiast i wygodnie.<\/b><\/p> <\/div> <div class=\"application-platform-content-item-features application-platform-content-item\" id=\"features\" data-nav-section=\"features\"> <h2>Oferujemy przydatne i nieskomplikowane funkcje, oto niekt\u00f3re z nich: <\/h2> <ul><li>Dodawaj pinezki i tablice wed\u0142ug adresu URL; <\/li><li>Wybierz g\u0142\u00f3wny kolor motywu;<\/li><li>Poka\u017c lub ukryj nag\u0142\u00f3wek;<\/li><li>Kliknij obraz, aby otworzy\u0107 go na Pintere\u015bcie;<\/li><\/ul> <p><a href=\"#demo\">Pe\u0142ne mo\u017cliwo\u015bci wtyczki mo\u017cesz sprawdzi\u0107 w wersji demonstracyjnej tutaj<\/a><\/p> <\/div> <div class=\"application-platform-content-item-installation application-platform-content-item\" id=\"installation\" data-nav-section=\"installation\"> <h2> Jak doda\u0107 kana\u0142 Pinterest do mojej witryny GoDaddy? <\/h2> <p>Wystarczy spe\u0142ni\u0107 poni\u017csze wskaz\u00f3wki, aby rozpocz\u0105\u0107 korzystanie z wtyczki. <\/p> <ol><li><b>Uruchom nasz darmowy edytor i zacznij tworzy\u0107 w\u0142asn\u0105 wtyczk\u0119. <\/b><br> Znajd\u017a preferowany wygl\u0105d i specyfikacje wtyczki i zastosuj zmiany. <\/li> <li><b>Zdob\u0105d\u017a sw\u00f3j osobisty kod pojawiaj\u0105cy si\u0119 w oknie aplikacji Elfsight. <\/b><br> Po zako\u0144czeniu tworzenia osobistej wtyczki skopiuj indywidualny kod z wy\u015bwietlonego pola i zachowaj go na przysz\u0142o\u015b\u0107. <\/li> <li><b>Rozpocznij korzystanie z wtyczki na swojej stronie internetowej GoDaddy. <\/b><br> Dodaj ostatnio zapisany kod na swojej stronie internetowej i zapisz poprawki. <\/li> <li><b>Gotowe! Konfiguracja zosta\u0142a pomy\u015blnie zako\u0144czona. <\/b><br> Przejd\u017a na swoj\u0105 stron\u0119 internetow\u0105 i sprawd\u017a, jak dzia\u0142a wtyczka. <\/li><\/ol> <p>Je\u015bli napotkasz jakiekolwiek komplikacje, nie b\u00f3j si\u0119 zwr\u00f3ci\u0107 do naszego zespo\u0142u wsparcia. Nasi specjali\u015bci pragn\u0105 rozwi\u0105za\u0107 wszystkie problemy, jakie mo\u017cesz mie\u0107 z produktem. <\/p> <\/div><div class=\"faq\" data-component=\"FAQ\"><div class=\"faq-item\">\r\n\t\t\t\t\t<div class=\"faq-item-question\">\r\n\t\t\t\t\t\t<h3 class=\"faq-item-question-text\">Jak mog\u0119 osadzi\u0107 kana\u0142 Pinterest na mojej stronie g\u0142\u00f3wnej GoDaddy bez kodowania?<\/h3>\r\n\r\n\t\t\t\t\t\t<div class=\"faq-item-question-icon\"><\/div>\r\n\t\t\t\t\t<\/div>\r\n\r\n\t\t\t\t\t<div class=\"faq-item-answer\">\r\n\t\t\t\t\t\t<div class=\"faq-item-answer-text\"><p>Firma Elfsight dostarcza rozwi\u0105zanie, kt\u00f3re umo\u017cliwia samodzielne utworzenie wtyczki Pinterest Feed, zobacz jakie to proste: <\/p><ul><li>Przejd\u017a do wersji demonstracyjnej na \u017cywo, aby wygenerowa\u0107 wid\u017cet Pinterest Feed, kt\u00f3ry chcesz doda\u0107 na stronie g\u0142\u00f3wnej GoDaddy.<\/li><li>Wybierz jeden z naszych gotowych szablon\u00f3w i dostosuj ustawienia kana\u0142u Pinterest, zmie\u0144 uk\u0142ad i kolor element\u00f3w, zaktualizuj tre\u015b\u0107 bez do\u015bwiadczenia w kodowaniu.<\/li><li>Zapisz ustawienia wprowadzone w kanale Pinterest i pobierz kod wtyczki do instalacji, kt\u00f3ry mo\u017cna po prostu osadzi\u0107 na dowolnej stronie g\u0142\u00f3wnej GoDaddy, bez konieczno\u015bci kupowania p\u0142atnej subskrypcji. <\/li><\/ul><p>Korzystaj\u0105c z naszego intuicyjnego edytora, ka\u017cdy u\u017cytkownik Internetu mo\u017ce utworzy\u0107 kana\u0142 Pinterest online i po prostu wklei\u0107 go na stron\u0119 internetow\u0105 GoDaddy. Aby wej\u015b\u0107 do Edytora Elfsight, nie jest wymagane posiadanie p\u0142atnej subskrypcji ani przesy\u0142anie danych uwierzytelniaj\u0105cych karty. Je\u015bli napotkasz jakiekolwiek przeszkody, nie wahaj si\u0119 skontaktowa\u0107 z naszym personelem pomocy technicznej.<\/p><\/div>\r\n\t\t\t\t\t<\/div>\r\n\t\t\t\t<\/div><\/div>","protected":false},"excerpt":{"rendered":"","protected":false},"author":9,"featured_media":0,"parent":2834,"menu_order":0,"comment_status":"closed","ping_status":"closed","template":"templates\/template-application-platform.php","meta":{"publish_to_discourse":"","publish_post_category":"","wpdc_auto_publish_overridden":"","wpdc_topic_tags":"","wpdc_pin_topic":"","wpdc_pin_until":"","discourse_post_id":"","discourse_permalink":"","wpdc_publishing_response":"","wpdc_publishing_error":"","footnotes":""},"class_list":["post-5896","page","type-page","status-publish","hentry"],"yoast_head":"<!-- This site is optimized with the Yoast SEO plugin v25.3.1 - https:\/\/yoast.com\/wordpress\/plugins\/seo\/ -->\n<title>Wtyczka kana\u0142u Pinterest \u2014 Dodaj wtyczk\u0119 kana\u0142u Pinterest do witryny GoDaddy!<\/title>\n<meta name=\"description\" content=\"Dodaj responsywn\u0105 wtyczk\u0119 kana\u0142u Pinterest do swojej witryny GoDaddy w kilku prostych krokach! Stw\u00f3rz swoj\u0105 osza\u0142amiaj\u0105c\u0105 \u015bcian\u0119 spo\u0142eczno\u015bciow\u0105 razem z Elfsight!\" \/>\n<meta name=\"robots\" content=\"index, follow, max-snippet:-1, max-image-preview:large, max-video-preview:-1\" \/>\n<link rel=\"canonical\" href=\"https:\/\/elfsight.com\/pl\/pinterest-feed-widget\/godaddy\/\" \/>\n<meta property=\"og:locale\" content=\"pl_PL\" \/>\n<meta property=\"og:type\" content=\"article\" \/>\n<meta property=\"og:title\" content=\"Wtyczka kana\u0142u Pinterest \u2014 Dodaj wtyczk\u0119 kana\u0142u Pinterest do witryny GoDaddy!\" \/>\n<meta property=\"og:description\" content=\"Dodaj responsywn\u0105 wtyczk\u0119 kana\u0142u Pinterest do swojej witryny GoDaddy w kilku prostych krokach! Stw\u00f3rz swoj\u0105 osza\u0142amiaj\u0105c\u0105 \u015bcian\u0119 spo\u0142eczno\u015bciow\u0105 razem z Elfsight!\" \/>\n<meta property=\"og:url\" content=\"https:\/\/elfsight.com\/pl\/pinterest-feed-widget\/godaddy\/\" \/>\n<meta property=\"og:site_name\" content=\"Elfsight PL\" \/>\n<meta property=\"article:modified_time\" content=\"2024-09-13T13:43:29+00:00\" \/>\n<meta name=\"twitter:card\" content=\"summary_large_image\" \/>\n<meta name=\"twitter:label1\" content=\"Szacowany czas czytania\" \/>\n\t<meta name=\"twitter:data1\" content=\"3 minuty\" \/>\n<!-- \/ Yoast SEO plugin. -->","yoast_head_json":{"title":"Wtyczka kana\u0142u Pinterest \u2014 Dodaj wtyczk\u0119 kana\u0142u Pinterest do witryny GoDaddy!","description":"Dodaj responsywn\u0105 wtyczk\u0119 kana\u0142u Pinterest do swojej witryny GoDaddy w kilku prostych krokach! Stw\u00f3rz swoj\u0105 osza\u0142amiaj\u0105c\u0105 \u015bcian\u0119 spo\u0142eczno\u015bciow\u0105 razem z Elfsight!","robots":{"index":"index","follow":"follow","max-snippet":"max-snippet:-1","max-image-preview":"max-image-preview:large","max-video-preview":"max-video-preview:-1"},"canonical":"https:\/\/elfsight.com\/pl\/pinterest-feed-widget\/godaddy\/","og_locale":"pl_PL","og_type":"article","og_title":"Wtyczka kana\u0142u Pinterest \u2014 Dodaj wtyczk\u0119 kana\u0142u Pinterest do witryny GoDaddy!","og_description":"Dodaj responsywn\u0105 wtyczk\u0119 kana\u0142u Pinterest do swojej witryny GoDaddy w kilku prostych krokach! Stw\u00f3rz swoj\u0105 osza\u0142amiaj\u0105c\u0105 \u015bcian\u0119 spo\u0142eczno\u015bciow\u0105 razem z Elfsight!","og_url":"https:\/\/elfsight.com\/pl\/pinterest-feed-widget\/godaddy\/","og_site_name":"Elfsight PL","article_modified_time":"2024-09-13T13:43:29+00:00","twitter_card":"summary_large_image","twitter_misc":{"Szacowany czas czytania":"3 minuty"},"schema":{"@context":"https:\/\/schema.org","@graph":[{"@type":"WebPage","@id":"https:\/\/elfsight.com\/pl\/pinterest-feed-widget\/godaddy\/","url":"https:\/\/elfsight.com\/pl\/pinterest-feed-widget\/godaddy\/","name":"Wtyczka kana\u0142u Pinterest \u2014 Dodaj wtyczk\u0119 kana\u0142u Pinterest do witryny GoDaddy!","isPartOf":{"@id":"https:\/\/elfsight.com\/pl\/#website"},"datePublished":"1970-01-01T00:00:00+00:00","dateModified":"2024-09-13T13:43:29+00:00","description":"Dodaj responsywn\u0105 wtyczk\u0119 kana\u0142u Pinterest do swojej witryny GoDaddy w kilku prostych krokach! Stw\u00f3rz swoj\u0105 osza\u0142amiaj\u0105c\u0105 \u015bcian\u0119 spo\u0142eczno\u015bciow\u0105 razem z Elfsight!","breadcrumb":{"@id":"https:\/\/elfsight.com\/pl\/pinterest-feed-widget\/godaddy\/#breadcrumb"},"inLanguage":"pl-PL","potentialAction":[{"@type":"ReadAction","target":["https:\/\/elfsight.com\/pl\/pinterest-feed-widget\/godaddy\/"]}]},{"@type":"BreadcrumbList","@id":"https:\/\/elfsight.com\/pl\/pinterest-feed-widget\/godaddy\/#breadcrumb","itemListElement":[{"@type":"ListItem","position":1,"name":"Home","item":"https:\/\/elfsight.com\/pl\/"},{"@type":"ListItem","position":2,"name":"Pinterest Feed","item":"https:\/\/elfsight.com\/pl\/pinterest-feed-widget\/"},{"@type":"ListItem","position":3,"name":"Pinterest Feed &#8211; GoDaddy"}]},{"@type":"WebSite","@id":"https:\/\/elfsight.com\/pl\/#website","url":"https:\/\/elfsight.com\/pl\/","name":"Elfsight PL","description":"Just another Elfsight Sites site","potentialAction":[{"@type":"SearchAction","target":{"@type":"EntryPoint","urlTemplate":"https:\/\/elfsight.com\/pl\/?s={search_term_string}"},"query-input":{"@type":"PropertyValueSpecification","valueRequired":true,"valueName":"search_term_string"}}],"inLanguage":"pl-PL"}]}},"meta_box":{"industry":"","seo_heading":"","heading":"","description":"","cta_heading":"","cta_description":"","application":"2833","h1":"Wtyczka GoDaddy Pinterest Feed","h1_caption":"Konwertuj odwiedzaj\u0105cych Twoj\u0105 witryn\u0119 na obserwuj\u0105cych na Pintere\u015bcie","application_category":[],"applications_title":"","applications_request_title":"","applications_request_button_text":"","hero_text":"","hero_video":"","hero_video_schema_markup":"","selling_points_title":"","selling_points_caption":"","selling_points":[],"selling_points_cta_text":"","features_title":"","features":"","ed_cta_examples_text":"","ed_cta_examples_hidden":"","ed_cta_demo_text":"","ed_cta_demo_hidden":"","why_caption":"","why_editor_title":"","why_editor_text":"","why_team_title":"","why_team_text":"","why_service_title":"","why_service_text":"","template_catalog_visible":"","template_catalog_title":"","template_catalog_text":"","template_catalog_categories_visible":"","demo_title":"Nie wahaj si\u0119 i zbuduj w\u0142asny kana\u0142 GoDaddy na Pintere\u015bcie","demo_caption":"Dostosuj go i dodaj narz\u0119dzie na swojej stronie g\u0142\u00f3wnej, korzystaj\u0105c z aktywnego demo.","default_faq_hidden":"","app_template_category":[],"platform":"180","template_public_id":"","codecanyon_url":"","codecanyon_item_id":"","codecanyon_price":"","pricing_caption":"","pricing_elfsight_apps_hide_column":"","pricing_elfsight_apps_url":"","pricing_codecanyon_price_caption":"","integration_category":[],"integration_request_title":"","integration_request_cta":"","integration_platform":"","integrations":[],"platform_category":[],"video_schema_markup":"","price":"od 0 USD \/ miesi\u0105c","trial":"","benefits":[{"text":"Bezp\u0142atna pomoc w monta\u017cu"},{"text":"Do\u015bwiadczona obs\u0142uga klienta"},{"text":"14-dniowa gwarancja zwrotu pieni\u0119dzy"}],"button_url":"#demo","button_target_blank":"","button_nofollow":"","attributes":[{"name":"Instaluje"},{"name":"Czu\u0142y"},{"name":"Kompatybilne przegl\u0105darki"}],"tags":[],"tags_disable_links":"","hide_more_platforms":"","video_object":"","demo_hide_cta":"","demo_hide_cloud_options":"","pricing_title":"","pricing":[{"pricing_icon":"platform","pricing_title":"Elfsight Apps","pricing_title_caption":"Rozwi\u0105zanie niezale\u017cne od platformy","pricing_price":"od 0 USD \/ miesi\u0105c","pricing_price_caption":"zacznij od bezp\u0142atnego planu","pricing_benefits":[{"text":"Nielimitowane domeny"},{"text":"Szybka obs\u0142uga klienta i dobrze udokumentowana"},{"text":"Bezp\u0142atna pomoc w monta\u017cu"},{"text":"100% konfigurowalny"}],"pricing_button_text":"Dodaj do witryny","pricing_button_url":"#demo"}],"related_apps_title":"","related_apps_hidden":"","author":"","image":[],"title":"","job":"","social_networks":[]},"_links":{"self":[{"href":"https:\/\/elfsight.com\/pl\/wp-json\/wp\/v2\/pages\/5896","targetHints":{"allow":["GET"]}}],"collection":[{"href":"https:\/\/elfsight.com\/pl\/wp-json\/wp\/v2\/pages"}],"about":[{"href":"https:\/\/elfsight.com\/pl\/wp-json\/wp\/v2\/types\/page"}],"author":[{"embeddable":true,"href":"https:\/\/elfsight.com\/pl\/wp-json\/wp\/v2\/users\/9"}],"replies":[{"embeddable":true,"href":"https:\/\/elfsight.com\/pl\/wp-json\/wp\/v2\/comments?post=5896"}],"version-history":[{"count":1,"href":"https:\/\/elfsight.com\/pl\/wp-json\/wp\/v2\/pages\/5896\/revisions"}],"predecessor-version":[{"id":5900,"href":"https:\/\/elfsight.com\/pl\/wp-json\/wp\/v2\/pages\/5896\/revisions\/5900"}],"up":[{"embeddable":true,"href":"https:\/\/elfsight.com\/pl\/wp-json\/wp\/v2\/pages\/2834"}],"wp:attachment":[{"href":"https:\/\/elfsight.com\/pl\/wp-json\/wp\/v2\/media?parent=5896"}],"curies":[{"name":"wp","href":"https:\/\/api.w.org\/{rel}","templated":true}]}}