{"id":5894,"date":"1970-01-01T00:00:00","date_gmt":"1970-01-01T00:00:00","guid":{"rendered":"https:\/\/elfsight.com\/pl\/?page_id=5894"},"modified":"2024-10-24T12:07:36","modified_gmt":"2024-10-24T12:07:36","slug":"jimdo","status":"publish","type":"page","link":"https:\/\/elfsight.com\/pl\/pinterest-feed-widget\/jimdo\/","title":{"rendered":"Pinterest Feed &#8211; Jimdo"},"content":{"rendered":"<div class=\"application-platform-content-item-description application-platform-content-item\" id=\"description\" data-nav-section=\"description\"><h2>Opis<\/h2> <p>Elfsight Pinterest Feed dla Jimdo to modu\u0142, kt\u00f3rego celem jest pomoc w spe\u0142nieniu wszystkich bie\u017c\u0105cych wymaga\u0144 zwi\u0105zanych z gromadzeniem wy\u015bwietle\u0144 i \u017c\u0105dania od os\u00f3b odwiedzaj\u0105cych Twoj\u0105 witryn\u0119. Wy\u015bwietl najwa\u017cniejsze pozycje do wype\u0142nienia, wybierz odpowiedni szablon i dostosuj interfejs tak, aby maksymalnie zmotywowa\u0107 u\u017cytkownik\u00f3w do pozostawiania zapyta\u0144 o us\u0142ugi Twojej firmy. Kana\u0142 Pinteresta zosta\u0142 zaprojektowany tak, aby zaspokoi\u0107 ka\u017cd\u0105 potrzeb\u0119 zbierania opinii i pozostawania w kontakcie z odbiorcami. <\/p><p><b>Ulepsz swoj\u0105 witryn\u0119 pod k\u0105tem cel\u00f3w e-commerce dzi\u0119ki kana\u0142owi Pinterest.<\/b><\/p> <\/div> <div class=\"application-platform-content-item-features application-platform-content-item\" id=\"features\" data-nav-section=\"features\"> <h2>To tylko kilka z wielu funkcji wid\u017cet\u00f3w: <\/h2> <ul><li>Zintegruj swoje konto na Pintere\u015bcie ze swoj\u0105 witryn\u0105<\/li><li>Dodawaj pinezki lub tablice w\u0142asne lub innych u\u017cytkownik\u00f3w wed\u0142ug adresu URL<\/li><li>Pokazywanie liczby obserwuj\u0105cych, nazw i obserwuj\u0105cych na koncie<\/li><li>Przycisk Obserwuj w nag\u0142\u00f3wku, aby bezproblemowo \u015bledzi\u0107 swoje konto<\/li><li>Wy\u015bwietl lub ukryj licznik tablic i pinezek<\/li><li>Poka\u017c tablice o jeden lub po\u0142\u0105cz wszystkie pinezki w jedn\u0105 siatk\u0119<\/li><li>Prze\u0142\u0105czane elementy pinezek: ikona Pinteresta, tekst, przycisk udost\u0119pniania, autor<\/li><li>Kliknij zdj\u0119cie, aby otworzy\u0107 je na Pintere\u015bcie<\/li><ul><p><a href=\"#demo\">Mo\u017cesz przetestowa\u0107 pe\u0142n\u0105 funkcjonalno\u015b\u0107 wid\u017cetu w wersji demonstracyjnej tutaj<\/a><\/p> <\/div> <div class=\"application-platform-content-item-installation application-platform-content-item\" id=\"installation\" data-nav-section=\"installation\"> <h2>Jak osadzi\u0107 kana\u0142 Pinterest na mojej stronie Jimdo? <\/h2> <p>Wystarczy wykona\u0107 poni\u017csze wskaz\u00f3wki, aby wstawi\u0107 narz\u0119dzie. <\/p> <ol><li><b>Otw\u00f3rz nasz darmowy edytor i zacznij tworzy\u0107 w\u0142asny widget. <\/b><br> Okre\u015bl odpowiedni projekt i cechy wid\u017cetu i zapisz zmiany. <\/li> <li><b>Zdob\u0105d\u017a unikalny kod, kt\u00f3ry pojawi si\u0119 w polu aplikacji Elfsight. <\/b><br> Po zako\u0144czeniu tworzenia narz\u0119dzia skopiuj indywidualny kod z wy\u015bwietlonego pola i zapisz go do dalszego wykorzystania. <\/li> <li><b>Rozpocznij stosowanie wid\u017cetu na swojej stronie internetowej Jimdo. <\/b><br> Dodaj kod, kt\u00f3ry ostatnio zapisa\u0142e\u015b na swojej stronie internetowej i zapisz zmiany. <\/li> <li><b>Gotowe! Osadzanie zosta\u0142o w pe\u0142ni zako\u0144czone. <\/b><br> Odwied\u017a swoj\u0105 stron\u0119 internetow\u0105, aby sprawdzi\u0107 dzia\u0142anie widgetu. <\/li><\/ol> <p>Je\u015bli masz pytania lub napotkasz jakiekolwiek trudno\u015bci, nie wahaj si\u0119 napisa\u0107 do naszego personelu obs\u0142ugi klienta. Nasi ludzie ch\u0119tnie pomog\u0105 Ci we wszystkich pytaniach zwi\u0105zanych z widgetem. <\/p> <\/div>","protected":false},"excerpt":{"rendered":"","protected":false},"author":9,"featured_media":0,"parent":2834,"menu_order":0,"comment_status":"closed","ping_status":"closed","template":"templates\/template-application-platform.php","meta":{"publish_to_discourse":"","publish_post_category":"","wpdc_auto_publish_overridden":"","wpdc_topic_tags":"","wpdc_pin_topic":"","wpdc_pin_until":"","discourse_post_id":"","discourse_permalink":"","wpdc_publishing_response":"","wpdc_publishing_error":"","footnotes":""},"class_list":["post-5894","page","type-page","status-publish","hentry"],"yoast_head":"<!-- This site is optimized with the Yoast SEO plugin v25.3.1 - https:\/\/yoast.com\/wordpress\/plugins\/seo\/ -->\n<title>Kana\u0142 Pinteresta \u2014 dodanie wid\u017cetu Pinterest do witryny Jimdo (2025)<\/title>\n<meta name=\"description\" content=\"Stw\u00f3rz wid\u017cet kana\u0142u Pinterest dla Jimdo i umie\u015b\u0107 go na swojej stronie internetowej. Darmowe demo, pomoc w integracji i wi\u0119cej bonus\u00f3w od Elfsight!\" \/>\n<meta name=\"robots\" content=\"index, follow, max-snippet:-1, max-image-preview:large, max-video-preview:-1\" \/>\n<link rel=\"canonical\" href=\"https:\/\/elfsight.com\/pl\/pinterest-feed-widget\/jimdo\/\" \/>\n<meta property=\"og:locale\" content=\"pl_PL\" \/>\n<meta property=\"og:type\" content=\"article\" \/>\n<meta property=\"og:title\" content=\"Kana\u0142 Pinteresta \u2014 dodanie wid\u017cetu Pinterest do witryny Jimdo (2025)\" \/>\n<meta property=\"og:description\" content=\"Stw\u00f3rz wid\u017cet kana\u0142u Pinterest dla Jimdo i umie\u015b\u0107 go na swojej stronie internetowej. Darmowe demo, pomoc w integracji i wi\u0119cej bonus\u00f3w od Elfsight!\" \/>\n<meta property=\"og:url\" content=\"https:\/\/elfsight.com\/pl\/pinterest-feed-widget\/jimdo\/\" \/>\n<meta property=\"og:site_name\" content=\"Elfsight PL\" \/>\n<meta property=\"article:modified_time\" content=\"2024-10-24T12:07:36+00:00\" \/>\n<meta name=\"twitter:card\" content=\"summary_large_image\" \/>\n<meta name=\"twitter:label1\" content=\"Szacowany czas czytania\" \/>\n\t<meta name=\"twitter:data1\" content=\"2 minuty\" \/>\n<!-- \/ Yoast SEO plugin. -->","yoast_head_json":{"title":"Kana\u0142 Pinteresta \u2014 dodanie wid\u017cetu Pinterest do witryny Jimdo (2025)","description":"Stw\u00f3rz wid\u017cet kana\u0142u Pinterest dla Jimdo i umie\u015b\u0107 go na swojej stronie internetowej. Darmowe demo, pomoc w integracji i wi\u0119cej bonus\u00f3w od Elfsight!","robots":{"index":"index","follow":"follow","max-snippet":"max-snippet:-1","max-image-preview":"max-image-preview:large","max-video-preview":"max-video-preview:-1"},"canonical":"https:\/\/elfsight.com\/pl\/pinterest-feed-widget\/jimdo\/","og_locale":"pl_PL","og_type":"article","og_title":"Kana\u0142 Pinteresta \u2014 dodanie wid\u017cetu Pinterest do witryny Jimdo (2025)","og_description":"Stw\u00f3rz wid\u017cet kana\u0142u Pinterest dla Jimdo i umie\u015b\u0107 go na swojej stronie internetowej. Darmowe demo, pomoc w integracji i wi\u0119cej bonus\u00f3w od Elfsight!","og_url":"https:\/\/elfsight.com\/pl\/pinterest-feed-widget\/jimdo\/","og_site_name":"Elfsight PL","article_modified_time":"2024-10-24T12:07:36+00:00","twitter_card":"summary_large_image","twitter_misc":{"Szacowany czas czytania":"2 minuty"},"schema":{"@context":"https:\/\/schema.org","@graph":[{"@type":"WebPage","@id":"https:\/\/elfsight.com\/pl\/pinterest-feed-widget\/jimdo\/","url":"https:\/\/elfsight.com\/pl\/pinterest-feed-widget\/jimdo\/","name":"Kana\u0142 Pinteresta \u2014 dodanie wid\u017cetu Pinterest do witryny Jimdo (2025)","isPartOf":{"@id":"https:\/\/elfsight.com\/pl\/#website"},"datePublished":"1970-01-01T00:00:00+00:00","dateModified":"2024-10-24T12:07:36+00:00","description":"Stw\u00f3rz wid\u017cet kana\u0142u Pinterest dla Jimdo i umie\u015b\u0107 go na swojej stronie internetowej. Darmowe demo, pomoc w integracji i wi\u0119cej bonus\u00f3w od Elfsight!","breadcrumb":{"@id":"https:\/\/elfsight.com\/pl\/pinterest-feed-widget\/jimdo\/#breadcrumb"},"inLanguage":"pl-PL","potentialAction":[{"@type":"ReadAction","target":["https:\/\/elfsight.com\/pl\/pinterest-feed-widget\/jimdo\/"]}]},{"@type":"BreadcrumbList","@id":"https:\/\/elfsight.com\/pl\/pinterest-feed-widget\/jimdo\/#breadcrumb","itemListElement":[{"@type":"ListItem","position":1,"name":"Home","item":"https:\/\/elfsight.com\/pl\/"},{"@type":"ListItem","position":2,"name":"Pinterest Feed","item":"https:\/\/elfsight.com\/pl\/pinterest-feed-widget\/"},{"@type":"ListItem","position":3,"name":"Pinterest Feed &#8211; Jimdo"}]},{"@type":"WebSite","@id":"https:\/\/elfsight.com\/pl\/#website","url":"https:\/\/elfsight.com\/pl\/","name":"Elfsight PL","description":"Just another Elfsight Sites site","potentialAction":[{"@type":"SearchAction","target":{"@type":"EntryPoint","urlTemplate":"https:\/\/elfsight.com\/pl\/?s={search_term_string}"},"query-input":{"@type":"PropertyValueSpecification","valueRequired":true,"valueName":"search_term_string"}}],"inLanguage":"pl-PL"}]}},"meta_box":{"industry":"","seo_heading":"","heading":"","description":"","cta_heading":"","cta_description":"","application":"2833","h1":"Wid\u017cet kana\u0142u Jimdo na Pintere\u015bcie","h1_caption":"Umie\u015b\u0107 kana\u0142 pinezek ze swojego konta na Pintere\u015bcie, aby bez wysi\u0142ku wy\u015bwietla\u0107 dynamiczn\u0105 i atrakcyjn\u0105 wizualnie zawarto\u015b\u0107 na swojej stronie internetowej Jimdo.","application_category":[],"applications_title":"","applications_request_title":"","applications_request_button_text":"","hero_text":"","hero_video":"","hero_video_schema_markup":"","selling_points_title":"","selling_points_caption":"","selling_points":[],"selling_points_cta_text":"","features_title":"","features":"","ed_cta_examples_text":"","ed_cta_examples_hidden":"","ed_cta_demo_text":"","ed_cta_demo_hidden":"","why_caption":"","why_editor_title":"","why_editor_text":"","why_team_title":"","why_team_text":"","why_service_title":"","why_service_text":"","template_catalog_visible":"","template_catalog_title":"","template_catalog_text":"","template_catalog_categories_visible":"","demo_title":"Pospiesz si\u0119, aby kszta\u0142towa\u0107 niestandardowy kana\u0142 Jimdo na Pintere\u015bcie!","demo_caption":"Dostosuj wid\u017cet i dodaj wid\u017cet na swojej stronie internetowej, korzystaj\u0105c z wersji demonstracyjnej na \u017cywo.","default_faq_hidden":"","app_template_category":[],"platform":"193","template_public_id":"","codecanyon_url":"","codecanyon_item_id":"","codecanyon_price":"","pricing_caption":"","pricing_elfsight_apps_hide_column":"","pricing_elfsight_apps_url":"","pricing_codecanyon_price_caption":"","integration_category":[],"integration_request_title":"","integration_request_cta":"","integration_platform":"","integrations":[],"platform_category":[],"video_schema_markup":"","price":"od 0 USD \/ miesi\u0105c","trial":"","benefits":[{"text":"Bezp\u0142atna pomoc w monta\u017cu"},{"text":"Profesjonalna obs\u0142uga klienta"},{"text":"14-dniowa gwarancja zwrotu pieni\u0119dzy"}],"button_url":"#demo","button_target_blank":"","button_nofollow":"","attributes":[{"name":"Instaluje"},{"name":"Czu\u0142y"},{"name":"Kompatybilne przegl\u0105darki"}],"tags":[],"tags_disable_links":"","hide_more_platforms":"","video_object":"","demo_hide_cta":"","demo_hide_cloud_options":"","pricing_title":"","pricing":[{"pricing_icon":"platform","pricing_title":"Elfsight Apps","pricing_title_caption":"Wieloplatformowe rozwi\u0105zanie cyfrowe, kt\u00f3re pasuje do ka\u017cdej witryny","pricing_price":"od 0 USD \/ miesi\u0105c","pricing_price_caption":"zacznij od bezp\u0142atnego planu","pricing_benefits":[{"text":"Nieograniczona liczba stron internetowych"},{"text":"Profesjonalna obs\u0142uga klienta"},{"text":"Bezp\u0142atna pomoc w monta\u017cu"},{"text":"Elastyczny projekt"}],"pricing_button_text":"Dodaj do witryny","pricing_button_url":"#demo"}],"related_apps_title":"","related_apps_hidden":"","author":"","image":[],"title":"","job":"","social_networks":[]},"_links":{"self":[{"href":"https:\/\/elfsight.com\/pl\/wp-json\/wp\/v2\/pages\/5894","targetHints":{"allow":["GET"]}}],"collection":[{"href":"https:\/\/elfsight.com\/pl\/wp-json\/wp\/v2\/pages"}],"about":[{"href":"https:\/\/elfsight.com\/pl\/wp-json\/wp\/v2\/types\/page"}],"author":[{"embeddable":true,"href":"https:\/\/elfsight.com\/pl\/wp-json\/wp\/v2\/users\/9"}],"replies":[{"embeddable":true,"href":"https:\/\/elfsight.com\/pl\/wp-json\/wp\/v2\/comments?post=5894"}],"version-history":[{"count":1,"href":"https:\/\/elfsight.com\/pl\/wp-json\/wp\/v2\/pages\/5894\/revisions"}],"predecessor-version":[{"id":5898,"href":"https:\/\/elfsight.com\/pl\/wp-json\/wp\/v2\/pages\/5894\/revisions\/5898"}],"up":[{"embeddable":true,"href":"https:\/\/elfsight.com\/pl\/wp-json\/wp\/v2\/pages\/2834"}],"wp:attachment":[{"href":"https:\/\/elfsight.com\/pl\/wp-json\/wp\/v2\/media?parent=5894"}],"curies":[{"name":"wp","href":"https:\/\/api.w.org\/{rel}","templated":true}]}}