{"id":5886,"date":"1970-01-01T00:00:00","date_gmt":"1970-01-01T00:00:00","guid":{"rendered":"https:\/\/elfsight.com\/pl\/?page_id=5886"},"modified":"2024-11-14T09:24:31","modified_gmt":"2024-11-14T09:24:31","slug":"drupal","status":"publish","type":"page","link":"https:\/\/elfsight.com\/pl\/photo-gallery-widget\/drupal\/","title":{"rendered":"Photo Gallery &#8211; Drupal"},"content":{"rendered":"<div class=\"application-platform-content-item-description application-platform-content-item\" id=\"description\" data-nav-section=\"description\"><h2>Opis<\/h2> <p>Galeria zdj\u0119\u0107 Elfsight to najwygodniejszy spos\u00f3b na zaprezentowanie efekt\u00f3w wizualnych lub utworzenie wspania\u0142ych album\u00f3w ze zdj\u0119ciami w Twojej witrynie. Wstaw dowoln\u0105 ilo\u015b\u0107 zdj\u0119\u0107, skomentuj ka\u017cde z nich i wybierz najlepszy spos\u00f3b ich uporz\u0105dkowania na stronie. Modu\u0142 Elfsight oferuje sze\u015b\u0107 typ\u00f3w uk\u0142adu i wiele dodatkowych funkcji interfejsu. Ka\u017cde zdj\u0119cie mo\u017cna otworzy\u0107 w trybie wyskakuj\u0105cym, odwiedzaj\u0105cy mog\u0105 je przegl\u0105da\u0107 lub ogl\u0105da\u0107 pokaz slajd\u00f3w, powi\u0119ksza\u0107 i pomniejsza\u0107 oraz podziwia\u0107 zdj\u0119cia na pe\u0142nym ekranie. Mo\u017cesz dowolnie malowa\u0107 interfejs modu\u0142u i stosowa\u0107 unikalne t\u0142o, zmienia\u0107 ustawienia tekstu i wi\u0119cej funkcji stylistycznych. <\/p> <p><b>Zaimponuj u\u017cytkownikom zadziwiaj\u0105cymi galeriami zdj\u0119\u0107! <\/b><\/p> <\/div> <div class=\"faq\" data-component=\"FAQ\"><div class=\"faq-item\">\r\n\t\t\t\t\t<div class=\"faq-item-question\">\r\n\t\t\t\t\t\t<h3 class=\"faq-item-question-text\">Jak mog\u0119 osadzi\u0107 galeri\u0119 zdj\u0119\u0107 w mojej witrynie Drupal? <\/h3>\r\n\r\n\t\t\t\t\t\t<div class=\"faq-item-question-icon\"><\/div>\r\n\t\t\t\t\t<\/div>\r\n\r\n\t\t\t\t\t<div class=\"faq-item-answer\">\r\n\t\t\t\t\t\t<div class=\"faq-item-answer-text\"><p>Tworzenie widget wyst\u0119puje w ramach us\u0142ugi Elfsight i nie musisz uczy\u0107 si\u0119 kodowania. Zastosuj nasze aktywne demo, aby stworzy\u0107 w\u0142asn\u0105 wtyczk\u0119, uzyskaj kod i wklej go na swojej stronie. <\/p><\/div>\r\n\t\t\t\t\t<\/div>\r\n\t\t\t\t<\/div><div class=\"faq-item\">\r\n\t\t\t\t\t<div class=\"faq-item-question\">\r\n\t\t\t\t\t\t<h3 class=\"faq-item-question-text\">Najlepsze sposoby wykorzystania integracji wid\u017cet\u00f3w Galerii<\/h3>\r\n\r\n\t\t\t\t\t\t<div class=\"faq-item-question-icon\"><\/div>\r\n\t\t\t\t\t<\/div>\r\n\r\n\t\t\t\t\t<div class=\"faq-item-answer\">\r\n\t\t\t\t\t\t<div class=\"faq-item-answer-text\"><p>Mamy wiele mo\u017cliwo\u015bci dostosowania: wid\u017cety pe\u0142nej d\u0142ugo\u015bci do wdro\u017cenia w obszarze zawarto\u015bci, p\u0142ywaj\u0105ce wtyczki do funkcji przewijania, uk\u0142ad\u00f3w stopki, sekcji nag\u0142\u00f3wka i wszelkiego rodzaju mo\u017cliwo\u015bci pionowych pask\u00f3w bocznych i menu. <\/p><\/div>\r\n\t\t\t\t\t<\/div>\r\n\t\t\t\t<\/div><div class=\"faq-item\">\r\n\t\t\t\t\t<div class=\"faq-item-question\">\r\n\t\t\t\t\t\t<h3 class=\"faq-item-question-text\">Czy istnieje mo\u017cliwo\u015b\u0107 zbudowania suwaka \u015blubnego lub galerii zdj\u0119\u0107 podr\u00f3\u017cnik\u00f3w za pomoc\u0105 edytora? <\/h3>\r\n\r\n\t\t\t\t\t\t<div class=\"faq-item-question-icon\"><\/div>\r\n\t\t\t\t\t<\/div>\r\n\r\n\t\t\t\t\t<div class=\"faq-item-answer\">\r\n\t\t\t\t\t\t<div class=\"faq-item-answer-text\"><p>Mo\u017cesz tworzy\u0107 dowolne odmiany wid\u017cetu . W edytorze dost\u0119pnych jest wiele uk\u0142ad\u00f3w, a ka\u017cdy z nich mo\u017cna \u0142atwo spersonalizowa\u0107 wed\u0142ug w\u0142asnych upodoba\u0144. <\/p><\/div>\r\n\t\t\t\t\t<\/div>\r\n\t\t\t\t<\/div><\/div><div class=\"application-platform-content-item-features application-platform-content-item\" id=\"features\" data-nav-section=\"features\"><h2>Funkcje<\/h2> <p>Sprawd\u017a wszystkie funkcje wid\u017cetu Galeria zdj\u0119\u0107 Drupal. S\u0105 one dost\u0119pne bezpo\u015brednio w edytorze i pomog\u0105 Ci ukszta\u0142towa\u0107 modu\u0142 najbardziej odpowiedni dla Twojego przypadku u\u017cycia. <\/p> <ul> <li>U\u017cyj przycisk\u00f3w CTA, aby poprowadzi\u0107 u\u017cytkownik\u00f3w do konwersji.<\/li> <li>Reguluj czas prze\u0142\u0105czania slajd\u00f3w.<\/li> <li>Wybieraj spo\u015br\u00f3d wielu opcji paginacji.<\/li> <li>Umie\u015b\u0107 tekst w dowolnym miejscu strony za pomoc\u0105 zaawansowanej pozycji.<\/li> <li>Zmodyfikuj pi\u0119\u0107 element\u00f3w tre\u015bci.<\/li> <\/ul> <p><a href=\"#demo\">Sprawd\u017a wszystkie pozosta\u0142e funkcje w wersji demonstracyjnej<\/a><\/p> <\/div><div class=\"application-platform-content-item-installation application-platform-content-item\" id=\"installation\" data-nav-section=\"installation\"><h2>Jak doda\u0107 modu\u0142 Galerii zdj\u0119\u0107 do strony Drupal?<\/h2> <p>Aby aktywowa\u0107 widget, po prostu zastosuj si\u0119 do poni\u017cszych instrukcji. <\/p> <ol><li><b>Skorzystaj z naszej bezp\u0142atnej wersji demonstracyjnej i zacznij budowa\u0107 w\u0142asny modu\u0142. <\/b><br> Okre\u015bl po\u017c\u0105dany uk\u0142ad i aspekty modu\u0142u oraz zastosuj wszystkie modyfikacje. <\/li> <li><b>Skopiuj sw\u00f3j indywidualny kod pokazany w oknie aplikacji Elfsight. <\/b><br> Po zako\u0144czeniu konfiguracji Twojego modu\u0142u osobistego skopiuj indywidualny kod w wy\u015bwietlonym polu i zapisz go do dalszego wykorzystania. <\/li> <li><b>Rozpocznij korzystanie z modu\u0142u na swojej stronie Drupal. <\/b><br> Zintegruj skopiowany wcze\u015bniej kod ze swoj\u0105 witryn\u0105 i zastosuj poprawki. <\/li> <li><b>Gotowe! Integracja zosta\u0142a pomy\u015blnie zako\u0144czona. <\/b><br> Odwied\u017a swoj\u0105 witryn\u0119, aby sprawdzi\u0107 dzia\u0142anie modu\u0142u. <\/li><\/ol><p>Nie wahaj si\u0119 skontaktowa\u0107 z obs\u0142ug\u0105 klienta, je\u015bli potrzebujesz pomocy lub masz pytania. Ch\u0119tnie pomo\u017cemy przy ka\u017cdym zg\u0142oszeniu. <\/p> <\/div>","protected":false},"excerpt":{"rendered":"","protected":false},"author":9,"featured_media":0,"parent":2503,"menu_order":0,"comment_status":"closed","ping_status":"closed","template":"templates\/template-application-platform.php","meta":{"publish_to_discourse":"","publish_post_category":"","wpdc_auto_publish_overridden":"","wpdc_topic_tags":"","wpdc_pin_topic":"","wpdc_pin_until":"","discourse_post_id":"","discourse_permalink":"","wpdc_publishing_response":"","wpdc_publishing_error":"","footnotes":""},"class_list":["post-5886","page","type-page","status-publish","hentry"],"yoast_head":"<!-- This site is optimized with the Yoast SEO plugin v25.3.1 - https:\/\/yoast.com\/wordpress\/plugins\/seo\/ -->\n<title>Galeria zdj\u0119\u0107 \u2014 Dodaj wid\u017cet Galerii zdj\u0119\u0107 do Drupala [2025]<\/title>\n<meta name=\"description\" content=\"Wypr\u00f3buj za darmo najlepszy modu\u0142 Galerii Fotografii dla Drupala. Prosty i szybki widget Galerii integruj\u0105cy si\u0119 bez umiej\u0119tno\u015bci programowania.\" \/>\n<meta name=\"robots\" content=\"index, follow, max-snippet:-1, max-image-preview:large, max-video-preview:-1\" \/>\n<link rel=\"canonical\" href=\"https:\/\/elfsight.com\/pl\/photo-gallery-widget\/drupal\/\" \/>\n<meta property=\"og:locale\" content=\"pl_PL\" \/>\n<meta property=\"og:type\" content=\"article\" \/>\n<meta property=\"og:title\" content=\"Galeria zdj\u0119\u0107 \u2014 Dodaj wid\u017cet Galerii zdj\u0119\u0107 do Drupala [2025]\" \/>\n<meta property=\"og:description\" content=\"Wypr\u00f3buj za darmo najlepszy modu\u0142 Galerii Fotografii dla Drupala. Prosty i szybki widget Galerii integruj\u0105cy si\u0119 bez umiej\u0119tno\u015bci programowania.\" \/>\n<meta property=\"og:url\" content=\"https:\/\/elfsight.com\/pl\/photo-gallery-widget\/drupal\/\" \/>\n<meta property=\"og:site_name\" content=\"Elfsight PL\" \/>\n<meta property=\"article:modified_time\" content=\"2024-11-14T09:24:31+00:00\" \/>\n<meta name=\"twitter:card\" content=\"summary_large_image\" \/>\n<meta name=\"twitter:label1\" content=\"Szacowany czas czytania\" \/>\n\t<meta name=\"twitter:data1\" content=\"3 minuty\" \/>\n<!-- \/ Yoast SEO plugin. -->","yoast_head_json":{"title":"Galeria zdj\u0119\u0107 \u2014 Dodaj wid\u017cet Galerii zdj\u0119\u0107 do Drupala [2025]","description":"Wypr\u00f3buj za darmo najlepszy modu\u0142 Galerii Fotografii dla Drupala. Prosty i szybki widget Galerii integruj\u0105cy si\u0119 bez umiej\u0119tno\u015bci programowania.","robots":{"index":"index","follow":"follow","max-snippet":"max-snippet:-1","max-image-preview":"max-image-preview:large","max-video-preview":"max-video-preview:-1"},"canonical":"https:\/\/elfsight.com\/pl\/photo-gallery-widget\/drupal\/","og_locale":"pl_PL","og_type":"article","og_title":"Galeria zdj\u0119\u0107 \u2014 Dodaj wid\u017cet Galerii zdj\u0119\u0107 do Drupala [2025]","og_description":"Wypr\u00f3buj za darmo najlepszy modu\u0142 Galerii Fotografii dla Drupala. Prosty i szybki widget Galerii integruj\u0105cy si\u0119 bez umiej\u0119tno\u015bci programowania.","og_url":"https:\/\/elfsight.com\/pl\/photo-gallery-widget\/drupal\/","og_site_name":"Elfsight PL","article_modified_time":"2024-11-14T09:24:31+00:00","twitter_card":"summary_large_image","twitter_misc":{"Szacowany czas czytania":"3 minuty"},"schema":{"@context":"https:\/\/schema.org","@graph":[{"@type":"WebPage","@id":"https:\/\/elfsight.com\/pl\/photo-gallery-widget\/drupal\/","url":"https:\/\/elfsight.com\/pl\/photo-gallery-widget\/drupal\/","name":"Galeria zdj\u0119\u0107 \u2014 Dodaj wid\u017cet Galerii zdj\u0119\u0107 do Drupala [2025]","isPartOf":{"@id":"https:\/\/elfsight.com\/pl\/#website"},"datePublished":"1970-01-01T00:00:00+00:00","dateModified":"2024-11-14T09:24:31+00:00","description":"Wypr\u00f3buj za darmo najlepszy modu\u0142 Galerii Fotografii dla Drupala. Prosty i szybki widget Galerii integruj\u0105cy si\u0119 bez umiej\u0119tno\u015bci programowania.","breadcrumb":{"@id":"https:\/\/elfsight.com\/pl\/photo-gallery-widget\/drupal\/#breadcrumb"},"inLanguage":"pl-PL","potentialAction":[{"@type":"ReadAction","target":["https:\/\/elfsight.com\/pl\/photo-gallery-widget\/drupal\/"]}]},{"@type":"BreadcrumbList","@id":"https:\/\/elfsight.com\/pl\/photo-gallery-widget\/drupal\/#breadcrumb","itemListElement":[{"@type":"ListItem","position":1,"name":"Home","item":"https:\/\/elfsight.com\/pl\/"},{"@type":"ListItem","position":2,"name":"Photo Gallery","item":"https:\/\/elfsight.com\/pl\/photo-gallery-widget\/"},{"@type":"ListItem","position":3,"name":"Photo Gallery &#8211; Drupal"}]},{"@type":"WebSite","@id":"https:\/\/elfsight.com\/pl\/#website","url":"https:\/\/elfsight.com\/pl\/","name":"Elfsight PL","description":"Just another Elfsight Sites site","potentialAction":[{"@type":"SearchAction","target":{"@type":"EntryPoint","urlTemplate":"https:\/\/elfsight.com\/pl\/?s={search_term_string}"},"query-input":{"@type":"PropertyValueSpecification","valueRequired":true,"valueName":"search_term_string"}}],"inLanguage":"pl-PL"}]}},"meta_box":{"industry":"","seo_heading":"","heading":"","description":"","cta_heading":"","cta_description":"","application":"2502","h1":"Modu\u0142 Galerii Zdj\u0119\u0107 Drupala","h1_caption":"Zaprezentuj swoje obrazy w interaktywnej, konfigurowalnej galerii, kt\u00f3ra bez wysi\u0142ku poprawi atrakcyjno\u015b\u0107 wizualn\u0105 Twojej witryny w witrynie Drupal.","application_category":[],"applications_title":"","applications_request_title":"","applications_request_button_text":"","hero_text":"","hero_video":"","hero_video_schema_markup":"","selling_points_title":"","selling_points_caption":"","selling_points":[],"selling_points_cta_text":"","features_title":"","features":"","ed_cta_examples_text":"","ed_cta_examples_hidden":"","ed_cta_demo_text":"","ed_cta_demo_hidden":"","why_caption":"","why_editor_title":"","why_editor_text":"","why_team_title":"","why_team_text":"","why_service_title":"","why_service_text":"","template_catalog_visible":"","template_catalog_title":"","template_catalog_text":"","template_catalog_categories_visible":"","demo_title":"Utw\u00f3rz modu\u0142 Galerii Zdj\u0119\u0107","demo_caption":"Skonfiguruj swoj\u0105 Galeri\u0119 zdj\u0119\u0107 i dodaj j\u0105 do swojej witryny Drupal za darmo!","default_faq_hidden":"","app_template_category":[],"platform":"47","template_public_id":"","codecanyon_url":"","codecanyon_item_id":"","codecanyon_price":"","pricing_caption":"","pricing_elfsight_apps_hide_column":"","pricing_elfsight_apps_url":"","pricing_codecanyon_price_caption":"","integration_category":[],"integration_request_title":"","integration_request_cta":"","integration_platform":"","integrations":[],"platform_category":[],"video_schema_markup":"","price":"od 0 USD \/ miesi\u0105c","trial":"","benefits":[{"text":"Bezp\u0142atna pomoc w monta\u017cu"},{"text":"Profesjonalna obs\u0142uga klienta"},{"text":"14-dniowa gwarancja zwrotu pieni\u0119dzy"}],"button_url":"#demo","button_target_blank":"","button_nofollow":"","attributes":[{"name":"Instaluje"},{"name":"Czu\u0142y"},{"name":"Kompatybilne przegl\u0105darki"}],"tags":[],"tags_disable_links":"","hide_more_platforms":"","video_object":"","demo_hide_cta":"","demo_hide_cloud_options":"","pricing_title":"","pricing":[{"pricing_icon":"platform","pricing_title":"Elfsight Apps","pricing_title_caption":"Wersja wieloplatformowa, kt\u00f3ra pasuje do ka\u017cdej witryny","pricing_price":"od 0 USD \/ miesi\u0105c","pricing_price_caption":"zacznij od bezp\u0142atnego planu","pricing_benefits":[{"text":"Nielimitowane strony internetowe"},{"text":"Ca\u0142odobowe i terminowe wsparcie"},{"text":"Bezp\u0142atna pomoc w instalacji"},{"text":"Specjalna oferta na wiele aplikacji"}],"pricing_button_text":"Dodaj do witryny","pricing_button_url":"#demo"}],"related_apps_title":"","related_apps_hidden":"","author":"","image":[],"title":"","job":"","social_networks":[]},"_links":{"self":[{"href":"https:\/\/elfsight.com\/pl\/wp-json\/wp\/v2\/pages\/5886","targetHints":{"allow":["GET"]}}],"collection":[{"href":"https:\/\/elfsight.com\/pl\/wp-json\/wp\/v2\/pages"}],"about":[{"href":"https:\/\/elfsight.com\/pl\/wp-json\/wp\/v2\/types\/page"}],"author":[{"embeddable":true,"href":"https:\/\/elfsight.com\/pl\/wp-json\/wp\/v2\/users\/9"}],"replies":[{"embeddable":true,"href":"https:\/\/elfsight.com\/pl\/wp-json\/wp\/v2\/comments?post=5886"}],"version-history":[{"count":1,"href":"https:\/\/elfsight.com\/pl\/wp-json\/wp\/v2\/pages\/5886\/revisions"}],"predecessor-version":[{"id":5890,"href":"https:\/\/elfsight.com\/pl\/wp-json\/wp\/v2\/pages\/5886\/revisions\/5890"}],"up":[{"embeddable":true,"href":"https:\/\/elfsight.com\/pl\/wp-json\/wp\/v2\/pages\/2503"}],"wp:attachment":[{"href":"https:\/\/elfsight.com\/pl\/wp-json\/wp\/v2\/media?parent=5886"}],"curies":[{"name":"wp","href":"https:\/\/api.w.org\/{rel}","templated":true}]}}