{"id":5880,"date":"1970-01-01T00:00:00","date_gmt":"1970-01-01T00:00:00","guid":{"rendered":"https:\/\/elfsight.com\/pl\/?page_id=5880"},"modified":"2024-11-14T09:24:23","modified_gmt":"2024-11-14T09:24:23","slug":"elementor","status":"publish","type":"page","link":"https:\/\/elfsight.com\/pl\/photo-gallery-widget\/elementor\/","title":{"rendered":"Photo Gallery &#8211; Elementor"},"content":{"rendered":"<div class=\"application-platform-content-item-description application-platform-content-item\" id=\"description\" data-nav-section=\"description\"><h2>Osad\u017a galeri\u0119 zdj\u0119\u0107 na Elementorze za pomoc\u0105 wid\u017cetu Elfsight<\/h2> <p>Widget Galeria Elfsight to najprostszy spos\u00f3b na gromadzenie zdj\u0119\u0107 lub kszta\u0142towanie atrakcyjne albumy na Twojej stronie internetowej. Dodaj dowoln\u0105 ilo\u015b\u0107 zdj\u0119\u0107, skomentuj ka\u017cde z nich i wybierz najlepszy spos\u00f3b ich rozmieszczenia na stronie. Ten widget ma sze\u015b\u0107 opcji uk\u0142adu i r\u00f3\u017cne inne mo\u017cliwo\u015bci projektowania. Ka\u017cdy obraz pojawia si\u0119 w wyskakuj\u0105cym okienku, u\u017cytkownicy mog\u0105 nawigowa\u0107 po nich lub skorzysta\u0107 z pokazu slajd\u00f3w, powi\u0119ksza\u0107 i pomniejsza\u0107 oraz ogl\u0105da\u0107 zdj\u0119cia na pe\u0142nym ekranie. Mo\u017cesz pokolorowa\u0107 interfejs wid\u017cetu i zastosowa\u0107 niestandardowe t\u0142o, zastosowa\u0107 ustawienia tekstu i wi\u0119cej odmian stylu.<\/p> <p><b>Rozpocznij kolekcj\u0119 zdj\u0119\u0107, kt\u00f3rej nie mo\u017cna przegapi\u0107! <\/b><\/p> <\/div> <div class=\"application-platform-content-item-features application-platform-content-item\" id=\"features\" data-nav-section=\"features\"><h2>G\u0142\u00f3wne funkcje wid\u017cetu Galeria zdj\u0119\u0107<\/h2> <p>Zobacz wszystkie funkcje Galerii zdj\u0119\u0107 Elementor. S\u0105 one dost\u0119pne bezpo\u015brednio w edytorze i pomog\u0105 Ci skonstruowa\u0107 wid\u017cet najlepiej odpowiadaj\u0105cy Twoim potrzebom.<\/p> <ul> <li>Wykorzystaj CTA, aby poprowadzi\u0107 odwiedzaj\u0105cych witryn\u0119 do konwersji.<\/li> <li>Przyzwyczajaj si\u0119 do prze\u0142\u0105czania slajd\u00f3w czas trwania.<\/li> <li>Wybierz jedn\u0105 z wielu funkcji paginacji.<\/li> <li>Umie\u015b\u0107 swoj\u0105 wiadomo\u015b\u0107 w dowolnym miejscu strony za pomoc\u0105 zaawansowanej pozycji.<\/li> <li>Dostosuj 5 funkcji dotycz\u0105cych tre\u015bci.<\/li> <\/ul> <p><a href=\"#demo\">Wypr\u00f3buj wszystkie inne funkcje w wersji demonstracyjnej<\/a><\/p> <\/div><div class=\"application-platform-content-item-installation application-platform-content-item\" id=\"installation\" data-nav-section=\"installation\"><h2>Jak to zrobi\u0107 Czy integruj\u0119 Galeri\u0119 zdj\u0119\u0107 z moj\u0105 witryn\u0105 Elementor? <\/h2><div class=\"video-container\"><iframe width=\"720\" height=\"405\" src=\"https:\/\/www.youtube.com\/embed\/sMCYuOhpo3Y\" frameborder=\"0\" allowfullscreen=\"\"><\/iframe><\/div><p>Aby przedstawi\u0107 wid\u017cet, wykonaj kilka szybkich krok\u00f3w. <\/p> <ol><li><b>Skonstruuj w\u0142asn\u0105 wtyczk\u0119 Galerii fotografii<\/b><br> Korzystaj\u0105c z naszego darmowego edytora, uzyskaj wtyczk\u0119 z wybranym uk\u0142adem i funkcjami. <\/li> <li><b>Odbierz indywidualny kod do zainstalowania wtyczki<\/b><br> Po skonfigurowaniu wid\u017cetu otrzymasz kod instalacyjny z powiadomienia pojawiaj\u0105cego si\u0119 w aplikacjach Elfsight. Skopiuj go do dalszego wykorzystania.<\/li> <li><b>Wtyczka na Twojej stronie Elementora<\/b><br> Wybierz miejsce, w kt\u00f3rym chcesz doda\u0107 wid\u017cet i wstaw tam skopiowany kod. Zapisz wyniki.<\/li> <li><b>Gotowe!<\/b><br> Odwied\u017a swoj\u0105 witryn\u0119, aby zobaczy\u0107 swoj\u0105 prac\u0119.<\/li> <\/ol> <p>Nie zastanawiaj si\u0119 dwa razy i skontaktuj si\u0119 z nami wsparcie klienta, je\u015bli potrzebujesz porady lub chcesz o co\u015b zapyta\u0107. Nasi specjali\u015bci pomog\u0105 w ka\u017cdej sprawie. <\/p> <div class=\"faq\" data-component=\"FAQ\"><div class=\"faq-item\">\r\n\t\t\t\t\t<div class=\"faq-item-question\">\r\n\t\t\t\t\t\t<h3 class=\"faq-item-question-text\">Czy istnieje spos\u00f3b na dodanie Galerii fotografii do mojej witryny Elementor bez znajomo\u015bci programowania?<\/h3>\r\n\r\n\t\t\t\t\t\t<div class=\"faq-item-question-icon\"><\/div>\r\n\t\t\t\t\t<\/div>\r\n\r\n\t\t\t\t\t<div class=\"faq-item-answer\">\r\n\t\t\t\t\t\t<div class=\"faq-item-answer-text\"> <p>Firma Elfsight wprowadza rozwi\u0105zanie w chmurze, kt\u00f3re pozwala u\u017cytkownikom samodzielnie skonfigurowa\u0107 wtyczk\u0119 Galerii fotografii , obejrzyj nieskomplikowane instrukcje: Rozpocznij prac\u0119 bezpo\u015brednio w edytorze online, aby utworzy\u0107 wtyczk\u0119 Galerii zdj\u0119\u0107, kt\u00f3r\u0105 chcesz doda\u0107 na swojej stronie g\u0142\u00f3wnej Elementor. Wybierz jeden z wielu gotowych szablon\u00f3w i dostosuj ustawienia Galerii Fotografii, zaktualizuj zawarto\u015b\u0107, zmie\u0144 uk\u0142ad i kolor element\u00f3w bez znajomo\u015bci kodowania. Kliknij, aby zapisa\u0107 ustawienia wprowadzone w Galerii fotografii i skopiuj jej kod instalacyjny, aby m\u00f3c po prostu doda\u0107 witryn\u0119 Elementor bez konieczno\u015bci kupowania p\u0142atnego planu. Korzystaj\u0105c z naszego przyjaznego dla u\u017cytkownika Edytora, ka\u017cdy internauta mo\u017ce stworzy\u0107 Galeri\u0119 Zdj\u0119\u0107 i \u0142atwo doda\u0107 j\u0105 do dowolnej witryny Elementora. Aby uzyska\u0107 dost\u0119p do Edytora Elfsight, nie wolno p\u0142aci\u0107 ani ujawnia\u0107 danych uwierzytelniaj\u0105cych karty. Je\u015bli napotkasz jakiekolwiek problemy, skontaktuj si\u0119 z naszym zespo\u0142em pomocy technicznej.<\/p> <\/div>\r\n\t\t\t\t\t<\/div>\r\n\t\t\t\t<\/div> <\/div><\/div>","protected":false},"excerpt":{"rendered":"","protected":false},"author":9,"featured_media":0,"parent":2503,"menu_order":0,"comment_status":"closed","ping_status":"closed","template":"templates\/template-application-platform.php","meta":{"publish_to_discourse":"","publish_post_category":"","wpdc_auto_publish_overridden":"","wpdc_topic_tags":"","wpdc_pin_topic":"","wpdc_pin_until":"","discourse_post_id":"","discourse_permalink":"","wpdc_publishing_response":"","wpdc_publishing_error":"","footnotes":""},"class_list":["post-5880","page","type-page","status-publish","hentry"],"yoast_head":"<!-- This site is optimized with the Yoast SEO plugin v25.3.1 - https:\/\/yoast.com\/wordpress\/plugins\/seo\/ -->\n<title>Galeria zdj\u0119\u0107 \u2014 Dodaj wid\u017cet Galerii zdj\u0119\u0107 do witryny Elementor [2026]<\/title>\n<meta name=\"description\" content=\"Wypr\u00f3buj za darmo najlepszy wid\u017cet Galerii zdj\u0119\u0107 dla Elementora. Prosta i szybka wtyczka galerii integruj\u0105ca si\u0119 bez umiej\u0119tno\u015bci programowania.\" \/>\n<meta name=\"robots\" content=\"index, follow, max-snippet:-1, max-image-preview:large, max-video-preview:-1\" \/>\n<link rel=\"canonical\" href=\"https:\/\/elfsight.com\/pl\/photo-gallery-widget\/elementor\/\" \/>\n<meta property=\"og:locale\" content=\"pl_PL\" \/>\n<meta property=\"og:type\" content=\"article\" \/>\n<meta property=\"og:title\" content=\"Galeria zdj\u0119\u0107 \u2014 Dodaj wid\u017cet Galerii zdj\u0119\u0107 do witryny Elementor [2026]\" \/>\n<meta property=\"og:description\" content=\"Wypr\u00f3buj za darmo najlepszy wid\u017cet Galerii zdj\u0119\u0107 dla Elementora. Prosta i szybka wtyczka galerii integruj\u0105ca si\u0119 bez umiej\u0119tno\u015bci programowania.\" \/>\n<meta property=\"og:url\" content=\"https:\/\/elfsight.com\/pl\/photo-gallery-widget\/elementor\/\" \/>\n<meta property=\"og:site_name\" content=\"Elfsight PL\" \/>\n<meta property=\"article:modified_time\" content=\"2024-11-14T09:24:23+00:00\" \/>\n<meta name=\"twitter:card\" content=\"summary_large_image\" \/>\n<meta name=\"twitter:label1\" content=\"Szacowany czas czytania\" \/>\n\t<meta name=\"twitter:data1\" content=\"3 minuty\" \/>\n<!-- \/ Yoast SEO plugin. -->","yoast_head_json":{"title":"Galeria zdj\u0119\u0107 \u2014 Dodaj wid\u017cet Galerii zdj\u0119\u0107 do witryny Elementor [2026]","description":"Wypr\u00f3buj za darmo najlepszy wid\u017cet Galerii zdj\u0119\u0107 dla Elementora. Prosta i szybka wtyczka galerii integruj\u0105ca si\u0119 bez umiej\u0119tno\u015bci programowania.","robots":{"index":"index","follow":"follow","max-snippet":"max-snippet:-1","max-image-preview":"max-image-preview:large","max-video-preview":"max-video-preview:-1"},"canonical":"https:\/\/elfsight.com\/pl\/photo-gallery-widget\/elementor\/","og_locale":"pl_PL","og_type":"article","og_title":"Galeria zdj\u0119\u0107 \u2014 Dodaj wid\u017cet Galerii zdj\u0119\u0107 do witryny Elementor [2026]","og_description":"Wypr\u00f3buj za darmo najlepszy wid\u017cet Galerii zdj\u0119\u0107 dla Elementora. Prosta i szybka wtyczka galerii integruj\u0105ca si\u0119 bez umiej\u0119tno\u015bci programowania.","og_url":"https:\/\/elfsight.com\/pl\/photo-gallery-widget\/elementor\/","og_site_name":"Elfsight PL","article_modified_time":"2024-11-14T09:24:23+00:00","twitter_card":"summary_large_image","twitter_misc":{"Szacowany czas czytania":"3 minuty"},"schema":{"@context":"https:\/\/schema.org","@graph":[{"@type":"WebPage","@id":"https:\/\/elfsight.com\/pl\/photo-gallery-widget\/elementor\/","url":"https:\/\/elfsight.com\/pl\/photo-gallery-widget\/elementor\/","name":"Galeria zdj\u0119\u0107 \u2014 Dodaj wid\u017cet Galerii zdj\u0119\u0107 do witryny Elementor [2026]","isPartOf":{"@id":"https:\/\/elfsight.com\/pl\/#website"},"datePublished":"1970-01-01T00:00:00+00:00","dateModified":"2024-11-14T09:24:23+00:00","description":"Wypr\u00f3buj za darmo najlepszy wid\u017cet Galerii zdj\u0119\u0107 dla Elementora. Prosta i szybka wtyczka galerii integruj\u0105ca si\u0119 bez umiej\u0119tno\u015bci programowania.","breadcrumb":{"@id":"https:\/\/elfsight.com\/pl\/photo-gallery-widget\/elementor\/#breadcrumb"},"inLanguage":"pl-PL","potentialAction":[{"@type":"ReadAction","target":["https:\/\/elfsight.com\/pl\/photo-gallery-widget\/elementor\/"]}]},{"@type":"BreadcrumbList","@id":"https:\/\/elfsight.com\/pl\/photo-gallery-widget\/elementor\/#breadcrumb","itemListElement":[{"@type":"ListItem","position":1,"name":"Home","item":"https:\/\/elfsight.com\/pl\/"},{"@type":"ListItem","position":2,"name":"Photo Gallery","item":"https:\/\/elfsight.com\/pl\/photo-gallery-widget\/"},{"@type":"ListItem","position":3,"name":"Photo Gallery &#8211; Elementor"}]},{"@type":"WebSite","@id":"https:\/\/elfsight.com\/pl\/#website","url":"https:\/\/elfsight.com\/pl\/","name":"Elfsight PL","description":"Just another Elfsight Sites site","potentialAction":[{"@type":"SearchAction","target":{"@type":"EntryPoint","urlTemplate":"https:\/\/elfsight.com\/pl\/?s={search_term_string}"},"query-input":{"@type":"PropertyValueSpecification","valueRequired":true,"valueName":"search_term_string"}}],"inLanguage":"pl-PL"}]}},"meta_box":{"industry":"","seo_heading":"","heading":"","description":"","cta_heading":"","cta_description":"","application":"2502","h1":"Widget Galerii zdj\u0119\u0107 Elementora","h1_caption":"Zaprezentuj swoje obrazy w interaktywnej, konfigurowalnej galerii, kt\u00f3ra bez wysi\u0142ku poprawi atrakcyjno\u015b\u0107 wizualn\u0105 Twojej witryny w witrynie Elementor.","application_category":[],"applications_title":"","applications_request_title":"","applications_request_button_text":"","hero_text":"","hero_video":"","hero_video_schema_markup":"","selling_points_title":"","selling_points_caption":"","selling_points":[],"selling_points_cta_text":"","features_title":"","features":"","ed_cta_examples_text":"","ed_cta_examples_hidden":"","ed_cta_demo_text":"","ed_cta_demo_hidden":"","why_caption":"","why_editor_title":"","why_editor_text":"","why_team_title":"","why_team_text":"","why_service_title":"","why_service_text":"","template_catalog_visible":"","template_catalog_title":"","template_catalog_text":"","template_catalog_categories_visible":"","demo_title":"Utw\u00f3rz wid\u017cet Galerii zdj\u0119\u0107","demo_caption":"Skonfiguruj swoj\u0105 galeri\u0119 zdj\u0119\u0107 i dodaj j\u0105 do swojej witryny Elementor za darmo!","default_faq_hidden":"","app_template_category":[],"platform":"268","template_public_id":"","codecanyon_url":"","codecanyon_item_id":"","codecanyon_price":"","pricing_caption":"","pricing_elfsight_apps_hide_column":"","pricing_elfsight_apps_url":"","pricing_codecanyon_price_caption":"","integration_category":[],"integration_request_title":"","integration_request_cta":"","integration_platform":"","integrations":[],"platform_category":[],"video_schema_markup":"","price":"od 0 USD \/ miesi\u0105c","trial":"","benefits":[{"text":"Bezp\u0142atna us\u0142uga monta\u017cu"},{"text":"Skuteczna obs\u0142uga klienta"},{"text":"14-dniowa gwarancja zwrotu pieni\u0119dzy"}],"button_url":"#demo","button_target_blank":"","button_nofollow":"","attributes":[{"name":"Instaluje"},{"name":"Czu\u0142y"},{"name":"Kompatybilne przegl\u0105darki"}],"tags":[],"tags_disable_links":"","hide_more_platforms":"","video_object":"","demo_hide_cta":"","demo_hide_cloud_options":"","pricing_title":"","pricing":[{"pricing_icon":"platform","pricing_title":"Elfsight Apps","pricing_title_caption":"Wieloplatformowe rozwi\u0105zanie cyfrowe, kt\u00f3re dzia\u0142a na ka\u017cdej stronie","pricing_price":"od 0 USD \/ miesi\u0105c","pricing_price_caption":"zacznij od bezp\u0142atnego planu","pricing_benefits":[{"text":"Nielimitowane domeny"},{"text":"Ca\u0142odobowe wsparcie firmy"},{"text":"Bezp\u0142atna pomoc w monta\u017cu"},{"text":"Cena do z\u0142apania dla wielu aplikacji"}],"pricing_button_text":"Dodaj do witryny","pricing_button_url":"#demo"}],"related_apps_title":"","related_apps_hidden":"","author":"","image":[],"title":"","job":"","social_networks":[]},"_links":{"self":[{"href":"https:\/\/elfsight.com\/pl\/wp-json\/wp\/v2\/pages\/5880","targetHints":{"allow":["GET"]}}],"collection":[{"href":"https:\/\/elfsight.com\/pl\/wp-json\/wp\/v2\/pages"}],"about":[{"href":"https:\/\/elfsight.com\/pl\/wp-json\/wp\/v2\/types\/page"}],"author":[{"embeddable":true,"href":"https:\/\/elfsight.com\/pl\/wp-json\/wp\/v2\/users\/9"}],"replies":[{"embeddable":true,"href":"https:\/\/elfsight.com\/pl\/wp-json\/wp\/v2\/comments?post=5880"}],"version-history":[{"count":2,"href":"https:\/\/elfsight.com\/pl\/wp-json\/wp\/v2\/pages\/5880\/revisions"}],"predecessor-version":[{"id":7908,"href":"https:\/\/elfsight.com\/pl\/wp-json\/wp\/v2\/pages\/5880\/revisions\/7908"}],"up":[{"embeddable":true,"href":"https:\/\/elfsight.com\/pl\/wp-json\/wp\/v2\/pages\/2503"}],"wp:attachment":[{"href":"https:\/\/elfsight.com\/pl\/wp-json\/wp\/v2\/media?parent=5880"}],"curies":[{"name":"wp","href":"https:\/\/api.w.org\/{rel}","templated":true}]}}