{"id":5879,"date":"1970-01-01T00:00:00","date_gmt":"1970-01-01T00:00:00","guid":{"rendered":"https:\/\/elfsight.com\/pl\/?page_id=5879"},"modified":"2024-11-14T09:24:23","modified_gmt":"2024-11-14T09:24:23","slug":"joomla","status":"publish","type":"page","link":"https:\/\/elfsight.com\/pl\/photo-gallery-widget\/joomla\/","title":{"rendered":"Photo Gallery &#8211; Joomla"},"content":{"rendered":"<div class=\"application-platform-content-item-description application-platform-content-item\" id=\"description\" data-nav-section=\"description\"><h2>Opis<\/h2> <p>Galeria Elfsight to najlepszy spos\u00f3b na eksponowanie materia\u0142\u00f3w wizualnych lub tworzenie atrakcyjnych album\u00f3w na Twojej stronie internetowej. Umie\u015b\u0107 dowoln\u0105 ilo\u015b\u0107 obraz\u00f3w, napisz o ka\u017cdym z nich i wybierz najlepszy spos\u00f3b ich umieszczenia na stronie. Rozszerzenie Elfsight zawiera sze\u015b\u0107 szablon\u00f3w i r\u00f3\u017cne inne opcje interfejsu. Ka\u017cde zdj\u0119cie wy\u015bwietla si\u0119 w trybie wyskakuj\u0105cym, odwiedzaj\u0105cy mog\u0105 je przegl\u0105da\u0107 lub zobaczy\u0107 pokaz slajd\u00f3w, powi\u0119kszy\u0107 i cieszy\u0107 si\u0119 zdj\u0119ciami na pe\u0142nym ekranie. Mo\u017cesz pokolorowa\u0107 elementy wid\u017cetu i przes\u0142a\u0107 unikalne t\u0142o, zmienia\u0107 opcje tekstowe i wi\u0119cej odmian stylu. <\/p> <p><b>Generuj galerie zdj\u0119\u0107, kt\u00f3rych nie mo\u017cna przegapi\u0107!<\/b><\/p> <\/div><div class=\"application-platform-content-item-features application-platform-content-item\" id=\"features\" data-nav-section=\"features\"><h2>Funkcje<\/h2> <p>Oto lista wszystkich funkcji Galerii zdj\u0119\u0107 dla Joomla. Mo\u017cesz je dostosowa\u0107 bezpo\u015brednio w edytorze, a one pomog\u0105 Ci skonfigurowa\u0107 rozszerzenie odpowiednio do Twoich potrzeb. <\/p> <ul> <li>U\u017cyj przycisk\u00f3w CTA, aby poprowadzi\u0107 u\u017cytkownik\u00f3w do konwersji. <\/li> <li>Zmodyfikuj czas trwania zmiany slajdu. <\/li> <li>Wybierz jeden z wielu wariant\u00f3w paginacji. <\/li> <li>Umie\u015b\u0107 sw\u00f3j tekst w dowolnym miejscu na stronie, korzystaj\u0105c z zaawansowanej pozycji. <\/li> <li>Dostosuj pi\u0119\u0107 funkcji dotycz\u0105cych tre\u015bci. <\/li> <\/ul> <p><a href=\"#demo\">Mo\u017cesz wypr\u00f3bowa\u0107 wszystkie funkcje widgetu bezpo\u015brednio w wersji demonstracyjnej<\/a><\/p> <\/div><div class=\"application-platform-content-item-installation application-platform-content-item\" id=\"installation\" data-nav-section=\"installation\"><h2>Jak osadzi\u0107 Galeri\u0119 zdj\u0119\u0107 w Joomla?<\/h2> <p>Wystarczy wykona\u0107 kilka krok\u00f3w podanych poni\u017cej, aby zintegrowa\u0107 narz\u0119dzie z Joomla.<\/p> <ol><li><b>Zarz\u0105dzaj naszym bezp\u0142atnym konfiguratorem i zacznij kszta\u0142towa\u0107 w\u0142asne rozszerzenie. <\/b><br> Znajd\u017a preferowany uk\u0142ad i cechy funkcjonalne rozszerzenia Galeria zdj\u0119\u0107 i zapisz poprawki. <\/li> <li><b>Skopiuj sw\u00f3j indywidualny kod wy\u015bwietlony w polu aplikacji Elfsight. <\/b><br> Po zako\u0144czeniu tworzenia narz\u0119dzia skopiuj kod osobisty z wy\u015bwietlonego wyskakuj\u0105cego okienka i zachowaj go na p\u00f3\u017aniej. <\/li> <li><b>Potwierd\u017a ch\u0119\u0107 korzystania z rozszerzenia w witrynie Joomla. <\/b><br> Wklej zapisany wcze\u015bniej kod na swoj\u0105 stron\u0119 i zastosuj zmiany. <\/li> <li><b>Gotowe! Integracja zosta\u0142a ca\u0142kowicie zako\u0144czona. <\/b><br> Przejd\u017a do swojej witryny i zobacz, jak dzia\u0142a rozszerzenie. <\/li><\/ol><p>Po\u015bwi\u0119\u0107 chwil\u0119, aby skontaktowa\u0107 si\u0119 z obs\u0142ug\u0105 klienta, je\u015bli potrzebujesz pomocy lub masz problemy. Ch\u0119tnie pomo\u017cemy w ka\u017cdym zapytaniu. <\/p> <div class=\"faq\" data-component=\"FAQ\"><div class=\"faq-item\">\r\n\t\t\t\t\t<div class=\"faq-item-question\">\r\n\t\t\t\t\t\t<h3 class=\"faq-item-question-text\">Jak mog\u0119 doda\u0107 galeri\u0119 zdj\u0119\u0107 do mojej witryny Joomla bez znajomo\u015bci kodowania?<\/h3>\r\n\r\n\t\t\t\t\t\t<div class=\"faq-item-question-icon\"><\/div>\r\n\t\t\t\t\t<\/div>\r\n\r\n\t\t\t\t\t<div class=\"faq-item-answer\">\r\n\t\t\t\t\t\t<div class=\"faq-item-answer-text\"> <p>Firma Elfsight zapewnia rozwi\u0105zanie SaaS, kt\u00f3re umo\u017cliwia u\u017cytkownikom samodzielne korzystanie z wtyczki Photo Gallery, dowiedz si\u0119 nieskomplikowany przewodnik: Przejd\u017a do edytora online, aby utworzy\u0107 wid\u017cet Galerii zdj\u0119\u0107, kt\u00f3ry chcesz umie\u015bci\u0107 na swojej stronie Joomla. Wybierz jeden z naszych wst\u0119pnie zaprojektowanych szablon\u00f3w i dostosuj ustawienia Galerii zdj\u0119\u0107, zmie\u0144 uk\u0142ad i kolory, w tym tre\u015b\u0107, bez kodowania. Zapisz wprowadzone ustawienia w Galerii fotografii i uzyskaj kod instalacyjny, kt\u00f3ry mo\u017cesz \u0142atwo wklei\u0107 na dowolnej stronie internetowej Joomla bez konieczno\u015bci kupowania p\u0142atnego planu. Korzystaj\u0105c z naszego przyjaznego dla u\u017cytkownika Konfiguratora, ka\u017cdy internauta mo\u017ce za\u0142o\u017cy\u0107 wtyczk\u0119 Galerii Fotografii online i doda\u0107 j\u0105 do dowolnej strony g\u0142\u00f3wnej Joomla. Aby wej\u015b\u0107 do us\u0142ugi Elfsight, nie mo\u017cesz wykupi\u0107 p\u0142atnej subskrypcji ani podawa\u0107 danych swojej karty. Je\u015bli napotkasz jakiekolwiek problemy, nie wahaj si\u0119 skontaktowa\u0107 z naszym zespo\u0142em pomocy technicznej.<\/p> <\/div>\r\n\t\t\t\t\t<\/div>\r\n\t\t\t\t<\/div> <\/div><\/div>","protected":false},"excerpt":{"rendered":"","protected":false},"author":9,"featured_media":0,"parent":2503,"menu_order":0,"comment_status":"closed","ping_status":"closed","template":"templates\/template-application-platform.php","meta":{"publish_to_discourse":"","publish_post_category":"","wpdc_auto_publish_overridden":"","wpdc_topic_tags":"","wpdc_pin_topic":"","wpdc_pin_until":"","discourse_post_id":"","discourse_permalink":"","wpdc_publishing_response":"","wpdc_publishing_error":"","footnotes":""},"class_list":["post-5879","page","type-page","status-publish","hentry"],"yoast_head":"<!-- This site is optimized with the Yoast SEO plugin v25.3.1 - https:\/\/yoast.com\/wordpress\/plugins\/seo\/ -->\n<title>Najlepszy wid\u017cet Galerii zdj\u0119\u0107 dla witryny Joomla (bezp\u0142atny i bez kodowania)<\/title>\n<meta name=\"description\" content=\"Dodaj responsywn\u0105 wtyczk\u0119 Galerii Zdj\u0119\u0107 na swojej stronie Joomla i zdob\u0105d\u017a pe\u0142ne zaufanie. Wykorzystaj \u0142atw\u0105 w u\u017cyciu wersj\u0119 demonstracyjn\u0105 Elfsight, aby zbudowa\u0107 sw\u00f3j niepowtarzalny.\" \/>\n<meta name=\"robots\" content=\"index, follow, max-snippet:-1, max-image-preview:large, max-video-preview:-1\" \/>\n<link rel=\"canonical\" href=\"https:\/\/elfsight.com\/pl\/photo-gallery-widget\/joomla\/\" \/>\n<meta property=\"og:locale\" content=\"pl_PL\" \/>\n<meta property=\"og:type\" content=\"article\" \/>\n<meta property=\"og:title\" content=\"Najlepszy wid\u017cet Galerii zdj\u0119\u0107 dla witryny Joomla (bezp\u0142atny i bez kodowania)\" \/>\n<meta property=\"og:description\" content=\"Dodaj responsywn\u0105 wtyczk\u0119 Galerii Zdj\u0119\u0107 na swojej stronie Joomla i zdob\u0105d\u017a pe\u0142ne zaufanie. Wykorzystaj \u0142atw\u0105 w u\u017cyciu wersj\u0119 demonstracyjn\u0105 Elfsight, aby zbudowa\u0107 sw\u00f3j niepowtarzalny.\" \/>\n<meta property=\"og:url\" content=\"https:\/\/elfsight.com\/pl\/photo-gallery-widget\/joomla\/\" \/>\n<meta property=\"og:site_name\" content=\"Elfsight PL\" \/>\n<meta property=\"article:modified_time\" content=\"2024-11-14T09:24:23+00:00\" \/>\n<meta name=\"twitter:card\" content=\"summary_large_image\" \/>\n<meta name=\"twitter:label1\" content=\"Szacowany czas czytania\" \/>\n\t<meta name=\"twitter:data1\" content=\"3 minuty\" \/>\n<!-- \/ Yoast SEO plugin. -->","yoast_head_json":{"title":"Najlepszy wid\u017cet Galerii zdj\u0119\u0107 dla witryny Joomla (bezp\u0142atny i bez kodowania)","description":"Dodaj responsywn\u0105 wtyczk\u0119 Galerii Zdj\u0119\u0107 na swojej stronie Joomla i zdob\u0105d\u017a pe\u0142ne zaufanie. Wykorzystaj \u0142atw\u0105 w u\u017cyciu wersj\u0119 demonstracyjn\u0105 Elfsight, aby zbudowa\u0107 sw\u00f3j niepowtarzalny.","robots":{"index":"index","follow":"follow","max-snippet":"max-snippet:-1","max-image-preview":"max-image-preview:large","max-video-preview":"max-video-preview:-1"},"canonical":"https:\/\/elfsight.com\/pl\/photo-gallery-widget\/joomla\/","og_locale":"pl_PL","og_type":"article","og_title":"Najlepszy wid\u017cet Galerii zdj\u0119\u0107 dla witryny Joomla (bezp\u0142atny i bez kodowania)","og_description":"Dodaj responsywn\u0105 wtyczk\u0119 Galerii Zdj\u0119\u0107 na swojej stronie Joomla i zdob\u0105d\u017a pe\u0142ne zaufanie. Wykorzystaj \u0142atw\u0105 w u\u017cyciu wersj\u0119 demonstracyjn\u0105 Elfsight, aby zbudowa\u0107 sw\u00f3j niepowtarzalny.","og_url":"https:\/\/elfsight.com\/pl\/photo-gallery-widget\/joomla\/","og_site_name":"Elfsight PL","article_modified_time":"2024-11-14T09:24:23+00:00","twitter_card":"summary_large_image","twitter_misc":{"Szacowany czas czytania":"3 minuty"},"schema":{"@context":"https:\/\/schema.org","@graph":[{"@type":"WebPage","@id":"https:\/\/elfsight.com\/pl\/photo-gallery-widget\/joomla\/","url":"https:\/\/elfsight.com\/pl\/photo-gallery-widget\/joomla\/","name":"Najlepszy wid\u017cet Galerii zdj\u0119\u0107 dla witryny Joomla (bezp\u0142atny i bez kodowania)","isPartOf":{"@id":"https:\/\/elfsight.com\/pl\/#website"},"datePublished":"1970-01-01T00:00:00+00:00","dateModified":"2024-11-14T09:24:23+00:00","description":"Dodaj responsywn\u0105 wtyczk\u0119 Galerii Zdj\u0119\u0107 na swojej stronie Joomla i zdob\u0105d\u017a pe\u0142ne zaufanie. Wykorzystaj \u0142atw\u0105 w u\u017cyciu wersj\u0119 demonstracyjn\u0105 Elfsight, aby zbudowa\u0107 sw\u00f3j niepowtarzalny.","breadcrumb":{"@id":"https:\/\/elfsight.com\/pl\/photo-gallery-widget\/joomla\/#breadcrumb"},"inLanguage":"pl-PL","potentialAction":[{"@type":"ReadAction","target":["https:\/\/elfsight.com\/pl\/photo-gallery-widget\/joomla\/"]}]},{"@type":"BreadcrumbList","@id":"https:\/\/elfsight.com\/pl\/photo-gallery-widget\/joomla\/#breadcrumb","itemListElement":[{"@type":"ListItem","position":1,"name":"Home","item":"https:\/\/elfsight.com\/pl\/"},{"@type":"ListItem","position":2,"name":"Photo Gallery","item":"https:\/\/elfsight.com\/pl\/photo-gallery-widget\/"},{"@type":"ListItem","position":3,"name":"Photo Gallery &#8211; Joomla"}]},{"@type":"WebSite","@id":"https:\/\/elfsight.com\/pl\/#website","url":"https:\/\/elfsight.com\/pl\/","name":"Elfsight PL","description":"Just another Elfsight Sites site","potentialAction":[{"@type":"SearchAction","target":{"@type":"EntryPoint","urlTemplate":"https:\/\/elfsight.com\/pl\/?s={search_term_string}"},"query-input":{"@type":"PropertyValueSpecification","valueRequired":true,"valueName":"search_term_string"}}],"inLanguage":"pl-PL"}]}},"meta_box":{"industry":"","seo_heading":"","heading":"","description":"","cta_heading":"","cta_description":"","application":"2502","h1":"Wid\u017cet Galerii zdj\u0119\u0107 Joomla","h1_caption":"Zaprezentuj swoje obrazy w interaktywnej, konfigurowalnej galerii, kt\u00f3ra bez wysi\u0142ku poprawi atrakcyjno\u015b\u0107 wizualn\u0105 Twojej witryny w witrynie Joomla.","application_category":[],"applications_title":"","applications_request_title":"","applications_request_button_text":"","hero_text":"","hero_video":"","hero_video_schema_markup":"","selling_points_title":"","selling_points_caption":"","selling_points":[],"selling_points_cta_text":"","features_title":"","features":"","ed_cta_examples_text":"","ed_cta_examples_hidden":"","ed_cta_demo_text":"","ed_cta_demo_hidden":"","why_caption":"","why_editor_title":"","why_editor_text":"","why_team_title":"","why_team_text":"","why_service_title":"","why_service_text":"","template_catalog_visible":"","template_catalog_title":"","template_catalog_text":"","template_catalog_categories_visible":"","demo_title":"Utw\u00f3rz wtyczk\u0119 Galerii zdj\u0119\u0107","demo_caption":"Skonfiguruj swoj\u0105 galeri\u0119 zdj\u0119\u0107 i dodaj j\u0105 do swojej witryny Joomla za darmo!","default_faq_hidden":"","app_template_category":[],"platform":"53","template_public_id":"","codecanyon_url":"","codecanyon_item_id":"","codecanyon_price":"","pricing_caption":"","pricing_elfsight_apps_hide_column":"","pricing_elfsight_apps_url":"","pricing_codecanyon_price_caption":"","integration_category":[],"integration_request_title":"","integration_request_cta":"","integration_platform":"","integrations":[],"platform_category":[],"video_schema_markup":"","price":"od 0 USD \/ miesi\u0105c","trial":"","benefits":[{"text":"Bezp\u0142atna pomoc w monta\u017cu"},{"text":"Kompetentna obs\u0142uga klienta"},{"text":"14-dniowa gwarancja zwrotu pieni\u0119dzy"}],"button_url":"#demo","button_target_blank":"","button_nofollow":"","attributes":[{"name":"Instaluje"},{"name":"Czu\u0142y"},{"name":"Kompatybilne przegl\u0105darki"}],"tags":[],"tags_disable_links":"","hide_more_platforms":"","video_object":"","demo_hide_cta":"","demo_hide_cloud_options":"","pricing_title":"","pricing":[{"pricing_icon":"platform","pricing_title":"Elfsight Apps","pricing_title_caption":"Oprogramowanie wieloplatformowe","pricing_price":"od 0 USD \/ miesi\u0105c","pricing_price_caption":"zacznij od bezp\u0142atnego planu","pricing_benefits":[{"text":"Nielimitowane strony internetowe"},{"text":"Najwy\u017csza obs\u0142uga klienta"},{"text":"Bezp\u0142atna pomoc w monta\u017cu"},{"text":"Specjalna cena za wiele aplikacji"}],"pricing_button_text":"Dodaj do witryny","pricing_button_url":"#demo"}],"related_apps_title":"","related_apps_hidden":"","author":"","image":[],"title":"","job":"","social_networks":[]},"_links":{"self":[{"href":"https:\/\/elfsight.com\/pl\/wp-json\/wp\/v2\/pages\/5879","targetHints":{"allow":["GET"]}}],"collection":[{"href":"https:\/\/elfsight.com\/pl\/wp-json\/wp\/v2\/pages"}],"about":[{"href":"https:\/\/elfsight.com\/pl\/wp-json\/wp\/v2\/types\/page"}],"author":[{"embeddable":true,"href":"https:\/\/elfsight.com\/pl\/wp-json\/wp\/v2\/users\/9"}],"replies":[{"embeddable":true,"href":"https:\/\/elfsight.com\/pl\/wp-json\/wp\/v2\/comments?post=5879"}],"version-history":[{"count":1,"href":"https:\/\/elfsight.com\/pl\/wp-json\/wp\/v2\/pages\/5879\/revisions"}],"predecessor-version":[{"id":5883,"href":"https:\/\/elfsight.com\/pl\/wp-json\/wp\/v2\/pages\/5879\/revisions\/5883"}],"up":[{"embeddable":true,"href":"https:\/\/elfsight.com\/pl\/wp-json\/wp\/v2\/pages\/2503"}],"wp:attachment":[{"href":"https:\/\/elfsight.com\/pl\/wp-json\/wp\/v2\/media?parent=5879"}],"curies":[{"name":"wp","href":"https:\/\/api.w.org\/{rel}","templated":true}]}}