{"id":5877,"date":"1970-01-01T00:00:00","date_gmt":"1970-01-01T00:00:00","guid":{"rendered":"https:\/\/elfsight.com\/pl\/?page_id=5877"},"modified":"2024-11-14T09:24:15","modified_gmt":"2024-11-14T09:24:15","slug":"iframe","status":"publish","type":"page","link":"https:\/\/elfsight.com\/pl\/photo-gallery-widget\/iframe\/","title":{"rendered":"Photo Gallery &#8211; iFrame"},"content":{"rendered":"<div class=\"application-platform-content-item-description application-platform-content-item\" id=\"description\" data-nav-section=\"description\"><h2>Osad\u017a galeri\u0119 zdj\u0119\u0107 w ramce iFrame za pomoc\u0105 wid\u017cetu Elfsight<\/h2> <p>Galeria Elfsight to najprostszy spos\u00f3b na aran\u017cacj\u0119 wizualizacji lub stworzenie stylowego albumy na Twojej stronie internetowej. Prze\u015blij dowoln\u0105 liczb\u0119 zdj\u0119\u0107, umie\u015b\u0107 komentarze i wybierz najlepszy spos\u00f3b umieszczenia ich na stronie. Wid\u017cet Elfsight oferuje 6 wariant\u00f3w uk\u0142adu i r\u00f3\u017cne inne funkcje projektowe. Ka\u017cde zdj\u0119cie pojawia si\u0119 w wyskakuj\u0105cym okienku, u\u017cytkownicy mog\u0105 nawigowa\u0107 po nich lub rozpocz\u0105\u0107 pokaz slajd\u00f3w, powi\u0119ksza\u0107 i pomniejsza\u0107 oraz otwiera\u0107 obrazy na pe\u0142nym ekranie. Mo\u017cesz wybra\u0107 niestandardowe kolory element\u00f3w wid\u017cetu i przes\u0142a\u0107 unikalne t\u0142o, zmienia\u0107 ustawienia tekstu i wi\u0119cej mo\u017cliwo\u015bci stylistycznych.<\/p><p><b>Zwi\u0119ksz zaanga\u017cowanie dzi\u0119ki galeriom zdj\u0119\u0107, kt\u00f3rych nie mo\u017cna przegapi\u0107! <\/b><\/p> <\/div> <div class=\"application-platform-content-item-features application-platform-content-item\" id=\"features\" data-nav-section=\"features\"><h2>G\u0142\u00f3wne funkcje wid\u017cetu Galeria zdj\u0119\u0107<\/h2> <p>Oto lista wszystkich cech funkcjonalnych Galerii zdj\u0119\u0107 dla iFrame . Mo\u017cesz nimi zarz\u0105dza\u0107 bezpo\u015brednio w edytorze, a one pomog\u0105 Ci stworzy\u0107 wid\u017cet pasuj\u0105cy do Twojego przypadku. <\/p> <ul> <li>Wykorzystuj przyciski CTA, aby poprowadzi\u0107 odwiedzaj\u0105cych witryn\u0119 do celu. <\/li> <li>Dostosuj czas trwania zmiany slajdu. <\/li> <li>Wybierz spo\u015br\u00f3d wielu wariant\u00f3w paginacji. <\/li> <li>Umie\u015b\u0107 tekst w dowolnym miejscu strony za pomoc\u0105 pozycji zaawansowanej. <\/li> <li>Dostosuj pi\u0119\u0107 element\u00f3w tre\u015bci. <\/li> <\/ul> <p><a href=\"#demo\">Zobacz, jak dzia\u0142aj\u0105 wszystkie funkcje w naszej wersji demonstracyjnej<\/a><\/p> <\/div> <div class=\"application-platform-content-item-installation application-platform-content-item\" id=\"installation\" data-nav-section=\"installation\"> <h2>Jak doda\u0107 galeri\u0119 zdj\u0119\u0107 do iFrame? <\/h2> <p>Aby doda\u0107 wid\u017cet, post\u0119puj zgodnie z poni\u017cszymi wskaz\u00f3wkami. <\/p> <ol><li><b>Wygeneruj unikaln\u0105 wtyczk\u0119 Galerii<\/b><br> Korzystaj\u0105c z naszej bezp\u0142atnej wersji demonstracyjnej, utw\u00f3rz wtyczk\u0119 o preferowanym wygl\u0105dzie i funkcjach. <\/li> <li><b>Uzyskaj indywidualny kod umo\u017cliwiaj\u0105cy integracj\u0119 wtyczki<\/b><br> Po skonfigurowaniu wid\u017cetu otrzymasz kod instalacyjny z wy\u015bwietlonego okna aplikacji Elfsight. Skopiuj to. <\/li> <li><b>Dodaj wtyczk\u0119 na swojej stronie iFrame<\/b><br> Znajd\u017a miejsce, w kt\u00f3rym chcesz doda\u0107 wtyczk\u0119 i wstaw tam zapisany kod. Zapisz zmiany. <\/li> <li><b>Gotowe! <\/b><br> Przejd\u017a na swoj\u0105 stron\u0119 i sprawd\u017a swoj\u0105 prac\u0119. <\/li> <\/ol> <p>Nie wahaj si\u0119 skontaktowa\u0107 z obs\u0142ug\u0105 klienta, je\u015bli potrzebujesz porady lub masz problemy. Ch\u0119tnie pomo\u017cemy przy ka\u017cdym zg\u0142oszeniu. <\/p> <div class=\"faq\" data-component=\"FAQ\"><div class=\"faq-item\">\r\n\t\t\t\t\t<div class=\"faq-item-question\">\r\n\t\t\t\t\t\t<h3 class=\"faq-item-question-text\">Jak doda\u0107 galeri\u0119 zdj\u0119\u0107 do mojej ramki iFrame bez umiej\u0119tno\u015bci kodowania?<\/h3>\r\n\r\n\t\t\t\t\t\t<div class=\"faq-item-question-icon\"><\/div>\r\n\t\t\t\t\t<\/div>\r\n\r\n\t\t\t\t\t<div class=\"faq-item-answer\">\r\n\t\t\t\t\t\t<div class=\"faq-item-answer-text\"> <p>Elfsight zapewnia rozwi\u0105zanie SaaS, kt\u00f3re umo\u017cliwia szerokiemu gronu odbiorc\u00f3w samodzielne utworzenie wid\u017cetu Galerii zdj\u0119\u0107, zobacz, jak nieskomplikowane to jest tak: Przejd\u017a do wersji demonstracyjnej online, aby utworzy\u0107 wtyczk\u0119 Galerii zdj\u0119\u0107, kt\u00f3r\u0105 chcesz umie\u015bci\u0107 w swojej ramce iFrame. Wybierz jeden z gotowych szablon\u00f3w i dostosuj ustawienia Galerii fotografii, zmie\u0144 uk\u0142ad i kolor element\u00f3w, w tym tre\u015bci, bez konieczno\u015bci programowania. Kliknij, aby zapisa\u0107 wprowadzone ustawienia w Galerii fotografii i skopiuj kod instalacyjny, kt\u00f3ry mo\u017cna \u0142atwo doda\u0107 na stronie iFrame w ramach bezp\u0142atnego planu. Pracuj\u0105c w \u0142atwym w obs\u0142udze Konfiguratorze, ka\u017cdy internauta mo\u017ce stworzy\u0107 Galeri\u0119 Zdj\u0119\u0107 i \u0142atwo doda\u0107 j\u0105 do serwisu iFrame. Nie powiniene\u015b otrzymywa\u0107 p\u0142atnego planu ani podawa\u0107 danych swojej karty, aby wej\u015b\u0107 do Edytora Elfsight. Je\u015bli na kt\u00f3rymkolwiek etapie napotkasz jakiekolwiek przeszkody, skontaktuj si\u0119 z nasz\u0105 techniczn\u0105 obs\u0142ug\u0105 klienta.<\/p> <\/div>\r\n\t\t\t\t\t<\/div>\r\n\t\t\t\t<\/div> <\/div><\/div>","protected":false},"excerpt":{"rendered":"","protected":false},"author":9,"featured_media":0,"parent":2503,"menu_order":0,"comment_status":"closed","ping_status":"closed","template":"templates\/template-application-platform.php","meta":{"publish_to_discourse":"","publish_post_category":"","wpdc_auto_publish_overridden":"","wpdc_topic_tags":"","wpdc_pin_topic":"","wpdc_pin_until":"","discourse_post_id":"","discourse_permalink":"","wpdc_publishing_response":"","wpdc_publishing_error":"","footnotes":""},"class_list":["post-5877","page","type-page","status-publish","hentry"],"yoast_head":"<!-- This site is optimized with the Yoast SEO plugin v25.3.1 - https:\/\/yoast.com\/wordpress\/plugins\/seo\/ -->\n<title>Responsywny widget iFrame Photo Gallery za darmo (2025)<\/title>\n<meta name=\"description\" content=\"Wypr\u00f3buj za darmo najlepsz\u0105 wtyczk\u0119 Galerii zdj\u0119\u0107 dla iFrame. Prosty i szybki widget galerii integruj\u0105cy si\u0119 bez umiej\u0119tno\u015bci programowania.\" \/>\n<meta name=\"robots\" content=\"index, follow, max-snippet:-1, max-image-preview:large, max-video-preview:-1\" \/>\n<link rel=\"canonical\" href=\"https:\/\/elfsight.com\/pl\/photo-gallery-widget\/iframe\/\" \/>\n<meta property=\"og:locale\" content=\"pl_PL\" \/>\n<meta property=\"og:type\" content=\"article\" \/>\n<meta property=\"og:title\" content=\"Responsywny widget iFrame Photo Gallery za darmo (2025)\" \/>\n<meta property=\"og:description\" content=\"Wypr\u00f3buj za darmo najlepsz\u0105 wtyczk\u0119 Galerii zdj\u0119\u0107 dla iFrame. Prosty i szybki widget galerii integruj\u0105cy si\u0119 bez umiej\u0119tno\u015bci programowania.\" \/>\n<meta property=\"og:url\" content=\"https:\/\/elfsight.com\/pl\/photo-gallery-widget\/iframe\/\" \/>\n<meta property=\"og:site_name\" content=\"Elfsight PL\" \/>\n<meta property=\"article:modified_time\" content=\"2024-11-14T09:24:15+00:00\" \/>\n<meta name=\"twitter:card\" content=\"summary_large_image\" \/>\n<meta name=\"twitter:label1\" content=\"Szacowany czas czytania\" \/>\n\t<meta name=\"twitter:data1\" content=\"3 minuty\" \/>\n<!-- \/ Yoast SEO plugin. -->","yoast_head_json":{"title":"Responsywny widget iFrame Photo Gallery za darmo (2025)","description":"Wypr\u00f3buj za darmo najlepsz\u0105 wtyczk\u0119 Galerii zdj\u0119\u0107 dla iFrame. Prosty i szybki widget galerii integruj\u0105cy si\u0119 bez umiej\u0119tno\u015bci programowania.","robots":{"index":"index","follow":"follow","max-snippet":"max-snippet:-1","max-image-preview":"max-image-preview:large","max-video-preview":"max-video-preview:-1"},"canonical":"https:\/\/elfsight.com\/pl\/photo-gallery-widget\/iframe\/","og_locale":"pl_PL","og_type":"article","og_title":"Responsywny widget iFrame Photo Gallery za darmo (2025)","og_description":"Wypr\u00f3buj za darmo najlepsz\u0105 wtyczk\u0119 Galerii zdj\u0119\u0107 dla iFrame. Prosty i szybki widget galerii integruj\u0105cy si\u0119 bez umiej\u0119tno\u015bci programowania.","og_url":"https:\/\/elfsight.com\/pl\/photo-gallery-widget\/iframe\/","og_site_name":"Elfsight PL","article_modified_time":"2024-11-14T09:24:15+00:00","twitter_card":"summary_large_image","twitter_misc":{"Szacowany czas czytania":"3 minuty"},"schema":{"@context":"https:\/\/schema.org","@graph":[{"@type":"WebPage","@id":"https:\/\/elfsight.com\/pl\/photo-gallery-widget\/iframe\/","url":"https:\/\/elfsight.com\/pl\/photo-gallery-widget\/iframe\/","name":"Responsywny widget iFrame Photo Gallery za darmo (2025)","isPartOf":{"@id":"https:\/\/elfsight.com\/pl\/#website"},"datePublished":"1970-01-01T00:00:00+00:00","dateModified":"2024-11-14T09:24:15+00:00","description":"Wypr\u00f3buj za darmo najlepsz\u0105 wtyczk\u0119 Galerii zdj\u0119\u0107 dla iFrame. Prosty i szybki widget galerii integruj\u0105cy si\u0119 bez umiej\u0119tno\u015bci programowania.","breadcrumb":{"@id":"https:\/\/elfsight.com\/pl\/photo-gallery-widget\/iframe\/#breadcrumb"},"inLanguage":"pl-PL","potentialAction":[{"@type":"ReadAction","target":["https:\/\/elfsight.com\/pl\/photo-gallery-widget\/iframe\/"]}]},{"@type":"BreadcrumbList","@id":"https:\/\/elfsight.com\/pl\/photo-gallery-widget\/iframe\/#breadcrumb","itemListElement":[{"@type":"ListItem","position":1,"name":"Home","item":"https:\/\/elfsight.com\/pl\/"},{"@type":"ListItem","position":2,"name":"Photo Gallery","item":"https:\/\/elfsight.com\/pl\/photo-gallery-widget\/"},{"@type":"ListItem","position":3,"name":"Photo Gallery &#8211; iFrame"}]},{"@type":"WebSite","@id":"https:\/\/elfsight.com\/pl\/#website","url":"https:\/\/elfsight.com\/pl\/","name":"Elfsight PL","description":"Just another Elfsight Sites site","potentialAction":[{"@type":"SearchAction","target":{"@type":"EntryPoint","urlTemplate":"https:\/\/elfsight.com\/pl\/?s={search_term_string}"},"query-input":{"@type":"PropertyValueSpecification","valueRequired":true,"valueName":"search_term_string"}}],"inLanguage":"pl-PL"}]}},"meta_box":{"industry":"","seo_heading":"","heading":"","description":"","cta_heading":"","cta_description":"","application":"2502","h1":"Wid\u017cet Galerii zdj\u0119\u0107 iFrame","h1_caption":"Zaprezentuj swoje obrazy w interaktywnej, konfigurowalnej galerii, kt\u00f3ra bez wysi\u0142ku poprawi atrakcyjno\u015b\u0107 wizualn\u0105 Twojej witryny w witrynie iFrame.","application_category":[],"applications_title":"","applications_request_title":"","applications_request_button_text":"","hero_text":"","hero_video":"","hero_video_schema_markup":"","selling_points_title":"","selling_points_caption":"","selling_points":[],"selling_points_cta_text":"","features_title":"","features":"","ed_cta_examples_text":"","ed_cta_examples_hidden":"","ed_cta_demo_text":"","ed_cta_demo_hidden":"","why_caption":"","why_editor_title":"","why_editor_text":"","why_team_title":"","why_team_text":"","why_service_title":"","why_service_text":"","template_catalog_visible":"","template_catalog_title":"","template_catalog_text":"","template_catalog_categories_visible":"","demo_title":"Utw\u00f3rz wid\u017cet Galerii zdj\u0119\u0107","demo_caption":"Skonfiguruj swoj\u0105 galeri\u0119 zdj\u0119\u0107 i dodaj j\u0105 do swojej witryny iFrame za darmo!","default_faq_hidden":"","app_template_category":[],"platform":"187","template_public_id":"","codecanyon_url":"","codecanyon_item_id":"","codecanyon_price":"","pricing_caption":"","pricing_elfsight_apps_hide_column":"","pricing_elfsight_apps_url":"","pricing_codecanyon_price_caption":"","integration_category":[],"integration_request_title":"","integration_request_cta":"","integration_platform":"","integrations":[],"platform_category":[],"video_schema_markup":"","price":"od 0 USD \/ miesi\u0105c","trial":"","benefits":[{"text":"Bezp\u0142atna pomoc w instalacji"},{"text":"Do\u015bwiadczona obs\u0142uga klienta"},{"text":"14-dniowa gwarancja zwrotu pieni\u0119dzy"}],"button_url":"#demo","button_target_blank":"","button_nofollow":"","attributes":[{"name":"Instaluje"},{"name":"Czu\u0142y"},{"name":"Kompatybilne przegl\u0105darki"}],"tags":[],"tags_disable_links":"","hide_more_platforms":"","video_object":"","demo_hide_cta":"","demo_hide_cloud_options":"","pricing_title":"","pricing":[{"pricing_icon":"platform","pricing_title":"Elfsight Apps","pricing_title_caption":"Wersja wieloplatformowa, kt\u00f3ra pasuje do ka\u017cdej witryny internetowej","pricing_price":"od 0 USD \/ miesi\u0105c","pricing_price_caption":"zacznij od bezp\u0142atnego planu","pricing_benefits":[{"text":"Nielimitowane domeny"},{"text":"Szybkie i terminowe wsparcie"},{"text":"Bezp\u0142atna pomoc w monta\u017cu"},{"text":"Oferta specjalna na wiele aplikacji"}],"pricing_button_text":"Dodaj do witryny","pricing_button_url":"#demo"}],"related_apps_title":"","related_apps_hidden":"","author":"","image":[],"title":"","job":"","social_networks":[]},"_links":{"self":[{"href":"https:\/\/elfsight.com\/pl\/wp-json\/wp\/v2\/pages\/5877","targetHints":{"allow":["GET"]}}],"collection":[{"href":"https:\/\/elfsight.com\/pl\/wp-json\/wp\/v2\/pages"}],"about":[{"href":"https:\/\/elfsight.com\/pl\/wp-json\/wp\/v2\/types\/page"}],"author":[{"embeddable":true,"href":"https:\/\/elfsight.com\/pl\/wp-json\/wp\/v2\/users\/9"}],"replies":[{"embeddable":true,"href":"https:\/\/elfsight.com\/pl\/wp-json\/wp\/v2\/comments?post=5877"}],"version-history":[{"count":1,"href":"https:\/\/elfsight.com\/pl\/wp-json\/wp\/v2\/pages\/5877\/revisions"}],"predecessor-version":[{"id":5881,"href":"https:\/\/elfsight.com\/pl\/wp-json\/wp\/v2\/pages\/5877\/revisions\/5881"}],"up":[{"embeddable":true,"href":"https:\/\/elfsight.com\/pl\/wp-json\/wp\/v2\/pages\/2503"}],"wp:attachment":[{"href":"https:\/\/elfsight.com\/pl\/wp-json\/wp\/v2\/media?parent=5877"}],"curies":[{"name":"wp","href":"https:\/\/api.w.org\/{rel}","templated":true}]}}