{"id":5872,"date":"1970-01-01T00:00:00","date_gmt":"1970-01-01T00:00:00","guid":{"rendered":"https:\/\/elfsight.com\/pl\/?page_id=5872"},"modified":"2024-11-14T09:24:15","modified_gmt":"2024-11-14T09:24:15","slug":"magento","status":"publish","type":"page","link":"https:\/\/elfsight.com\/pl\/photo-gallery-widget\/magento\/","title":{"rendered":"Photo Gallery &#8211; Magento"},"content":{"rendered":"<div class=\"application-platform-content-item-description application-platform-content-item\" id=\"description\" data-nav-section=\"description\"><h2>Opis<\/h2> <p>Galeria Elfsight to najlepszy spos\u00f3b na gromadzenie materia\u0142\u00f3w wizualnych lub tworzenie \u015bwietnych album\u00f3w na Twojej stronie internetowej. Prze\u015blij dowoln\u0105 ilo\u015b\u0107 zdj\u0119\u0107, umie\u015b\u0107 komentarze i wybierz optymalny spos\u00f3b umieszczenia ich na stronie. To rozszerzenie oferuje 6 wariant\u00f3w uk\u0142adu i kilka dodatkowych opcji projektowych. Ka\u017cde zdj\u0119cie mo\u017cna przegl\u0105da\u0107 w trybie wyskakuj\u0105cym, mo\u017cna je przegl\u0105da\u0107 lub ogl\u0105da\u0107 pokaz slajd\u00f3w, powi\u0119ksza\u0107 i cieszy\u0107 si\u0119 zdj\u0119ciami na pe\u0142nym ekranie. Mo\u017cesz znale\u017a\u0107 niestandardowe kolory element\u00f3w wid\u017cetu i doda\u0107 w\u0142asne t\u0142o, zmieni\u0107 ustawienia tekstu i uzyska\u0107 wi\u0119cej mo\u017cliwo\u015bci stylistycznych. <\/p> <p><b>Stw\u00f3rz kolekcj\u0119 zdj\u0119\u0107, kt\u00f3rej nie mo\u017cna przegapi\u0107! <\/b><\/p> <p><b>Wska\u017c, co co\u015b znaczy<\/b><br>Wykorzystaj responsywne rozszerzenie Galerii obraz\u00f3w, aby zaprezentowa\u0107 swoje najciekawsze oferty lub eksponowa\u0107 niesamowite zdj\u0119cia produkt\u00f3w. <\/p><p><b>Poka\u017c swoje najlepsze prace lub produkty<\/b><br>Twoje urzekaj\u0105ce zdj\u0119cia i obrazy przyci\u0105gn\u0105 wi\u0119cej wy\u015bwietle\u0144 i zajm\u0105 ludzi na d\u0142u\u017cej, zwi\u0119kszaj\u0105c og\u00f3lny poziom zaanga\u017cowania w Twojej witrynie.<\/b> <p><b>Uzyskaj wi\u0119ksz\u0105 sprzeda\u017c za pomoc\u0105 kilku klikni\u0119\u0107<\/b><br>Pokazuj\u0105c swoje umiej\u0119tno\u015bci we wtyczce Photo, sprawisz, \u017ce odwiedzaj\u0105cy Twoj\u0105 witryn\u0119 nie b\u0119d\u0105 mogli oprze\u0107 si\u0119 dokonaniu zakupu w spos\u00f3b zwi\u0119kszaj\u0105cy Twoj\u0105 sprzeda\u017c.<\/b><\/div> <div class=\"faq\" data-component=\"FAQ\"><div class=\"faq-item\">\r\n\t\t\t\t\t<div class=\"faq-item-question\">\r\n\t\t\t\t\t\t<h3 class=\"faq-item-question-text\">W jaki spos\u00f3b mog\u0119 osadzi\u0107 galeri\u0119 zdj\u0119\u0107 na stronie Magento? <\/h3>\r\n\r\n\t\t\t\t\t\t<div class=\"faq-item-question-icon\"><\/div>\r\n\t\t\t\t\t<\/div>\r\n\r\n\t\t\t\t\t<div class=\"faq-item-answer\">\r\n\t\t\t\t\t\t<div class=\"faq-item-answer-text\"><p>Nast\u0119puje tworzenie wid\u017cetu w witrynie Elfsight i nie musisz uczy\u0107 si\u0119 kodowania. Otw\u00f3rz wersj\u0119 demonstracyjn\u0105 na \u017cywo, aby dostosowa\u0107 w\u0142asny widget, uzyska\u0107 kod i umie\u015bci\u0107 go na swojej stronie. <\/p><\/div>\r\n\t\t\t\t\t<\/div>\r\n\t\t\t\t<\/div><div class=\"faq-item\">\r\n\t\t\t\t\t<div class=\"faq-item-question\">\r\n\t\t\t\t\t\t<h3 class=\"faq-item-question-text\">Najlepsze przyk\u0142ady wykorzystania integracji responsywnej galerii obraz\u00f3w<\/h3>\r\n\r\n\t\t\t\t\t\t<div class=\"faq-item-question-icon\"><\/div>\r\n\t\t\t\t\t<\/div>\r\n\r\n\t\t\t\t\t<div class=\"faq-item-answer\">\r\n\t\t\t\t\t\t<div class=\"faq-item-answer-text\"><p>Mamy mn\u00f3stwo opcji dostosowywania: pe\u0142nowymiarowe wid\u017cety do wstawiania do strefy tre\u015bci, p\u0142ywaj\u0105ce wid\u017cety do przewijania, uk\u0142ady stopki witryny, nag\u0142\u00f3wka i wszystkie warianty mo\u017cliwo\u015bci pionowych pask\u00f3w bocznych i menu witryny. <\/p><\/div>\r\n\t\t\t\t\t<\/div>\r\n\t\t\t\t<\/div><div class=\"faq-item\">\r\n\t\t\t\t\t<div class=\"faq-item-question\">\r\n\t\t\t\t\t\t<h3 class=\"faq-item-question-text\">Jak zbudowa\u0107 sesj\u0119 zdj\u0119ciow\u0105 lub galeri\u0119 zdj\u0119\u0107 produkt\u00f3w za pomoc\u0105 edytora? <\/h3>\r\n\r\n\t\t\t\t\t\t<div class=\"faq-item-question-icon\"><\/div>\r\n\t\t\t\t\t<\/div>\r\n\r\n\t\t\t\t\t<div class=\"faq-item-answer\">\r\n\t\t\t\t\t\t<div class=\"faq-item-answer-text\"><p>Mo\u017cesz tworzy\u0107 dowolne odmiany wid\u017cetu. W edytorze masz do dyspozycji szerok\u0105 gam\u0119 uk\u0142ad\u00f3w, a ka\u017cdy z nich mo\u017cna \u0142atwo dostosowa\u0107 do w\u0142asnych potrzeb. <\/p><\/div>\r\n\t\t\t\t\t<\/div>\r\n\t\t\t\t<\/div><\/div><div class=\"application-platform-content-item-features application-platform-content-item\" id=\"features\" data-nav-section=\"features\"><h2>Funkcje<\/h2> <p>Sprawd\u017a list\u0119 wszystkich cech funkcjonalnych Galerii fotografii dla Magento. S\u0105 one dost\u0119pne bezpo\u015brednio w edytorze i pomog\u0105 Ci ukszta\u0142towa\u0107 wid\u017cet dok\u0142adnie pod Tw\u00f3j przypadek u\u017cycia. <\/p> <ul> <li>Dodaj wezwania do dzia\u0142ania, aby poprowadzi\u0107 odbiorc\u00f3w do konwersji. <\/li> <li>Reguluj czas prze\u0142\u0105czania slajd\u00f3w. <\/li> <li>Wybierz spo\u015br\u00f3d wielu wariant\u00f3w paginacji. <\/li> <li>Umie\u015b\u0107 swoj\u0105 tre\u015b\u0107 w dowolnym miejscu strony za pomoc\u0105 zaawansowanej pozycji. <\/li> <li>Dostosuj pi\u0119\u0107 opcji tre\u015bci. <\/li> <\/ul> <p><a href=\"#demo\">Zobacz, jak dzia\u0142aj\u0105 wszystkie funkcje w naszej wersji demonstracyjnej<\/a><\/p> <\/div> <div class=\"application-platform-content-item-installation application-platform-content-item\" id=\"installation\" data-nav-section=\"installation\"> <h2>Jak doda\u0107 rozszerzenie Galeria zdj\u0119\u0107 do Magento?<\/h2> <p>Wystarczy wykona\u0107 kroki opisane poni\u017cej, aby osadzi\u0107 rozszerzenie Galeria zdj\u0119\u0107 w Magento.<\/p> <ol><li><b>Skorzystaj z naszego bezp\u0142atnego edytorze i zacznij kszta\u0142towa\u0107 sw\u00f3j spersonalizowany instrument. <\/b><br> Wybierz po\u017c\u0105dany interfejs i funkcje wid\u017cetu, a nast\u0119pnie zastosuj zmiany. <\/li> <li><b>Zdob\u0105d\u017a sw\u00f3j indywidualny kod pojawiaj\u0105cy si\u0119 w oknie aplikacji Elfsight. <\/b><br> Po skonfigurowaniu osobistego narz\u0119dzia skopiuj ekskluzywny kod z wy\u015bwietlonego okna i zapisz go do wykorzystania w przysz\u0142o\u015bci. <\/li> <li><b>Zacznij korzysta\u0107 z rozszerzenia w swojej witrynie Magento. <\/b><br> Umie\u015b\u0107 skopiowany wcze\u015bniej kod na swojej stronie g\u0142\u00f3wnej i zapisz poprawki. <\/li> <li><b>Gotowe! Integracja zosta\u0142a w pe\u0142ni uko\u0144czona. <\/b><br> Przejd\u017a na swoj\u0105 stron\u0119, aby zobaczy\u0107 dzia\u0142anie wid\u017cetu. <\/li><\/ol><p>Nie wahaj si\u0119 skontaktowa\u0107 z obs\u0142ug\u0105 klienta Elfsight, je\u015bli potrzebujesz porady lub masz pytania. Przy ka\u017cdym zapytaniu pomo\u017cemy. <\/p> <\/div>","protected":false},"excerpt":{"rendered":"","protected":false},"author":9,"featured_media":0,"parent":2503,"menu_order":0,"comment_status":"closed","ping_status":"closed","template":"templates\/template-application-platform.php","meta":{"publish_to_discourse":"","publish_post_category":"","wpdc_auto_publish_overridden":"","wpdc_topic_tags":"","wpdc_pin_topic":"","wpdc_pin_until":"","discourse_post_id":"","discourse_permalink":"","wpdc_publishing_response":"","wpdc_publishing_error":"","footnotes":""},"class_list":["post-5872","page","type-page","status-publish","hentry"],"yoast_head":"<!-- This site is optimized with the Yoast SEO plugin v25.3.1 - https:\/\/yoast.com\/wordpress\/plugins\/seo\/ -->\n<title>Galeria zdj\u0119\u0107 \u2014 Dodaj wid\u017cet Galerii zdj\u0119\u0107 do Magento [2025]<\/title>\n<meta name=\"description\" content=\"Wypr\u00f3buj najlepiej responsywne rozszerzenie Galerii zdj\u0119\u0107 dla Magento (za darmo). Prosta i szybka wtyczka galerii integruj\u0105ca si\u0119 bez umiej\u0119tno\u015bci programowania.\" \/>\n<meta name=\"robots\" content=\"index, follow, max-snippet:-1, max-image-preview:large, max-video-preview:-1\" \/>\n<link rel=\"canonical\" href=\"https:\/\/elfsight.com\/pl\/photo-gallery-widget\/magento\/\" \/>\n<meta property=\"og:locale\" content=\"pl_PL\" \/>\n<meta property=\"og:type\" content=\"article\" \/>\n<meta property=\"og:title\" content=\"Galeria zdj\u0119\u0107 \u2014 Dodaj wid\u017cet Galerii zdj\u0119\u0107 do Magento [2025]\" \/>\n<meta property=\"og:description\" content=\"Wypr\u00f3buj najlepiej responsywne rozszerzenie Galerii zdj\u0119\u0107 dla Magento (za darmo). Prosta i szybka wtyczka galerii integruj\u0105ca si\u0119 bez umiej\u0119tno\u015bci programowania.\" \/>\n<meta property=\"og:url\" content=\"https:\/\/elfsight.com\/pl\/photo-gallery-widget\/magento\/\" \/>\n<meta property=\"og:site_name\" content=\"Elfsight PL\" \/>\n<meta property=\"article:modified_time\" content=\"2024-11-14T09:24:15+00:00\" \/>\n<meta name=\"twitter:card\" content=\"summary_large_image\" \/>\n<meta name=\"twitter:label1\" content=\"Szacowany czas czytania\" \/>\n\t<meta name=\"twitter:data1\" content=\"3 minuty\" \/>\n<!-- \/ Yoast SEO plugin. -->","yoast_head_json":{"title":"Galeria zdj\u0119\u0107 \u2014 Dodaj wid\u017cet Galerii zdj\u0119\u0107 do Magento [2025]","description":"Wypr\u00f3buj najlepiej responsywne rozszerzenie Galerii zdj\u0119\u0107 dla Magento (za darmo). Prosta i szybka wtyczka galerii integruj\u0105ca si\u0119 bez umiej\u0119tno\u015bci programowania.","robots":{"index":"index","follow":"follow","max-snippet":"max-snippet:-1","max-image-preview":"max-image-preview:large","max-video-preview":"max-video-preview:-1"},"canonical":"https:\/\/elfsight.com\/pl\/photo-gallery-widget\/magento\/","og_locale":"pl_PL","og_type":"article","og_title":"Galeria zdj\u0119\u0107 \u2014 Dodaj wid\u017cet Galerii zdj\u0119\u0107 do Magento [2025]","og_description":"Wypr\u00f3buj najlepiej responsywne rozszerzenie Galerii zdj\u0119\u0107 dla Magento (za darmo). Prosta i szybka wtyczka galerii integruj\u0105ca si\u0119 bez umiej\u0119tno\u015bci programowania.","og_url":"https:\/\/elfsight.com\/pl\/photo-gallery-widget\/magento\/","og_site_name":"Elfsight PL","article_modified_time":"2024-11-14T09:24:15+00:00","twitter_card":"summary_large_image","twitter_misc":{"Szacowany czas czytania":"3 minuty"},"schema":{"@context":"https:\/\/schema.org","@graph":[{"@type":"WebPage","@id":"https:\/\/elfsight.com\/pl\/photo-gallery-widget\/magento\/","url":"https:\/\/elfsight.com\/pl\/photo-gallery-widget\/magento\/","name":"Galeria zdj\u0119\u0107 \u2014 Dodaj wid\u017cet Galerii zdj\u0119\u0107 do Magento [2025]","isPartOf":{"@id":"https:\/\/elfsight.com\/pl\/#website"},"datePublished":"1970-01-01T00:00:00+00:00","dateModified":"2024-11-14T09:24:15+00:00","description":"Wypr\u00f3buj najlepiej responsywne rozszerzenie Galerii zdj\u0119\u0107 dla Magento (za darmo). Prosta i szybka wtyczka galerii integruj\u0105ca si\u0119 bez umiej\u0119tno\u015bci programowania.","breadcrumb":{"@id":"https:\/\/elfsight.com\/pl\/photo-gallery-widget\/magento\/#breadcrumb"},"inLanguage":"pl-PL","potentialAction":[{"@type":"ReadAction","target":["https:\/\/elfsight.com\/pl\/photo-gallery-widget\/magento\/"]}]},{"@type":"BreadcrumbList","@id":"https:\/\/elfsight.com\/pl\/photo-gallery-widget\/magento\/#breadcrumb","itemListElement":[{"@type":"ListItem","position":1,"name":"Home","item":"https:\/\/elfsight.com\/pl\/"},{"@type":"ListItem","position":2,"name":"Photo Gallery","item":"https:\/\/elfsight.com\/pl\/photo-gallery-widget\/"},{"@type":"ListItem","position":3,"name":"Photo Gallery &#8211; Magento"}]},{"@type":"WebSite","@id":"https:\/\/elfsight.com\/pl\/#website","url":"https:\/\/elfsight.com\/pl\/","name":"Elfsight PL","description":"Just another Elfsight Sites site","potentialAction":[{"@type":"SearchAction","target":{"@type":"EntryPoint","urlTemplate":"https:\/\/elfsight.com\/pl\/?s={search_term_string}"},"query-input":{"@type":"PropertyValueSpecification","valueRequired":true,"valueName":"search_term_string"}}],"inLanguage":"pl-PL"}]}},"meta_box":{"industry":"","seo_heading":"","heading":"","description":"","cta_heading":"","cta_description":"","application":"2502","h1":"Widget Galerii zdj\u0119\u0107 Magento","h1_caption":"Zaprezentuj swoje obrazy w interaktywnej, konfigurowalnej galerii, kt\u00f3ra bez wysi\u0142ku poprawi atrakcyjno\u015b\u0107 wizualn\u0105 Twojej witryny w witrynie Magento.","application_category":[],"applications_title":"","applications_request_title":"","applications_request_button_text":"","hero_text":"","hero_video":"","hero_video_schema_markup":"","selling_points_title":"","selling_points_caption":"","selling_points":[],"selling_points_cta_text":"","features_title":"","features":"","ed_cta_examples_text":"","ed_cta_examples_hidden":"","ed_cta_demo_text":"","ed_cta_demo_hidden":"","why_caption":"","why_editor_title":"","why_editor_text":"","why_team_title":"","why_team_text":"","why_service_title":"","why_service_text":"","template_catalog_visible":"","template_catalog_title":"","template_catalog_text":"","template_catalog_categories_visible":"","demo_title":"Utw\u00f3rz rozszerzenie Galerii zdj\u0119\u0107","demo_caption":"Skonfiguruj swoj\u0105 Galeri\u0119 Zdj\u0119\u0107 i dodaj j\u0105 do swojej witryny Magento za darmo!","default_faq_hidden":"","app_template_category":[],"platform":"92","template_public_id":"","codecanyon_url":"","codecanyon_item_id":"","codecanyon_price":"","pricing_caption":"","pricing_elfsight_apps_hide_column":"","pricing_elfsight_apps_url":"","pricing_codecanyon_price_caption":"","integration_category":[],"integration_request_title":"","integration_request_cta":"","integration_platform":"","integrations":[],"platform_category":[],"video_schema_markup":"","price":"od 0 USD \/ miesi\u0105c","trial":"","benefits":[{"text":"Bezp\u0142atna pomoc w instalacji"},{"text":"Profesjonalna obs\u0142uga klienta"},{"text":"14-dniowa gwarancja zwrotu pieni\u0119dzy"}],"button_url":"#demo","button_target_blank":"","button_nofollow":"","attributes":[{"name":"Instaluje"},{"name":"Czu\u0142y"},{"name":"Kompatybilne przegl\u0105darki"}],"tags":[],"tags_disable_links":"","hide_more_platforms":"","video_object":"","demo_hide_cta":"","demo_hide_cloud_options":"","pricing_title":"","pricing":[{"pricing_icon":"platform","pricing_title":"Elfsight Apps","pricing_title_caption":"Rozwi\u0105zanie wieloplatformowe, kt\u00f3re pasuje do ka\u017cdej witryny","pricing_price":"od 0 USD \/ miesi\u0105c","pricing_price_caption":"zacznij od bezp\u0142atnego planu","pricing_benefits":[{"text":"Nielimitowane domeny"},{"text":"Wsparcie 24\/7"},{"text":"Bezp\u0142atna us\u0142uga monta\u017cu"},{"text":"Elastyczny projekt"}],"pricing_button_text":"Dodaj do witryny","pricing_button_url":"#demo"}],"related_apps_title":"","related_apps_hidden":"","author":"","image":[],"title":"","job":"","social_networks":[]},"_links":{"self":[{"href":"https:\/\/elfsight.com\/pl\/wp-json\/wp\/v2\/pages\/5872","targetHints":{"allow":["GET"]}}],"collection":[{"href":"https:\/\/elfsight.com\/pl\/wp-json\/wp\/v2\/pages"}],"about":[{"href":"https:\/\/elfsight.com\/pl\/wp-json\/wp\/v2\/types\/page"}],"author":[{"embeddable":true,"href":"https:\/\/elfsight.com\/pl\/wp-json\/wp\/v2\/users\/9"}],"replies":[{"embeddable":true,"href":"https:\/\/elfsight.com\/pl\/wp-json\/wp\/v2\/comments?post=5872"}],"version-history":[{"count":1,"href":"https:\/\/elfsight.com\/pl\/wp-json\/wp\/v2\/pages\/5872\/revisions"}],"predecessor-version":[{"id":5876,"href":"https:\/\/elfsight.com\/pl\/wp-json\/wp\/v2\/pages\/5872\/revisions\/5876"}],"up":[{"embeddable":true,"href":"https:\/\/elfsight.com\/pl\/wp-json\/wp\/v2\/pages\/2503"}],"wp:attachment":[{"href":"https:\/\/elfsight.com\/pl\/wp-json\/wp\/v2\/media?parent=5872"}],"curies":[{"name":"wp","href":"https:\/\/api.w.org\/{rel}","templated":true}]}}