{"id":5871,"date":"1970-01-01T00:00:00","date_gmt":"1970-01-01T00:00:00","guid":{"rendered":"https:\/\/elfsight.com\/pl\/?page_id=5871"},"modified":"2025-06-26T16:22:52","modified_gmt":"2025-06-26T16:22:52","slug":"html","status":"publish","type":"page","link":"https:\/\/elfsight.com\/pl\/photo-gallery-widget\/html\/","title":{"rendered":"Photo Gallery &#8211; HTML"},"content":{"rendered":"<div class=\"application-platform-content-item-description application-platform-content-item\" id=\"description\" data-nav-section=\"description\">\n<h2>Opis<\/h2>\n<p>Wid\u017cet Galeria Elfsight to najprostszy spos\u00f3b na pokazanie zdj\u0119\u0107 lub utworzenie atrakcyjnego albumu na Twojej stronie internetowej. Wstaw dowoln\u0105 ilo\u015b\u0107 zdj\u0119\u0107, opis\u00f3w miejsc i wybierz optymalny spos\u00f3b ich rozmieszczenia na stronie. Nasz widget zawiera sze\u015b\u0107 szablon\u00f3w i r\u00f3\u017cnorodne dodatkowe mo\u017cliwo\u015bci projektowania. Ka\u017cde zdj\u0119cie otwiera si\u0119 w trybie wyskakuj\u0105cym, mo\u017cna je przegl\u0105da\u0107 lub ogl\u0105da\u0107 pokaz slajd\u00f3w, powi\u0119ksza\u0107 i pomniejsza\u0107 oraz otwiera\u0107 zdj\u0119cia na pe\u0142nym ekranie. Mo\u017cesz znale\u017a\u0107 niestandardowe kolory element\u00f3w wid\u017cetu i zastosowa\u0107 niestandardowe t\u0142o, zastosowa\u0107 opcje tekstowe i wi\u0119cej funkcji stylistycznych.<\/p>\n<p><b>Zwi\u0119ksz poziom zaanga\u017cowania u\u017cytkownik\u00f3w, pokazuj\u0105c pi\u0119kne kolekcje zdj\u0119\u0107!<\/b><\/p>\n<\/div>\n\n<div class=\"faq\" data-component=\"FAQ\">\n    <div class=\"faq-item\">\r\n\t\t\t\t\t<div class=\"faq-item-question\">\r\n\t\t\t\t\t\t<h3 class=\"faq-item-question-text\">Jak mog\u0119 osadzi\u0107 galeri\u0119 zdj\u0119\u0107 w mojej witrynie HTML?<\/h3>\r\n\r\n\t\t\t\t\t\t<div class=\"faq-item-question-icon\"><\/div>\r\n\t\t\t\t\t<\/div>\r\n\r\n\t\t\t\t\t<div class=\"faq-item-answer\">\r\n\t\t\t\t\t\t<div class=\"faq-item-answer-text\">\n    <p>Tworzenie narz\u0119dzia odbywa si\u0119 na stronach Elfsight i nie ma potrzeby uczy\u0107 si\u0119 kodowania. Zastosuj nasze demo na \u017cywo, aby dostosowa\u0107 swoje narz\u0119dzie, zdob\u0105d\u017a kod i dodaj go na swojej stronie internetowej.<\/p>\n    <\/div>\r\n\t\t\t\t\t<\/div>\r\n\t\t\t\t<\/div>\n    <div class=\"faq-item\">\r\n\t\t\t\t\t<div class=\"faq-item-question\">\r\n\t\t\t\t\t\t<h3 class=\"faq-item-question-text\">Najlepsze przyk\u0142ady wykorzystania integracji Galerii obraz\u00f3w<\/h3>\r\n\r\n\t\t\t\t\t\t<div class=\"faq-item-question-icon\"><\/div>\r\n\t\t\t\t\t<\/div>\r\n\r\n\t\t\t\t\t<div class=\"faq-item-answer\">\r\n\t\t\t\t\t\t<div class=\"faq-item-answer-text\">\n    <p>Zapewnimy mn\u00f3stwo opcji dostosowywania: pe\u0142nowymiarowe wid\u017cety do osadzania w sekcj\u0119 tre\u015bci, p\u0142ywaj\u0105ce wid\u017cety do przewijania, uk\u0142ady stopki, nag\u0142\u00f3wka i wszelkiego rodzaju opcje pionowe dla pask\u00f3w bocznych i menu witryny.<\/p>\n    <\/div>\r\n\t\t\t\t\t<\/div>\r\n\t\t\t\t<\/div>\n    <div class=\"faq-item\">\r\n\t\t\t\t\t<div class=\"faq-item-question\">\r\n\t\t\t\t\t\t<h3 class=\"faq-item-question-text\">Jak zbudowa\u0107 galeri\u0119 zdj\u0119\u0107 produkt\u00f3w lub portfolio za pomoc\u0105 edytora?<\/h3>\r\n\r\n\t\t\t\t\t\t<div class=\"faq-item-question-icon\"><\/div>\r\n\t\t\t\t\t<\/div>\r\n\r\n\t\t\t\t\t<div class=\"faq-item-answer\">\r\n\t\t\t\t\t\t<div class=\"faq-item-answer-text\">\n    <p>Mo\u017cesz zbudowa\u0107 dowolne odmiany wid\u017cetu. W edytorze dost\u0119pnych jest mn\u00f3stwo uk\u0142ad\u00f3w, a ka\u017cdy z nich mo\u017cna szybko dostosowa\u0107 tak, jak potrzebujesz.<\/p>\n    <\/div>\r\n\t\t\t\t\t<\/div>\r\n\t\t\t\t<\/div>\n<\/div>\n\n<div class=\"application-platform-content-item-features application-platform-content-item\" id=\"features\" data-nav-section=\"features\">\n<h2>Funkcje<\/h2>\n<p>Tutaj mo\u017cesz zobaczy\u0107 wszystkie funkcje kodu Galerii zdj\u0119\u0107 HTML. S\u0105 one dost\u0119pne bezpo\u015brednio w edytorze i pomog\u0105 Ci skonfigurowa\u0107 szablon wid\u017cetu odpowiednio do Twojego przypadku.<\/p>\n<ul>\n    <li>Wykorzystaj przyciski CTA, aby poprowadzi\u0107 odbiorc\u00f3w do celu.<\/li>\n    <li>Dostosuj czas prze\u0142\u0105czania slajd\u00f3w.<\/li>\n    <li>Wybierz jedn\u0105 z wielu opcji paginacji.<\/li>\n    <li>Umie\u015b\u0107 swoj\u0105 wiadomo\u015b\u0107 w dowolnym miejscu strony za pomoc\u0105 zaawansowanej pozycji.<\/li>\n    <li>Dostosuj pi\u0119\u0107 opcji tre\u015bci.<\/li>\n<\/ul>\n<p><a href=\"#demo\">Sprawd\u017a wszystkie pozosta\u0142e funkcje w wersji demonstracyjnej<\/a><\/p>\n<\/div>\n\n<div class=\"application-platform-content-item-installation application-platform-content-item\" id=\"installation\" data-nav-section=\"installation\">\n<h2>Jak doda\u0107 kod Galerii zdj\u0119\u0107 w formacie HTML?<\/h2>\n<div class=\"video-container\"><iframe width=\"720\" height=\"405\" src=\"https:\/\/www.youtube.com\/embed\/ffMgwYkO6T0\" frameborder=\"0\" allowfullscreen=\"\"><\/iframe><\/div>\n<p>Aby osadzi\u0107 wid\u017cet, wykonaj kilka szybkich krok\u00f3w.<\/p>\n<ol>\n    <li><b>Zaprojektuj sw\u00f3j osobisty szablon Galerii<\/b><br> Zarz\u0105dzaj\u0105c nasz\u0105 bezp\u0142atn\u0105 wersj\u0105 demonstracyjn\u0105, utw\u00f3rz kod wid\u017cetu o preferowanym wygl\u0105dzie i funkcjonalno\u015bci.<\/li>\n    <li><b>Uzyskaj osobisty kod do zainstalowania wid\u017cetu<\/b><br> Po dostosowaniu szablonu otrzymasz unikalny kod z powiadomienia, kt\u00f3re pojawi\u0142o si\u0119 w aplikacjach Elfsight. Skopiuj go.<\/li>\n    <li><b>Wy\u015bwietl wid\u017cet Galerii na swojej stronie HTML<\/b><br> Wybierz obszar, do kt\u00f3rego chcesz doda\u0107 wid\u017cet i wklej tam zapisany kod. Zapisz zmiany.<\/li>\n    <li><b>Osadzanie powiod\u0142o si\u0119!<\/b><br> Wejd\u017a na stron\u0119, aby zobaczy\u0107 sw\u00f3j widget.<\/li>\n<\/ol>\n<p>Nie wahaj si\u0119 i skontaktuj si\u0119 z naszym dzia\u0142em obs\u0142ugi klienta, je\u015bli potrzebujesz pomocy lub masz pytania. Ch\u0119tnie pomo\u017cemy przy ka\u017cdym zg\u0142oszeniu.<\/p>\n<\/div>","protected":false},"excerpt":{"rendered":"","protected":false},"author":9,"featured_media":0,"parent":2503,"menu_order":0,"comment_status":"closed","ping_status":"closed","template":"templates\/template-application-platform.php","meta":{"publish_to_discourse":"","publish_post_category":"","wpdc_auto_publish_overridden":"","wpdc_topic_tags":"","wpdc_pin_topic":"","wpdc_pin_until":"","discourse_post_id":"","discourse_permalink":"","wpdc_publishing_response":"","wpdc_publishing_error":"","footnotes":""},"class_list":["post-5871","page","type-page","status-publish","hentry"],"yoast_head":"<!-- This site is optimized with the Yoast SEO plugin v25.3.1 - https:\/\/yoast.com\/wordpress\/plugins\/seo\/ -->\n<title>Galeria zdj\u0119\u0107 \u2014 Dodaj wid\u017cet Galerii zdj\u0119\u0107 do witryny HTML [2026]<\/title>\n<meta name=\"description\" content=\"Wypr\u00f3buj bezp\u0142atnie najlepszy responsywny kod Galerii zdj\u0119\u0107 w formacie HTML. Prosty i szybki widget galerii integruj\u0105cy si\u0119 bez umiej\u0119tno\u015bci programowania.\" \/>\n<meta name=\"robots\" content=\"index, follow, max-snippet:-1, max-image-preview:large, max-video-preview:-1\" \/>\n<link rel=\"canonical\" href=\"https:\/\/elfsight.com\/pl\/photo-gallery-widget\/html\/\" \/>\n<meta property=\"og:locale\" content=\"pl_PL\" \/>\n<meta property=\"og:type\" content=\"article\" \/>\n<meta property=\"og:title\" content=\"Galeria zdj\u0119\u0107 \u2014 Dodaj wid\u017cet Galerii zdj\u0119\u0107 do witryny HTML [2026]\" \/>\n<meta property=\"og:description\" content=\"Wypr\u00f3buj bezp\u0142atnie najlepszy responsywny kod Galerii zdj\u0119\u0107 w formacie HTML. Prosty i szybki widget galerii integruj\u0105cy si\u0119 bez umiej\u0119tno\u015bci programowania.\" \/>\n<meta property=\"og:url\" content=\"https:\/\/elfsight.com\/pl\/photo-gallery-widget\/html\/\" \/>\n<meta property=\"og:site_name\" content=\"Elfsight PL\" \/>\n<meta property=\"article:modified_time\" content=\"2025-06-26T16:22:52+00:00\" \/>\n<meta name=\"twitter:card\" content=\"summary_large_image\" \/>\n<meta name=\"twitter:label1\" content=\"Szacowany czas czytania\" \/>\n\t<meta name=\"twitter:data1\" content=\"3 minuty\" \/>\n<!-- \/ Yoast SEO plugin. -->","yoast_head_json":{"title":"Galeria zdj\u0119\u0107 \u2014 Dodaj wid\u017cet Galerii zdj\u0119\u0107 do witryny HTML [2026]","description":"Wypr\u00f3buj bezp\u0142atnie najlepszy responsywny kod Galerii zdj\u0119\u0107 w formacie HTML. Prosty i szybki widget galerii integruj\u0105cy si\u0119 bez umiej\u0119tno\u015bci programowania.","robots":{"index":"index","follow":"follow","max-snippet":"max-snippet:-1","max-image-preview":"max-image-preview:large","max-video-preview":"max-video-preview:-1"},"canonical":"https:\/\/elfsight.com\/pl\/photo-gallery-widget\/html\/","og_locale":"pl_PL","og_type":"article","og_title":"Galeria zdj\u0119\u0107 \u2014 Dodaj wid\u017cet Galerii zdj\u0119\u0107 do witryny HTML [2026]","og_description":"Wypr\u00f3buj bezp\u0142atnie najlepszy responsywny kod Galerii zdj\u0119\u0107 w formacie HTML. Prosty i szybki widget galerii integruj\u0105cy si\u0119 bez umiej\u0119tno\u015bci programowania.","og_url":"https:\/\/elfsight.com\/pl\/photo-gallery-widget\/html\/","og_site_name":"Elfsight PL","article_modified_time":"2025-06-26T16:22:52+00:00","twitter_card":"summary_large_image","twitter_misc":{"Szacowany czas czytania":"3 minuty"},"schema":{"@context":"https:\/\/schema.org","@graph":[{"@type":"WebPage","@id":"https:\/\/elfsight.com\/pl\/photo-gallery-widget\/html\/","url":"https:\/\/elfsight.com\/pl\/photo-gallery-widget\/html\/","name":"Galeria zdj\u0119\u0107 \u2014 Dodaj wid\u017cet Galerii zdj\u0119\u0107 do witryny HTML [2026]","isPartOf":{"@id":"https:\/\/elfsight.com\/pl\/#website"},"datePublished":"1970-01-01T00:00:00+00:00","dateModified":"2025-06-26T16:22:52+00:00","description":"Wypr\u00f3buj bezp\u0142atnie najlepszy responsywny kod Galerii zdj\u0119\u0107 w formacie HTML. Prosty i szybki widget galerii integruj\u0105cy si\u0119 bez umiej\u0119tno\u015bci programowania.","breadcrumb":{"@id":"https:\/\/elfsight.com\/pl\/photo-gallery-widget\/html\/#breadcrumb"},"inLanguage":"pl-PL","potentialAction":[{"@type":"ReadAction","target":["https:\/\/elfsight.com\/pl\/photo-gallery-widget\/html\/"]}]},{"@type":"BreadcrumbList","@id":"https:\/\/elfsight.com\/pl\/photo-gallery-widget\/html\/#breadcrumb","itemListElement":[{"@type":"ListItem","position":1,"name":"Home","item":"https:\/\/elfsight.com\/pl\/"},{"@type":"ListItem","position":2,"name":"Photo Gallery","item":"https:\/\/elfsight.com\/pl\/photo-gallery-widget\/"},{"@type":"ListItem","position":3,"name":"Photo Gallery &#8211; HTML"}]},{"@type":"WebSite","@id":"https:\/\/elfsight.com\/pl\/#website","url":"https:\/\/elfsight.com\/pl\/","name":"Elfsight PL","description":"Just another Elfsight Sites site","potentialAction":[{"@type":"SearchAction","target":{"@type":"EntryPoint","urlTemplate":"https:\/\/elfsight.com\/pl\/?s={search_term_string}"},"query-input":{"@type":"PropertyValueSpecification","valueRequired":true,"valueName":"search_term_string"}}],"inLanguage":"pl-PL"}]}},"meta_box":{"industry":"","seo_heading":"","heading":"","description":"","cta_heading":"","cta_description":"","application":"2502","h1":"Kod wid\u017cetu HTML Photo Gallery","h1_caption":"Zaprezentuj swoje obrazy w interaktywnej, konfigurowalnej galerii, kt\u00f3ra bez wysi\u0142ku poprawia atrakcyjno\u015b\u0107 wizualn\u0105 Twojej witryny w witrynie HTML.","application_category":[],"applications_title":"","applications_request_title":"","applications_request_button_text":"","hero_text":"","hero_video":"","hero_video_schema_markup":"","selling_points_title":"","selling_points_caption":"","selling_points":[],"selling_points_cta_text":"","features_title":"","features":"","ed_cta_examples_text":"","ed_cta_examples_hidden":"","ed_cta_demo_text":"","ed_cta_demo_hidden":"","why_caption":"","why_editor_title":"","why_editor_text":"","why_team_title":"","why_team_text":"","why_service_title":"","why_service_text":"","template_catalog_visible":"0","template_catalog_title":"","template_catalog_text":"","template_catalog_categories_visible":"","demo_title":"Utw\u00f3rz wid\u017cet Galerii zdj\u0119\u0107","demo_caption":"Skonfiguruj swoj\u0105 galeri\u0119 zdj\u0119\u0107 i dodaj j\u0105 do swojej witryny HTML za darmo!","default_faq_hidden":"","app_template_category":[],"platform":"50","template_public_id":"","codecanyon_url":"","codecanyon_item_id":"","codecanyon_price":"","pricing_caption":"","pricing_elfsight_apps_hide_column":"","pricing_elfsight_apps_url":"","pricing_codecanyon_price_caption":"","integration_category":[],"integration_request_title":"","integration_request_cta":"","integration_platform":"","integrations":[],"platform_category":[],"video_schema_markup":"","price":"od 0 USD \/ miesi\u0105c","trial":"","benefits":[{"text":"Bezp\u0142atna us\u0142uga monta\u017cu"},{"text":"Profesjonalna obs\u0142uga klienta"},{"text":"14-dniowa gwarancja zwrotu pieni\u0119dzy"}],"button_url":"#demo","button_target_blank":"0","button_nofollow":"0","attributes":[{"name":"Instaluje"},{"name":"Czu\u0142y"},{"name":"Kompatybilne przegl\u0105darki"}],"tags":[],"tags_disable_links":"0","hide_more_platforms":"0","video_object":"","demo_hide_cta":"0","demo_hide_cloud_options":"0","pricing_title":"","pricing":[{"pricing_icon":"platform","pricing_title":"Elfsight Apps","pricing_title_caption":"Rozwi\u0105zanie niezale\u017cne od platformy","pricing_price":"od 0 USD \/ miesi\u0105c","pricing_price_caption":"zacznij od bezp\u0142atnego planu","pricing_benefits":[{"text":"Nielimitowane strony internetowe"},{"text":"Bezp\u0142atne wsparcie firmy"},{"text":"Bezp\u0142atna pomoc w monta\u017cu"},{"text":"Cena do z\u0142apania dla wielu aplikacji"}],"pricing_button_text":"Dodaj do witryny","pricing_button_url":"#demo"}],"related_apps_title":"","related_apps_hidden":"0","author":"","image":[],"title":"","job":"","social_networks":[]},"_links":{"self":[{"href":"https:\/\/elfsight.com\/pl\/wp-json\/wp\/v2\/pages\/5871","targetHints":{"allow":["GET"]}}],"collection":[{"href":"https:\/\/elfsight.com\/pl\/wp-json\/wp\/v2\/pages"}],"about":[{"href":"https:\/\/elfsight.com\/pl\/wp-json\/wp\/v2\/types\/page"}],"author":[{"embeddable":true,"href":"https:\/\/elfsight.com\/pl\/wp-json\/wp\/v2\/users\/9"}],"replies":[{"embeddable":true,"href":"https:\/\/elfsight.com\/pl\/wp-json\/wp\/v2\/comments?post=5871"}],"version-history":[{"count":3,"href":"https:\/\/elfsight.com\/pl\/wp-json\/wp\/v2\/pages\/5871\/revisions"}],"predecessor-version":[{"id":10614,"href":"https:\/\/elfsight.com\/pl\/wp-json\/wp\/v2\/pages\/5871\/revisions\/10614"}],"up":[{"embeddable":true,"href":"https:\/\/elfsight.com\/pl\/wp-json\/wp\/v2\/pages\/2503"}],"wp:attachment":[{"href":"https:\/\/elfsight.com\/pl\/wp-json\/wp\/v2\/media?parent=5871"}],"curies":[{"name":"wp","href":"https:\/\/api.w.org\/{rel}","templated":true}]}}