{"id":587,"date":"2020-11-20T14:04:52","date_gmt":"2020-11-20T14:04:52","guid":{"rendered":"https:\/\/elfsight.com\/pl\/?page_id=587"},"modified":"2021-04-21T13:49:45","modified_gmt":"2021-04-21T13:49:45","slug":"prestashop-addons","status":"publish","type":"page","link":"https:\/\/elfsight.com\/pl\/prestashop-addons\/","title":{"rendered":"PrestaShop addons"},"content":{"rendered":"\n<h2>Najbardziej optymalne dodatki Elfsight dla wszelkich zada\u0144 twojej witryny PrestaShop<\/h2>\n\n<p>Przez 9 lat nasz team profesjonalist\u00f3w Elfsight wynajduje przyjazne dla u\u017cytkownika i konfigurowalne pluginy chmurowe dla Twojej dzia\u0142alno\u015bci. Elfsight gwarantuje serwis wsparcia oraz szybkie \u0142adowanie. Narz\u0119dzia Elfsight s\u0142u\u017c\u0105 w\u0142a\u015bcicielom stron e-commerce, niekomercyjnych oraz wielu innym z r\u00f3\u017cnych kraj\u00f3w \u015bwiata poradzi\u0107 sobie z g\u0142\u00f3wnymi dzia\u0142aniami bardziej wydajnie. \n<\/p>\n\n<p>Aby zwi\u0119kszy\u0107 liczb\u0119 potencjalnych klient\u00f3w, wykaza\u0107 5-gwiazdkow\u0105 ocen\u0119 na Twoje us\u0142ugi, zwi\u0119kszy\u0107 zaufanie do swojej marki, po prostu dodaj\u0105c wid\u017cet do Pa\u0144stwa strony internetowej. Nasze plany abonamentowe s\u0105 w zakresie od bezp\u0142atnych do premium. Szybko zastosowa\u0107 dowolnie odpowiednie dodatki przy u\u017cyciu naszej demonstracji i przekonaj si\u0119 jak bardzo mo\u017ce to by\u0107 przydatne w kwestii rozwoju witryny Pa\u0144stwa przedsi\u0119biorstwa. <\/p>\n\n<h2>Co czyni dodatki PrestaShop s\u0105 najlepszymi narz\u0119dziami dla Twojej witryny? <\/h2>\n\n<p> Oto lista podstawowych cech naszych aplikacji, kt\u00f3re pomagaj\u0105 nam by\u0107 lepszymi, ni\u017c nasi konkurenci: <\/p>\n\n\n<ul>\n<li> Darmowa i szybka wsparcie przy instalacje lub personalizacji wtyczek; <\/li>\n<li> Zdolno\u015b\u0107 dostosowywania do wszystkich rozdzielczo\u015bci witryn internetowych i dostosowane do urz\u0105dze\u0144 mobilnych; <\/li>\n<li> Nie trzeba uczy\u0107 si\u0119 programowa\u0107; <\/li>\n<li> Bogaty wyb\u00f3r opcji dostosowywania; <\/li>\n<li> Przechowywanie danych chmurze pomagaj\u0105 zwi\u0119kszy\u0107 pr\u0119dko\u015b\u0107 \u0142adowania serwisu; <\/li>\n<li> Wszystkie poprawki s\u0105 darmowe i regularnie publikowane; <\/li>\n<li> Uczciwe ceny; <\/li>\n<li> Profesjonalna pomoc w przypadku problem\u00f3w. <\/li>\n<\/ul>\n\n<p> Sprawd\u017a bezp\u0142atne opcje naszych wid\u017cet\u00f3w i osi\u0105gnij jej potencja\u0142 lub zainstaluj dowolne wymagane rozwi\u0105zanie z 20% obni\u017ck\u0105. <\/p>\n\n\n<h2> W jaki spos\u00f3b zamie\u015bci\u0107 rozszerzenia na Pa\u0144stwa witrynie PrestaShop <\/h2>\n\n<p> Aby zintegrowa\u0107 pluginy, zobacz wszystkie etapy z nieskomplikowanej wskaz\u00f3wki: <\/p>\n\n\n<ol>\n<li> Naci\u015bnij na odpowiedni dodatek; <\/li>\n<li> Skonfiguruj potrzebne zmiany; <\/li>\n<li> Zapisz zmiany; <\/li>\n<li> Kliknij generowany kod; <\/li>\n<li> Dodaj go w dost\u0119pnym miejscu swojej witryny lub szablonu; <\/li>\n<li> Sko\u0144czone! Uda\u0142o Ci si\u0119 zintegrowa\u0107 plugin. <\/li>\n<\/ol>\n\n<p> W razie jakichkolwiek problem\u00f3w, nie wahaj si\u0119 poinformowa\u0107 o tym zespo\u0142 wspieraj\u0105cego Elfsight. <\/p>\n","protected":false},"excerpt":{"rendered":"Najbardziej optymalne dodatki Elfsight dla wszelkich zada\u0144 twojej witryny PrestaShop Przez 9 lat nasz team profesjonalist\u00f3w Elfsight wynajduje przyjazne dla u\u017cytkownika i konfigurowalne pluginy chmurowe dla Twojej dzia\u0142alno\u015bci. Elfsight gwarantuje serwis wsparcia oraz szybkie \u0142adowanie. Narz\u0119dzia Elfsight s\u0142u\u017c\u0105 w\u0142a\u015bcicielom stron e-commerce, niekomercyjnych oraz wielu innym z r\u00f3\u017cnych kraj\u00f3w \u015bwiata poradzi\u0107&#8230;","protected":false},"author":13,"featured_media":0,"parent":0,"menu_order":0,"comment_status":"closed","ping_status":"closed","template":"templates\/template-platform.php","meta":{"publish_to_discourse":"","publish_post_category":"","wpdc_auto_publish_overridden":"","wpdc_topic_tags":"","wpdc_pin_topic":"","wpdc_pin_until":"","discourse_post_id":"","discourse_permalink":"","wpdc_publishing_response":"","wpdc_publishing_error":"","footnotes":""},"class_list":["post-587","page","type-page","status-publish","hentry"],"yoast_head":"<!-- This site is optimized with the Yoast SEO plugin v25.3.1 - https:\/\/yoast.com\/wordpress\/plugins\/seo\/ -->\n<title>Ponad 80 darmowych PrestaShop dodatk\u00f3w dla strony internetowej<\/title>\n<meta name=\"description\" content=\"Katalog sprawdzonych dodatk\u00f3w pierwszej klasy dla twojej witryny sieci Web PrestaShop. Pom\u00f3c z dostosowaniem a tak\u017ce szeroka gama opcji.\" \/>\n<meta name=\"robots\" content=\"index, follow, max-snippet:-1, max-image-preview:large, max-video-preview:-1\" \/>\n<link rel=\"canonical\" href=\"https:\/\/elfsight.com\/pl\/prestashop-addons\/\" \/>\n<meta property=\"og:locale\" content=\"pl_PL\" \/>\n<meta property=\"og:type\" content=\"article\" \/>\n<meta property=\"og:title\" content=\"Ponad 80 darmowych PrestaShop dodatk\u00f3w dla strony internetowej\" \/>\n<meta property=\"og:description\" content=\"Katalog sprawdzonych dodatk\u00f3w pierwszej klasy dla twojej witryny sieci Web PrestaShop. Pom\u00f3c z dostosowaniem a tak\u017ce szeroka gama opcji.\" \/>\n<meta property=\"og:url\" content=\"https:\/\/elfsight.com\/pl\/prestashop-addons\/\" \/>\n<meta property=\"og:site_name\" content=\"Elfsight PL\" \/>\n<meta property=\"article:modified_time\" content=\"2021-04-21T13:49:45+00:00\" \/>\n<meta name=\"twitter:card\" content=\"summary_large_image\" \/>\n<meta name=\"twitter:label1\" content=\"Szacowany czas czytania\" \/>\n\t<meta name=\"twitter:data1\" content=\"2 minuty\" \/>\n<!-- \/ Yoast SEO plugin. -->","yoast_head_json":{"title":"Ponad 80 darmowych PrestaShop dodatk\u00f3w dla strony internetowej","description":"Katalog sprawdzonych dodatk\u00f3w pierwszej klasy dla twojej witryny sieci Web PrestaShop. Pom\u00f3c z dostosowaniem a tak\u017ce szeroka gama opcji.","robots":{"index":"index","follow":"follow","max-snippet":"max-snippet:-1","max-image-preview":"max-image-preview:large","max-video-preview":"max-video-preview:-1"},"canonical":"https:\/\/elfsight.com\/pl\/prestashop-addons\/","og_locale":"pl_PL","og_type":"article","og_title":"Ponad 80 darmowych PrestaShop dodatk\u00f3w dla strony internetowej","og_description":"Katalog sprawdzonych dodatk\u00f3w pierwszej klasy dla twojej witryny sieci Web PrestaShop. Pom\u00f3c z dostosowaniem a tak\u017ce szeroka gama opcji.","og_url":"https:\/\/elfsight.com\/pl\/prestashop-addons\/","og_site_name":"Elfsight PL","article_modified_time":"2021-04-21T13:49:45+00:00","twitter_card":"summary_large_image","twitter_misc":{"Szacowany czas czytania":"2 minuty"},"schema":{"@context":"https:\/\/schema.org","@graph":[{"@type":"WebPage","@id":"https:\/\/elfsight.com\/pl\/prestashop-addons\/","url":"https:\/\/elfsight.com\/pl\/prestashop-addons\/","name":"Ponad 80 darmowych PrestaShop dodatk\u00f3w dla strony internetowej","isPartOf":{"@id":"https:\/\/elfsight.com\/pl\/#website"},"datePublished":"2020-11-20T14:04:52+00:00","dateModified":"2021-04-21T13:49:45+00:00","description":"Katalog sprawdzonych dodatk\u00f3w pierwszej klasy dla twojej witryny sieci Web PrestaShop. Pom\u00f3c z dostosowaniem a tak\u017ce szeroka gama opcji.","breadcrumb":{"@id":"https:\/\/elfsight.com\/pl\/prestashop-addons\/#breadcrumb"},"inLanguage":"pl-PL","potentialAction":[{"@type":"ReadAction","target":["https:\/\/elfsight.com\/pl\/prestashop-addons\/"]}]},{"@type":"BreadcrumbList","@id":"https:\/\/elfsight.com\/pl\/prestashop-addons\/#breadcrumb","itemListElement":[{"@type":"ListItem","position":1,"name":"Home","item":"https:\/\/elfsight.com\/pl\/"},{"@type":"ListItem","position":2,"name":"PrestaShop addons"}]},{"@type":"WebSite","@id":"https:\/\/elfsight.com\/pl\/#website","url":"https:\/\/elfsight.com\/pl\/","name":"Elfsight PL","description":"Just another Elfsight Sites site","potentialAction":[{"@type":"SearchAction","target":{"@type":"EntryPoint","urlTemplate":"https:\/\/elfsight.com\/pl\/?s={search_term_string}"},"query-input":{"@type":"PropertyValueSpecification","valueRequired":true,"valueName":"search_term_string"}}],"inLanguage":"pl-PL"}]}},"meta_box":{"industry":"","seo_heading":"","heading":"","description":"","cta_heading":"","cta_description":"","application":"","h1":"Najlepsze dodatki PrestaShop","h1_caption":"Gratisowy zestaw rewelacyjnych dodatk\u00f3w wysokiej klasy z szerokim wachlarzem funkcjonalno\u015bci dla powi\u0119kszania pozioma sprzeda\u017cy oraz wykonania wszystkich podstawowych zada\u0144 o charakterze handlowym. Szybka implementacja, szeroki zakres mo\u017cliwo\u015bci dostosowywania a tak\u017ce wysoko wykwalifikowane wsparcie klienta.","application_category":[],"applications_title":"Spr\u00f3buj najlepsze dodatki dla twojej witryny sieci Web w\u015br\u00f3d wszystkich aplikacji nieodp\u0142atnych w demonstracje online","applications_request_title":"Nie mo\u017cesz znale\u017a\u0107 odpowiedni dodatek?","applications_request_button_text":"Zam\u00f3w dodatek","hero_text":"","hero_video":"","hero_video_schema_markup":"","selling_points_title":"","selling_points_caption":"","selling_points":[],"selling_points_cta_text":"","features_title":"","features":"","ed_cta_examples_text":"","ed_cta_examples_hidden":"","ed_cta_demo_text":"","ed_cta_demo_hidden":"","why_caption":"","why_editor_title":"","why_editor_text":"","why_team_title":"","why_team_text":"","why_service_title":"","why_service_text":"","template_catalog_visible":"","template_catalog_title":"","template_catalog_text":"","template_catalog_categories_visible":"","demo_title":"","demo_caption":"","default_faq_hidden":"","app_template_category":[],"platform":"586","template_public_id":"","codecanyon_url":"","codecanyon_item_id":"","codecanyon_price":"","pricing_caption":"","pricing_elfsight_apps_hide_column":"","pricing_elfsight_apps_url":"","pricing_codecanyon_price_caption":"","integration_category":[],"integration_request_title":"","integration_request_cta":"","integration_platform":"","integrations":[],"platform_category":[],"video_schema_markup":"","price":"","trial":"","benefits":[],"button_url":"","button_target_blank":"","button_nofollow":"","attributes":[],"tags":[],"tags_disable_links":"","hide_more_platforms":"","video_object":"","demo_hide_cta":"","demo_hide_cloud_options":"","pricing_title":"","pricing":[],"related_apps_title":"","related_apps_hidden":"","author":"","image":[],"title":"","job":"","social_networks":[]},"_links":{"self":[{"href":"https:\/\/elfsight.com\/pl\/wp-json\/wp\/v2\/pages\/587","targetHints":{"allow":["GET"]}}],"collection":[{"href":"https:\/\/elfsight.com\/pl\/wp-json\/wp\/v2\/pages"}],"about":[{"href":"https:\/\/elfsight.com\/pl\/wp-json\/wp\/v2\/types\/page"}],"author":[{"embeddable":true,"href":"https:\/\/elfsight.com\/pl\/wp-json\/wp\/v2\/users\/13"}],"replies":[{"embeddable":true,"href":"https:\/\/elfsight.com\/pl\/wp-json\/wp\/v2\/comments?post=587"}],"version-history":[{"count":4,"href":"https:\/\/elfsight.com\/pl\/wp-json\/wp\/v2\/pages\/587\/revisions"}],"predecessor-version":[{"id":591,"href":"https:\/\/elfsight.com\/pl\/wp-json\/wp\/v2\/pages\/587\/revisions\/591"}],"wp:attachment":[{"href":"https:\/\/elfsight.com\/pl\/wp-json\/wp\/v2\/media?parent=587"}],"curies":[{"name":"wp","href":"https:\/\/api.w.org\/{rel}","templated":true}]}}