{"id":5869,"date":"2024-05-03T06:42:40","date_gmt":"2024-05-03T06:42:40","guid":{"rendered":"https:\/\/elfsight.com\/pl\/?page_id=5869"},"modified":"2024-11-14T09:24:08","modified_gmt":"2024-11-14T09:24:08","slug":"opencart","status":"publish","type":"page","link":"https:\/\/elfsight.com\/pl\/photo-gallery-widget\/opencart\/","title":{"rendered":"Photo Gallery &#8211; OpenCart"},"content":{"rendered":"<div class=\"application-platform-content-item-description application-platform-content-item\" id=\"description\" data-nav-section=\"description\"><h2>Opis<\/h2> <p>Galeria Elfsight to najszybszy spos\u00f3b na skonfigurowanie materia\u0142\u00f3w wizualnych lub utworzenie stylowych album\u00f3w na Twojej stronie internetowej. Wykorzystaj dowoln\u0105 liczb\u0119 zdj\u0119\u0107, skomentuj ka\u017cde z nich i znajd\u017a najlepszy spos\u00f3b na uporz\u0105dkowanie ich na stronie. To rozszerzenie obejmuje sze\u015b\u0107 typ\u00f3w uk\u0142ad\u00f3w i szereg dodatkowych mo\u017cliwo\u015bci projektowania. Ka\u017cdy obraz pojawia si\u0119 w wyskakuj\u0105cym okienku, ludzie mog\u0105 nawigowa\u0107 po nich lub ogl\u0105da\u0107 pokaz slajd\u00f3w, powi\u0119ksza\u0107 i cieszy\u0107 si\u0119 zdj\u0119ciami na pe\u0142nym ekranie. Masz mo\u017cliwo\u015b\u0107 znalezienia niestandardowych kolor\u00f3w interfejsu wid\u017cetu i dodania niestandardowego t\u0142a, zr\u00f3\u017cnicowania opcji tekstowych i innych funkcji stylistycznych. <\/p> <p><b>Zaimponuj swoim u\u017cytkownikom wspania\u0142ymi galeriami zdj\u0119\u0107!<\/b><\/p> <\/div> <div class=\"application-platform-content-item-features application-platform-content-item\" id=\"features\" data-nav-section=\"features\"><h2>Funkcje<\/h2> <p>Sprawd\u017a wszystkie cechy funkcjonalne Galerii fotografii dla OpenCart. Mo\u017cesz ustawi\u0107 je bezpo\u015brednio w edytorze, co pomo\u017ce Ci ukszta\u0142towa\u0107 wid\u017cet odpowiednio do Twojego przypadku u\u017cycia. <\/p> <ul> <li>Wykorzystaj przyciski CTA, aby poprowadzi\u0107 u\u017cytkownik\u00f3w do konwersji. <\/li> <li>Przyzwyczajaj czas prze\u0142\u0105czania slajd\u00f3w. <\/li> <li>Wybierz jedn\u0105 z wielu opcji paginacji. <\/li> <li>Umie\u015b\u0107 swoj\u0105 wiadomo\u015b\u0107 w dowolnym miejscu strony za pomoc\u0105 zaawansowanej pozycji. <\/li> <li>Zmodyfikuj 5 opcji tre\u015bci. <\/li> <\/ul> <p><a href=\"#demo\">Sprawd\u017a, jak dzia\u0142aj\u0105 wszystkie funkcje w naszej wersji demonstracyjnej<\/a><\/p> <\/div> <div class=\"application-platform-content-item-installation application-platform-content-item\" id=\"installation\" data-nav-section=\"installation\"> <h2>Jak doda\u0107 modu\u0142 Galerii Fotografii do OpenCart? <\/h2> <p>Wystarczy post\u0119powa\u0107 zgodnie z poni\u017cszymi instrukcjami, aby umie\u015bci\u0107 wid\u017cet w OpenCart.<\/p> <ol><li><b>Skorzystaj z naszego darmowego edytora i zacznij tworzy\u0107 w\u0142asne rozszerzenie. <\/b><br> Znajd\u017a po\u017c\u0105dany interfejs i cechy rozszerzenia, a nast\u0119pnie zastosuj zmiany. <\/li> <li><b>Skopiuj sw\u00f3j unikalny kod pokazany w specjalnym formularzu w aplikacjach Elfsight. <\/b><br> Po zako\u0144czeniu konfiguracji osobistego rozszerzenia Galerii fotografii skopiuj indywidualny kod z wy\u015bwietlonego wyskakuj\u0105cego okienka i zachowaj go do p\u00f3\u017aniejszego wykorzystania. <\/li> <li><b>Zacznij korzysta\u0107 z rozszerzenia na swojej stronie OpenCart. <\/b><br> Dodaj ostatnio skopiowany kod do swojej witryny i zastosuj zmiany. <\/li> <li><b>Gotowe! Integracja zosta\u0142a pomy\u015blnie przeprowadzona. <\/b><br> Przejd\u017a na swoj\u0105 stron\u0119 i sprawd\u017a dzia\u0142anie rozszerzenia. <\/li><\/ol> <p>Je\u015bli potrzebujesz pomocy lub masz problemy, mo\u017cesz zwr\u00f3ci\u0107 si\u0119 do dzia\u0142u pomocy technicznej. Przy ka\u017cdym zapytaniu pomo\u017cemy. <\/p> <div class=\"faq\" data-component=\"FAQ\"><div class=\"faq-item\">\r\n\t\t\t\t\t<div class=\"faq-item-question\">\r\n\t\t\t\t\t\t<h3 class=\"faq-item-question-text\">Jak mog\u0119 osadzi\u0107 Galeri\u0119 zdj\u0119\u0107 w moim OpenCart bez do\u015bwiadczenia w kodowaniu?<\/h3>\r\n\r\n\t\t\t\t\t\t<div class=\"faq-item-question-icon\"><\/div>\r\n\t\t\t\t\t<\/div>\r\n\r\n\t\t\t\t\t<div class=\"faq-item-answer\">\r\n\t\t\t\t\t\t<div class=\"faq-item-answer-text\"> <p>Firma Elfsight zapewnia rozwi\u0105zanie, kt\u00f3re pozwala szerokiemu gronu odbiorc\u00f3w samodzielnie zbudowa\u0107 wtyczk\u0119 Galerii zdj\u0119\u0107, dowiedz si\u0119, jakie to proste proces jest nast\u0119puj\u0105cy: Rozpocznij prac\u0119 w edytorze na \u017cywo, aby utworzy\u0107 sekcj\u0119 Galerii zdj\u0119\u0107, kt\u00f3r\u0105 chcesz umie\u015bci\u0107 w witrynie OpenCart. Zdecyduj si\u0119 na jeden z wielu gotowych szablon\u00f3w i dostosuj ustawienia Galerii fotografii, zmie\u0144 uk\u0142ad i kolor element\u00f3w oraz dodaj swoj\u0105 tre\u015b\u0107, bez do\u015bwiadczenia w kodowaniu. Zapisz Galeri\u0119 Zdj\u0119\u0107 i uzyskaj kod do instalacji, kt\u00f3ry mo\u017cesz bez problemu wklei\u0107 na stronie OpenCart bez konieczno\u015bci zakupu p\u0142atnego planu. Za pomoc\u0105 naszego intuicyjnego Konfiguratora ka\u017cdy u\u017cytkownik sieci mo\u017ce stworzy\u0107 aplikacj\u0119 Galerii Fotografii i \u0142atwo doda\u0107 j\u0105 do witryny OpenCart. Aby uzyska\u0107 dost\u0119p do us\u0142ugi Elfsight, nie jest konieczne wykupienie p\u0142atnej subskrypcji ani ujawnianie danych uwierzytelniaj\u0105cych karty. Je\u015bli na kt\u00f3rymkolwiek etapie napotkasz jakiekolwiek problemy, skontaktuj si\u0119 z naszym technicznym dzia\u0142em obs\u0142ugi klienta.<\/p> <\/div>\r\n\t\t\t\t\t<\/div>\r\n\t\t\t\t<\/div> <\/div><\/div>","protected":false},"excerpt":{"rendered":"","protected":false},"author":9,"featured_media":0,"parent":2503,"menu_order":0,"comment_status":"closed","ping_status":"closed","template":"templates\/template-application-platform.php","meta":{"publish_to_discourse":"","publish_post_category":"","wpdc_auto_publish_overridden":"","wpdc_topic_tags":"","wpdc_pin_topic":"","wpdc_pin_until":"","discourse_post_id":"","discourse_permalink":"","wpdc_publishing_response":"","wpdc_publishing_error":"","footnotes":""},"class_list":["post-5869","page","type-page","status-publish","hentry"],"yoast_head":"<!-- This site is optimized with the Yoast SEO plugin v25.3.1 - https:\/\/yoast.com\/wordpress\/plugins\/seo\/ -->\n<title>Galeria zdj\u0119\u0107 \u2014 Dodaj wid\u017cet Galerii zdj\u0119\u0107 do witryny OpenCart [2025]<\/title>\n<meta name=\"description\" content=\"Wypr\u00f3buj za darmo najlepiej responsywny modu\u0142 Galerii zdj\u0119\u0107 dla OpenCart. Proste i szybkie rozszerzenie galerii integruj\u0105ce si\u0119 bez umiej\u0119tno\u015bci programowania.\" \/>\n<meta name=\"robots\" content=\"index, follow, max-snippet:-1, max-image-preview:large, max-video-preview:-1\" \/>\n<link rel=\"canonical\" href=\"https:\/\/elfsight.com\/pl\/photo-gallery-widget\/opencart\/\" \/>\n<meta property=\"og:locale\" content=\"pl_PL\" \/>\n<meta property=\"og:type\" content=\"article\" \/>\n<meta property=\"og:title\" content=\"Galeria zdj\u0119\u0107 \u2014 Dodaj wid\u017cet Galerii zdj\u0119\u0107 do witryny OpenCart [2025]\" \/>\n<meta property=\"og:description\" content=\"Wypr\u00f3buj za darmo najlepiej responsywny modu\u0142 Galerii zdj\u0119\u0107 dla OpenCart. Proste i szybkie rozszerzenie galerii integruj\u0105ce si\u0119 bez umiej\u0119tno\u015bci programowania.\" \/>\n<meta property=\"og:url\" content=\"https:\/\/elfsight.com\/pl\/photo-gallery-widget\/opencart\/\" \/>\n<meta property=\"og:site_name\" content=\"Elfsight PL\" \/>\n<meta property=\"article:modified_time\" content=\"2024-11-14T09:24:08+00:00\" \/>\n<meta name=\"twitter:card\" content=\"summary_large_image\" \/>\n<meta name=\"twitter:label1\" content=\"Szacowany czas czytania\" \/>\n\t<meta name=\"twitter:data1\" content=\"3 minuty\" \/>\n<!-- \/ Yoast SEO plugin. -->","yoast_head_json":{"title":"Galeria zdj\u0119\u0107 \u2014 Dodaj wid\u017cet Galerii zdj\u0119\u0107 do witryny OpenCart [2025]","description":"Wypr\u00f3buj za darmo najlepiej responsywny modu\u0142 Galerii zdj\u0119\u0107 dla OpenCart. Proste i szybkie rozszerzenie galerii integruj\u0105ce si\u0119 bez umiej\u0119tno\u015bci programowania.","robots":{"index":"index","follow":"follow","max-snippet":"max-snippet:-1","max-image-preview":"max-image-preview:large","max-video-preview":"max-video-preview:-1"},"canonical":"https:\/\/elfsight.com\/pl\/photo-gallery-widget\/opencart\/","og_locale":"pl_PL","og_type":"article","og_title":"Galeria zdj\u0119\u0107 \u2014 Dodaj wid\u017cet Galerii zdj\u0119\u0107 do witryny OpenCart [2025]","og_description":"Wypr\u00f3buj za darmo najlepiej responsywny modu\u0142 Galerii zdj\u0119\u0107 dla OpenCart. Proste i szybkie rozszerzenie galerii integruj\u0105ce si\u0119 bez umiej\u0119tno\u015bci programowania.","og_url":"https:\/\/elfsight.com\/pl\/photo-gallery-widget\/opencart\/","og_site_name":"Elfsight PL","article_modified_time":"2024-11-14T09:24:08+00:00","twitter_card":"summary_large_image","twitter_misc":{"Szacowany czas czytania":"3 minuty"},"schema":{"@context":"https:\/\/schema.org","@graph":[{"@type":"WebPage","@id":"https:\/\/elfsight.com\/pl\/photo-gallery-widget\/opencart\/","url":"https:\/\/elfsight.com\/pl\/photo-gallery-widget\/opencart\/","name":"Galeria zdj\u0119\u0107 \u2014 Dodaj wid\u017cet Galerii zdj\u0119\u0107 do witryny OpenCart [2025]","isPartOf":{"@id":"https:\/\/elfsight.com\/pl\/#website"},"datePublished":"2024-05-03T06:42:40+00:00","dateModified":"2024-11-14T09:24:08+00:00","description":"Wypr\u00f3buj za darmo najlepiej responsywny modu\u0142 Galerii zdj\u0119\u0107 dla OpenCart. Proste i szybkie rozszerzenie galerii integruj\u0105ce si\u0119 bez umiej\u0119tno\u015bci programowania.","breadcrumb":{"@id":"https:\/\/elfsight.com\/pl\/photo-gallery-widget\/opencart\/#breadcrumb"},"inLanguage":"pl-PL","potentialAction":[{"@type":"ReadAction","target":["https:\/\/elfsight.com\/pl\/photo-gallery-widget\/opencart\/"]}]},{"@type":"BreadcrumbList","@id":"https:\/\/elfsight.com\/pl\/photo-gallery-widget\/opencart\/#breadcrumb","itemListElement":[{"@type":"ListItem","position":1,"name":"Home","item":"https:\/\/elfsight.com\/pl\/"},{"@type":"ListItem","position":2,"name":"Photo Gallery","item":"https:\/\/elfsight.com\/pl\/photo-gallery-widget\/"},{"@type":"ListItem","position":3,"name":"Photo Gallery &#8211; OpenCart"}]},{"@type":"WebSite","@id":"https:\/\/elfsight.com\/pl\/#website","url":"https:\/\/elfsight.com\/pl\/","name":"Elfsight PL","description":"Just another Elfsight Sites site","potentialAction":[{"@type":"SearchAction","target":{"@type":"EntryPoint","urlTemplate":"https:\/\/elfsight.com\/pl\/?s={search_term_string}"},"query-input":{"@type":"PropertyValueSpecification","valueRequired":true,"valueName":"search_term_string"}}],"inLanguage":"pl-PL"}]}},"meta_box":{"industry":"","seo_heading":"","heading":"","description":"","cta_heading":"","cta_description":"","application":"2502","h1":"Modu\u0142 Galerii zdj\u0119\u0107 OpenCart","h1_caption":"Zaprezentuj swoje obrazy w interaktywnej, konfigurowalnej galerii, kt\u00f3ra bez wysi\u0142ku poprawi atrakcyjno\u015b\u0107 wizualn\u0105 Twojej witryny w witrynie Opencart.","application_category":[],"applications_title":"","applications_request_title":"","applications_request_button_text":"","hero_text":"","hero_video":"","hero_video_schema_markup":"","selling_points_title":"","selling_points_caption":"","selling_points":[],"selling_points_cta_text":"","features_title":"","features":"","ed_cta_examples_text":"","ed_cta_examples_hidden":"","ed_cta_demo_text":"","ed_cta_demo_hidden":"","why_caption":"","why_editor_title":"","why_editor_text":"","why_team_title":"","why_team_text":"","why_service_title":"","why_service_text":"","template_catalog_visible":"","template_catalog_title":"","template_catalog_text":"","template_catalog_categories_visible":"","demo_title":"Utw\u00f3rz rozszerzenie Galerii zdj\u0119\u0107","demo_caption":"Skonfiguruj swoj\u0105 galeri\u0119 zdj\u0119\u0107 i dodaj j\u0105 do swojej witryny OpenCart za darmo!","default_faq_hidden":"","app_template_category":[],"platform":"107","template_public_id":"","codecanyon_url":"","codecanyon_item_id":"","codecanyon_price":"","pricing_caption":"","pricing_elfsight_apps_hide_column":"","pricing_elfsight_apps_url":"","pricing_codecanyon_price_caption":"","integration_category":[],"integration_request_title":"","integration_request_cta":"","integration_platform":"","integrations":[],"platform_category":[],"video_schema_markup":"","price":"od 0 USD \/ miesi\u0105c","trial":"","benefits":[{"text":"Bezp\u0142atna pomoc w monta\u017cu"},{"text":"Wyj\u0105tkowe wsparcie"},{"text":"14-dniowa gwarancja zwrotu pieni\u0119dzy"}],"button_url":"#demo","button_target_blank":"","button_nofollow":"","attributes":[{"name":"Instaluje"},{"name":"Czu\u0142y"},{"name":"Kompatybilne przegl\u0105darki"}],"tags":[],"tags_disable_links":"","hide_more_platforms":"","video_object":"","demo_hide_cta":"","demo_hide_cloud_options":"","pricing_title":"","pricing":[{"pricing_icon":"platform","pricing_title":"Elfsight Apps","pricing_title_caption":"Wieloplatformowe rozwi\u0105zanie cyfrowe","pricing_price":"od 0 USD \/ miesi\u0105c","pricing_price_caption":"zacznij od bezp\u0142atnego planu","pricing_benefits":[{"text":"Nielimitowane strony internetowe"},{"text":"Dedykowane wsparcie firmy"},{"text":"Bezp\u0142atna us\u0142uga monta\u017cu"},{"text":"Elastyczny projekt"}],"pricing_button_text":"Dodaj do witryny","pricing_button_url":"#demo"}],"related_apps_title":"","related_apps_hidden":"","author":"","image":[],"title":"","job":"","social_networks":[]},"_links":{"self":[{"href":"https:\/\/elfsight.com\/pl\/wp-json\/wp\/v2\/pages\/5869","targetHints":{"allow":["GET"]}}],"collection":[{"href":"https:\/\/elfsight.com\/pl\/wp-json\/wp\/v2\/pages"}],"about":[{"href":"https:\/\/elfsight.com\/pl\/wp-json\/wp\/v2\/types\/page"}],"author":[{"embeddable":true,"href":"https:\/\/elfsight.com\/pl\/wp-json\/wp\/v2\/users\/9"}],"replies":[{"embeddable":true,"href":"https:\/\/elfsight.com\/pl\/wp-json\/wp\/v2\/comments?post=5869"}],"version-history":[{"count":1,"href":"https:\/\/elfsight.com\/pl\/wp-json\/wp\/v2\/pages\/5869\/revisions"}],"predecessor-version":[{"id":5873,"href":"https:\/\/elfsight.com\/pl\/wp-json\/wp\/v2\/pages\/5869\/revisions\/5873"}],"up":[{"embeddable":true,"href":"https:\/\/elfsight.com\/pl\/wp-json\/wp\/v2\/pages\/2503"}],"wp:attachment":[{"href":"https:\/\/elfsight.com\/pl\/wp-json\/wp\/v2\/media?parent=5869"}],"curies":[{"name":"wp","href":"https:\/\/api.w.org\/{rel}","templated":true}]}}