{"id":5864,"date":"1970-01-01T00:00:00","date_gmt":"1970-01-01T00:00:00","guid":{"rendered":"https:\/\/elfsight.com\/pl\/?page_id=5864"},"modified":"2025-06-26T16:24:12","modified_gmt":"2025-06-26T16:24:12","slug":"shopify","status":"publish","type":"page","link":"https:\/\/elfsight.com\/pl\/photo-gallery-widget\/shopify\/","title":{"rendered":"Photo Gallery &#8211; Shopify"},"content":{"rendered":"<div class=\"application-platform-content-item-description application-platform-content-item\" id=\"description\" data-nav-section=\"description\"><h2>Osad\u017a galeri\u0119 zdj\u0119\u0107 w Shopify za pomoc\u0105 wid\u017cetu Elfsight<\/h2> <p>Galeria Elfsight to najwygodniejszy spos\u00f3b na pokazanie swoich wizualizacji lub stylowe albumy na Twojej stronie internetowej. Umie\u015b\u0107 dowoln\u0105 liczb\u0119 obraz\u00f3w, napisz podpisy i wybierz najlepszy spos\u00f3b ich uporz\u0105dkowania na stronie. Nasza aplikacja oferuje 6 uk\u0142ad\u00f3w i kilka dodatkowych opcji projektowania. Ka\u017cde zdj\u0119cie otwiera si\u0119 w wyskakuj\u0105cym okienku, mo\u017cna je przegl\u0105da\u0107 lub ogl\u0105da\u0107 pokaz slajd\u00f3w, korzysta\u0107 z opcji powi\u0119kszania i cieszy\u0107 si\u0119 obrazami na pe\u0142nym ekranie. Mo\u017cesz znale\u017a\u0107 niestandardowe kolory interfejsu wid\u017cetu i zastosowa\u0107 unikalne t\u0142o, zastosowa\u0107 ustawienia tekstu i wi\u0119cej funkcji stylu. <\/p> <p><b>Zbuduj galerie zdj\u0119\u0107, kt\u00f3rych nie mo\u017cna przegapi\u0107! <\/b><\/p> <div class=\"faq\" data-component=\"FAQ\"> <div class=\"faq-item\">\r\n\t\t\t\t\t<div class=\"faq-item-question\">\r\n\t\t\t\t\t\t<h3 class=\"faq-item-question-text\">Jakie dok\u0142adnie inne aplikacje dla Shopify masz do zaoferowania? <\/h3>\r\n\r\n\t\t\t\t\t\t<div class=\"faq-item-question-icon\"><\/div>\r\n\t\t\t\t\t<\/div>\r\n\r\n\t\t\t\t\t<div class=\"faq-item-answer\">\r\n\t\t\t\t\t\t<div class=\"faq-item-answer-text\"> <p>Mo\u017cemy zaoferowa\u0107 ogromn\u0105 r\u00f3\u017cnorodno\u015b\u0107 r\u00f3\u017cnych narz\u0119dzi, dzi\u0119ki kt\u00f3rym mo\u017cesz wykona\u0107 dowolne zadanie na Twoja strona. Przekonaj si\u0119 sam: <a href=\"https:\/\/elfsight.com\/slider-widget\/shopify\/\">Slider<\/a>, <a href=\"https:\/\/elfsight.com\/google-reviews-widget\/ shopify\/\">Recenzje Google<\/a>, <a href=\"https:\/\/elfsight.com\/instagram-feed-instashow\/shopify\/\">Kana\u0142 na Instagramie<\/a>, <a href=\"https:\/\/ elfsight.com\/pdf-embed-widget\/shopify\">Kana\u0142 PDF<\/a>, <a href=\"https:\/\/elfsight.com\/logo-showcase-widget\/shopify\/\">Prezentacja logo<\/a>. <\/p> <\/div>\r\n\t\t\t\t\t<\/div>\r\n\t\t\t\t<\/div> <div class=\"faq-item\">\r\n\t\t\t\t\t<div class=\"faq-item-question\">\r\n\t\t\t\t\t\t<h3 class=\"faq-item-question-text\">Jak osadzi\u0107 aplikacj\u0119 Galeria zdj\u0119\u0107 w mojej witrynie Shopify? <\/h3>\r\n\r\n\t\t\t\t\t\t<div class=\"faq-item-question-icon\"><\/div>\r\n\t\t\t\t\t<\/div>\r\n\r\n\t\t\t\t\t<div class=\"faq-item-answer\">\r\n\t\t\t\t\t\t<div class=\"faq-item-answer-text\"> <p>Mo\u017cesz \u0142atwo doda\u0107 aplikacj\u0119 Galeria zdj\u0119\u0107 do swojej witryny Shopify, a nast\u0119pnie natychmiast zacz\u0105\u0107 wy\u015bwietla\u0107 pi\u0119kne obrazy i zdj\u0119cia za po\u015brednictwem responsywnej galerii. Po prostu otw\u00f3rz nasz darmowy konfigurator i wykonaj nast\u0119puj\u0105ce kroki: <\/p><ol><li>Kliknij ustawienia motywu. <\/li><li>Wybierz cz\u0119\u015b\u0107, w kt\u00f3rej chcesz zaimplementowa\u0107 Galeri\u0119 zdj\u0119\u0107. <\/li><li>Osad\u017a kod z aplikacji Elfsight i zapisz zmiany. <\/li><li>To proste. <\/li><\/ol><p>Je\u015bli chcesz doda\u0107 wid\u017cet na inn\u0105 platform\u0119, zalecamy przejrzenie <a href=\"https:\/\/elfsight.com\/tutorials\/how-to-add-photo-gallery-to-website\/#how-to-add-gallery-to-shopify\">ten przewodnik<\/a>.<\/p><\/div>\r\n\t\t\t\t\t<\/div>\r\n\t\t\t\t<\/div> <div class=\"faq-item\">\r\n\t\t\t\t\t<div class=\"faq-item-question\">\r\n\t\t\t\t\t\t<h3 class=\"faq-item-question-text\">Jak mog\u0119 przetestowa\u0107 Twoj\u0105 aplikacj\u0119 Shopify Photo Gallery kiedy u\u017cywasz? <\/h3>\r\n\r\n\t\t\t\t\t\t<div class=\"faq-item-question-icon\"><\/div>\r\n\t\t\t\t\t<\/div>\r\n\r\n\t\t\t\t\t<div class=\"faq-item-answer\">\r\n\t\t\t\t\t\t<div class=\"faq-item-answer-text\"> <p>B\u0119dzie to \u0142atwe, poniewa\u017c mamy dla Ciebie <a href=\"https:\/\/elfsight.com\/photo-gallery-widget\/#demo\">demo<\/a> na \u017cywo ! Mo\u017cesz go tak\u017ce u\u017cy\u0107, aby doda\u0107 wid\u017cet do swojej witryny Shopify.<\/p><\/div>\r\n\t\t\t\t\t<\/div>\r\n\t\t\t\t<\/div> <\/div><\/div> <div class=\"application-platform-content-item-features application-platform-content-item\" id=\"features\" data-nav-section=\"features\"><h2>G\u0142\u00f3wne funkcje wid\u017cetu Galeria zdj\u0119\u0107<\/h2> <p>Sprawd\u017a wszystkie funkcje Galerii zdj\u0119\u0107 dla Shopify. S\u0105 one dost\u0119pne bezpo\u015brednio w darmowym edytorze i pomog\u0105 Ci stworzy\u0107 aplikacj\u0119 dok\u0142adnie na Twoje potrzeby. <\/p> <ul> <li>Wykorzystuj wezwania do dzia\u0142ania, aby poprowadzi\u0107 u\u017cytkownik\u00f3w do konwersji. <\/li> <li>Reguluj czas zmiany slajdu. <\/li> <li>Wybierz spo\u015br\u00f3d wielu opcji paginacji. <\/li> <li>Umie\u015b\u0107 swoj\u0105 wiadomo\u015b\u0107 w dowolnym miejscu strony za pomoc\u0105 zaawansowanej pozycji. <\/li> <li>Dostosuj 5 element\u00f3w tre\u015bci. <\/li> <\/ul> <p><a href=\"#demo\">Przetestuj wszystkie inne funkcje w wersji demonstracyjnej<\/a><\/p> <\/div> <div class=\"application-platform-content-item-installation application-platform-content-item\" id=\"installation\" data-nav-section=\"installation\"><h2> Jak doda\u0107 galeri\u0119 zdj\u0119\u0107 do Shopify?<\/h2> <div class=\"video-container\"><iframe width=\"720\" height=\"405\" src=\"https:\/\/www.youtube.com\/embed\/6J3NWZRfiV8\" frameborder=\"0\" allowfullscreen=\"\"><\/iframe><\/div><p>Aby aktywowa\u0107 wid\u017cet, post\u0119puj zgodnie z poni\u017cszymi instrukcjami. <\/p> <ol><li><b>Skorzystaj z naszego bezp\u0142atnego konfiguratora i zacznij tworzy\u0107 spersonalizowan\u0105 aplikacj\u0119. <\/b><br> Wybierz preferowany uk\u0142ad i cechy funkcjonalne aplikacji i zastosuj wszystkie zmiany. <\/li> <li><b>Odbierz indywidualny kod pokazany w polu w aplikacjach Elfsight. <\/b><br> Zaraz po zako\u0144czeniu konfiguracji aplikacji skopiuj ekskluzywny kod w wy\u015bwietlonym oknie i zachowaj go na p\u00f3\u017aniej. <\/li> <li><b>Rozpocznij korzystanie z aplikacji na swojej stronie internetowej Shopify. <\/b><br> Zaimplementuj skopiowany wcze\u015bniej kod na swoj\u0105 stron\u0119 i zastosuj poprawki. <\/li> <li><b>Konfiguracja zosta\u0142a w pe\u0142ni przeprowadzona. <\/b><br> Odwied\u017a swoj\u0105 witryn\u0119, aby zobaczy\u0107, jak dzia\u0142a aplikacja. <\/li><\/ol><p>Po\u015bwi\u0119\u0107 chwil\u0119, aby skontaktowa\u0107 si\u0119 z obs\u0142ug\u0105 klient\u00f3w Elfsight, gdy potrzebujesz pomocy lub masz problemy. Przy ka\u017cdym zapytaniu pomo\u017cemy. <\/p> <\/div>","protected":false},"excerpt":{"rendered":"","protected":false},"author":9,"featured_media":0,"parent":2503,"menu_order":0,"comment_status":"closed","ping_status":"closed","template":"templates\/template-application-platform.php","meta":{"publish_to_discourse":"","publish_post_category":"","wpdc_auto_publish_overridden":"","wpdc_topic_tags":"","wpdc_pin_topic":"","wpdc_pin_until":"","discourse_post_id":"","discourse_permalink":"","wpdc_publishing_response":"","wpdc_publishing_error":"","footnotes":""},"class_list":["post-5864","page","type-page","status-publish","hentry"],"yoast_head":"<!-- This site is optimized with the Yoast SEO plugin v25.3.1 - https:\/\/yoast.com\/wordpress\/plugins\/seo\/ -->\n<title>Galeria zdj\u0119\u0107 \u2014 Dodaj wid\u017cet Galerii zdj\u0119\u0107 do witryny Shopify [2025]<\/title>\n<meta name=\"description\" content=\"Wypr\u00f3buj bezp\u0142atnie najlepsz\u0105 aplikacj\u0119 Galeria zdj\u0119\u0107 dla Shopify. Prosty i szybki widget galerii integruj\u0105cy si\u0119 bez umiej\u0119tno\u015bci programowania.\" \/>\n<meta name=\"robots\" content=\"index, follow, max-snippet:-1, max-image-preview:large, max-video-preview:-1\" \/>\n<link rel=\"canonical\" href=\"https:\/\/elfsight.com\/pl\/photo-gallery-widget\/shopify\/\" \/>\n<meta property=\"og:locale\" content=\"pl_PL\" \/>\n<meta property=\"og:type\" content=\"article\" \/>\n<meta property=\"og:title\" content=\"Galeria zdj\u0119\u0107 \u2014 Dodaj wid\u017cet Galerii zdj\u0119\u0107 do witryny Shopify [2025]\" \/>\n<meta property=\"og:description\" content=\"Wypr\u00f3buj bezp\u0142atnie najlepsz\u0105 aplikacj\u0119 Galeria zdj\u0119\u0107 dla Shopify. Prosty i szybki widget galerii integruj\u0105cy si\u0119 bez umiej\u0119tno\u015bci programowania.\" \/>\n<meta property=\"og:url\" content=\"https:\/\/elfsight.com\/pl\/photo-gallery-widget\/shopify\/\" \/>\n<meta property=\"og:site_name\" content=\"Elfsight PL\" \/>\n<meta property=\"article:modified_time\" content=\"2025-06-26T16:24:12+00:00\" \/>\n<meta name=\"twitter:card\" content=\"summary_large_image\" \/>\n<meta name=\"twitter:label1\" content=\"Szacowany czas czytania\" \/>\n\t<meta name=\"twitter:data1\" content=\"3 minuty\" \/>\n<!-- \/ Yoast SEO plugin. -->","yoast_head_json":{"title":"Galeria zdj\u0119\u0107 \u2014 Dodaj wid\u017cet Galerii zdj\u0119\u0107 do witryny Shopify [2025]","description":"Wypr\u00f3buj bezp\u0142atnie najlepsz\u0105 aplikacj\u0119 Galeria zdj\u0119\u0107 dla Shopify. Prosty i szybki widget galerii integruj\u0105cy si\u0119 bez umiej\u0119tno\u015bci programowania.","robots":{"index":"index","follow":"follow","max-snippet":"max-snippet:-1","max-image-preview":"max-image-preview:large","max-video-preview":"max-video-preview:-1"},"canonical":"https:\/\/elfsight.com\/pl\/photo-gallery-widget\/shopify\/","og_locale":"pl_PL","og_type":"article","og_title":"Galeria zdj\u0119\u0107 \u2014 Dodaj wid\u017cet Galerii zdj\u0119\u0107 do witryny Shopify [2025]","og_description":"Wypr\u00f3buj bezp\u0142atnie najlepsz\u0105 aplikacj\u0119 Galeria zdj\u0119\u0107 dla Shopify. Prosty i szybki widget galerii integruj\u0105cy si\u0119 bez umiej\u0119tno\u015bci programowania.","og_url":"https:\/\/elfsight.com\/pl\/photo-gallery-widget\/shopify\/","og_site_name":"Elfsight PL","article_modified_time":"2025-06-26T16:24:12+00:00","twitter_card":"summary_large_image","twitter_misc":{"Szacowany czas czytania":"3 minuty"},"schema":{"@context":"https:\/\/schema.org","@graph":[{"@type":"WebPage","@id":"https:\/\/elfsight.com\/pl\/photo-gallery-widget\/shopify\/","url":"https:\/\/elfsight.com\/pl\/photo-gallery-widget\/shopify\/","name":"Galeria zdj\u0119\u0107 \u2014 Dodaj wid\u017cet Galerii zdj\u0119\u0107 do witryny Shopify [2025]","isPartOf":{"@id":"https:\/\/elfsight.com\/pl\/#website"},"datePublished":"1970-01-01T00:00:00+00:00","dateModified":"2025-06-26T16:24:12+00:00","description":"Wypr\u00f3buj bezp\u0142atnie najlepsz\u0105 aplikacj\u0119 Galeria zdj\u0119\u0107 dla Shopify. Prosty i szybki widget galerii integruj\u0105cy si\u0119 bez umiej\u0119tno\u015bci programowania.","breadcrumb":{"@id":"https:\/\/elfsight.com\/pl\/photo-gallery-widget\/shopify\/#breadcrumb"},"inLanguage":"pl-PL","potentialAction":[{"@type":"ReadAction","target":["https:\/\/elfsight.com\/pl\/photo-gallery-widget\/shopify\/"]}]},{"@type":"BreadcrumbList","@id":"https:\/\/elfsight.com\/pl\/photo-gallery-widget\/shopify\/#breadcrumb","itemListElement":[{"@type":"ListItem","position":1,"name":"Home","item":"https:\/\/elfsight.com\/pl\/"},{"@type":"ListItem","position":2,"name":"Photo Gallery","item":"https:\/\/elfsight.com\/pl\/photo-gallery-widget\/"},{"@type":"ListItem","position":3,"name":"Photo Gallery &#8211; Shopify"}]},{"@type":"WebSite","@id":"https:\/\/elfsight.com\/pl\/#website","url":"https:\/\/elfsight.com\/pl\/","name":"Elfsight PL","description":"Just another Elfsight Sites site","potentialAction":[{"@type":"SearchAction","target":{"@type":"EntryPoint","urlTemplate":"https:\/\/elfsight.com\/pl\/?s={search_term_string}"},"query-input":{"@type":"PropertyValueSpecification","valueRequired":true,"valueName":"search_term_string"}}],"inLanguage":"pl-PL"}]}},"meta_box":{"industry":"","seo_heading":"","heading":"","description":"","cta_heading":"","cta_description":"","application":"2502","h1":"Aplikacja Shopify Photo Gallery","h1_caption":"Zaprezentuj swoje obrazy w interaktywnej, konfigurowalnej galerii, kt\u00f3ra bez wysi\u0142ku poprawia atrakcyjno\u015b\u0107 wizualn\u0105 Twojej witryny w witrynie Shopify.","application_category":[],"applications_title":"","applications_request_title":"","applications_request_button_text":"","hero_text":"","hero_video":"","hero_video_schema_markup":"","selling_points_title":"","selling_points_caption":"","selling_points":[],"selling_points_cta_text":"","features_title":"","features":"","ed_cta_examples_text":"","ed_cta_examples_hidden":"","ed_cta_demo_text":"","ed_cta_demo_hidden":"","why_caption":"","why_editor_title":"","why_editor_text":"","why_team_title":"","why_team_text":"","why_service_title":"","why_service_text":"","template_catalog_visible":"0","template_catalog_title":"","template_catalog_text":"","template_catalog_categories_visible":"","demo_title":"Utw\u00f3rz aplikacj\u0119 Galeria zdj\u0119\u0107","demo_caption":"Skonfiguruj swoj\u0105 galeri\u0119 zdj\u0119\u0107 i dodaj j\u0105 do swojej witryny Shopify za darmo!","default_faq_hidden":"","app_template_category":[],"platform":"7580","template_public_id":"","codecanyon_url":"","codecanyon_item_id":"","codecanyon_price":"","pricing_caption":"","pricing_elfsight_apps_hide_column":"","pricing_elfsight_apps_url":"","pricing_codecanyon_price_caption":"","integration_category":[],"integration_request_title":"","integration_request_cta":"","integration_platform":"","integrations":[],"platform_category":[],"video_schema_markup":"","price":"od 0 USD \/ miesi\u0105c","trial":"","benefits":[{"text":"Bezp\u0142atna us\u0142uga monta\u017cu"},{"text":"Wsparcie premium"},{"text":"14-dniowa gwarancja zwrotu pieni\u0119dzy"}],"button_url":"#demo","button_target_blank":"0","button_nofollow":"0","attributes":[{"name":"Instaluje"},{"name":"Czu\u0142y"},{"name":"Kompatybilne przegl\u0105darki"}],"tags":[],"tags_disable_links":"0","hide_more_platforms":"0","video_object":"","demo_hide_cta":"0","demo_hide_cloud_options":"0","pricing_title":"","pricing":[{"pricing_icon":"cloud","pricing_title":"Elfsight Apps","pricing_title_caption":"Wersja wieloplatformowa, kt\u00f3ra dzia\u0142a na ka\u017cdej stronie internetowej","pricing_price":"od 0 USD \/ miesi\u0105c","pricing_price_caption":"zacznij od bezp\u0142atnego planu","pricing_benefits":[{"text":"Nielimitowane strony internetowe"},{"text":"Wsparcie premium"},{"text":"Bezp\u0142atna us\u0142uga monta\u017cu"},{"text":"Oferta specjalna na wiele aplikacji"}],"pricing_button_text":"Dodaj do witryny","pricing_button_url":"#demo"}],"related_apps_title":"","related_apps_hidden":"0","author":"","image":[],"title":"","job":"","social_networks":[]},"_links":{"self":[{"href":"https:\/\/elfsight.com\/pl\/wp-json\/wp\/v2\/pages\/5864","targetHints":{"allow":["GET"]}}],"collection":[{"href":"https:\/\/elfsight.com\/pl\/wp-json\/wp\/v2\/pages"}],"about":[{"href":"https:\/\/elfsight.com\/pl\/wp-json\/wp\/v2\/types\/page"}],"author":[{"embeddable":true,"href":"https:\/\/elfsight.com\/pl\/wp-json\/wp\/v2\/users\/9"}],"replies":[{"embeddable":true,"href":"https:\/\/elfsight.com\/pl\/wp-json\/wp\/v2\/comments?post=5864"}],"version-history":[{"count":3,"href":"https:\/\/elfsight.com\/pl\/wp-json\/wp\/v2\/pages\/5864\/revisions"}],"predecessor-version":[{"id":9786,"href":"https:\/\/elfsight.com\/pl\/wp-json\/wp\/v2\/pages\/5864\/revisions\/9786"}],"up":[{"embeddable":true,"href":"https:\/\/elfsight.com\/pl\/wp-json\/wp\/v2\/pages\/2503"}],"wp:attachment":[{"href":"https:\/\/elfsight.com\/pl\/wp-json\/wp\/v2\/media?parent=5864"}],"curies":[{"name":"wp","href":"https:\/\/api.w.org\/{rel}","templated":true}]}}