{"id":5863,"date":"1970-01-01T00:00:00","date_gmt":"1970-01-01T00:00:00","guid":{"rendered":"https:\/\/elfsight.com\/pl\/?page_id=5863"},"modified":"2025-06-17T14:14:30","modified_gmt":"2025-06-17T14:14:30","slug":"squarespace","status":"publish","type":"page","link":"https:\/\/elfsight.com\/pl\/photo-gallery-widget\/squarespace\/","title":{"rendered":"Photo Gallery &#8211; Squarespace"},"content":{"rendered":"\n<div class=\"application-platform-content-item-description application-platform-content-item\" id=\"description\" data-nav-section=\"description\"><h2>Osad\u017a galeri\u0119 zdj\u0119\u0107 w Squarespace za pomoc\u0105 wid\u017cetu Elfsight<\/h2> <p>Galeria Elfsight to najlepszy spos\u00f3b na uporz\u0105dkowanie wizualizacji lub zaprojektowanie stylowe albumy na Twojej stronie internetowej. Prze\u015blij dowoln\u0105 ilo\u015b\u0107 zdj\u0119\u0107, umie\u015b\u0107 podpisy i wybierz optymalny spos\u00f3b umieszczenia ich na stronie. Nasza wtyczka zawiera sze\u015b\u0107 uk\u0142ad\u00f3w i r\u00f3\u017cnorodne inne opcje projektowania. Ka\u017cde zdj\u0119cie otwiera si\u0119 w trybie wyskakuj\u0105cym, odwiedzaj\u0105cy mog\u0105 nawigowa\u0107 po nich lub skorzysta\u0107 z pokazu slajd\u00f3w, powi\u0119ksza\u0107 i pomniejsza\u0107 oraz podziwia\u0107 zdj\u0119cia na pe\u0142nym ekranie. Mo\u017cesz wybra\u0107 najbardziej pasuj\u0105ce kolory interfejsu wid\u017cetu i doda\u0107 niestandardowe t\u0142o, zmieni\u0107 ustawienia tekstu i uzyska\u0107 wi\u0119cej mo\u017cliwo\u015bci stylistycznych. <\/p> <p><b>Inspiruj klient\u00f3w pi\u0119knymi galeriami zdj\u0119\u0107!<\/b><br><\/p><p>Zastosuj nasz\u0105 responsywn\u0105 wtyczk\u0119 Galerii obraz\u00f3w, aby zaprezentowa\u0107 swoje najbardziej imponuj\u0105ce oferty lub pochwali\u0107 si\u0119 zdj\u0119ciami produkt\u00f3w. <\/p><p><b>Wyeksponuj swoje wyj\u0105tkowe dzie\u0142a lub produkty<\/b><br><\/p><p>Twoje zauwa\u017calne zdj\u0119cia i obrazy zyskaj\u0105 wi\u0119cej wy\u015bwietle\u0144 i przyci\u0105gn\u0105 ludzi na d\u0142u\u017cej, zwi\u0119kszaj\u0105c og\u00f3lne zaanga\u017cowanie na Twojej stronie witryny internetowej.<\/p><p><b>Zwi\u0119ksz sprzeda\u017c za pomoc\u0105 kilku klikni\u0119\u0107<\/b><br>Wy\u015bwietlaj\u0105c swoje umiej\u0119tno\u015bci w wid\u017cecie Zdj\u0119cia, sprawisz, \u017ce odbiorcy Twojej witryny nie b\u0119d\u0105 mogli oprze\u0107 si\u0119 dokonaniu zakupu w takim spos\u00f3b na zwi\u0119kszenie sprzeda\u017cy.<div class=\"faq\" data-component=\"FAQ\"> <div class=\"faq-item\">\r\n\t\t\t\t\t<div class=\"faq-item-question\">\r\n\t\t\t\t\t\t<h3 class=\"faq-item-question-text\">Jakie inne narz\u0119dzia dla Squarespace posiadasz? <\/h3>\r\n\r\n\t\t\t\t\t\t<div class=\"faq-item-question-icon\"><\/div>\r\n\t\t\t\t\t<\/div>\r\n\r\n\t\t\t\t\t<div class=\"faq-item-answer\">\r\n\t\t\t\t\t\t<div class=\"faq-item-answer-text\"> <\/p><p>Nie ma ko\u0144ca, istnieje wiele r\u00f3\u017cnych narz\u0119dzi, dzi\u0119ki kt\u00f3rym mo\u017cesz wykona\u0107 dowolne zadanie w swojej witrynie. Sp\u00f3jrz na niekt\u00f3re z nich: <a href=\"https:\/\/elfsight.com\/qr-code-widget\/squarespace\/\">kod QR<\/a>, <a href=\"https:\/\/elfsight.com\/google -reviews-widget\/squarespace\/\">Recenzje Google<\/a>, <a href=\"https:\/\/elfsight.com\/whatsapp-chat-widget\/squarespace\/\">Czat WhatsApp<\/a>, <a href=\"\/\/elfsight.com\/event-calendar-widget\/squarespace\/\">Kalendarz wydarze\u0144<\/a>, <a href=\"https:\/\/elfsight.com\/countdown-timer-widget\/squarespace\/\">Odliczanie Timer<\/a>.<\/p> <\/div>\r\n\t\t\t\t\t<\/div>\r\n\t\t\t\t<\/div> <div class=\"faq-item\">\r\n\t\t\t\t\t<div class=\"faq-item-question\">\r\n\t\t\t\t\t\t<h3 class=\"faq-item-question-text\">W jaki spos\u00f3b mog\u0119 osadzi\u0107 wtyczk\u0119 Galerii zdj\u0119\u0107 w mojej witrynie Squarespace? <\/h3>\r\n\r\n\t\t\t\t\t\t<div class=\"faq-item-question-icon\"><\/div>\r\n\t\t\t\t\t<\/div>\r\n\r\n\t\t\t\t\t<div class=\"faq-item-answer\">\r\n\t\t\t\t\t\t<div class=\"faq-item-answer-text\"> <p>Mo\u017cesz \u0142atwo doda\u0107 wtyczk\u0119 Galerii zdj\u0119\u0107 do swojej witryny Squarespace i nie musisz si\u0119 martwi\u0107 o zdj\u0119cia z galerii i wy\u015bwietlanie obraz\u00f3w &#8211; wtyczka jest bardzo responsywna. Aby osadzi\u0107 wtyczk\u0119 na swojej stronie Squarespace, po prostu otw\u00f3rz nasz darmowy konfigurator i wykonaj nast\u0119puj\u0105ce czynno\u015bci: <\/p><ol><li>Wybierz ustawienia motywu. <\/li><li>wybierz cz\u0119\u015b\u0107, w kt\u00f3rej chcesz zintegrowa\u0107 Galeri\u0119 zdj\u0119\u0107. <\/li><li>Osad\u017a kod z us\u0142ugi Elfsight Apps i zastosuj wprowadzone zmiany. <\/li><li>Gotowe. <\/li><\/ol><p>Mo\u017cesz tak\u017ce zapozna\u0107 si\u0119 z naszym przewodnikiem informacyjnym na temat funkcji wid\u017cetu i instalacji <a href=\"https:\/\/elfsight.com\/tutorials\/how-to-add-photo-gallery-to-website\/#how-to-add-gallery-to-squarespace\">tutaj<\/a>.<\/p><\/div>\r\n\t\t\t\t\t<\/div>\r\n\t\t\t\t<\/div> <div class=\"faq-item\">\r\n\t\t\t\t\t<div class=\"faq-item-question\">\r\n\t\t\t\t\t\t<h3 class=\"faq-item-question-text\">Czy istnieje spos\u00f3b na przetestowanie wid\u017cetu Galeria zdj\u0119\u0107 Squarespace pieszo? <\/h3>\r\n\r\n\t\t\t\t\t\t<div class=\"faq-item-question-icon\"><\/div>\r\n\t\t\t\t\t<\/div>\r\n\r\n\t\t\t\t\t<div class=\"faq-item-answer\">\r\n\t\t\t\t\t\t<div class=\"faq-item-answer-text\"> Mo\u017cesz zobaczy\u0107 nasz\u0105 wtyczk\u0119 Galerii zdj\u0119\u0107 dla Squarespace w naszym aktywnym <a href=\"https:\/\/elfsight.com\/photo-gallery-widget\/#demo\">tutaj<\/a>. Jako bonus mo\u017cesz tak\u017ce skorzysta\u0107 z wersji demonstracyjnej i doda\u0107 wtyczk\u0119 do swojej witryny.<\/div>\r\n\t\t\t\t\t<\/div>\r\n\t\t\t\t<\/div> <\/div><\/div> <div class=\"application-platform-content-item-features application-platform-content-item\" id=\"features\" data-nav-section=\"features\"><p><\/p><h2>G\u0142\u00f3wne funkcje wid\u017cetu Galeria zdj\u0119\u0107<\/h2> <p>Zobacz wszystkie funkcje i przyk\u0142ady Galerii zdj\u0119\u0107 dla Squarespace. Mo\u017cesz nimi zarz\u0105dza\u0107 bezpo\u015brednio w edytorze, a oni pomog\u0105 Ci skonfigurowa\u0107 widget dok\u0142adnie pod Tw\u00f3j przypadek. <\/p> <ul> <li>U\u017cyj wezwa\u0144 do dzia\u0142ania, aby poprowadzi\u0107 odbiorc\u00f3w do celu. <\/li> <li>Przyzwyczajaj czas prze\u0142\u0105czania slajd\u00f3w. <\/li> <li>Wybierz spo\u015br\u00f3d wielu wariant\u00f3w paginacji. <\/li> <li>Umie\u015b\u0107 tekst w dowolnym miejscu strony za pomoc\u0105 pozycji zaawansowanej. <\/li> <li>Dostosuj 5 opcji tre\u015bci. <\/li> <\/ul> <p><a href=\"#demo\">Sprawd\u017a, jak dzia\u0142aj\u0105 wszystkie funkcje w naszej wersji demonstracyjnej<\/a><\/p> <\/div> <div class=\"application-platform-content-item-installation application-platform-content-item\" id=\"installation\" data-nav-section=\"installation\"> <h2>Jak osadzi\u0107 galeri\u0119 zdj\u0119\u0107 w mojej witrynie Squarespace? <\/h2> <div class=\"video-container\"><iframe width=\"720\" height=\"405\" src=\"https:\/\/www.youtube.com\/embed\/NInaeiXPyv0\" frameborder=\"0\" allowfullscreen=\"\"><\/iframe><\/div><p>Aby doda\u0107 wtyczk\u0119, post\u0119puj zgodnie z poni\u017cszymi wskaz\u00f3wkami.<\/p> <ol><li><b>Stw\u00f3rz swoj\u0105 osobist\u0105 wtyczk\u0119 Galerii<\/b><br> Za pomoc\u0105 naszego darmowego edytora, ukszta\u0142tuj wid\u017cet z niestandardowym uk\u0142adem i funkcjami. <\/li> <li><b>Skopiuj kod osobisty, aby osadzi\u0107 wtyczk\u0119<\/b><br> Po dostosowaniu wid\u017cetu indywidualny kod uzyskasz z wyskakuj\u0105cego okna aplikacji Elfsight. Skopiuj ten kod. <\/li> <li><b>Zintegruj wtyczk\u0119 ze swoj\u0105 witryn\u0105 Squarespace<\/b><br> Znajd\u017a miejsce, w kt\u00f3rym planujesz doda\u0107 wid\u017cet i wklej tam zapisany kod. Zastosuj zmiany. <\/li> <li><b>Konfiguracja powiod\u0142a si\u0119! <\/b><br> Przejd\u017a do sklepu, aby zobaczy\u0107 swoj\u0105 wtyczk\u0119. <\/li> <\/ol> <p>Mo\u017cesz skontaktowa\u0107 si\u0119 z dzia\u0142em pomocy technicznej Elfsight, je\u015bli potrzebujesz pomocy lub masz o co\u015b zapyta\u0107. Ch\u0119tnie pomo\u017cemy w ka\u017cdym zapytaniu. <\/p> <\/div>\n","protected":false},"excerpt":{"rendered":"","protected":false},"author":9,"featured_media":0,"parent":2503,"menu_order":0,"comment_status":"closed","ping_status":"closed","template":"templates\/template-application-platform.php","meta":{"publish_to_discourse":"","publish_post_category":"","wpdc_auto_publish_overridden":"","wpdc_topic_tags":"","wpdc_pin_topic":"","wpdc_pin_until":"","discourse_post_id":"","discourse_permalink":"","wpdc_publishing_response":"","wpdc_publishing_error":"","footnotes":""},"class_list":["post-5863","page","type-page","status-publish","hentry"],"yoast_head":"<!-- This site is optimized with the Yoast SEO plugin v25.3.1 - https:\/\/yoast.com\/wordpress\/plugins\/seo\/ -->\n<title>Najlepszy wid\u017cet Galerii zdj\u0119\u0107 dla witryny Squarespace (bezp\u0142atny i bez kodowania)<\/title>\n<meta name=\"description\" content=\"Dodaj responsywn\u0105 wtyczk\u0119 Galerii zdj\u0119\u0107 do swojej witryny Squarespace i zdob\u0105d\u017a pe\u0142ne zaufanie. Wykorzystaj \u0142atw\u0105 w u\u017cyciu wersj\u0119 demonstracyjn\u0105 Elfsight, aby zbudowa\u0107 sw\u00f3j niepowtarzalny.\" \/>\n<meta name=\"robots\" content=\"index, follow, max-snippet:-1, max-image-preview:large, max-video-preview:-1\" \/>\n<link rel=\"canonical\" href=\"https:\/\/elfsight.com\/pl\/photo-gallery-widget\/squarespace\/\" \/>\n<meta property=\"og:locale\" content=\"pl_PL\" \/>\n<meta property=\"og:type\" content=\"article\" \/>\n<meta property=\"og:title\" content=\"Najlepszy wid\u017cet Galerii zdj\u0119\u0107 dla witryny Squarespace (bezp\u0142atny i bez kodowania)\" \/>\n<meta property=\"og:description\" content=\"Dodaj responsywn\u0105 wtyczk\u0119 Galerii zdj\u0119\u0107 do swojej witryny Squarespace i zdob\u0105d\u017a pe\u0142ne zaufanie. Wykorzystaj \u0142atw\u0105 w u\u017cyciu wersj\u0119 demonstracyjn\u0105 Elfsight, aby zbudowa\u0107 sw\u00f3j niepowtarzalny.\" \/>\n<meta property=\"og:url\" content=\"https:\/\/elfsight.com\/pl\/photo-gallery-widget\/squarespace\/\" \/>\n<meta property=\"og:site_name\" content=\"Elfsight PL\" \/>\n<meta property=\"article:modified_time\" content=\"2025-06-17T14:14:30+00:00\" \/>\n<meta name=\"twitter:card\" content=\"summary_large_image\" \/>\n<meta name=\"twitter:label1\" content=\"Szacowany czas czytania\" \/>\n\t<meta name=\"twitter:data1\" content=\"4 minuty\" \/>\n<!-- \/ Yoast SEO plugin. -->","yoast_head_json":{"title":"Najlepszy wid\u017cet Galerii zdj\u0119\u0107 dla witryny Squarespace (bezp\u0142atny i bez kodowania)","description":"Dodaj responsywn\u0105 wtyczk\u0119 Galerii zdj\u0119\u0107 do swojej witryny Squarespace i zdob\u0105d\u017a pe\u0142ne zaufanie. Wykorzystaj \u0142atw\u0105 w u\u017cyciu wersj\u0119 demonstracyjn\u0105 Elfsight, aby zbudowa\u0107 sw\u00f3j niepowtarzalny.","robots":{"index":"index","follow":"follow","max-snippet":"max-snippet:-1","max-image-preview":"max-image-preview:large","max-video-preview":"max-video-preview:-1"},"canonical":"https:\/\/elfsight.com\/pl\/photo-gallery-widget\/squarespace\/","og_locale":"pl_PL","og_type":"article","og_title":"Najlepszy wid\u017cet Galerii zdj\u0119\u0107 dla witryny Squarespace (bezp\u0142atny i bez kodowania)","og_description":"Dodaj responsywn\u0105 wtyczk\u0119 Galerii zdj\u0119\u0107 do swojej witryny Squarespace i zdob\u0105d\u017a pe\u0142ne zaufanie. Wykorzystaj \u0142atw\u0105 w u\u017cyciu wersj\u0119 demonstracyjn\u0105 Elfsight, aby zbudowa\u0107 sw\u00f3j niepowtarzalny.","og_url":"https:\/\/elfsight.com\/pl\/photo-gallery-widget\/squarespace\/","og_site_name":"Elfsight PL","article_modified_time":"2025-06-17T14:14:30+00:00","twitter_card":"summary_large_image","twitter_misc":{"Szacowany czas czytania":"4 minuty"},"schema":{"@context":"https:\/\/schema.org","@graph":[{"@type":"WebPage","@id":"https:\/\/elfsight.com\/pl\/photo-gallery-widget\/squarespace\/","url":"https:\/\/elfsight.com\/pl\/photo-gallery-widget\/squarespace\/","name":"Najlepszy wid\u017cet Galerii zdj\u0119\u0107 dla witryny Squarespace (bezp\u0142atny i bez kodowania)","isPartOf":{"@id":"https:\/\/elfsight.com\/pl\/#website"},"datePublished":"1970-01-01T00:00:00+00:00","dateModified":"2025-06-17T14:14:30+00:00","description":"Dodaj responsywn\u0105 wtyczk\u0119 Galerii zdj\u0119\u0107 do swojej witryny Squarespace i zdob\u0105d\u017a pe\u0142ne zaufanie. Wykorzystaj \u0142atw\u0105 w u\u017cyciu wersj\u0119 demonstracyjn\u0105 Elfsight, aby zbudowa\u0107 sw\u00f3j niepowtarzalny.","breadcrumb":{"@id":"https:\/\/elfsight.com\/pl\/photo-gallery-widget\/squarespace\/#breadcrumb"},"inLanguage":"pl-PL","potentialAction":[{"@type":"ReadAction","target":["https:\/\/elfsight.com\/pl\/photo-gallery-widget\/squarespace\/"]}]},{"@type":"BreadcrumbList","@id":"https:\/\/elfsight.com\/pl\/photo-gallery-widget\/squarespace\/#breadcrumb","itemListElement":[{"@type":"ListItem","position":1,"name":"Home","item":"https:\/\/elfsight.com\/pl\/"},{"@type":"ListItem","position":2,"name":"Photo Gallery","item":"https:\/\/elfsight.com\/pl\/photo-gallery-widget\/"},{"@type":"ListItem","position":3,"name":"Photo Gallery &#8211; Squarespace"}]},{"@type":"WebSite","@id":"https:\/\/elfsight.com\/pl\/#website","url":"https:\/\/elfsight.com\/pl\/","name":"Elfsight PL","description":"Just another Elfsight Sites site","potentialAction":[{"@type":"SearchAction","target":{"@type":"EntryPoint","urlTemplate":"https:\/\/elfsight.com\/pl\/?s={search_term_string}"},"query-input":{"@type":"PropertyValueSpecification","valueRequired":true,"valueName":"search_term_string"}}],"inLanguage":"pl-PL"}]}},"meta_box":{"industry":"","seo_heading":"","heading":"","description":"","cta_heading":"","cta_description":"","application":"2502","h1":"Wtyczka Squarespace Photo Gallery","h1_caption":"Zaprezentuj swoje obrazy w interaktywnej, konfigurowalnej galerii, kt\u00f3ra bez wysi\u0142ku poprawi atrakcyjno\u015b\u0107 wizualn\u0105 Twojej witryny w witrynie Squarespace.","application_category":[],"applications_title":"","applications_request_title":"","applications_request_button_text":"","hero_text":"","hero_video":"","hero_video_schema_markup":"","selling_points_title":"","selling_points_caption":"","selling_points":[],"selling_points_cta_text":"","features_title":"","features":"","ed_cta_examples_text":"","ed_cta_examples_hidden":"","ed_cta_demo_text":"","ed_cta_demo_hidden":"","why_caption":"","why_editor_title":"","why_editor_text":"","why_team_title":"","why_team_text":"","why_service_title":"","why_service_text":"","template_catalog_visible":"0","template_catalog_title":"","template_catalog_text":"","template_catalog_categories_visible":"","demo_title":"Utw\u00f3rz wtyczk\u0119 Galerii zdj\u0119\u0107","demo_caption":"Skonfiguruj swoj\u0105 galeri\u0119 zdj\u0119\u0107 i dodaj j\u0105 do swojej witryny Squarespace za darmo!","default_faq_hidden":"","app_template_category":[],"platform":"7588","template_public_id":"","codecanyon_url":"","codecanyon_item_id":"","codecanyon_price":"","pricing_caption":"","pricing_elfsight_apps_hide_column":"","pricing_elfsight_apps_url":"","pricing_codecanyon_price_caption":"","integration_category":[],"integration_request_title":"","integration_request_cta":"","integration_platform":"","integrations":[],"platform_category":[],"video_schema_markup":"","price":"od 0 USD \/ miesi\u0105c","trial":"","benefits":[{"text":"Bezp\u0142atna pomoc w monta\u017cu"},{"text":"Kompetentna obs\u0142uga klienta"},{"text":"14-dniowa gwarancja zwrotu pieni\u0119dzy"}],"button_url":"#demo","button_target_blank":"0","button_nofollow":"0","attributes":[{"name":"Instaluje"},{"name":"Czu\u0142y"},{"name":"Kompatybilne przegl\u0105darki"}],"tags":[],"tags_disable_links":"0","hide_more_platforms":"0","video_object":"","demo_hide_cta":"0","demo_hide_cloud_options":"0","pricing_title":"","pricing":[{"pricing_icon":"platform","pricing_title":"Elfsight Apps","pricing_title_caption":"Rozwi\u0105zanie wieloplatformowe, kt\u00f3re dzia\u0142a na dowolnej witrynie","pricing_price":"od 0 USD \/ miesi\u0105c","pricing_price_caption":"zacznij od bezp\u0142atnego planu","pricing_benefits":[{"text":"Nielimitowane strony internetowe"},{"text":"Profesjonalne wsparcie firmy i dobrze udokumentowane"},{"text":"Bezp\u0142atna pomoc w instalacji"},{"text":"Elastyczny projekt"}],"pricing_button_text":"Dodaj do witryny","pricing_button_url":"#demo"}],"related_apps_title":"","related_apps_hidden":"0","author":"","image":[],"title":"","job":"","social_networks":[]},"_links":{"self":[{"href":"https:\/\/elfsight.com\/pl\/wp-json\/wp\/v2\/pages\/5863","targetHints":{"allow":["GET"]}}],"collection":[{"href":"https:\/\/elfsight.com\/pl\/wp-json\/wp\/v2\/pages"}],"about":[{"href":"https:\/\/elfsight.com\/pl\/wp-json\/wp\/v2\/types\/page"}],"author":[{"embeddable":true,"href":"https:\/\/elfsight.com\/pl\/wp-json\/wp\/v2\/users\/9"}],"replies":[{"embeddable":true,"href":"https:\/\/elfsight.com\/pl\/wp-json\/wp\/v2\/comments?post=5863"}],"version-history":[{"count":4,"href":"https:\/\/elfsight.com\/pl\/wp-json\/wp\/v2\/pages\/5863\/revisions"}],"predecessor-version":[{"id":10107,"href":"https:\/\/elfsight.com\/pl\/wp-json\/wp\/v2\/pages\/5863\/revisions\/10107"}],"up":[{"embeddable":true,"href":"https:\/\/elfsight.com\/pl\/wp-json\/wp\/v2\/pages\/2503"}],"wp:attachment":[{"href":"https:\/\/elfsight.com\/pl\/wp-json\/wp\/v2\/media?parent=5863"}],"curies":[{"name":"wp","href":"https:\/\/api.w.org\/{rel}","templated":true}]}}