{"id":5862,"date":"1970-01-01T00:00:00","date_gmt":"1970-01-01T00:00:00","guid":{"rendered":"https:\/\/elfsight.com\/pl\/?page_id=5862"},"modified":"2024-11-14T09:24:08","modified_gmt":"2024-11-14T09:24:08","slug":"webflow","status":"publish","type":"page","link":"https:\/\/elfsight.com\/pl\/photo-gallery-widget\/webflow\/","title":{"rendered":"Photo Gallery &#8211; Webflow"},"content":{"rendered":"<div class=\"application-platform-content-item-description application-platform-content-item\" id=\"description\" data-nav-section=\"description\"><h2>Osad\u017a galeri\u0119 zdj\u0119\u0107 w Webflow za pomoc\u0105 wid\u017cetu Elfsight<\/h2> <p>Galeria Elfsight to najszybszy spos\u00f3b na pokazanie zdj\u0119\u0107 lub zaprojektowanie stylowego galeria na Twojej stronie. Prze\u015blij dowoln\u0105 ilo\u015b\u0107 zdj\u0119\u0107, poka\u017c opisy i znajd\u017a optymalny spos\u00f3b umieszczenia ich na stronie. Wid\u017cet Elfsight zawiera sze\u015b\u0107 uk\u0142ad\u00f3w i wiele dodatkowych opcji interfejsu. Ka\u017cdy obraz pojawia si\u0119 w wyskakuj\u0105cym okienku, u\u017cytkownicy mog\u0105 je przegl\u0105da\u0107 lub w\u0142\u0105czy\u0107 pokaz slajd\u00f3w, powi\u0119ksza\u0107 i podziwia\u0107 zdj\u0119cia na pe\u0142nym ekranie. Masz mo\u017cliwo\u015b\u0107 pokolorowania interfejsu wid\u017cetu i zastosowania unikalnego t\u0142a, u\u017cycia opcji tekstowych i innych odmian stylu. <\/p> <p><b>Zwi\u0119ksz zaanga\u017cowanie u\u017cytkownik\u00f3w dzi\u0119ki kolekcjom zdj\u0119\u0107, kt\u00f3rych nie mo\u017cna przegapi\u0107! <\/b><\/p> <div class=\"faq\" data-component=\"FAQ\"> <div class=\"faq-item\">\r\n\t\t\t\t\t<div class=\"faq-item-question\">\r\n\t\t\t\t\t\t<h3 class=\"faq-item-question-text\">Jakich innych wtyczek do Webflow mog\u0119 u\u017cywa\u0107? <\/h3>\r\n\r\n\t\t\t\t\t\t<div class=\"faq-item-question-icon\"><\/div>\r\n\t\t\t\t\t<\/div>\r\n\r\n\t\t\t\t\t<div class=\"faq-item-answer\">\r\n\t\t\t\t\t\t<div class=\"faq-item-answer-text\"> <p>Mo\u017cesz testowa\u0107 mn\u00f3stwo wtyczek do dowolnych cel\u00f3w na swojej stronie internetowej, niezale\u017cnie od sfery biznesowej, kt\u00f3r\u0105 prowadzisz . Mo\u017cesz na przyk\u0142ad zacz\u0105\u0107 od tych: <a href=\"https:\/\/elfsight.com\/online-form-builder\/webflow\/\">Kreator formularzy<\/a>, <a href=\"https:\/\/elfsight .com\/cookie-consent-widget\/webflow\/\">Zgoda na pliki cookie<\/a>, <a href=\"https:\/\/elfsight.com\/popup-widget\/webflow\/\">Wyskakuj\u0105ce okienko<\/a>, <a href=\"https:\/\/elfsight.com\/instagram-feed-instashow\/webflow\/\">Kana\u0142 na Instagramie<\/a>, <a href=\"https:\/\/elfsight.com\/slider-widget\/webflow\/\">Slider<\/a>.<\/p> <\/div>\r\n\t\t\t\t\t<\/div>\r\n\t\t\t\t<\/div> <div class=\"faq-item\">\r\n\t\t\t\t\t<div class=\"faq-item-question\">\r\n\t\t\t\t\t\t<h3 class=\"faq-item-question-text\">W jaki spos\u00f3b mog\u0119 osadzi\u0107 wid\u017cet Galerii zdj\u0119\u0107 w mojej witrynie Webflow? <\/h3>\r\n\r\n\t\t\t\t\t\t<div class=\"faq-item-question-icon\"><\/div>\r\n\t\t\t\t\t<\/div>\r\n\r\n\t\t\t\t\t<div class=\"faq-item-answer\">\r\n\t\t\t\t\t\t<div class=\"faq-item-answer-text\"> <p>Mo\u017cesz doda\u0107 wid\u017cet Galerii zdj\u0119\u0107 do swojej witryny Webflow, aby zaprezentuj wysoce responsywn\u0105 galeri\u0119 ze swoimi obrazami i obrazkami. Po prostu otw\u00f3rz nasz darmowy konfigurator, aby doda\u0107 wid\u017cet do swojej witryny Webflow i wykonaj nast\u0119puj\u0105ce kroki: <\/p><ol><li>Wybierz ustawienia motywu. <\/li><li>wybierz element, na kt\u00f3rym chcesz zintegrowa\u0107 galeri\u0119 zdj\u0119\u0107 Webflow. <\/li><li>Dodaj kod z us\u0142ugi Elfsight Apps i zapisz zmiany. <\/li><li>Wszystko gotowe. <\/li><\/ol><p>R\u00f3wnie\u017c zalecamy zapoznanie si\u0119 z naszym kompletnym przewodnikiem dotycz\u0105cym instalacji wid\u017cetu na najpopularniejszych platformach. Przewodnik znajdziesz <a href=\"https:\/\/elfsight.com\/tutorials\/how-to-add-photo-gallery-to-website\/#how-to-add-gallery-to-webflow\">tutaj<\/a>.<\/p><\/div>\r\n\t\t\t\t\t<\/div>\r\n\t\t\t\t<\/div> <div class=\"faq-item\">\r\n\t\t\t\t\t<div class=\"faq-item-question\">\r\n\t\t\t\t\t\t<h3 class=\"faq-item-question-text\">Czy istnieje spos\u00f3b na przetestowanie wid\u017cetu Galerii zdj\u0119\u0107 Webflow? <\/h3>\r\n\r\n\t\t\t\t\t\t<div class=\"faq-item-question-icon\"><\/div>\r\n\t\t\t\t\t<\/div>\r\n\r\n\t\t\t\t\t<div class=\"faq-item-answer\">\r\n\t\t\t\t\t\t<div class=\"faq-item-answer-text\"><p>Oczywi\u015bcie! Zapraszamy do skorzystania z naszego <a href=\"https:\/\/elfsight.com\/photo-gallery-widget\/#demo\">demo<\/a>, aby zapozna\u0107 si\u0119 z funkcjami wid\u017cetu. Mo\u017cesz tak\u017ce u\u017cy\u0107 wersji demonstracyjnej, aby doda\u0107 wid\u017cet Galerii zdj\u0119\u0107 do swojej witryny Webflow!<\/p> <\/div>\r\n\t\t\t\t\t<\/div>\r\n\t\t\t\t<\/div> <\/div><\/div> <div class=\"application-platform-content-item-features application-platform-content-item\" id=\"features\" data-nav-section=\"features\"><h2>G\u0142\u00f3wne funkcje zdj\u0119cia Wid\u017cet galerii<\/h2> <p>Sprawd\u017a list\u0119 wszystkich cech funkcjonalnych Galerii zdj\u0119\u0107 dla Webflow. Mo\u017cesz je ustawi\u0107 bezpo\u015brednio w edytorze, a one pomog\u0105 Ci skonstruowa\u0107 wid\u017cet najbardziej odpowiedni do Twoich potrzeb. <\/p> <ul> <li>Wykorzystuj przyciski CTA, aby poprowadzi\u0107 u\u017cytkownik\u00f3w do celu. <\/li> <li>Zmie\u0144 czas trwania zmiany slajdu. <\/li> <li>Wybierz jedn\u0105 z wielu opcji paginacji. <\/li> <li>Umie\u015b\u0107 tekst w dowolnym miejscu strony za pomoc\u0105 pozycji zaawansowanej. <\/li> <li>Dostosuj pi\u0119\u0107 funkcji dotycz\u0105cych tre\u015bci. <\/li> <\/ul> <p><a href=\"#demo\">Mo\u017cesz wypr\u00f3bowa\u0107 wszystkie funkcje wid\u017cetu bezpo\u015brednio w wersji demonstracyjnej<\/a><\/p> <\/div> <div class=\"application-platform-content-item-installation application-platform-content-item\" id=\"installation\" data-nav-section=\"installation\"> <h2>Jak zintegrowa\u0107 Galeri\u0119 Zdj\u0119\u0107 z Webflow? <\/h2> <div class=\"video-container\"><iframe width=\"720\" height=\"405\" src=\"https:\/\/www.youtube.com\/embed\/ewXlqsKW7zU\" frameborder=\"0\" allowfullscreen=\"\"><\/iframe><\/div><p>Aby wprowadzi\u0107 widget, post\u0119puj zgodnie z poni\u017cszymi instrukcjami. <\/p> <ol><li><b>Wygeneruj spersonalizowan\u0105 wtyczk\u0119 Galerii<\/b><br> Za pomoc\u0105 naszej bezp\u0142atnej wersji demonstracyjnej skonfiguruj wtyczk\u0119 z niestandardowym interfejsem i funkcjami. <\/li> <li><b>Skopiuj indywidualny kod, aby wy\u015bwietli\u0107 wtyczk\u0119<\/b><br> Po skonfigurowaniu wid\u017cetu otrzymasz unikalny kod z wy\u015bwietlonego okna aplikacji Elfsight. Skopiuj to. <\/li> <li><b>Osad\u017a wtyczk\u0119 na swojej stronie Webflow<\/b><br> Wybierz miejsce, w kt\u00f3rym chcesz umie\u015bci\u0107 wtyczk\u0119 i wstaw tam zapisany kod. Zapisz wyniki. <\/li> <li><b>Instalacja zosta\u0142a zako\u0144czona<\/b><br> Przejd\u017a do witryny i obejrzyj swoj\u0105 prac\u0119. <\/li> <\/ol> <p>Mo\u017cesz skontaktowa\u0107 si\u0119 z obs\u0142ug\u0105 klienta, je\u015bli potrzebujesz porady lub masz o co\u015b zapyta\u0107. Nasi specjali\u015bci ch\u0119tnie pomog\u0105 w ka\u017cdej sprawie. <\/p> <\/div>","protected":false},"excerpt":{"rendered":"","protected":false},"author":9,"featured_media":0,"parent":2503,"menu_order":0,"comment_status":"closed","ping_status":"closed","template":"templates\/template-application-platform.php","meta":{"publish_to_discourse":"","publish_post_category":"","wpdc_auto_publish_overridden":"","wpdc_topic_tags":"","wpdc_pin_topic":"","wpdc_pin_until":"","discourse_post_id":"","discourse_permalink":"","wpdc_publishing_response":"","wpdc_publishing_error":"","footnotes":""},"class_list":["post-5862","page","type-page","status-publish","hentry"],"yoast_head":"<!-- This site is optimized with the Yoast SEO plugin v25.3.1 - https:\/\/yoast.com\/wordpress\/plugins\/seo\/ -->\n<title>Galeria zdj\u0119\u0107 \u2014 Dodaj wid\u017cet Galerii zdj\u0119\u0107 do witryny Webflow [2025]<\/title>\n<meta name=\"description\" content=\"Wypr\u00f3buj za darmo najlepsz\u0105 wtyczk\u0119 Photo Gallery do Webflow. Prosty i szybki widget galerii integruj\u0105cy si\u0119 bez umiej\u0119tno\u015bci programowania.\" \/>\n<meta name=\"robots\" content=\"index, follow, max-snippet:-1, max-image-preview:large, max-video-preview:-1\" \/>\n<link rel=\"canonical\" href=\"https:\/\/elfsight.com\/pl\/photo-gallery-widget\/webflow\/\" \/>\n<meta property=\"og:locale\" content=\"pl_PL\" \/>\n<meta property=\"og:type\" content=\"article\" \/>\n<meta property=\"og:title\" content=\"Galeria zdj\u0119\u0107 \u2014 Dodaj wid\u017cet Galerii zdj\u0119\u0107 do witryny Webflow [2025]\" \/>\n<meta property=\"og:description\" content=\"Wypr\u00f3buj za darmo najlepsz\u0105 wtyczk\u0119 Photo Gallery do Webflow. Prosty i szybki widget galerii integruj\u0105cy si\u0119 bez umiej\u0119tno\u015bci programowania.\" \/>\n<meta property=\"og:url\" content=\"https:\/\/elfsight.com\/pl\/photo-gallery-widget\/webflow\/\" \/>\n<meta property=\"og:site_name\" content=\"Elfsight PL\" \/>\n<meta property=\"article:modified_time\" content=\"2024-11-14T09:24:08+00:00\" \/>\n<meta name=\"twitter:card\" content=\"summary_large_image\" \/>\n<meta name=\"twitter:label1\" content=\"Szacowany czas czytania\" \/>\n\t<meta name=\"twitter:data1\" content=\"3 minuty\" \/>\n<!-- \/ Yoast SEO plugin. -->","yoast_head_json":{"title":"Galeria zdj\u0119\u0107 \u2014 Dodaj wid\u017cet Galerii zdj\u0119\u0107 do witryny Webflow [2025]","description":"Wypr\u00f3buj za darmo najlepsz\u0105 wtyczk\u0119 Photo Gallery do Webflow. Prosty i szybki widget galerii integruj\u0105cy si\u0119 bez umiej\u0119tno\u015bci programowania.","robots":{"index":"index","follow":"follow","max-snippet":"max-snippet:-1","max-image-preview":"max-image-preview:large","max-video-preview":"max-video-preview:-1"},"canonical":"https:\/\/elfsight.com\/pl\/photo-gallery-widget\/webflow\/","og_locale":"pl_PL","og_type":"article","og_title":"Galeria zdj\u0119\u0107 \u2014 Dodaj wid\u017cet Galerii zdj\u0119\u0107 do witryny Webflow [2025]","og_description":"Wypr\u00f3buj za darmo najlepsz\u0105 wtyczk\u0119 Photo Gallery do Webflow. Prosty i szybki widget galerii integruj\u0105cy si\u0119 bez umiej\u0119tno\u015bci programowania.","og_url":"https:\/\/elfsight.com\/pl\/photo-gallery-widget\/webflow\/","og_site_name":"Elfsight PL","article_modified_time":"2024-11-14T09:24:08+00:00","twitter_card":"summary_large_image","twitter_misc":{"Szacowany czas czytania":"3 minuty"},"schema":{"@context":"https:\/\/schema.org","@graph":[{"@type":"WebPage","@id":"https:\/\/elfsight.com\/pl\/photo-gallery-widget\/webflow\/","url":"https:\/\/elfsight.com\/pl\/photo-gallery-widget\/webflow\/","name":"Galeria zdj\u0119\u0107 \u2014 Dodaj wid\u017cet Galerii zdj\u0119\u0107 do witryny Webflow [2025]","isPartOf":{"@id":"https:\/\/elfsight.com\/pl\/#website"},"datePublished":"1970-01-01T00:00:00+00:00","dateModified":"2024-11-14T09:24:08+00:00","description":"Wypr\u00f3buj za darmo najlepsz\u0105 wtyczk\u0119 Photo Gallery do Webflow. Prosty i szybki widget galerii integruj\u0105cy si\u0119 bez umiej\u0119tno\u015bci programowania.","breadcrumb":{"@id":"https:\/\/elfsight.com\/pl\/photo-gallery-widget\/webflow\/#breadcrumb"},"inLanguage":"pl-PL","potentialAction":[{"@type":"ReadAction","target":["https:\/\/elfsight.com\/pl\/photo-gallery-widget\/webflow\/"]}]},{"@type":"BreadcrumbList","@id":"https:\/\/elfsight.com\/pl\/photo-gallery-widget\/webflow\/#breadcrumb","itemListElement":[{"@type":"ListItem","position":1,"name":"Home","item":"https:\/\/elfsight.com\/pl\/"},{"@type":"ListItem","position":2,"name":"Photo Gallery","item":"https:\/\/elfsight.com\/pl\/photo-gallery-widget\/"},{"@type":"ListItem","position":3,"name":"Photo Gallery &#8211; Webflow"}]},{"@type":"WebSite","@id":"https:\/\/elfsight.com\/pl\/#website","url":"https:\/\/elfsight.com\/pl\/","name":"Elfsight PL","description":"Just another Elfsight Sites site","potentialAction":[{"@type":"SearchAction","target":{"@type":"EntryPoint","urlTemplate":"https:\/\/elfsight.com\/pl\/?s={search_term_string}"},"query-input":{"@type":"PropertyValueSpecification","valueRequired":true,"valueName":"search_term_string"}}],"inLanguage":"pl-PL"}]}},"meta_box":{"industry":"","seo_heading":"","heading":"","description":"","cta_heading":"","cta_description":"","application":"2502","h1":"Wid\u017cet Galerii zdj\u0119\u0107 Webflow","h1_caption":"Zaprezentuj swoje obrazy w interaktywnej, konfigurowalnej galerii, kt\u00f3ra bez wysi\u0142ku poprawi atrakcyjno\u015b\u0107 wizualn\u0105 Twojej witryny w witrynie Webflow.","application_category":[],"applications_title":"","applications_request_title":"","applications_request_button_text":"","hero_text":"","hero_video":"","hero_video_schema_markup":"","selling_points_title":"","selling_points_caption":"","selling_points":[],"selling_points_cta_text":"","features_title":"","features":"","ed_cta_examples_text":"","ed_cta_examples_hidden":"","ed_cta_demo_text":"","ed_cta_demo_hidden":"","why_caption":"","why_editor_title":"","why_editor_text":"","why_team_title":"","why_team_text":"","why_service_title":"","why_service_text":"","template_catalog_visible":"","template_catalog_title":"","template_catalog_text":"","template_catalog_categories_visible":"","demo_title":"Utw\u00f3rz wid\u017cet Galerii zdj\u0119\u0107","demo_caption":"Skonfiguruj swoj\u0105 galeri\u0119 zdj\u0119\u0107 i dodaj j\u0105 do swojej witryny Webflow za darmo!","default_faq_hidden":"","app_template_category":[],"platform":"127","template_public_id":"","codecanyon_url":"","codecanyon_item_id":"","codecanyon_price":"","pricing_caption":"","pricing_elfsight_apps_hide_column":"","pricing_elfsight_apps_url":"","pricing_codecanyon_price_caption":"","integration_category":[],"integration_request_title":"","integration_request_cta":"","integration_platform":"","integrations":[],"platform_category":[],"video_schema_markup":"","price":"od 0 USD \/ miesi\u0105c","trial":"","benefits":[{"text":"Bezp\u0142atna us\u0142uga monta\u017cu"},{"text":"Kompetentna obs\u0142uga klienta"},{"text":"14-dniowa gwarancja zwrotu pieni\u0119dzy"}],"button_url":"#demo","button_target_blank":"","button_nofollow":"","attributes":[{"name":"Instaluje"},{"name":"Czu\u0142y"},{"name":"Kompatybilne przegl\u0105darki"}],"tags":[],"tags_disable_links":"","hide_more_platforms":"","video_object":"","demo_hide_cta":"","demo_hide_cloud_options":"","pricing_title":"","pricing":[{"pricing_icon":"platform","pricing_title":"Elfsight Apps","pricing_title_caption":"Wersja wieloplatformowa, kt\u00f3ra pasuje do ka\u017cdej witryny","pricing_price":"od 0 USD \/ miesi\u0105c","pricing_price_caption":"zacznij od bezp\u0142atnego planu","pricing_benefits":[{"text":"Nieograniczona liczba domen"},{"text":"Wsparcie premium"},{"text":"Bezp\u0142atna pomoc w instalacji"},{"text":"Specjalna oferta na wiele aplikacji"}],"pricing_button_text":"Dodaj do witryny","pricing_button_url":"#demo"}],"related_apps_title":"","related_apps_hidden":"","author":"","image":[],"title":"","job":"","social_networks":[]},"_links":{"self":[{"href":"https:\/\/elfsight.com\/pl\/wp-json\/wp\/v2\/pages\/5862","targetHints":{"allow":["GET"]}}],"collection":[{"href":"https:\/\/elfsight.com\/pl\/wp-json\/wp\/v2\/pages"}],"about":[{"href":"https:\/\/elfsight.com\/pl\/wp-json\/wp\/v2\/types\/page"}],"author":[{"embeddable":true,"href":"https:\/\/elfsight.com\/pl\/wp-json\/wp\/v2\/users\/9"}],"replies":[{"embeddable":true,"href":"https:\/\/elfsight.com\/pl\/wp-json\/wp\/v2\/comments?post=5862"}],"version-history":[{"count":2,"href":"https:\/\/elfsight.com\/pl\/wp-json\/wp\/v2\/pages\/5862\/revisions"}],"predecessor-version":[{"id":7904,"href":"https:\/\/elfsight.com\/pl\/wp-json\/wp\/v2\/pages\/5862\/revisions\/7904"}],"up":[{"embeddable":true,"href":"https:\/\/elfsight.com\/pl\/wp-json\/wp\/v2\/pages\/2503"}],"wp:attachment":[{"href":"https:\/\/elfsight.com\/pl\/wp-json\/wp\/v2\/media?parent=5862"}],"curies":[{"name":"wp","href":"https:\/\/api.w.org\/{rel}","templated":true}]}}