{"id":5861,"date":"1970-01-01T00:00:00","date_gmt":"1970-01-01T00:00:00","guid":{"rendered":"https:\/\/elfsight.com\/pl\/?page_id=5861"},"modified":"2024-11-14T09:23:58","modified_gmt":"2024-11-14T09:23:58","slug":"webnode","status":"publish","type":"page","link":"https:\/\/elfsight.com\/pl\/photo-gallery-widget\/webnode\/","title":{"rendered":"Photo Gallery &#8211; Webnode"},"content":{"rendered":"<div class=\"application-platform-content-item-description application-platform-content-item\" id=\"description\" data-nav-section=\"description\"><h2>Opis<\/h2> <p>Galeria zdj\u0119\u0107 Elfsight to najlepszy spos\u00f3b na zaprezentowanie zdj\u0119\u0107 lub utworzenie wspania\u0142ej galerii na Twojej stronie internetowej. Wstaw dowoln\u0105 ilo\u015b\u0107 obraz\u00f3w, utw\u00f3rz podpisy i wybierz najlepszy spos\u00f3b umieszczenia ich na stronie. Nasz widget posiada sze\u015b\u0107 wariant\u00f3w uk\u0142adu i mn\u00f3stwo innych funkcji interfejsu. Ka\u017cde zdj\u0119cie mo\u017cna otworzy\u0107 w trybie wyskakuj\u0105cym, mo\u017cna je przegl\u0105da\u0107 lub w\u0142\u0105czy\u0107 pokaz slajd\u00f3w, skorzysta\u0107 z opcji powi\u0119kszenia i otworzy\u0107 zdj\u0119cia na pe\u0142nym ekranie. Mo\u017cesz pokolorowa\u0107 elementy wid\u017cetu i doda\u0107 w\u0142asne t\u0142o, zmieni\u0107 ustawienia tekstu i wi\u0119cej odmian stylu. <\/p> <p><b>Zaimponuj odwiedzaj\u0105cym witryn\u0119 kusz\u0105cymi galeriami zdj\u0119\u0107! <\/b><\/p> <\/div> <div class=\"application-platform-content-item-features application-platform-content-item\" id=\"features\" data-nav-section=\"features\"><h2>Funkcje<\/h2> <p>Tutaj mo\u017cesz zobaczy\u0107 wszystkie funkcje Galerii zdj\u0119\u0107 dla Webnode. Mo\u017cesz nimi zarz\u0105dza\u0107 bezpo\u015brednio w edytorze, a one pomog\u0105 Ci ukszta\u0142towa\u0107 wid\u017cet odpowiednio do Twoich potrzeb. <\/p> <ul> <li>Wykorzystaj przyciski CTA, aby poprowadzi\u0107 u\u017cytkownik\u00f3w do konwersji. <\/li> <li>Przyzwyczajaj czas prze\u0142\u0105czania slajd\u00f3w. <\/li> <li>Wybierz jedn\u0105 z wielu opcji paginacji. <\/li> <li>Umie\u015b\u0107 tekst w dowolnym miejscu strony, korzystaj\u0105c z pozycji zaawansowanej. <\/li> <li>Zmodyfikuj 5 funkcji tre\u015bci. <\/li> <\/ul> <p><a href=\"#demo\">Zobacz, jak dzia\u0142aj\u0105 wszystkie funkcje w naszej wersji demonstracyjnej<\/a><\/p> <\/div> <div class=\"application-platform-content-item-installation application-platform-content-item\" id=\"installation\" data-nav-section=\"installation\"> <h2>Jak zintegrowa\u0107 Galeri\u0119 zdj\u0119\u0107 z moj\u0105 witryn\u0105 Webnode? <\/h2> <p>Aby osadzi\u0107 wid\u017cet, post\u0119puj zgodnie z poni\u017cszymi instrukcjami. <\/p> <ol><li><b>Stw\u00f3rz swoj\u0105 unikaln\u0105 wtyczk\u0119 Galerii<\/b><br> W naszym bezp\u0142atnym demo wygeneruj wtyczk\u0119 z wybranym interfejsem i cechami funkcjonalnymi. <\/li> <li><b>Skopiuj indywidualny kod, aby skonfigurowa\u0107 wtyczk\u0119<\/b><br> Po dostosowaniu wid\u017cetu otrzymasz indywidualny kod z powiadomienia pojawiaj\u0105cego si\u0119 w aplikacjach Elfsight. Skopiuj to. <\/li> <li><b>Dodaj wtyczk\u0119 na swojej stronie Webnode<\/b><br> Znajd\u017a obszar, w kt\u00f3rym chcesz ods\u0142oni\u0107 wtyczk\u0119 i wstaw tam zapisany kod. Opublikuj zmiany. <\/li> <li><b>Integracja przebieg\u0142a pomy\u015blnie! <\/b><br> Odwied\u017a witryn\u0119, aby sprawdzi\u0107 swoj\u0105 wtyczk\u0119. <\/li> <\/ol> <p>Je\u015bli potrzebujesz pomocy lub masz pytania, mo\u017cesz skontaktowa\u0107 si\u0119 z dzia\u0142em pomocy technicznej Elfsight. Przy ka\u017cdej pro\u015bbie wyci\u0105gniemy pomocn\u0105 d\u0142o\u0144. <\/p> <div class=\"faq\" data-component=\"FAQ\"><div class=\"faq-item\">\r\n\t\t\t\t\t<div class=\"faq-item-question\">\r\n\t\t\t\t\t\t<h3 class=\"faq-item-question-text\">Jak doda\u0107 galeri\u0119 zdj\u0119\u0107 do mojej witryny Webnode bez do\u015bwiadczenia w kodowaniu?<\/h3>\r\n\r\n\t\t\t\t\t\t<div class=\"faq-item-question-icon\"><\/div>\r\n\t\t\t\t\t<\/div>\r\n\r\n\t\t\t\t\t<div class=\"faq-item-answer\">\r\n\t\t\t\t\t\t<div class=\"faq-item-answer-text\"> <p>Elfsight przedstawia rozwi\u0105zanie, kt\u00f3re umo\u017cliwia samodzielne zbudowanie wtyczki Galerii zdj\u0119\u0107, zobacz jakie to proste to jest: Przejd\u017a do wersji demonstracyjnej na \u017cywo, aby utworzy\u0107 sekcj\u0119 Galerii zdj\u0119\u0107, kt\u00f3r\u0105 chcesz zobaczy\u0107 na stronie internetowej Webnode. Wybierz jeden z naszych gotowych szablon\u00f3w i zmie\u0144 ustawienia Galerii zdj\u0119\u0107, zmie\u0144 uk\u0142ad i schematy kolor\u00f3w, w tym tre\u015b\u0107, bez umiej\u0119tno\u015bci kodowania. Zapisz Galeri\u0119 zdj\u0119\u0107 i uzyskaj kod instalacyjny, kt\u00f3ry mo\u017cesz po prostu wklei\u0107 na dowolnej stronie internetowej Webnode, korzystaj\u0105c z bezp\u0142atnego planu. Dzi\u0119ki naszemu prostemu edytorowi ka\u017cdy u\u017cytkownik sieci mo\u017ce utworzy\u0107 sekcj\u0119 Galerii zdj\u0119\u0107 i \u0142atwo osadzi\u0107 j\u0105 na swojej stronie internetowej Webnode. Aby m\u00f3c skorzysta\u0107 z us\u0142ugi, nie nale\u017cy wykupi\u0107 p\u0142atnej subskrypcji ani podawa\u0107 danych uwierzytelniaj\u0105cych karty. Je\u015bli na kt\u00f3rymkolwiek etapie napotkasz jakiekolwiek problemy, skontaktuj si\u0119 z nasz\u0105 techniczn\u0105 obs\u0142ug\u0105 klienta.<\/p> <\/div>\r\n\t\t\t\t\t<\/div>\r\n\t\t\t\t<\/div> <\/div><\/div>","protected":false},"excerpt":{"rendered":"","protected":false},"author":9,"featured_media":0,"parent":2503,"menu_order":0,"comment_status":"closed","ping_status":"closed","template":"templates\/template-application-platform.php","meta":{"publish_to_discourse":"","publish_post_category":"","wpdc_auto_publish_overridden":"","wpdc_topic_tags":"","wpdc_pin_topic":"","wpdc_pin_until":"","discourse_post_id":"","discourse_permalink":"","wpdc_publishing_response":"","wpdc_publishing_error":"","footnotes":""},"class_list":["post-5861","page","type-page","status-publish","hentry"],"yoast_head":"<!-- This site is optimized with the Yoast SEO plugin v25.3.1 - https:\/\/yoast.com\/wordpress\/plugins\/seo\/ -->\n<title>Galeria zdj\u0119\u0107 \u2014 Dodaj wid\u017cet Galerii zdj\u0119\u0107 do Webnode [2025]<\/title>\n<meta name=\"description\" content=\"Wypr\u00f3buj za darmo najlepsz\u0105 wtyczk\u0119 Photo Gallery dla Webnode. Prosty i szybki widget galerii integruj\u0105cy si\u0119 bez umiej\u0119tno\u015bci programowania.\" \/>\n<meta name=\"robots\" content=\"index, follow, max-snippet:-1, max-image-preview:large, max-video-preview:-1\" \/>\n<link rel=\"canonical\" href=\"https:\/\/elfsight.com\/pl\/photo-gallery-widget\/webnode\/\" \/>\n<meta property=\"og:locale\" content=\"pl_PL\" \/>\n<meta property=\"og:type\" content=\"article\" \/>\n<meta property=\"og:title\" content=\"Galeria zdj\u0119\u0107 \u2014 Dodaj wid\u017cet Galerii zdj\u0119\u0107 do Webnode [2025]\" \/>\n<meta property=\"og:description\" content=\"Wypr\u00f3buj za darmo najlepsz\u0105 wtyczk\u0119 Photo Gallery dla Webnode. Prosty i szybki widget galerii integruj\u0105cy si\u0119 bez umiej\u0119tno\u015bci programowania.\" \/>\n<meta property=\"og:url\" content=\"https:\/\/elfsight.com\/pl\/photo-gallery-widget\/webnode\/\" \/>\n<meta property=\"og:site_name\" content=\"Elfsight PL\" \/>\n<meta property=\"article:modified_time\" content=\"2024-11-14T09:23:58+00:00\" \/>\n<meta name=\"twitter:card\" content=\"summary_large_image\" \/>\n<meta name=\"twitter:label1\" content=\"Szacowany czas czytania\" \/>\n\t<meta name=\"twitter:data1\" content=\"3 minuty\" \/>\n<!-- \/ Yoast SEO plugin. -->","yoast_head_json":{"title":"Galeria zdj\u0119\u0107 \u2014 Dodaj wid\u017cet Galerii zdj\u0119\u0107 do Webnode [2025]","description":"Wypr\u00f3buj za darmo najlepsz\u0105 wtyczk\u0119 Photo Gallery dla Webnode. Prosty i szybki widget galerii integruj\u0105cy si\u0119 bez umiej\u0119tno\u015bci programowania.","robots":{"index":"index","follow":"follow","max-snippet":"max-snippet:-1","max-image-preview":"max-image-preview:large","max-video-preview":"max-video-preview:-1"},"canonical":"https:\/\/elfsight.com\/pl\/photo-gallery-widget\/webnode\/","og_locale":"pl_PL","og_type":"article","og_title":"Galeria zdj\u0119\u0107 \u2014 Dodaj wid\u017cet Galerii zdj\u0119\u0107 do Webnode [2025]","og_description":"Wypr\u00f3buj za darmo najlepsz\u0105 wtyczk\u0119 Photo Gallery dla Webnode. Prosty i szybki widget galerii integruj\u0105cy si\u0119 bez umiej\u0119tno\u015bci programowania.","og_url":"https:\/\/elfsight.com\/pl\/photo-gallery-widget\/webnode\/","og_site_name":"Elfsight PL","article_modified_time":"2024-11-14T09:23:58+00:00","twitter_card":"summary_large_image","twitter_misc":{"Szacowany czas czytania":"3 minuty"},"schema":{"@context":"https:\/\/schema.org","@graph":[{"@type":"WebPage","@id":"https:\/\/elfsight.com\/pl\/photo-gallery-widget\/webnode\/","url":"https:\/\/elfsight.com\/pl\/photo-gallery-widget\/webnode\/","name":"Galeria zdj\u0119\u0107 \u2014 Dodaj wid\u017cet Galerii zdj\u0119\u0107 do Webnode [2025]","isPartOf":{"@id":"https:\/\/elfsight.com\/pl\/#website"},"datePublished":"1970-01-01T00:00:00+00:00","dateModified":"2024-11-14T09:23:58+00:00","description":"Wypr\u00f3buj za darmo najlepsz\u0105 wtyczk\u0119 Photo Gallery dla Webnode. Prosty i szybki widget galerii integruj\u0105cy si\u0119 bez umiej\u0119tno\u015bci programowania.","breadcrumb":{"@id":"https:\/\/elfsight.com\/pl\/photo-gallery-widget\/webnode\/#breadcrumb"},"inLanguage":"pl-PL","potentialAction":[{"@type":"ReadAction","target":["https:\/\/elfsight.com\/pl\/photo-gallery-widget\/webnode\/"]}]},{"@type":"BreadcrumbList","@id":"https:\/\/elfsight.com\/pl\/photo-gallery-widget\/webnode\/#breadcrumb","itemListElement":[{"@type":"ListItem","position":1,"name":"Home","item":"https:\/\/elfsight.com\/pl\/"},{"@type":"ListItem","position":2,"name":"Photo Gallery","item":"https:\/\/elfsight.com\/pl\/photo-gallery-widget\/"},{"@type":"ListItem","position":3,"name":"Photo Gallery &#8211; Webnode"}]},{"@type":"WebSite","@id":"https:\/\/elfsight.com\/pl\/#website","url":"https:\/\/elfsight.com\/pl\/","name":"Elfsight PL","description":"Just another Elfsight Sites site","potentialAction":[{"@type":"SearchAction","target":{"@type":"EntryPoint","urlTemplate":"https:\/\/elfsight.com\/pl\/?s={search_term_string}"},"query-input":{"@type":"PropertyValueSpecification","valueRequired":true,"valueName":"search_term_string"}}],"inLanguage":"pl-PL"}]}},"meta_box":{"industry":"","seo_heading":"","heading":"","description":"","cta_heading":"","cta_description":"","application":"2502","h1":"Wid\u017cet Galerii zdj\u0119\u0107 Webnode","h1_caption":"Zaprezentuj swoje obrazy w interaktywnej, konfigurowalnej galerii, kt\u00f3ra bez wysi\u0142ku poprawi atrakcyjno\u015b\u0107 wizualn\u0105 Twojej witryny w witrynie Webnode.","application_category":[],"applications_title":"","applications_request_title":"","applications_request_button_text":"","hero_text":"","hero_video":"","hero_video_schema_markup":"","selling_points_title":"","selling_points_caption":"","selling_points":[],"selling_points_cta_text":"","features_title":"","features":"","ed_cta_examples_text":"","ed_cta_examples_hidden":"","ed_cta_demo_text":"","ed_cta_demo_hidden":"","why_caption":"","why_editor_title":"","why_editor_text":"","why_team_title":"","why_team_text":"","why_service_title":"","why_service_text":"","template_catalog_visible":"","template_catalog_title":"","template_catalog_text":"","template_catalog_categories_visible":"","demo_title":"Utw\u00f3rz wid\u017cet Galerii zdj\u0119\u0107","demo_caption":"Skonfiguruj swoj\u0105 galeri\u0119 zdj\u0119\u0107 i dodaj j\u0105 do swojej witryny Webnode za darmo!","default_faq_hidden":"","app_template_category":[],"platform":"138","template_public_id":"","codecanyon_url":"","codecanyon_item_id":"","codecanyon_price":"","pricing_caption":"","pricing_elfsight_apps_hide_column":"","pricing_elfsight_apps_url":"","pricing_codecanyon_price_caption":"","integration_category":[],"integration_request_title":"","integration_request_cta":"","integration_platform":"","integrations":[],"platform_category":[],"video_schema_markup":"","price":"od 0 USD \/ miesi\u0105c","trial":"","benefits":[{"text":"Bezp\u0142atna pomoc w monta\u017cu"},{"text":"Wsparcie premium"},{"text":"14-dniowa gwarancja zwrotu pieni\u0119dzy"}],"button_url":"#demo","button_target_blank":"","button_nofollow":"","attributes":[{"name":"Instaluje"},{"name":"Czu\u0142y"},{"name":"Kompatybilne przegl\u0105darki"}],"tags":[],"tags_disable_links":"","hide_more_platforms":"","video_object":"","demo_hide_cta":"","demo_hide_cloud_options":"","pricing_title":"","pricing":[{"pricing_icon":"platform","pricing_title":"Elfsight Apps","pricing_title_caption":"Wersja niezale\u017cna od platformy","pricing_price":"od 0 USD \/ miesi\u0105c","pricing_price_caption":"zacznij od bezp\u0142atnego planu","pricing_benefits":[{"text":"Nielimitowane strony internetowe"},{"text":"Wsparcie premium i na czas"},{"text":"Bezp\u0142atna us\u0142uga monta\u017cu"},{"text":"Cena do z\u0142apania dla wielu aplikacji"}],"pricing_button_text":"Dodaj do witryny","pricing_button_url":"#demo"}],"related_apps_title":"","related_apps_hidden":"","author":"","image":[],"title":"","job":"","social_networks":[]},"_links":{"self":[{"href":"https:\/\/elfsight.com\/pl\/wp-json\/wp\/v2\/pages\/5861","targetHints":{"allow":["GET"]}}],"collection":[{"href":"https:\/\/elfsight.com\/pl\/wp-json\/wp\/v2\/pages"}],"about":[{"href":"https:\/\/elfsight.com\/pl\/wp-json\/wp\/v2\/types\/page"}],"author":[{"embeddable":true,"href":"https:\/\/elfsight.com\/pl\/wp-json\/wp\/v2\/users\/9"}],"replies":[{"embeddable":true,"href":"https:\/\/elfsight.com\/pl\/wp-json\/wp\/v2\/comments?post=5861"}],"version-history":[{"count":1,"href":"https:\/\/elfsight.com\/pl\/wp-json\/wp\/v2\/pages\/5861\/revisions"}],"predecessor-version":[{"id":5865,"href":"https:\/\/elfsight.com\/pl\/wp-json\/wp\/v2\/pages\/5861\/revisions\/5865"}],"up":[{"embeddable":true,"href":"https:\/\/elfsight.com\/pl\/wp-json\/wp\/v2\/pages\/2503"}],"wp:attachment":[{"href":"https:\/\/elfsight.com\/pl\/wp-json\/wp\/v2\/media?parent=5861"}],"curies":[{"name":"wp","href":"https:\/\/api.w.org\/{rel}","templated":true}]}}