{"id":5855,"date":"1970-01-01T00:00:00","date_gmt":"1970-01-01T00:00:00","guid":{"rendered":"https:\/\/elfsight.com\/pl\/?page_id=5855"},"modified":"2024-11-14T09:23:58","modified_gmt":"2024-11-14T09:23:58","slug":"wix","status":"publish","type":"page","link":"https:\/\/elfsight.com\/pl\/photo-gallery-widget\/wix\/","title":{"rendered":"Photo Gallery &#8211; Wix"},"content":{"rendered":"<div class=\"application-platform-content-item-description application-platform-content-item\" id=\"description\" data-nav-section=\"description\"><h2>Opis<\/h2> <p>Galeria Elfsight to najszybszy spos\u00f3b na uporz\u0105dkowanie materia\u0142\u00f3w wizualnych lub zaprojektowanie wspania\u0142ych album\u00f3w w Twojej witrynie. Wstaw dowoln\u0105 liczb\u0119 zdj\u0119\u0107, napisz komentarz i znajd\u017a najlepszy spos\u00f3b umieszczenia ich na stronie. Ten widget oferuje 6 uk\u0142ad\u00f3w i wiele innych opcji interfejsu. Ka\u017cde zdj\u0119cie mo\u017cna otworzy\u0107 w trybie wyskakuj\u0105cym, u\u017cytkownicy mog\u0105 je przegl\u0105da\u0107 lub zobaczy\u0107 pokaz slajd\u00f3w, skorzysta\u0107 z opcji powi\u0119kszenia i zobaczy\u0107 zdj\u0119cia na pe\u0142nym ekranie. Masz mo\u017cliwo\u015b\u0107 pokolorowania interfejsu wid\u017cetu i przes\u0142ania unikalnego t\u0142a, zastosowania ustawie\u0144 tekstu i innych odmian stylu. <\/p> <p><b>Stw\u00f3rz kolekcj\u0119 zdj\u0119\u0107, kt\u00f3rej nie mo\u017cna przegapi\u0107! <\/b><\/p> <div class=\"faq\" data-component=\"FAQ\"> <div class=\"faq-item\">\r\n\t\t\t\t\t<div class=\"faq-item-question\">\r\n\t\t\t\t\t\t<h3 class=\"faq-item-question-text\">Jakie inne narz\u0119dzia dla Wix masz do zaoferowania? <\/h3>\r\n\r\n\t\t\t\t\t\t<div class=\"faq-item-question-icon\"><\/div>\r\n\t\t\t\t\t<\/div>\r\n\r\n\t\t\t\t\t<div class=\"faq-item-answer\">\r\n\t\t\t\t\t\t<div class=\"faq-item-answer-text\"> <p>Mo\u017cemy zaoferowa\u0107 Ci wiele r\u00f3\u017cnych narz\u0119dzi, dzi\u0119ki kt\u00f3rym mo\u017cesz osi\u0105gn\u0105\u0107 dowolny cel na swojej stronie internetowej . Na przyk\u0142ad mo\u017cesz na pocz\u0105tku u\u017cywa\u0107 tych wid\u017cet\u00f3w: <a href=\"https:\/\/elfsight.com\/pdf-embed-widget\/wix\/\">Osadzanie PDF<\/a>, <a href=\"https:\/ \/elfsight.com\/instagram-feed-instashow\/wix\/\">Kana\u0142 na Instagramie<\/a>, <a href=\"https:\/\/elfsight.com\/google-reviews-widget\/wix\/\">Opinie Google<\/a>, <a href=\"https:\/\/elfsight.com\/whatsapp-chat-widget\/wix\/\">Czat WhatsApp<\/a>, <a href=\"https:\/\/elfsight.com\/popup-widget\/wix \/\">Wyskakuj\u0105ce okienko<\/a>.<\/p> <\/div>\r\n\t\t\t\t\t<\/div>\r\n\t\t\t\t<\/div> <div class=\"faq-item\">\r\n\t\t\t\t\t<div class=\"faq-item-question\">\r\n\t\t\t\t\t\t<h3 class=\"faq-item-question-text\">W jaki spos\u00f3b mog\u0119 osadzi\u0107 wid\u017cet Galerii zdj\u0119\u0107 na mojej stronie Wix <\/h3>\r\n\r\n\t\t\t\t\t\t<div class=\"faq-item-question-icon\"><\/div>\r\n\t\t\t\t\t<\/div>\r\n\r\n\t\t\t\t\t<div class=\"faq-item-answer\">\r\n\t\t\t\t\t\t<div class=\"faq-item-answer-text\"> <p>Mo\u017cesz doda\u0107 do niego responsywny wid\u017cet Galerii zdj\u0119\u0107 \u0142atwo uruchomi\u0107 swoj\u0105 witryn\u0119 Wix, aby natychmiast rozpocz\u0105\u0107 wy\u015bwietlanie responsywnej galerii z obrazami i obrazkami na Twojej stronie g\u0142\u00f3wnej. Po prostu otw\u00f3rz darmowy konfigurator wycieczki i wykonaj nast\u0119puj\u0105ce czynno\u015bci na swojej stronie Wix: <\/p><ol><li>Przejd\u017a do ustawie\u0144 motywu. <\/li><li>Wybierz element, na kt\u00f3rym chcesz zaimplementowa\u0107 Galeri\u0119 zdj\u0119\u0107. <\/li><li>Wklej kod z us\u0142ugi Elfsight Apps i zastosuj zmiany. <\/li><li>Sko\u0144czy\u0142e\u015b. <\/li><\/ol><p>I <a href=\"https:\/\/elfsight.com\/tutorials\/how-to-add-photo-gallery-to-website\/#how-to-add-gallery- to-wix\">tutaj<\/a> mo\u017cesz tak\u017ce zapozna\u0107 si\u0119 z pe\u0142n\u0105 instrukcj\u0105 instalacji dla ka\u017cdej popularnej platformy.<\/p><\/div>\r\n\t\t\t\t\t<\/div>\r\n\t\t\t\t<\/div> <div class=\"faq-item\">\r\n\t\t\t\t\t<div class=\"faq-item-question\">\r\n\t\t\t\t\t\t<h3 class=\"faq-item-question-text\">Czy istnieje spos\u00f3b, aby zobaczy\u0107 wid\u017cet Galerii Zdj\u0119\u0107 Wix w akcji? <\/h3>\r\n\r\n\t\t\t\t\t\t<div class=\"faq-item-question-icon\"><\/div>\r\n\t\t\t\t\t<\/div>\r\n\r\n\t\t\t\t\t<div class=\"faq-item-answer\">\r\n\t\t\t\t\t\t<div class=\"faq-item-answer-text\"><p>Tak, stworzyli\u015bmy nasze aktywne <a href=\"https:\/\/elfsight.com\/photo-gallery-widget\/#demo\">demo<\/a>, aby\u015b m\u00f3g\u0142 to zrobi\u0107 w dowolnym momencie chcie\u0107. Mo\u017cesz tak\u017ce u\u017cy\u0107 wersji demonstracyjnej, aby doda\u0107 wid\u017cet Galerii zdj\u0119\u0107 do swojej witryny Wix.<\/p> <\/div>\r\n\t\t\t\t\t<\/div>\r\n\t\t\t\t<\/div> <\/div><\/div> <div class=\"application-platform-content-item-features application-platform-content-item\" id=\"features\" data-nav-section=\"features\"><h2>Funkcje<\/h2> <p>Oto lista wszystkich cech funkcjonalnych Galerii Zdj\u0119\u0107 dla Wix. Mo\u017cesz je dostosowa\u0107 bezpo\u015brednio w edytorze, a one pomog\u0105 Ci ukszta\u0142towa\u0107 wid\u017cet najbardziej odpowiedni dla Twojego przypadku. <\/p> <ul> <li>Wykorzystaj wezwania do dzia\u0142ania, aby poprowadzi\u0107 odbiorc\u00f3w do konwersji. <\/li> <li>Dostosuj czas trwania zmiany slajdu. <\/li> <li>Wybierz jedn\u0105 z wielu funkcji paginacji. <\/li> <li>Umie\u015b\u0107 tekst w dowolnym miejscu strony za pomoc\u0105 pozycji zaawansowanej. <\/li> <li>Dostosuj 5 opcji tre\u015bci. <\/li> <\/ul> <p><a href=\"#demo\">Mo\u017cesz przetestowa\u0107 wszystkie funkcje wid\u017cetu bezpo\u015brednio w wersji demonstracyjnej<\/a><\/p> <\/div> <div class=\"application-platform-content-item-installation application-platform-content-item\" id=\"installation\" data-nav-section=\"installation\"> <h2>Jak doda\u0107 galeri\u0119 zdj\u0119\u0107 do witryny Wix?<\/h2> <div class=\"video-container\"><iframe width=\"720\" height=\"405\" src=\"https:\/\/www.youtube.com\/embed\/SQ-3sdfQ6KU\" frameborder=\"0\" allowfullscreen=\"\"><\/iframe><\/div><p>Aby doda\u0107 aplikacj\u0119, wykonaj te kr\u00f3tkie kroki. <\/p> <ol><li><b>Wygeneruj niestandardow\u0105 aplikacj\u0119 Galeria<\/b><br> Korzystaj\u0105c z naszej bezp\u0142atnej wersji demonstracyjnej, uzyskaj wid\u017cet o preferowanym wygl\u0105dzie i funkcjach. <\/li> <li><b>Zdob\u0105d\u017a osobisty kod, aby zainstalowa\u0107 aplikacj\u0119<\/b><br> Po skonfigurowaniu wid\u017cetu otrzymasz kod instalacyjny z powiadomienia, kt\u00f3re pojawi si\u0119 w aplikacji Elfsight. Skopiuj ten kod. <\/li> <li><b>Opublikuj aplikacj\u0119 na swojej stronie Wix<\/b><br> Wybierz miejsce, w kt\u00f3rym chcesz wy\u015bwietli\u0107 wid\u017cet i wklej tam zapisany kod. Opublikuj wyniki. <\/li> <li><b>Instalacja przebieg\u0142a pomy\u015blnie.<\/b><br> Wejd\u017a na swoj\u0105 stron\u0119 internetow\u0105, aby zobaczy\u0107 swoj\u0105 aplikacj\u0119. <\/li> <\/ol> <p>Je\u015bli potrzebujesz pomocy lub chcesz o co\u015b zapyta\u0107, mo\u017cesz skontaktowa\u0107 si\u0119 z naszym dzia\u0142em obs\u0142ugi klienta. Przy ka\u017cdym zapytaniu pomo\u017cemy. <\/p> <\/div>","protected":false},"excerpt":{"rendered":"","protected":false},"author":9,"featured_media":0,"parent":2503,"menu_order":0,"comment_status":"closed","ping_status":"closed","template":"templates\/template-application-platform.php","meta":{"publish_to_discourse":"","publish_post_category":"","wpdc_auto_publish_overridden":"","wpdc_topic_tags":"","wpdc_pin_topic":"","wpdc_pin_until":"","discourse_post_id":"","discourse_permalink":"","wpdc_publishing_response":"","wpdc_publishing_error":"","footnotes":""},"class_list":["post-5855","page","type-page","status-publish","hentry"],"yoast_head":"<!-- This site is optimized with the Yoast SEO plugin v25.3.1 - https:\/\/yoast.com\/wordpress\/plugins\/seo\/ -->\n<title>Najlepszy wid\u017cet Galerii Zdj\u0119\u0107 dla witryny Wix (bezp\u0142atny i bez kodowania)<\/title>\n<meta name=\"description\" content=\"Dodaj responsywn\u0105 wtyczk\u0119 Galerii Zdj\u0119\u0107 na swojej stronie Wix i zdob\u0105d\u017a pe\u0142ne zaufanie. Wykorzystaj \u0142atw\u0105 w u\u017cyciu wersj\u0119 demonstracyjn\u0105 Elfsight, aby zbudowa\u0107 sw\u00f3j niepowtarzalny.\" \/>\n<meta name=\"robots\" content=\"index, follow, max-snippet:-1, max-image-preview:large, max-video-preview:-1\" \/>\n<link rel=\"canonical\" href=\"https:\/\/elfsight.com\/pl\/photo-gallery-widget\/wix\/\" \/>\n<meta property=\"og:locale\" content=\"pl_PL\" \/>\n<meta property=\"og:type\" content=\"article\" \/>\n<meta property=\"og:title\" content=\"Najlepszy wid\u017cet Galerii Zdj\u0119\u0107 dla witryny Wix (bezp\u0142atny i bez kodowania)\" \/>\n<meta property=\"og:description\" content=\"Dodaj responsywn\u0105 wtyczk\u0119 Galerii Zdj\u0119\u0107 na swojej stronie Wix i zdob\u0105d\u017a pe\u0142ne zaufanie. Wykorzystaj \u0142atw\u0105 w u\u017cyciu wersj\u0119 demonstracyjn\u0105 Elfsight, aby zbudowa\u0107 sw\u00f3j niepowtarzalny.\" \/>\n<meta property=\"og:url\" content=\"https:\/\/elfsight.com\/pl\/photo-gallery-widget\/wix\/\" \/>\n<meta property=\"og:site_name\" content=\"Elfsight PL\" \/>\n<meta property=\"article:modified_time\" content=\"2024-11-14T09:23:58+00:00\" \/>\n<meta name=\"twitter:card\" content=\"summary_large_image\" \/>\n<meta name=\"twitter:label1\" content=\"Szacowany czas czytania\" \/>\n\t<meta name=\"twitter:data1\" content=\"3 minuty\" \/>\n<!-- \/ Yoast SEO plugin. -->","yoast_head_json":{"title":"Najlepszy wid\u017cet Galerii Zdj\u0119\u0107 dla witryny Wix (bezp\u0142atny i bez kodowania)","description":"Dodaj responsywn\u0105 wtyczk\u0119 Galerii Zdj\u0119\u0107 na swojej stronie Wix i zdob\u0105d\u017a pe\u0142ne zaufanie. Wykorzystaj \u0142atw\u0105 w u\u017cyciu wersj\u0119 demonstracyjn\u0105 Elfsight, aby zbudowa\u0107 sw\u00f3j niepowtarzalny.","robots":{"index":"index","follow":"follow","max-snippet":"max-snippet:-1","max-image-preview":"max-image-preview:large","max-video-preview":"max-video-preview:-1"},"canonical":"https:\/\/elfsight.com\/pl\/photo-gallery-widget\/wix\/","og_locale":"pl_PL","og_type":"article","og_title":"Najlepszy wid\u017cet Galerii Zdj\u0119\u0107 dla witryny Wix (bezp\u0142atny i bez kodowania)","og_description":"Dodaj responsywn\u0105 wtyczk\u0119 Galerii Zdj\u0119\u0107 na swojej stronie Wix i zdob\u0105d\u017a pe\u0142ne zaufanie. Wykorzystaj \u0142atw\u0105 w u\u017cyciu wersj\u0119 demonstracyjn\u0105 Elfsight, aby zbudowa\u0107 sw\u00f3j niepowtarzalny.","og_url":"https:\/\/elfsight.com\/pl\/photo-gallery-widget\/wix\/","og_site_name":"Elfsight PL","article_modified_time":"2024-11-14T09:23:58+00:00","twitter_card":"summary_large_image","twitter_misc":{"Szacowany czas czytania":"3 minuty"},"schema":{"@context":"https:\/\/schema.org","@graph":[{"@type":"WebPage","@id":"https:\/\/elfsight.com\/pl\/photo-gallery-widget\/wix\/","url":"https:\/\/elfsight.com\/pl\/photo-gallery-widget\/wix\/","name":"Najlepszy wid\u017cet Galerii Zdj\u0119\u0107 dla witryny Wix (bezp\u0142atny i bez kodowania)","isPartOf":{"@id":"https:\/\/elfsight.com\/pl\/#website"},"datePublished":"1970-01-01T00:00:00+00:00","dateModified":"2024-11-14T09:23:58+00:00","description":"Dodaj responsywn\u0105 wtyczk\u0119 Galerii Zdj\u0119\u0107 na swojej stronie Wix i zdob\u0105d\u017a pe\u0142ne zaufanie. Wykorzystaj \u0142atw\u0105 w u\u017cyciu wersj\u0119 demonstracyjn\u0105 Elfsight, aby zbudowa\u0107 sw\u00f3j niepowtarzalny.","breadcrumb":{"@id":"https:\/\/elfsight.com\/pl\/photo-gallery-widget\/wix\/#breadcrumb"},"inLanguage":"pl-PL","potentialAction":[{"@type":"ReadAction","target":["https:\/\/elfsight.com\/pl\/photo-gallery-widget\/wix\/"]}]},{"@type":"BreadcrumbList","@id":"https:\/\/elfsight.com\/pl\/photo-gallery-widget\/wix\/#breadcrumb","itemListElement":[{"@type":"ListItem","position":1,"name":"Home","item":"https:\/\/elfsight.com\/pl\/"},{"@type":"ListItem","position":2,"name":"Photo Gallery","item":"https:\/\/elfsight.com\/pl\/photo-gallery-widget\/"},{"@type":"ListItem","position":3,"name":"Photo Gallery &#8211; Wix"}]},{"@type":"WebSite","@id":"https:\/\/elfsight.com\/pl\/#website","url":"https:\/\/elfsight.com\/pl\/","name":"Elfsight PL","description":"Just another Elfsight Sites site","potentialAction":[{"@type":"SearchAction","target":{"@type":"EntryPoint","urlTemplate":"https:\/\/elfsight.com\/pl\/?s={search_term_string}"},"query-input":{"@type":"PropertyValueSpecification","valueRequired":true,"valueName":"search_term_string"}}],"inLanguage":"pl-PL"}]}},"meta_box":{"industry":"","seo_heading":"","heading":"","description":"","cta_heading":"","cta_description":"","application":"2502","h1":"Aplikacja Galeria Zdj\u0119\u0107 Wix","h1_caption":"Zaprezentuj swoje obrazy w interaktywnej, konfigurowalnej galerii, kt\u00f3ra bez wysi\u0142ku poprawi atrakcyjno\u015b\u0107 wizualn\u0105 Twojej witryny w witrynie Wix.","application_category":[],"applications_title":"","applications_request_title":"","applications_request_button_text":"","hero_text":"","hero_video":"","hero_video_schema_markup":"","selling_points_title":"","selling_points_caption":"","selling_points":[],"selling_points_cta_text":"","features_title":"","features":"","ed_cta_examples_text":"","ed_cta_examples_hidden":"","ed_cta_demo_text":"","ed_cta_demo_hidden":"","why_caption":"","why_editor_title":"","why_editor_text":"","why_team_title":"","why_team_text":"","why_service_title":"","why_service_text":"","template_catalog_visible":"","template_catalog_title":"","template_catalog_text":"","template_catalog_categories_visible":"","demo_title":"Utw\u00f3rz aplikacj\u0119 Galeria zdj\u0119\u0107","demo_caption":"Skonfiguruj swoj\u0105 galeri\u0119 zdj\u0119\u0107 i dodaj j\u0105 do swojej witryny Wix za darmo!","default_faq_hidden":"","app_template_category":[],"platform":"30","template_public_id":"","codecanyon_url":"","codecanyon_item_id":"","codecanyon_price":"","pricing_caption":"","pricing_elfsight_apps_hide_column":"","pricing_elfsight_apps_url":"","pricing_codecanyon_price_caption":"","integration_category":[],"integration_request_title":"","integration_request_cta":"","integration_platform":"","integrations":[],"platform_category":[],"video_schema_markup":"","price":"od 0 USD \/ miesi\u0105c","trial":"","benefits":[{"text":"Bezp\u0142atna pomoc w instalacji"},{"text":"Kompetentna obs\u0142uga klienta"},{"text":"14-dniowa gwarancja zwrotu pieni\u0119dzy"}],"button_url":"#demo","button_target_blank":"","button_nofollow":"","attributes":[{"name":"Instaluje"},{"name":"Czu\u0142y"},{"name":"Kompatybilne przegl\u0105darki"}],"tags":[],"tags_disable_links":"","hide_more_platforms":"","video_object":"","demo_hide_cta":"","demo_hide_cloud_options":"","pricing_title":"","pricing":[{"pricing_icon":"platform","pricing_title":"Elfsight Apps","pricing_title_caption":"Oprogramowanie wieloplatformowe, kt\u00f3re pasuje do ka\u017cdej witryny internetowej","pricing_price":"od 0 USD \/ miesi\u0105c","pricing_price_caption":"zacznij od bezp\u0142atnego planu","pricing_benefits":[{"text":"Nielimitowane strony internetowe"},{"text":"Bezp\u0142atne i terminowe wsparcie"},{"text":"Bezp\u0142atna pomoc w monta\u017cu"},{"text":"Specjalna oferta na wiele aplikacji"}],"pricing_button_text":"Dodaj do witryny","pricing_button_url":"#demo"}],"related_apps_title":"","related_apps_hidden":"","author":"","image":[],"title":"","job":"","social_networks":[]},"_links":{"self":[{"href":"https:\/\/elfsight.com\/pl\/wp-json\/wp\/v2\/pages\/5855","targetHints":{"allow":["GET"]}}],"collection":[{"href":"https:\/\/elfsight.com\/pl\/wp-json\/wp\/v2\/pages"}],"about":[{"href":"https:\/\/elfsight.com\/pl\/wp-json\/wp\/v2\/types\/page"}],"author":[{"embeddable":true,"href":"https:\/\/elfsight.com\/pl\/wp-json\/wp\/v2\/users\/9"}],"replies":[{"embeddable":true,"href":"https:\/\/elfsight.com\/pl\/wp-json\/wp\/v2\/comments?post=5855"}],"version-history":[{"count":2,"href":"https:\/\/elfsight.com\/pl\/wp-json\/wp\/v2\/pages\/5855\/revisions"}],"predecessor-version":[{"id":7902,"href":"https:\/\/elfsight.com\/pl\/wp-json\/wp\/v2\/pages\/5855\/revisions\/7902"}],"up":[{"embeddable":true,"href":"https:\/\/elfsight.com\/pl\/wp-json\/wp\/v2\/pages\/2503"}],"wp:attachment":[{"href":"https:\/\/elfsight.com\/pl\/wp-json\/wp\/v2\/media?parent=5855"}],"curies":[{"name":"wp","href":"https:\/\/api.w.org\/{rel}","templated":true}]}}