{"id":5854,"date":"1970-01-01T00:00:00","date_gmt":"1970-01-01T00:00:00","guid":{"rendered":"https:\/\/elfsight.com\/pl\/?page_id=5854"},"modified":"2026-01-15T11:40:59","modified_gmt":"2026-01-15T11:40:59","slug":"wordpress","status":"publish","type":"page","link":"https:\/\/elfsight.com\/pl\/photo-gallery-widget\/wordpress\/","title":{"rendered":"Photo Gallery &#8211; WordPress"},"content":{"rendered":"<div class=\"application-platform-content-item-description application-platform-content-item\" id=\"description\" data-nav-section=\"description\"><h2>Osad\u017a galeri\u0119 zdj\u0119\u0107 w WordPress za pomoc\u0105 wid\u017cetu Elfsight<\/h2> <p>Galeria Elfsight to naj\u0142atwiejszy spos\u00f3b konfigurowania zdj\u0119\u0107 lub tworzenia atrakcyjne albumy na Twojej stronie internetowej. U\u017cyj dowolnej liczby obraz\u00f3w, poka\u017c komentarze i wybierz najlepszy spos\u00f3b ich umieszczenia na stronie. Ta wtyczka ma sze\u015b\u0107 opcji uk\u0142adu i kilka dodatkowych funkcji projektowych. Ka\u017cdy obraz otwiera si\u0119 w wyskakuj\u0105cym okienku, odwiedzaj\u0105cy mog\u0105 nawigowa\u0107 po nich lub ogl\u0105da\u0107 pokaz slajd\u00f3w, korzysta\u0107 z opcji powi\u0119kszania i cieszy\u0107 si\u0119 zdj\u0119ciami na pe\u0142nym ekranie. Mo\u017cesz wybra\u0107 swoje ulubione kolory element\u00f3w wid\u017cetu i doda\u0107 unikalne t\u0142o, skorzysta\u0107 z opcji tekstowych i uzyska\u0107 wi\u0119cej mo\u017cliwo\u015bci stylistycznych. <\/p> <p><b>Zadziw odwiedzaj\u0105cych wspania\u0142ymi galeriami zdj\u0119\u0107! <\/b><\/p><div class=\"faq\" data-component=\"FAQ\"> <div class=\"faq-item\">\r\n\t\t\t\t\t<div class=\"faq-item-question\">\r\n\t\t\t\t\t\t<h3 class=\"faq-item-question-text\">Czy s\u0105 jakie\u015b inne narz\u0119dzia dla WordPressa, kt\u00f3re mog\u0119 zintegrowa\u0107 z moj\u0105 witryn\u0105? <\/h3>\r\n\r\n\t\t\t\t\t\t<div class=\"faq-item-question-icon\"><\/div>\r\n\t\t\t\t\t<\/div>\r\n\r\n\t\t\t\t\t<div class=\"faq-item-answer\">\r\n\t\t\t\t\t\t<div class=\"faq-item-answer-text\"> <p>Mamy do zaoferowania szereg wid\u017cet\u00f3w, dzi\u0119ki kt\u00f3rym mo\u017cesz osi\u0105gn\u0105\u0107 dowolny rodzaj zadania w Twojej witrynie. Zalecamy rozwa\u017cenie nast\u0119puj\u0105cych wtyczek: <a href=\"https:\/\/elfsight.com\/whatsapp-chat-widget\/wordpress\/\">WhatsApp Chat<\/a>, <a href=\"https:\/\/elfsight. com\/facebook-chat-widget\/wordpress\/\">Czat na Facebooku<\/a>, <a href=\"https:\/\/elfsight.com\/google-reviews-widget\/wordpress\/\">Opinie Google<\/a>, <a href=\"https:\/\/elfsight.com\/testimonials-slider-widget\/wordpress\/\">Suwak opinii<\/a>, <a href=\"https:\/\/elfsight.com\/youtube-channel-plugin-yottie\/ wordpress\/\">Galeria YouTube<\/a>.<\/p> <\/div>\r\n\t\t\t\t\t<\/div>\r\n\t\t\t\t<\/div> <div class=\"faq-item\">\r\n\t\t\t\t\t<div class=\"faq-item-question\">\r\n\t\t\t\t\t\t<h3 class=\"faq-item-question-text\">Jak doda\u0107 wtyczk\u0119 Galerii zdj\u0119\u0107 do mojej witryny WordPress? <\/h3>\r\n\r\n\t\t\t\t\t\t<div class=\"faq-item-question-icon\"><\/div>\r\n\t\t\t\t\t<\/div>\r\n\r\n\t\t\t\t\t<div class=\"faq-item-answer\">\r\n\t\t\t\t\t\t<div class=\"faq-item-answer-text\"> <p>Mo\u017cesz osadzi\u0107 wtyczk\u0119 Galerii zdj\u0119\u0107 w z \u0142atwo\u015bci\u0105 tw\u00f3rz witryn\u0119 WordPress i zacznij prezentowa\u0107 odbiorcom atrakcyjne i profesjonalne zdj\u0119cia za po\u015brednictwem responsywnej galerii. Aby osadzi\u0107 wtyczk\u0119 na swojej witrynie Squarespace, po prostu otw\u00f3rz nasz darmowy konfigurator i wykonaj nast\u0119puj\u0105ce czynno\u015bci: <\/p><ol><li>Wybierz ustawienia motywu. <\/li><li>Wybierz cz\u0119\u015b\u0107, w kt\u00f3rej chcesz zintegrowa\u0107 Galeri\u0119 zdj\u0119\u0107. <\/li><li>Dodaj sw\u00f3j kod z us\u0142ugi Elfsight Apps i zastosuj zmiany. <\/li><li>Sko\u0144czy\u0142e\u015b. <\/li><\/ol><p>Mo\u017cesz tak\u017ce zapozna\u0107 si\u0119 z naszym kompletnym przewodnikiem na temat dodawania wtyczki Galeria zdj\u0119\u0107 do swojej witryny internetowej. Znajdziesz j\u0105 <a href=\"https:\/\/elfsight.com\/tutorials\/how-to-add-photo-gallery-to-website\/#how-to-add-gallery-to-wordpress\">Galeria YouTube<\/a>.<\/p><\/div>\r\n\t\t\t\t\t<\/div>\r\n\t\t\t\t<\/div> <div class=\"faq-item\">\r\n\t\t\t\t\t<div class=\"faq-item-question\">\r\n\t\t\t\t\t\t<h3 class=\"faq-item-question-text\">Czy istnieje spos\u00f3b na przetestowanie dzia\u0142ania wtyczki Galeria zdj\u0119\u0107 WordPress? <\/h3>\r\n\r\n\t\t\t\t\t\t<div class=\"faq-item-question-icon\"><\/div>\r\n\t\t\t\t\t<\/div>\r\n\r\n\t\t\t\t\t<div class=\"faq-item-answer\">\r\n\t\t\t\t\t\t<div class=\"faq-item-answer-text\"> <p>Pewnie! Mo\u017cesz to zrobi\u0107 korzystaj\u0105c z naszego <a href=\"https:\/\/elfsight.com\/photo-gallery-widget\/#demo\">demo<\/a> na \u017cywo, a tak\u017ce doda\u0107 wtyczk\u0119 do swojej witryny WordPress. <\/p><\/div>\r\n\t\t\t\t\t<\/div>\r\n\t\t\t\t<\/div> <\/div> <\/div> <div class=\"application-platform-content-item-features application-platform-content-item\" id=\"features\" data-nav-section=\"features\"><h2>G\u0142\u00f3wne funkcje wid\u017cetu Galeria zdj\u0119\u0107<\/h2> <p>Zobacz wszystkie funkcje Galerii zdj\u0119\u0107 dla WordPress . Mo\u017cesz je dostosowa\u0107 bezpo\u015brednio w edytorze, a one pomog\u0105 Ci stworzy\u0107 wtyczk\u0119 pasuj\u0105c\u0105 do Twojego przypadku. <\/p> <ul> <li>Wykorzystuj wezwania do dzia\u0142ania, aby poprowadzi\u0107 odwiedzaj\u0105cych witryn\u0119 do konwersji. <\/li> <li>Reguluj czas prze\u0142\u0105czania slajd\u00f3w. <\/li> <li>Wybierz spo\u015br\u00f3d wielu wariant\u00f3w paginacji. <\/li> <li>Umie\u015b\u0107 tre\u015b\u0107 w dowolnym miejscu strony za pomoc\u0105 zaawansowanej pozycji. <\/li> <li>Dostosuj pi\u0119\u0107 element\u00f3w tre\u015bci. <\/li> <\/ul> <p><a href=\"#demo\">Mo\u017cesz wypr\u00f3bowa\u0107 wszystkie funkcje widgetu bezpo\u015brednio w wersji demonstracyjnej<\/a><\/p> <\/div> <div class=\"application-platform-content-item-installation application-platform-content-item\" id=\"installation\" data-nav-section=\"installation\"><h2>Jak doda\u0107 wtyczk\u0119 Galerii zdj\u0119\u0107 do witryny WordPress?<\/h2> <div class=\"video-container\"><iframe allowfullscreen=\"\" frameborder=\"0\" height=\"405\" src=\"https:\/\/www.youtube.com\/embed\/2Eo2DL-115c?si=AdMvt_ws8Z0Lhjby\" width=\"720\"><\/iframe><\/div><p>Wystarczy spe\u0142ni\u0107 poni\u017csze wskaz\u00f3wki, aby rozpocz\u0105\u0107 prac\u0119 z wid\u017cetem na WordPressie.<\/p> <ol><li><b>Otw\u00f3rz nasze bezp\u0142atne demo i zacznij tworzy\u0107 sw\u00f3j w\u0142asny instrument. <\/b><br> Znajd\u017a preferowany interfejs i funkcjonalno\u015b\u0107 wtyczki i zapisz zmiany. <\/li> <li><b>Odbierz sw\u00f3j unikalny kod, kt\u00f3ry pojawi si\u0119 w oknie aplikacji Elfsight. <\/b><br> Po zako\u0144czeniu tworzenia Galerii zdj\u0119\u0107 skopiuj kod osobisty z wyskakuj\u0105cego okienka i zapisz go do p\u00f3\u017aniejszego wykorzystania. <\/li> <li><b>Rozpocznij korzystanie z wtyczki Galeria zdj\u0119\u0107 w swojej witrynie WordPress. <\/b><br> Dodaj wcze\u015bniej zapisany kod do swojej witryny i zapisz zmiany. <\/li> <li><b>Gotowe! Integracja zosta\u0142a pomy\u015blnie zako\u0144czona. <\/b><br> Odwied\u017a swoj\u0105 stron\u0119 internetow\u0105, aby sprawdzi\u0107 dzia\u0142anie widgetu. <\/li><\/ol> <p>Nie wahaj si\u0119 i skontaktuj si\u0119 z obs\u0142ug\u0105 naszych klient\u00f3w, gdy potrzebujesz pomocy lub masz pytania. Nasi specjali\u015bci ch\u0119tnie pomog\u0105 w ka\u017cdej sprawie. <\/p> <\/div>","protected":false},"excerpt":{"rendered":"","protected":false},"author":9,"featured_media":0,"parent":2503,"menu_order":0,"comment_status":"closed","ping_status":"closed","template":"templates\/template-application-platform.php","meta":{"publish_to_discourse":"","publish_post_category":"","wpdc_auto_publish_overridden":"","wpdc_topic_tags":"","wpdc_pin_topic":"","wpdc_pin_until":"","discourse_post_id":"","discourse_permalink":"","wpdc_publishing_response":"","wpdc_publishing_error":"","footnotes":""},"class_list":["post-5854","page","type-page","status-publish","hentry"],"yoast_head":"<!-- This site is optimized with the Yoast SEO plugin v25.3.1 - https:\/\/yoast.com\/wordpress\/plugins\/seo\/ -->\n<title>Galeria zdj\u0119\u0107 \u2014 Dodaj wid\u017cet Galerii do witryny WordPress [ 2025 ]<\/title>\n<meta name=\"description\" content=\"Wypr\u00f3buj za darmo najlepsz\u0105 wtyczk\u0119 Photo Gallery dla WordPress. Prosty i szybki widget galerii integruj\u0105cy si\u0119 bez umiej\u0119tno\u015bci programowania.\" \/>\n<meta name=\"robots\" content=\"index, follow, max-snippet:-1, max-image-preview:large, max-video-preview:-1\" \/>\n<link rel=\"canonical\" href=\"https:\/\/elfsight.com\/pl\/photo-gallery-widget\/wordpress\/\" \/>\n<meta property=\"og:locale\" content=\"pl_PL\" \/>\n<meta property=\"og:type\" content=\"article\" \/>\n<meta property=\"og:title\" content=\"Galeria zdj\u0119\u0107 \u2014 Dodaj wid\u017cet Galerii do witryny WordPress [ 2025 ]\" \/>\n<meta property=\"og:description\" content=\"Wypr\u00f3buj za darmo najlepsz\u0105 wtyczk\u0119 Photo Gallery dla WordPress. Prosty i szybki widget galerii integruj\u0105cy si\u0119 bez umiej\u0119tno\u015bci programowania.\" \/>\n<meta property=\"og:url\" content=\"https:\/\/elfsight.com\/pl\/photo-gallery-widget\/wordpress\/\" \/>\n<meta property=\"og:site_name\" content=\"Elfsight PL\" \/>\n<meta property=\"article:modified_time\" content=\"2026-01-15T11:40:59+00:00\" \/>\n<meta name=\"twitter:card\" content=\"summary_large_image\" \/>\n<meta name=\"twitter:label1\" content=\"Szacowany czas czytania\" \/>\n\t<meta name=\"twitter:data1\" content=\"3 minuty\" \/>\n<!-- \/ Yoast SEO plugin. -->","yoast_head_json":{"title":"Galeria zdj\u0119\u0107 \u2014 Dodaj wid\u017cet Galerii do witryny WordPress [ 2025 ]","description":"Wypr\u00f3buj za darmo najlepsz\u0105 wtyczk\u0119 Photo Gallery dla WordPress. Prosty i szybki widget galerii integruj\u0105cy si\u0119 bez umiej\u0119tno\u015bci programowania.","robots":{"index":"index","follow":"follow","max-snippet":"max-snippet:-1","max-image-preview":"max-image-preview:large","max-video-preview":"max-video-preview:-1"},"canonical":"https:\/\/elfsight.com\/pl\/photo-gallery-widget\/wordpress\/","og_locale":"pl_PL","og_type":"article","og_title":"Galeria zdj\u0119\u0107 \u2014 Dodaj wid\u017cet Galerii do witryny WordPress [ 2025 ]","og_description":"Wypr\u00f3buj za darmo najlepsz\u0105 wtyczk\u0119 Photo Gallery dla WordPress. Prosty i szybki widget galerii integruj\u0105cy si\u0119 bez umiej\u0119tno\u015bci programowania.","og_url":"https:\/\/elfsight.com\/pl\/photo-gallery-widget\/wordpress\/","og_site_name":"Elfsight PL","article_modified_time":"2026-01-15T11:40:59+00:00","twitter_card":"summary_large_image","twitter_misc":{"Szacowany czas czytania":"3 minuty"},"schema":{"@context":"https:\/\/schema.org","@graph":[{"@type":"WebPage","@id":"https:\/\/elfsight.com\/pl\/photo-gallery-widget\/wordpress\/","url":"https:\/\/elfsight.com\/pl\/photo-gallery-widget\/wordpress\/","name":"Galeria zdj\u0119\u0107 \u2014 Dodaj wid\u017cet Galerii do witryny WordPress [ 2025 ]","isPartOf":{"@id":"https:\/\/elfsight.com\/pl\/#website"},"datePublished":"1970-01-01T00:00:00+00:00","dateModified":"2026-01-15T11:40:59+00:00","description":"Wypr\u00f3buj za darmo najlepsz\u0105 wtyczk\u0119 Photo Gallery dla WordPress. Prosty i szybki widget galerii integruj\u0105cy si\u0119 bez umiej\u0119tno\u015bci programowania.","breadcrumb":{"@id":"https:\/\/elfsight.com\/pl\/photo-gallery-widget\/wordpress\/#breadcrumb"},"inLanguage":"pl-PL","potentialAction":[{"@type":"ReadAction","target":["https:\/\/elfsight.com\/pl\/photo-gallery-widget\/wordpress\/"]}]},{"@type":"BreadcrumbList","@id":"https:\/\/elfsight.com\/pl\/photo-gallery-widget\/wordpress\/#breadcrumb","itemListElement":[{"@type":"ListItem","position":1,"name":"Home","item":"https:\/\/elfsight.com\/pl\/"},{"@type":"ListItem","position":2,"name":"Photo Gallery","item":"https:\/\/elfsight.com\/pl\/photo-gallery-widget\/"},{"@type":"ListItem","position":3,"name":"Photo Gallery &#8211; WordPress"}]},{"@type":"WebSite","@id":"https:\/\/elfsight.com\/pl\/#website","url":"https:\/\/elfsight.com\/pl\/","name":"Elfsight PL","description":"Just another Elfsight Sites site","potentialAction":[{"@type":"SearchAction","target":{"@type":"EntryPoint","urlTemplate":"https:\/\/elfsight.com\/pl\/?s={search_term_string}"},"query-input":{"@type":"PropertyValueSpecification","valueRequired":true,"valueName":"search_term_string"}}],"inLanguage":"pl-PL"}]}},"meta_box":{"industry":"","seo_heading":"","heading":"","description":"","cta_heading":"","cta_description":"","application":"2502","h1":"Wid\u017cet Galerii zdj\u0119\u0107 WordPress","h1_caption":"Poka\u017c swoje wspania\u0142e zdj\u0119cia na stronie","application_category":[],"applications_title":"","applications_request_title":"","applications_request_button_text":"","hero_text":"","hero_video":"","hero_video_schema_markup":"","selling_points_title":"","selling_points_caption":"","selling_points":[],"selling_points_cta_text":"","features_title":"","features":"","ed_cta_examples_text":"","ed_cta_examples_hidden":"","ed_cta_demo_text":"","ed_cta_demo_hidden":"","why_caption":"","why_editor_title":"","why_editor_text":"","why_team_title":"","why_team_text":"","why_service_title":"","why_service_text":"","template_catalog_visible":"0","template_catalog_title":"","template_catalog_text":"","template_catalog_categories_visible":"","demo_title":"Utw\u00f3rz wtyczk\u0119 Galerii zdj\u0119\u0107","demo_caption":"Skonfiguruj swoj\u0105 galeri\u0119 zdj\u0119\u0107 i dodaj j\u0105 do swojej witryny WordPress za darmo!","default_faq_hidden":"","app_template_category":[],"platform":"31","template_public_id":"","codecanyon_url":"","codecanyon_item_id":"","codecanyon_price":"","pricing_caption":"","pricing_elfsight_apps_hide_column":"","pricing_elfsight_apps_url":"","pricing_codecanyon_price_caption":"","integration_category":[],"integration_request_title":"","integration_request_cta":"","integration_platform":"","integrations":[],"platform_category":[],"video_schema_markup":"","price":"od 0 USD \/ miesi\u0105c","trial":"","benefits":[{"text":"Bezp\u0142atna us\u0142uga monta\u017cu"},{"text":"Wsparcie premium"},{"text":"14-dniowa gwarancja zwrotu pieni\u0119dzy"}],"button_url":"#demo","button_target_blank":"0","button_nofollow":"0","attributes":[{"name":"Instaluje"},{"name":"Czu\u0142y"},{"name":"Kompatybilne przegl\u0105darki"}],"tags":[],"tags_disable_links":"0","hide_more_platforms":"0","video_object":"","demo_hide_cta":"0","demo_hide_cloud_options":"0","pricing_title":"","pricing":[{"pricing_icon":"platform","pricing_title":"Elfsight Apps","pricing_title_caption":"Wersja wieloplatformowa, kt\u00f3ra pasuje do ka\u017cdej witryny","pricing_price":"od 0 USD \/ miesi\u0105c","pricing_price_caption":"zacznij od bezp\u0142atnego planu","pricing_benefits":[{"text":"Nielimitowane strony internetowe"},{"text":"Profesjonalna obs\u0142uga klienta"},{"text":"Bezp\u0142atna pomoc w monta\u017cu"},{"text":"Oferta specjalna na wiele aplikacji"}],"pricing_button_text":"Dodaj do witryny","pricing_button_url":"#demo"}],"related_apps_title":"","related_apps_hidden":"0","author":"","image":[],"title":"","job":"","social_networks":[]},"_links":{"self":[{"href":"https:\/\/elfsight.com\/pl\/wp-json\/wp\/v2\/pages\/5854","targetHints":{"allow":["GET"]}}],"collection":[{"href":"https:\/\/elfsight.com\/pl\/wp-json\/wp\/v2\/pages"}],"about":[{"href":"https:\/\/elfsight.com\/pl\/wp-json\/wp\/v2\/types\/page"}],"author":[{"embeddable":true,"href":"https:\/\/elfsight.com\/pl\/wp-json\/wp\/v2\/users\/9"}],"replies":[{"embeddable":true,"href":"https:\/\/elfsight.com\/pl\/wp-json\/wp\/v2\/comments?post=5854"}],"version-history":[{"count":3,"href":"https:\/\/elfsight.com\/pl\/wp-json\/wp\/v2\/pages\/5854\/revisions"}],"predecessor-version":[{"id":10840,"href":"https:\/\/elfsight.com\/pl\/wp-json\/wp\/v2\/pages\/5854\/revisions\/10840"}],"up":[{"embeddable":true,"href":"https:\/\/elfsight.com\/pl\/wp-json\/wp\/v2\/pages\/2503"}],"wp:attachment":[{"href":"https:\/\/elfsight.com\/pl\/wp-json\/wp\/v2\/media?parent=5854"}],"curies":[{"name":"wp","href":"https:\/\/api.w.org\/{rel}","templated":true}]}}