{"id":5853,"date":"1970-01-01T00:00:00","date_gmt":"1970-01-01T00:00:00","guid":{"rendered":"https:\/\/elfsight.com\/pl\/?page_id=5853"},"modified":"2024-11-14T09:20:31","modified_gmt":"2024-11-14T09:20:31","slug":"woocommerce","status":"publish","type":"page","link":"https:\/\/elfsight.com\/pl\/photo-gallery-widget\/woocommerce\/","title":{"rendered":"Photo Gallery &#8211; WooCommerce"},"content":{"rendered":"<div class=\"application-platform-content-item-description application-platform-content-item\" id=\"description\" data-nav-section=\"description\"><h2>Opis<\/h2><p>Galeria zdj\u0119\u0107 Elfsight to najlepszy spos\u00f3b na zebranie materia\u0142\u00f3w wizualnych lub zaprojektowanie wspania\u0142ej galerii na Twojej stronie internetowej. U\u017cyj dowolnej liczby obraz\u00f3w, utw\u00f3rz komentarze i znajd\u017a najlepszy spos\u00f3b ich umieszczenia na stronie. Ten widget zawiera 6 wariant\u00f3w uk\u0142adu i kilka dodatkowych funkcji interfejsu. Ka\u017cde zdj\u0119cie jest wy\u015bwietlane w trybie wyskakuj\u0105cym, u\u017cytkownicy mog\u0105 je przegl\u0105da\u0107 lub rozpocz\u0105\u0107 pokaz slajd\u00f3w, powi\u0119ksza\u0107 i pomniejsza\u0107 oraz ogl\u0105da\u0107 zdj\u0119cia na pe\u0142nym ekranie. Mo\u017cesz dowolnie malowa\u0107 interfejs wid\u017cetu i stosowa\u0107 niestandardowe t\u0142o, korzysta\u0107 z ustawie\u0144 tekstu i innych funkcji stylu.<\/p><p><b>Zaimponuj u\u017cytkownikom kusz\u0105cymi galeriami zdj\u0119\u0107!<\/b><\/p> <p><b>Wska\u017c, co ma sens<\/b><br>Zastosuj nasz\u0105 responsywn\u0105 wtyczk\u0119 Galerii obraz\u00f3w, aby zaprezentowa\u0107 najbardziej kusz\u0105ce oferty lub wy\u015bwietli\u0107 niesamowite zdj\u0119cia produkt\u00f3w.<\/p><p><b>Eksponuj Twoje najlepsze prace lub produkty<\/b><br>Twoje zdj\u0119cia i obrazy, kt\u00f3rych nie mo\u017cna przegapi\u0107, przyci\u0105gn\u0105 wi\u0119cej wy\u015bwietle\u0144 i przyci\u0105gn\u0105 ludzi na d\u0142u\u017cej, zwi\u0119kszaj\u0105c zaanga\u017cowanie na stronie.<\/b><p><b>Z \u0142atwo\u015bci\u0105 uzyskaj wi\u0119ksz\u0105 sprzeda\u017c<\/b><br>Pokazuj\u0105c swoje do\u015bwiadczenia za pomoc\u0105 wid\u017cetu Zdj\u0119cia, pozbawisz u\u017cytkownik\u00f3w mo\u017cliwo\u015bci powstrzymania si\u0119 przed dokonaniem zakupu, zwi\u0119kszaj\u0105c w ten spos\u00f3b sprzeda\u017c.<\/b><\/div> [identyfikator aplikacji_platform_content_item =&#8221;features&#8221;]<h2>To tylko kilka cennych funkcji wid\u017cetu:<\/h2><ul> <li>Wykorzystaj przyciski CTA, aby poprowadzi\u0107 u\u017cytkownik\u00f3w do konwersji;<\/li> <li>Zmie\u0144 czas prze\u0142\u0105czania slajd\u00f3w;<\/li> <li>Wybierz jedn\u0105 z wielu funkcji paginacji;<\/li> <li>Umie\u015b\u0107 swoj\u0105 wiadomo\u015b\u0107 w dowolnym miejscu na stronie za pomoc\u0105 zaawansowanej pozycji;<\/li> <li>Zmodyfikuj 5 funkcji dotycz\u0105cych tre\u015bci.<\/li> <\/ul> <p><a href=\"#demo\">Pe\u0142n\u0105 funkcjonalno\u015b\u0107 wid\u017cetu mo\u017cesz odkry\u0107 w wersji demonstracyjnej<\/a><\/p>[\/application_platform_content_item]<div class=\"application-platform-content-item-installation application-platform-content-item\" id=\"installation\" data-nav-section=\"installation\"><h2>Jak osadzi\u0107 galeri\u0119 zdj\u0119\u0107 na mojej stronie WooCommerce?<\/h2><p>Wystarczy post\u0119powa\u0107 zgodnie z poni\u017cszymi instrukcjami, aby wstawi\u0107 wid\u017cet.<\/p><ol><li><b>Uruchom nasz\u0105 bezp\u0142atn\u0105 wersj\u0119 demonstracyjn\u0105 i zacznij kszta\u0142towa\u0107 sw\u00f3j unikalny widget.<\/b><br>Wybierz preferowany wygl\u0105d i cechy funkcjonalne wtyczki i zastosuj modyfikacje.<\/li><li><b>Zdob\u0105d\u017a indywidualny kod, kt\u00f3ry jest wy\u015bwietlany w specjalnym formularzu w aplikacjach Elfsight. <\/b><br>Po zako\u0144czeniu dostosowywania narz\u0119dzia skopiuj indywidualny kod z wy\u015bwietlonego pola i zapisz go na przysz\u0142o\u015b\u0107.<\/li><li><b>Rozpocznij korzystanie z wid\u017cetu na stronie WooCommerce. <\/b><br>Zintegruj zapisany wcze\u015bniej kod ze swoj\u0105 stron\u0105 i zastosuj poprawki.<\/li><li><b>Gotowe! Integracja zosta\u0142a w pe\u0142ni wykonana.<\/b><br>Odwied\u017a swoj\u0105 witryn\u0119 i zobacz, jak dzia\u0142a narz\u0119dzie.<\/li><\/ol><p>Je\u015bli napotkasz jakiekolwiek trudno\u015bci, nie b\u00f3j si\u0119 skontaktowa\u0107 z naszym dzia\u0142em obs\u0142ugi klienta . Nasi ludzie ch\u0119tnie pomog\u0105 Ci we wszystkich problemach, jakie mo\u017cesz mie\u0107 z produktem.<\/p><div class=\"faq\" data-component=\"FAQ\"><div class=\"faq-item\">\r\n\t\t\t\t\t<div class=\"faq-item-question\">\r\n\t\t\t\t\t\t<h3 class=\"faq-item-question-text\">Czy istnieje spos\u00f3b na osadzenie galerii zdj\u0119\u0107 w mojej witrynie WooCommerce bez do\u015bwiadczenia w programowaniu?<\/h3>\r\n\r\n\t\t\t\t\t\t<div class=\"faq-item-question-icon\"><\/div>\r\n\t\t\t\t\t<\/div>\r\n\r\n\t\t\t\t\t<div class=\"faq-item-answer\">\r\n\t\t\t\t\t\t<div class=\"faq-item-answer-text\"> <p>Elfsight dostarcza rozwi\u0105zanie, kt\u00f3re pozwala u\u017cytkownikom samodzielnie zbudowa\u0107 sekcj\u0119 Galerii zdj\u0119\u0107. Poznaj proste kroki: Pracuj od razu w wersji demonstracyjnej na \u017cywo, aby zbudowa\u0107 aplikacj\u0119 Galerii zdj\u0119\u0107, kt\u00f3r\u0105 chcesz doda\u0107 na swojej stronie WooCommerce. Wybierz jeden z gotowych szablon\u00f3w i zmie\u0144 ustawienia Galerii fotografii, zmie\u0144 uk\u0142ad i kolory, w tym tre\u015b\u0107, bez \u017cadnego do\u015bwiadczenia w kodowaniu. Zapisz wprowadzone ustawienia w Galerii fotografii i uzyskaj kod instalacyjny wid\u017cetu, kt\u00f3ry mo\u017cesz po prostu wklei\u0107 w dowolnej witrynie WooCommerce bez konieczno\u015bci kupowania p\u0142atnego planu. Za pomoc\u0105 \u0142atwego w u\u017cyciu edytora ka\u017cdy u\u017cytkownik Internetu mo\u017ce zbudowa\u0107 aplikacj\u0119 Galerii zdj\u0119\u0107 i \u0142atwo osadzi\u0107 j\u0105 na dowolnej witrynie WooCommerce. Aby skorzysta\u0107 z naszej us\u0142ugi, nie musisz kupowa\u0107 planu p\u0142atnego ani podawa\u0107 danych karty. Je\u015bli napotkasz jakiekolwiek problemy, skontaktuj si\u0119 z naszym personelem pomocy technicznej.<\/p> <\/div>\r\n\t\t\t\t\t<\/div>\r\n\t\t\t\t<\/div> <\/div><\/div>","protected":false},"excerpt":{"rendered":"[identyfikator aplikacji_platform_content_item =&#8221;features&#8221;]To tylko kilka cennych funkcji wid\u017cetu: Wykorzystaj przyciski CTA, aby poprowadzi\u0107 u\u017cytkownik\u00f3w do konwersji; Zmie\u0144 czas prze\u0142\u0105czania slajd\u00f3w; Wybierz jedn\u0105 z wielu funkcji paginacji; Umie\u015b\u0107 swoj\u0105 wiadomo\u015b\u0107 w dowolnym miejscu na stronie za pomoc\u0105 zaawansowanej pozycji; Zmodyfikuj 5 funkcji dotycz\u0105cych tre\u015bci. Pe\u0142n\u0105 funkcjonalno\u015b\u0107 wid\u017cetu mo\u017cesz odkry\u0107 w wersji&#8230;","protected":false},"author":9,"featured_media":0,"parent":2503,"menu_order":0,"comment_status":"closed","ping_status":"closed","template":"templates\/template-application-platform.php","meta":{"publish_to_discourse":"","publish_post_category":"","wpdc_auto_publish_overridden":"","wpdc_topic_tags":"","wpdc_pin_topic":"","wpdc_pin_until":"","discourse_post_id":"","discourse_permalink":"","wpdc_publishing_response":"","wpdc_publishing_error":"","footnotes":""},"class_list":["post-5853","page","type-page","status-publish","hentry"],"yoast_head":"<!-- This site is optimized with the Yoast SEO plugin v25.3.1 - https:\/\/yoast.com\/wordpress\/plugins\/seo\/ -->\n<title>Galeria zdj\u0119\u0107 \u2014 Dodaj wid\u017cet Galerii do WooCommerce [2025]<\/title>\n<meta name=\"description\" content=\"Wykorzystaj szans\u0119, aby dostosowa\u0107 responsywn\u0105 wtyczk\u0119 Photo Gallery ju\u017c teraz i zintegruj j\u0105 ze swoj\u0105 witryn\u0105 WooCommerce bezpo\u015brednio poprzez wersj\u0119 demonstracyjn\u0105.\" \/>\n<meta name=\"robots\" content=\"index, follow, max-snippet:-1, max-image-preview:large, max-video-preview:-1\" \/>\n<link rel=\"canonical\" href=\"https:\/\/elfsight.com\/pl\/photo-gallery-widget\/woocommerce\/\" \/>\n<meta property=\"og:locale\" content=\"pl_PL\" \/>\n<meta property=\"og:type\" content=\"article\" \/>\n<meta property=\"og:title\" content=\"Galeria zdj\u0119\u0107 \u2014 Dodaj wid\u017cet Galerii do WooCommerce [2025]\" \/>\n<meta property=\"og:description\" content=\"Wykorzystaj szans\u0119, aby dostosowa\u0107 responsywn\u0105 wtyczk\u0119 Photo Gallery ju\u017c teraz i zintegruj j\u0105 ze swoj\u0105 witryn\u0105 WooCommerce bezpo\u015brednio poprzez wersj\u0119 demonstracyjn\u0105.\" \/>\n<meta property=\"og:url\" content=\"https:\/\/elfsight.com\/pl\/photo-gallery-widget\/woocommerce\/\" \/>\n<meta property=\"og:site_name\" content=\"Elfsight PL\" \/>\n<meta property=\"article:modified_time\" content=\"2024-11-14T09:20:31+00:00\" \/>\n<meta name=\"twitter:card\" content=\"summary_large_image\" \/>\n<meta name=\"twitter:label1\" content=\"Szacowany czas czytania\" \/>\n\t<meta name=\"twitter:data1\" content=\"3 minuty\" \/>\n<!-- \/ Yoast SEO plugin. -->","yoast_head_json":{"title":"Galeria zdj\u0119\u0107 \u2014 Dodaj wid\u017cet Galerii do WooCommerce [2025]","description":"Wykorzystaj szans\u0119, aby dostosowa\u0107 responsywn\u0105 wtyczk\u0119 Photo Gallery ju\u017c teraz i zintegruj j\u0105 ze swoj\u0105 witryn\u0105 WooCommerce bezpo\u015brednio poprzez wersj\u0119 demonstracyjn\u0105.","robots":{"index":"index","follow":"follow","max-snippet":"max-snippet:-1","max-image-preview":"max-image-preview:large","max-video-preview":"max-video-preview:-1"},"canonical":"https:\/\/elfsight.com\/pl\/photo-gallery-widget\/woocommerce\/","og_locale":"pl_PL","og_type":"article","og_title":"Galeria zdj\u0119\u0107 \u2014 Dodaj wid\u017cet Galerii do WooCommerce [2025]","og_description":"Wykorzystaj szans\u0119, aby dostosowa\u0107 responsywn\u0105 wtyczk\u0119 Photo Gallery ju\u017c teraz i zintegruj j\u0105 ze swoj\u0105 witryn\u0105 WooCommerce bezpo\u015brednio poprzez wersj\u0119 demonstracyjn\u0105.","og_url":"https:\/\/elfsight.com\/pl\/photo-gallery-widget\/woocommerce\/","og_site_name":"Elfsight PL","article_modified_time":"2024-11-14T09:20:31+00:00","twitter_card":"summary_large_image","twitter_misc":{"Szacowany czas czytania":"3 minuty"},"schema":{"@context":"https:\/\/schema.org","@graph":[{"@type":"WebPage","@id":"https:\/\/elfsight.com\/pl\/photo-gallery-widget\/woocommerce\/","url":"https:\/\/elfsight.com\/pl\/photo-gallery-widget\/woocommerce\/","name":"Galeria zdj\u0119\u0107 \u2014 Dodaj wid\u017cet Galerii do WooCommerce [2025]","isPartOf":{"@id":"https:\/\/elfsight.com\/pl\/#website"},"datePublished":"1970-01-01T00:00:00+00:00","dateModified":"2024-11-14T09:20:31+00:00","description":"Wykorzystaj szans\u0119, aby dostosowa\u0107 responsywn\u0105 wtyczk\u0119 Photo Gallery ju\u017c teraz i zintegruj j\u0105 ze swoj\u0105 witryn\u0105 WooCommerce bezpo\u015brednio poprzez wersj\u0119 demonstracyjn\u0105.","breadcrumb":{"@id":"https:\/\/elfsight.com\/pl\/photo-gallery-widget\/woocommerce\/#breadcrumb"},"inLanguage":"pl-PL","potentialAction":[{"@type":"ReadAction","target":["https:\/\/elfsight.com\/pl\/photo-gallery-widget\/woocommerce\/"]}]},{"@type":"BreadcrumbList","@id":"https:\/\/elfsight.com\/pl\/photo-gallery-widget\/woocommerce\/#breadcrumb","itemListElement":[{"@type":"ListItem","position":1,"name":"Home","item":"https:\/\/elfsight.com\/pl\/"},{"@type":"ListItem","position":2,"name":"Photo Gallery","item":"https:\/\/elfsight.com\/pl\/photo-gallery-widget\/"},{"@type":"ListItem","position":3,"name":"Photo Gallery &#8211; WooCommerce"}]},{"@type":"WebSite","@id":"https:\/\/elfsight.com\/pl\/#website","url":"https:\/\/elfsight.com\/pl\/","name":"Elfsight PL","description":"Just another Elfsight Sites site","potentialAction":[{"@type":"SearchAction","target":{"@type":"EntryPoint","urlTemplate":"https:\/\/elfsight.com\/pl\/?s={search_term_string}"},"query-input":{"@type":"PropertyValueSpecification","valueRequired":true,"valueName":"search_term_string"}}],"inLanguage":"pl-PL"}]}},"meta_box":{"industry":"","seo_heading":"","heading":"","description":"","cta_heading":"","cta_description":"","application":"2502","h1":"Wtyczka Galeria zdj\u0119\u0107 WooCommerce","h1_caption":"Poka\u017c swoje zadziwiaj\u0105ce zdj\u0119cia na swojej stronie internetowej","application_category":[],"applications_title":"","applications_request_title":"","applications_request_button_text":"","hero_text":"","hero_video":"","hero_video_schema_markup":"","selling_points_title":"","selling_points_caption":"","selling_points":[],"selling_points_cta_text":"","features_title":"","features":"","ed_cta_examples_text":"","ed_cta_examples_hidden":"","ed_cta_demo_text":"","ed_cta_demo_hidden":"","why_caption":"","why_editor_title":"","why_editor_text":"","why_team_title":"","why_team_text":"","why_service_title":"","why_service_text":"","template_catalog_visible":"","template_catalog_title":"","template_catalog_text":"","template_catalog_categories_visible":"","demo_title":"Utw\u00f3rz aplikacj\u0119 Galeria zdj\u0119\u0107","demo_caption":"Skonfiguruj swoj\u0105 galeri\u0119 zdj\u0119\u0107 i dodaj j\u0105 do swojej witryny WooCommerce za darmo!","default_faq_hidden":"","app_template_category":[],"platform":"335","template_public_id":"","codecanyon_url":"","codecanyon_item_id":"","codecanyon_price":"","pricing_caption":"","pricing_elfsight_apps_hide_column":"","pricing_elfsight_apps_url":"","pricing_codecanyon_price_caption":"","integration_category":[],"integration_request_title":"","integration_request_cta":"","integration_platform":"","integrations":[],"platform_category":[],"video_schema_markup":"","price":"od 0 USD \/ miesi\u0105c","trial":"","benefits":[{"text":"Bezp\u0142atna us\u0142uga monta\u017cu"},{"text":"Kompetentna obs\u0142uga klienta"},{"text":"14-dniowa gwarancja zwrotu pieni\u0119dzy"}],"button_url":"#demo","button_target_blank":"","button_nofollow":"","attributes":[{"name":"Instaluje"},{"name":"Czu\u0142y"},{"name":"Kompatybilne przegl\u0105darki"}],"tags":[],"tags_disable_links":"","hide_more_platforms":"","video_object":"","demo_hide_cta":"","demo_hide_cloud_options":"","pricing_title":"","pricing":[{"pricing_icon":"platform","pricing_title":"Elfsight Apps","pricing_title_caption":"Rozwi\u0105zanie niezale\u017cne od platformy, kt\u00f3re dzia\u0142a na ka\u017cdej witrynie","pricing_price":"od 0 USD \/ miesi\u0105c","pricing_price_caption":"zacznij od bezp\u0142atnego planu","pricing_benefits":[{"text":"Nielimitowane strony internetowe"},{"text":"Szybkie wsparcie firmy"},{"text":"Bezp\u0142atna us\u0142uga monta\u017cu"},{"text":"Elastyczny projekt"}],"pricing_button_text":"Dodaj do witryny","pricing_button_url":"#demo"}],"related_apps_title":"","related_apps_hidden":"","author":"","image":[],"title":"","job":"","social_networks":[]},"_links":{"self":[{"href":"https:\/\/elfsight.com\/pl\/wp-json\/wp\/v2\/pages\/5853","targetHints":{"allow":["GET"]}}],"collection":[{"href":"https:\/\/elfsight.com\/pl\/wp-json\/wp\/v2\/pages"}],"about":[{"href":"https:\/\/elfsight.com\/pl\/wp-json\/wp\/v2\/types\/page"}],"author":[{"embeddable":true,"href":"https:\/\/elfsight.com\/pl\/wp-json\/wp\/v2\/users\/9"}],"replies":[{"embeddable":true,"href":"https:\/\/elfsight.com\/pl\/wp-json\/wp\/v2\/comments?post=5853"}],"version-history":[{"count":1,"href":"https:\/\/elfsight.com\/pl\/wp-json\/wp\/v2\/pages\/5853\/revisions"}],"predecessor-version":[{"id":5857,"href":"https:\/\/elfsight.com\/pl\/wp-json\/wp\/v2\/pages\/5853\/revisions\/5857"}],"up":[{"embeddable":true,"href":"https:\/\/elfsight.com\/pl\/wp-json\/wp\/v2\/pages\/2503"}],"wp:attachment":[{"href":"https:\/\/elfsight.com\/pl\/wp-json\/wp\/v2\/media?parent=5853"}],"curies":[{"name":"wp","href":"https:\/\/api.w.org\/{rel}","templated":true}]}}