{"id":5847,"date":"2024-05-03T06:42:30","date_gmt":"2024-05-03T06:42:30","guid":{"rendered":"https:\/\/elfsight.com\/pl\/?page_id=5847"},"modified":"2024-11-14T08:53:05","modified_gmt":"2024-11-14T08:53:05","slug":"google-sites","status":"publish","type":"page","link":"https:\/\/elfsight.com\/pl\/photo-gallery-widget\/google-sites\/","title":{"rendered":"Photo Gallery &#8211; Google Sites"},"content":{"rendered":"<div class=\"application-platform-content-item-description application-platform-content-item\" id=\"description\" data-nav-section=\"description\"> <h2>Umie\u015b\u0107 galeri\u0119 zdj\u0119\u0107 w Witrynach Google za pomoc\u0105 wid\u017cetu Elfsight<\/h2> <p>Widget Galeria zdj\u0119\u0107 Elfsight to najlepszy spos\u00f3b na gromadzenie zdj\u0119\u0107 lub utw\u00f3rz wspania\u0142\u0105 galeri\u0119 na swojej stronie. Dodaj dowoln\u0105 ilo\u015b\u0107 obraz\u00f3w, umie\u015b\u0107 podpisy i wybierz optymalny spos\u00f3b ich uporz\u0105dkowania na stronie. Widget Elfsight ma sze\u015b\u0107 opcji uk\u0142adu i r\u00f3\u017cne inne funkcje projektowe. Ka\u017cde zdj\u0119cie pojawia si\u0119 w wyskakuj\u0105cym okienku, odwiedzaj\u0105cy mog\u0105 si\u0119 po nich porusza\u0107 lub obejrze\u0107 pokaz slajd\u00f3w, skorzysta\u0107 z opcji powi\u0119kszania i podziwia\u0107 obrazy na pe\u0142nym ekranie. Mo\u017cesz pokolorowa\u0107 interfejs wid\u017cetu i zastosowa\u0107 unikalne t\u0142o, zmienia\u0107 ustawienia tekstu i wi\u0119cej mo\u017cliwo\u015bci stylistycznych. <\/p> <p><b>Stw\u00f3rz kolekcj\u0119 zdj\u0119\u0107, kt\u00f3rej nie mo\u017cna przegapi\u0107! <\/b><\/p> <\/div><div class=\"application-platform-content-item-features application-platform-content-item\" id=\"features\" data-nav-section=\"features\"> <h2>G\u0142\u00f3wne funkcje wid\u017cetu Galeria zdj\u0119\u0107<\/h2> <p>Tutaj mo\u017cesz zobaczy\u0107 wszystkie cechy funkcjonalne Galerii zdj\u0119\u0107. S\u0105 one dost\u0119pne bezpo\u015brednio w edytorze i pomog\u0105 Ci ukszta\u0142towa\u0107 wid\u017cet dopasowany do Twojego przypadku. <\/p> <ul> <li>Wykorzystaj wezwania do dzia\u0142ania, aby poprowadzi\u0107 u\u017cytkownik\u00f3w do konwersji. <\/li> <li>Zmie\u0144 czas prze\u0142\u0105czania slajd\u00f3w. <\/li> <li>Wybierz spo\u015br\u00f3d wielu wariant\u00f3w paginacji. <\/li> <li>Umie\u015b\u0107 tekst w dowolnym miejscu strony za pomoc\u0105 pozycji zaawansowanej. <\/li> <li>Zmodyfikuj 5 opcji tre\u015bci. <\/li> <\/ul> <p><a href=\"#demo\">Przetestuj wszystkie inne funkcje w wersji demonstracyjnej<\/a><\/p> <\/div> <div class=\"application-platform-content-item-installation application-platform-content-item\" id=\"installation\" data-nav-section=\"installation\"><h2> Jak mog\u0119 osadzi\u0107 wtyczk\u0119 Galerii zdj\u0119\u0107 w mojej witrynie Witryn Google? <\/h2> <p>Aby aktywowa\u0107 widget, po prostu wykonaj poni\u017csze wskaz\u00f3wki. <\/p> <ol><li><b>Wygeneruj dostosowan\u0105 wtyczk\u0119 Galerii<\/b><br> W naszej bezp\u0142atnej wersji demonstracyjnej mo\u017cesz stworzy\u0107 wtyczk\u0119 o preferowanym uk\u0142adzie i funkcjonalno\u015bci. <\/li> <li><b>Zdob\u0105d\u017a indywidualny kod do integracji wtyczki<\/b><br> Po utworzeniu wid\u017cetu otrzymasz unikalny kod z powiadomienia pojawiaj\u0105cego si\u0119 w aplikacjach Elfsight. Skopiuj go do p\u00f3\u017aniejszego wykorzystania. <\/li> <li><b>Opublikuj wtyczk\u0119 w swojej witrynie Google Sites<\/b><br> Okre\u015bl obszar, z kt\u00f3rym chcesz zintegrowa\u0107 wtyczk\u0119 i wklej tam skopiowany kod. Zastosuj wyniki. <\/li> <li><b>Instalacja zosta\u0142a w pe\u0142ni przeprowadzona<\/b><br> Przejd\u017a do swojego sklepu i obejrzyj swoj\u0105 prac\u0119. <\/li> <\/ol> <div class=\"tip-yellow tip\"><b>Ze wzgl\u0119du na specyfik\u0119 dzia\u0142ania Witryn Google wid\u017cet mo\u017ce wygl\u0105da\u0107 inaczej ni\u017c wersja demonstracyjna online. Przepraszamy za wszelkie niedogodno\u015bci.<\/b><\/div><p>Nie zastanawiaj si\u0119 dwa razy, aby skontaktowa\u0107 si\u0119 z obs\u0142ug\u0105 klienta Elfsight, je\u015bli potrzebujesz pomocy lub masz problemy. Ch\u0119tnie pomo\u017cemy przy ka\u017cdym zapytaniu. <\/p> <div class=\"faq\" data-component=\"FAQ\"><div class=\"faq-item\">\r\n\t\t\t\t\t<div class=\"faq-item-question\">\r\n\t\t\t\t\t\t<h3 class=\"faq-item-question-text\">W jaki spos\u00f3b mog\u0119 osadzi\u0107 galeri\u0119 zdj\u0119\u0107 na mojej stronie internetowej Witryn Google bez umiej\u0119tno\u015bci kodowania?<\/h3>\r\n\r\n\t\t\t\t\t\t<div class=\"faq-item-question-icon\"><\/div>\r\n\t\t\t\t\t<\/div>\r\n\r\n\t\t\t\t\t<div class=\"faq-item-answer\">\r\n\t\t\t\t\t\t<div class=\"faq-item-answer-text\"> <p>Firma Elfsight dostarcza rozwi\u0105zanie w chmurze, kt\u00f3re umo\u017cliwia utworzenie aplikacji Galeria zdj\u0119\u0107 sam, zobacz, jakie to proste: rozpocznij prac\u0119 w wersji demonstracyjnej na \u017cywo, aby utworzy\u0107 wtyczk\u0119 Galerii zdj\u0119\u0107, kt\u00f3r\u0105 chcesz umie\u015bci\u0107 w swoich Witrynach Google. Kliknij jeden z wielu gotowych szablon\u00f3w i dostosuj ustawienia Galerii fotografii, zmie\u0144 uk\u0142ad i kolory oraz dodaj tre\u015b\u0107 bez umiej\u0119tno\u015bci kodowania. Kliknij, aby zapisa\u0107 ustawienia wprowadzone w Galerii zdj\u0119\u0107 i skopiuj kod instalacyjny, kt\u00f3ry mo\u017cna po prostu doda\u0107 na stronie g\u0142\u00f3wnej Witryn Google bez konieczno\u015bci kupowania p\u0142atnego planu. Pracuj\u0105c w naszym \u0142atwym w u\u017cyciu edytorze, ka\u017cdy u\u017cytkownik Internetu mo\u017ce utworzy\u0107 sekcj\u0119 Galerii zdj\u0119\u0107 i \u0142atwo osadzi\u0107 j\u0105 na swojej stronie Google Sites. Aby uzyska\u0107 dost\u0119p do us\u0142ugi Elfsight, nie trzeba p\u0142aci\u0107 ani ujawnia\u0107 danych uwierzytelniaj\u0105cych karty. Je\u015bli na kt\u00f3rymkolwiek etapie napotkasz jakiekolwiek problemy, nie wahaj si\u0119 skontaktowa\u0107 z naszym zespo\u0142em pomocy technicznej.<\/p> <\/div>\r\n\t\t\t\t\t<\/div>\r\n\t\t\t\t<\/div> <\/div><\/div>","protected":false},"excerpt":{"rendered":"","protected":false},"author":9,"featured_media":0,"parent":2503,"menu_order":0,"comment_status":"closed","ping_status":"closed","template":"templates\/template-application-platform.php","meta":{"publish_to_discourse":"","publish_post_category":"","wpdc_auto_publish_overridden":"","wpdc_topic_tags":"","wpdc_pin_topic":"","wpdc_pin_until":"","discourse_post_id":"","discourse_permalink":"","wpdc_publishing_response":"","wpdc_publishing_error":"","footnotes":""},"class_list":["post-5847","page","type-page","status-publish","hentry"],"yoast_head":"<!-- This site is optimized with the Yoast SEO plugin v25.3.1 - https:\/\/yoast.com\/wordpress\/plugins\/seo\/ -->\n<title>Galeria zdj\u0119\u0107 \u2014 dodaj wid\u017cet Galerii do Witryn Google [2025]<\/title>\n<meta name=\"description\" content=\"Zaimplementuj responsywn\u0105 wtyczk\u0119 Galerii zdj\u0119\u0107 w swojej witrynie Google Sites i zdob\u0105d\u017a pe\u0142ne zaufanie. Wykorzystaj \u0142atw\u0105 w u\u017cyciu wersj\u0119 demonstracyjn\u0105 Elfsight, aby zbudowa\u0107 sw\u00f3j niepowtarzalny.\" \/>\n<meta name=\"robots\" content=\"index, follow, max-snippet:-1, max-image-preview:large, max-video-preview:-1\" \/>\n<link rel=\"canonical\" href=\"https:\/\/elfsight.com\/pl\/photo-gallery-widget\/google-sites\/\" \/>\n<meta property=\"og:locale\" content=\"pl_PL\" \/>\n<meta property=\"og:type\" content=\"article\" \/>\n<meta property=\"og:title\" content=\"Galeria zdj\u0119\u0107 \u2014 dodaj wid\u017cet Galerii do Witryn Google [2025]\" \/>\n<meta property=\"og:description\" content=\"Zaimplementuj responsywn\u0105 wtyczk\u0119 Galerii zdj\u0119\u0107 w swojej witrynie Google Sites i zdob\u0105d\u017a pe\u0142ne zaufanie. Wykorzystaj \u0142atw\u0105 w u\u017cyciu wersj\u0119 demonstracyjn\u0105 Elfsight, aby zbudowa\u0107 sw\u00f3j niepowtarzalny.\" \/>\n<meta property=\"og:url\" content=\"https:\/\/elfsight.com\/pl\/photo-gallery-widget\/google-sites\/\" \/>\n<meta property=\"og:site_name\" content=\"Elfsight PL\" \/>\n<meta property=\"article:modified_time\" content=\"2024-11-14T08:53:05+00:00\" \/>\n<meta name=\"twitter:card\" content=\"summary_large_image\" \/>\n<meta name=\"twitter:label1\" content=\"Szacowany czas czytania\" \/>\n\t<meta name=\"twitter:data1\" content=\"3 minuty\" \/>\n<!-- \/ Yoast SEO plugin. -->","yoast_head_json":{"title":"Galeria zdj\u0119\u0107 \u2014 dodaj wid\u017cet Galerii do Witryn Google [2025]","description":"Zaimplementuj responsywn\u0105 wtyczk\u0119 Galerii zdj\u0119\u0107 w swojej witrynie Google Sites i zdob\u0105d\u017a pe\u0142ne zaufanie. Wykorzystaj \u0142atw\u0105 w u\u017cyciu wersj\u0119 demonstracyjn\u0105 Elfsight, aby zbudowa\u0107 sw\u00f3j niepowtarzalny.","robots":{"index":"index","follow":"follow","max-snippet":"max-snippet:-1","max-image-preview":"max-image-preview:large","max-video-preview":"max-video-preview:-1"},"canonical":"https:\/\/elfsight.com\/pl\/photo-gallery-widget\/google-sites\/","og_locale":"pl_PL","og_type":"article","og_title":"Galeria zdj\u0119\u0107 \u2014 dodaj wid\u017cet Galerii do Witryn Google [2025]","og_description":"Zaimplementuj responsywn\u0105 wtyczk\u0119 Galerii zdj\u0119\u0107 w swojej witrynie Google Sites i zdob\u0105d\u017a pe\u0142ne zaufanie. Wykorzystaj \u0142atw\u0105 w u\u017cyciu wersj\u0119 demonstracyjn\u0105 Elfsight, aby zbudowa\u0107 sw\u00f3j niepowtarzalny.","og_url":"https:\/\/elfsight.com\/pl\/photo-gallery-widget\/google-sites\/","og_site_name":"Elfsight PL","article_modified_time":"2024-11-14T08:53:05+00:00","twitter_card":"summary_large_image","twitter_misc":{"Szacowany czas czytania":"3 minuty"},"schema":{"@context":"https:\/\/schema.org","@graph":[{"@type":"WebPage","@id":"https:\/\/elfsight.com\/pl\/photo-gallery-widget\/google-sites\/","url":"https:\/\/elfsight.com\/pl\/photo-gallery-widget\/google-sites\/","name":"Galeria zdj\u0119\u0107 \u2014 dodaj wid\u017cet Galerii do Witryn Google [2025]","isPartOf":{"@id":"https:\/\/elfsight.com\/pl\/#website"},"datePublished":"2024-05-03T06:42:30+00:00","dateModified":"2024-11-14T08:53:05+00:00","description":"Zaimplementuj responsywn\u0105 wtyczk\u0119 Galerii zdj\u0119\u0107 w swojej witrynie Google Sites i zdob\u0105d\u017a pe\u0142ne zaufanie. Wykorzystaj \u0142atw\u0105 w u\u017cyciu wersj\u0119 demonstracyjn\u0105 Elfsight, aby zbudowa\u0107 sw\u00f3j niepowtarzalny.","breadcrumb":{"@id":"https:\/\/elfsight.com\/pl\/photo-gallery-widget\/google-sites\/#breadcrumb"},"inLanguage":"pl-PL","potentialAction":[{"@type":"ReadAction","target":["https:\/\/elfsight.com\/pl\/photo-gallery-widget\/google-sites\/"]}]},{"@type":"BreadcrumbList","@id":"https:\/\/elfsight.com\/pl\/photo-gallery-widget\/google-sites\/#breadcrumb","itemListElement":[{"@type":"ListItem","position":1,"name":"Home","item":"https:\/\/elfsight.com\/pl\/"},{"@type":"ListItem","position":2,"name":"Photo Gallery","item":"https:\/\/elfsight.com\/pl\/photo-gallery-widget\/"},{"@type":"ListItem","position":3,"name":"Photo Gallery &#8211; Google Sites"}]},{"@type":"WebSite","@id":"https:\/\/elfsight.com\/pl\/#website","url":"https:\/\/elfsight.com\/pl\/","name":"Elfsight PL","description":"Just another Elfsight Sites site","potentialAction":[{"@type":"SearchAction","target":{"@type":"EntryPoint","urlTemplate":"https:\/\/elfsight.com\/pl\/?s={search_term_string}"},"query-input":{"@type":"PropertyValueSpecification","valueRequired":true,"valueName":"search_term_string"}}],"inLanguage":"pl-PL"}]}},"meta_box":{"industry":"","seo_heading":"","heading":"","description":"","cta_heading":"","cta_description":"","application":"2502","h1":"Wid\u017cet Galerii zdj\u0119\u0107 Witryn Google","h1_caption":"Zaprezentuj swoje obrazy w interaktywnej, konfigurowalnej galerii, kt\u00f3ra bez wysi\u0142ku poprawi atrakcyjno\u015b\u0107 wizualn\u0105 Twojej witryny w Witrynach Google.","application_category":[],"applications_title":"","applications_request_title":"","applications_request_button_text":"","hero_text":"","hero_video":"","hero_video_schema_markup":"","selling_points_title":"","selling_points_caption":"","selling_points":[],"selling_points_cta_text":"","features_title":"","features":"","ed_cta_examples_text":"","ed_cta_examples_hidden":"","ed_cta_demo_text":"","ed_cta_demo_hidden":"","why_caption":"","why_editor_title":"","why_editor_text":"","why_team_title":"","why_team_text":"","why_service_title":"","why_service_text":"","template_catalog_visible":"","template_catalog_title":"","template_catalog_text":"","template_catalog_categories_visible":"","demo_title":"Utw\u00f3rz wid\u017cet Galerii zdj\u0119\u0107","demo_caption":"Skonfiguruj galeri\u0119 zdj\u0119\u0107 i dodaj j\u0105 do swojej witryny Google Sites za darmo!","default_faq_hidden":"","app_template_category":[],"platform":"484","template_public_id":"","codecanyon_url":"","codecanyon_item_id":"","codecanyon_price":"","pricing_caption":"","pricing_elfsight_apps_hide_column":"","pricing_elfsight_apps_url":"","pricing_codecanyon_price_caption":"","integration_category":[],"integration_request_title":"","integration_request_cta":"","integration_platform":"","integrations":[],"platform_category":[],"video_schema_markup":"","price":"od 0 USD \/ miesi\u0105c","trial":"","benefits":[{"text":"Bezp\u0142atna pomoc w monta\u017cu"},{"text":"Profesjonalna obs\u0142uga klienta"},{"text":"14-dniowa gwarancja zwrotu pieni\u0119dzy"}],"button_url":"#demo","button_target_blank":"","button_nofollow":"","attributes":[{"name":"Instaluje"},{"name":"Czu\u0142y"},{"name":"Kompatybilne przegl\u0105darki"}],"tags":[],"tags_disable_links":"","hide_more_platforms":"","video_object":"","demo_hide_cta":"","demo_hide_cloud_options":"","pricing_title":"","pricing":[{"pricing_icon":"platform","pricing_title":"Elfsight Apps","pricing_title_caption":"Wersja wieloplatformowa, kt\u00f3ra dzia\u0142a na ka\u017cdej stronie internetowej","pricing_price":"od 0 USD \/ miesi\u0105c","pricing_price_caption":"zacznij od bezp\u0142atnego planu","pricing_benefits":[{"text":"Nieograniczona liczba domen"},{"text":"Profesjonalna obs\u0142uga klienta"},{"text":"Bezp\u0142atna pomoc w monta\u017cu"},{"text":"100% konfigurowalny"}],"pricing_button_text":"Dodaj do witryny","pricing_button_url":"#demo"}],"related_apps_title":"","related_apps_hidden":"","author":"","image":[],"title":"","job":"","social_networks":[]},"_links":{"self":[{"href":"https:\/\/elfsight.com\/pl\/wp-json\/wp\/v2\/pages\/5847","targetHints":{"allow":["GET"]}}],"collection":[{"href":"https:\/\/elfsight.com\/pl\/wp-json\/wp\/v2\/pages"}],"about":[{"href":"https:\/\/elfsight.com\/pl\/wp-json\/wp\/v2\/types\/page"}],"author":[{"embeddable":true,"href":"https:\/\/elfsight.com\/pl\/wp-json\/wp\/v2\/users\/9"}],"replies":[{"embeddable":true,"href":"https:\/\/elfsight.com\/pl\/wp-json\/wp\/v2\/comments?post=5847"}],"version-history":[{"count":1,"href":"https:\/\/elfsight.com\/pl\/wp-json\/wp\/v2\/pages\/5847\/revisions"}],"predecessor-version":[{"id":5851,"href":"https:\/\/elfsight.com\/pl\/wp-json\/wp\/v2\/pages\/5847\/revisions\/5851"}],"up":[{"embeddable":true,"href":"https:\/\/elfsight.com\/pl\/wp-json\/wp\/v2\/pages\/2503"}],"wp:attachment":[{"href":"https:\/\/elfsight.com\/pl\/wp-json\/wp\/v2\/media?parent=5847"}],"curies":[{"name":"wp","href":"https:\/\/api.w.org\/{rel}","templated":true}]}}