{"id":5846,"date":"1970-01-01T00:00:00","date_gmt":"1970-01-01T00:00:00","guid":{"rendered":"https:\/\/elfsight.com\/pl\/?page_id=5846"},"modified":"2024-10-23T13:28:38","modified_gmt":"2024-10-23T13:28:38","slug":"godaddy","status":"publish","type":"page","link":"https:\/\/elfsight.com\/pl\/photo-gallery-widget\/godaddy\/","title":{"rendered":"Photo Gallery &#8211; GoDaddy"},"content":{"rendered":"<div class=\"application-platform-content-item-description application-platform-content-item\" id=\"description\" data-nav-section=\"description\"> <h2>Umie\u015b\u0107 galeri\u0119 zdj\u0119\u0107 w GoDaddy za pomoc\u0105 wid\u017cetu Elfsight<\/h2> <p>Wtyczka Elfsight Photo Gallery do GoDaddy to najlepszy spos\u00f3b na gromadzenie zdj\u0119\u0107 lub utw\u00f3rz wspania\u0142\u0105 galeri\u0119 na swojej stronie. Dodaj dowoln\u0105 ilo\u015b\u0107 obraz\u00f3w, umie\u015b\u0107 podpisy i wybierz optymalny spos\u00f3b ich uporz\u0105dkowania na stronie. Wtyczka Elfsight ma sze\u015b\u0107 opcji uk\u0142adu i r\u00f3\u017cne inne funkcje projektowe. Ka\u017cde zdj\u0119cie wy\u015bwietla si\u0119 w wyskakuj\u0105cym okienku, odwiedzaj\u0105cy mog\u0105 si\u0119 po nich porusza\u0107 lub obejrze\u0107 pokaz slajd\u00f3w, skorzysta\u0107 z opcji powi\u0119kszenia i podziwia\u0107 obrazy na pe\u0142nym ekranie. Mo\u017cesz pokolorowa\u0107 interfejs wtyczki i zastosowa\u0107 unikalne t\u0142o, zmienia\u0107 ustawienia tekstu i wi\u0119cej mo\u017cliwo\u015bci stylistycznych. <\/p> <p><b>Stw\u00f3rz kolekcj\u0119 zdj\u0119\u0107, kt\u00f3rej nie mo\u017cna przegapi\u0107! <\/b><\/p> <\/div> <div class=\"application-platform-content-item-features application-platform-content-item\" id=\"features\" data-nav-section=\"features\"> <h2>G\u0142\u00f3wne funkcje wid\u017cetu Galeria zdj\u0119\u0107<\/h2> <p>Tutaj mo\u017cesz zobaczy\u0107 wszystkie cechy funkcjonalne Galerii zdj\u0119\u0107. S\u0105 one dost\u0119pne bezpo\u015brednio w edytorze i pomog\u0105 Ci dopasowa\u0107 wtyczk\u0119 do Twojego przypadku. <\/p> <ul> <li>Wykorzystaj wezwania do dzia\u0142ania, aby poprowadzi\u0107 u\u017cytkownik\u00f3w do konwersji. <\/li> <li>Zmie\u0144 czas prze\u0142\u0105czania slajd\u00f3w. <\/li> <li>Wybierz spo\u015br\u00f3d wielu wariant\u00f3w paginacji. <\/li> <li>Umie\u015b\u0107 tekst w dowolnym miejscu strony za pomoc\u0105 pozycji zaawansowanej. <\/li> <li>Zmodyfikuj 5 opcji tre\u015bci. <\/li> <\/ul> <p><a href=\"#demo\">Przetestuj wszystkie inne funkcje w wersji demonstracyjnej<\/a><\/p> <\/div> <div class=\"application-platform-content-item-installation application-platform-content-item\" id=\"installation\" data-nav-section=\"installation\"> <h2> Jak mog\u0119 osadzi\u0107 galeri\u0119 zdj\u0119\u0107 w mojej witrynie GoDaddy? <\/h2> <p>Aby aktywowa\u0107 wtyczk\u0119, po prostu wykonaj poni\u017csze wskaz\u00f3wki. <\/p> <ol><li><b>Wygeneruj dostosowan\u0105 wtyczk\u0119 Galerii<\/b><br> W naszej bezp\u0142atnej wersji demonstracyjnej mo\u017cesz stworzy\u0107 wtyczk\u0119 o preferowanym uk\u0142adzie i funkcjonalno\u015bci. <\/li> <li><b>Zdob\u0105d\u017a indywidualny kod do integracji wtyczki<\/b><br> Po utworzeniu wtyczki otrzymasz unikalny kod z powiadomienia pojawiaj\u0105cego si\u0119 w aplikacjach Elfsight. Skopiuj go do p\u00f3\u017aniejszego wykorzystania. <\/li> <li><b>Opublikuj wtyczk\u0119 na swojej stronie GoDaddy<\/b><br> Okre\u015bl obszar, z kt\u00f3rym chcesz zintegrowa\u0107 wtyczk\u0119 i wklej tam skopiowany kod. Zastosuj wyniki. <\/li> <li><b>Instalacja zosta\u0142a w pe\u0142ni przeprowadzona<\/b><br> Przejd\u017a do swojego sklepu i obejrzyj swoj\u0105 prac\u0119. <\/li> <\/ol> <p>Nie zastanawiaj si\u0119 dwa razy, aby skontaktowa\u0107 si\u0119 z obs\u0142ug\u0105 klienta Elfsight, je\u015bli potrzebujesz pomocy lub masz problemy. Ch\u0119tnie pomo\u017cemy przy ka\u017cdym zapytaniu. <\/p> <div class=\"faq\" data-component=\"FAQ\"><div class=\"faq-item\">\r\n\t\t\t\t\t<div class=\"faq-item-question\">\r\n\t\t\t\t\t\t<h3 class=\"faq-item-question-text\">Czy istnieje spos\u00f3b na osadzenie galerii zdj\u0119\u0107 na mojej stronie g\u0142\u00f3wnej GoDaddy bez kodowania?<\/h3>\r\n\r\n\t\t\t\t\t\t<div class=\"faq-item-question-icon\"><\/div>\r\n\t\t\t\t\t<\/div>\r\n\r\n\t\t\t\t\t<div class=\"faq-item-answer\">\r\n\t\t\t\t\t\t<div class=\"faq-item-answer-text\"> <p>Firma Elfsight zapewnia rozwi\u0105zanie, kt\u00f3re pozwala w\u0142a\u015bcicielom witryn samodzielnie skonfigurowa\u0107 wid\u017cet Galerii zdj\u0119\u0107, poznaj proste kroki: Rozpocznij prac\u0119 bezpo\u015brednio w wersji demonstracyjnej online, aby utworzy\u0107 wid\u017cet Galerii zdj\u0119\u0107, kt\u00f3ry chcesz zobaczy\u0107 na swojej stronie g\u0142\u00f3wnej GoDaddy. Wybierz jeden z naszych gotowych szablon\u00f3w i dostosuj ustawienia Galerii zdj\u0119\u0107, do\u0142\u0105cz swoj\u0105 tre\u015b\u0107, zmie\u0144 uk\u0142ad i kolory bez do\u015bwiadczenia w kodowaniu. Kliknij, aby zapisa\u0107 wprowadzone ustawienia w Galerii fotografii i uzyska\u0107 kod wtyczki do instalacji, kt\u00f3ry mo\u017cna \u0142atwo osadzi\u0107 na dowolnej stronie internetowej GoDaddy bez konieczno\u015bci kupowania wersji p\u0142atnej. Dzi\u0119ki prostemu konfiguratorowi ka\u017cdy u\u017cytkownik Internetu mo\u017ce utworzy\u0107 wid\u017cet Galerii zdj\u0119\u0107 i \u0142atwo wklei\u0107 go na dowoln\u0105 stron\u0119 g\u0142\u00f3wn\u0105 GoDaddy. Aby skorzysta\u0107 z us\u0142ugi Elfsight, nie wolno p\u0142aci\u0107 ani wprowadza\u0107 danych uwierzytelniaj\u0105cych karty. Je\u015bli na kt\u00f3rymkolwiek etapie napotkasz jakiekolwiek przeszkody, nie wahaj si\u0119 porozmawia\u0107 z naszym zespo\u0142em pomocy technicznej.<\/p> <\/div>\r\n\t\t\t\t\t<\/div>\r\n\t\t\t\t<\/div> <\/div><\/div>","protected":false},"excerpt":{"rendered":"","protected":false},"author":9,"featured_media":0,"parent":2503,"menu_order":0,"comment_status":"closed","ping_status":"closed","template":"templates\/template-application-platform.php","meta":{"publish_to_discourse":"","publish_post_category":"","wpdc_auto_publish_overridden":"","wpdc_topic_tags":"","wpdc_pin_topic":"","wpdc_pin_until":"","discourse_post_id":"","discourse_permalink":"","wpdc_publishing_response":"","wpdc_publishing_error":"","footnotes":""},"class_list":["post-5846","page","type-page","status-publish","hentry"],"yoast_head":"<!-- This site is optimized with the Yoast SEO plugin v25.3.1 - https:\/\/yoast.com\/wordpress\/plugins\/seo\/ -->\n<title>Wtyczka Galeria zdj\u0119\u0107 \u2014 dodaj wtyczk\u0119 Galeria zdj\u0119\u0107 do witryny GoDaddy!<\/title>\n<meta name=\"description\" content=\"Utw\u00f3rz responsywn\u0105 wtyczk\u0119 Galerii zdj\u0119\u0107 dla swojej witryny GoDaddy w kilku prostych krokach! Zacznij rozwija\u0107 sw\u00f3j biznes ju\u017c teraz!\" \/>\n<meta name=\"robots\" content=\"index, follow, max-snippet:-1, max-image-preview:large, max-video-preview:-1\" \/>\n<link rel=\"canonical\" href=\"https:\/\/elfsight.com\/pl\/photo-gallery-widget\/godaddy\/\" \/>\n<meta property=\"og:locale\" content=\"pl_PL\" \/>\n<meta property=\"og:type\" content=\"article\" \/>\n<meta property=\"og:title\" content=\"Wtyczka Galeria zdj\u0119\u0107 \u2014 dodaj wtyczk\u0119 Galeria zdj\u0119\u0107 do witryny GoDaddy!\" \/>\n<meta property=\"og:description\" content=\"Utw\u00f3rz responsywn\u0105 wtyczk\u0119 Galerii zdj\u0119\u0107 dla swojej witryny GoDaddy w kilku prostych krokach! Zacznij rozwija\u0107 sw\u00f3j biznes ju\u017c teraz!\" \/>\n<meta property=\"og:url\" content=\"https:\/\/elfsight.com\/pl\/photo-gallery-widget\/godaddy\/\" \/>\n<meta property=\"og:site_name\" content=\"Elfsight PL\" \/>\n<meta property=\"article:modified_time\" content=\"2024-10-23T13:28:38+00:00\" \/>\n<meta name=\"twitter:card\" content=\"summary_large_image\" \/>\n<meta name=\"twitter:label1\" content=\"Szacowany czas czytania\" \/>\n\t<meta name=\"twitter:data1\" content=\"3 minuty\" \/>\n<!-- \/ Yoast SEO plugin. -->","yoast_head_json":{"title":"Wtyczka Galeria zdj\u0119\u0107 \u2014 dodaj wtyczk\u0119 Galeria zdj\u0119\u0107 do witryny GoDaddy!","description":"Utw\u00f3rz responsywn\u0105 wtyczk\u0119 Galerii zdj\u0119\u0107 dla swojej witryny GoDaddy w kilku prostych krokach! Zacznij rozwija\u0107 sw\u00f3j biznes ju\u017c teraz!","robots":{"index":"index","follow":"follow","max-snippet":"max-snippet:-1","max-image-preview":"max-image-preview:large","max-video-preview":"max-video-preview:-1"},"canonical":"https:\/\/elfsight.com\/pl\/photo-gallery-widget\/godaddy\/","og_locale":"pl_PL","og_type":"article","og_title":"Wtyczka Galeria zdj\u0119\u0107 \u2014 dodaj wtyczk\u0119 Galeria zdj\u0119\u0107 do witryny GoDaddy!","og_description":"Utw\u00f3rz responsywn\u0105 wtyczk\u0119 Galerii zdj\u0119\u0107 dla swojej witryny GoDaddy w kilku prostych krokach! Zacznij rozwija\u0107 sw\u00f3j biznes ju\u017c teraz!","og_url":"https:\/\/elfsight.com\/pl\/photo-gallery-widget\/godaddy\/","og_site_name":"Elfsight PL","article_modified_time":"2024-10-23T13:28:38+00:00","twitter_card":"summary_large_image","twitter_misc":{"Szacowany czas czytania":"3 minuty"},"schema":{"@context":"https:\/\/schema.org","@graph":[{"@type":"WebPage","@id":"https:\/\/elfsight.com\/pl\/photo-gallery-widget\/godaddy\/","url":"https:\/\/elfsight.com\/pl\/photo-gallery-widget\/godaddy\/","name":"Wtyczka Galeria zdj\u0119\u0107 \u2014 dodaj wtyczk\u0119 Galeria zdj\u0119\u0107 do witryny GoDaddy!","isPartOf":{"@id":"https:\/\/elfsight.com\/pl\/#website"},"datePublished":"1970-01-01T00:00:00+00:00","dateModified":"2024-10-23T13:28:38+00:00","description":"Utw\u00f3rz responsywn\u0105 wtyczk\u0119 Galerii zdj\u0119\u0107 dla swojej witryny GoDaddy w kilku prostych krokach! Zacznij rozwija\u0107 sw\u00f3j biznes ju\u017c teraz!","breadcrumb":{"@id":"https:\/\/elfsight.com\/pl\/photo-gallery-widget\/godaddy\/#breadcrumb"},"inLanguage":"pl-PL","potentialAction":[{"@type":"ReadAction","target":["https:\/\/elfsight.com\/pl\/photo-gallery-widget\/godaddy\/"]}]},{"@type":"BreadcrumbList","@id":"https:\/\/elfsight.com\/pl\/photo-gallery-widget\/godaddy\/#breadcrumb","itemListElement":[{"@type":"ListItem","position":1,"name":"Home","item":"https:\/\/elfsight.com\/pl\/"},{"@type":"ListItem","position":2,"name":"Photo Gallery","item":"https:\/\/elfsight.com\/pl\/photo-gallery-widget\/"},{"@type":"ListItem","position":3,"name":"Photo Gallery &#8211; GoDaddy"}]},{"@type":"WebSite","@id":"https:\/\/elfsight.com\/pl\/#website","url":"https:\/\/elfsight.com\/pl\/","name":"Elfsight PL","description":"Just another Elfsight Sites site","potentialAction":[{"@type":"SearchAction","target":{"@type":"EntryPoint","urlTemplate":"https:\/\/elfsight.com\/pl\/?s={search_term_string}"},"query-input":{"@type":"PropertyValueSpecification","valueRequired":true,"valueName":"search_term_string"}}],"inLanguage":"pl-PL"}]}},"meta_box":{"industry":"","seo_heading":"","heading":"","description":"","cta_heading":"","cta_description":"","application":"2502","h1":"Wtyczka Galeria zdj\u0119\u0107 GoDaddy","h1_caption":"Zaprezentuj swoje obrazy w interaktywnej, konfigurowalnej galerii, kt\u00f3ra bez wysi\u0142ku poprawi atrakcyjno\u015b\u0107 wizualn\u0105 Twojej witryny w witrynie GoDaddy.","application_category":[],"applications_title":"","applications_request_title":"","applications_request_button_text":"","hero_text":"","hero_video":"","hero_video_schema_markup":"","selling_points_title":"","selling_points_caption":"","selling_points":[],"selling_points_cta_text":"","features_title":"","features":"","ed_cta_examples_text":"","ed_cta_examples_hidden":"","ed_cta_demo_text":"","ed_cta_demo_hidden":"","why_caption":"","why_editor_title":"","why_editor_text":"","why_team_title":"","why_team_text":"","why_service_title":"","why_service_text":"","template_catalog_visible":"","template_catalog_title":"","template_catalog_text":"","template_catalog_categories_visible":"","demo_title":"Stw\u00f3rz w\u0142asn\u0105 wtyczk\u0119 Galerii zdj\u0119\u0107 w 1-2-3!","demo_caption":"Mo\u017cesz ju\u017c teraz spersonalizowa\u0107 wtyczk\u0119 i umie\u015bci\u0107 j\u0105 na swojej stronie internetowej bezpo\u015brednio w wersji demonstracyjnej.","default_faq_hidden":"","app_template_category":[],"platform":"180","template_public_id":"","codecanyon_url":"","codecanyon_item_id":"","codecanyon_price":"","pricing_caption":"","pricing_elfsight_apps_hide_column":"","pricing_elfsight_apps_url":"","pricing_codecanyon_price_caption":"","integration_category":[],"integration_request_title":"","integration_request_cta":"","integration_platform":"","integrations":[],"platform_category":[],"video_schema_markup":"","price":"od 0 USD \/ miesi\u0105c","trial":"","benefits":[{"text":"Bezp\u0142atna pomoc w monta\u017cu"},{"text":"Wyj\u0105tkowe wsparcie"},{"text":"14-dniowa gwarancja zwrotu pieni\u0119dzy"}],"button_url":"#demo","button_target_blank":"","button_nofollow":"","attributes":[{"name":"Instaluje"},{"name":"Czu\u0142y"},{"name":"Kompatybilne przegl\u0105darki"}],"tags":[],"tags_disable_links":"","hide_more_platforms":"","video_object":"","demo_hide_cta":"","demo_hide_cloud_options":"","pricing_title":"","pricing":[{"pricing_icon":"platform","pricing_title":"Elfsight Apps","pricing_title_caption":"Wieloplatformowe rozwi\u0105zanie cyfrowe","pricing_price":"od 0 USD \/ miesi\u0105c","pricing_price_caption":"zacznij od bezp\u0142atnego planu","pricing_benefits":[{"text":"Nielimitowane strony internetowe"},{"text":"Szybka obs\u0142uga klienta i dobrze udokumentowana"},{"text":"Bezp\u0142atna pomoc w monta\u017cu"},{"text":"W pe\u0142ni konfigurowalny"}],"pricing_button_text":"Dodaj do witryny","pricing_button_url":"#demo"}],"related_apps_title":"","related_apps_hidden":"","author":"","image":[],"title":"","job":"","social_networks":[]},"_links":{"self":[{"href":"https:\/\/elfsight.com\/pl\/wp-json\/wp\/v2\/pages\/5846","targetHints":{"allow":["GET"]}}],"collection":[{"href":"https:\/\/elfsight.com\/pl\/wp-json\/wp\/v2\/pages"}],"about":[{"href":"https:\/\/elfsight.com\/pl\/wp-json\/wp\/v2\/types\/page"}],"author":[{"embeddable":true,"href":"https:\/\/elfsight.com\/pl\/wp-json\/wp\/v2\/users\/9"}],"replies":[{"embeddable":true,"href":"https:\/\/elfsight.com\/pl\/wp-json\/wp\/v2\/comments?post=5846"}],"version-history":[{"count":1,"href":"https:\/\/elfsight.com\/pl\/wp-json\/wp\/v2\/pages\/5846\/revisions"}],"predecessor-version":[{"id":5850,"href":"https:\/\/elfsight.com\/pl\/wp-json\/wp\/v2\/pages\/5846\/revisions\/5850"}],"up":[{"embeddable":true,"href":"https:\/\/elfsight.com\/pl\/wp-json\/wp\/v2\/pages\/2503"}],"wp:attachment":[{"href":"https:\/\/elfsight.com\/pl\/wp-json\/wp\/v2\/media?parent=5846"}],"curies":[{"name":"wp","href":"https:\/\/api.w.org\/{rel}","templated":true}]}}