{"id":5845,"date":"1970-01-01T00:00:00","date_gmt":"1970-01-01T00:00:00","guid":{"rendered":"https:\/\/elfsight.com\/pl\/?page_id=5845"},"modified":"2024-10-23T13:28:22","modified_gmt":"2024-10-23T13:28:22","slug":"prestashop","status":"publish","type":"page","link":"https:\/\/elfsight.com\/pl\/photo-gallery-widget\/prestashop\/","title":{"rendered":"Photo Gallery &#8211; PrestaShop"},"content":{"rendered":"<div class=\"application-platform-content-item-description application-platform-content-item\" id=\"description\" data-nav-section=\"description\"> <h2>Opis<\/h2> <p>Galeria zdj\u0119\u0107 Elfsight to najszybszy spos\u00f3b na pokazanie zdj\u0119\u0107 lub utworzenie wspania\u0142ej galerii na Twojej stronie internetowej. Umie\u015b\u0107 dowoln\u0105 liczb\u0119 zdj\u0119\u0107, skomentuj ka\u017cde z nich i wybierz optymalny spos\u00f3b ich uporz\u0105dkowania na stronie. Wid\u017cet Elfsight zawiera sze\u015b\u0107 wariant\u00f3w uk\u0142adu i mn\u00f3stwo dodatkowych mo\u017cliwo\u015bci interfejsu. Ka\u017cde zdj\u0119cie mo\u017cna wy\u015bwietli\u0107 w wyskakuj\u0105cym okienku, u\u017cytkownicy mog\u0105 si\u0119 po nich porusza\u0107 lub skorzysta\u0107 z pokazu slajd\u00f3w, powi\u0119ksza\u0107 i pomniejsza\u0107 oraz podziwia\u0107 zdj\u0119cia na pe\u0142nym ekranie. Masz mo\u017cliwo\u015b\u0107 pomalowania interfejsu wid\u017cetu i przes\u0142ania unikalnego t\u0142a, u\u017cycia opcji tekstowych i innych funkcji stylistycznych. <\/p><p><b>Zwi\u0119ksz poziom zaanga\u017cowania odwiedzaj\u0105cych dzi\u0119ki inspiruj\u0105cym galeriom zdj\u0119\u0107! <\/b><\/p><\/div> <div class=\"application-platform-content-item-features application-platform-content-item\" id=\"features\" data-nav-section=\"features\"> <h2>To tylko kilka z wielu funkcji wid\u017cetu: <\/h2> <ul><li>Prze\u015blij dowoln\u0105 liczb\u0119 obraz\u00f3w<\/li><li>Zmie\u0144 kolejno\u015b\u0107 obraz\u00f3w wed\u0142ug potrzeb lub wybierz losow\u0105 opcj\u0119 ich miksowania<\/li><li>Poka\u017c opis po najechaniu myszk\u0105 lub domy\u015blnie oraz tytu\u0142 zdj\u0119cia: na zdj\u0119ciu lub pod nim<\/li><li>Otw\u00f3rz zdj\u0119cia w wyskakuj\u0105cym okienku lub przekierowanie na dowolny adres URL<\/li><li>Poka\u017c lub ukryj opis i tytu\u0142 w wyskakuj\u0105cym okienku<\/li><li>Prze\u015blij niestandardowy obraz t\u0142a<\/li><li>Wybierz nak\u0142adk\u0119 z zestawem kolor\u00f3w t\u0142a i pomaluj zr\u00f3b to sam<\/li><li>Zmieniaj kszta\u0142t obraz\u00f3w od prostok\u0105tnego do zaokr\u0105glonego<\/li><li>Dodaj efekty graficzne domy\u015blnie i po najechaniu kursorem<\/li><li>Wybierz kolor nak\u0142adki zdj\u0119\u0107<\/li><li>Wybierz kolor nak\u0142adki zdj\u0119\u0107<\/li><\/ul><p><a href=\"#demo\">Przetestuj wszystkie ustawienia w pe\u0142nej wersji demonstracyjnej<\/a><\/p> <\/div> <div class=\"application-platform-content-item-installation application-platform-content-item\" id=\"installation\" data-nav-section=\"installation\"> <h2> Jak osadzi\u0107 galeri\u0119 zdj\u0119\u0107 na mojej stronie PrestaShop? <\/h2> <p>Wystarczy spe\u0142ni\u0107 poni\u017csze wytyczne, aby zintegrowa\u0107 widget. <\/p> <ol><li><b>Skorzystaj z naszego bezp\u0142atnego edytora i rozpocznij tworzenie w\u0142asnego instrumentu. <\/b><br> Okre\u015bl odpowiedni interfejs i funkcjonalno\u015b\u0107 narz\u0119dzia i zapisz zmiany. <\/li> <li><b>Odbierz sw\u00f3j unikalny kod widoczny w specjalnym formularzu w aplikacjach Elfsight. <\/b><br> Po zako\u0144czeniu konfiguracji narz\u0119dzia skopiuj kod osobisty w wy\u015bwietlonym oknie i zapisz go na p\u00f3\u017aniej. <\/li> <li><b>Rozpocznij korzystanie z narz\u0119dzia na swojej stronie PrestaShop. <\/b><br> Zaimplementuj zapisany wcze\u015bniej kod na swojej stronie internetowej i zastosuj zmiany. <\/li> <li><b>Instalacja zosta\u0142a ca\u0142kowicie zako\u0144czona. <\/b><br> Odwied\u017a swoj\u0105 witryn\u0119, aby sprawdzi\u0107, jak dzia\u0142a dodatek. <\/li><\/ol> <p>Je\u015bli napotkasz pytania lub napotkasz jakiekolwiek przeszkody, bez wahania skontaktuj si\u0119 z naszym zespo\u0142em obs\u0142ugi klienta. Nasi ludzie pragn\u0105 rozwi\u0105za\u0107 wszystkie problemy, jakie mo\u017cesz mie\u0107 z wid\u017cetem. <\/p> <div class=\"faq\" data-component=\"FAQ\"><div class=\"faq-item\">\r\n\t\t\t\t\t<div class=\"faq-item-question\">\r\n\t\t\t\t\t\t<h3 class=\"faq-item-question-text\">Czy istnieje spos\u00f3b na dodanie Galerii fotografii do mojej strony internetowej PrestaShop bez umiej\u0119tno\u015bci kodowania?<\/h3>\r\n\r\n\t\t\t\t\t\t<div class=\"faq-item-question-icon\"><\/div>\r\n\t\t\t\t\t<\/div>\r\n\r\n\t\t\t\t\t<div class=\"faq-item-answer\">\r\n\t\t\t\t\t\t<div class=\"faq-item-answer-text\"> <p>Elfsight oferuje rozwi\u0105zanie, kt\u00f3re umo\u017cliwia samodzielne zbudowanie wtyczki Galerii fotografii , poznaj prosty przewodnik: Rozpocznij prac\u0119 bezpo\u015brednio w edytorze online, aby utworzy\u0107 wtyczk\u0119 Galerii fotografii, kt\u00f3r\u0105 chcesz doda\u0107 na stronie g\u0142\u00f3wnej PrestaShop. Wybierz jeden z gotowych szablon\u00f3w i dostosuj ustawienia Galerii fotografii, dodaj swoj\u0105 tre\u015b\u0107, zmie\u0144 uk\u0142ad i kolor element\u00f3w bez do\u015bwiadczenia w kodowaniu. Kliknij, aby zapisa\u0107 wprowadzone ustawienia w Galerii fotografii i uzyska\u0107 kod instalacyjny, kt\u00f3ry mo\u017cna po prostu doda\u0107 na stronie PrestaShop bez konieczno\u015bci zakupu p\u0142atnego planu. Korzystaj\u0105c z naszego przyjaznego dla u\u017cytkownika Edytora, ka\u017cdy u\u017cytkownik sieci mo\u017ce stworzy\u0107 Galeri\u0119 Zdj\u0119\u0107 i umie\u015bci\u0107 j\u0105 na stronie PrestaShop. Aby uzyska\u0107 dost\u0119p do us\u0142ugi Elfsight, nie mo\u017cesz wykupi\u0107 p\u0142atnej subskrypcji ani wprowadzi\u0107 danych uwierzytelniaj\u0105cych swojej karty. Je\u015bli na kt\u00f3rymkolwiek etapie napotkasz jakiekolwiek problemy, skontaktuj si\u0119 z naszym zespo\u0142em pomocy technicznej.<\/p> <\/div>\r\n\t\t\t\t\t<\/div>\r\n\t\t\t\t<\/div> <\/div><\/div>","protected":false},"excerpt":{"rendered":"","protected":false},"author":9,"featured_media":0,"parent":2503,"menu_order":0,"comment_status":"closed","ping_status":"closed","template":"templates\/template-application-platform.php","meta":{"publish_to_discourse":"","publish_post_category":"","wpdc_auto_publish_overridden":"","wpdc_topic_tags":"","wpdc_pin_topic":"","wpdc_pin_until":"","discourse_post_id":"","discourse_permalink":"","wpdc_publishing_response":"","wpdc_publishing_error":"","footnotes":""},"class_list":["post-5845","page","type-page","status-publish","hentry"],"yoast_head":"<!-- This site is optimized with the Yoast SEO plugin v25.3.1 - https:\/\/yoast.com\/wordpress\/plugins\/seo\/ -->\n<title>Najlepszy dodatek do Galerii Zdj\u0119\u0107 dla witryny PrestaShop (bezp\u0142atny i bez kodowania)<\/title>\n<meta name=\"description\" content=\"Dodaj responsywny dodatek do Galerii zdj\u0119\u0107 na swojej stronie PrestaShop i zdob\u0105d\u017a pe\u0142ne zaufanie. Skorzystaj z \u0142atwej w obs\u0142udze wersji demonstracyjnej Elfsight za darmo.\" \/>\n<meta name=\"robots\" content=\"index, follow, max-snippet:-1, max-image-preview:large, max-video-preview:-1\" \/>\n<link rel=\"canonical\" href=\"https:\/\/elfsight.com\/pl\/photo-gallery-widget\/prestashop\/\" \/>\n<meta property=\"og:locale\" content=\"pl_PL\" \/>\n<meta property=\"og:type\" content=\"article\" \/>\n<meta property=\"og:title\" content=\"Najlepszy dodatek do Galerii Zdj\u0119\u0107 dla witryny PrestaShop (bezp\u0142atny i bez kodowania)\" \/>\n<meta property=\"og:description\" content=\"Dodaj responsywny dodatek do Galerii zdj\u0119\u0107 na swojej stronie PrestaShop i zdob\u0105d\u017a pe\u0142ne zaufanie. Skorzystaj z \u0142atwej w obs\u0142udze wersji demonstracyjnej Elfsight za darmo.\" \/>\n<meta property=\"og:url\" content=\"https:\/\/elfsight.com\/pl\/photo-gallery-widget\/prestashop\/\" \/>\n<meta property=\"og:site_name\" content=\"Elfsight PL\" \/>\n<meta property=\"article:modified_time\" content=\"2024-10-23T13:28:22+00:00\" \/>\n<meta name=\"twitter:card\" content=\"summary_large_image\" \/>\n<meta name=\"twitter:label1\" content=\"Szacowany czas czytania\" \/>\n\t<meta name=\"twitter:data1\" content=\"3 minuty\" \/>\n<!-- \/ Yoast SEO plugin. -->","yoast_head_json":{"title":"Najlepszy dodatek do Galerii Zdj\u0119\u0107 dla witryny PrestaShop (bezp\u0142atny i bez kodowania)","description":"Dodaj responsywny dodatek do Galerii zdj\u0119\u0107 na swojej stronie PrestaShop i zdob\u0105d\u017a pe\u0142ne zaufanie. Skorzystaj z \u0142atwej w obs\u0142udze wersji demonstracyjnej Elfsight za darmo.","robots":{"index":"index","follow":"follow","max-snippet":"max-snippet:-1","max-image-preview":"max-image-preview:large","max-video-preview":"max-video-preview:-1"},"canonical":"https:\/\/elfsight.com\/pl\/photo-gallery-widget\/prestashop\/","og_locale":"pl_PL","og_type":"article","og_title":"Najlepszy dodatek do Galerii Zdj\u0119\u0107 dla witryny PrestaShop (bezp\u0142atny i bez kodowania)","og_description":"Dodaj responsywny dodatek do Galerii zdj\u0119\u0107 na swojej stronie PrestaShop i zdob\u0105d\u017a pe\u0142ne zaufanie. Skorzystaj z \u0142atwej w obs\u0142udze wersji demonstracyjnej Elfsight za darmo.","og_url":"https:\/\/elfsight.com\/pl\/photo-gallery-widget\/prestashop\/","og_site_name":"Elfsight PL","article_modified_time":"2024-10-23T13:28:22+00:00","twitter_card":"summary_large_image","twitter_misc":{"Szacowany czas czytania":"3 minuty"},"schema":{"@context":"https:\/\/schema.org","@graph":[{"@type":"WebPage","@id":"https:\/\/elfsight.com\/pl\/photo-gallery-widget\/prestashop\/","url":"https:\/\/elfsight.com\/pl\/photo-gallery-widget\/prestashop\/","name":"Najlepszy dodatek do Galerii Zdj\u0119\u0107 dla witryny PrestaShop (bezp\u0142atny i bez kodowania)","isPartOf":{"@id":"https:\/\/elfsight.com\/pl\/#website"},"datePublished":"1970-01-01T00:00:00+00:00","dateModified":"2024-10-23T13:28:22+00:00","description":"Dodaj responsywny dodatek do Galerii zdj\u0119\u0107 na swojej stronie PrestaShop i zdob\u0105d\u017a pe\u0142ne zaufanie. Skorzystaj z \u0142atwej w obs\u0142udze wersji demonstracyjnej Elfsight za darmo.","breadcrumb":{"@id":"https:\/\/elfsight.com\/pl\/photo-gallery-widget\/prestashop\/#breadcrumb"},"inLanguage":"pl-PL","potentialAction":[{"@type":"ReadAction","target":["https:\/\/elfsight.com\/pl\/photo-gallery-widget\/prestashop\/"]}]},{"@type":"BreadcrumbList","@id":"https:\/\/elfsight.com\/pl\/photo-gallery-widget\/prestashop\/#breadcrumb","itemListElement":[{"@type":"ListItem","position":1,"name":"Home","item":"https:\/\/elfsight.com\/pl\/"},{"@type":"ListItem","position":2,"name":"Photo Gallery","item":"https:\/\/elfsight.com\/pl\/photo-gallery-widget\/"},{"@type":"ListItem","position":3,"name":"Photo Gallery &#8211; PrestaShop"}]},{"@type":"WebSite","@id":"https:\/\/elfsight.com\/pl\/#website","url":"https:\/\/elfsight.com\/pl\/","name":"Elfsight PL","description":"Just another Elfsight Sites site","potentialAction":[{"@type":"SearchAction","target":{"@type":"EntryPoint","urlTemplate":"https:\/\/elfsight.com\/pl\/?s={search_term_string}"},"query-input":{"@type":"PropertyValueSpecification","valueRequired":true,"valueName":"search_term_string"}}],"inLanguage":"pl-PL"}]}},"meta_box":{"industry":"","seo_heading":"","heading":"","description":"","cta_heading":"","cta_description":"","application":"2502","h1":"Dodatek do galerii zdj\u0119\u0107 PrestaShop","h1_caption":"Zaprezentuj swoje obrazy w interaktywnej, konfigurowalnej galerii, kt\u00f3ra bez wysi\u0142ku poprawi atrakcyjno\u015b\u0107 wizualn\u0105 Twojej witryny w witrynie Prestashop.","application_category":[],"applications_title":"","applications_request_title":"","applications_request_button_text":"","hero_text":"","hero_video":"","hero_video_schema_markup":"","selling_points_title":"","selling_points_caption":"","selling_points":[],"selling_points_cta_text":"","features_title":"","features":"","ed_cta_examples_text":"","ed_cta_examples_hidden":"","ed_cta_demo_text":"","ed_cta_demo_hidden":"","why_caption":"","why_editor_title":"","why_editor_text":"","why_team_title":"","why_team_text":"","why_service_title":"","why_service_text":"","template_catalog_visible":"","template_catalog_title":"","template_catalog_text":"","template_catalog_categories_visible":"","demo_title":"\u015amia\u0142o, utw\u00f3rz niestandardow\u0105 galeri\u0119 zdj\u0119\u0107 PrestaShop!","demo_caption":"Dostosuj go i wstaw widget na swoj\u0105 stron\u0119 poprzez aktywne demo.","default_faq_hidden":"","app_template_category":[],"platform":"586","template_public_id":"","codecanyon_url":"","codecanyon_item_id":"","codecanyon_price":"","pricing_caption":"","pricing_elfsight_apps_hide_column":"","pricing_elfsight_apps_url":"","pricing_codecanyon_price_caption":"","integration_category":[],"integration_request_title":"","integration_request_cta":"","integration_platform":"","integrations":[],"platform_category":[],"video_schema_markup":"","price":"od 0 USD \/ miesi\u0105c","trial":"","benefits":[{"text":"Bezp\u0142atna pomoc w monta\u017cu"},{"text":"Kompetentna obs\u0142uga klienta"},{"text":"14-dniowa gwarancja zwrotu pieni\u0119dzy"}],"button_url":"#demo","button_target_blank":"","button_nofollow":"","attributes":[{"name":"Instaluje"},{"name":"Czu\u0142y"},{"name":"Kompatybilne przegl\u0105darki"}],"tags":[],"tags_disable_links":"","hide_more_platforms":"","video_object":"","demo_hide_cta":"","demo_hide_cloud_options":"","pricing_title":"","pricing":[{"pricing_icon":"platform","pricing_title":"Elfsight Apps","pricing_title_caption":"Wieloplatformowe rozwi\u0105zanie cyfrowe","pricing_price":"od 0 USD \/ miesi\u0105c","pricing_price_caption":"zacznij od bezp\u0142atnego planu","pricing_benefits":[{"text":"Nielimitowane strony internetowe"},{"text":"Profesjonalne wsparcie"},{"text":"Bezp\u0142atna us\u0142uga monta\u017cu"},{"text":"W pe\u0142ni konfigurowalny"}],"pricing_button_text":"Dodaj do witryny","pricing_button_url":"#demo"}],"related_apps_title":"","related_apps_hidden":"","author":"","image":[],"title":"","job":"","social_networks":[]},"_links":{"self":[{"href":"https:\/\/elfsight.com\/pl\/wp-json\/wp\/v2\/pages\/5845","targetHints":{"allow":["GET"]}}],"collection":[{"href":"https:\/\/elfsight.com\/pl\/wp-json\/wp\/v2\/pages"}],"about":[{"href":"https:\/\/elfsight.com\/pl\/wp-json\/wp\/v2\/types\/page"}],"author":[{"embeddable":true,"href":"https:\/\/elfsight.com\/pl\/wp-json\/wp\/v2\/users\/9"}],"replies":[{"embeddable":true,"href":"https:\/\/elfsight.com\/pl\/wp-json\/wp\/v2\/comments?post=5845"}],"version-history":[{"count":1,"href":"https:\/\/elfsight.com\/pl\/wp-json\/wp\/v2\/pages\/5845\/revisions"}],"predecessor-version":[{"id":5849,"href":"https:\/\/elfsight.com\/pl\/wp-json\/wp\/v2\/pages\/5845\/revisions\/5849"}],"up":[{"embeddable":true,"href":"https:\/\/elfsight.com\/pl\/wp-json\/wp\/v2\/pages\/2503"}],"wp:attachment":[{"href":"https:\/\/elfsight.com\/pl\/wp-json\/wp\/v2\/media?parent=5845"}],"curies":[{"name":"wp","href":"https:\/\/api.w.org\/{rel}","templated":true}]}}