{"id":5840,"date":"1970-01-01T00:00:00","date_gmt":"1970-01-01T00:00:00","guid":{"rendered":"https:\/\/elfsight.com\/pl\/?page_id=5840"},"modified":"2024-10-23T13:28:30","modified_gmt":"2024-10-23T13:28:30","slug":"jimdo","status":"publish","type":"page","link":"https:\/\/elfsight.com\/pl\/photo-gallery-widget\/jimdo\/","title":{"rendered":"Photo Gallery &#8211; Jimdo"},"content":{"rendered":"<div class=\"application-platform-content-item-description application-platform-content-item\" id=\"description\" data-nav-section=\"description\"> <h2>Opis<\/h2> <p>Galeria zdj\u0119\u0107 Elfsight to najlepszy spos\u00f3b na zaprezentowanie efekt\u00f3w wizualnych lub zaprojektowanie wspania\u0142ej galerii na Twojej stronie internetowej. Prze\u015blij dowoln\u0105 ilo\u015b\u0107 zdj\u0119\u0107, napisz opisy i wybierz optymalny spos\u00f3b ich umieszczenia na stronie. Wid\u017cet Elfsight ma sze\u015b\u0107 opcji uk\u0142adu i r\u00f3\u017cnorodne dodatkowe funkcje projektowe. Ka\u017cde zdj\u0119cie mo\u017cna przegl\u0105da\u0107 w trybie wyskakuj\u0105cym, u\u017cytkownicy mog\u0105 je przegl\u0105da\u0107 lub rozpocz\u0105\u0107 pokaz slajd\u00f3w, powi\u0119ksza\u0107 i pomniejsza\u0107 oraz otwiera\u0107 zdj\u0119cia na pe\u0142nym ekranie. Mo\u017cesz wybra\u0107 najbardziej pasuj\u0105ce kolory element\u00f3w wid\u017cetu i przes\u0142a\u0107 unikalne t\u0142o, zastosowa\u0107 ustawienia tekstu i wi\u0119cej mo\u017cliwo\u015bci stylistycznych.<\/p><p><b>Zwi\u0119ksz zaanga\u017cowanie odwiedzaj\u0105cych dzi\u0119ki atrakcyjnym kolekcjom zdj\u0119\u0107! <\/b><\/p><\/div> <div class=\"application-platform-content-item-features application-platform-content-item\" id=\"features\" data-nav-section=\"features\"> <h2>Oferta najpopularniejszych funkcji widget\u00f3w<\/h2> <ul><li>Prze\u015blij dowoln\u0105 liczb\u0119 obraz\u00f3w<\/li><li>Zmie\u0144 kolejno\u015b\u0107 obraz\u00f3w wed\u0142ug potrzeb lub wybierz losow\u0105 opcj\u0119 ich po\u0142\u0105czenia<\/li><li>Poka\u017c tytu\u0142 i opis zdj\u0119cia po najechaniu myszk\u0105 lub domy\u015blnie: na obrazie lub pod nim<\/li><li>Otwieraj zdj\u0119cia w wyskakuj\u0105cym okienku lub w trybie przekierowania na dowolny adres URL<\/li><li>Poka\u017c lub ukryj tytu\u0142 i opis w wyskakuj\u0105cym okienku<\/li><li>Prze\u015blij niestandardowy obraz t\u0142a<\/li><li>Wybierz kolor t\u0142a, pomaluj go samodzielnie i ustaw nak\u0142adk\u0119<\/li><li>Zmieniaj kszta\u0142t obraz\u00f3w od prostok\u0105tnego do zaokr\u0105glonego<\/li><li>Dodaj efekty obrazu domy\u015blnie i po najechaniu kursorem<\/li><li>Wybierz kolor nak\u0142adki zdj\u0119\u0107<\/li><\/ul><p><a href=\"#demo\">Sprawd\u017a wszystkie funkcje personalizacji w pe\u0142nej wersji demonstracyjnej<\/a><\/p> <\/div> <div class=\"application-platform-content-item-installation application-platform-content-item\" id=\"installation\" data-nav-section=\"installation\"> <h2>Jak to zrobi\u0107 doda\u0107 galeri\u0119 zdj\u0119\u0107 do mojej witryny Jimdo? <\/h2> <p>Wystarczy zastosowa\u0107 si\u0119 do poni\u017cszych instrukcji, aby zintegrowa\u0107 narz\u0119dzie. <\/p> <ol><li><b>Skorzystaj z naszego bezp\u0142atnego konfiguratora i zacznij kszta\u0142towa\u0107 sw\u00f3j spersonalizowany widget. <\/b><br> Okre\u015bl wybrany uk\u0142ad i aspekty narz\u0119dzia oraz zapisz poprawki. <\/li> <li><b>Uzyskaj unikalny kod pojawiaj\u0105cy si\u0119 w polu aplikacji Elfsight. <\/b><br> Po zako\u0144czeniu konfiguracji wid\u017cetu skopiuj indywidualny kod z wyskakuj\u0105cego okienka i zapisz go do wykorzystania w przysz\u0142o\u015bci. <\/li> <li><b>Zacznij korzysta\u0107 z narz\u0119dzia na swojej stronie g\u0142\u00f3wnej Jimdo. <\/b><br> Wprowad\u017a kod, kt\u00f3ry ostatnio zapisa\u0142e\u015b na swojej stronie g\u0142\u00f3wnej i zapisz zmiany. <\/li> <li><b>Instalacja zosta\u0142a w pe\u0142ni przeprowadzona. <\/b><br> Odwied\u017a swoj\u0105 witryn\u0119, aby sprawdzi\u0107 dzia\u0142anie widgetu. <\/li><\/ol> <p>Je\u015bli napotkasz jakie\u015b problemy, nie wahaj si\u0119 napisa\u0107 do naszego zespo\u0142u wsparcia. Nasi ludzie ch\u0119tnie pomog\u0105 Ci we wszystkich trudno\u015bciach, jakie mo\u017cesz napotka\u0107 w zwi\u0105zku z narz\u0119dziem. <\/p> <div class=\"faq\" data-component=\"FAQ\"><div class=\"faq-item\">\r\n\t\t\t\t\t<div class=\"faq-item-question\">\r\n\t\t\t\t\t\t<h3 class=\"faq-item-question-text\">Czy istnieje metoda osadzania galerii zdj\u0119\u0107 na mojej stronie internetowej Jimdo bez konieczno\u015bci programowania?<\/h3>\r\n\r\n\t\t\t\t\t\t<div class=\"faq-item-question-icon\"><\/div>\r\n\t\t\t\t\t<\/div>\r\n\r\n\t\t\t\t\t<div class=\"faq-item-answer\">\r\n\t\t\t\t\t\t<div class=\"faq-item-answer-text\"> <p>Elfsight zapewnia rozwi\u0105zanie w chmurze, kt\u00f3re pozwala u\u017cytkownikowi samodzielnie wygenerowa\u0107 sekcj\u0119 galerii zdj\u0119\u0107, przekonaj si\u0119, jakie to nieskomplikowane: Pracuj bezpo\u015brednio w edytorze na \u017cywo, aby utworzy\u0107 sekcj\u0119 Galerii zdj\u0119\u0107, kt\u00f3r\u0105 chcesz wy\u015bwietli\u0107 na swoim Jimdo. Wybierz jeden z gotowych szablon\u00f3w i zmodyfikuj ustawienia Galerii fotografii, zmie\u0144 uk\u0142ad i kolory, w tym tre\u015b\u0107, bez kodowania. Kliknij, aby zapisa\u0107 Galeri\u0119 Zdj\u0119\u0107 i skopiuj kod instalacyjny wtyczki, kt\u00f3ry mo\u017cna \u0142atwo wklei\u0107 na dowolnej stronie Jimdo korzystaj\u0105c z darmowego planu. Korzystaj\u0105c z prostego Konfiguratora, ka\u017cdy u\u017cytkownik Internetu mo\u017ce skonfigurowa\u0107 aplikacj\u0119 Galerii Fotografii i osadzi\u0107 j\u0105 na stronie internetowej Jimdo. Aby skorzysta\u0107 z naszych us\u0142ug, nie jest konieczne p\u0142acenie ani podawanie danych karty. Je\u015bli na kt\u00f3rymkolwiek etapie napotkasz jakiekolwiek problemy, nie wahaj si\u0119 skontaktowa\u0107 z nasz\u0105 techniczn\u0105 obs\u0142ug\u0105 klienta.<\/p> <\/div>\r\n\t\t\t\t\t<\/div>\r\n\t\t\t\t<\/div> <\/div><\/div>","protected":false},"excerpt":{"rendered":"","protected":false},"author":9,"featured_media":0,"parent":2503,"menu_order":0,"comment_status":"closed","ping_status":"closed","template":"templates\/template-application-platform.php","meta":{"publish_to_discourse":"","publish_post_category":"","wpdc_auto_publish_overridden":"","wpdc_topic_tags":"","wpdc_pin_topic":"","wpdc_pin_until":"","discourse_post_id":"","discourse_permalink":"","wpdc_publishing_response":"","wpdc_publishing_error":"","footnotes":""},"class_list":["post-5840","page","type-page","status-publish","hentry"],"yoast_head":"<!-- This site is optimized with the Yoast SEO plugin v25.3.1 - https:\/\/yoast.com\/wordpress\/plugins\/seo\/ -->\n<title>Najlepszy wid\u017cet Galerii Zdj\u0119\u0107 na stron\u0119 Jimdo (bezp\u0142atny i bez kodowania)<\/title>\n<meta name=\"description\" content=\"Dodaj responsywny wid\u017cet Galerii Zdj\u0119\u0107 na swojej stronie Jimdo i zdob\u0105d\u017a zaufanie. Wykorzystaj \u0142atw\u0105 w u\u017cyciu wersj\u0119 demonstracyjn\u0105 Elfsight, aby zbudowa\u0107 swoj\u0105 unikaln\u0105 wtyczk\u0119.\" \/>\n<meta name=\"robots\" content=\"index, follow, max-snippet:-1, max-image-preview:large, max-video-preview:-1\" \/>\n<link rel=\"canonical\" href=\"https:\/\/elfsight.com\/pl\/photo-gallery-widget\/jimdo\/\" \/>\n<meta property=\"og:locale\" content=\"pl_PL\" \/>\n<meta property=\"og:type\" content=\"article\" \/>\n<meta property=\"og:title\" content=\"Najlepszy wid\u017cet Galerii Zdj\u0119\u0107 na stron\u0119 Jimdo (bezp\u0142atny i bez kodowania)\" \/>\n<meta property=\"og:description\" content=\"Dodaj responsywny wid\u017cet Galerii Zdj\u0119\u0107 na swojej stronie Jimdo i zdob\u0105d\u017a zaufanie. Wykorzystaj \u0142atw\u0105 w u\u017cyciu wersj\u0119 demonstracyjn\u0105 Elfsight, aby zbudowa\u0107 swoj\u0105 unikaln\u0105 wtyczk\u0119.\" \/>\n<meta property=\"og:url\" content=\"https:\/\/elfsight.com\/pl\/photo-gallery-widget\/jimdo\/\" \/>\n<meta property=\"og:site_name\" content=\"Elfsight PL\" \/>\n<meta property=\"article:modified_time\" content=\"2024-10-23T13:28:30+00:00\" \/>\n<meta name=\"twitter:card\" content=\"summary_large_image\" \/>\n<meta name=\"twitter:label1\" content=\"Szacowany czas czytania\" \/>\n\t<meta name=\"twitter:data1\" content=\"3 minuty\" \/>\n<!-- \/ Yoast SEO plugin. -->","yoast_head_json":{"title":"Najlepszy wid\u017cet Galerii Zdj\u0119\u0107 na stron\u0119 Jimdo (bezp\u0142atny i bez kodowania)","description":"Dodaj responsywny wid\u017cet Galerii Zdj\u0119\u0107 na swojej stronie Jimdo i zdob\u0105d\u017a zaufanie. Wykorzystaj \u0142atw\u0105 w u\u017cyciu wersj\u0119 demonstracyjn\u0105 Elfsight, aby zbudowa\u0107 swoj\u0105 unikaln\u0105 wtyczk\u0119.","robots":{"index":"index","follow":"follow","max-snippet":"max-snippet:-1","max-image-preview":"max-image-preview:large","max-video-preview":"max-video-preview:-1"},"canonical":"https:\/\/elfsight.com\/pl\/photo-gallery-widget\/jimdo\/","og_locale":"pl_PL","og_type":"article","og_title":"Najlepszy wid\u017cet Galerii Zdj\u0119\u0107 na stron\u0119 Jimdo (bezp\u0142atny i bez kodowania)","og_description":"Dodaj responsywny wid\u017cet Galerii Zdj\u0119\u0107 na swojej stronie Jimdo i zdob\u0105d\u017a zaufanie. Wykorzystaj \u0142atw\u0105 w u\u017cyciu wersj\u0119 demonstracyjn\u0105 Elfsight, aby zbudowa\u0107 swoj\u0105 unikaln\u0105 wtyczk\u0119.","og_url":"https:\/\/elfsight.com\/pl\/photo-gallery-widget\/jimdo\/","og_site_name":"Elfsight PL","article_modified_time":"2024-10-23T13:28:30+00:00","twitter_card":"summary_large_image","twitter_misc":{"Szacowany czas czytania":"3 minuty"},"schema":{"@context":"https:\/\/schema.org","@graph":[{"@type":"WebPage","@id":"https:\/\/elfsight.com\/pl\/photo-gallery-widget\/jimdo\/","url":"https:\/\/elfsight.com\/pl\/photo-gallery-widget\/jimdo\/","name":"Najlepszy wid\u017cet Galerii Zdj\u0119\u0107 na stron\u0119 Jimdo (bezp\u0142atny i bez kodowania)","isPartOf":{"@id":"https:\/\/elfsight.com\/pl\/#website"},"datePublished":"1970-01-01T00:00:00+00:00","dateModified":"2024-10-23T13:28:30+00:00","description":"Dodaj responsywny wid\u017cet Galerii Zdj\u0119\u0107 na swojej stronie Jimdo i zdob\u0105d\u017a zaufanie. Wykorzystaj \u0142atw\u0105 w u\u017cyciu wersj\u0119 demonstracyjn\u0105 Elfsight, aby zbudowa\u0107 swoj\u0105 unikaln\u0105 wtyczk\u0119.","breadcrumb":{"@id":"https:\/\/elfsight.com\/pl\/photo-gallery-widget\/jimdo\/#breadcrumb"},"inLanguage":"pl-PL","potentialAction":[{"@type":"ReadAction","target":["https:\/\/elfsight.com\/pl\/photo-gallery-widget\/jimdo\/"]}]},{"@type":"BreadcrumbList","@id":"https:\/\/elfsight.com\/pl\/photo-gallery-widget\/jimdo\/#breadcrumb","itemListElement":[{"@type":"ListItem","position":1,"name":"Home","item":"https:\/\/elfsight.com\/pl\/"},{"@type":"ListItem","position":2,"name":"Photo Gallery","item":"https:\/\/elfsight.com\/pl\/photo-gallery-widget\/"},{"@type":"ListItem","position":3,"name":"Photo Gallery &#8211; Jimdo"}]},{"@type":"WebSite","@id":"https:\/\/elfsight.com\/pl\/#website","url":"https:\/\/elfsight.com\/pl\/","name":"Elfsight PL","description":"Just another Elfsight Sites site","potentialAction":[{"@type":"SearchAction","target":{"@type":"EntryPoint","urlTemplate":"https:\/\/elfsight.com\/pl\/?s={search_term_string}"},"query-input":{"@type":"PropertyValueSpecification","valueRequired":true,"valueName":"search_term_string"}}],"inLanguage":"pl-PL"}]}},"meta_box":{"industry":"","seo_heading":"","heading":"","description":"","cta_heading":"","cta_description":"","application":"2502","h1":"Widget Galerii Zdj\u0119\u0107 Jimdo","h1_caption":"Zaprezentuj swoje obrazy w interaktywnej, konfigurowalnej galerii, kt\u00f3ra bez wysi\u0142ku poprawi atrakcyjno\u015b\u0107 wizualn\u0105 Twojej witryny w witrynie Jimdo.","application_category":[],"applications_title":"","applications_request_title":"","applications_request_button_text":"","hero_text":"","hero_video":"","hero_video_schema_markup":"","selling_points_title":"","selling_points_caption":"","selling_points":[],"selling_points_cta_text":"","features_title":"","features":"","ed_cta_examples_text":"","ed_cta_examples_hidden":"","ed_cta_demo_text":"","ed_cta_demo_hidden":"","why_caption":"","why_editor_title":"","why_editor_text":"","why_team_title":"","why_team_text":"","why_service_title":"","why_service_text":"","template_catalog_visible":"","template_catalog_title":"","template_catalog_text":"","template_catalog_categories_visible":"","demo_title":"Stw\u00f3rz w\u0142asn\u0105 galeri\u0119 zdj\u0119\u0107 Jimdo!","demo_caption":"Spersonalizuj widget i zaimplementuj go na swojej stronie za pomoc\u0105 aktywnego demo.","default_faq_hidden":"","app_template_category":[],"platform":"193","template_public_id":"","codecanyon_url":"","codecanyon_item_id":"","codecanyon_price":"","pricing_caption":"","pricing_elfsight_apps_hide_column":"","pricing_elfsight_apps_url":"","pricing_codecanyon_price_caption":"","integration_category":[],"integration_request_title":"","integration_request_cta":"","integration_platform":"","integrations":[],"platform_category":[],"video_schema_markup":"","price":"od 0 USD \/ miesi\u0105c","trial":"","benefits":[{"text":"Bezp\u0142atna pomoc w monta\u017cu"},{"text":"Wyj\u0105tkowa obs\u0142uga klienta"},{"text":"14-dniowa gwarancja zwrotu pieni\u0119dzy"}],"button_url":"#demo","button_target_blank":"","button_nofollow":"","attributes":[{"name":"Instaluje"},{"name":"Czu\u0142y"},{"name":"Kompatybilne przegl\u0105darki"}],"tags":[],"tags_disable_links":"","hide_more_platforms":"","video_object":"","demo_hide_cta":"","demo_hide_cloud_options":"","pricing_title":"","pricing":[{"pricing_icon":"platform","pricing_title":"Elfsight Apps","pricing_title_caption":"Wieloplatformowe rozwi\u0105zanie cyfrowe, kt\u00f3re pasuje do ka\u017cdej witryny","pricing_price":"od 0 USD \/ miesi\u0105c","pricing_price_caption":"zacznij od bezp\u0142atnego planu","pricing_benefits":[{"text":"Nieograniczona liczba stron internetowych"},{"text":"Dedykowane i terminowe wsparcie"},{"text":"Bezp\u0142atna pomoc w instalacji"},{"text":"Elastyczny projekt"}],"pricing_button_text":"Dodaj do witryny","pricing_button_url":"#demo"}],"related_apps_title":"","related_apps_hidden":"","author":"","image":[],"title":"","job":"","social_networks":[]},"_links":{"self":[{"href":"https:\/\/elfsight.com\/pl\/wp-json\/wp\/v2\/pages\/5840","targetHints":{"allow":["GET"]}}],"collection":[{"href":"https:\/\/elfsight.com\/pl\/wp-json\/wp\/v2\/pages"}],"about":[{"href":"https:\/\/elfsight.com\/pl\/wp-json\/wp\/v2\/types\/page"}],"author":[{"embeddable":true,"href":"https:\/\/elfsight.com\/pl\/wp-json\/wp\/v2\/users\/9"}],"replies":[{"embeddable":true,"href":"https:\/\/elfsight.com\/pl\/wp-json\/wp\/v2\/comments?post=5840"}],"version-history":[{"count":1,"href":"https:\/\/elfsight.com\/pl\/wp-json\/wp\/v2\/pages\/5840\/revisions"}],"predecessor-version":[{"id":5844,"href":"https:\/\/elfsight.com\/pl\/wp-json\/wp\/v2\/pages\/5840\/revisions\/5844"}],"up":[{"embeddable":true,"href":"https:\/\/elfsight.com\/pl\/wp-json\/wp\/v2\/pages\/2503"}],"wp:attachment":[{"href":"https:\/\/elfsight.com\/pl\/wp-json\/wp\/v2\/media?parent=5840"}],"curies":[{"name":"wp","href":"https:\/\/api.w.org\/{rel}","templated":true}]}}