{"id":5839,"date":"1970-01-01T00:00:00","date_gmt":"1970-01-01T00:00:00","guid":{"rendered":"https:\/\/elfsight.com\/pl\/?page_id=5839"},"modified":"2025-12-19T10:04:40","modified_gmt":"2025-12-19T10:04:40","slug":"wordpress","status":"publish","type":"page","link":"https:\/\/elfsight.com\/pl\/pdf-embed-widget\/wordpress\/","title":{"rendered":"PDF Embed &#8211; WordPress"},"content":{"rendered":"<div class=\"application-platform-content-item-description application-platform-content-item\" id=\"description\" data-nav-section=\"description\"> <h2>Osad\u017a plik PDF Osad\u017a na WordPress za pomoc\u0105 wid\u017cetu Elfsight<\/h2> <p>Dzi\u0119ki wtyczce Elfsight mo\u017cesz natychmiastowo wkleja\u0107 wiele plik\u00f3w PDF do strona internetowa. Dla wi\u0119kszej wygody dokumenty mo\u017cna osadza\u0107, przesy\u0142aj\u0105c je, wed\u0142ug adres\u00f3w URL lub wybieraj\u0105c spo\u015br\u00f3d ostatnio przes\u0142anych. Mo\u017cesz nada\u0107 ka\u017cdemu plikowi w\u0142asny tytu\u0142, przes\u0142a\u0107 ikon\u0119 lub obraz, wybra\u0107 uk\u0142ad i inne opcje. Odwiedzaj\u0105cy witryn\u0119 mog\u0105 czyta\u0107 pliki bezpo\u015brednio na Twojej stronie, przegl\u0105da\u0107 je w nowej karcie i pobiera\u0107. <\/p> <div class=\"faq\" data-component=\"FAQ\"> <div class=\"faq-item\">\r\n\t\t\t\t\t<div class=\"faq-item-question\">\r\n\t\t\t\t\t\t<h3 class=\"faq-item-question-text\">Czy s\u0105 jakie\u015b inne narz\u0119dzia dla WordPressa, kt\u00f3re mog\u0119 umie\u015bci\u0107 na mojej stronie? <\/h3>\r\n\r\n\t\t\t\t\t\t<div class=\"faq-item-question-icon\"><\/div>\r\n\t\t\t\t\t<\/div>\r\n\r\n\t\t\t\t\t<div class=\"faq-item-answer\">\r\n\t\t\t\t\t\t<div class=\"faq-item-answer-text\"> <p>Na naszej stronie nie ma ko\u0144ca wtyczek i wid\u017cet\u00f3w, dzi\u0119ki kt\u00f3rym mo\u017cesz osi\u0105gn\u0105\u0107 dowolny cel Na twojej stronie. Zobacz najpopularniejsze wtyczki dla siebie: <a href=\"https:\/\/elfsight.com\/whatsapp-chat-widget\/wordpress\/\">WhatsApp Chat<\/a>, <a href=\"https:\/\/elfsight.com \/facebook-chat-widget\/wordpress\/\">Czat na Facebooku<\/a>, <a href=\"https:\/\/elfsight.com\/google-reviews-widget\/wordpress\/\">Opinie Google<\/a>, <a href=\"https:\/\/elfsight.com\/testimonials-slider-widget\/wordpress\/\">Suwak opinii<\/a>, <a href=\"https:\/\/elfsight.com\/youtube-channel-plugin-yottie\/wordpress \/\">Galeria YouTube<\/a>.<\/p> <\/div>\r\n\t\t\t\t\t<\/div>\r\n\t\t\t\t<\/div> <div class=\"faq-item\">\r\n\t\t\t\t\t<div class=\"faq-item-question\">\r\n\t\t\t\t\t\t<h3 class=\"faq-item-question-text\">W jaki spos\u00f3b mog\u0119 doda\u0107 wtyczk\u0119 Osad\u017a PDF do mojej witryny WordPress? <\/h3>\r\n\r\n\t\t\t\t\t\t<div class=\"faq-item-question-icon\"><\/div>\r\n\t\t\t\t\t<\/div>\r\n\r\n\t\t\t\t\t<div class=\"faq-item-answer\">\r\n\t\t\t\t\t\t<div class=\"faq-item-answer-text\"> <p>Mo\u017cesz osadzi\u0107 przegl\u0105dark\u0119 plik\u00f3w PDF online przesy\u0142aj i pobieraj r\u00f3\u017cne pliki PDF na swojej stronie WordPress. Po prostu otw\u00f3rz panel administratora i wykonaj nast\u0119puj\u0105ce kroki: <\/p><ol><li>Przejd\u017a do ustawie\u0144 motywu. <\/li><li>Wybierz blok, w kt\u00f3rym chcesz wstawi\u0107 osadzony plik PDF. <\/li><li>Osad\u017a kod wid\u017cetu w swojej witrynie WordPress z Elfsight Apps i zastosuj wprowadzone zmiany. <\/li><li>Sko\u0144czy\u0142e\u015b. <\/li><\/ol><p>I <a href=\"https:\/\/elfsight.com\/tutorials\/how-to-embed-pdf-on-website\/#how-to-add-pdf-to- wordpress\">tutaj<\/a> na tej stronie mo\u017cesz bardziej szczeg\u00f3\u0142owo przyjrze\u0107 si\u0119 funkcjom wid\u017cetu.<\/p><p><\/div>\r\n\t\t\t\t\t<\/div>\r\n\t\t\t\t<\/div> <div class=\"faq-item\">\r\n\t\t\t\t\t<div class=\"faq-item-question\">\r\n\t\t\t\t\t\t<h3 class=\"faq-item-question-text\">Czy istnieje spos\u00f3b na przetestowanie dzia\u0142ania wtyczki WordPress Embed PDF ? <\/h3>\r\n\r\n\t\t\t\t\t\t<div class=\"faq-item-question-icon\"><\/div>\r\n\t\t\t\t\t<\/div>\r\n\r\n\t\t\t\t\t<div class=\"faq-item-answer\">\r\n\t\t\t\t\t\t<div class=\"faq-item-answer-text\"> Oczywi\u015bcie! Zawsze mo\u017cesz obejrze\u0107 wtyczk\u0119 na \u017cywo w naszym <a href=\"https:\/\/elfsight.com\/pdf-embed-widget\/#demo\">tutaj<\/a>, a nast\u0119pnie doda\u0107 j\u0105 do swojej witryny WordPress.<\/div>\r\n\t\t\t\t\t<\/div>\r\n\t\t\t\t<\/div> <\/div><\/div> <div class=\"application-platform-content-item-features application-platform-content-item\" id=\"features\" data-nav-section=\"features\"> <\/p><h2>G\u0142\u00f3wne funkcje wid\u017cetu PDF Embed<\/h2> <p>Zobacz list\u0119 podstawowych funkcji naszej wtyczki, aby mie\u0107 lepsze zrozumienie jego potencja\u0142u dla Twojej witryny. <\/p> <ul><li>Wstaw nieograniczon\u0105 liczb\u0119 plik\u00f3w; <\/li> <li>Wariant uk\u0142adu przegl\u0105darki plik\u00f3w do przegl\u0105dania plik\u00f3w na stronie internetowej; <\/li> <li>Przesy\u0142anie obraz\u00f3w ikon plik\u00f3w i podgl\u0105d\u00f3w; <\/li> <li>Poka\u017c lub ukryj tekst dokumentu pobierania; <\/li> <li>Sze\u015b\u0107 detali interfejsu wid\u017cetu, kt\u00f3re mo\u017cna pomalowa\u0107; <\/li> <\/ul><p><a href=\"#demo\">Sprawd\u017a wszystkie funkcje w wersji demonstracyjnej na \u017cywo<\/a><\/p> <\/div> <div class=\"application-platform-content-item-installation application-platform-content-item\" id=\"installation\" data-nav-section=\"installation\"> <h2>Jak aby osadzi\u0107 wtyczk\u0119 przegl\u0105darki plik\u00f3w PDF w witrynie WordPress<\/h2> <div class=\"video-container\">\n<iframe allowfullscreen=\"\" frameborder=\"0\" height=\"402\" src=\"https:\/\/www.youtube.com\/embed\/Gbx6F9kEahA?si=7vkM7x6b0DZnz2d_\" width=\"720\"><\/iframe>\n<\/div><p>Wystarczy wykona\u0107 poni\u017csze kroki, aby rozpocz\u0105\u0107 korzystanie z wtyczki w WordPressie.<\/p> <ol><li><b>Skorzystaj z naszego bezp\u0142atnego konfiguratora i zacznij tworzy\u0107 w\u0142asn\u0105 wtyczk\u0119. <\/b><br> Wybierz preferowany wygl\u0105d i parametry wtyczki i zastosuj poprawki. <\/li> <li><b>Wy\u015bwietl sw\u00f3j unikalny kod w oknie aplikacji Elfsight. <\/b><br> Zaraz po skonfigurowaniu narz\u0119dzia skopiuj indywidualny kod w pojawiaj\u0105cym si\u0119 oknie i zapisz go do p\u00f3\u017aniejszego wykorzystania. <\/li> <li><b>Zacznij korzysta\u0107 z wid\u017cetu PDF w swojej witrynie WordPress. <\/b><br> Umie\u015b\u0107 skopiowany wcze\u015bniej kod na swojej stronie i zastosuj ulepszenia. <\/li> <li><b>Gotowe! Konfiguracja zosta\u0142a pomy\u015blnie zako\u0144czona. <\/b><br> Przejd\u017a na swoj\u0105 witryn\u0119 i sprawd\u017a dzia\u0142anie wtyczki. <\/li><\/ol> <p>Nadal nie podj\u0105\u0142e\u015b decyzji? Lub do\u015bwiadczasz problem\u00f3w? Po prostu skieruj pro\u015bb\u0119 do naszego zespo\u0142u wsparcia. Profesjonalnie i terminowo rozwi\u0105\u017c\u0105 ka\u017cd\u0105 usterk\u0119. <\/p> <\/div><p><\/p>","protected":false},"excerpt":{"rendered":"","protected":false},"author":9,"featured_media":0,"parent":2737,"menu_order":0,"comment_status":"closed","ping_status":"closed","template":"templates\/template-application-platform.php","meta":{"publish_to_discourse":"","publish_post_category":"","wpdc_auto_publish_overridden":"","wpdc_topic_tags":"","wpdc_pin_topic":"","wpdc_pin_until":"","discourse_post_id":"","discourse_permalink":"","wpdc_publishing_response":"","wpdc_publishing_error":"","footnotes":""},"class_list":["post-5839","page","type-page","status-publish","hentry"],"yoast_head":"<!-- This site is optimized with the Yoast SEO plugin v25.3.1 - https:\/\/yoast.com\/wordpress\/plugins\/seo\/ -->\n<title>Wtyczka Wordpress PDF Viewer - Osad\u017a PDF na stronie internetowej (bezp\u0142atnie i szybko)<\/title>\n<meta name=\"description\" content=\"Utworzenie wtyczki przegl\u0105darki plik\u00f3w PDF i osadzenie jej w witrynie WordPress nie jest trudne. Obs\u0142uga klienta Elfsight jest bezp\u0142atna i szybka.\" \/>\n<meta name=\"robots\" content=\"index, follow, max-snippet:-1, max-image-preview:large, max-video-preview:-1\" \/>\n<link rel=\"canonical\" href=\"https:\/\/elfsight.com\/pl\/pdf-embed-widget\/wordpress\/\" \/>\n<meta property=\"og:locale\" content=\"pl_PL\" \/>\n<meta property=\"og:type\" content=\"article\" \/>\n<meta property=\"og:title\" content=\"Wtyczka Wordpress PDF Viewer - Osad\u017a PDF na stronie internetowej (bezp\u0142atnie i szybko)\" \/>\n<meta property=\"og:description\" content=\"Utworzenie wtyczki przegl\u0105darki plik\u00f3w PDF i osadzenie jej w witrynie WordPress nie jest trudne. Obs\u0142uga klienta Elfsight jest bezp\u0142atna i szybka.\" \/>\n<meta property=\"og:url\" content=\"https:\/\/elfsight.com\/pl\/pdf-embed-widget\/wordpress\/\" \/>\n<meta property=\"og:site_name\" content=\"Elfsight PL\" \/>\n<meta property=\"article:modified_time\" content=\"2025-12-19T10:04:40+00:00\" \/>\n<meta name=\"twitter:card\" content=\"summary_large_image\" \/>\n<meta name=\"twitter:label1\" content=\"Szacowany czas czytania\" \/>\n\t<meta name=\"twitter:data1\" content=\"3 minuty\" \/>\n<!-- \/ Yoast SEO plugin. -->","yoast_head_json":{"title":"Wtyczka Wordpress PDF Viewer - Osad\u017a PDF na stronie internetowej (bezp\u0142atnie i szybko)","description":"Utworzenie wtyczki przegl\u0105darki plik\u00f3w PDF i osadzenie jej w witrynie WordPress nie jest trudne. Obs\u0142uga klienta Elfsight jest bezp\u0142atna i szybka.","robots":{"index":"index","follow":"follow","max-snippet":"max-snippet:-1","max-image-preview":"max-image-preview:large","max-video-preview":"max-video-preview:-1"},"canonical":"https:\/\/elfsight.com\/pl\/pdf-embed-widget\/wordpress\/","og_locale":"pl_PL","og_type":"article","og_title":"Wtyczka Wordpress PDF Viewer - Osad\u017a PDF na stronie internetowej (bezp\u0142atnie i szybko)","og_description":"Utworzenie wtyczki przegl\u0105darki plik\u00f3w PDF i osadzenie jej w witrynie WordPress nie jest trudne. Obs\u0142uga klienta Elfsight jest bezp\u0142atna i szybka.","og_url":"https:\/\/elfsight.com\/pl\/pdf-embed-widget\/wordpress\/","og_site_name":"Elfsight PL","article_modified_time":"2025-12-19T10:04:40+00:00","twitter_card":"summary_large_image","twitter_misc":{"Szacowany czas czytania":"3 minuty"},"schema":{"@context":"https:\/\/schema.org","@graph":[{"@type":"WebPage","@id":"https:\/\/elfsight.com\/pl\/pdf-embed-widget\/wordpress\/","url":"https:\/\/elfsight.com\/pl\/pdf-embed-widget\/wordpress\/","name":"Wtyczka Wordpress PDF Viewer - Osad\u017a PDF na stronie internetowej (bezp\u0142atnie i szybko)","isPartOf":{"@id":"https:\/\/elfsight.com\/pl\/#website"},"datePublished":"1970-01-01T00:00:00+00:00","dateModified":"2025-12-19T10:04:40+00:00","description":"Utworzenie wtyczki przegl\u0105darki plik\u00f3w PDF i osadzenie jej w witrynie WordPress nie jest trudne. Obs\u0142uga klienta Elfsight jest bezp\u0142atna i szybka.","breadcrumb":{"@id":"https:\/\/elfsight.com\/pl\/pdf-embed-widget\/wordpress\/#breadcrumb"},"inLanguage":"pl-PL","potentialAction":[{"@type":"ReadAction","target":["https:\/\/elfsight.com\/pl\/pdf-embed-widget\/wordpress\/"]}]},{"@type":"BreadcrumbList","@id":"https:\/\/elfsight.com\/pl\/pdf-embed-widget\/wordpress\/#breadcrumb","itemListElement":[{"@type":"ListItem","position":1,"name":"Home","item":"https:\/\/elfsight.com\/pl\/"},{"@type":"ListItem","position":2,"name":"PDF Embed","item":"https:\/\/elfsight.com\/pl\/pdf-embed-widget\/"},{"@type":"ListItem","position":3,"name":"PDF Embed &#8211; WordPress"}]},{"@type":"WebSite","@id":"https:\/\/elfsight.com\/pl\/#website","url":"https:\/\/elfsight.com\/pl\/","name":"Elfsight PL","description":"Just another Elfsight Sites site","potentialAction":[{"@type":"SearchAction","target":{"@type":"EntryPoint","urlTemplate":"https:\/\/elfsight.com\/pl\/?s={search_term_string}"},"query-input":{"@type":"PropertyValueSpecification","valueRequired":true,"valueName":"search_term_string"}}],"inLanguage":"pl-PL"}]}},"meta_box":{"industry":"","seo_heading":"","heading":"","description":"","cta_heading":"","cta_description":"","application":"2736","h1":"Wtyczka WordPress do przegl\u0105darki plik\u00f3w PDF","h1_caption":"Osadzaj dokumenty PDF na swojej stronie internetowej, aby \u0142atwo je przegl\u0105da\u0107 i pobiera\u0107 bez konieczno\u015bci przekierowywania odwiedzaj\u0105cych do Twojej witryny WordPress.","application_category":[],"applications_title":"","applications_request_title":"","applications_request_button_text":"","hero_text":"","hero_video":"","hero_video_schema_markup":"","selling_points_title":"","selling_points_caption":"","selling_points":[],"selling_points_cta_text":"","features_title":"","features":"","ed_cta_examples_text":"","ed_cta_examples_hidden":"","ed_cta_demo_text":"","ed_cta_demo_hidden":"","why_caption":"","why_editor_title":"","why_editor_text":"","why_team_title":"","why_team_text":"","why_service_title":"","why_service_text":"","template_catalog_visible":"0","template_catalog_title":"","template_catalog_text":"","template_catalog_categories_visible":"","demo_title":"Utw\u00f3rz wtyczk\u0119 PDF Embed","demo_caption":"Skonfiguruj osadzanie plik\u00f3w PDF i dodaj je do swojej witryny WordPress za darmo!","default_faq_hidden":"","app_template_category":[],"platform":"31","template_public_id":"","codecanyon_url":"","codecanyon_item_id":"","codecanyon_price":"","pricing_caption":"","pricing_elfsight_apps_hide_column":"","pricing_elfsight_apps_url":"","pricing_codecanyon_price_caption":"","integration_category":[],"integration_request_title":"","integration_request_cta":"","integration_platform":"","integrations":[],"platform_category":[],"video_schema_markup":"","price":"od 0 USD \/ miesi\u0105c","trial":"","benefits":[{"text":"Bezp\u0142atna pomoc w monta\u017cu"},{"text":"Skuteczna obs\u0142uga klienta"},{"text":"14-dniowa gwarancja zwrotu pieni\u0119dzy"}],"button_url":"#demo","button_target_blank":"0","button_nofollow":"0","attributes":[{"name":"Instaluje"},{"name":"Czu\u0142y"},{"name":"Kompatybilne przegl\u0105darki"}],"tags":[],"tags_disable_links":"0","hide_more_platforms":"0","video_object":"","demo_hide_cta":"0","demo_hide_cloud_options":"0","pricing_title":"","pricing":[{"pricing_icon":"platform","pricing_title":"Elfsight Apps","pricing_title_caption":"Oprogramowanie wieloplatformowe, kt\u00f3re dzia\u0142a na dowolnej witrynie","pricing_price":"od 0 USD \/ miesi\u0105c","pricing_price_caption":"zacznij od bezp\u0142atnego planu","pricing_benefits":[{"text":"Nielimitowane domeny"},{"text":"Profesjonalna obs\u0142uga klienta i dobrze udokumentowana"},{"text":"Bezp\u0142atna pomoc w monta\u017cu"},{"text":"Oferta ograniczona czasowo dla wielu aplikacji"}],"pricing_button_text":"Dodaj do witryny","pricing_button_url":"#demo"}],"related_apps_title":"","related_apps_hidden":"0","author":"","image":[],"title":"","job":"","social_networks":[]},"_links":{"self":[{"href":"https:\/\/elfsight.com\/pl\/wp-json\/wp\/v2\/pages\/5839","targetHints":{"allow":["GET"]}}],"collection":[{"href":"https:\/\/elfsight.com\/pl\/wp-json\/wp\/v2\/pages"}],"about":[{"href":"https:\/\/elfsight.com\/pl\/wp-json\/wp\/v2\/types\/page"}],"author":[{"embeddable":true,"href":"https:\/\/elfsight.com\/pl\/wp-json\/wp\/v2\/users\/9"}],"replies":[{"embeddable":true,"href":"https:\/\/elfsight.com\/pl\/wp-json\/wp\/v2\/comments?post=5839"}],"version-history":[{"count":3,"href":"https:\/\/elfsight.com\/pl\/wp-json\/wp\/v2\/pages\/5839\/revisions"}],"predecessor-version":[{"id":10824,"href":"https:\/\/elfsight.com\/pl\/wp-json\/wp\/v2\/pages\/5839\/revisions\/10824"}],"up":[{"embeddable":true,"href":"https:\/\/elfsight.com\/pl\/wp-json\/wp\/v2\/pages\/2737"}],"wp:attachment":[{"href":"https:\/\/elfsight.com\/pl\/wp-json\/wp\/v2\/media?parent=5839"}],"curies":[{"name":"wp","href":"https:\/\/api.w.org\/{rel}","templated":true}]}}