{"id":5838,"date":"1970-01-01T00:00:00","date_gmt":"1970-01-01T00:00:00","guid":{"rendered":"https:\/\/elfsight.com\/pl\/?page_id=5838"},"modified":"2025-12-19T13:44:23","modified_gmt":"2025-12-19T13:44:23","slug":"wix","status":"publish","type":"page","link":"https:\/\/elfsight.com\/pl\/pdf-embed-widget\/wix\/","title":{"rendered":"PDF Embed &#8211; Wix"},"content":{"rendered":"<div class=\"application-platform-content-item-description application-platform-content-item\" id=\"description\" data-nav-section=\"description\">\n<h2>Opis<\/h2>\n<p>Korzystaj\u0105c z aplikacji Elfsight PDF, mo\u017cesz \u0142atwo i najszybciej osadza\u0107 dowolne dokumenty PDF w swojej witrynie. Dla wi\u0119kszej wygody pliki mo\u017cna integrowa\u0107 poprzez bezpo\u015brednie przesy\u0142anie, wed\u0142ug adres\u00f3w URL lub wybieraj\u0105c spo\u015br\u00f3d ostatnio przes\u0142anych. Mo\u017cesz nada\u0107 ka\u017cdemu dokumentowi w\u0142asn\u0105 nazw\u0119, przes\u0142a\u0107 ikon\u0119 i obraz podgl\u0105du, wybra\u0107 wariant uk\u0142adu i wiele wi\u0119cej. Odwiedzaj\u0105cy witryn\u0119 mog\u0105 czyta\u0107 dokumenty bezpo\u015brednio na stronie, przegl\u0105da\u0107 je w nowej karcie przegl\u0105darki i pobiera\u0107.<\/p>\n<div class=\"faq\" data-component=\"FAQ\">\n    <div class=\"faq-item\">\r\n\t\t\t\t\t<div class=\"faq-item-question\">\r\n\t\t\t\t\t\t<h3 class=\"faq-item-question-text\">Jakie dok\u0142adnie inne narz\u0119dzia dla Wix posiadasz?<\/h3>\r\n\r\n\t\t\t\t\t\t<div class=\"faq-item-question-icon\"><\/div>\r\n\t\t\t\t\t<\/div>\r\n\r\n\t\t\t\t\t<div class=\"faq-item-answer\">\r\n\t\t\t\t\t\t<div class=\"faq-item-answer-text\">\n    <p>Mo\u017cemy udost\u0119pni\u0107 Ci mn\u00f3stwo r\u00f3\u017cnych narz\u0119dzi do wykonania dowolnego zadania w Twojej witrynie. Przekonaj si\u0119 sam: <a href=\"https:\/\/elfsight.com\/instagram-feed-instashow\/wix\/\">Kana\u0142 na Instagramie<\/a>, <a href=\"https:\/\/elfsight.com\/google-reviews-widget\/wix\/\">Recenzje Google<\/a>, <a href=\"https:\/\/elfsight.com\/whatsapp-chat-widget\/wix\/\">czat WhatsApp<\/a>, <a href=\"https:\/\/elfsight.com\/popup-widget\/wix\/\">Wyskakuj\u0105ce okienko<\/a>.<\/p>\n    <\/div>\r\n\t\t\t\t\t<\/div>\r\n\t\t\t\t<\/div>\n    <div class=\"faq-item\">\r\n\t\t\t\t\t<div class=\"faq-item-question\">\r\n\t\t\t\t\t\t<h3 class=\"faq-item-question-text\">Jak zintegrowa\u0107 wid\u017cet Embed PDF z moj\u0105 witryn\u0105 Wix<\/h3>\r\n\r\n\t\t\t\t\t\t<div class=\"faq-item-question-icon\"><\/div>\r\n\t\t\t\t\t<\/div>\r\n\r\n\t\t\t\t\t<div class=\"faq-item-answer\">\r\n\t\t\t\t\t\t<div class=\"faq-item-answer-text\">\n    <p>Mo\u017cesz z \u0142atwo\u015bci\u0105 zintegrowa\u0107 wid\u017cet Osad\u017a PDF ze swoj\u0105 witryn\u0105 Wix, aby umo\u017cliwi\u0107 odbiorcom przesy\u0142anie i pobieranie plik\u00f3w PDF za pomoc\u0105 por\u0119cznej przegl\u0105darki online. Wystarczy przej\u015b\u0107 do panelu administracyjnego i wykona\u0107 nast\u0119puj\u0105ce kroki:<\/p>\n    <ol>\n        <li>Przejd\u017a do ustawie\u0144 motywu.<\/li>\n        <li>Znajd\u017a cz\u0119\u015b\u0107, w kt\u00f3rej chcesz osadzi\u0107 przegl\u0105dark\u0119 plik\u00f3w PDF.<\/li>\n        <li>Dodaj kod z us\u0142ugi Elfsight Apps i zastosuj wprowadzone zmiany.<\/li>\n        <li>Sko\u0144czy\u0142e\u015b.<\/li>\n    <\/ol>\n    <p>I odwied\u017a <a href=\"https:\/\/elfsight.com\/tutorials\/how-to-embed-pdf-on-website\/#how-to-add-pdf-to-wix\">t\u0119 stron\u0119<\/a>, aby zobaczy\u0107 wszystkie informacje o funkcjach wid\u017cetu.<\/p>\n    <\/div>\r\n\t\t\t\t\t<\/div>\r\n\t\t\t\t<\/div>\n    <div class=\"faq-item\">\r\n\t\t\t\t\t<div class=\"faq-item-question\">\r\n\t\t\t\t\t\t<h3 class=\"faq-item-question-text\">Jak mog\u0119 przetestowa\u0107 dzia\u0142anie wid\u017cetu Osad\u017a PDF?<\/h3>\r\n\r\n\t\t\t\t\t\t<div class=\"faq-item-question-icon\"><\/div>\r\n\t\t\t\t\t<\/div>\r\n\r\n\t\t\t\t\t<div class=\"faq-item-answer\">\r\n\t\t\t\t\t\t<div class=\"faq-item-answer-text\">\n    <p>Mo\u017cesz to \u0142atwo zrobi\u0107, stosuj\u0105c nasze <a href=\"https:\/\/elfsight.com\/pdf-embed-widget\/#demo\">demo<\/a> na \u017cywo. Mo\u017cna go tak\u017ce u\u017cy\u0107 do dodania wid\u017cetu do swojej witryny Wix!<\/p>\n    <\/div>\r\n\t\t\t\t\t<\/div>\r\n\t\t\t\t<\/div>\n<\/div>\n<\/div>\n\n<div class=\"application-platform-content-item-features application-platform-content-item\" id=\"features\" data-nav-section=\"features\">\n<h2>Funkcje<\/h2>\n<p>Aby pom\u00f3c Ci w\u0142a\u015bciwie postrzega\u0107 aplikacj\u0119 PDF, mo\u017cesz przestudiowa\u0107 list\u0119 g\u0142\u00f3wnych funkcji. Dzi\u0119ki nim ten widget jest przydatny dla Twojej firmy:<\/p>\n<ul>\n    <li>Wklej nieograniczon\u0105 liczb\u0119 plik\u00f3w;<\/li>\n    <li>Wariant uk\u0142adu przegl\u0105darki plik\u00f3w, aby przegl\u0105da\u0107 dokumenty w witrynie;<\/li>\n    <li>Przesy\u0142anie obraz\u00f3w dla ikon plik\u00f3w i podgl\u0105d\u00f3w;<\/li>\n    <li>Wy\u015bwietlanie lub ukrywanie etykiety Pobierz dokument;<\/li>\n    <li>6 kolorowych szczeg\u00f3\u0142\u00f3w interfejsu.<\/li>\n<\/ul>\n<p><a href=\"#demo\">Demonstracja na \u017cywo poka\u017ce Ci pe\u0142n\u0105 list\u0119 funkcji<\/a><\/p>\n<\/div>\n\n<div class=\"application-platform-content-item-installation application-platform-content-item\" id=\"installation\" data-nav-section=\"installation\">\n<h2>Dowiedz si\u0119, jak przes\u0142a\u0107 plik PDF do swojego Witryna Wixa. Jest to ca\u0142kowicie proste.<\/h2>\n<div class=\"video-container\"><iframe width=\"720\" height=\"405\" src=\"https:\/\/www.youtube.com\/embed\/jX7z9vePYr8?si=DkBrCBCcOAyChphG\" frameborder=\"0\" allowfullscreen=\"\"><\/iframe><\/div>\n<p>Poni\u017csze czynno\u015bci s\u0105 jedyn\u0105 rzecz\u0105 wymagan\u0105 do skonfigurowania aplikacji na Twojej stronie internetowej. Zajmie to chwil\u0119 i nie wymaga kodowania.<\/p>\n<ol>\n    <li><b>Wygeneruj swoj\u0105 unikaln\u0105 aplikacj\u0119 PDF<\/b><br> Za pomoc\u0105 naszej bezp\u0142atnej wersji demonstracyjnej wygeneruj w\u0142asny widget, dostosowuj\u0105c wygl\u0105d i funkcjonalno\u015b\u0107.<\/li>\n    <li><b>Zdob\u0105d\u017a osobisty kod, aby wy\u015bwietli\u0107 aplikacj\u0119<\/b><br> Po wygenerowaniu widgetu otrzymasz kod instalacyjny z wyskakuj\u0105cego okienka okno aplikacji Elfsight. Skopiuj ten kod.<\/li>\n    <li><b>Prze\u015blij aplikacj\u0119 na swoj\u0105 stron\u0119 Wix<\/b><br> Okre\u015bl obszar, w kt\u00f3rym planujesz wy\u015bwietla\u0107 wid\u017cet i wstaw tam skopiowany kod. Zapisz wyniki.<\/li>\n    <li><b>Gotowe!<\/b><br> Wejd\u017a na stron\u0119, aby wy\u015bwietli\u0107 pliki PDF.<\/li>\n<\/ol>\n<p>Nadal masz w\u0105tpliwo\u015bci? Albo masz problemy? Po prostu napisz pro\u015bb\u0119 do naszego dzia\u0142u obs\u0142ugi klienta, a my odpowiemy na ka\u017cde pytanie.<\/p>\n<\/div>","protected":false},"excerpt":{"rendered":"","protected":false},"author":9,"featured_media":0,"parent":2737,"menu_order":0,"comment_status":"closed","ping_status":"closed","template":"templates\/template-application-platform.php","meta":{"publish_to_discourse":"","publish_post_category":"","wpdc_auto_publish_overridden":"","wpdc_topic_tags":"","wpdc_pin_topic":"","wpdc_pin_until":"","discourse_post_id":"","discourse_permalink":"","wpdc_publishing_response":"","wpdc_publishing_error":"","footnotes":""},"class_list":["post-5838","page","type-page","status-publish","hentry"],"yoast_head":"<!-- This site is optimized with the Yoast SEO plugin v25.3.1 - https:\/\/yoast.com\/wordpress\/plugins\/seo\/ -->\n<title>Przegl\u0105darka PDF - Osad\u017a aplikacj\u0119 PDF na stronie Wix (w 2 minuty)<\/title>\n<meta name=\"description\" content=\"Oto okazja, aby ukszta\u0142towa\u0107 efektywn\u0105 aplikacj\u0119 PDF Viewer i osadzi\u0107 j\u0105 na swojej witrynie Wix. Uzyskaj bezp\u0142atn\u0105 obs\u0142ug\u0119 klienta i inne korzy\u015bci od Elfsight.\" \/>\n<meta name=\"robots\" content=\"index, follow, max-snippet:-1, max-image-preview:large, max-video-preview:-1\" \/>\n<link rel=\"canonical\" href=\"https:\/\/elfsight.com\/pl\/pdf-embed-widget\/wix\/\" \/>\n<meta property=\"og:locale\" content=\"pl_PL\" \/>\n<meta property=\"og:type\" content=\"article\" \/>\n<meta property=\"og:title\" content=\"Przegl\u0105darka PDF - Osad\u017a aplikacj\u0119 PDF na stronie Wix (w 2 minuty)\" \/>\n<meta property=\"og:description\" content=\"Oto okazja, aby ukszta\u0142towa\u0107 efektywn\u0105 aplikacj\u0119 PDF Viewer i osadzi\u0107 j\u0105 na swojej witrynie Wix. Uzyskaj bezp\u0142atn\u0105 obs\u0142ug\u0119 klienta i inne korzy\u015bci od Elfsight.\" \/>\n<meta property=\"og:url\" content=\"https:\/\/elfsight.com\/pl\/pdf-embed-widget\/wix\/\" \/>\n<meta property=\"og:site_name\" content=\"Elfsight PL\" \/>\n<meta property=\"article:modified_time\" content=\"2025-12-19T13:44:23+00:00\" \/>\n<meta name=\"twitter:card\" content=\"summary_large_image\" \/>\n<meta name=\"twitter:label1\" content=\"Szacowany czas czytania\" \/>\n\t<meta name=\"twitter:data1\" content=\"3 minuty\" \/>\n<!-- \/ Yoast SEO plugin. -->","yoast_head_json":{"title":"Przegl\u0105darka PDF - Osad\u017a aplikacj\u0119 PDF na stronie Wix (w 2 minuty)","description":"Oto okazja, aby ukszta\u0142towa\u0107 efektywn\u0105 aplikacj\u0119 PDF Viewer i osadzi\u0107 j\u0105 na swojej witrynie Wix. Uzyskaj bezp\u0142atn\u0105 obs\u0142ug\u0119 klienta i inne korzy\u015bci od Elfsight.","robots":{"index":"index","follow":"follow","max-snippet":"max-snippet:-1","max-image-preview":"max-image-preview:large","max-video-preview":"max-video-preview:-1"},"canonical":"https:\/\/elfsight.com\/pl\/pdf-embed-widget\/wix\/","og_locale":"pl_PL","og_type":"article","og_title":"Przegl\u0105darka PDF - Osad\u017a aplikacj\u0119 PDF na stronie Wix (w 2 minuty)","og_description":"Oto okazja, aby ukszta\u0142towa\u0107 efektywn\u0105 aplikacj\u0119 PDF Viewer i osadzi\u0107 j\u0105 na swojej witrynie Wix. Uzyskaj bezp\u0142atn\u0105 obs\u0142ug\u0119 klienta i inne korzy\u015bci od Elfsight.","og_url":"https:\/\/elfsight.com\/pl\/pdf-embed-widget\/wix\/","og_site_name":"Elfsight PL","article_modified_time":"2025-12-19T13:44:23+00:00","twitter_card":"summary_large_image","twitter_misc":{"Szacowany czas czytania":"3 minuty"},"schema":{"@context":"https:\/\/schema.org","@graph":[{"@type":"WebPage","@id":"https:\/\/elfsight.com\/pl\/pdf-embed-widget\/wix\/","url":"https:\/\/elfsight.com\/pl\/pdf-embed-widget\/wix\/","name":"Przegl\u0105darka PDF - Osad\u017a aplikacj\u0119 PDF na stronie Wix (w 2 minuty)","isPartOf":{"@id":"https:\/\/elfsight.com\/pl\/#website"},"datePublished":"1970-01-01T00:00:00+00:00","dateModified":"2025-12-19T13:44:23+00:00","description":"Oto okazja, aby ukszta\u0142towa\u0107 efektywn\u0105 aplikacj\u0119 PDF Viewer i osadzi\u0107 j\u0105 na swojej witrynie Wix. Uzyskaj bezp\u0142atn\u0105 obs\u0142ug\u0119 klienta i inne korzy\u015bci od Elfsight.","breadcrumb":{"@id":"https:\/\/elfsight.com\/pl\/pdf-embed-widget\/wix\/#breadcrumb"},"inLanguage":"pl-PL","potentialAction":[{"@type":"ReadAction","target":["https:\/\/elfsight.com\/pl\/pdf-embed-widget\/wix\/"]}]},{"@type":"BreadcrumbList","@id":"https:\/\/elfsight.com\/pl\/pdf-embed-widget\/wix\/#breadcrumb","itemListElement":[{"@type":"ListItem","position":1,"name":"Home","item":"https:\/\/elfsight.com\/pl\/"},{"@type":"ListItem","position":2,"name":"PDF Embed","item":"https:\/\/elfsight.com\/pl\/pdf-embed-widget\/"},{"@type":"ListItem","position":3,"name":"PDF Embed &#8211; Wix"}]},{"@type":"WebSite","@id":"https:\/\/elfsight.com\/pl\/#website","url":"https:\/\/elfsight.com\/pl\/","name":"Elfsight PL","description":"Just another Elfsight Sites site","potentialAction":[{"@type":"SearchAction","target":{"@type":"EntryPoint","urlTemplate":"https:\/\/elfsight.com\/pl\/?s={search_term_string}"},"query-input":{"@type":"PropertyValueSpecification","valueRequired":true,"valueName":"search_term_string"}}],"inLanguage":"pl-PL"}]}},"meta_box":{"industry":"","seo_heading":"","heading":"","description":"","cta_heading":"","cta_description":"","application":"2736","h1":"Aplikacja Wix PDF Embed","h1_caption":"Osadzaj dokumenty PDF na swojej stronie internetowej, aby \u0142atwo je przegl\u0105da\u0107 i pobiera\u0107 bez konieczno\u015bci przekierowywania odwiedzaj\u0105cych na Twoj\u0105 witryn\u0119 Wix.","application_category":[],"applications_title":"","applications_request_title":"","applications_request_button_text":"","hero_text":"","hero_video":"","hero_video_schema_markup":"","selling_points_title":"","selling_points_caption":"","selling_points":[],"selling_points_cta_text":"","features_title":"","features":"","ed_cta_examples_text":"","ed_cta_examples_hidden":"","ed_cta_demo_text":"","ed_cta_demo_hidden":"","why_caption":"","why_editor_title":"","why_editor_text":"","why_team_title":"","why_team_text":"","why_service_title":"","why_service_text":"","template_catalog_visible":"0","template_catalog_title":"","template_catalog_text":"","template_catalog_categories_visible":"","demo_title":"Utw\u00f3rz aplikacj\u0119 do osadzania plik\u00f3w PDF","demo_caption":"Skonfiguruj osadzanie plik\u00f3w PDF i dodaj je do swojej witryny Wix za darmo!","default_faq_hidden":"","app_template_category":[],"platform":"30","template_public_id":"","codecanyon_url":"","codecanyon_item_id":"","codecanyon_price":"","pricing_caption":"","pricing_elfsight_apps_hide_column":"","pricing_elfsight_apps_url":"","pricing_codecanyon_price_caption":"","integration_category":[],"integration_request_title":"","integration_request_cta":"","integration_platform":"","integrations":[],"platform_category":[],"video_schema_markup":"","price":"od 0 USD \/ miesi\u0105c","trial":"","benefits":[{"text":"Bezp\u0142atna us\u0142uga monta\u017cu"},{"text":"Do\u015bwiadczona obs\u0142uga klienta"},{"text":"14-dniowa gwarancja zwrotu pieni\u0119dzy"}],"button_url":"#demo","button_target_blank":"0","button_nofollow":"0","attributes":[{"name":"Instaluje"},{"name":"Czu\u0142y"},{"name":"Kompatybilne przegl\u0105darki"}],"tags":[],"tags_disable_links":"0","hide_more_platforms":"0","video_object":"","demo_hide_cta":"0","demo_hide_cloud_options":"0","pricing_title":"","pricing":[{"pricing_icon":"platform","pricing_title":"Elfsight Apps","pricing_title_caption":"Wersja niezale\u017cna od platformy, kt\u00f3ra pasuje do ka\u017cdej witryny","pricing_price":"od 0 USD \/ miesi\u0105c","pricing_price_caption":"zacznij od bezp\u0142atnego planu","pricing_benefits":[{"text":"Nieograniczona liczba domen"},{"text":"Szybkie wsparcie"},{"text":"Bezp\u0142atna us\u0142uga monta\u017cu"},{"text":"Oferta specjalna na wiele aplikacji"}],"pricing_button_text":"Dodaj do witryny","pricing_button_url":"#demo"}],"related_apps_title":"","related_apps_hidden":"0","author":"","image":[],"title":"","job":"","social_networks":[]},"_links":{"self":[{"href":"https:\/\/elfsight.com\/pl\/wp-json\/wp\/v2\/pages\/5838","targetHints":{"allow":["GET"]}}],"collection":[{"href":"https:\/\/elfsight.com\/pl\/wp-json\/wp\/v2\/pages"}],"about":[{"href":"https:\/\/elfsight.com\/pl\/wp-json\/wp\/v2\/types\/page"}],"author":[{"embeddable":true,"href":"https:\/\/elfsight.com\/pl\/wp-json\/wp\/v2\/users\/9"}],"replies":[{"embeddable":true,"href":"https:\/\/elfsight.com\/pl\/wp-json\/wp\/v2\/comments?post=5838"}],"version-history":[{"count":4,"href":"https:\/\/elfsight.com\/pl\/wp-json\/wp\/v2\/pages\/5838\/revisions"}],"predecessor-version":[{"id":10827,"href":"https:\/\/elfsight.com\/pl\/wp-json\/wp\/v2\/pages\/5838\/revisions\/10827"}],"up":[{"embeddable":true,"href":"https:\/\/elfsight.com\/pl\/wp-json\/wp\/v2\/pages\/2737"}],"wp:attachment":[{"href":"https:\/\/elfsight.com\/pl\/wp-json\/wp\/v2\/media?parent=5838"}],"curies":[{"name":"wp","href":"https:\/\/api.w.org\/{rel}","templated":true}]}}