{"id":5837,"date":"1970-01-01T00:00:00","date_gmt":"1970-01-01T00:00:00","guid":{"rendered":"https:\/\/elfsight.com\/pl\/?page_id=5837"},"modified":"2024-11-14T12:37:05","modified_gmt":"2024-11-14T12:37:05","slug":"weebly","status":"publish","type":"page","link":"https:\/\/elfsight.com\/pl\/pdf-embed-widget\/weebly\/","title":{"rendered":"PDF Embed &#8211; Weebly"},"content":{"rendered":"<div class=\"application-platform-content-item-description application-platform-content-item\" id=\"description\" data-nav-section=\"description\"> <h2>Opis<\/h2> <p>Korzystaj\u0105c z aplikacji Elfsight PDF, mo\u017cesz wygodnie i najszybciej dodawa\u0107 dokumenty PDF do swojej witryny. Dla wi\u0119kszej \u0142atwo\u015bci u\u017cytkowania pliki mo\u017cna osadza\u0107, po prostu przesy\u0142aj\u0105c je, wed\u0142ug ich adres\u00f3w URL lub wybieraj\u0105c spo\u015br\u00f3d ostatnio przes\u0142anych. Mo\u017cesz nada\u0107 ka\u017cdemu dokumentowi nazw\u0119, przes\u0142a\u0107 w\u0142asn\u0105 ikon\u0119 lub obraz, wybra\u0107 wariant uk\u0142adu plik\u00f3w i inne. Odbiorcy witryny mog\u0105 czyta\u0107 pliki bezpo\u015brednio w witrynie, otwiera\u0107 je w nowej karcie i pobiera\u0107. <\/p> <div class=\"faq\" data-component=\"FAQ\"> <div class=\"faq-item\">\r\n\t\t\t\t\t<div class=\"faq-item-question\">\r\n\t\t\t\t\t\t<h3 class=\"faq-item-question-text\">Gdzie mog\u0119 zainstalowa\u0107 wid\u017cet<\/h3>\r\n\r\n\t\t\t\t\t\t<div class=\"faq-item-question-icon\"><\/div>\r\n\t\t\t\t\t<\/div>\r\n\r\n\t\t\t\t\t<div class=\"faq-item-answer\">\r\n\t\t\t\t\t\t<div class=\"faq-item-answer-text\"> <p>Mo\u017cesz \u0142atwo wy\u015bwietli\u0107 osadzenie pliku na dowolnej stronie witryny. Mo\u017cesz go wi\u0119c zastosowa\u0107 do wstawiania dokument\u00f3w lub specyfikacji produkt\u00f3w na stronach produkt\u00f3w lub publikowania dyplom\u00f3w i certyfikat\u00f3w na stronie docelowej. <\/p> <\/div>\r\n\t\t\t\t\t<\/div>\r\n\t\t\t\t<\/div> <div class=\"faq-item\">\r\n\t\t\t\t\t<div class=\"faq-item-question\">\r\n\t\t\t\t\t\t<h3 class=\"faq-item-question-text\">Jakie korzy\u015bci mog\u0119 zyska\u0107 dzi\u0119ki wid\u017cetowi? <\/h3>\r\n\r\n\t\t\t\t\t\t<div class=\"faq-item-question-icon\"><\/div>\r\n\t\t\t\t\t<\/div>\r\n\r\n\t\t\t\t\t<div class=\"faq-item-answer\">\r\n\t\t\t\t\t\t<div class=\"faq-item-answer-text\"> <p>Ten wid\u017cet pozwoli Ci zaoszcz\u0119dzi\u0107 mn\u00f3stwo czasu, poniewa\u017c dzi\u0119ki niemu opublikowanie dokument\u00f3w w Twojej witrynie zajmie tylko kilka sekund . Co wi\u0119cej, pomaga Ci uzyska\u0107 wiele cennych informacji o Twoich produktach lub us\u0142ugach i poprawi\u0107 spos\u00f3b, w jaki u\u017cytkownicy rozumiej\u0105 Twoje produkty i korzystaj\u0105 z nich. <\/p> <\/div>\r\n\t\t\t\t\t<\/div>\r\n\t\t\t\t<\/div> <div class=\"faq-item\">\r\n\t\t\t\t\t<div class=\"faq-item-question\">\r\n\t\t\t\t\t\t<h3 class=\"faq-item-question-text\">Jak doda\u0107 osadzanie plik\u00f3w PDF do mojej witryny internetowej Weebly? <\/h3>\r\n\r\n\t\t\t\t\t\t<div class=\"faq-item-question-icon\"><\/div>\r\n\t\t\t\t\t<\/div>\r\n\r\n\t\t\t\t\t<div class=\"faq-item-answer\">\r\n\t\t\t\t\t\t<div class=\"faq-item-answer-text\"> <p>Potrzebujesz tylko kilku minut, aby aktywowa\u0107 wid\u017cet. Integracja jest bezp\u0142atna, bardzo szybka i nie wymaga kodowania. <\/p> <p>Elfsight PDF Embed mo\u017cna doda\u0107 za po\u015brednictwem naszej us\u0142ugi lub na rynku. Mo\u017cesz zobaczy\u0107 wi\u0119cej informacji na temat tych dw\u00f3ch wariant\u00f3w i wybra\u0107 sw\u00f3j. <\/p> <\/div>\r\n\t\t\t\t\t<\/div>\r\n\t\t\t\t<\/div> <\/div> <\/div> <div class=\"application-platform-content-item-features application-platform-content-item\" id=\"features\" data-nav-section=\"features\"> <h2>Funkcje<\/h2> <p>Aby mie\u0107 pe\u0142n\u0105 wiedz\u0119 na temat wid\u017cetu, sprawd\u017a list\u0119 jego g\u0142\u00f3wne funkcje. Dzi\u0119ki nim widget b\u0119dzie dla Ciebie maksymalnie efektywny: <\/p> <ul><li>Wstaw nieograniczon\u0105 ilo\u015b\u0107 dokument\u00f3w; <\/li> <li>Opcja uk\u0142adu przegl\u0105darki plik\u00f3w umo\u017cliwiaj\u0105ca przegl\u0105danie dokument\u00f3w na stronie internetowej; <\/li> <li>Prze\u015blij zdj\u0119cia ikon i podgl\u0105d\u00f3w; <\/li> <li>Poka\u017c lub ukryj tekst pliku pobierania; <\/li> <li>6 kolorowych element\u00f3w interfejsu; <\/li> <\/ul><p><a href=\"#demo\">Zobacz wi\u0119cej funkcji w naszej wersji demonstracyjnej na \u017cywo<\/a><\/p> <\/div> <div class=\"application-platform-content-item-installation application-platform-content-item\" id=\"installation\" data-nav-section=\"installation\"> <h2> Dowiedz si\u0119, jak umie\u015bci\u0107 przegl\u0105dark\u0119 plik\u00f3w PDF w swoim sklepie Weebly<\/h2> <div class=\"video-container\"><iframe width=\"720\" height=\"405\" src=\"https:\/\/www.youtube.com\/embed\/kxZYcFAI3OE\" frameborder=\"0\" allowfullscreen=\"\"><\/iframe><\/div><p> Wystarczy wykona\u0107 kilka prostych krok\u00f3w. <\/p> <ol><li><b>Uruchom nasz darmowy edytor i zacznij tworzy\u0107 w\u0142asn\u0105 aplikacj\u0119. <\/b><br> Okre\u015bl po\u017c\u0105dany uk\u0142ad i cechy funkcjonalne aplikacji i zapisz wszystkie zmiany. <\/li> <li><b>Zdob\u0105d\u017a sw\u00f3j osobisty kod, kt\u00f3ry pojawi si\u0119 w oknie aplikacji Elfsight. <\/b><br> Zaraz po wygenerowaniu aplikacji skopiuj kod w wy\u015bwietlonym oknie i zapisz go do wykorzystania w przysz\u0142o\u015bci. <\/li> <li><b>Zacznij korzysta\u0107 z aplikacji na swojej stronie internetowej Weebly. <\/b><br> Umie\u015b\u0107 skopiowany ostatnio kod na swojej stronie internetowej i zapisz poprawki. <\/li> <li><b>Konfiguracja zosta\u0142a pomy\u015blnie przeprowadzona. <\/b><br> Przejd\u017a na swoj\u0105 stron\u0119 internetow\u0105, aby sprawdzi\u0107 dzia\u0142anie aplikacji. <\/li><\/ol><p>Nadal nie jeste\u015b pewien? Lub masz pytania? Wystarczy napisa\u0107 wniosek do naszego dzia\u0142u obs\u0142ugi klienta, kt\u00f3ry rozwi\u0105\u017ce ka\u017cde pytanie. <\/p> <\/div>","protected":false},"excerpt":{"rendered":"","protected":false},"author":9,"featured_media":0,"parent":2737,"menu_order":0,"comment_status":"closed","ping_status":"closed","template":"templates\/template-application-platform.php","meta":{"publish_to_discourse":"","publish_post_category":"","wpdc_auto_publish_overridden":"","wpdc_topic_tags":"","wpdc_pin_topic":"","wpdc_pin_until":"","discourse_post_id":"","discourse_permalink":"","wpdc_publishing_response":"","wpdc_publishing_error":"","footnotes":""},"class_list":["post-5837","page","type-page","status-publish","hentry"],"yoast_head":"<!-- This site is optimized with the Yoast SEO plugin v25.3.1 - https:\/\/yoast.com\/wordpress\/plugins\/seo\/ -->\n<title>Przegl\u0105darka plik\u00f3w PDF \u2014 umie\u015b\u0107 aplikacj\u0119 PDF w witrynie Weebly (2025)<\/title>\n<meta name=\"description\" content=\"Utworzenie aplikacji przegl\u0105darki plik\u00f3w PDF i umieszczenie jej w witrynie Weebly jest ca\u0142kowicie proste. Obs\u0142uga klienta Elfsight jest bezp\u0142atna i szybka.\" \/>\n<meta name=\"robots\" content=\"index, follow, max-snippet:-1, max-image-preview:large, max-video-preview:-1\" \/>\n<link rel=\"canonical\" href=\"https:\/\/elfsight.com\/pl\/pdf-embed-widget\/weebly\/\" \/>\n<meta property=\"og:locale\" content=\"pl_PL\" \/>\n<meta property=\"og:type\" content=\"article\" \/>\n<meta property=\"og:title\" content=\"Przegl\u0105darka plik\u00f3w PDF \u2014 umie\u015b\u0107 aplikacj\u0119 PDF w witrynie Weebly (2025)\" \/>\n<meta property=\"og:description\" content=\"Utworzenie aplikacji przegl\u0105darki plik\u00f3w PDF i umieszczenie jej w witrynie Weebly jest ca\u0142kowicie proste. Obs\u0142uga klienta Elfsight jest bezp\u0142atna i szybka.\" \/>\n<meta property=\"og:url\" content=\"https:\/\/elfsight.com\/pl\/pdf-embed-widget\/weebly\/\" \/>\n<meta property=\"og:site_name\" content=\"Elfsight PL\" \/>\n<meta property=\"article:modified_time\" content=\"2024-11-14T12:37:05+00:00\" \/>\n<meta name=\"twitter:card\" content=\"summary_large_image\" \/>\n<meta name=\"twitter:label1\" content=\"Szacowany czas czytania\" \/>\n\t<meta name=\"twitter:data1\" content=\"3 minuty\" \/>\n<!-- \/ Yoast SEO plugin. -->","yoast_head_json":{"title":"Przegl\u0105darka plik\u00f3w PDF \u2014 umie\u015b\u0107 aplikacj\u0119 PDF w witrynie Weebly (2025)","description":"Utworzenie aplikacji przegl\u0105darki plik\u00f3w PDF i umieszczenie jej w witrynie Weebly jest ca\u0142kowicie proste. Obs\u0142uga klienta Elfsight jest bezp\u0142atna i szybka.","robots":{"index":"index","follow":"follow","max-snippet":"max-snippet:-1","max-image-preview":"max-image-preview:large","max-video-preview":"max-video-preview:-1"},"canonical":"https:\/\/elfsight.com\/pl\/pdf-embed-widget\/weebly\/","og_locale":"pl_PL","og_type":"article","og_title":"Przegl\u0105darka plik\u00f3w PDF \u2014 umie\u015b\u0107 aplikacj\u0119 PDF w witrynie Weebly (2025)","og_description":"Utworzenie aplikacji przegl\u0105darki plik\u00f3w PDF i umieszczenie jej w witrynie Weebly jest ca\u0142kowicie proste. Obs\u0142uga klienta Elfsight jest bezp\u0142atna i szybka.","og_url":"https:\/\/elfsight.com\/pl\/pdf-embed-widget\/weebly\/","og_site_name":"Elfsight PL","article_modified_time":"2024-11-14T12:37:05+00:00","twitter_card":"summary_large_image","twitter_misc":{"Szacowany czas czytania":"3 minuty"},"schema":{"@context":"https:\/\/schema.org","@graph":[{"@type":"WebPage","@id":"https:\/\/elfsight.com\/pl\/pdf-embed-widget\/weebly\/","url":"https:\/\/elfsight.com\/pl\/pdf-embed-widget\/weebly\/","name":"Przegl\u0105darka plik\u00f3w PDF \u2014 umie\u015b\u0107 aplikacj\u0119 PDF w witrynie Weebly (2025)","isPartOf":{"@id":"https:\/\/elfsight.com\/pl\/#website"},"datePublished":"1970-01-01T00:00:00+00:00","dateModified":"2024-11-14T12:37:05+00:00","description":"Utworzenie aplikacji przegl\u0105darki plik\u00f3w PDF i umieszczenie jej w witrynie Weebly jest ca\u0142kowicie proste. Obs\u0142uga klienta Elfsight jest bezp\u0142atna i szybka.","breadcrumb":{"@id":"https:\/\/elfsight.com\/pl\/pdf-embed-widget\/weebly\/#breadcrumb"},"inLanguage":"pl-PL","potentialAction":[{"@type":"ReadAction","target":["https:\/\/elfsight.com\/pl\/pdf-embed-widget\/weebly\/"]}]},{"@type":"BreadcrumbList","@id":"https:\/\/elfsight.com\/pl\/pdf-embed-widget\/weebly\/#breadcrumb","itemListElement":[{"@type":"ListItem","position":1,"name":"Home","item":"https:\/\/elfsight.com\/pl\/"},{"@type":"ListItem","position":2,"name":"PDF Embed","item":"https:\/\/elfsight.com\/pl\/pdf-embed-widget\/"},{"@type":"ListItem","position":3,"name":"PDF Embed &#8211; Weebly"}]},{"@type":"WebSite","@id":"https:\/\/elfsight.com\/pl\/#website","url":"https:\/\/elfsight.com\/pl\/","name":"Elfsight PL","description":"Just another Elfsight Sites site","potentialAction":[{"@type":"SearchAction","target":{"@type":"EntryPoint","urlTemplate":"https:\/\/elfsight.com\/pl\/?s={search_term_string}"},"query-input":{"@type":"PropertyValueSpecification","valueRequired":true,"valueName":"search_term_string"}}],"inLanguage":"pl-PL"}]}},"meta_box":{"industry":"","seo_heading":"","heading":"","description":"","cta_heading":"","cta_description":"","application":"2736","h1":"Aplikacja Weebly PDF Viewer","h1_caption":"Osadzaj dokumenty PDF na swojej stronie internetowej, aby \u0142atwo je przegl\u0105da\u0107 i pobiera\u0107 bez konieczno\u015bci przekierowywania odwiedzaj\u0105cych do Twojej witryny Weebly.","application_category":[],"applications_title":"","applications_request_title":"","applications_request_button_text":"","hero_text":"","hero_video":"","hero_video_schema_markup":"","selling_points_title":"","selling_points_caption":"","selling_points":[],"selling_points_cta_text":"","features_title":"","features":"","ed_cta_examples_text":"","ed_cta_examples_hidden":"","ed_cta_demo_text":"","ed_cta_demo_hidden":"","why_caption":"","why_editor_title":"","why_editor_text":"","why_team_title":"","why_team_text":"","why_service_title":"","why_service_text":"","template_catalog_visible":"","template_catalog_title":"","template_catalog_text":"","template_catalog_categories_visible":"","demo_title":"Utw\u00f3rz aplikacj\u0119 do osadzania plik\u00f3w PDF","demo_caption":"Skonfiguruj osadzanie plik\u00f3w PDF i dodaj je do swojej witryny Weebly za darmo!","default_faq_hidden":"","app_template_category":[],"platform":"132","template_public_id":"","codecanyon_url":"","codecanyon_item_id":"","codecanyon_price":"","pricing_caption":"","pricing_elfsight_apps_hide_column":"","pricing_elfsight_apps_url":"","pricing_codecanyon_price_caption":"","integration_category":[],"integration_request_title":"","integration_request_cta":"","integration_platform":"","integrations":[],"platform_category":[],"video_schema_markup":"","price":"od 0 USD \/ miesi\u0105c","trial":"","benefits":[{"text":"Bezp\u0142atna pomoc w monta\u017cu"},{"text":"Profesjonalna obs\u0142uga klienta"},{"text":"14-dniowa gwarancja zwrotu pieni\u0119dzy"}],"button_url":"#demo","button_target_blank":"","button_nofollow":"","attributes":[{"name":"Instaluje"},{"name":"Czu\u0142y"},{"name":"Kompatybilne przegl\u0105darki"}],"tags":[],"tags_disable_links":"","hide_more_platforms":"","video_object":"","demo_hide_cta":"","demo_hide_cloud_options":"","pricing_title":"","pricing":[{"pricing_icon":"platform","pricing_title":"Elfsight Apps","pricing_title_caption":"Oprogramowanie wieloplatformowe","pricing_price":"od 0 USD \/ miesi\u0105c","pricing_price_caption":"zacznij od bezp\u0142atnego planu","pricing_benefits":[{"text":"Nielimitowane strony internetowe"},{"text":"Profesjonalna obs\u0142uga klienta"},{"text":"Bezp\u0142atna pomoc przy instalacji"},{"text":"Elastyczny projekt"}],"pricing_button_text":"Dodaj do witryny","pricing_button_url":"#demo"}],"related_apps_title":"","related_apps_hidden":"","author":"","image":[],"title":"","job":"","social_networks":[]},"_links":{"self":[{"href":"https:\/\/elfsight.com\/pl\/wp-json\/wp\/v2\/pages\/5837","targetHints":{"allow":["GET"]}}],"collection":[{"href":"https:\/\/elfsight.com\/pl\/wp-json\/wp\/v2\/pages"}],"about":[{"href":"https:\/\/elfsight.com\/pl\/wp-json\/wp\/v2\/types\/page"}],"author":[{"embeddable":true,"href":"https:\/\/elfsight.com\/pl\/wp-json\/wp\/v2\/users\/9"}],"replies":[{"embeddable":true,"href":"https:\/\/elfsight.com\/pl\/wp-json\/wp\/v2\/comments?post=5837"}],"version-history":[{"count":2,"href":"https:\/\/elfsight.com\/pl\/wp-json\/wp\/v2\/pages\/5837\/revisions"}],"predecessor-version":[{"id":7898,"href":"https:\/\/elfsight.com\/pl\/wp-json\/wp\/v2\/pages\/5837\/revisions\/7898"}],"up":[{"embeddable":true,"href":"https:\/\/elfsight.com\/pl\/wp-json\/wp\/v2\/pages\/2737"}],"wp:attachment":[{"href":"https:\/\/elfsight.com\/pl\/wp-json\/wp\/v2\/media?parent=5837"}],"curies":[{"name":"wp","href":"https:\/\/api.w.org\/{rel}","templated":true}]}}