{"id":5832,"date":"1970-01-01T00:00:00","date_gmt":"1970-01-01T00:00:00","guid":{"rendered":"https:\/\/elfsight.com\/pl\/?page_id=5832"},"modified":"2025-06-26T16:13:11","modified_gmt":"2025-06-26T16:13:11","slug":"webflow","status":"publish","type":"page","link":"https:\/\/elfsight.com\/pl\/pdf-embed-widget\/webflow\/","title":{"rendered":"PDF Embed &#8211; Webflow"},"content":{"rendered":"<div class=\"application-platform-content-item-description application-platform-content-item\" id=\"description\" data-nav-section=\"description\"> <h2>Osad\u017a plik PDF Osad\u017a w Webflow za pomoc\u0105 wid\u017cetu Elfsight<\/h2> <p>Dzi\u0119ki wid\u017cetowi Elfsight PDF do\u015bwiadczysz najwygodniejszej i najszybszej integracji dokument\u00f3w PDF na stronach Twojej witryny. Aby u\u0142atwi\u0107 obs\u0142ug\u0119, dokumenty mo\u017cna dodawa\u0107 po prostu przesy\u0142aj\u0105c je, wprowadzaj\u0105c adresy URL lub wybieraj\u0105c je z ostatnio przes\u0142anych. Mo\u017cesz nada\u0107 ka\u017cdemu dokumentowi nazw\u0119, przes\u0142a\u0107 niestandardow\u0105 ikon\u0119 lub obraz podgl\u0105du, wybra\u0107 uk\u0142ad i inne. Twoi go\u015bcie mog\u0105 przegl\u0105da\u0107 dokumenty bezpo\u015brednio na stronie, otwiera\u0107 je w nowej karcie i pobiera\u0107.<\/p> <div class=\"faq\" data-component=\"FAQ\"> <div class=\"faq-item\">\r\n\t\t\t\t\t<div class=\"faq-item-question\">\r\n\t\t\t\t\t\t<h3 class=\"faq-item-question-text\">Gdzie mog\u0119 wstawi\u0107 osadzanie plik\u00f3w PDF<\/h3>\r\n\r\n\t\t\t\t\t\t<div class=\"faq-item-question-icon\"><\/div>\r\n\t\t\t\t\t<\/div>\r\n\r\n\t\t\t\t\t<div class=\"faq-item-answer\">\r\n\t\t\t\t\t\t<div class=\"faq-item-answer-text\"> <p>\u0141atwo wy\u015bwietli\u0107 wid\u017cet osadzania plik\u00f3w na dowolne strony Twojej witryny. Dzi\u0119ki niemu mo\u017cesz na przyk\u0142ad osadzi\u0107 dokumenty lub specyfikacje produkt\u00f3w na odpowiednich stronach produkt\u00f3w lub zaprezentowa\u0107 swoje dyplomy i kwalifikacje na stronie O nas.<\/p> <\/div>\r\n\t\t\t\t\t<\/div>\r\n\t\t\t\t<\/div> <div class=\"faq-item\">\r\n\t\t\t\t\t<div class=\"faq-item-question\">\r\n\t\t\t\t\t\t<h3 class=\"faq-item-question-text\">Jakie korzy\u015bci mi to da?<\/h3>\r\n\r\n\t\t\t\t\t\t<div class=\"faq-item-question-icon\"><\/div>\r\n\t\t\t\t\t<\/div>\r\n\r\n\t\t\t\t\t<div class=\"faq-item-answer\">\r\n\t\t\t\t\t\t<div class=\"faq-item-answer-text\"> <p>Widget firmy Elfsight mo\u017ce zaoszcz\u0119dzi\u0107 mn\u00f3stwo czasu, poniewa\u017c dzi\u0119ki niemu integracja materia\u0142\u00f3w na Twojej stronie trwa zaledwie kilka sekund. Ponadto pomaga dostarczy\u0107 wiele cennych informacji o ofertach i us\u0142ugach oraz zwi\u0119kszy\u0107 \u015bwiadomo\u015b\u0107 klient\u00f3w na temat Twoich produkt\u00f3w.<\/p> <\/div>\r\n\t\t\t\t\t<\/div>\r\n\t\t\t\t<\/div> <div class=\"faq-item\">\r\n\t\t\t\t\t<div class=\"faq-item-question\">\r\n\t\t\t\t\t\t<h3 class=\"faq-item-question-text\">Czego potrzebuj\u0119, aby doda\u0107 osadzanie plik\u00f3w PDF do mojego przep\u0142ywu w sieci Web stron\u0119 internetow\u0105?<\/h3>\r\n\r\n\t\t\t\t\t\t<div class=\"faq-item-question-icon\"><\/div>\r\n\t\t\t\t\t<\/div>\r\n\r\n\t\t\t\t\t<div class=\"faq-item-answer\">\r\n\t\t\t\t\t\t<div class=\"faq-item-answer-text\"> <p>Aktywacja wid\u017cetu zajmuje tylko minut\u0119. Proces osadzania jest naprawd\u0119 szybki, bezp\u0142atny i nie wymaga kodowania. <\/p> <p>Wid\u017cet mo\u017cesz wprowadzi\u0107 na stron\u0119 internetow\u0105 za po\u015brednictwem naszego serwisu. Po prostu wykonaj poni\u017cszy przewodnik na tej stronie.<\/p> <\/div>\r\n\t\t\t\t\t<\/div>\r\n\t\t\t\t<\/div> <\/div> <\/div> <div class=\"application-platform-content-item-features application-platform-content-item\" id=\"features\" data-nav-section=\"features\"> <h2>G\u0142\u00f3wne funkcje wid\u017cetu Osadzanie plik\u00f3w PDF<\/h2> <p> Aby uzyska\u0107 lepszy pomys\u0142 na osadzanie plik\u00f3w PDF, mo\u017cesz rzuci\u0107 okiem na list\u0119 jego podstawowych funkcji. Dzi\u0119ki nim ten widget jest dla Ciebie naprawd\u0119 skuteczny: <\/p> <ul><li>Dodawaj nieograniczon\u0105 liczb\u0119 plik\u00f3w;<\/li> <li>Wariant uk\u0142adu przegl\u0105darki plik\u00f3w do przegl\u0105dania dokument\u00f3w na stronie internetowej;<\/li> <li>Prze\u015blij obrazy dla ikon plik\u00f3w i podgl\u0105d\u00f3w;<\/li> <li>Pokazywanie lub wy\u0142\u0105czanie etykiety Pobierz plik;<\/li> <li>Sze\u015b\u0107 element\u00f3w interfejsu wid\u017cetu do malowania;<\/li> <\/ul><p><a href=\"#demo\">Nasza demonstracja poka\u017ce Ci wszystkie funkcje<\/a><\/p> <\/div> <div class=\"application-platform-content-item-installation application-platform-content-item\" id=\"installation\" data-nav-section=\"installation\"> <h2>Zobacz, jak wprowadzi\u0107 przegl\u0105dark\u0119 plik\u00f3w PDF do swojej witryny Webflow<\/h2> <div class=\"video-container\"><iframe width=\"720\" height=\"405\" src=\"https:\/\/www.youtube.com\/embed\/9Xdf6c5M5DE\" frameborder=\"0\" allowfullscreen=\"\"><\/iframe><\/div><p>Poni\u017csze kroki to jedyne, co musisz zrobi\u0107, aby wid\u017cet dzia\u0142a\u0142. <\/p> <ol><li><b>Utw\u00f3rz w\u0142asny wid\u017cet PDF<\/b><br> W naszym darmowym edytorze utw\u00f3rz w\u0142asn\u0105 wtyczk\u0119, wybieraj\u0105c opcje wygl\u0105du i funkcjonalno\u015bci.<\/li><li><b>Odbierz indywidualny kod do zainstalowania wtyczki<\/b><br> Po ustawieniu wid\u017cetu, kod instalacyjny otrzymasz w wy\u015bwietlonym oknie aplikacji Elfsight. Skopiuj kod do p\u00f3\u017aniejszego wykorzystania.<\/li> <li><b> Wtyczka na Twojej stronie Webflow<\/b><br> Wybierz obszar, w kt\u00f3rym planujesz doda\u0107 wtyczk\u0119 i tam wklej zapisany kod. Zastosuj wyniki.<\/li> <li><b>Gotowe!<\/b><br> Przejd\u017a do swojego sklepu i obejrzyj swoj\u0105 prac\u0119.<\/li> <\/ol><p> Nadal nie mo\u017cesz si\u0119 zdecydowa\u0107? Lub masz pytania do zadania? Po prostu wy\u015blij zapytanie do naszego dzia\u0142u obs\u0142ugi klienta, a oni rozwi\u0105\u017c\u0105 ka\u017cdy problem. <\/p> <\/div>\n","protected":false},"excerpt":{"rendered":"","protected":false},"author":9,"featured_media":0,"parent":2737,"menu_order":0,"comment_status":"closed","ping_status":"closed","template":"templates\/template-application-platform.php","meta":{"publish_to_discourse":"","publish_post_category":"","wpdc_auto_publish_overridden":"","wpdc_topic_tags":"","wpdc_pin_topic":"","wpdc_pin_until":"","discourse_post_id":"","discourse_permalink":"","wpdc_publishing_response":"","wpdc_publishing_error":"","footnotes":""},"class_list":["post-5832","page","type-page","status-publish","hentry"],"yoast_head":"<!-- This site is optimized with the Yoast SEO plugin v25.3.1 - https:\/\/yoast.com\/wordpress\/plugins\/seo\/ -->\n<title>Przegl\u0105darka plik\u00f3w PDF \u2014 osadzaj wid\u017cet PDF na stronie internetowej Webflow (bezp\u0142atnie i szybko)<\/title>\n<meta name=\"description\" content=\"Masz szans\u0119 ukszta\u0142towa\u0107 spersonalizowany wid\u017cet przegl\u0105darki plik\u00f3w PDF i osadzi\u0107 go na swojej stronie internetowej Webflow. Ciesz si\u0119 bezp\u0142atn\u0105 obs\u0142ug\u0105 klienta i innymi bonusami od Elfsight.\" \/>\n<meta name=\"robots\" content=\"index, follow, max-snippet:-1, max-image-preview:large, max-video-preview:-1\" \/>\n<link rel=\"canonical\" href=\"https:\/\/elfsight.com\/pl\/pdf-embed-widget\/webflow\/\" \/>\n<meta property=\"og:locale\" content=\"pl_PL\" \/>\n<meta property=\"og:type\" content=\"article\" \/>\n<meta property=\"og:title\" content=\"Przegl\u0105darka plik\u00f3w PDF \u2014 osadzaj wid\u017cet PDF na stronie internetowej Webflow (bezp\u0142atnie i szybko)\" \/>\n<meta property=\"og:description\" content=\"Masz szans\u0119 ukszta\u0142towa\u0107 spersonalizowany wid\u017cet przegl\u0105darki plik\u00f3w PDF i osadzi\u0107 go na swojej stronie internetowej Webflow. Ciesz si\u0119 bezp\u0142atn\u0105 obs\u0142ug\u0105 klienta i innymi bonusami od Elfsight.\" \/>\n<meta property=\"og:url\" content=\"https:\/\/elfsight.com\/pl\/pdf-embed-widget\/webflow\/\" \/>\n<meta property=\"og:site_name\" content=\"Elfsight PL\" \/>\n<meta property=\"article:modified_time\" content=\"2025-06-26T16:13:11+00:00\" \/>\n<meta name=\"twitter:card\" content=\"summary_large_image\" \/>\n<meta name=\"twitter:label1\" content=\"Szacowany czas czytania\" \/>\n\t<meta name=\"twitter:data1\" content=\"3 minuty\" \/>\n<!-- \/ Yoast SEO plugin. -->","yoast_head_json":{"title":"Przegl\u0105darka plik\u00f3w PDF \u2014 osadzaj wid\u017cet PDF na stronie internetowej Webflow (bezp\u0142atnie i szybko)","description":"Masz szans\u0119 ukszta\u0142towa\u0107 spersonalizowany wid\u017cet przegl\u0105darki plik\u00f3w PDF i osadzi\u0107 go na swojej stronie internetowej Webflow. Ciesz si\u0119 bezp\u0142atn\u0105 obs\u0142ug\u0105 klienta i innymi bonusami od Elfsight.","robots":{"index":"index","follow":"follow","max-snippet":"max-snippet:-1","max-image-preview":"max-image-preview:large","max-video-preview":"max-video-preview:-1"},"canonical":"https:\/\/elfsight.com\/pl\/pdf-embed-widget\/webflow\/","og_locale":"pl_PL","og_type":"article","og_title":"Przegl\u0105darka plik\u00f3w PDF \u2014 osadzaj wid\u017cet PDF na stronie internetowej Webflow (bezp\u0142atnie i szybko)","og_description":"Masz szans\u0119 ukszta\u0142towa\u0107 spersonalizowany wid\u017cet przegl\u0105darki plik\u00f3w PDF i osadzi\u0107 go na swojej stronie internetowej Webflow. Ciesz si\u0119 bezp\u0142atn\u0105 obs\u0142ug\u0105 klienta i innymi bonusami od Elfsight.","og_url":"https:\/\/elfsight.com\/pl\/pdf-embed-widget\/webflow\/","og_site_name":"Elfsight PL","article_modified_time":"2025-06-26T16:13:11+00:00","twitter_card":"summary_large_image","twitter_misc":{"Szacowany czas czytania":"3 minuty"},"schema":{"@context":"https:\/\/schema.org","@graph":[{"@type":"WebPage","@id":"https:\/\/elfsight.com\/pl\/pdf-embed-widget\/webflow\/","url":"https:\/\/elfsight.com\/pl\/pdf-embed-widget\/webflow\/","name":"Przegl\u0105darka plik\u00f3w PDF \u2014 osadzaj wid\u017cet PDF na stronie internetowej Webflow (bezp\u0142atnie i szybko)","isPartOf":{"@id":"https:\/\/elfsight.com\/pl\/#website"},"datePublished":"1970-01-01T00:00:00+00:00","dateModified":"2025-06-26T16:13:11+00:00","description":"Masz szans\u0119 ukszta\u0142towa\u0107 spersonalizowany wid\u017cet przegl\u0105darki plik\u00f3w PDF i osadzi\u0107 go na swojej stronie internetowej Webflow. Ciesz si\u0119 bezp\u0142atn\u0105 obs\u0142ug\u0105 klienta i innymi bonusami od Elfsight.","breadcrumb":{"@id":"https:\/\/elfsight.com\/pl\/pdf-embed-widget\/webflow\/#breadcrumb"},"inLanguage":"pl-PL","potentialAction":[{"@type":"ReadAction","target":["https:\/\/elfsight.com\/pl\/pdf-embed-widget\/webflow\/"]}]},{"@type":"BreadcrumbList","@id":"https:\/\/elfsight.com\/pl\/pdf-embed-widget\/webflow\/#breadcrumb","itemListElement":[{"@type":"ListItem","position":1,"name":"Home","item":"https:\/\/elfsight.com\/pl\/"},{"@type":"ListItem","position":2,"name":"PDF Embed","item":"https:\/\/elfsight.com\/pl\/pdf-embed-widget\/"},{"@type":"ListItem","position":3,"name":"PDF Embed &#8211; Webflow"}]},{"@type":"WebSite","@id":"https:\/\/elfsight.com\/pl\/#website","url":"https:\/\/elfsight.com\/pl\/","name":"Elfsight PL","description":"Just another Elfsight Sites site","potentialAction":[{"@type":"SearchAction","target":{"@type":"EntryPoint","urlTemplate":"https:\/\/elfsight.com\/pl\/?s={search_term_string}"},"query-input":{"@type":"PropertyValueSpecification","valueRequired":true,"valueName":"search_term_string"}}],"inLanguage":"pl-PL"}]}},"meta_box":{"industry":"","seo_heading":"","heading":"","description":"","cta_heading":"","cta_description":"","application":"2736","h1":"Widget Webflow do osadzania plik\u00f3w PDF","h1_caption":"Osadzaj dokumenty PDF na swojej stronie internetowej, aby \u0142atwo je przegl\u0105da\u0107 i pobiera\u0107 bez konieczno\u015bci przekierowywania odwiedzaj\u0105cych do Twojej witryny Webflow.","application_category":[],"applications_title":"","applications_request_title":"","applications_request_button_text":"","hero_text":"","hero_video":"","hero_video_schema_markup":"","selling_points_title":"","selling_points_caption":"","selling_points":[],"selling_points_cta_text":"","features_title":"","features":"","ed_cta_examples_text":"","ed_cta_examples_hidden":"","ed_cta_demo_text":"","ed_cta_demo_hidden":"","why_caption":"","why_editor_title":"","why_editor_text":"","why_team_title":"","why_team_text":"","why_service_title":"","why_service_text":"","template_catalog_visible":"0","template_catalog_title":"","template_catalog_text":"","template_catalog_categories_visible":"","demo_title":"Utw\u00f3rz wid\u017cet do osadzania plik\u00f3w PDF","demo_caption":"Skonfiguruj osadzanie plik\u00f3w PDF i dodaj je do swojej witryny Webflow za darmo!","default_faq_hidden":"","app_template_category":[],"platform":"127","template_public_id":"","codecanyon_url":"","codecanyon_item_id":"","codecanyon_price":"","pricing_caption":"","pricing_elfsight_apps_hide_column":"","pricing_elfsight_apps_url":"","pricing_codecanyon_price_caption":"","integration_category":[],"integration_request_title":"","integration_request_cta":"","integration_platform":"","integrations":[],"platform_category":[],"video_schema_markup":"","price":"od 0 USD \/ miesi\u0105c","trial":"","benefits":[{"text":"Bezp\u0142atna pomoc w instalacji"},{"text":"Do\u015bwiadczony zesp\u00f3\u0142 wsparcia"},{"text":"14-dniowa gwarancja zwrotu pieni\u0119dzy"}],"button_url":"#demo","button_target_blank":"0","button_nofollow":"0","attributes":[{"name":"Instaluje"},{"name":"Czu\u0142y"},{"name":"Kompatybilne przegl\u0105darki"}],"tags":[],"tags_disable_links":"0","hide_more_platforms":"0","video_object":"","demo_hide_cta":"0","demo_hide_cloud_options":"0","pricing_title":"","pricing":[{"pricing_icon":"platform","pricing_title":"Elfsight Apps","pricing_title_caption":"Wersja wieloplatformowa, kt\u00f3ra pasuje do ka\u017cdej witryny internetowej","pricing_price":"od 0 USD \/ miesi\u0105c","pricing_price_caption":"zacznij od bezp\u0142atnego planu","pricing_benefits":[{"text":"Nielimitowane strony internetowe"},{"text":"Dedykowana obs\u0142uga klienta"},{"text":"Bezp\u0142atna us\u0142uga monta\u017cu"},{"text":"Specjalna cena za wiele aplikacji"}],"pricing_button_text":"Dodaj do witryny","pricing_button_url":"#demo"}],"related_apps_title":"","related_apps_hidden":"0","author":"","image":[],"title":"","job":"","social_networks":[]},"_links":{"self":[{"href":"https:\/\/elfsight.com\/pl\/wp-json\/wp\/v2\/pages\/5832","targetHints":{"allow":["GET"]}}],"collection":[{"href":"https:\/\/elfsight.com\/pl\/wp-json\/wp\/v2\/pages"}],"about":[{"href":"https:\/\/elfsight.com\/pl\/wp-json\/wp\/v2\/types\/page"}],"author":[{"embeddable":true,"href":"https:\/\/elfsight.com\/pl\/wp-json\/wp\/v2\/users\/9"}],"replies":[{"embeddable":true,"href":"https:\/\/elfsight.com\/pl\/wp-json\/wp\/v2\/comments?post=5832"}],"version-history":[{"count":3,"href":"https:\/\/elfsight.com\/pl\/wp-json\/wp\/v2\/pages\/5832\/revisions"}],"predecessor-version":[{"id":10611,"href":"https:\/\/elfsight.com\/pl\/wp-json\/wp\/v2\/pages\/5832\/revisions\/10611"}],"up":[{"embeddable":true,"href":"https:\/\/elfsight.com\/pl\/wp-json\/wp\/v2\/pages\/2737"}],"wp:attachment":[{"href":"https:\/\/elfsight.com\/pl\/wp-json\/wp\/v2\/media?parent=5832"}],"curies":[{"name":"wp","href":"https:\/\/api.w.org\/{rel}","templated":true}]}}