{"id":5831,"date":"1970-01-01T00:00:00","date_gmt":"1970-01-01T00:00:00","guid":{"rendered":"https:\/\/elfsight.com\/pl\/?page_id=5831"},"modified":"2025-12-19T12:01:42","modified_gmt":"2025-12-19T12:01:42","slug":"squarespace","status":"publish","type":"page","link":"https:\/\/elfsight.com\/pl\/pdf-embed-widget\/squarespace\/","title":{"rendered":"PDF Embed &#8211; Squarespace"},"content":{"rendered":"\n<div class=\"application-platform-content-item-description application-platform-content-item\" id=\"description\" data-nav-section=\"description\"> <h2>Osad\u017a plik PDF Osad\u017a na Squarespace za pomoc\u0105 wid\u017cetu Elfsight<\/h2> <p>Dzi\u0119ki wtyczce Elfsight PDF do\u015bwiadczysz najwygodniejszej i najszybszej integracji ze wszystkich Pliki PDF na Twojej stronie internetowej. Dla wygody u\u017cytkownika pliki mo\u017cna wkleja\u0107 poprzez bezpo\u015brednie przes\u0142anie, dodanie adres\u00f3w URL lub wybranie z listy ostatnio przes\u0142anych plik\u00f3w. Mo\u017cesz nada\u0107 ka\u017cdemu plikowi tytu\u0142, przes\u0142a\u0107 ikon\u0119 lub obraz, wybra\u0107 opcj\u0119 uk\u0142adu plik\u00f3w i nie tylko. Odwiedzaj\u0105cy witryn\u0119 mog\u0105 przegl\u0105da\u0107 dokumenty bezpo\u015brednio w Twojej witrynie, przegl\u0105da\u0107 je w nowej karcie i pobiera\u0107.<\/p> <div class=\"faq\" data-component=\"FAQ\"> <div class=\"faq-item\">\r\n\t\t\t\t\t<div class=\"faq-item-question\">\r\n\t\t\t\t\t\t<h3 class=\"faq-item-question-text\">Jakie dok\u0142adnie inne narz\u0119dzia dla Squarespace masz do zaoferowania? <\/h3>\r\n\r\n\t\t\t\t\t\t<div class=\"faq-item-question-icon\"><\/div>\r\n\t\t\t\t\t<\/div>\r\n\r\n\t\t\t\t\t<div class=\"faq-item-answer\">\r\n\t\t\t\t\t\t<div class=\"faq-item-answer-text\"> <p>Ty Zapraszamy do korzystania z wielu wtyczek do dowolnych cel\u00f3w w Twojej witrynie, niezale\u017cnie od prowadzonej dzia\u0142alno\u015bci. Zobacz niekt\u00f3re z nich: <a href=\"https:\/\/elfsight.com\/pl\/qr-code-widget\/squarespace\/\" target=\"_blank\" rel=\"noopener\">Kod QR<\/a>, <a href=\"https:\/\/elfsight.com\/pl\/google-reviews-widget\/squarespace\/\" target=\"_blank\" rel=\"noopener\">Recenzje Google<\/a>, <a href=\"https:\/\/elfsight.com\/pl\/whatsapp-chat-widget\/squarespace\/\" target=\"_blank\" rel=\"noopener\">Czat WhatsApp<\/a>, <a href=\"https:\/\/elfsight.com\/pl\/event-calendar-widget\/squarespace\/\" target=\"_blank\" rel=\"noopener\">Kalendarz wydarze\u0144<\/a>, <a href=\"https:\/\/elfsight.com\/pl\/countdown-timer-widget\/squarespace\/\" target=\"_blank\" rel=\"noopener\">Timer odliczaj\u0105cy <\/a>.<\/p> <\/div>\r\n\t\t\t\t\t<\/div>\r\n\t\t\t\t<\/div> <div class=\"faq-item\">\r\n\t\t\t\t\t<div class=\"faq-item-question\">\r\n\t\t\t\t\t\t<h3 class=\"faq-item-question-text\">W jaki spos\u00f3b mog\u0119 doda\u0107 wtyczk\u0119 Osad\u017a PDF do mojej witryny Squarespace? <\/h3>\r\n\r\n\t\t\t\t\t\t<div class=\"faq-item-question-icon\"><\/div>\r\n\t\t\t\t\t<\/div>\r\n\r\n\t\t\t\t\t<div class=\"faq-item-answer\">\r\n\t\t\t\t\t\t<div class=\"faq-item-answer-text\"> <p>Mo\u017cesz zintegrowa\u0107 wtyczk\u0119 Osad\u017a PDF ze swoj\u0105 witryn\u0105 Squarespace, aby umo\u017cliwi\u0107 Twoi u\u017cytkownicy pobieraj\u0105 i przesy\u0142aj\u0105 pliki PDF. Wystarczy przej\u015b\u0107 do panelu administracyjnego i wykona\u0107 nast\u0119puj\u0105ce czynno\u015bci: <\/p><ol><li>Przejd\u017a do ustawie\u0144 motywu. <\/li><li>Wybierz blok w witrynie Squarespace, w kt\u00f3rym chcesz osadzi\u0107 przegl\u0105dark\u0119 online plik\u00f3w PDF. <\/li><li>Dodaj kod z us\u0142ugi Elfsight Apps i zapisz zmiany. <\/li><li>Gotowe. <\/li><\/ol><p><a href=\"https:\/\/elfsight.com\/tutorials\/how-to-embed-pdf-on-website\/#how-to-add-pdf-to-squarespace\" target=\"_blank\" rel=\"noopener\">Tutaj<\/a> znajdziesz pe\u0142ny przewodnik dotycz\u0105cy instalacji wtyczki na wszystkich popularnych platformach.<\/p><\/div>\r\n\t\t\t\t\t<\/div>\r\n\t\t\t\t<\/div> <div class=\"faq-item\">\r\n\t\t\t\t\t<div class=\"faq-item-question\">\r\n\t\t\t\t\t\t<h3 class=\"faq-item-question-text\">Czy mog\u0119 przetestowa\u0107 widget wtyczki Embed PDF, gdy jest u\u017cywany?<\/h3>\r\n\r\n\t\t\t\t\t\t<div class=\"faq-item-question-icon\"><\/div>\r\n\t\t\t\t\t<\/div>\r\n\r\n\t\t\t\t\t<div class=\"faq-item-answer\">\r\n\t\t\t\t\t\t<div class=\"faq-item-answer-text\"> Absolutnie! Aby to zrobi\u0107, a tak\u017ce doda\u0107 wtyczk\u0119 do swojej witryny Squarespace, skorzystaj z naszego bezp\u0142atnego, aktywnego <a href=\"https:\/\/elfsight.com\/pl\/pdf-embed-widget\/#demo\">demo<\/a>. <\/div>\r\n\t\t\t\t\t<\/div>\r\n\t\t\t\t<\/div> <\/div><\/div> <div class=\"application-platform-content-item-features application-platform-content-item\" id=\"features\" data-nav-section=\"features\"> <h2>G\u0142\u00f3wne funkcje wid\u017cetu Osadzanie plik\u00f3w PDF<\/h2> <p>Aby mie\u0107 pe\u0142ne poj\u0119cie o osadzaniu plik\u00f3w PDF, wy\u015bwietl lista podstawowych funkcji. Sprawiaj\u0105, \u017ce widget jest naprawd\u0119 efektywny dla Twojej witryny: <\/p> <ul><li>Dodawaj nieograniczon\u0105 ilo\u015b\u0107 dokument\u00f3w; <\/li> <li>Wariant uk\u0142adu przegl\u0105darki plik\u00f3w do czytania dokument\u00f3w w witrynie; <\/li> <li>Opcja przesy\u0142ania zdj\u0119\u0107 ikon plik\u00f3w i podgl\u0105d\u00f3w; <\/li> <li>Opcja pokazania lub ukrycia etykiety Pobierz plik; <\/li> <li> Mo\u017cliwo\u015b\u0107 pomalowania sze\u015bciu szczeg\u00f3\u0142\u00f3w interfejsu; <\/li> <\/ul><p><a href=\"#demo\">Aby pozna\u0107 wszystkie funkcje, zobacz demonstracj\u0119<\/a><\/p> <\/div> <div class=\"application-platform-content-item-installation application-platform-content-item\" id=\"installation\" data-nav-section=\"installation\"> <h2> Sprawd\u017a, jak przes\u0142a\u0107 plik PDF na swoj\u0105 witryn\u0119 Squarespace<\/h2> <div class=\"video-container\"><iframe allowfullscreen=\"\" frameborder=\"0\" height=\"405\" src=\"https:\/\/www.youtube.com\/embed\/PS62sYR8soA?si=RJYAKd1jk85wcnVm\" width=\"720\"><\/iframe><\/div><p> Wystarczy zademonstrowa\u0107 kilka prostych czynno\u015bci.<\/p> <ol><li><b>Wygeneruj niestandardow\u0105 wtyczk\u0119 PDF<\/b><br> Korzystaj\u0105c z naszego bezp\u0142atnego edytora, uzyskaj wtyczk\u0119 z niestandardowym uk\u0142adem i funkcjami. <\/li><li><b>Zdob\u0105d\u017a osobisty kod, aby zainstalowa\u0107 wtyczk\u0119<\/b><br> Po dostosowaniu wid\u017cetu kod instalacyjny uzyskasz z wyskakuj\u0105cego powiadomienia w aplikacji Elfsight. Skopiuj kod. <\/li> <li><b>Dodaj wtyczk\u0119 na swojej stronie Squarespace<\/b><br> Wybierz miejsce, w kt\u00f3rym chcesz umie\u015bci\u0107 wtyczk\u0119 i prze\u015blij tam zapisany kod. Opublikuj zmiany. <\/li> <li><b>Gotowe! <\/b><br> Odwied\u017a swoj\u0105 witryn\u0119, aby sprawdzi\u0107 plik PDF.<\/li> <\/ol><p>Nadal nie mo\u017cesz si\u0119 zdecydowa\u0107? Lub do\u015bwiadczasz problem\u00f3w? Po prostu wy\u015blij zapytanie do naszego dzia\u0142u obs\u0142ugi klienta, a problem zostanie rozwi\u0105zany.<\/p> <\/div>\n","protected":false},"excerpt":{"rendered":"","protected":false},"author":9,"featured_media":0,"parent":2737,"menu_order":0,"comment_status":"closed","ping_status":"closed","template":"templates\/template-application-platform.php","meta":{"publish_to_discourse":"","publish_post_category":"","wpdc_auto_publish_overridden":"","wpdc_topic_tags":"","wpdc_pin_topic":"","wpdc_pin_until":"","discourse_post_id":"","discourse_permalink":"","wpdc_publishing_response":"","wpdc_publishing_error":"","footnotes":""},"class_list":["post-5831","page","type-page","status-publish","hentry"],"yoast_head":"<!-- This site is optimized with the Yoast SEO plugin v25.3.1 - https:\/\/yoast.com\/wordpress\/plugins\/seo\/ -->\n<title>Przegl\u0105darka PDF - Osad\u017a wtyczk\u0119 PDF na stronie Squarespace (w 2 minuty)<\/title>\n<meta name=\"description\" content=\"Dzi\u0119ki Elfsight mo\u017cesz szybko i \u0142atwo stworzy\u0107 wtyczk\u0119 przegl\u0105darki plik\u00f3w PDF i umie\u015bci\u0107 j\u0105 na swojej stronie Squarespace. Oferujemy bezp\u0142atn\u0105 obs\u0142ug\u0119 klienta i wi\u0119cej bonus\u00f3w.\" \/>\n<meta name=\"robots\" content=\"index, follow, max-snippet:-1, max-image-preview:large, max-video-preview:-1\" \/>\n<link rel=\"canonical\" href=\"https:\/\/elfsight.com\/pl\/pdf-embed-widget\/squarespace\/\" \/>\n<meta property=\"og:locale\" content=\"pl_PL\" \/>\n<meta property=\"og:type\" content=\"article\" \/>\n<meta property=\"og:title\" content=\"Przegl\u0105darka PDF - Osad\u017a wtyczk\u0119 PDF na stronie Squarespace (w 2 minuty)\" \/>\n<meta property=\"og:description\" content=\"Dzi\u0119ki Elfsight mo\u017cesz szybko i \u0142atwo stworzy\u0107 wtyczk\u0119 przegl\u0105darki plik\u00f3w PDF i umie\u015bci\u0107 j\u0105 na swojej stronie Squarespace. Oferujemy bezp\u0142atn\u0105 obs\u0142ug\u0119 klienta i wi\u0119cej bonus\u00f3w.\" \/>\n<meta property=\"og:url\" content=\"https:\/\/elfsight.com\/pl\/pdf-embed-widget\/squarespace\/\" \/>\n<meta property=\"og:site_name\" content=\"Elfsight PL\" \/>\n<meta property=\"article:modified_time\" content=\"2025-12-19T12:01:42+00:00\" \/>\n<meta name=\"twitter:card\" content=\"summary_large_image\" \/>\n<meta name=\"twitter:label1\" content=\"Szacowany czas czytania\" \/>\n\t<meta name=\"twitter:data1\" content=\"3 minuty\" \/>\n<!-- \/ Yoast SEO plugin. -->","yoast_head_json":{"title":"Przegl\u0105darka PDF - Osad\u017a wtyczk\u0119 PDF na stronie Squarespace (w 2 minuty)","description":"Dzi\u0119ki Elfsight mo\u017cesz szybko i \u0142atwo stworzy\u0107 wtyczk\u0119 przegl\u0105darki plik\u00f3w PDF i umie\u015bci\u0107 j\u0105 na swojej stronie Squarespace. Oferujemy bezp\u0142atn\u0105 obs\u0142ug\u0119 klienta i wi\u0119cej bonus\u00f3w.","robots":{"index":"index","follow":"follow","max-snippet":"max-snippet:-1","max-image-preview":"max-image-preview:large","max-video-preview":"max-video-preview:-1"},"canonical":"https:\/\/elfsight.com\/pl\/pdf-embed-widget\/squarespace\/","og_locale":"pl_PL","og_type":"article","og_title":"Przegl\u0105darka PDF - Osad\u017a wtyczk\u0119 PDF na stronie Squarespace (w 2 minuty)","og_description":"Dzi\u0119ki Elfsight mo\u017cesz szybko i \u0142atwo stworzy\u0107 wtyczk\u0119 przegl\u0105darki plik\u00f3w PDF i umie\u015bci\u0107 j\u0105 na swojej stronie Squarespace. Oferujemy bezp\u0142atn\u0105 obs\u0142ug\u0119 klienta i wi\u0119cej bonus\u00f3w.","og_url":"https:\/\/elfsight.com\/pl\/pdf-embed-widget\/squarespace\/","og_site_name":"Elfsight PL","article_modified_time":"2025-12-19T12:01:42+00:00","twitter_card":"summary_large_image","twitter_misc":{"Szacowany czas czytania":"3 minuty"},"schema":{"@context":"https:\/\/schema.org","@graph":[{"@type":"WebPage","@id":"https:\/\/elfsight.com\/pl\/pdf-embed-widget\/squarespace\/","url":"https:\/\/elfsight.com\/pl\/pdf-embed-widget\/squarespace\/","name":"Przegl\u0105darka PDF - Osad\u017a wtyczk\u0119 PDF na stronie Squarespace (w 2 minuty)","isPartOf":{"@id":"https:\/\/elfsight.com\/pl\/#website"},"datePublished":"1970-01-01T00:00:00+00:00","dateModified":"2025-12-19T12:01:42+00:00","description":"Dzi\u0119ki Elfsight mo\u017cesz szybko i \u0142atwo stworzy\u0107 wtyczk\u0119 przegl\u0105darki plik\u00f3w PDF i umie\u015bci\u0107 j\u0105 na swojej stronie Squarespace. Oferujemy bezp\u0142atn\u0105 obs\u0142ug\u0119 klienta i wi\u0119cej bonus\u00f3w.","breadcrumb":{"@id":"https:\/\/elfsight.com\/pl\/pdf-embed-widget\/squarespace\/#breadcrumb"},"inLanguage":"pl-PL","potentialAction":[{"@type":"ReadAction","target":["https:\/\/elfsight.com\/pl\/pdf-embed-widget\/squarespace\/"]}]},{"@type":"BreadcrumbList","@id":"https:\/\/elfsight.com\/pl\/pdf-embed-widget\/squarespace\/#breadcrumb","itemListElement":[{"@type":"ListItem","position":1,"name":"Home","item":"https:\/\/elfsight.com\/pl\/"},{"@type":"ListItem","position":2,"name":"PDF Embed","item":"https:\/\/elfsight.com\/pl\/pdf-embed-widget\/"},{"@type":"ListItem","position":3,"name":"PDF Embed &#8211; Squarespace"}]},{"@type":"WebSite","@id":"https:\/\/elfsight.com\/pl\/#website","url":"https:\/\/elfsight.com\/pl\/","name":"Elfsight PL","description":"Just another Elfsight Sites site","potentialAction":[{"@type":"SearchAction","target":{"@type":"EntryPoint","urlTemplate":"https:\/\/elfsight.com\/pl\/?s={search_term_string}"},"query-input":{"@type":"PropertyValueSpecification","valueRequired":true,"valueName":"search_term_string"}}],"inLanguage":"pl-PL"}]}},"meta_box":{"industry":"","seo_heading":"","heading":"","description":"","cta_heading":"","cta_description":"","application":"2736","h1":"Wtyczka Squarespace PDF Embed","h1_caption":"Osadzaj dokumenty PDF na swojej stronie internetowej, aby \u0142atwo je przegl\u0105da\u0107 i pobiera\u0107 bez konieczno\u015bci przekierowywania odwiedzaj\u0105cych do Twojej witryny Squarespace.","application_category":[],"applications_title":"","applications_request_title":"","applications_request_button_text":"","hero_text":"","hero_video":"","hero_video_schema_markup":"","selling_points_title":"","selling_points_caption":"","selling_points":[],"selling_points_cta_text":"","features_title":"","features":"","ed_cta_examples_text":"","ed_cta_examples_hidden":"","ed_cta_demo_text":"","ed_cta_demo_hidden":"","why_caption":"","why_editor_title":"","why_editor_text":"","why_team_title":"","why_team_text":"","why_service_title":"","why_service_text":"","template_catalog_visible":"0","template_catalog_title":"","template_catalog_text":"","template_catalog_categories_visible":"","demo_title":"Utw\u00f3rz wtyczk\u0119 PDF Embed","demo_caption":"Skonfiguruj osadzanie plik\u00f3w PDF i dodaj je do swojej witryny Squarespace za darmo!","default_faq_hidden":"","app_template_category":[],"platform":"7588","template_public_id":"","codecanyon_url":"","codecanyon_item_id":"","codecanyon_price":"","pricing_caption":"","pricing_elfsight_apps_hide_column":"","pricing_elfsight_apps_url":"","pricing_codecanyon_price_caption":"","integration_category":[],"integration_request_title":"","integration_request_cta":"","integration_platform":"","integrations":[],"platform_category":[],"video_schema_markup":"","price":"od 0 USD \/ miesi\u0105c","trial":"","benefits":[{"text":"Bezp\u0142atna pomoc w monta\u017cu"},{"text":"Wsparcie premium"},{"text":"14-dniowa gwarancja zwrotu pieni\u0119dzy"}],"button_url":"#demo","button_target_blank":"0","button_nofollow":"0","attributes":[{"name":"Instaluje"},{"name":"Czu\u0142y"},{"name":"Kompatybilne przegl\u0105darki"}],"tags":[],"tags_disable_links":"0","hide_more_platforms":"0","video_object":"","demo_hide_cta":"0","demo_hide_cloud_options":"0","pricing_title":"","pricing":[{"pricing_icon":"platform","pricing_title":"Elfsight Apps","pricing_title_caption":"Niezale\u017cne od platformy rozwi\u0105zanie cyfrowe","pricing_price":"od 0 USD \/ miesi\u0105c","pricing_price_caption":"zacznij od bezp\u0142atnego planu","pricing_benefits":[{"text":"Nielimitowane strony internetowe"},{"text":"Bezp\u0142atne wsparcie firmy"},{"text":"Bezp\u0142atna pomoc w monta\u017cu"},{"text":"100% konfigurowalny"}],"pricing_button_text":"Dodaj do witryny","pricing_button_url":"#demo"}],"related_apps_title":"","related_apps_hidden":"0","author":"","image":[],"title":"","job":"","social_networks":[]},"_links":{"self":[{"href":"https:\/\/elfsight.com\/pl\/wp-json\/wp\/v2\/pages\/5831","targetHints":{"allow":["GET"]}}],"collection":[{"href":"https:\/\/elfsight.com\/pl\/wp-json\/wp\/v2\/pages"}],"about":[{"href":"https:\/\/elfsight.com\/pl\/wp-json\/wp\/v2\/types\/page"}],"author":[{"embeddable":true,"href":"https:\/\/elfsight.com\/pl\/wp-json\/wp\/v2\/users\/9"}],"replies":[{"embeddable":true,"href":"https:\/\/elfsight.com\/pl\/wp-json\/wp\/v2\/comments?post=5831"}],"version-history":[{"count":6,"href":"https:\/\/elfsight.com\/pl\/wp-json\/wp\/v2\/pages\/5831\/revisions"}],"predecessor-version":[{"id":10826,"href":"https:\/\/elfsight.com\/pl\/wp-json\/wp\/v2\/pages\/5831\/revisions\/10826"}],"up":[{"embeddable":true,"href":"https:\/\/elfsight.com\/pl\/wp-json\/wp\/v2\/pages\/2737"}],"wp:attachment":[{"href":"https:\/\/elfsight.com\/pl\/wp-json\/wp\/v2\/media?parent=5831"}],"curies":[{"name":"wp","href":"https:\/\/api.w.org\/{rel}","templated":true}]}}