{"id":5830,"date":"1970-01-01T00:00:00","date_gmt":"1970-01-01T00:00:00","guid":{"rendered":"https:\/\/elfsight.com\/pl\/?page_id=5830"},"modified":"2025-06-26T16:11:26","modified_gmt":"2025-06-26T16:11:26","slug":"shopify","status":"publish","type":"page","link":"https:\/\/elfsight.com\/pl\/pdf-embed-widget\/shopify\/","title":{"rendered":"PDF Embed &#8211; Shopify"},"content":{"rendered":"<div class=\"application-platform-content-item-description application-platform-content-item\" id=\"description\" data-nav-section=\"description\"> <h2>Osad\u017a plik PDF Osad\u017a na Shopify za pomoc\u0105 wid\u017cetu Elfsight<\/h2> <p>Dzi\u0119ki aplikacji Elfsight PDF uzyskaj najprostsze i najszybsze dodawanie dokument\u00f3w PDF do Twojej witryny. Dla wygody u\u017cytkownika dokumenty mo\u017cna dodawa\u0107 poprzez przes\u0142anie, dodanie adres\u00f3w URL lub wybranie ostatnio przes\u0142anego dokumentu. Mo\u017cesz nada\u0107 ka\u017cdemu dokumentowi w\u0142asny tytu\u0142, przes\u0142a\u0107 w\u0142asn\u0105 ikon\u0119 lub obraz, wybra\u0107 wariant uk\u0142adu i wiele wi\u0119cej. Twoi odbiorcy mog\u0105 sprawdzi\u0107 pliki bezpo\u015brednio w witrynie, wy\u015bwietli\u0107 je w nowej karcie i pobra\u0107. <\/p> <div class=\"faq\" data-component=\"FAQ\"> <div class=\"faq-item\">\r\n\t\t\t\t\t<div class=\"faq-item-question\">\r\n\t\t\t\t\t\t<h3 class=\"faq-item-question-text\">Gdzie mog\u0119 osadzi\u0107 t\u0119 wtyczk\u0119<\/h3>\r\n\r\n\t\t\t\t\t\t<div class=\"faq-item-question-icon\"><\/div>\r\n\t\t\t\t\t<\/div>\r\n\r\n\t\t\t\t\t<div class=\"faq-item-answer\">\r\n\t\t\t\t\t\t<div class=\"faq-item-answer-text\"> <p>\u0141atwo jest u\u017cy\u0107 funkcji Osad\u017a plik na dowolnej lub wszystkich stronach witryny. Pomo\u017ce Ci to na przyk\u0142ad doda\u0107 dokumenty technologiczne lub specyfikacje na odpowiednich stronach produkt\u00f3w oraz doda\u0107 dyplomy i certyfikaty na stronie O nas. <\/p> <\/div>\r\n\t\t\t\t\t<\/div>\r\n\t\t\t\t<\/div> <div class=\"faq-item\">\r\n\t\t\t\t\t<div class=\"faq-item-question\">\r\n\t\t\t\t\t\t<h3 class=\"faq-item-question-text\">Jak mog\u0119 z tego skorzysta\u0107?<\/h3>\r\n\r\n\t\t\t\t\t\t<div class=\"faq-item-question-icon\"><\/div>\r\n\t\t\t\t\t<\/div>\r\n\r\n\t\t\t\t\t<div class=\"faq-item-answer\">\r\n\t\t\t\t\t\t<div class=\"faq-item-answer-text\"> <p>Nasz widget pozwoli Ci zaoszcz\u0119dzi\u0107 du\u017co czasu, poniewa\u017c dzi\u0119ki niemu dodanie dokument\u00f3w do Twojej witryny zajmie tylko kilka sekund. Co wi\u0119cej, b\u0119dziesz m\u00f3g\u0142 opublikowa\u0107 wiele cennych informacji o swoich produktach lub us\u0142ugach i zyska\u0107 lepsze zrozumienie Twojej oferty przez klient\u00f3w. <\/p> <\/div>\r\n\t\t\t\t\t<\/div>\r\n\t\t\t\t<\/div> <div class=\"faq-item\">\r\n\t\t\t\t\t<div class=\"faq-item-question\">\r\n\t\t\t\t\t\t<h3 class=\"faq-item-question-text\">Jak mog\u0119 osadzi\u0107 plik PDF w mojej witrynie Shopify?<\/h3>\r\n\r\n\t\t\t\t\t\t<div class=\"faq-item-question-icon\"><\/div>\r\n\t\t\t\t\t<\/div>\r\n\r\n\t\t\t\t\t<div class=\"faq-item-answer\">\r\n\t\t\t\t\t\t<div class=\"faq-item-answer-text\"> <p>Osadzanie wid\u017cetu zajmie trzy minuty. Integracja jest niezwykle szybka, bezp\u0142atna i nie wymaga kodowania.<\/p> <p>Elfsight PDF Embed mo\u017cna zainstalowa\u0107 za po\u015brednictwem naszej us\u0142ugi lub za po\u015brednictwem rynku. Tutaj mo\u017cesz zobaczy\u0107 zalety tych opcji i wybra\u0107 swoj\u0105. <\/p> <\/div>\r\n\t\t\t\t\t<\/div>\r\n\t\t\t\t<\/div> <\/div> <\/div><div class=\"application-platform-content-item-features application-platform-content-item\" id=\"features\" data-nav-section=\"features\"> <h2>G\u0142\u00f3wne funkcje wid\u017cetu Osadzanie plik\u00f3w PDF<\/h2> <p>Aby uzyska\u0107 lepsz\u0105 widoczno\u015b\u0107 osadzania plik\u00f3w PDF, przejrzyj list\u0119 podstawowych cech. Sprawiaj\u0105, \u017ce wid\u017cet jest maksymalnie korzystny dla Twojej firmy: <\/p> <ul><li>Wklejanie nieograniczonej liczby dokument\u00f3w;<\/li> <li>Wariant uk\u0142adu przegl\u0105darki plik\u00f3w do czytania dokument\u00f3w na stronie;<\/li> <li>Przesy\u0142anie obrazy ikon plik\u00f3w i podgl\u0105d\u00f3w;<\/li> <li>Wy\u015bwietl lub ukryj etykiet\u0119 Pobierz plik;<\/li> <li>Sze\u015b\u0107 szczeg\u00f3\u0142\u00f3w interfejsu do pomalowania;<\/li> <\/ul><p><a href=\"#demo\">Odkryj wi\u0119cej funkcji w wersji demonstracyjnej<\/a><\/p> <\/div> <div class=\"application-platform-content-item-installation application-platform-content-item\" id=\"installation\" data-nav-section=\"installation\"> <h2>Zobaczmy, jak osadzi\u0107 przegl\u0105dark\u0119 plik\u00f3w PDF w sklepie Shopify<\/h2><div class=\"video-container\"><iframe width=\"720\" height=\"405\" src=\"https:\/\/www.youtube.com\/embed\/imqpdyPW2MY\" frameborder=\"0\" allowfullscreen=\"\"><\/iframe>e&gt;<\/div><p>Te kilka czynno\u015bci to jedyne, co musisz zrobi\u0107, aby zintegrowa\u0107 widget. <\/p> <ol><li><b>Skorzystaj z naszego bezp\u0142atnego konfiguratora i zacznij tworzy\u0107 w\u0142asn\u0105 aplikacj\u0119. <\/b><br> Okre\u015bl preferowany interfejs i opcje aplikacji oraz zapisz wszystkie zmiany. <\/li> <li><b>Odbierz indywidualny kod pojawiaj\u0105cy si\u0119 w specjalnym formularzu w aplikacjach Elfsight. <\/b><br> Po zako\u0144czeniu konfigurowania aplikacji skopiuj kod z wyskakuj\u0105cego okienka i zachowaj go na dalsze potrzeby. <\/li> <li><b>Rozpocznij korzystanie z aplikacji w witrynie Shopify. <\/b><br> Wklej ostatnio zapisany kod na swojej stronie i zapisz zmiany. <\/li> <li><b>Gotowe! Integracja zosta\u0142a ca\u0142kowicie zako\u0144czona. <\/b><br> Otw\u00f3rz swoj\u0105 witryn\u0119, aby sprawdzi\u0107 dzia\u0142anie aplikacji. <\/li><\/ol><p>Nadal nie podj\u0105\u0142e\u015b decyzji? Lub masz pytania? Po prostu wy\u015blij e-mail ze swoj\u0105 pro\u015bb\u0105 do naszego zespo\u0142u wsparcia, a problem zostanie rozwi\u0105zany. <\/p> <\/div>\n","protected":false},"excerpt":{"rendered":"","protected":false},"author":9,"featured_media":0,"parent":2737,"menu_order":0,"comment_status":"closed","ping_status":"closed","template":"templates\/template-application-platform.php","meta":{"publish_to_discourse":"","publish_post_category":"","wpdc_auto_publish_overridden":"","wpdc_topic_tags":"","wpdc_pin_topic":"","wpdc_pin_until":"","discourse_post_id":"","discourse_permalink":"","wpdc_publishing_response":"","wpdc_publishing_error":"","footnotes":""},"class_list":["post-5830","page","type-page","status-publish","hentry"],"yoast_head":"<!-- This site is optimized with the Yoast SEO plugin v25.3.1 - https:\/\/yoast.com\/wordpress\/plugins\/seo\/ -->\n<title>Przegl\u0105darka plik\u00f3w PDF \u2014 osadzaj aplikacj\u0119 PDF na stronie internetowej Shopify (2025)<\/title>\n<meta name=\"description\" content=\"Kszta\u0142towanie aplikacji przegl\u0105darki plik\u00f3w PDF i osadzanie jej w sklepie Shopify jest maksymalnie \u0142atwe. Obs\u0142uga klienta Elfsight jest bezp\u0142atna i szybka.\" \/>\n<meta name=\"robots\" content=\"index, follow, max-snippet:-1, max-image-preview:large, max-video-preview:-1\" \/>\n<link rel=\"canonical\" href=\"https:\/\/elfsight.com\/pl\/pdf-embed-widget\/shopify\/\" \/>\n<meta property=\"og:locale\" content=\"pl_PL\" \/>\n<meta property=\"og:type\" content=\"article\" \/>\n<meta property=\"og:title\" content=\"Przegl\u0105darka plik\u00f3w PDF \u2014 osadzaj aplikacj\u0119 PDF na stronie internetowej Shopify (2025)\" \/>\n<meta property=\"og:description\" content=\"Kszta\u0142towanie aplikacji przegl\u0105darki plik\u00f3w PDF i osadzanie jej w sklepie Shopify jest maksymalnie \u0142atwe. Obs\u0142uga klienta Elfsight jest bezp\u0142atna i szybka.\" \/>\n<meta property=\"og:url\" content=\"https:\/\/elfsight.com\/pl\/pdf-embed-widget\/shopify\/\" \/>\n<meta property=\"og:site_name\" content=\"Elfsight PL\" \/>\n<meta property=\"article:modified_time\" content=\"2025-06-26T16:11:26+00:00\" \/>\n<meta name=\"twitter:card\" content=\"summary_large_image\" \/>\n<meta name=\"twitter:label1\" content=\"Szacowany czas czytania\" \/>\n\t<meta name=\"twitter:data1\" content=\"3 minuty\" \/>\n<!-- \/ Yoast SEO plugin. -->","yoast_head_json":{"title":"Przegl\u0105darka plik\u00f3w PDF \u2014 osadzaj aplikacj\u0119 PDF na stronie internetowej Shopify (2025)","description":"Kszta\u0142towanie aplikacji przegl\u0105darki plik\u00f3w PDF i osadzanie jej w sklepie Shopify jest maksymalnie \u0142atwe. Obs\u0142uga klienta Elfsight jest bezp\u0142atna i szybka.","robots":{"index":"index","follow":"follow","max-snippet":"max-snippet:-1","max-image-preview":"max-image-preview:large","max-video-preview":"max-video-preview:-1"},"canonical":"https:\/\/elfsight.com\/pl\/pdf-embed-widget\/shopify\/","og_locale":"pl_PL","og_type":"article","og_title":"Przegl\u0105darka plik\u00f3w PDF \u2014 osadzaj aplikacj\u0119 PDF na stronie internetowej Shopify (2025)","og_description":"Kszta\u0142towanie aplikacji przegl\u0105darki plik\u00f3w PDF i osadzanie jej w sklepie Shopify jest maksymalnie \u0142atwe. Obs\u0142uga klienta Elfsight jest bezp\u0142atna i szybka.","og_url":"https:\/\/elfsight.com\/pl\/pdf-embed-widget\/shopify\/","og_site_name":"Elfsight PL","article_modified_time":"2025-06-26T16:11:26+00:00","twitter_card":"summary_large_image","twitter_misc":{"Szacowany czas czytania":"3 minuty"},"schema":{"@context":"https:\/\/schema.org","@graph":[{"@type":"WebPage","@id":"https:\/\/elfsight.com\/pl\/pdf-embed-widget\/shopify\/","url":"https:\/\/elfsight.com\/pl\/pdf-embed-widget\/shopify\/","name":"Przegl\u0105darka plik\u00f3w PDF \u2014 osadzaj aplikacj\u0119 PDF na stronie internetowej Shopify (2025)","isPartOf":{"@id":"https:\/\/elfsight.com\/pl\/#website"},"datePublished":"1970-01-01T00:00:00+00:00","dateModified":"2025-06-26T16:11:26+00:00","description":"Kszta\u0142towanie aplikacji przegl\u0105darki plik\u00f3w PDF i osadzanie jej w sklepie Shopify jest maksymalnie \u0142atwe. Obs\u0142uga klienta Elfsight jest bezp\u0142atna i szybka.","breadcrumb":{"@id":"https:\/\/elfsight.com\/pl\/pdf-embed-widget\/shopify\/#breadcrumb"},"inLanguage":"pl-PL","potentialAction":[{"@type":"ReadAction","target":["https:\/\/elfsight.com\/pl\/pdf-embed-widget\/shopify\/"]}]},{"@type":"BreadcrumbList","@id":"https:\/\/elfsight.com\/pl\/pdf-embed-widget\/shopify\/#breadcrumb","itemListElement":[{"@type":"ListItem","position":1,"name":"Home","item":"https:\/\/elfsight.com\/pl\/"},{"@type":"ListItem","position":2,"name":"PDF Embed","item":"https:\/\/elfsight.com\/pl\/pdf-embed-widget\/"},{"@type":"ListItem","position":3,"name":"PDF Embed &#8211; Shopify"}]},{"@type":"WebSite","@id":"https:\/\/elfsight.com\/pl\/#website","url":"https:\/\/elfsight.com\/pl\/","name":"Elfsight PL","description":"Just another Elfsight Sites site","potentialAction":[{"@type":"SearchAction","target":{"@type":"EntryPoint","urlTemplate":"https:\/\/elfsight.com\/pl\/?s={search_term_string}"},"query-input":{"@type":"PropertyValueSpecification","valueRequired":true,"valueName":"search_term_string"}}],"inLanguage":"pl-PL"}]}},"meta_box":{"industry":"","seo_heading":"","heading":"","description":"","cta_heading":"","cta_description":"","application":"2736","h1":"Aplikacja Shopify PDF Embed","h1_caption":"Osadzaj dokumenty PDF na swojej stronie internetowej, aby \u0142atwo je przegl\u0105da\u0107 i pobiera\u0107 bez konieczno\u015bci przekierowywania odwiedzaj\u0105cych do Twojej witryny Shopify.","application_category":[],"applications_title":"","applications_request_title":"","applications_request_button_text":"","hero_text":"","hero_video":"","hero_video_schema_markup":"","selling_points_title":"","selling_points_caption":"","selling_points":[],"selling_points_cta_text":"","features_title":"","features":"","ed_cta_examples_text":"","ed_cta_examples_hidden":"","ed_cta_demo_text":"","ed_cta_demo_hidden":"","why_caption":"","why_editor_title":"","why_editor_text":"","why_team_title":"","why_team_text":"","why_service_title":"","why_service_text":"","template_catalog_visible":"0","template_catalog_title":"","template_catalog_text":"","template_catalog_categories_visible":"","demo_title":"Utw\u00f3rz aplikacj\u0119 do osadzania plik\u00f3w PDF","demo_caption":"Skonfiguruj osadzanie plik\u00f3w PDF i dodaj je do swojej witryny Shopify za darmo!","default_faq_hidden":"","app_template_category":[],"platform":"7580","template_public_id":"","codecanyon_url":"","codecanyon_item_id":"","codecanyon_price":"","pricing_caption":"","pricing_elfsight_apps_hide_column":"","pricing_elfsight_apps_url":"","pricing_codecanyon_price_caption":"","integration_category":[],"integration_request_title":"","integration_request_cta":"","integration_platform":"","integrations":[],"platform_category":[],"video_schema_markup":"","price":"od 0 USD \/ miesi\u0105c","trial":"","benefits":[{"text":"Bezp\u0142atna us\u0142uga monta\u017cu"},{"text":"Wsparcie premium"},{"text":"14-dniowa gwarancja zwrotu pieni\u0119dzy"}],"button_url":"#demo","button_target_blank":"0","button_nofollow":"0","attributes":[{"name":"Instaluje"},{"name":"Czu\u0142y"},{"name":"Kompatybilne przegl\u0105darki"}],"tags":[],"tags_disable_links":"0","hide_more_platforms":"0","video_object":"","demo_hide_cta":"0","demo_hide_cloud_options":"0","pricing_title":"","pricing":[{"pricing_icon":"cloud","pricing_title":"Elfsight Apps","pricing_title_caption":"Wersja wieloplatformowa, kt\u00f3ra dzia\u0142a na ka\u017cdej stronie internetowej","pricing_price":"od 0 USD \/ miesi\u0105c","pricing_price_caption":"zacznij od bezp\u0142atnego planu","pricing_benefits":[{"text":"Nielimitowane strony internetowe"},{"text":"Wsparcie premium"},{"text":"Bezp\u0142atna us\u0142uga monta\u017cu"},{"text":"Oferta specjalna na wiele aplikacji"}],"pricing_button_text":"Dodaj do witryny","pricing_button_url":"#demo"}],"related_apps_title":"","related_apps_hidden":"0","author":"","image":[],"title":"","job":"","social_networks":[]},"_links":{"self":[{"href":"https:\/\/elfsight.com\/pl\/wp-json\/wp\/v2\/pages\/5830","targetHints":{"allow":["GET"]}}],"collection":[{"href":"https:\/\/elfsight.com\/pl\/wp-json\/wp\/v2\/pages"}],"about":[{"href":"https:\/\/elfsight.com\/pl\/wp-json\/wp\/v2\/types\/page"}],"author":[{"embeddable":true,"href":"https:\/\/elfsight.com\/pl\/wp-json\/wp\/v2\/users\/9"}],"replies":[{"embeddable":true,"href":"https:\/\/elfsight.com\/pl\/wp-json\/wp\/v2\/comments?post=5830"}],"version-history":[{"count":3,"href":"https:\/\/elfsight.com\/pl\/wp-json\/wp\/v2\/pages\/5830\/revisions"}],"predecessor-version":[{"id":10610,"href":"https:\/\/elfsight.com\/pl\/wp-json\/wp\/v2\/pages\/5830\/revisions\/10610"}],"up":[{"embeddable":true,"href":"https:\/\/elfsight.com\/pl\/wp-json\/wp\/v2\/pages\/2737"}],"wp:attachment":[{"href":"https:\/\/elfsight.com\/pl\/wp-json\/wp\/v2\/media?parent=5830"}],"curies":[{"name":"wp","href":"https:\/\/api.w.org\/{rel}","templated":true}]}}