{"id":583,"date":"2020-11-20T13:52:08","date_gmt":"2020-11-20T13:52:08","guid":{"rendered":"https:\/\/elfsight.com\/pl\/?page_id=583"},"modified":"2021-04-21T13:49:37","modified_gmt":"2021-04-21T13:49:37","slug":"kajabi-plugins","status":"publish","type":"page","link":"https:\/\/elfsight.com\/pl\/kajabi-plugins\/","title":{"rendered":"Kajabi plugins"},"content":{"rendered":"\n<h2>Najdoskonalsze pluginy Elfsight dla aktualizacji twojej strony www Kajabi<\/h2>\n\n<p>Przez szereg lat nasz zesp\u00f3\u0142 profesjonalist\u00f3w Elfsight tworzy korzystne i w pe\u0142ni responsywne wid\u017cety chmurowe dla Twojej strony www. Posiadamy zesp\u00f3\u0142 zapewniaj\u0105cy najwy\u017cszej klasy pomoc techniczn\u0105 oraz szybkie \u0142adowanie. Elementy interfejsu Elfsight s\u0142u\u017c\u0105 w\u0142a\u015bcicielom serwis\u00f3w www, edukacyjnych oraz innym na ca\u0142ym \u015bwiecie upora\u0107 si\u0119 z g\u0142\u00f3wnymi zadaniami skuteczniej. \n<\/p>\n\n<p>Aby powi\u0119kszy\u0107 poziom sprzeda\u017cy, wykaza\u0107 5-gwiazdkow\u0105 ocen\u0119 na Twoje us\u0142ugi, zwi\u0119kszy\u0107 zaufanie do swojej marki, wystarczy zainstalowa\u0107 dodatek do Pa\u0144stwa serwisu www. Nasze plany abonamentowe s\u0105 w zakresie od bezp\u0142atnych do premium. \u0141atwo doda\u0107 wszelkie wybrane elementy interfejsu przy u\u017cyciu naszej demonstracji i zobacz jak bardzo mo\u017ce to by\u0107 korzystne w kwestii rozwoju strony internetowej Twojego firmy. <\/p>\n\n<h2>Co sprawia, \u017ce nasze wtyczki Kajabi s\u0105 tak wyj\u0105tkowymi instrumentami dla Twojej witryny? <\/h2>\n\n<p> Poznaj spis g\u0142\u00f3wny cech naszych aplikacji, kt\u00f3re pomagaj\u0105 nam by\u0107 lepszymi, ni\u017c nasi konkurenci: <\/p>\n\n\n<ul>\n<li> Darmowa i szybka obs\u0142uga przy instalacje lub dostosowywanie dodatk\u00f3w; <\/li>\n<li> Adaptacja do wszystkich rozdzielczo\u015bci witryn internetowych i przyjazne dla urz\u0105dze\u0144 mobilnych; <\/li>\n<li> Nie musisz umiej\u0119tno\u015bci programowania; <\/li>\n<li> Szeroka gama opcji dostosowywania; <\/li>\n<li> Rozwi\u0105zania chmurowe pomagaj\u0105 zwi\u0119kszy\u0107 pr\u0119dko\u015b\u0107 \u0142adowania witryny; <\/li>\n<li> Wszystkie dost\u0119pne poprawki s\u0105 nieodp\u0142atne i regularne; <\/li>\n<li> Sprawiedliwe ceny; <\/li>\n<li> Kompetentna pomoc w przypadku problem\u00f3w. <\/li>\n<\/ul>\n\n<p> Sprawd\u017a bezp\u0142atne opcje naszych wtyczek i zastosuj jej potencja\u0142 lub zainstaluj dowolne wymagane rozwi\u0105zanie z 20% rabatem. <\/p>\n\n\n<h2> W jaki spos\u00f3b wstawi\u0107 wid\u017cety Elfsight na swojej stronie internetowej Kajabi <\/h2>\n\n<p> Mo\u017cesz w\u0142\u0105czy\u0107 nasze rozszerzenia, wykonuj\u0105c etapy z dok\u0142adnej instrukcji: <\/p>\n\n\n<ol>\n<li> Wybierz wymagany widget; <\/li>\n<li> Zmie\u0144 wa\u017cne zmiany; <\/li>\n<li> Zastosuj zmiany; <\/li>\n<li> Skopiuj generowany kod; <\/li>\n<li> Wstaw ten kod w potrzebnym miejscu swojej witryny lub szablonu; <\/li>\n<li> Zrobione! Masz zainstalowany wid\u017cet. <\/li>\n<\/ol>\n\n<p> W razie jakichkolwiek pyta\u0144, zapraszamy skontaktowa\u0107 si\u0119 z zespo\u0142em obs\u0142ugi Elfsight. <\/p>\n","protected":false},"excerpt":{"rendered":"Najdoskonalsze pluginy Elfsight dla aktualizacji twojej strony www Kajabi Przez szereg lat nasz zesp\u00f3\u0142 profesjonalist\u00f3w Elfsight tworzy korzystne i w pe\u0142ni responsywne wid\u017cety chmurowe dla Twojej strony www. Posiadamy zesp\u00f3\u0142 zapewniaj\u0105cy najwy\u017cszej klasy pomoc techniczn\u0105 oraz szybkie \u0142adowanie. Elementy interfejsu Elfsight s\u0142u\u017c\u0105 w\u0142a\u015bcicielom serwis\u00f3w www, edukacyjnych oraz innym na ca\u0142ym&#8230;","protected":false},"author":13,"featured_media":0,"parent":0,"menu_order":0,"comment_status":"closed","ping_status":"closed","template":"templates\/template-platform.php","meta":{"publish_to_discourse":"","publish_post_category":"","wpdc_auto_publish_overridden":"","wpdc_topic_tags":"","wpdc_pin_topic":"","wpdc_pin_until":"","discourse_post_id":"","discourse_permalink":"","wpdc_publishing_response":"","wpdc_publishing_error":"","footnotes":""},"class_list":["post-583","page","type-page","status-publish","hentry"],"yoast_head":"<!-- This site is optimized with the Yoast SEO plugin v25.3.1 - https:\/\/yoast.com\/wordpress\/plugins\/seo\/ -->\n<title>Ponad 80 najlepszych darmowych Kajabi plugin\u00f3w dla strony internetowej<\/title>\n<meta name=\"description\" content=\"Spis gratisowych plugin\u00f3w pierwszej klasy dla twojej strony internetowej Kajabi. Pom\u00f3c w personalizacj\u0119 a tak\u017ce rozbudowana gama mo\u017cliwo\u015bci.\" \/>\n<meta name=\"robots\" content=\"index, follow, max-snippet:-1, max-image-preview:large, max-video-preview:-1\" \/>\n<link rel=\"canonical\" href=\"https:\/\/elfsight.com\/pl\/kajabi-plugins\/\" \/>\n<meta property=\"og:locale\" content=\"pl_PL\" \/>\n<meta property=\"og:type\" content=\"article\" \/>\n<meta property=\"og:title\" content=\"Ponad 80 najlepszych darmowych Kajabi plugin\u00f3w dla strony internetowej\" \/>\n<meta property=\"og:description\" content=\"Spis gratisowych plugin\u00f3w pierwszej klasy dla twojej strony internetowej Kajabi. Pom\u00f3c w personalizacj\u0119 a tak\u017ce rozbudowana gama mo\u017cliwo\u015bci.\" \/>\n<meta property=\"og:url\" content=\"https:\/\/elfsight.com\/pl\/kajabi-plugins\/\" \/>\n<meta property=\"og:site_name\" content=\"Elfsight PL\" \/>\n<meta property=\"article:modified_time\" content=\"2021-04-21T13:49:37+00:00\" \/>\n<meta name=\"twitter:card\" content=\"summary_large_image\" \/>\n<meta name=\"twitter:label1\" content=\"Szacowany czas czytania\" \/>\n\t<meta name=\"twitter:data1\" content=\"2 minuty\" \/>\n<!-- \/ Yoast SEO plugin. -->","yoast_head_json":{"title":"Ponad 80 najlepszych darmowych Kajabi plugin\u00f3w dla strony internetowej","description":"Spis gratisowych plugin\u00f3w pierwszej klasy dla twojej strony internetowej Kajabi. Pom\u00f3c w personalizacj\u0119 a tak\u017ce rozbudowana gama mo\u017cliwo\u015bci.","robots":{"index":"index","follow":"follow","max-snippet":"max-snippet:-1","max-image-preview":"max-image-preview:large","max-video-preview":"max-video-preview:-1"},"canonical":"https:\/\/elfsight.com\/pl\/kajabi-plugins\/","og_locale":"pl_PL","og_type":"article","og_title":"Ponad 80 najlepszych darmowych Kajabi plugin\u00f3w dla strony internetowej","og_description":"Spis gratisowych plugin\u00f3w pierwszej klasy dla twojej strony internetowej Kajabi. Pom\u00f3c w personalizacj\u0119 a tak\u017ce rozbudowana gama mo\u017cliwo\u015bci.","og_url":"https:\/\/elfsight.com\/pl\/kajabi-plugins\/","og_site_name":"Elfsight PL","article_modified_time":"2021-04-21T13:49:37+00:00","twitter_card":"summary_large_image","twitter_misc":{"Szacowany czas czytania":"2 minuty"},"schema":{"@context":"https:\/\/schema.org","@graph":[{"@type":"WebPage","@id":"https:\/\/elfsight.com\/pl\/kajabi-plugins\/","url":"https:\/\/elfsight.com\/pl\/kajabi-plugins\/","name":"Ponad 80 najlepszych darmowych Kajabi plugin\u00f3w dla strony internetowej","isPartOf":{"@id":"https:\/\/elfsight.com\/pl\/#website"},"datePublished":"2020-11-20T13:52:08+00:00","dateModified":"2021-04-21T13:49:37+00:00","description":"Spis gratisowych plugin\u00f3w pierwszej klasy dla twojej strony internetowej Kajabi. Pom\u00f3c w personalizacj\u0119 a tak\u017ce rozbudowana gama mo\u017cliwo\u015bci.","breadcrumb":{"@id":"https:\/\/elfsight.com\/pl\/kajabi-plugins\/#breadcrumb"},"inLanguage":"pl-PL","potentialAction":[{"@type":"ReadAction","target":["https:\/\/elfsight.com\/pl\/kajabi-plugins\/"]}]},{"@type":"BreadcrumbList","@id":"https:\/\/elfsight.com\/pl\/kajabi-plugins\/#breadcrumb","itemListElement":[{"@type":"ListItem","position":1,"name":"Home","item":"https:\/\/elfsight.com\/pl\/"},{"@type":"ListItem","position":2,"name":"Kajabi plugins"}]},{"@type":"WebSite","@id":"https:\/\/elfsight.com\/pl\/#website","url":"https:\/\/elfsight.com\/pl\/","name":"Elfsight PL","description":"Just another Elfsight Sites site","potentialAction":[{"@type":"SearchAction","target":{"@type":"EntryPoint","urlTemplate":"https:\/\/elfsight.com\/pl\/?s={search_term_string}"},"query-input":{"@type":"PropertyValueSpecification","valueRequired":true,"valueName":"search_term_string"}}],"inLanguage":"pl-PL"}]}},"meta_box":{"industry":"","seo_heading":"","heading":"","description":"","cta_heading":"","cta_description":"","application":"","h1":"Najlepsze pluginy Kajabi","h1_caption":"Nieodp\u0142atny zbi\u00f3r Plug&Play plugin\u00f3w pierwszej klasy z szerokim wachlarzem mo\u017cliwo\u015bci dla zwi\u0119kszenia pozioma sprzeda\u017cy oraz wype\u0142nienia wszystkich podstawowych zada\u0144 o charakterze handlowym. \u0141atwe integrowanie, bogata oferta mo\u017cliwo\u015bci dostosowywania i wysoko wykwalifikowane wsparcie klienta.","application_category":[],"applications_title":"Zbadaj najbardziej odpowiednie pluginy dla twojej witryny sieci Web w\u015br\u00f3d wszystkich aplikacji nieodp\u0142atnych w edytorze internetowym","applications_request_title":"Nie mo\u017cesz znale\u017a\u0107 odpowiedniego plugina?","applications_request_button_text":"Zam\u00f3w plugin","hero_text":"","hero_video":"","hero_video_schema_markup":"","selling_points_title":"","selling_points_caption":"","selling_points":[],"selling_points_cta_text":"","features_title":"","features":"","ed_cta_examples_text":"","ed_cta_examples_hidden":"","ed_cta_demo_text":"","ed_cta_demo_hidden":"","why_caption":"","why_editor_title":"","why_editor_text":"","why_team_title":"","why_team_text":"","why_service_title":"","why_service_text":"","template_catalog_visible":"","template_catalog_title":"","template_catalog_text":"","template_catalog_categories_visible":"","demo_title":"","demo_caption":"","default_faq_hidden":"","app_template_category":[],"platform":"580","template_public_id":"","codecanyon_url":"","codecanyon_item_id":"","codecanyon_price":"","pricing_caption":"","pricing_elfsight_apps_hide_column":"","pricing_elfsight_apps_url":"","pricing_codecanyon_price_caption":"","integration_category":[],"integration_request_title":"","integration_request_cta":"","integration_platform":"","integrations":[],"platform_category":[],"video_schema_markup":"","price":"","trial":"","benefits":[],"button_url":"","button_target_blank":"","button_nofollow":"","attributes":[],"tags":[],"tags_disable_links":"","hide_more_platforms":"","video_object":"","demo_hide_cta":"","demo_hide_cloud_options":"","pricing_title":"","pricing":[],"related_apps_title":"","related_apps_hidden":"","author":"","image":[],"title":"","job":"","social_networks":[]},"_links":{"self":[{"href":"https:\/\/elfsight.com\/pl\/wp-json\/wp\/v2\/pages\/583","targetHints":{"allow":["GET"]}}],"collection":[{"href":"https:\/\/elfsight.com\/pl\/wp-json\/wp\/v2\/pages"}],"about":[{"href":"https:\/\/elfsight.com\/pl\/wp-json\/wp\/v2\/types\/page"}],"author":[{"embeddable":true,"href":"https:\/\/elfsight.com\/pl\/wp-json\/wp\/v2\/users\/13"}],"replies":[{"embeddable":true,"href":"https:\/\/elfsight.com\/pl\/wp-json\/wp\/v2\/comments?post=583"}],"version-history":[{"count":2,"href":"https:\/\/elfsight.com\/pl\/wp-json\/wp\/v2\/pages\/583\/revisions"}],"predecessor-version":[{"id":585,"href":"https:\/\/elfsight.com\/pl\/wp-json\/wp\/v2\/pages\/583\/revisions\/585"}],"wp:attachment":[{"href":"https:\/\/elfsight.com\/pl\/wp-json\/wp\/v2\/media?parent=583"}],"curies":[{"name":"wp","href":"https:\/\/api.w.org\/{rel}","templated":true}]}}