{"id":5829,"date":"2024-05-03T06:42:20","date_gmt":"2024-05-03T06:42:20","guid":{"rendered":"https:\/\/elfsight.com\/pl\/?page_id=5829"},"modified":"2024-11-14T12:36:56","modified_gmt":"2024-11-14T12:36:56","slug":"opencart","status":"publish","type":"page","link":"https:\/\/elfsight.com\/pl\/pdf-embed-widget\/opencart\/","title":{"rendered":"PDF Embed &#8211; OpenCart"},"content":{"rendered":"<div class=\"application-platform-content-item-description application-platform-content-item\" id=\"description\" data-nav-section=\"description\"> <h2>Opis<\/h2> <p>Dzi\u0119ki wid\u017cetowi Elfsight PDF Embed mo\u017cesz cieszy\u0107 si\u0119 najbardziej wygodnym i najszybszym osadzaniem wielu dokument\u00f3w PDF w swojej witrynie. Aby u\u0142atwi\u0107 obs\u0142ug\u0119, pliki mo\u017cna wstawia\u0107, po prostu przesy\u0142aj\u0105c je, dodaj\u0105c ich adresy URL lub wybieraj\u0105c z listy ostatnio przes\u0142anych plik\u00f3w. Ka\u017cdemu plikowi mo\u017cesz nada\u0107 nazw\u0119, przes\u0142a\u0107 ikon\u0119 i podgl\u0105d obrazu, wybra\u0107 wariant uk\u0142adu plik\u00f3w i wiele wi\u0119cej. Twoi u\u017cytkownicy mog\u0105 przegl\u0105da\u0107 pliki bezpo\u015brednio na stronie, otwiera\u0107 je w nowej karcie przegl\u0105darki i pobiera\u0107. <\/p> <div class=\"faq\" data-component=\"FAQ\"> <div class=\"faq-item\">\r\n\t\t\t\t\t<div class=\"faq-item-question\">\r\n\t\t\t\t\t\t<h3 class=\"faq-item-question-text\">Gdzie w mojej witrynie mog\u0119 opublikowa\u0107 wid\u017cet<\/h3>\r\n\r\n\t\t\t\t\t\t<div class=\"faq-item-question-icon\"><\/div>\r\n\t\t\t\t\t<\/div>\r\n\r\n\t\t\t\t\t<div class=\"faq-item-answer\">\r\n\t\t\t\t\t\t<div class=\"faq-item-answer-text\"> <p>Zastosowanie funkcji File Embed na dowolnej stronie Twojej witryny jest \u0142atwe. Pomo\u017ce Ci na przyk\u0142ad opublikowa\u0107 dokumentacj\u0119 technologiczn\u0105 lub wytyczne na stronach produkt\u00f3w lub doda\u0107 dyplomy i kwalifikacje na stronie O nas.<\/p> <\/div>\r\n\t\t\t\t\t<\/div>\r\n\t\t\t\t<\/div> <div class=\"faq-item\">\r\n\t\t\t\t\t<div class=\"faq-item-question\">\r\n\t\t\t\t\t\t<h3 class=\"faq-item-question-text\">Jak mog\u0119 skorzysta\u0107 z wid\u017cetu?<\/h3>\r\n\r\n\t\t\t\t\t\t<div class=\"faq-item-question-icon\"><\/div>\r\n\t\t\t\t\t<\/div>\r\n\r\n\t\t\t\t\t<div class=\"faq-item-answer\">\r\n\t\t\t\t\t\t<div class=\"faq-item-answer-text\"> <p>Widget Elfsight pozwoli Ci zaoszcz\u0119dzi\u0107 mn\u00f3stwo czasu, gdy\u017c z jego pomoc\u0105 integracja dokument\u00f3w na Twojej stronie internetowej zajmie Ci zaledwie kilka sekund. B\u0119dziesz tak\u017ce m\u00f3g\u0142 opublikowa\u0107 wiele znacz\u0105cych informacji o swoich ofertach lub us\u0142ugach, aby klienci mogli je lepiej zrozumie\u0107. <\/p> <\/div>\r\n\t\t\t\t\t<\/div>\r\n\t\t\t\t<\/div> <div class=\"faq-item\">\r\n\t\t\t\t\t<div class=\"faq-item-question\">\r\n\t\t\t\t\t\t<h3 class=\"faq-item-question-text\">Jak zainstalowa\u0107 PDF Embed na mojej stronie OpenCart?<\/h3>\r\n\r\n\t\t\t\t\t\t<div class=\"faq-item-question-icon\"><\/div>\r\n\t\t\t\t\t<\/div>\r\n\r\n\t\t\t\t\t<div class=\"faq-item-answer\">\r\n\t\t\t\t\t\t<div class=\"faq-item-answer-text\"> <p>Potrzebujesz tylko minuty, aby aktywowa\u0107 wid\u017cet. Dodanie go do Twojej witryny jest naprawd\u0119 szybkie, bezp\u0142atne i nie wymaga kodowania.<\/p> <p>Elfsight PDF Embed mo\u017cna zintegrowa\u0107 za po\u015brednictwem us\u0142ugi Elfsight lub za po\u015brednictwem rynku. Tutaj mo\u017cesz wy\u015bwietli\u0107 wi\u0119cej szczeg\u00f3\u0142\u00f3w na temat obu wariant\u00f3w i wybra\u0107 sw\u00f3j.<\/p> <\/div>\r\n\t\t\t\t\t<\/div>\r\n\t\t\t\t<\/div> <\/div> <\/div> <div class=\"application-platform-content-item-features application-platform-content-item\" id=\"features\" data-nav-section=\"features\"> <h2>Funkcje<\/h2> <p>Aby lepiej zrozumie\u0107 wid\u017cet, przejrzyj list\u0119 jego g\u0142\u00f3wnych funkcji. Dzi\u0119ki nim jest to niezwykle wydajne: <\/p> <ul><li>Dodawaj nieograniczon\u0105 liczb\u0119 dokument\u00f3w;<\/li> <li>Opcja uk\u0142adu przegl\u0105darki plik\u00f3w umo\u017cliwiaj\u0105ca przegl\u0105danie plik\u00f3w w witrynie;<\/li> <li>Przesy\u0142anie obraz\u00f3w ikon dokument\u00f3w i podgl\u0105d\u00f3w;<\/li> <li>Wy\u015bwietlanie lub ukrywanie Pobierz etykiet\u0119 dokumentu;<\/li> <li> Opcja malowania 6 szczeg\u00f3\u0142\u00f3w interfejsu;<\/li> <\/ul><p> <a href=\"#demo\">Nasze demo poka\u017ce Ci wi\u0119cej funkcji<\/a><\/p> <\/div> <div class=\"application-platform-content-item-installation application-platform-content-item\" id=\"installation\" data-nav-section=\"installation\"> <h2>Jak osadzi\u0107 przegl\u0105dark\u0119 plik\u00f3w PDF w witrynie OpenCart <\/h2> <p>Wystarczy wykona\u0107 poni\u017csze kroki, aby doda\u0107 rozszerzenie do OpenCart.<\/p> <ol><li><b>Wykonaj nasz\u0105 bezp\u0142atn\u0105 wersj\u0119 demonstracyjn\u0105 i zacznij tworzy\u0107 niestandardowy widget. <\/b><br> Znajd\u017a preferowany wygl\u0105d i funkcjonalno\u015b\u0107 rozszerzenia i zapisz poprawki. <\/li> <li><b>Odbierz sw\u00f3j unikalny kod pokazany w oknie aplikacji Elfsight. <\/b><br> Po zako\u0144czeniu generowania osobistego pliku PDF, skopiuj ekskluzywny kod z wy\u015bwietlonego pola i zapisz go na p\u00f3\u017aniej. <\/li> <li><b>Zaanga\u017cuj si\u0119 w korzystanie z narz\u0119dzia na swojej stronie OpenCart. <\/b><br> Zaimplementuj skopiowany ostatnio kod na swojej stronie i zastosuj modyfikacje. <\/li> <li><b>Gotowe! Konfiguracja zosta\u0142a pomy\u015blnie zako\u0144czona. <\/b><br> Przejd\u017a do swojej witryny i zobacz, jak dzia\u0142a widget. <\/li><\/ol> <p>Nadal nie mo\u017cesz si\u0119 zdecydowa\u0107? Albo masz problemy? Po prostu skieruj pro\u015bb\u0119 do naszego dzia\u0142u obs\u0142ugi klienta, pomo\u017cemy w razie jakichkolwiek problem\u00f3w lub pyta\u0144.<\/p> <\/div>","protected":false},"excerpt":{"rendered":"","protected":false},"author":9,"featured_media":0,"parent":2737,"menu_order":0,"comment_status":"closed","ping_status":"closed","template":"templates\/template-application-platform.php","meta":{"publish_to_discourse":"","publish_post_category":"","wpdc_auto_publish_overridden":"","wpdc_topic_tags":"","wpdc_pin_topic":"","wpdc_pin_until":"","discourse_post_id":"","discourse_permalink":"","wpdc_publishing_response":"","wpdc_publishing_error":"","footnotes":""},"class_list":["post-5829","page","type-page","status-publish","hentry"],"yoast_head":"<!-- This site is optimized with the Yoast SEO plugin v25.3.1 - https:\/\/yoast.com\/wordpress\/plugins\/seo\/ -->\n<title>Przegl\u0105darka PDF - Osad\u017a rozszerzenie PDF na stronie OpenCart (bezp\u0142atnie i szybko)<\/title>\n<meta name=\"description\" content=\"Dzi\u0119ki Elfsight mo\u017cesz z \u0142atwo\u015bci\u0105 kszta\u0142towa\u0107 rozszerzenie przegl\u0105darki plik\u00f3w PDF i osadza\u0107 je na swojej witrynie OpenCart. Oferujemy bezp\u0142atn\u0105 obs\u0142ug\u0119 klienta i inne bonusy.\" \/>\n<meta name=\"robots\" content=\"index, follow, max-snippet:-1, max-image-preview:large, max-video-preview:-1\" \/>\n<link rel=\"canonical\" href=\"https:\/\/elfsight.com\/pl\/pdf-embed-widget\/opencart\/\" \/>\n<meta property=\"og:locale\" content=\"pl_PL\" \/>\n<meta property=\"og:type\" content=\"article\" \/>\n<meta property=\"og:title\" content=\"Przegl\u0105darka PDF - Osad\u017a rozszerzenie PDF na stronie OpenCart (bezp\u0142atnie i szybko)\" \/>\n<meta property=\"og:description\" content=\"Dzi\u0119ki Elfsight mo\u017cesz z \u0142atwo\u015bci\u0105 kszta\u0142towa\u0107 rozszerzenie przegl\u0105darki plik\u00f3w PDF i osadza\u0107 je na swojej witrynie OpenCart. Oferujemy bezp\u0142atn\u0105 obs\u0142ug\u0119 klienta i inne bonusy.\" \/>\n<meta property=\"og:url\" content=\"https:\/\/elfsight.com\/pl\/pdf-embed-widget\/opencart\/\" \/>\n<meta property=\"og:site_name\" content=\"Elfsight PL\" \/>\n<meta property=\"article:modified_time\" content=\"2024-11-14T12:36:56+00:00\" \/>\n<meta name=\"twitter:card\" content=\"summary_large_image\" \/>\n<meta name=\"twitter:label1\" content=\"Szacowany czas czytania\" \/>\n\t<meta name=\"twitter:data1\" content=\"3 minuty\" \/>\n<!-- \/ Yoast SEO plugin. -->","yoast_head_json":{"title":"Przegl\u0105darka PDF - Osad\u017a rozszerzenie PDF na stronie OpenCart (bezp\u0142atnie i szybko)","description":"Dzi\u0119ki Elfsight mo\u017cesz z \u0142atwo\u015bci\u0105 kszta\u0142towa\u0107 rozszerzenie przegl\u0105darki plik\u00f3w PDF i osadza\u0107 je na swojej witrynie OpenCart. Oferujemy bezp\u0142atn\u0105 obs\u0142ug\u0119 klienta i inne bonusy.","robots":{"index":"index","follow":"follow","max-snippet":"max-snippet:-1","max-image-preview":"max-image-preview:large","max-video-preview":"max-video-preview:-1"},"canonical":"https:\/\/elfsight.com\/pl\/pdf-embed-widget\/opencart\/","og_locale":"pl_PL","og_type":"article","og_title":"Przegl\u0105darka PDF - Osad\u017a rozszerzenie PDF na stronie OpenCart (bezp\u0142atnie i szybko)","og_description":"Dzi\u0119ki Elfsight mo\u017cesz z \u0142atwo\u015bci\u0105 kszta\u0142towa\u0107 rozszerzenie przegl\u0105darki plik\u00f3w PDF i osadza\u0107 je na swojej witrynie OpenCart. Oferujemy bezp\u0142atn\u0105 obs\u0142ug\u0119 klienta i inne bonusy.","og_url":"https:\/\/elfsight.com\/pl\/pdf-embed-widget\/opencart\/","og_site_name":"Elfsight PL","article_modified_time":"2024-11-14T12:36:56+00:00","twitter_card":"summary_large_image","twitter_misc":{"Szacowany czas czytania":"3 minuty"},"schema":{"@context":"https:\/\/schema.org","@graph":[{"@type":"WebPage","@id":"https:\/\/elfsight.com\/pl\/pdf-embed-widget\/opencart\/","url":"https:\/\/elfsight.com\/pl\/pdf-embed-widget\/opencart\/","name":"Przegl\u0105darka PDF - Osad\u017a rozszerzenie PDF na stronie OpenCart (bezp\u0142atnie i szybko)","isPartOf":{"@id":"https:\/\/elfsight.com\/pl\/#website"},"datePublished":"2024-05-03T06:42:20+00:00","dateModified":"2024-11-14T12:36:56+00:00","description":"Dzi\u0119ki Elfsight mo\u017cesz z \u0142atwo\u015bci\u0105 kszta\u0142towa\u0107 rozszerzenie przegl\u0105darki plik\u00f3w PDF i osadza\u0107 je na swojej witrynie OpenCart. Oferujemy bezp\u0142atn\u0105 obs\u0142ug\u0119 klienta i inne bonusy.","breadcrumb":{"@id":"https:\/\/elfsight.com\/pl\/pdf-embed-widget\/opencart\/#breadcrumb"},"inLanguage":"pl-PL","potentialAction":[{"@type":"ReadAction","target":["https:\/\/elfsight.com\/pl\/pdf-embed-widget\/opencart\/"]}]},{"@type":"BreadcrumbList","@id":"https:\/\/elfsight.com\/pl\/pdf-embed-widget\/opencart\/#breadcrumb","itemListElement":[{"@type":"ListItem","position":1,"name":"Home","item":"https:\/\/elfsight.com\/pl\/"},{"@type":"ListItem","position":2,"name":"PDF Embed","item":"https:\/\/elfsight.com\/pl\/pdf-embed-widget\/"},{"@type":"ListItem","position":3,"name":"PDF Embed &#8211; OpenCart"}]},{"@type":"WebSite","@id":"https:\/\/elfsight.com\/pl\/#website","url":"https:\/\/elfsight.com\/pl\/","name":"Elfsight PL","description":"Just another Elfsight Sites site","potentialAction":[{"@type":"SearchAction","target":{"@type":"EntryPoint","urlTemplate":"https:\/\/elfsight.com\/pl\/?s={search_term_string}"},"query-input":{"@type":"PropertyValueSpecification","valueRequired":true,"valueName":"search_term_string"}}],"inLanguage":"pl-PL"}]}},"meta_box":{"industry":"","seo_heading":"","heading":"","description":"","cta_heading":"","cta_description":"","application":"2736","h1":"Rozszerzenie przegl\u0105darki plik\u00f3w PDF OpenCart","h1_caption":"Osadzaj dokumenty PDF na swojej stronie internetowej, aby \u0142atwo je przegl\u0105da\u0107 i pobiera\u0107 bez konieczno\u015bci przekierowywania odwiedzaj\u0105cych do Twojej witryny Opencart.","application_category":[],"applications_title":"","applications_request_title":"","applications_request_button_text":"","hero_text":"","hero_video":"","hero_video_schema_markup":"","selling_points_title":"","selling_points_caption":"","selling_points":[],"selling_points_cta_text":"","features_title":"","features":"","ed_cta_examples_text":"","ed_cta_examples_hidden":"","ed_cta_demo_text":"","ed_cta_demo_hidden":"","why_caption":"","why_editor_title":"","why_editor_text":"","why_team_title":"","why_team_text":"","why_service_title":"","why_service_text":"","template_catalog_visible":"","template_catalog_title":"","template_catalog_text":"","template_catalog_categories_visible":"","demo_title":"Utw\u00f3rz rozszerzenie do osadzania plik\u00f3w PDF","demo_caption":"Skonfiguruj osadzanie plik\u00f3w PDF i dodaj je do swojej witryny OpenCart za darmo!","default_faq_hidden":"","app_template_category":[],"platform":"107","template_public_id":"","codecanyon_url":"","codecanyon_item_id":"","codecanyon_price":"","pricing_caption":"","pricing_elfsight_apps_hide_column":"","pricing_elfsight_apps_url":"","pricing_codecanyon_price_caption":"","integration_category":[],"integration_request_title":"","integration_request_cta":"","integration_platform":"","integrations":[],"platform_category":[],"video_schema_markup":"","price":"od 0 USD \/ miesi\u0105c","trial":"","benefits":[{"text":"Bezp\u0142atna pomoc w monta\u017cu"},{"text":"Skuteczna obs\u0142uga klienta"},{"text":"14-dniowa gwarancja zwrotu pieni\u0119dzy"}],"button_url":"#demo","button_target_blank":"","button_nofollow":"","attributes":[{"name":"Instaluje"},{"name":"Czu\u0142y"},{"name":"Kompatybilne przegl\u0105darki"}],"tags":[],"tags_disable_links":"","hide_more_platforms":"","video_object":"","demo_hide_cta":"","demo_hide_cloud_options":"","pricing_title":"","pricing":[{"pricing_icon":"platform","pricing_title":"Elfsight Apps","pricing_title_caption":"Oprogramowanie wieloplatformowe, kt\u00f3re dzia\u0142a na dowolnej stronie internetowej","pricing_price":"od 0 USD \/ miesi\u0105c","pricing_price_caption":"zacznij od bezp\u0142atnego planu","pricing_benefits":[{"text":"Nielimitowane strony internetowe"},{"text":"Profesjonalne wsparcie firmy"},{"text":"Bezp\u0142atna pomoc w instalacji"},{"text":"Elastyczny projekt"}],"pricing_button_text":"Dodaj do witryny","pricing_button_url":"#demo"}],"related_apps_title":"","related_apps_hidden":"","author":"","image":[],"title":"","job":"","social_networks":[]},"_links":{"self":[{"href":"https:\/\/elfsight.com\/pl\/wp-json\/wp\/v2\/pages\/5829","targetHints":{"allow":["GET"]}}],"collection":[{"href":"https:\/\/elfsight.com\/pl\/wp-json\/wp\/v2\/pages"}],"about":[{"href":"https:\/\/elfsight.com\/pl\/wp-json\/wp\/v2\/types\/page"}],"author":[{"embeddable":true,"href":"https:\/\/elfsight.com\/pl\/wp-json\/wp\/v2\/users\/9"}],"replies":[{"embeddable":true,"href":"https:\/\/elfsight.com\/pl\/wp-json\/wp\/v2\/comments?post=5829"}],"version-history":[{"count":1,"href":"https:\/\/elfsight.com\/pl\/wp-json\/wp\/v2\/pages\/5829\/revisions"}],"predecessor-version":[{"id":5833,"href":"https:\/\/elfsight.com\/pl\/wp-json\/wp\/v2\/pages\/5829\/revisions\/5833"}],"up":[{"embeddable":true,"href":"https:\/\/elfsight.com\/pl\/wp-json\/wp\/v2\/pages\/2737"}],"wp:attachment":[{"href":"https:\/\/elfsight.com\/pl\/wp-json\/wp\/v2\/media?parent=5829"}],"curies":[{"name":"wp","href":"https:\/\/api.w.org\/{rel}","templated":true}]}}