{"id":5823,"date":"1970-01-01T00:00:00","date_gmt":"1970-01-01T00:00:00","guid":{"rendered":"https:\/\/elfsight.com\/pl\/?page_id=5823"},"modified":"2025-06-26T16:10:03","modified_gmt":"2025-06-26T16:10:03","slug":"html","status":"publish","type":"page","link":"https:\/\/elfsight.com\/pl\/pdf-embed-widget\/html\/","title":{"rendered":"PDF Embed &#8211; HTML"},"content":{"rendered":"<div class=\"application-platform-content-item-description application-platform-content-item\" id=\"description\" data-nav-section=\"description\"> <h2>Opis<\/h2> <p>Dzi\u0119ki wtyczce Elfsight PDF wypr\u00f3buj najprostsze i najszybsze osadzanie wielu dokument\u00f3w PDF na stronie internetowej. Aby u\u0142atwi\u0107 obs\u0142ug\u0119, dokumenty mo\u017cna wstawia\u0107 poprzez przes\u0142anie, wprowadzenie adres\u00f3w URL lub wybranie z listy ostatnio przes\u0142anych dokument\u00f3w. Funkcje te pozwalaj\u0105 nada\u0107 ka\u017cdemu dokumentowi tytu\u0142, przes\u0142a\u0107 ikon\u0119 lub obraz, wybra\u0107 uk\u0142ad plik\u00f3w i wiele wi\u0119cej. Twoi odbiorcy mog\u0105 czyta\u0107 pliki bezpo\u015brednio w Twojej witrynie, otwiera\u0107 je w nowej karcie przegl\u0105darki i pobiera\u0107.<\/p><div class=\"faq\" data-component=\"FAQ\"> <div class=\"faq-item\">\r\n\t\t\t\t\t<div class=\"faq-item-question\">\r\n\t\t\t\t\t\t<h3 class=\"faq-item-question-text\">Gdzie w mojej witrynie mog\u0119 opublikowa\u0107 t\u0119 wtyczk\u0119<\/h3>\r\n\r\n\t\t\t\t\t\t<div class=\"faq-item-question-icon\"><\/div>\r\n\t\t\t\t\t<\/div>\r\n\r\n\t\t\t\t\t<div class=\"faq-item-answer\">\r\n\t\t\t\t\t\t<div class=\"faq-item-answer-text\"> <p>Mo\u017cesz doda\u0107 Plik PDF do dowolnej lub wszystkich stron HTML witryny. Mo\u017cesz na przyk\u0142ad przes\u0142a\u0107 dokumentacj\u0119 lub specyfikacje produktu na odpowiednich stronach produkt\u00f3w lub opublikowa\u0107 swoje dyplomy i kwalifikacje na stronie O nas.<\/p> <\/div>\r\n\t\t\t\t\t<\/div>\r\n\t\t\t\t<\/div> <div class=\"faq-item\">\r\n\t\t\t\t\t<div class=\"faq-item-question\">\r\n\t\t\t\t\t\t<h3 class=\"faq-item-question-text\">Jak mog\u0119 skorzysta\u0107 z czytnika plik\u00f3w PDF?<\/h3>\r\n\r\n\t\t\t\t\t\t<div class=\"faq-item-question-icon\"><\/div>\r\n\t\t\t\t\t<\/div>\r\n\r\n\t\t\t\t\t<div class=\"faq-item-answer\">\r\n\t\t\t\t\t\t<div class=\"faq-item-answer-text\"> <p>Ten widget mo\u017ce zaoszcz\u0119dzi\u0107 Ci mn\u00f3stwo czasu, gdy\u017c z jego pomoc\u0105 wklejenie materia\u0142\u00f3w na Twoj\u0105 stron\u0119 zajmie Ci zaledwie kilka sekund. Mo\u017cesz tak\u017ce dostarczy\u0107 wiele cennych informacji o swoich produktach i us\u0142ugach oraz zwi\u0119kszy\u0107 wiedz\u0119 klient\u00f3w na temat swoich produkt\u00f3w.<\/p><\/div>\r\n\t\t\t\t\t<\/div>\r\n\t\t\t\t<\/div> <div class=\"faq-item\">\r\n\t\t\t\t\t<div class=\"faq-item-question\">\r\n\t\t\t\t\t\t<h3 class=\"faq-item-question-text\">Jak osadzi\u0107 kod przegl\u0105darki plik\u00f3w PDF w mojej witrynie HTML?<\/h3>\r\n\r\n\t\t\t\t\t\t<div class=\"faq-item-question-icon\"><\/div>\r\n\t\t\t\t\t<\/div>\r\n\r\n\t\t\t\t\t<div class=\"faq-item-answer\">\r\n\t\t\t\t\t\t<div class=\"faq-item-answer-text\"> <p>Konfiguracja wid\u017cetu zajmuje tylko dwie minuty. Jest superszybki, darmowy i nie wymaga kodowania.<\/p> <p>W naszym serwisie mo\u017cesz umie\u015bci\u0107 PDF Embed na swojej stronie internetowej. W tym celu zapoznaj si\u0119 z przewodnikiem znajduj\u0105cym si\u0119 poni\u017cej na tej stronie.<\/p> <\/div>\r\n\t\t\t\t\t<\/div>\r\n\t\t\t\t<\/div> <\/div> <\/div><div class=\"application-platform-content-item-features application-platform-content-item\" id=\"features\" data-nav-section=\"features\"> <h2>Funkcje<\/h2> <p>W celu kszta\u0142towania dla lepszej znajomo\u015bci wid\u017cetu zapoznaj si\u0119 z list\u0105 jego istotnych cech. Sprawiaj\u0105, \u017ce wid\u017cet jest maksymalnie efektywny dla Twojej firmy:<\/p> <ul><li>Wklej dowoln\u0105 ilo\u015b\u0107 dokument\u00f3w;<\/li> <li>Opcja uk\u0142adu przegl\u0105darki plik\u00f3w umo\u017cliwiaj\u0105ca przegl\u0105danie plik\u00f3w na stronie;<\/li> <li>Przesy\u0142anie obraz\u00f3w dla ikon plik\u00f3w i podgl\u0105d\u00f3w;<\/li> <li>Pokazywanie lub ukrywanie etykiety Pobierz plik;<\/li> <li> Malowanie 6 element\u00f3w interfejsu;<\/li> <\/ul><p><a href=\"#demo\">Zobacz wszystkie funkcje w wersji demonstracyjnej na \u017cywo<\/a><\/p> <\/div><div class=\"application-platform-content-item-installation application-platform-content-item\" id=\"installation\" data-nav-section=\"installation\"> <h2>Jak osadzi\u0107 wtyczk\u0119 przegl\u0105darki PDF w swojej witrynie HTML<\/h2> <div class=\"video-container\"><iframe width=\"720\" height=\"405\" src=\"https:\/\/www.youtube.com\/embed\/LBZSDc5t8LA\" frameborder=\"0\" allowfullscreen=\"\"><\/iframe><\/div><p>Kilka szybkich krok\u00f3w opisanych poni\u017cej i identyfikator wid\u017cetu w Twojej witrynie.<\/p> <ol><li><b>Stw\u00f3rz niestandardow\u0105 wtyczk\u0119 PDF<\/b><br> Korzystaj\u0105c z naszej <a href=\"#demo\">bezp\u0142atnej wersji demonstracyjnej<\/a>, utw\u00f3rz wid\u017cet z niestandardowym interfejsem i ustaw funkcjonalno\u015b\u0107.<\/li><li><b>Odbierz osobisty kod, aby wy\u015bwietli\u0107 wtyczk\u0119 <\/b><br> Po utworzeniu wid\u017cetu otrzymasz sw\u00f3j osobisty kod z wyskakuj\u0105cego okna aplikacji Elfsight. Skopiuj go do dalszego wykorzystania.<\/li> <li><b>Dodaj wtyczk\u0119 pliku PDF na swojej stronie HTML<\/b><br> Wybierz obszar, do kt\u00f3rego chcesz doda\u0107 wid\u017cet i wstaw tam skopiowany kod. Opublikuj wyniki.<\/li> <li><b>Osadzanie powiod\u0142o si\u0119!<\/b><br> Wejd\u017a na stron\u0119, aby zobaczy\u0107 swoj\u0105 prac\u0119.<\/li> <\/ol><p>Nadal nie jeste\u015b pewien? Albo masz problemy? Tylko jedno zg\u0142oszenie do naszego dzia\u0142u obs\u0142ugi klienta rozwi\u0105\u017ce ka\u017cdy problem.<\/p> <\/div>\n","protected":false},"excerpt":{"rendered":"","protected":false},"author":9,"featured_media":0,"parent":2737,"menu_order":0,"comment_status":"closed","ping_status":"closed","template":"templates\/template-application-platform.php","meta":{"publish_to_discourse":"","publish_post_category":"","wpdc_auto_publish_overridden":"","wpdc_topic_tags":"","wpdc_pin_topic":"","wpdc_pin_until":"","discourse_post_id":"","discourse_permalink":"","wpdc_publishing_response":"","wpdc_publishing_error":"","footnotes":""},"class_list":["post-5823","page","type-page","status-publish","hentry"],"yoast_head":"<!-- This site is optimized with the Yoast SEO plugin v25.3.1 - https:\/\/yoast.com\/wordpress\/plugins\/seo\/ -->\n<title>Przegl\u0105darka PDF - Osad\u017a kod wtyczki PDF na stronie HTML (2025)<\/title>\n<meta name=\"description\" content=\"Zaprojektowanie responsywnej wtyczki przegl\u0105darki plik\u00f3w PDF i osadzenie jej kodu w witrynie HTML jest \u0142atwe. Obs\u0142uga klienta Elfsight jest bezp\u0142atna i szybka.\" \/>\n<meta name=\"robots\" content=\"index, follow, max-snippet:-1, max-image-preview:large, max-video-preview:-1\" \/>\n<link rel=\"canonical\" href=\"https:\/\/elfsight.com\/pl\/pdf-embed-widget\/html\/\" \/>\n<meta property=\"og:locale\" content=\"pl_PL\" \/>\n<meta property=\"og:type\" content=\"article\" \/>\n<meta property=\"og:title\" content=\"Przegl\u0105darka PDF - Osad\u017a kod wtyczki PDF na stronie HTML (2025)\" \/>\n<meta property=\"og:description\" content=\"Zaprojektowanie responsywnej wtyczki przegl\u0105darki plik\u00f3w PDF i osadzenie jej kodu w witrynie HTML jest \u0142atwe. Obs\u0142uga klienta Elfsight jest bezp\u0142atna i szybka.\" \/>\n<meta property=\"og:url\" content=\"https:\/\/elfsight.com\/pl\/pdf-embed-widget\/html\/\" \/>\n<meta property=\"og:site_name\" content=\"Elfsight PL\" \/>\n<meta property=\"article:modified_time\" content=\"2025-06-26T16:10:03+00:00\" \/>\n<meta name=\"twitter:card\" content=\"summary_large_image\" \/>\n<meta name=\"twitter:label1\" content=\"Szacowany czas czytania\" \/>\n\t<meta name=\"twitter:data1\" content=\"3 minuty\" \/>\n<!-- \/ Yoast SEO plugin. -->","yoast_head_json":{"title":"Przegl\u0105darka PDF - Osad\u017a kod wtyczki PDF na stronie HTML (2025)","description":"Zaprojektowanie responsywnej wtyczki przegl\u0105darki plik\u00f3w PDF i osadzenie jej kodu w witrynie HTML jest \u0142atwe. Obs\u0142uga klienta Elfsight jest bezp\u0142atna i szybka.","robots":{"index":"index","follow":"follow","max-snippet":"max-snippet:-1","max-image-preview":"max-image-preview:large","max-video-preview":"max-video-preview:-1"},"canonical":"https:\/\/elfsight.com\/pl\/pdf-embed-widget\/html\/","og_locale":"pl_PL","og_type":"article","og_title":"Przegl\u0105darka PDF - Osad\u017a kod wtyczki PDF na stronie HTML (2025)","og_description":"Zaprojektowanie responsywnej wtyczki przegl\u0105darki plik\u00f3w PDF i osadzenie jej kodu w witrynie HTML jest \u0142atwe. Obs\u0142uga klienta Elfsight jest bezp\u0142atna i szybka.","og_url":"https:\/\/elfsight.com\/pl\/pdf-embed-widget\/html\/","og_site_name":"Elfsight PL","article_modified_time":"2025-06-26T16:10:03+00:00","twitter_card":"summary_large_image","twitter_misc":{"Szacowany czas czytania":"3 minuty"},"schema":{"@context":"https:\/\/schema.org","@graph":[{"@type":"WebPage","@id":"https:\/\/elfsight.com\/pl\/pdf-embed-widget\/html\/","url":"https:\/\/elfsight.com\/pl\/pdf-embed-widget\/html\/","name":"Przegl\u0105darka PDF - Osad\u017a kod wtyczki PDF na stronie HTML (2025)","isPartOf":{"@id":"https:\/\/elfsight.com\/pl\/#website"},"datePublished":"1970-01-01T00:00:00+00:00","dateModified":"2025-06-26T16:10:03+00:00","description":"Zaprojektowanie responsywnej wtyczki przegl\u0105darki plik\u00f3w PDF i osadzenie jej kodu w witrynie HTML jest \u0142atwe. Obs\u0142uga klienta Elfsight jest bezp\u0142atna i szybka.","breadcrumb":{"@id":"https:\/\/elfsight.com\/pl\/pdf-embed-widget\/html\/#breadcrumb"},"inLanguage":"pl-PL","potentialAction":[{"@type":"ReadAction","target":["https:\/\/elfsight.com\/pl\/pdf-embed-widget\/html\/"]}]},{"@type":"BreadcrumbList","@id":"https:\/\/elfsight.com\/pl\/pdf-embed-widget\/html\/#breadcrumb","itemListElement":[{"@type":"ListItem","position":1,"name":"Home","item":"https:\/\/elfsight.com\/pl\/"},{"@type":"ListItem","position":2,"name":"PDF Embed","item":"https:\/\/elfsight.com\/pl\/pdf-embed-widget\/"},{"@type":"ListItem","position":3,"name":"PDF Embed &#8211; HTML"}]},{"@type":"WebSite","@id":"https:\/\/elfsight.com\/pl\/#website","url":"https:\/\/elfsight.com\/pl\/","name":"Elfsight PL","description":"Just another Elfsight Sites site","potentialAction":[{"@type":"SearchAction","target":{"@type":"EntryPoint","urlTemplate":"https:\/\/elfsight.com\/pl\/?s={search_term_string}"},"query-input":{"@type":"PropertyValueSpecification","valueRequired":true,"valueName":"search_term_string"}}],"inLanguage":"pl-PL"}]}},"meta_box":{"industry":"","seo_heading":"","heading":"","description":"","cta_heading":"","cta_description":"","application":"2736","h1":"Wtyczka przegl\u0105darki HTML PDF","h1_caption":"Osadzaj dokumenty PDF na swojej stronie internetowej, aby \u0142atwo je przegl\u0105da\u0107 i pobiera\u0107 bez konieczno\u015bci przekierowywania odwiedzaj\u0105cych do Twojej witryny HTML.","application_category":[],"applications_title":"","applications_request_title":"","applications_request_button_text":"","hero_text":"","hero_video":"","hero_video_schema_markup":"","selling_points_title":"","selling_points_caption":"","selling_points":[],"selling_points_cta_text":"","features_title":"","features":"","ed_cta_examples_text":"","ed_cta_examples_hidden":"","ed_cta_demo_text":"","ed_cta_demo_hidden":"","why_caption":"","why_editor_title":"","why_editor_text":"","why_team_title":"","why_team_text":"","why_service_title":"","why_service_text":"","template_catalog_visible":"0","template_catalog_title":"","template_catalog_text":"","template_catalog_categories_visible":"","demo_title":"Utw\u00f3rz wid\u017cet do osadzania plik\u00f3w PDF","demo_caption":"Skonfiguruj osadzanie plik\u00f3w PDF i dodaj je do swojej witryny HTML za darmo!","default_faq_hidden":"","app_template_category":[],"platform":"50","template_public_id":"","codecanyon_url":"","codecanyon_item_id":"","codecanyon_price":"","pricing_caption":"","pricing_elfsight_apps_hide_column":"","pricing_elfsight_apps_url":"","pricing_codecanyon_price_caption":"","integration_category":[],"integration_request_title":"","integration_request_cta":"","integration_platform":"","integrations":[],"platform_category":[],"video_schema_markup":"","price":"od 0 USD \/ miesi\u0105c","trial":"","benefits":[{"text":"Bezp\u0142atna pomoc w monta\u017cu"},{"text":"Do\u015bwiadczona obs\u0142uga klienta"},{"text":"14-dniowa gwarancja zwrotu pieni\u0119dzy"}],"button_url":"#demo","button_target_blank":"0","button_nofollow":"0","attributes":[{"name":"Instaluje"},{"name":"Czu\u0142y"},{"name":"Kompatybilne przegl\u0105darki"}],"tags":[],"tags_disable_links":"0","hide_more_platforms":"0","video_object":"","demo_hide_cta":"0","demo_hide_cloud_options":"0","pricing_title":"","pricing":[{"pricing_icon":"platform","pricing_title":"Elfsight Apps","pricing_title_caption":"Wersja niezale\u017cna od platformy, kt\u00f3ra dzia\u0142a na ka\u017cdej stronie internetowej","pricing_price":"od 0 USD \/ miesi\u0105c","pricing_price_caption":"zacznij od bezp\u0142atnego planu","pricing_benefits":[{"text":"Nielimitowane strony internetowe"},{"text":"Profesjonalne wsparcie"},{"text":"Bezp\u0142atna us\u0142uga monta\u017cu"},{"text":"Specjalna cena za wiele aplikacji"}],"pricing_button_text":"Dodaj do witryny","pricing_button_url":"#demo"}],"related_apps_title":"","related_apps_hidden":"0","author":"","image":[],"title":"","job":"","social_networks":[]},"_links":{"self":[{"href":"https:\/\/elfsight.com\/pl\/wp-json\/wp\/v2\/pages\/5823","targetHints":{"allow":["GET"]}}],"collection":[{"href":"https:\/\/elfsight.com\/pl\/wp-json\/wp\/v2\/pages"}],"about":[{"href":"https:\/\/elfsight.com\/pl\/wp-json\/wp\/v2\/types\/page"}],"author":[{"embeddable":true,"href":"https:\/\/elfsight.com\/pl\/wp-json\/wp\/v2\/users\/9"}],"replies":[{"embeddable":true,"href":"https:\/\/elfsight.com\/pl\/wp-json\/wp\/v2\/comments?post=5823"}],"version-history":[{"count":3,"href":"https:\/\/elfsight.com\/pl\/wp-json\/wp\/v2\/pages\/5823\/revisions"}],"predecessor-version":[{"id":10609,"href":"https:\/\/elfsight.com\/pl\/wp-json\/wp\/v2\/pages\/5823\/revisions\/10609"}],"up":[{"embeddable":true,"href":"https:\/\/elfsight.com\/pl\/wp-json\/wp\/v2\/pages\/2737"}],"wp:attachment":[{"href":"https:\/\/elfsight.com\/pl\/wp-json\/wp\/v2\/media?parent=5823"}],"curies":[{"name":"wp","href":"https:\/\/api.w.org\/{rel}","templated":true}]}}