{"id":5822,"date":"1970-01-01T00:00:00","date_gmt":"1970-01-01T00:00:00","guid":{"rendered":"https:\/\/elfsight.com\/pl\/?page_id=5822"},"modified":"2024-11-14T12:36:56","modified_gmt":"2024-11-14T12:36:56","slug":"magento","status":"publish","type":"page","link":"https:\/\/elfsight.com\/pl\/pdf-embed-widget\/magento\/","title":{"rendered":"PDF Embed &#8211; Magento"},"content":{"rendered":"<div class=\"application-platform-content-item-description application-platform-content-item\" id=\"description\" data-nav-section=\"description\"> <h2>Opis<\/h2> <p>Dzi\u0119ki rozszerzeniu Elfsight PDF uzyskasz najwygodniejsze i natychmiastowe wklejanie dokument\u00f3w PDF na stronach Twojej witryny. Dla Twojej wygody dokumenty mo\u017cna integrowa\u0107 poprzez przes\u0142anie, wprowadzenie ich adres\u00f3w URL lub wybranie z listy ostatnio przes\u0142anych dokument\u00f3w. Mo\u017cesz nada\u0107 ka\u017cdemu dokumentowi w\u0142asn\u0105 nazw\u0119, przes\u0142a\u0107 ikon\u0119 i podgl\u0105d obrazu, wybra\u0107 uk\u0142ad i inne opcje. Odwiedzaj\u0105cy witryn\u0119 mog\u0105 czyta\u0107 dokumenty bezpo\u015brednio na Twojej stronie, przegl\u0105da\u0107 je w nowej karcie i pobiera\u0107. <\/p> <div class=\"faq\" data-component=\"FAQ\"> <div class=\"faq-item\">\r\n\t\t\t\t\t<div class=\"faq-item-question\">\r\n\t\t\t\t\t\t<h3 class=\"faq-item-question-text\">Gdzie w mojej witrynie mog\u0119 to doda\u0107<\/h3>\r\n\r\n\t\t\t\t\t\t<div class=\"faq-item-question-icon\"><\/div>\r\n\t\t\t\t\t<\/div>\r\n\r\n\t\t\t\t\t<div class=\"faq-item-answer\">\r\n\t\t\t\t\t\t<div class=\"faq-item-answer-text\"> <p>Mo\u017cesz doda\u0107 opcj\u0119 Osadzania plik\u00f3w na dowolnych stronach witryny. Dzi\u0119ki niemu mo\u017cesz publikowa\u0107 swoje dokumenty techniczne lub wytyczne na odpowiednich stronach produkt\u00f3w lub prezentowa\u0107 swoje dyplomy i certyfikaty na stronie docelowej.<\/p> <\/div>\r\n\t\t\t\t\t<\/div>\r\n\t\t\t\t<\/div> <div class=\"faq-item\">\r\n\t\t\t\t\t<div class=\"faq-item-question\">\r\n\t\t\t\t\t\t<h3 class=\"faq-item-question-text\">Jakie s\u0105 dla mnie korzy\u015bci z posiadania rozszerzenia ?<\/h3>\r\n\r\n\t\t\t\t\t\t<div class=\"faq-item-question-icon\"><\/div>\r\n\t\t\t\t\t<\/div>\r\n\r\n\t\t\t\t\t<div class=\"faq-item-answer\">\r\n\t\t\t\t\t\t<div class=\"faq-item-answer-text\"> <p>Nasz widget pozwoli Ci zaoszcz\u0119dzi\u0107 mn\u00f3stwo czasu, gdy\u017c z jego pomoc\u0105 integracja dokument\u00f3w w Twojej witrynie zajmuje zaledwie kilka sekund. Co wi\u0119cej, mo\u017cesz przekaza\u0107 swoim klientom wiele cennych szczeg\u00f3\u0142\u00f3w na temat swoich produkt\u00f3w i us\u0142ug. <\/p> <\/div>\r\n\t\t\t\t\t<\/div>\r\n\t\t\t\t<\/div> <div class=\"faq-item\">\r\n\t\t\t\t\t<div class=\"faq-item-question\">\r\n\t\t\t\t\t\t<h3 class=\"faq-item-question-text\">Jak mog\u0119 doda\u0107 rozszerzenie PDF do mojej witryny Magento?<\/h3>\r\n\r\n\t\t\t\t\t\t<div class=\"faq-item-question-icon\"><\/div>\r\n\t\t\t\t\t<\/div>\r\n\r\n\t\t\t\t\t<div class=\"faq-item-answer\">\r\n\t\t\t\t\t\t<div class=\"faq-item-answer-text\"> <p>Konfiguracja wid\u017cetu zajmuje jedn\u0105 minut\u0119. Proces integracji jest bardzo szybki, darmowy i nie wymaga kodowania.<\/p> <p>Wid\u017cet mo\u017cna doda\u0107 bezpo\u015brednio poprzez us\u0142ug\u0119 Elfsight lub na platformie marketplace. Tutaj mo\u017cesz dowiedzie\u0107 si\u0119 wi\u0119cej o obu opcjach i wybra\u0107 bardziej odpowiedni\u0105.<\/p> <\/div>\r\n\t\t\t\t\t<\/div>\r\n\t\t\t\t<\/div> <\/div> <\/div> <div class=\"application-platform-content-item-features application-platform-content-item\" id=\"features\" data-nav-section=\"features\"> <h2>Funkcje<\/h2> <p>Aby lepiej zrozumie\u0107, jak dzia\u0142a przegl\u0105darka plik\u00f3w PDF, sprawd\u017a list\u0119 jej podstawowych funkcji. Dzi\u0119ki nim nasze rozszerzenie jest naprawd\u0119 skuteczne dla Twojej firmy:<\/p> <ul><li>Zintegruj dowoln\u0105 ilo\u015b\u0107 dokument\u00f3w;<\/li> <li>Opcja uk\u0142adu przegl\u0105darki plik\u00f3w umo\u017cliwiaj\u0105ca przegl\u0105danie dokument\u00f3w na stronie;<\/li> <li>Przesy\u0142anie obraz\u00f3w dla ikon i podgl\u0105d\u00f3w;<\/li> <li>Wy\u015bwietlanie lub ukrywanie etykiety Pobierz dokument;<\/li> <li> Elementy interfejsu w kolorze 6;<\/li> <\/ul><p><a href=\"#demo\">Aby pozna\u0107 wi\u0119cej funkcji, zobacz demo<\/a><\/p> <\/div> <div class=\"application-platform-content-item-installation application-platform-content-item\" id=\"installation\" data-nav-section=\"installation\"> <h2>Dowiedz si\u0119, jak doda\u0107 rozszerzenie przegl\u0105darki PDF do swojej strony Magento<\/h2> <p>Wystarczy wykona\u0107 poni\u017csze kroki, aby aktywowa\u0107 rozszerzenie na Magento.<\/p> <ol><li><b>Skorzystaj z naszego darmowego konfiguratora i zacznij tworzy\u0107 w\u0142asny widget. <\/b><br> Wybierz niestandardowy projekt i opcje narz\u0119dzia i zapisz zmiany. <\/li> <li><b>Wy\u015bwietl sw\u00f3j indywidualny kod w polu w aplikacjach Elfsight. <\/b><br> Po wygenerowaniu rozszerzenia PDF skopiuj ekskluzywny kod z wy\u015bwietlonego wyskakuj\u0105cego okienka i zachowaj go do wykorzystania w przysz\u0142o\u015bci. <\/li> <li><b>Rozpocznij korzystanie z wid\u017cetu na swojej stronie Magento. <\/b><br> Wstaw wcze\u015bniej zapisany kod na swoj\u0105 stron\u0119 internetow\u0105 i zapisz ulepszenia. <\/li> <li><b>Instalacja zosta\u0142a pomy\u015blnie zako\u0144czona. <\/b><br> Przejd\u017a na swoj\u0105 witryn\u0119 i zobacz w akcji, jak dzia\u0142a widget. <\/li><\/ol><p>Nadal masz w\u0105tpliwo\u015bci? Albo do\u015bwiadczasz problem\u00f3w? Po prostu napisz pro\u015bb\u0119 do naszego zespo\u0142u pomocy technicznej, a on rozwi\u0105\u017ce ka\u017cdy problem, jaki masz.<\/p> <\/div>","protected":false},"excerpt":{"rendered":"","protected":false},"author":9,"featured_media":0,"parent":2737,"menu_order":0,"comment_status":"closed","ping_status":"closed","template":"templates\/template-application-platform.php","meta":{"publish_to_discourse":"","publish_post_category":"","wpdc_auto_publish_overridden":"","wpdc_topic_tags":"","wpdc_pin_topic":"","wpdc_pin_until":"","discourse_post_id":"","discourse_permalink":"","wpdc_publishing_response":"","wpdc_publishing_error":"","footnotes":""},"class_list":["post-5822","page","type-page","status-publish","hentry"],"yoast_head":"<!-- This site is optimized with the Yoast SEO plugin v25.3.1 - https:\/\/yoast.com\/wordpress\/plugins\/seo\/ -->\n<title>Przegl\u0105darka PDF - Osad\u017a rozszerzenie PDF na stronie Magento (bezp\u0142atnie i szybko)<\/title>\n<meta name=\"description\" content=\"Utworzenie rozszerzenia przegl\u0105darki plik\u00f3w PDF i osadzenie go na stronie Magento jest \u0142atwe. Obs\u0142uga klienta Elfsight jest bezp\u0142atna i szybka.\" \/>\n<meta name=\"robots\" content=\"index, follow, max-snippet:-1, max-image-preview:large, max-video-preview:-1\" \/>\n<link rel=\"canonical\" href=\"https:\/\/elfsight.com\/pl\/pdf-embed-widget\/magento\/\" \/>\n<meta property=\"og:locale\" content=\"pl_PL\" \/>\n<meta property=\"og:type\" content=\"article\" \/>\n<meta property=\"og:title\" content=\"Przegl\u0105darka PDF - Osad\u017a rozszerzenie PDF na stronie Magento (bezp\u0142atnie i szybko)\" \/>\n<meta property=\"og:description\" content=\"Utworzenie rozszerzenia przegl\u0105darki plik\u00f3w PDF i osadzenie go na stronie Magento jest \u0142atwe. Obs\u0142uga klienta Elfsight jest bezp\u0142atna i szybka.\" \/>\n<meta property=\"og:url\" content=\"https:\/\/elfsight.com\/pl\/pdf-embed-widget\/magento\/\" \/>\n<meta property=\"og:site_name\" content=\"Elfsight PL\" \/>\n<meta property=\"article:modified_time\" content=\"2024-11-14T12:36:56+00:00\" \/>\n<meta name=\"twitter:card\" content=\"summary_large_image\" \/>\n<meta name=\"twitter:label1\" content=\"Szacowany czas czytania\" \/>\n\t<meta name=\"twitter:data1\" content=\"3 minuty\" \/>\n<!-- \/ Yoast SEO plugin. -->","yoast_head_json":{"title":"Przegl\u0105darka PDF - Osad\u017a rozszerzenie PDF na stronie Magento (bezp\u0142atnie i szybko)","description":"Utworzenie rozszerzenia przegl\u0105darki plik\u00f3w PDF i osadzenie go na stronie Magento jest \u0142atwe. Obs\u0142uga klienta Elfsight jest bezp\u0142atna i szybka.","robots":{"index":"index","follow":"follow","max-snippet":"max-snippet:-1","max-image-preview":"max-image-preview:large","max-video-preview":"max-video-preview:-1"},"canonical":"https:\/\/elfsight.com\/pl\/pdf-embed-widget\/magento\/","og_locale":"pl_PL","og_type":"article","og_title":"Przegl\u0105darka PDF - Osad\u017a rozszerzenie PDF na stronie Magento (bezp\u0142atnie i szybko)","og_description":"Utworzenie rozszerzenia przegl\u0105darki plik\u00f3w PDF i osadzenie go na stronie Magento jest \u0142atwe. Obs\u0142uga klienta Elfsight jest bezp\u0142atna i szybka.","og_url":"https:\/\/elfsight.com\/pl\/pdf-embed-widget\/magento\/","og_site_name":"Elfsight PL","article_modified_time":"2024-11-14T12:36:56+00:00","twitter_card":"summary_large_image","twitter_misc":{"Szacowany czas czytania":"3 minuty"},"schema":{"@context":"https:\/\/schema.org","@graph":[{"@type":"WebPage","@id":"https:\/\/elfsight.com\/pl\/pdf-embed-widget\/magento\/","url":"https:\/\/elfsight.com\/pl\/pdf-embed-widget\/magento\/","name":"Przegl\u0105darka PDF - Osad\u017a rozszerzenie PDF na stronie Magento (bezp\u0142atnie i szybko)","isPartOf":{"@id":"https:\/\/elfsight.com\/pl\/#website"},"datePublished":"1970-01-01T00:00:00+00:00","dateModified":"2024-11-14T12:36:56+00:00","description":"Utworzenie rozszerzenia przegl\u0105darki plik\u00f3w PDF i osadzenie go na stronie Magento jest \u0142atwe. Obs\u0142uga klienta Elfsight jest bezp\u0142atna i szybka.","breadcrumb":{"@id":"https:\/\/elfsight.com\/pl\/pdf-embed-widget\/magento\/#breadcrumb"},"inLanguage":"pl-PL","potentialAction":[{"@type":"ReadAction","target":["https:\/\/elfsight.com\/pl\/pdf-embed-widget\/magento\/"]}]},{"@type":"BreadcrumbList","@id":"https:\/\/elfsight.com\/pl\/pdf-embed-widget\/magento\/#breadcrumb","itemListElement":[{"@type":"ListItem","position":1,"name":"Home","item":"https:\/\/elfsight.com\/pl\/"},{"@type":"ListItem","position":2,"name":"PDF Embed","item":"https:\/\/elfsight.com\/pl\/pdf-embed-widget\/"},{"@type":"ListItem","position":3,"name":"PDF Embed &#8211; Magento"}]},{"@type":"WebSite","@id":"https:\/\/elfsight.com\/pl\/#website","url":"https:\/\/elfsight.com\/pl\/","name":"Elfsight PL","description":"Just another Elfsight Sites site","potentialAction":[{"@type":"SearchAction","target":{"@type":"EntryPoint","urlTemplate":"https:\/\/elfsight.com\/pl\/?s={search_term_string}"},"query-input":{"@type":"PropertyValueSpecification","valueRequired":true,"valueName":"search_term_string"}}],"inLanguage":"pl-PL"}]}},"meta_box":{"industry":"","seo_heading":"","heading":"","description":"","cta_heading":"","cta_description":"","application":"2736","h1":"Rozszerzenie Magento PDF Viewer","h1_caption":"Osadzaj dokumenty PDF na swojej stronie internetowej, aby \u0142atwo je przegl\u0105da\u0107 i pobiera\u0107 bez konieczno\u015bci przekierowywania odwiedzaj\u0105cych do Twojej witryny Magento.","application_category":[],"applications_title":"","applications_request_title":"","applications_request_button_text":"","hero_text":"","hero_video":"","hero_video_schema_markup":"","selling_points_title":"","selling_points_caption":"","selling_points":[],"selling_points_cta_text":"","features_title":"","features":"","ed_cta_examples_text":"","ed_cta_examples_hidden":"","ed_cta_demo_text":"","ed_cta_demo_hidden":"","why_caption":"","why_editor_title":"","why_editor_text":"","why_team_title":"","why_team_text":"","why_service_title":"","why_service_text":"","template_catalog_visible":"","template_catalog_title":"","template_catalog_text":"","template_catalog_categories_visible":"","demo_title":"Utw\u00f3rz rozszerzenie do osadzania plik\u00f3w PDF","demo_caption":"Skonfiguruj osadzanie plik\u00f3w PDF i dodaj je do swojej witryny Magento za darmo!","default_faq_hidden":"","app_template_category":[],"platform":"92","template_public_id":"","codecanyon_url":"","codecanyon_item_id":"","codecanyon_price":"","pricing_caption":"","pricing_elfsight_apps_hide_column":"","pricing_elfsight_apps_url":"","pricing_codecanyon_price_caption":"","integration_category":[],"integration_request_title":"","integration_request_cta":"","integration_platform":"","integrations":[],"platform_category":[],"video_schema_markup":"","price":"od 0 USD \/ miesi\u0105c","trial":"","benefits":[{"text":"Bezp\u0142atna pomoc w monta\u017cu"},{"text":"Profesjonalna obs\u0142uga klienta"},{"text":"14-dniowa gwarancja zwrotu pieni\u0119dzy"}],"button_url":"#demo","button_target_blank":"","button_nofollow":"","attributes":[{"name":"Instaluje"},{"name":"Czu\u0142y"},{"name":"Kompatybilne przegl\u0105darki"}],"tags":[],"tags_disable_links":"","hide_more_platforms":"","video_object":"","demo_hide_cta":"","demo_hide_cloud_options":"","pricing_title":"","pricing":[{"pricing_icon":"platform","pricing_title":"Elfsight Apps","pricing_title_caption":"Wersja niezale\u017cna od platformy, kt\u00f3ra pasuje do ka\u017cdej witryny","pricing_price":"od 0 USD \/ miesi\u0105c","pricing_price_caption":"zacznij od bezp\u0142atnego planu","pricing_benefits":[{"text":"Nielimitowane domeny"},{"text":"Wsparcie firmy premium"},{"text":"Bezp\u0142atna pomoc przy instalacji"},{"text":"100% konfigurowalny"}],"pricing_button_text":"Dodaj do witryny","pricing_button_url":"#demo"}],"related_apps_title":"","related_apps_hidden":"","author":"","image":[],"title":"","job":"","social_networks":[]},"_links":{"self":[{"href":"https:\/\/elfsight.com\/pl\/wp-json\/wp\/v2\/pages\/5822","targetHints":{"allow":["GET"]}}],"collection":[{"href":"https:\/\/elfsight.com\/pl\/wp-json\/wp\/v2\/pages"}],"about":[{"href":"https:\/\/elfsight.com\/pl\/wp-json\/wp\/v2\/types\/page"}],"author":[{"embeddable":true,"href":"https:\/\/elfsight.com\/pl\/wp-json\/wp\/v2\/users\/9"}],"replies":[{"embeddable":true,"href":"https:\/\/elfsight.com\/pl\/wp-json\/wp\/v2\/comments?post=5822"}],"version-history":[{"count":1,"href":"https:\/\/elfsight.com\/pl\/wp-json\/wp\/v2\/pages\/5822\/revisions"}],"predecessor-version":[{"id":5826,"href":"https:\/\/elfsight.com\/pl\/wp-json\/wp\/v2\/pages\/5822\/revisions\/5826"}],"up":[{"embeddable":true,"href":"https:\/\/elfsight.com\/pl\/wp-json\/wp\/v2\/pages\/2737"}],"wp:attachment":[{"href":"https:\/\/elfsight.com\/pl\/wp-json\/wp\/v2\/media?parent=5822"}],"curies":[{"name":"wp","href":"https:\/\/api.w.org\/{rel}","templated":true}]}}