{"id":5821,"date":"1970-01-01T00:00:00","date_gmt":"1970-01-01T00:00:00","guid":{"rendered":"https:\/\/elfsight.com\/pl\/?page_id=5821"},"modified":"2025-06-26T16:08:30","modified_gmt":"2025-06-26T16:08:30","slug":"jquery","status":"publish","type":"page","link":"https:\/\/elfsight.com\/pl\/pdf-embed-widget\/jquery\/","title":{"rendered":"PDF Embed &#8211; jQuery"},"content":{"rendered":"<div class=\"application-platform-content-item-description application-platform-content-item\" id=\"description\" data-nav-section=\"description\"> <h2>Opis<\/h2> <p>Dzi\u0119ki wtyczce czytnika plik\u00f3w PDF Elfsight mo\u017cesz naj\u0142atwiej i najszybciej wstawia\u0107 dokumenty PDF na strony swojego strona internetowa. Dla wygody u\u017cytkownika dokumenty mo\u017cna wkleja\u0107, przesy\u0142aj\u0105c je, wed\u0142ug ich adres\u00f3w URL lub wybieraj\u0105c spo\u015br\u00f3d ostatnio przes\u0142anych. Mo\u017cesz nada\u0107 ka\u017cdemu plikowi nazw\u0119, przes\u0142a\u0107 w\u0142asn\u0105 ikon\u0119 lub obraz podgl\u0105du, wybra\u0107 opcj\u0119 uk\u0142adu plik\u00f3w i nie tylko. Twoi odwiedzaj\u0105cy mog\u0105 czyta\u0107 pliki bezpo\u015brednio w witrynie, przegl\u0105da\u0107 je w nowej karcie i pobiera\u0107.<\/p> <div class=\"faq\" data-component=\"FAQ\"> <div class=\"faq-item\">\r\n\t\t\t\t\t<div class=\"faq-item-question\">\r\n\t\t\t\t\t\t<h3 class=\"faq-item-question-text\">Gdzie mog\u0119 wstawi\u0107 wtyczk\u0119<\/h3>\r\n\r\n\t\t\t\t\t\t<div class=\"faq-item-question-icon\"><\/div>\r\n\t\t\t\t\t<\/div>\r\n\r\n\t\t\t\t\t<div class=\"faq-item-answer\">\r\n\t\t\t\t\t\t<div class=\"faq-item-answer-text\"> <p>\u0141atwo jest wy\u015bwietli\u0107 przegl\u0105dark\u0119 plik\u00f3w na dowolnym lub wszystkie strony Twojej witryny. Dzi\u0119ki temu mo\u017cesz za jego pomoc\u0105 publikowa\u0107 swoj\u0105 dokumentacj\u0119 technologiczn\u0105 lub specyfikacje na stronach produkt\u00f3w, a na stronie docelowej publikowa\u0107 swoje dyplomy i kwalifikacje.<\/p> <\/div>\r\n\t\t\t\t\t<\/div>\r\n\t\t\t\t<\/div> <div class=\"faq-item\">\r\n\t\t\t\t\t<div class=\"faq-item-question\">\r\n\t\t\t\t\t\t<h3 class=\"faq-item-question-text\">Jakie mog\u0119 z tego skorzysta\u0107?<\/h3>\r\n\r\n\t\t\t\t\t\t<div class=\"faq-item-question-icon\"><\/div>\r\n\t\t\t\t\t<\/div>\r\n\r\n\t\t\t\t\t<div class=\"faq-item-answer\">\r\n\t\t\t\t\t\t<div class=\"faq-item-answer-text\"> <p>Ten widget zajmie Ci mn\u00f3stwo czasu, bo dzi\u0119ki niemu wklejenie materia\u0142\u00f3w na Twoj\u0105 stron\u0119 zajmie Ci dos\u0142ownie kilka sekund. Ponadto b\u0119dziesz m\u00f3g\u0142 przekaza\u0107 wiele cennych szczeg\u00f3\u0142\u00f3w na temat swoich produkt\u00f3w lub us\u0142ug, aby zwi\u0119kszy\u0107 \u015bwiadomo\u015b\u0107 klient\u00f3w na temat Twoich produkt\u00f3w.<\/p> <\/div>\r\n\t\t\t\t\t<\/div>\r\n\t\t\t\t<\/div> <div class=\"faq-item\">\r\n\t\t\t\t\t<div class=\"faq-item-question\">\r\n\t\t\t\t\t\t<h3 class=\"faq-item-question-text\">Czego potrzebuj\u0119, aby doda\u0107 Czytnik plik\u00f3w PDF do moj\u0105 witryn\u0119 jQuery?<\/h3>\r\n\r\n\t\t\t\t\t\t<div class=\"faq-item-question-icon\"><\/div>\r\n\t\t\t\t\t<\/div>\r\n\r\n\t\t\t\t\t<div class=\"faq-item-answer\">\r\n\t\t\t\t\t\t<div class=\"faq-item-answer-text\"> <p>Osadzanie wid\u017cetu zajmuje tylko minut\u0119. Proces integracji jest niezwykle szybki, darmowy i nie wymaga kodowania.<\/p> <p>Istnieje mo\u017cliwo\u015b\u0107 wprowadzenia widgetu na stron\u0119 za po\u015brednictwem naszego serwisu. Po prostu zapoznaj si\u0119 z instrukcjami na tej stronie.<\/p> <\/div>\r\n\t\t\t\t\t<\/div>\r\n\t\t\t\t<\/div> <\/div> <\/div> <div class=\"application-platform-content-item-features application-platform-content-item\" id=\"features\" data-nav-section=\"features\"> <h2>Funkcje<\/h2> <p>Aby lepiej zrozumie\u0107 Przegl\u0105darka plik\u00f3w PDF, oto lista jej podstawowych cech. Dzi\u0119ki nim nasz widget jest naprawd\u0119 wydajny dla Twojej firmy:<\/p> <ul><li>Wstaw nieograniczon\u0105 liczb\u0119 dokument\u00f3w;<\/li> <li>Opcja uk\u0142adu przegl\u0105darki plik\u00f3w umo\u017cliwiaj\u0105ca odczyt plik\u00f3w w witrynie;<\/li> <li>Prze\u015blij obrazy ikon dokument\u00f3w i podgl\u0105d\u00f3w;<\/li> <li>Pokazywanie lub wy\u0142\u0105czanie etykiety Pobierz dokument;<\/li> <li>Malowanie sze\u015bciu element\u00f3w interfejsu;<\/li> <\/ul><p><a href=\" #demo\">Aby pozna\u0107 wi\u0119cej funkcji, zobacz demonstracj\u0119 na \u017cywo<\/a><\/p> <\/div> <div class=\"application-platform-content-item-installation application-platform-content-item\" id=\"installation\" data-nav-section=\"installation\"> <h2>Sprawd\u017a, jak doda\u0107 wtyczk\u0119 PDF Viewer do swojej witryny jQuery<\/h2> <p>Tylko te kilka krok\u00f3w, kt\u00f3re musisz wykona\u0107.<\/p> <ol><li><b>Stw\u00f3rz swoj\u0105 osobist\u0105 wtyczk\u0119 PDF<\/b><br> Zarz\u0105dzaj nasz\u0105 bezp\u0142atn\u0105 wersj\u0105 demonstracyjn\u0105, utw\u00f3rz widget i ustawi\u0107 jego cechy wygl\u0105du i funkcjonalno\u015bci. <\/li><li><b>Skopiuj indywidualny kod, aby doda\u0107 wtyczk\u0119<\/b><br> Po utworzeniu wid\u017cetu indywidualny kod otrzymasz w wy\u015bwietlonym oknie aplikacji Elfsight. Skopiuj kod do p\u00f3\u017aniejszego wykorzystania. <\/li> <li><b>Wtyczka na Twojej stronie jQuery<\/b><br> Wybierz miejsce, w kt\u00f3rym chcesz wy\u015bwietli\u0107 widget i wstaw tam zapisany kod. Opublikuj wyniki. <\/li> <li><b>Gotowe!<\/b><br> Przejd\u017a do swojego sklepu, aby sprawdzi\u0107 wtyczk\u0119.<\/li> <\/ol><p>Nadal masz co\u015b, co budzi Twoje w\u0105tpliwo\u015bci? Lub masz pytania do zadania? Po prostu napisz zapytanie do naszego dzia\u0142u obs\u0142ugi klienta, a my pomo\u017cemy Ci rozwi\u0105za\u0107 ka\u017cdy problem. <\/p> <\/div>","protected":false},"excerpt":{"rendered":"","protected":false},"author":9,"featured_media":0,"parent":2737,"menu_order":0,"comment_status":"closed","ping_status":"closed","template":"templates\/template-application-platform.php","meta":{"publish_to_discourse":"","publish_post_category":"","wpdc_auto_publish_overridden":"","wpdc_topic_tags":"","wpdc_pin_topic":"","wpdc_pin_until":"","discourse_post_id":"","discourse_permalink":"","wpdc_publishing_response":"","wpdc_publishing_error":"","footnotes":""},"class_list":["post-5821","page","type-page","status-publish","hentry"],"yoast_head":"<!-- This site is optimized with the Yoast SEO plugin v25.3.1 - https:\/\/yoast.com\/wordpress\/plugins\/seo\/ -->\n<title>Przegl\u0105darka PDF - Osad\u017a wtyczk\u0119 PDF na stronie jQuery (w 2 minuty)<\/title>\n<meta name=\"description\" content=\"Oto szansa na utworzenie wtyczki przegl\u0105darki plik\u00f3w PDF i osadzenie jej na swojej stronie internetowej jQuery. B\u0119dziesz cieszy\u0107 si\u0119 bezp\u0142atn\u0105 obs\u0142ug\u0105 klienta i innymi bonusami od Elfsight.\" \/>\n<meta name=\"robots\" content=\"index, follow, max-snippet:-1, max-image-preview:large, max-video-preview:-1\" \/>\n<link rel=\"canonical\" href=\"https:\/\/elfsight.com\/pl\/pdf-embed-widget\/jquery\/\" \/>\n<meta property=\"og:locale\" content=\"pl_PL\" \/>\n<meta property=\"og:type\" content=\"article\" \/>\n<meta property=\"og:title\" content=\"Przegl\u0105darka PDF - Osad\u017a wtyczk\u0119 PDF na stronie jQuery (w 2 minuty)\" \/>\n<meta property=\"og:description\" content=\"Oto szansa na utworzenie wtyczki przegl\u0105darki plik\u00f3w PDF i osadzenie jej na swojej stronie internetowej jQuery. B\u0119dziesz cieszy\u0107 si\u0119 bezp\u0142atn\u0105 obs\u0142ug\u0105 klienta i innymi bonusami od Elfsight.\" \/>\n<meta property=\"og:url\" content=\"https:\/\/elfsight.com\/pl\/pdf-embed-widget\/jquery\/\" \/>\n<meta property=\"og:site_name\" content=\"Elfsight PL\" \/>\n<meta property=\"article:modified_time\" content=\"2025-06-26T16:08:30+00:00\" \/>\n<meta name=\"twitter:card\" content=\"summary_large_image\" \/>\n<meta name=\"twitter:label1\" content=\"Szacowany czas czytania\" \/>\n\t<meta name=\"twitter:data1\" content=\"3 minuty\" \/>\n<!-- \/ Yoast SEO plugin. -->","yoast_head_json":{"title":"Przegl\u0105darka PDF - Osad\u017a wtyczk\u0119 PDF na stronie jQuery (w 2 minuty)","description":"Oto szansa na utworzenie wtyczki przegl\u0105darki plik\u00f3w PDF i osadzenie jej na swojej stronie internetowej jQuery. B\u0119dziesz cieszy\u0107 si\u0119 bezp\u0142atn\u0105 obs\u0142ug\u0105 klienta i innymi bonusami od Elfsight.","robots":{"index":"index","follow":"follow","max-snippet":"max-snippet:-1","max-image-preview":"max-image-preview:large","max-video-preview":"max-video-preview:-1"},"canonical":"https:\/\/elfsight.com\/pl\/pdf-embed-widget\/jquery\/","og_locale":"pl_PL","og_type":"article","og_title":"Przegl\u0105darka PDF - Osad\u017a wtyczk\u0119 PDF na stronie jQuery (w 2 minuty)","og_description":"Oto szansa na utworzenie wtyczki przegl\u0105darki plik\u00f3w PDF i osadzenie jej na swojej stronie internetowej jQuery. B\u0119dziesz cieszy\u0107 si\u0119 bezp\u0142atn\u0105 obs\u0142ug\u0105 klienta i innymi bonusami od Elfsight.","og_url":"https:\/\/elfsight.com\/pl\/pdf-embed-widget\/jquery\/","og_site_name":"Elfsight PL","article_modified_time":"2025-06-26T16:08:30+00:00","twitter_card":"summary_large_image","twitter_misc":{"Szacowany czas czytania":"3 minuty"},"schema":{"@context":"https:\/\/schema.org","@graph":[{"@type":"WebPage","@id":"https:\/\/elfsight.com\/pl\/pdf-embed-widget\/jquery\/","url":"https:\/\/elfsight.com\/pl\/pdf-embed-widget\/jquery\/","name":"Przegl\u0105darka PDF - Osad\u017a wtyczk\u0119 PDF na stronie jQuery (w 2 minuty)","isPartOf":{"@id":"https:\/\/elfsight.com\/pl\/#website"},"datePublished":"1970-01-01T00:00:00+00:00","dateModified":"2025-06-26T16:08:30+00:00","description":"Oto szansa na utworzenie wtyczki przegl\u0105darki plik\u00f3w PDF i osadzenie jej na swojej stronie internetowej jQuery. B\u0119dziesz cieszy\u0107 si\u0119 bezp\u0142atn\u0105 obs\u0142ug\u0105 klienta i innymi bonusami od Elfsight.","breadcrumb":{"@id":"https:\/\/elfsight.com\/pl\/pdf-embed-widget\/jquery\/#breadcrumb"},"inLanguage":"pl-PL","potentialAction":[{"@type":"ReadAction","target":["https:\/\/elfsight.com\/pl\/pdf-embed-widget\/jquery\/"]}]},{"@type":"BreadcrumbList","@id":"https:\/\/elfsight.com\/pl\/pdf-embed-widget\/jquery\/#breadcrumb","itemListElement":[{"@type":"ListItem","position":1,"name":"Home","item":"https:\/\/elfsight.com\/pl\/"},{"@type":"ListItem","position":2,"name":"PDF Embed","item":"https:\/\/elfsight.com\/pl\/pdf-embed-widget\/"},{"@type":"ListItem","position":3,"name":"PDF Embed &#8211; jQuery"}]},{"@type":"WebSite","@id":"https:\/\/elfsight.com\/pl\/#website","url":"https:\/\/elfsight.com\/pl\/","name":"Elfsight PL","description":"Just another Elfsight Sites site","potentialAction":[{"@type":"SearchAction","target":{"@type":"EntryPoint","urlTemplate":"https:\/\/elfsight.com\/pl\/?s={search_term_string}"},"query-input":{"@type":"PropertyValueSpecification","valueRequired":true,"valueName":"search_term_string"}}],"inLanguage":"pl-PL"}]}},"meta_box":{"industry":"","seo_heading":"","heading":"","description":"","cta_heading":"","cta_description":"","application":"2736","h1":"Wtyczka jQuery PDF Viewer","h1_caption":"Osadzaj dokumenty PDF na swojej stronie internetowej, aby \u0142atwo je przegl\u0105da\u0107 i pobiera\u0107 bez konieczno\u015bci przekierowywania odwiedzaj\u0105cych do Twojej witryny jQuery.","application_category":[],"applications_title":"","applications_request_title":"","applications_request_button_text":"","hero_text":"","hero_video":"","hero_video_schema_markup":"","selling_points_title":"","selling_points_caption":"","selling_points":[],"selling_points_cta_text":"","features_title":"","features":"","ed_cta_examples_text":"","ed_cta_examples_hidden":"","ed_cta_demo_text":"","ed_cta_demo_hidden":"","why_caption":"","why_editor_title":"","why_editor_text":"","why_team_title":"","why_team_text":"","why_service_title":"","why_service_text":"","template_catalog_visible":"0","template_catalog_title":"","template_catalog_text":"","template_catalog_categories_visible":"","demo_title":"Utw\u00f3rz wtyczk\u0119 PDF Embed","demo_caption":"Skonfiguruj osadzanie plik\u00f3w PDF i dodaj je do swojej witryny jQuery za darmo!","default_faq_hidden":"","app_template_category":[],"platform":"56","template_public_id":"","codecanyon_url":"","codecanyon_item_id":"","codecanyon_price":"","pricing_caption":"","pricing_elfsight_apps_hide_column":"","pricing_elfsight_apps_url":"","pricing_codecanyon_price_caption":"","integration_category":[],"integration_request_title":"","integration_request_cta":"","integration_platform":"","integrations":[],"platform_category":[],"video_schema_markup":"","price":"od 0 USD \/ miesi\u0105c","trial":"","benefits":[{"text":"Bezp\u0142atna us\u0142uga monta\u017cu"},{"text":"Wyj\u0105tkowe wsparcie"},{"text":"14-dniowa gwarancja zwrotu pieni\u0119dzy"}],"button_url":"#demo","button_target_blank":"0","button_nofollow":"0","attributes":[{"name":"Instaluje"},{"name":"Czu\u0142y"},{"name":"Kompatybilne przegl\u0105darki"}],"tags":[],"tags_disable_links":"0","hide_more_platforms":"0","video_object":"","demo_hide_cta":"0","demo_hide_cloud_options":"0","pricing_title":"","pricing":[{"pricing_icon":"platform","pricing_title":"Elfsight Apps","pricing_title_caption":"Wersja wieloplatformowa","pricing_price":"od 0 USD \/ miesi\u0105c","pricing_price_caption":"zacznij od bezp\u0142atnego planu","pricing_benefits":[{"text":"Nielimitowane strony internetowe"},{"text":"Dedykowana obs\u0142uga klienta i dobrze udokumentowana"},{"text":"Bezp\u0142atna pomoc przy instalacji"},{"text":"Elastyczny projekt"}],"pricing_button_text":"Dodaj do witryny","pricing_button_url":"#demo"}],"related_apps_title":"","related_apps_hidden":"0","author":"","image":[],"title":"","job":"","social_networks":[]},"_links":{"self":[{"href":"https:\/\/elfsight.com\/pl\/wp-json\/wp\/v2\/pages\/5821","targetHints":{"allow":["GET"]}}],"collection":[{"href":"https:\/\/elfsight.com\/pl\/wp-json\/wp\/v2\/pages"}],"about":[{"href":"https:\/\/elfsight.com\/pl\/wp-json\/wp\/v2\/types\/page"}],"author":[{"embeddable":true,"href":"https:\/\/elfsight.com\/pl\/wp-json\/wp\/v2\/users\/9"}],"replies":[{"embeddable":true,"href":"https:\/\/elfsight.com\/pl\/wp-json\/wp\/v2\/comments?post=5821"}],"version-history":[{"count":2,"href":"https:\/\/elfsight.com\/pl\/wp-json\/wp\/v2\/pages\/5821\/revisions"}],"predecessor-version":[{"id":10607,"href":"https:\/\/elfsight.com\/pl\/wp-json\/wp\/v2\/pages\/5821\/revisions\/10607"}],"up":[{"embeddable":true,"href":"https:\/\/elfsight.com\/pl\/wp-json\/wp\/v2\/pages\/2737"}],"wp:attachment":[{"href":"https:\/\/elfsight.com\/pl\/wp-json\/wp\/v2\/media?parent=5821"}],"curies":[{"name":"wp","href":"https:\/\/api.w.org\/{rel}","templated":true}]}}