{"id":5815,"date":"1970-01-01T00:00:00","date_gmt":"1970-01-01T00:00:00","guid":{"rendered":"https:\/\/elfsight.com\/pl\/?page_id=5815"},"modified":"2024-11-14T12:36:48","modified_gmt":"2024-11-14T12:36:48","slug":"drupal","status":"publish","type":"page","link":"https:\/\/elfsight.com\/pl\/pdf-embed-widget\/drupal\/","title":{"rendered":"PDF Embed &#8211; Drupal"},"content":{"rendered":"<div class=\"application-platform-content-item-description application-platform-content-item\" id=\"description\" data-nav-section=\"description\"> <h2>Opis<\/h2> <p>Dzi\u0119ki modu\u0142owi Elfsight PDF mo\u017cesz cieszy\u0107 si\u0119 najprostszym i najszybszym wstawianiem wielu plik\u00f3w PDF na swoj\u0105 stron\u0119 internetow\u0105. Aby u\u0142atwi\u0107 korzystanie, dokumenty mo\u017cna wkleja\u0107, po prostu przesy\u0142aj\u0105c je, wed\u0142ug adres\u00f3w URL lub wybieraj\u0105c z listy ostatnio przes\u0142anych. Funkcje te umo\u017cliwiaj\u0105 nadanie ka\u017cdemu dokumentowi w\u0142asnej nazwy, przes\u0142anie w\u0142asnej ikony i obrazu, wybranie wariantu uk\u0142adu i wiele wi\u0119cej. Odbiorcy witryny mog\u0105 przegl\u0105da\u0107 dokumenty bezpo\u015brednio w Twojej witrynie, przegl\u0105da\u0107 je w nowej karcie przegl\u0105darki i pobiera\u0107. <\/p> <div class=\"faq\" data-component=\"FAQ\"> <div class=\"faq-item\">\r\n\t\t\t\t\t<div class=\"faq-item-question\">\r\n\t\t\t\t\t\t<h3 class=\"faq-item-question-text\">Gdzie w mojej witrynie mog\u0119 to wstawi\u0107<\/h3>\r\n\r\n\t\t\t\t\t\t<div class=\"faq-item-question-icon\"><\/div>\r\n\t\t\t\t\t<\/div>\r\n\r\n\t\t\t\t\t<div class=\"faq-item-answer\">\r\n\t\t\t\t\t\t<div class=\"faq-item-answer-text\"> <p>Mo\u017cesz zastosowa\u0107 osadzanie pliku na dowolnej lub wszystkich stronach swojej witryny. Pomo\u017ce Ci to osadzi\u0107 dokumentacj\u0119 technologiczn\u0105 lub wytyczne na odpowiednich stronach produkt\u00f3w, a Twoje dyplomy i kwalifikacje opublikowa\u0107 na stronie docelowej. <\/p> <\/div>\r\n\t\t\t\t\t<\/div>\r\n\t\t\t\t<\/div> <div class=\"faq-item\">\r\n\t\t\t\t\t<div class=\"faq-item-question\">\r\n\t\t\t\t\t\t<h3 class=\"faq-item-question-text\">Jakie korzy\u015bci mog\u0119 odnie\u015b\u0107 z Czytnika plik\u00f3w PDF?<\/h3>\r\n\r\n\t\t\t\t\t\t<div class=\"faq-item-question-icon\"><\/div>\r\n\t\t\t\t\t<\/div>\r\n\r\n\t\t\t\t\t<div class=\"faq-item-answer\">\r\n\t\t\t\t\t\t<div class=\"faq-item-answer-text\"> <p>Ten widget pozwoli Ci zaoszcz\u0119dzi\u0107 mn\u00f3stwo czasu, poniewa\u017c dzi\u0119ki niemu dodanie materia\u0142\u00f3w do Twojej witryny zajmie Ci kilka sekund . Co wi\u0119cej, b\u0119dziesz w stanie zaprezentowa\u0107 wiele istotnych informacji o swoich produktach i us\u0142ugach oraz zwi\u0119kszy\u0107 \u015bwiadomo\u015b\u0107 klient\u00f3w na temat Twojej oferty. <\/p> <\/div>\r\n\t\t\t\t\t<\/div>\r\n\t\t\t\t<\/div> <div class=\"faq-item\">\r\n\t\t\t\t\t<div class=\"faq-item-question\">\r\n\t\t\t\t\t\t<h3 class=\"faq-item-question-text\">Jak doda\u0107 osadzanie plik\u00f3w PDF do mojej witryny Drupal?<\/h3>\r\n\r\n\t\t\t\t\t\t<div class=\"faq-item-question-icon\"><\/div>\r\n\t\t\t\t\t<\/div>\r\n\r\n\t\t\t\t\t<div class=\"faq-item-answer\">\r\n\t\t\t\t\t\t<div class=\"faq-item-answer-text\"> <p>Uruchomienie wid\u017cetu zajmuje tylko minut\u0119. Integracja jest niezwykle szybka, bezp\u0142atna i nie wymaga kodowania. <\/p> <p>Wid\u017cet mo\u017cna osadzi\u0107 bezpo\u015brednio za po\u015brednictwem naszej us\u0142ugi lub za po\u015brednictwem rynku. Tutaj mo\u017cesz wy\u015bwietli\u0107 wi\u0119cej informacji na temat obu wariant\u00f3w i zdecydowa\u0107, kt\u00f3ry jest Tw\u00f3j. <\/p> <\/div>\r\n\t\t\t\t\t<\/div>\r\n\t\t\t\t<\/div> <\/div> <\/div><div class=\"application-platform-content-item-features application-platform-content-item\" id=\"features\" data-nav-section=\"features\"> <h2>Funkcje<\/h2> <p>Aby lepiej pozna\u0107 modu\u0142 Czytnika plik\u00f3w PDF, przejrzyj list\u0119 z jego g\u0142\u00f3wnych cech. Dzi\u0119ki nim nasz widget jest naprawd\u0119 wydajny: <\/p> <ul><li>Pokazuj nieograniczon\u0105 liczb\u0119 dokument\u00f3w;<\/li> <li>Opcja uk\u0142adu przegl\u0105darki plik\u00f3w umo\u017cliwiaj\u0105ca przegl\u0105danie dokument\u00f3w w serwisie;<\/li> <li>Opcja przesy\u0142a\u0107 obrazy ikon dokument\u00f3w i podgl\u0105d\u00f3w; <\/li> <li>Pokazywanie lub ukrywanie tekstu do pobrania;<\/li> <li>6 kolorowych szczeg\u00f3\u0142\u00f3w interfejsu;<\/li> <\/ul><p><a href=\"#demo\">Aby odkry\u0107 pe\u0142n\u0105 list\u0119 funkcji znajdziesz w naszym demo na \u017cywo<\/a><\/p><\/div><div class=\"application-platform-content-item-installation application-platform-content-item\" id=\"installation\" data-nav-section=\"installation\"> <h2>Sprawd\u017a, jak wstawi\u0107 przegl\u0105dark\u0119 plik\u00f3w PDF na swoj\u0105 stron\u0119 Drupal<\/h2> <p> Jedyne, co musisz zrobi\u0107, to nast\u0119puj\u0105ce czynno\u015bci. <\/p> <ol><li><b>Skorzystaj z naszej bezp\u0142atnej wersji demonstracyjnej i rozpocznij tworzenie w\u0142asnego modu\u0142u. <\/b><br> Wybierz preferowan\u0105 form\u0119 i specyfikacj\u0119 modu\u0142u oraz nanie\u015b wszelkie poprawki. <\/li> <li><b>Odbierz sw\u00f3j unikalny kod pokazany w specjalnym formularzu w aplikacjach Elfsight. <\/b><br> Po zako\u0144czeniu dostosowywania modu\u0142u osobistego skopiuj kod z wy\u015bwietlonego okna i zapisz go na przysz\u0142o\u015b\u0107. <\/li> <li><b>Rozpocznij prac\u0119 modu\u0142u na stronie Drupal. <\/b><br> Umie\u015b\u0107 ostatnio zapisany kod na swojej stronie internetowej i zastosuj zmiany. <\/li> <li><b>Konfiguracja zosta\u0142a w pe\u0142ni uko\u0144czona. <\/b><br> Przejd\u017a na swoj\u0105 stron\u0119 internetow\u0105, aby zobaczy\u0107, jak dzia\u0142a modu\u0142. <\/li><\/ol><p>Nadal masz w\u0105tpliwo\u015bci? Albo do\u015bwiadczasz problem\u00f3w? Po prostu wy\u015blij swoj\u0105 pro\u015bb\u0119 do naszego zespo\u0142u obs\u0142ugi klienta, a oni rozwi\u0105\u017c\u0105 ka\u017cdy problem. <\/p> <\/div>","protected":false},"excerpt":{"rendered":"","protected":false},"author":9,"featured_media":0,"parent":2737,"menu_order":0,"comment_status":"closed","ping_status":"closed","template":"templates\/template-application-platform.php","meta":{"publish_to_discourse":"","publish_post_category":"","wpdc_auto_publish_overridden":"","wpdc_topic_tags":"","wpdc_pin_topic":"","wpdc_pin_until":"","discourse_post_id":"","discourse_permalink":"","wpdc_publishing_response":"","wpdc_publishing_error":"","footnotes":""},"class_list":["post-5815","page","type-page","status-publish","hentry"],"yoast_head":"<!-- This site is optimized with the Yoast SEO plugin v25.3.1 - https:\/\/yoast.com\/wordpress\/plugins\/seo\/ -->\n<title>Przegl\u0105darka PDF - Osad\u017a modu\u0142 PDF na stronie Drupal (bezp\u0142atnie i szybko)<\/title>\n<meta name=\"description\" content=\"Skonstruowanie responsywnego modu\u0142u przegl\u0105darki plik\u00f3w PDF i osadzenie go na stronie Drupal jest maksymalnie \u0142atwe. Obs\u0142uga klienta Elfsight jest bezp\u0142atna i szybka.\" \/>\n<meta name=\"robots\" content=\"index, follow, max-snippet:-1, max-image-preview:large, max-video-preview:-1\" \/>\n<link rel=\"canonical\" href=\"https:\/\/elfsight.com\/pl\/pdf-embed-widget\/drupal\/\" \/>\n<meta property=\"og:locale\" content=\"pl_PL\" \/>\n<meta property=\"og:type\" content=\"article\" \/>\n<meta property=\"og:title\" content=\"Przegl\u0105darka PDF - Osad\u017a modu\u0142 PDF na stronie Drupal (bezp\u0142atnie i szybko)\" \/>\n<meta property=\"og:description\" content=\"Skonstruowanie responsywnego modu\u0142u przegl\u0105darki plik\u00f3w PDF i osadzenie go na stronie Drupal jest maksymalnie \u0142atwe. Obs\u0142uga klienta Elfsight jest bezp\u0142atna i szybka.\" \/>\n<meta property=\"og:url\" content=\"https:\/\/elfsight.com\/pl\/pdf-embed-widget\/drupal\/\" \/>\n<meta property=\"og:site_name\" content=\"Elfsight PL\" \/>\n<meta property=\"article:modified_time\" content=\"2024-11-14T12:36:48+00:00\" \/>\n<meta name=\"twitter:card\" content=\"summary_large_image\" \/>\n<meta name=\"twitter:label1\" content=\"Szacowany czas czytania\" \/>\n\t<meta name=\"twitter:data1\" content=\"3 minuty\" \/>\n<!-- \/ Yoast SEO plugin. -->","yoast_head_json":{"title":"Przegl\u0105darka PDF - Osad\u017a modu\u0142 PDF na stronie Drupal (bezp\u0142atnie i szybko)","description":"Skonstruowanie responsywnego modu\u0142u przegl\u0105darki plik\u00f3w PDF i osadzenie go na stronie Drupal jest maksymalnie \u0142atwe. Obs\u0142uga klienta Elfsight jest bezp\u0142atna i szybka.","robots":{"index":"index","follow":"follow","max-snippet":"max-snippet:-1","max-image-preview":"max-image-preview:large","max-video-preview":"max-video-preview:-1"},"canonical":"https:\/\/elfsight.com\/pl\/pdf-embed-widget\/drupal\/","og_locale":"pl_PL","og_type":"article","og_title":"Przegl\u0105darka PDF - Osad\u017a modu\u0142 PDF na stronie Drupal (bezp\u0142atnie i szybko)","og_description":"Skonstruowanie responsywnego modu\u0142u przegl\u0105darki plik\u00f3w PDF i osadzenie go na stronie Drupal jest maksymalnie \u0142atwe. Obs\u0142uga klienta Elfsight jest bezp\u0142atna i szybka.","og_url":"https:\/\/elfsight.com\/pl\/pdf-embed-widget\/drupal\/","og_site_name":"Elfsight PL","article_modified_time":"2024-11-14T12:36:48+00:00","twitter_card":"summary_large_image","twitter_misc":{"Szacowany czas czytania":"3 minuty"},"schema":{"@context":"https:\/\/schema.org","@graph":[{"@type":"WebPage","@id":"https:\/\/elfsight.com\/pl\/pdf-embed-widget\/drupal\/","url":"https:\/\/elfsight.com\/pl\/pdf-embed-widget\/drupal\/","name":"Przegl\u0105darka PDF - Osad\u017a modu\u0142 PDF na stronie Drupal (bezp\u0142atnie i szybko)","isPartOf":{"@id":"https:\/\/elfsight.com\/pl\/#website"},"datePublished":"1970-01-01T00:00:00+00:00","dateModified":"2024-11-14T12:36:48+00:00","description":"Skonstruowanie responsywnego modu\u0142u przegl\u0105darki plik\u00f3w PDF i osadzenie go na stronie Drupal jest maksymalnie \u0142atwe. Obs\u0142uga klienta Elfsight jest bezp\u0142atna i szybka.","breadcrumb":{"@id":"https:\/\/elfsight.com\/pl\/pdf-embed-widget\/drupal\/#breadcrumb"},"inLanguage":"pl-PL","potentialAction":[{"@type":"ReadAction","target":["https:\/\/elfsight.com\/pl\/pdf-embed-widget\/drupal\/"]}]},{"@type":"BreadcrumbList","@id":"https:\/\/elfsight.com\/pl\/pdf-embed-widget\/drupal\/#breadcrumb","itemListElement":[{"@type":"ListItem","position":1,"name":"Home","item":"https:\/\/elfsight.com\/pl\/"},{"@type":"ListItem","position":2,"name":"PDF Embed","item":"https:\/\/elfsight.com\/pl\/pdf-embed-widget\/"},{"@type":"ListItem","position":3,"name":"PDF Embed &#8211; Drupal"}]},{"@type":"WebSite","@id":"https:\/\/elfsight.com\/pl\/#website","url":"https:\/\/elfsight.com\/pl\/","name":"Elfsight PL","description":"Just another Elfsight Sites site","potentialAction":[{"@type":"SearchAction","target":{"@type":"EntryPoint","urlTemplate":"https:\/\/elfsight.com\/pl\/?s={search_term_string}"},"query-input":{"@type":"PropertyValueSpecification","valueRequired":true,"valueName":"search_term_string"}}],"inLanguage":"pl-PL"}]}},"meta_box":{"industry":"","seo_heading":"","heading":"","description":"","cta_heading":"","cta_description":"","application":"2736","h1":"Wtyczka Drupal PDF Viewer","h1_caption":"Osadzaj dokumenty PDF na swojej stronie internetowej, aby \u0142atwo je przegl\u0105da\u0107 i pobiera\u0107 bez konieczno\u015bci przekierowywania odwiedzaj\u0105cych do Twojej witryny Drupal.","application_category":[],"applications_title":"","applications_request_title":"","applications_request_button_text":"","hero_text":"","hero_video":"","hero_video_schema_markup":"","selling_points_title":"","selling_points_caption":"","selling_points":[],"selling_points_cta_text":"","features_title":"","features":"","ed_cta_examples_text":"","ed_cta_examples_hidden":"","ed_cta_demo_text":"","ed_cta_demo_hidden":"","why_caption":"","why_editor_title":"","why_editor_text":"","why_team_title":"","why_team_text":"","why_service_title":"","why_service_text":"","template_catalog_visible":"","template_catalog_title":"","template_catalog_text":"","template_catalog_categories_visible":"","demo_title":"Utw\u00f3rz modu\u0142 osadzania plik\u00f3w PDF","demo_caption":"Skonfiguruj sw\u00f3j plik PDF Embed i dodaj go do swojej witryny Drupal za darmo!","default_faq_hidden":"","app_template_category":[],"platform":"47","template_public_id":"","codecanyon_url":"","codecanyon_item_id":"","codecanyon_price":"","pricing_caption":"","pricing_elfsight_apps_hide_column":"","pricing_elfsight_apps_url":"","pricing_codecanyon_price_caption":"","integration_category":[],"integration_request_title":"","integration_request_cta":"","integration_platform":"","integrations":[],"platform_category":[],"video_schema_markup":"","price":"od 0 USD \/ miesi\u0105c","trial":"","benefits":[{"text":"Bezp\u0142atna pomoc w monta\u017cu"},{"text":"Wsparcie premium"},{"text":"14-dniowa gwarancja zwrotu pieni\u0119dzy"}],"button_url":"#demo","button_target_blank":"","button_nofollow":"","attributes":[{"name":"Instaluje"},{"name":"Czu\u0142y"},{"name":"Kompatybilne przegl\u0105darki"}],"tags":[],"tags_disable_links":"","hide_more_platforms":"","video_object":"","demo_hide_cta":"","demo_hide_cloud_options":"","pricing_title":"","pricing":[{"pricing_icon":"platform","pricing_title":"Elfsight Apps","pricing_title_caption":"Wersja niezale\u017cna od platformy","pricing_price":"od 0 USD \/ miesi\u0105c","pricing_price_caption":"zacznij od bezp\u0142atnego planu","pricing_benefits":[{"text":"Nielimitowane domeny"},{"text":"Bezp\u0142atne wsparcie"},{"text":"Bezp\u0142atna pomoc w monta\u017cu"},{"text":"Oferta ograniczona czasowo dla wielu aplikacji"}],"pricing_button_text":"Dodaj do witryny","pricing_button_url":"#demo"}],"related_apps_title":"","related_apps_hidden":"","author":"","image":[],"title":"","job":"","social_networks":[]},"_links":{"self":[{"href":"https:\/\/elfsight.com\/pl\/wp-json\/wp\/v2\/pages\/5815","targetHints":{"allow":["GET"]}}],"collection":[{"href":"https:\/\/elfsight.com\/pl\/wp-json\/wp\/v2\/pages"}],"about":[{"href":"https:\/\/elfsight.com\/pl\/wp-json\/wp\/v2\/types\/page"}],"author":[{"embeddable":true,"href":"https:\/\/elfsight.com\/pl\/wp-json\/wp\/v2\/users\/9"}],"replies":[{"embeddable":true,"href":"https:\/\/elfsight.com\/pl\/wp-json\/wp\/v2\/comments?post=5815"}],"version-history":[{"count":1,"href":"https:\/\/elfsight.com\/pl\/wp-json\/wp\/v2\/pages\/5815\/revisions"}],"predecessor-version":[{"id":5819,"href":"https:\/\/elfsight.com\/pl\/wp-json\/wp\/v2\/pages\/5815\/revisions\/5819"}],"up":[{"embeddable":true,"href":"https:\/\/elfsight.com\/pl\/wp-json\/wp\/v2\/pages\/2737"}],"wp:attachment":[{"href":"https:\/\/elfsight.com\/pl\/wp-json\/wp\/v2\/media?parent=5815"}],"curies":[{"name":"wp","href":"https:\/\/api.w.org\/{rel}","templated":true}]}}