{"id":5814,"date":"1970-01-01T00:00:00","date_gmt":"1970-01-01T00:00:00","guid":{"rendered":"https:\/\/elfsight.com\/pl\/?page_id=5814"},"modified":"2024-11-14T12:36:48","modified_gmt":"2024-11-14T12:36:48","slug":"blogger","status":"publish","type":"page","link":"https:\/\/elfsight.com\/pl\/pdf-embed-widget\/blogger\/","title":{"rendered":"PDF Embed &#8211; Blogger"},"content":{"rendered":"<div class=\"application-platform-content-item-description application-platform-content-item\" id=\"description\" data-nav-section=\"description\"> <h2>Opis<\/h2> <p>Korzystaj\u0105c z wid\u017cetu Elfsight PDF, wypr\u00f3buj najwygodniejsze i natychmiastowe osadzanie dowolnych dokument\u00f3w PDF na stronach swojego strona internetowa. Dla wi\u0119kszej wygody dokumenty mo\u017cna wstawia\u0107 po prostu przesy\u0142aj\u0105c, wed\u0142ug adres\u00f3w URL lub wybieraj\u0105c z listy ostatnio przes\u0142anych. Mo\u017cesz nada\u0107 ka\u017cdemu plikowi w\u0142asn\u0105 nazw\u0119, przes\u0142a\u0107 niestandardow\u0105 ikon\u0119 lub obraz podgl\u0105du, wybra\u0107 wariant uk\u0142adu i wiele wi\u0119cej. Twoi go\u015bcie mog\u0105 przegl\u0105da\u0107 dokumenty bezpo\u015brednio w witrynie, otwiera\u0107 je w nowej karcie i pobiera\u0107. <\/p> <div class=\"faq\" data-component=\"FAQ\"> <div class=\"faq-item\">\r\n\t\t\t\t\t<div class=\"faq-item-question\">\r\n\t\t\t\t\t\t<h3 class=\"faq-item-question-text\">Gdzie mog\u0119 zintegrowa\u0107 osadzanie plik\u00f3w PDF?<\/h3>\r\n\r\n\t\t\t\t\t\t<div class=\"faq-item-question-icon\"><\/div>\r\n\t\t\t\t\t<\/div>\r\n\r\n\t\t\t\t\t<div class=\"faq-item-answer\">\r\n\t\t\t\t\t\t<div class=\"faq-item-answer-text\"> <p>Mo\u017cesz u\u017cywa\u0107 wid\u017cetu PDF na ka\u017cdej stronie witryny. Pomo\u017ce Ci to na przyk\u0142ad zamie\u015bci\u0107 dokumentacj\u0119 techniczn\u0105 lub instrukcje na stronach produkt\u00f3w, a na stronie docelowej poka\u017ce Twoje dyplomy i certyfikaty. <\/p> <\/div>\r\n\t\t\t\t\t<\/div>\r\n\t\t\t\t<\/div> <div class=\"faq-item\">\r\n\t\t\t\t\t<div class=\"faq-item-question\">\r\n\t\t\t\t\t\t<h3 class=\"faq-item-question-text\">Jak mog\u0119 skorzysta\u0107 z wid\u017cetu?<\/h3>\r\n\r\n\t\t\t\t\t\t<div class=\"faq-item-question-icon\"><\/div>\r\n\t\t\t\t\t<\/div>\r\n\r\n\t\t\t\t\t<div class=\"faq-item-answer\">\r\n\t\t\t\t\t\t<div class=\"faq-item-answer-text\"> <p>Nasz wid\u017cet pozwoli Ci zaoszcz\u0119dzi\u0107 du\u017co czasu, poniewa\u017c dzi\u0119ki niemu przes\u0142anie dokument\u00f3w na Twoj\u0105 stron\u0119 zajmie Ci zaledwie kilka sekund . Pomaga tak\u017ce publikowa\u0107 wiele przydatnych danych na temat ofert i us\u0142ug, aby poprawi\u0107 zrozumienie u\u017cytkownik\u00f3w.<\/p> <\/div>\r\n\t\t\t\t\t<\/div>\r\n\t\t\t\t<\/div> <div class=\"faq-item\">\r\n\t\t\t\t\t<div class=\"faq-item-question\">\r\n\t\t\t\t\t\t<h3 class=\"faq-item-question-text\">Jak mog\u0119 osadzi\u0107 plik PDF w mojej witrynie Bloggera?<\/h3>\r\n\r\n\t\t\t\t\t\t<div class=\"faq-item-question-icon\"><\/div>\r\n\t\t\t\t\t<\/div>\r\n\r\n\t\t\t\t\t<div class=\"faq-item-answer\">\r\n\t\t\t\t\t\t<div class=\"faq-item-answer-text\"> <p>Uruchomienie wid\u017cetu zajmuje tylko kilka minut. Instalacja jest naprawd\u0119 szybka, bezp\u0142atna i nie wymaga kodowania.<\/p> <p>Mo\u017cesz umie\u015bci\u0107 widget na stronie internetowej za po\u015brednictwem naszego serwisu. Po prostu u\u017cyj kr\u00f3tkiego opisu poni\u017cej na tej stronie.<\/p> <\/div>\r\n\t\t\t\t\t<\/div>\r\n\t\t\t\t<\/div> <\/div> <\/div> <div class=\"application-platform-content-item-features application-platform-content-item\" id=\"features\" data-nav-section=\"features\"> <h2>Funkcje<\/h2> <p>Aby uzyska\u0107 pe\u0142ny obraz wid\u017cetu PDF, zobacz list\u0119 najwa\u017cniejszych funkcji. Dzi\u0119ki nim nasz widget jest naprawd\u0119 efektywny dla Twojego sklepu: <\/p> <ul><li>Wklejaj nieograniczon\u0105 liczb\u0119 dokument\u00f3w; <\/li> <li>Opcja uk\u0142adu przegl\u0105darki plik\u00f3w umo\u017cliwiaj\u0105ca przegl\u0105danie plik\u00f3w w serwisie; <\/li> <li>Opcja przesy\u0142ania obraz\u00f3w ikon i podgl\u0105d\u00f3w; <\/li> <li>Wy\u015bwietlanie lub ukrywanie tekstu dokumentu pobierania; <\/li> <li>Elementy interfejsu w kolorze 6; <\/li> <\/ul><p><a href=\"#demo\">Dowiedz si\u0119 wi\u0119cej o funkcjach w wersji demonstracyjnej<\/a><\/p> <\/div> <div class=\"application-platform-content-item-installation application-platform-content-item\" id=\"installation\" data-nav-section=\"installation\"> <h2>Sprawd\u017a, jak aby osadzi\u0107 plik PDF w witrynie Bloggera<\/h2> <div class=\"video-container\"><iframe width=\"720\" height=\"405\" src=\"https:\/\/www.youtube.com\/embed\/eqd5CwdguL8\" frameborder=\"0\" allowfullscreen=\"\"><\/iframe><\/div><p>Poni\u017csze kroki to jedyne, czego potrzebujesz, aby przes\u0142a\u0107 wid\u017cet.<\/p> <ol><li><b>Utw\u00f3rz w\u0142asny widget<\/b><br> Za pomoc\u0105 naszego bezp\u0142atnego demo wygeneruj wtyczk\u0119 z wybranym uk\u0142adem i funkcjonalno\u015bci\u0105. <\/li><li><b>Odbierz indywidualny kod do opublikowania wid\u017cetu<\/b><br> Po skonfigurowaniu wtyczki otrzymasz kod instalacyjny z wyskakuj\u0105cego okna aplikacji Elfsight. Skopiuj kod. <\/li> <li><b>Prze\u015blij przegl\u0105dark\u0119 plik\u00f3w PDF na swoj\u0105 witryn\u0119 Bloggera<\/b><br> Wybierz miejsce, do kt\u00f3rego chcesz doda\u0107 wtyczk\u0119 i wklej tam zapisany kod. Opublikuj zmiany.<\/li> <li><b>Instalacja przebieg\u0142a pomy\u015blnie<\/b><br> Przejd\u017a do strony internetowej, aby wy\u015bwietli\u0107 wid\u017cet.<\/li> <\/ol><p>Nadal masz w\u0105tpliwo\u015bci ? Albo masz problemy? Po prostu napisz pro\u015bb\u0119 do naszego dzia\u0142u obs\u0142ugi klienta, a oni pomog\u0105 w rozwi\u0105zaniu ka\u017cdego problemu. <\/p> <\/div>","protected":false},"excerpt":{"rendered":"","protected":false},"author":9,"featured_media":0,"parent":2737,"menu_order":0,"comment_status":"closed","ping_status":"closed","template":"templates\/template-application-platform.php","meta":{"publish_to_discourse":"","publish_post_category":"","wpdc_auto_publish_overridden":"","wpdc_topic_tags":"","wpdc_pin_topic":"","wpdc_pin_until":"","discourse_post_id":"","discourse_permalink":"","wpdc_publishing_response":"","wpdc_publishing_error":"","footnotes":""},"class_list":["post-5814","page","type-page","status-publish","hentry"],"yoast_head":"<!-- This site is optimized with the Yoast SEO plugin v25.3.1 - https:\/\/yoast.com\/wordpress\/plugins\/seo\/ -->\n<title>Przegl\u0105darka plik\u00f3w PDF \u2014 osadzaj pliki PDF w witrynie Bloggera (w 2 minuty)<\/title>\n<meta name=\"description\" content=\"Zaprojektowanie wid\u017cetu przegl\u0105darki plik\u00f3w PDF i umieszczenie go w witrynie Bloggera jest \u0142atwe. Obs\u0142uga klienta Elfsight jest bezp\u0142atna i szybka.\" \/>\n<meta name=\"robots\" content=\"index, follow, max-snippet:-1, max-image-preview:large, max-video-preview:-1\" \/>\n<link rel=\"canonical\" href=\"https:\/\/elfsight.com\/pl\/pdf-embed-widget\/blogger\/\" \/>\n<meta property=\"og:locale\" content=\"pl_PL\" \/>\n<meta property=\"og:type\" content=\"article\" \/>\n<meta property=\"og:title\" content=\"Przegl\u0105darka plik\u00f3w PDF \u2014 osadzaj pliki PDF w witrynie Bloggera (w 2 minuty)\" \/>\n<meta property=\"og:description\" content=\"Zaprojektowanie wid\u017cetu przegl\u0105darki plik\u00f3w PDF i umieszczenie go w witrynie Bloggera jest \u0142atwe. Obs\u0142uga klienta Elfsight jest bezp\u0142atna i szybka.\" \/>\n<meta property=\"og:url\" content=\"https:\/\/elfsight.com\/pl\/pdf-embed-widget\/blogger\/\" \/>\n<meta property=\"og:site_name\" content=\"Elfsight PL\" \/>\n<meta property=\"article:modified_time\" content=\"2024-11-14T12:36:48+00:00\" \/>\n<meta name=\"twitter:card\" content=\"summary_large_image\" \/>\n<meta name=\"twitter:label1\" content=\"Szacowany czas czytania\" \/>\n\t<meta name=\"twitter:data1\" content=\"2 minuty\" \/>\n<!-- \/ Yoast SEO plugin. -->","yoast_head_json":{"title":"Przegl\u0105darka plik\u00f3w PDF \u2014 osadzaj pliki PDF w witrynie Bloggera (w 2 minuty)","description":"Zaprojektowanie wid\u017cetu przegl\u0105darki plik\u00f3w PDF i umieszczenie go w witrynie Bloggera jest \u0142atwe. Obs\u0142uga klienta Elfsight jest bezp\u0142atna i szybka.","robots":{"index":"index","follow":"follow","max-snippet":"max-snippet:-1","max-image-preview":"max-image-preview:large","max-video-preview":"max-video-preview:-1"},"canonical":"https:\/\/elfsight.com\/pl\/pdf-embed-widget\/blogger\/","og_locale":"pl_PL","og_type":"article","og_title":"Przegl\u0105darka plik\u00f3w PDF \u2014 osadzaj pliki PDF w witrynie Bloggera (w 2 minuty)","og_description":"Zaprojektowanie wid\u017cetu przegl\u0105darki plik\u00f3w PDF i umieszczenie go w witrynie Bloggera jest \u0142atwe. Obs\u0142uga klienta Elfsight jest bezp\u0142atna i szybka.","og_url":"https:\/\/elfsight.com\/pl\/pdf-embed-widget\/blogger\/","og_site_name":"Elfsight PL","article_modified_time":"2024-11-14T12:36:48+00:00","twitter_card":"summary_large_image","twitter_misc":{"Szacowany czas czytania":"2 minuty"},"schema":{"@context":"https:\/\/schema.org","@graph":[{"@type":"WebPage","@id":"https:\/\/elfsight.com\/pl\/pdf-embed-widget\/blogger\/","url":"https:\/\/elfsight.com\/pl\/pdf-embed-widget\/blogger\/","name":"Przegl\u0105darka plik\u00f3w PDF \u2014 osadzaj pliki PDF w witrynie Bloggera (w 2 minuty)","isPartOf":{"@id":"https:\/\/elfsight.com\/pl\/#website"},"datePublished":"1970-01-01T00:00:00+00:00","dateModified":"2024-11-14T12:36:48+00:00","description":"Zaprojektowanie wid\u017cetu przegl\u0105darki plik\u00f3w PDF i umieszczenie go w witrynie Bloggera jest \u0142atwe. Obs\u0142uga klienta Elfsight jest bezp\u0142atna i szybka.","breadcrumb":{"@id":"https:\/\/elfsight.com\/pl\/pdf-embed-widget\/blogger\/#breadcrumb"},"inLanguage":"pl-PL","potentialAction":[{"@type":"ReadAction","target":["https:\/\/elfsight.com\/pl\/pdf-embed-widget\/blogger\/"]}]},{"@type":"BreadcrumbList","@id":"https:\/\/elfsight.com\/pl\/pdf-embed-widget\/blogger\/#breadcrumb","itemListElement":[{"@type":"ListItem","position":1,"name":"Home","item":"https:\/\/elfsight.com\/pl\/"},{"@type":"ListItem","position":2,"name":"PDF Embed","item":"https:\/\/elfsight.com\/pl\/pdf-embed-widget\/"},{"@type":"ListItem","position":3,"name":"PDF Embed &#8211; Blogger"}]},{"@type":"WebSite","@id":"https:\/\/elfsight.com\/pl\/#website","url":"https:\/\/elfsight.com\/pl\/","name":"Elfsight PL","description":"Just another Elfsight Sites site","potentialAction":[{"@type":"SearchAction","target":{"@type":"EntryPoint","urlTemplate":"https:\/\/elfsight.com\/pl\/?s={search_term_string}"},"query-input":{"@type":"PropertyValueSpecification","valueRequired":true,"valueName":"search_term_string"}}],"inLanguage":"pl-PL"}]}},"meta_box":{"industry":"","seo_heading":"","heading":"","description":"","cta_heading":"","cta_description":"","application":"2736","h1":"Wid\u017cet przegl\u0105darki plik\u00f3w PDF Bloggera","h1_caption":"Osadzaj dokumenty PDF w swojej witrynie internetowej, aby \u0142atwo je przegl\u0105da\u0107 i pobiera\u0107 bez konieczno\u015bci przekierowywania odwiedzaj\u0105cych do witryny Bloggera.","application_category":[],"applications_title":"","applications_request_title":"","applications_request_button_text":"","hero_text":"","hero_video":"","hero_video_schema_markup":"","selling_points_title":"","selling_points_caption":"","selling_points":[],"selling_points_cta_text":"","features_title":"","features":"","ed_cta_examples_text":"","ed_cta_examples_hidden":"","ed_cta_demo_text":"","ed_cta_demo_hidden":"","why_caption":"","why_editor_title":"","why_editor_text":"","why_team_title":"","why_team_text":"","why_service_title":"","why_service_text":"","template_catalog_visible":"","template_catalog_title":"","template_catalog_text":"","template_catalog_categories_visible":"","demo_title":"Utw\u00f3rz wid\u017cet do osadzania plik\u00f3w PDF","demo_caption":"Skonfiguruj osadzanie plik\u00f3w PDF i dodaj je do swojej witryny Bloggera za darmo!","default_faq_hidden":"","app_template_category":[],"platform":"44","template_public_id":"","codecanyon_url":"","codecanyon_item_id":"","codecanyon_price":"","pricing_caption":"","pricing_elfsight_apps_hide_column":"","pricing_elfsight_apps_url":"","pricing_codecanyon_price_caption":"","integration_category":[],"integration_request_title":"","integration_request_cta":"","integration_platform":"","integrations":[],"platform_category":[],"video_schema_markup":"","price":"od 0 USD \/ miesi\u0105c","trial":"","benefits":[{"text":"Bezp\u0142atna pomoc w monta\u017cu"},{"text":"Skuteczna obs\u0142uga klienta"},{"text":"14-dniowa gwarancja zwrotu pieni\u0119dzy"}],"button_url":"#demo","button_target_blank":"","button_nofollow":"","attributes":[{"name":"Instaluje"},{"name":"Czu\u0142y"},{"name":"Kompatybilne przegl\u0105darki"}],"tags":[],"tags_disable_links":"","hide_more_platforms":"","video_object":"","demo_hide_cta":"","demo_hide_cloud_options":"","pricing_title":"","pricing":[{"pricing_icon":"platform","pricing_title":"Elfsight Apps","pricing_title_caption":"Oprogramowanie niezale\u017cne od platformy, kt\u00f3re pasuje do ka\u017cdej witryny internetowej","pricing_price":"od 0 USD \/ miesi\u0105c","pricing_price_caption":"zacznij od bezp\u0142atnego planu","pricing_benefits":[{"text":"Nielimitowane strony internetowe"},{"text":"Ca\u0142odobowe i terminowe wsparcie"},{"text":"Bezp\u0142atne wsparcie przy instalacji"},{"text":"Elastyczny projekt"}],"pricing_button_text":"Dodaj do witryny","pricing_button_url":"#demo"}],"related_apps_title":"","related_apps_hidden":"","author":"","image":[],"title":"","job":"","social_networks":[]},"_links":{"self":[{"href":"https:\/\/elfsight.com\/pl\/wp-json\/wp\/v2\/pages\/5814","targetHints":{"allow":["GET"]}}],"collection":[{"href":"https:\/\/elfsight.com\/pl\/wp-json\/wp\/v2\/pages"}],"about":[{"href":"https:\/\/elfsight.com\/pl\/wp-json\/wp\/v2\/types\/page"}],"author":[{"embeddable":true,"href":"https:\/\/elfsight.com\/pl\/wp-json\/wp\/v2\/users\/9"}],"replies":[{"embeddable":true,"href":"https:\/\/elfsight.com\/pl\/wp-json\/wp\/v2\/comments?post=5814"}],"version-history":[{"count":2,"href":"https:\/\/elfsight.com\/pl\/wp-json\/wp\/v2\/pages\/5814\/revisions"}],"predecessor-version":[{"id":7893,"href":"https:\/\/elfsight.com\/pl\/wp-json\/wp\/v2\/pages\/5814\/revisions\/7893"}],"up":[{"embeddable":true,"href":"https:\/\/elfsight.com\/pl\/wp-json\/wp\/v2\/pages\/2737"}],"wp:attachment":[{"href":"https:\/\/elfsight.com\/pl\/wp-json\/wp\/v2\/media?parent=5814"}],"curies":[{"name":"wp","href":"https:\/\/api.w.org\/{rel}","templated":true}]}}