{"id":5813,"date":"1970-01-01T00:00:00","date_gmt":"1970-01-01T00:00:00","guid":{"rendered":"https:\/\/elfsight.com\/pl\/?page_id=5813"},"modified":"2025-06-26T16:07:23","modified_gmt":"2025-06-26T16:07:23","slug":"bigcommerce","status":"publish","type":"page","link":"https:\/\/elfsight.com\/pl\/pdf-embed-widget\/bigcommerce\/","title":{"rendered":"PDF Embed &#8211; BigCommerce"},"content":{"rendered":"<div class=\"application-platform-content-item-description application-platform-content-item\" id=\"description\" data-nav-section=\"description\"> <h2>Opis<\/h2> <p>Dzi\u0119ki aplikacji Elfsight PDF mo\u017cesz do\u015bwiadczy\u0107 najwygodniejszej i najszybszej integracji wielu plik\u00f3w PDF w strona. Dla u\u0142atwienia u\u017cytkowania dokumenty mo\u017cna integrowa\u0107 poprzez przesy\u0142anie, dodawanie adres\u00f3w URL lub wybieranie z listy ostatnio przes\u0142anych dokument\u00f3w. Funkcje te pozwalaj\u0105 nada\u0107 ka\u017cdemu dokumentowi w\u0142asn\u0105 nazw\u0119, przes\u0142a\u0107 w\u0142asn\u0105 ikon\u0119 lub obraz podgl\u0105du, wybra\u0107 uk\u0142ad i wiele wi\u0119cej. Odbiorcy witryny mog\u0105 czyta\u0107 pliki bezpo\u015brednio w Twojej witrynie, otwiera\u0107 je w nowej karcie przegl\u0105darki i pobiera\u0107. <\/p> <div class=\"faq\" data-component=\"FAQ\"> <div class=\"faq-item\">\r\n\t\t\t\t\t<div class=\"faq-item-question\">\r\n\t\t\t\t\t\t<h3 class=\"faq-item-question-text\">Gdzie w mojej witrynie mog\u0119 osadzi\u0107 plik PDF Embed<\/h3>\r\n\r\n\t\t\t\t\t\t<div class=\"faq-item-question-icon\"><\/div>\r\n\t\t\t\t\t<\/div>\r\n\r\n\t\t\t\t\t<div class=\"faq-item-answer\">\r\n\t\t\t\t\t\t<div class=\"faq-item-answer-text\"> <p>Dodanie wid\u017cetu osadzania plik\u00f3w na dowolnej lub wszystkich stronach witryny jest \u0142atwe. Dzi\u0119ki temu mo\u017cesz zaprezentowa\u0107 swoje dokumenty technologiczne lub specyfikacje na stronach produkt\u00f3w, a tak\u017ce doda\u0107 swoje dyplomy i certyfikaty na stronie docelowej. <\/p> <\/div>\r\n\t\t\t\t\t<\/div>\r\n\t\t\t\t<\/div> <div class=\"faq-item\">\r\n\t\t\t\t\t<div class=\"faq-item-question\">\r\n\t\t\t\t\t\t<h3 class=\"faq-item-question-text\">Jakie korzy\u015bci mo\u017ce mi to da\u0107?<\/h3>\r\n\r\n\t\t\t\t\t\t<div class=\"faq-item-question-icon\"><\/div>\r\n\t\t\t\t\t<\/div>\r\n\r\n\t\t\t\t\t<div class=\"faq-item-answer\">\r\n\t\t\t\t\t\t<div class=\"faq-item-answer-text\"> <p>Wid\u017cet firmy Elfsight pozwoli Ci zaoszcz\u0119dzi\u0107 mn\u00f3stwo czasu, poniewa\u017c dzi\u0119ki niemu dodanie dokument\u00f3w do Twojej witryny zajmie tylko kilka sekund. Co wi\u0119cej, pomaga dostarczy\u0107 wiele znacz\u0105cych szczeg\u00f3\u0142\u00f3w na temat Twoich produkt\u00f3w lub us\u0142ug, aby zwi\u0119kszy\u0107 wiedz\u0119 klient\u00f3w na temat Twoich produkt\u00f3w. <\/p> <\/div>\r\n\t\t\t\t\t<\/div>\r\n\t\t\t\t<\/div> <div class=\"faq-item\">\r\n\t\t\t\t\t<div class=\"faq-item-question\">\r\n\t\t\t\t\t\t<h3 class=\"faq-item-question-text\">Jak doda\u0107 plik PDF do osadzenia w mojej witrynie BigCommerce?<\/h3>\r\n\r\n\t\t\t\t\t\t<div class=\"faq-item-question-icon\"><\/div>\r\n\t\t\t\t\t<\/div>\r\n\r\n\t\t\t\t\t<div class=\"faq-item-answer\">\r\n\t\t\t\t\t\t<div class=\"faq-item-answer-text\"> <p>Konfiguracja wid\u017cetu zajmuje tylko trzy minuty. Jest naprawd\u0119 szybki, darmowy i nie wymaga kodowania. <\/p> <p>Wid\u017cet mo\u017cna zintegrowa\u0107 za po\u015brednictwem naszego serwisu lub na platformie handlowej. Tutaj mo\u017cesz por\u00f3wna\u0107 wszystkie szczeg\u00f3\u0142y dotycz\u0105ce tych wariant\u00f3w i wybra\u0107 sw\u00f3j. <\/p> <\/div>\r\n\t\t\t\t\t<\/div>\r\n\t\t\t\t<\/div> <\/div> <\/div> <div class=\"application-platform-content-item-features application-platform-content-item\" id=\"features\" data-nav-section=\"features\"> <h2>Funkcje<\/h2> <p>Aby mie\u0107 jasny pogl\u0105d na aplikacj\u0119 PDF, oto lista niezb\u0119dnych cechy. Dzi\u0119ki nim ten widget jest naprawd\u0119 wydajny dla Twojego sklepu: <\/p> <ul><li>Dodawaj nieograniczon\u0105 liczb\u0119 plik\u00f3w; <\/li> <li>Opcja uk\u0142adu przegl\u0105darki plik\u00f3w umo\u017cliwiaj\u0105ca czytanie dokument\u00f3w na stronie internetowej; <\/li> <li>Przesy\u0142anie obraz\u00f3w ikon dokument\u00f3w i podgl\u0105d\u00f3w; <\/li> <li>Opcja pokazania lub wy\u0142\u0105czenia tekstu pobierania pliku; <\/li> <li>6 kolorowych element\u00f3w interfejsu widgetu; <\/li> <\/ul><p>Zobacz wszystkie funkcje w naszej wersji demonstracyjnej na \u017cywo <\/p> <\/div> <div class=\"application-platform-content-item-installation application-platform-content-item\" id=\"installation\" data-nav-section=\"installation\"> <h2>Dowiedz si\u0119, jak osadzi\u0107 aplikacj\u0119 PDF Viewer na swojej stronie internetowej <\/h2> <div class=\"video-container\"><iframe width=\"720\" height=\"405\" src=\"https:\/\/www.youtube.com\/embed\/f2M0rR1GcgQ\" frameborder=\"0\" allowfullscreen=\"\"><\/iframe><\/div><p>Wystarczy post\u0119powa\u0107 zgodnie z poni\u017cszymi wskaz\u00f3wkami, aby rozpocz\u0105\u0107 korzystanie z narz\u0119dzia w BigCommerce.<\/p> <ol><li><b>Skorzystaj z naszego bezp\u0142atnego edytora i zacznij tworzy\u0107 spersonalizowany widget . <\/b><br> Okre\u015bl po\u017c\u0105dany uk\u0142ad i specyfikacje narz\u0119dzia i zapisz zmiany. <\/li> <li><b>Zdob\u0105d\u017a sw\u00f3j indywidualny kod, kt\u00f3ry pojawi si\u0119 w polu aplikacji Elfsight. <\/b><br> Po utworzeniu wid\u017cetu PDF skopiuj ekskluzywny kod z wy\u015bwietlonego wyskakuj\u0105cego okienka i zachowaj go na dalsze potrzeby. <\/li> <li><b>Rozpocznij korzystanie z wid\u017cetu na swojej stronie BigCommerce. <\/b><br> Umie\u015b\u0107 ostatnio zapisany kod na swojej stronie i zapisz zmiany. <\/li> <li><b>Gotowe! Osadzanie zosta\u0142o w pe\u0142ni zako\u0144czone. <\/b><br> Odwied\u017a swoj\u0105 witryn\u0119, aby zobaczy\u0107 dzia\u0142anie aplikacji. <\/li><\/ol><p>Nadal nie mo\u017cesz si\u0119 zdecydowa\u0107? Lub do\u015bwiadczasz problem\u00f3w? Po prostu napisz pro\u015bb\u0119 do naszego zespo\u0142u wsparcia. Rozwi\u0105\u017cemy ka\u017cdy problem. <\/p> <\/div>\n","protected":false},"excerpt":{"rendered":"","protected":false},"author":9,"featured_media":0,"parent":2737,"menu_order":0,"comment_status":"closed","ping_status":"closed","template":"templates\/template-application-platform.php","meta":{"publish_to_discourse":"","publish_post_category":"","wpdc_auto_publish_overridden":"","wpdc_topic_tags":"","wpdc_pin_topic":"","wpdc_pin_until":"","discourse_post_id":"","discourse_permalink":"","wpdc_publishing_response":"","wpdc_publishing_error":"","footnotes":""},"class_list":["post-5813","page","type-page","status-publish","hentry"],"yoast_head":"<!-- This site is optimized with the Yoast SEO plugin v25.3.1 - https:\/\/yoast.com\/wordpress\/plugins\/seo\/ -->\n<title>Przegl\u0105darka plik\u00f3w PDF \u2014 osadzaj aplikacj\u0119 PDF na stronie BigCommerce (2025)<\/title>\n<meta name=\"description\" content=\"Kszta\u0142towanie responsywnej aplikacji przegl\u0105darki plik\u00f3w PDF i osadzanie jej na stronie BigCommerce jest \u0142atwe. Obs\u0142uga klienta Elfsight jest bezp\u0142atna i szybka.\" \/>\n<meta name=\"robots\" content=\"index, follow, max-snippet:-1, max-image-preview:large, max-video-preview:-1\" \/>\n<link rel=\"canonical\" href=\"https:\/\/elfsight.com\/pl\/pdf-embed-widget\/bigcommerce\/\" \/>\n<meta property=\"og:locale\" content=\"pl_PL\" \/>\n<meta property=\"og:type\" content=\"article\" \/>\n<meta property=\"og:title\" content=\"Przegl\u0105darka plik\u00f3w PDF \u2014 osadzaj aplikacj\u0119 PDF na stronie BigCommerce (2025)\" \/>\n<meta property=\"og:description\" content=\"Kszta\u0142towanie responsywnej aplikacji przegl\u0105darki plik\u00f3w PDF i osadzanie jej na stronie BigCommerce jest \u0142atwe. Obs\u0142uga klienta Elfsight jest bezp\u0142atna i szybka.\" \/>\n<meta property=\"og:url\" content=\"https:\/\/elfsight.com\/pl\/pdf-embed-widget\/bigcommerce\/\" \/>\n<meta property=\"og:site_name\" content=\"Elfsight PL\" \/>\n<meta property=\"article:modified_time\" content=\"2025-06-26T16:07:23+00:00\" \/>\n<meta name=\"twitter:card\" content=\"summary_large_image\" \/>\n<meta name=\"twitter:label1\" content=\"Szacowany czas czytania\" \/>\n\t<meta name=\"twitter:data1\" content=\"3 minuty\" \/>\n<!-- \/ Yoast SEO plugin. -->","yoast_head_json":{"title":"Przegl\u0105darka plik\u00f3w PDF \u2014 osadzaj aplikacj\u0119 PDF na stronie BigCommerce (2025)","description":"Kszta\u0142towanie responsywnej aplikacji przegl\u0105darki plik\u00f3w PDF i osadzanie jej na stronie BigCommerce jest \u0142atwe. Obs\u0142uga klienta Elfsight jest bezp\u0142atna i szybka.","robots":{"index":"index","follow":"follow","max-snippet":"max-snippet:-1","max-image-preview":"max-image-preview:large","max-video-preview":"max-video-preview:-1"},"canonical":"https:\/\/elfsight.com\/pl\/pdf-embed-widget\/bigcommerce\/","og_locale":"pl_PL","og_type":"article","og_title":"Przegl\u0105darka plik\u00f3w PDF \u2014 osadzaj aplikacj\u0119 PDF na stronie BigCommerce (2025)","og_description":"Kszta\u0142towanie responsywnej aplikacji przegl\u0105darki plik\u00f3w PDF i osadzanie jej na stronie BigCommerce jest \u0142atwe. Obs\u0142uga klienta Elfsight jest bezp\u0142atna i szybka.","og_url":"https:\/\/elfsight.com\/pl\/pdf-embed-widget\/bigcommerce\/","og_site_name":"Elfsight PL","article_modified_time":"2025-06-26T16:07:23+00:00","twitter_card":"summary_large_image","twitter_misc":{"Szacowany czas czytania":"3 minuty"},"schema":{"@context":"https:\/\/schema.org","@graph":[{"@type":"WebPage","@id":"https:\/\/elfsight.com\/pl\/pdf-embed-widget\/bigcommerce\/","url":"https:\/\/elfsight.com\/pl\/pdf-embed-widget\/bigcommerce\/","name":"Przegl\u0105darka plik\u00f3w PDF \u2014 osadzaj aplikacj\u0119 PDF na stronie BigCommerce (2025)","isPartOf":{"@id":"https:\/\/elfsight.com\/pl\/#website"},"datePublished":"1970-01-01T00:00:00+00:00","dateModified":"2025-06-26T16:07:23+00:00","description":"Kszta\u0142towanie responsywnej aplikacji przegl\u0105darki plik\u00f3w PDF i osadzanie jej na stronie BigCommerce jest \u0142atwe. Obs\u0142uga klienta Elfsight jest bezp\u0142atna i szybka.","breadcrumb":{"@id":"https:\/\/elfsight.com\/pl\/pdf-embed-widget\/bigcommerce\/#breadcrumb"},"inLanguage":"pl-PL","potentialAction":[{"@type":"ReadAction","target":["https:\/\/elfsight.com\/pl\/pdf-embed-widget\/bigcommerce\/"]}]},{"@type":"BreadcrumbList","@id":"https:\/\/elfsight.com\/pl\/pdf-embed-widget\/bigcommerce\/#breadcrumb","itemListElement":[{"@type":"ListItem","position":1,"name":"Home","item":"https:\/\/elfsight.com\/pl\/"},{"@type":"ListItem","position":2,"name":"PDF Embed","item":"https:\/\/elfsight.com\/pl\/pdf-embed-widget\/"},{"@type":"ListItem","position":3,"name":"PDF Embed &#8211; BigCommerce"}]},{"@type":"WebSite","@id":"https:\/\/elfsight.com\/pl\/#website","url":"https:\/\/elfsight.com\/pl\/","name":"Elfsight PL","description":"Just another Elfsight Sites site","potentialAction":[{"@type":"SearchAction","target":{"@type":"EntryPoint","urlTemplate":"https:\/\/elfsight.com\/pl\/?s={search_term_string}"},"query-input":{"@type":"PropertyValueSpecification","valueRequired":true,"valueName":"search_term_string"}}],"inLanguage":"pl-PL"}]}},"meta_box":{"industry":"","seo_heading":"","heading":"","description":"","cta_heading":"","cta_description":"","application":"2736","h1":"Aplikacja do przegl\u0105dania plik\u00f3w PDF BigCommerce","h1_caption":"Osadzaj dokumenty PDF na swojej stronie internetowej, aby \u0142atwo je przegl\u0105da\u0107 i pobiera\u0107 bez konieczno\u015bci przekierowywania odwiedzaj\u0105cych do Twojej witryny BigCommerce.","application_category":[],"applications_title":"","applications_request_title":"","applications_request_button_text":"","hero_text":"","hero_video":"","hero_video_schema_markup":"","selling_points_title":"","selling_points_caption":"","selling_points":[],"selling_points_cta_text":"","features_title":"","features":"","ed_cta_examples_text":"","ed_cta_examples_hidden":"","ed_cta_demo_text":"","ed_cta_demo_hidden":"","why_caption":"","why_editor_title":"","why_editor_text":"","why_team_title":"","why_team_text":"","why_service_title":"","why_service_text":"","template_catalog_visible":"0","template_catalog_title":"","template_catalog_text":"","template_catalog_categories_visible":"","demo_title":"Utw\u00f3rz aplikacj\u0119 do osadzania plik\u00f3w PDF","demo_caption":"Skonfiguruj osadzanie plik\u00f3w PDF i dodaj je do swojej witryny BigCommerce za darmo!","default_faq_hidden":"","app_template_category":[],"platform":"41","template_public_id":"","codecanyon_url":"","codecanyon_item_id":"","codecanyon_price":"","pricing_caption":"","pricing_elfsight_apps_hide_column":"","pricing_elfsight_apps_url":"","pricing_codecanyon_price_caption":"","integration_category":[],"integration_request_title":"","integration_request_cta":"","integration_platform":"","integrations":[],"platform_category":[],"video_schema_markup":"","price":"od 0 USD \/ miesi\u0105c","trial":"","benefits":[{"text":"Bezp\u0142atna pomoc w instalacji"},{"text":"Wyj\u0105tkowe wsparcie"},{"text":"14-dniowa gwarancja zwrotu pieni\u0119dzy"}],"button_url":"#demo","button_target_blank":"0","button_nofollow":"0","attributes":[{"name":"Instaluje"},{"name":"Czu\u0142y"},{"name":"Kompatybilne przegl\u0105darki"}],"tags":[],"tags_disable_links":"0","hide_more_platforms":"0","video_object":"","demo_hide_cta":"0","demo_hide_cloud_options":"0","pricing_title":"","pricing":[{"pricing_icon":"platform","pricing_title":"Elfsight Apps","pricing_title_caption":"Niezale\u017cne od platformy rozwi\u0105zanie cyfrowe, kt\u00f3re dzia\u0142a na ka\u017cdej stronie","pricing_price":"od 0 USD \/ miesi\u0105c","pricing_price_caption":"zacznij od bezp\u0142atnego planu","pricing_benefits":[{"text":"Nielimitowane strony internetowe"},{"text":"Bezp\u0142atne i terminowe wsparcie oraz dobrze udokumentowane"},{"text":"Bezp\u0142atna us\u0142uga monta\u017cu"},{"text":"W pe\u0142ni konfigurowalny"}],"pricing_button_text":"Dodaj do witryny","pricing_button_url":"#demo"}],"related_apps_title":"","related_apps_hidden":"0","author":"","image":[],"title":"","job":"","social_networks":[]},"_links":{"self":[{"href":"https:\/\/elfsight.com\/pl\/wp-json\/wp\/v2\/pages\/5813","targetHints":{"allow":["GET"]}}],"collection":[{"href":"https:\/\/elfsight.com\/pl\/wp-json\/wp\/v2\/pages"}],"about":[{"href":"https:\/\/elfsight.com\/pl\/wp-json\/wp\/v2\/types\/page"}],"author":[{"embeddable":true,"href":"https:\/\/elfsight.com\/pl\/wp-json\/wp\/v2\/users\/9"}],"replies":[{"embeddable":true,"href":"https:\/\/elfsight.com\/pl\/wp-json\/wp\/v2\/comments?post=5813"}],"version-history":[{"count":3,"href":"https:\/\/elfsight.com\/pl\/wp-json\/wp\/v2\/pages\/5813\/revisions"}],"predecessor-version":[{"id":10606,"href":"https:\/\/elfsight.com\/pl\/wp-json\/wp\/v2\/pages\/5813\/revisions\/10606"}],"up":[{"embeddable":true,"href":"https:\/\/elfsight.com\/pl\/wp-json\/wp\/v2\/pages\/2737"}],"wp:attachment":[{"href":"https:\/\/elfsight.com\/pl\/wp-json\/wp\/v2\/media?parent=5813"}],"curies":[{"name":"wp","href":"https:\/\/api.w.org\/{rel}","templated":true}]}}