{"id":5806,"date":"1970-01-01T00:00:00","date_gmt":"1970-01-01T00:00:00","guid":{"rendered":"https:\/\/elfsight.com\/pl\/?page_id=5806"},"modified":"2024-11-14T09:33:32","modified_gmt":"2024-11-14T09:33:32","slug":"elementor","status":"publish","type":"page","link":"https:\/\/elfsight.com\/pl\/pdf-embed-widget\/elementor\/","title":{"rendered":"PDF Embed &#8211; Elementor"},"content":{"rendered":"<div class=\"application-platform-content-item-description application-platform-content-item\" id=\"description\" data-nav-section=\"description\"> <h2>Osad\u017a plik PDF Osad\u017a na Elementorze za pomoc\u0105 wid\u017cetu Elfsight<\/h2> <p>Dzi\u0119ki wid\u017cetowi Elfsight PDF Embed mo\u017cesz cieszy\u0107 si\u0119 naj\u0142atwiejsz\u0105 integracj\u0105 plik\u00f3w PDF na stronie internetowej. Aby u\u0142atwi\u0107 obs\u0142ug\u0119, dokumenty mo\u017cna osadza\u0107 po prostu przesy\u0142aj\u0105c je, wed\u0142ug adres\u00f3w URL lub wybieraj\u0105c ostatnio przes\u0142ane dokumenty. Mo\u017cesz nada\u0107 ka\u017cdemu plikowi w\u0142asn\u0105 nazw\u0119, przes\u0142a\u0107 niestandardow\u0105 ikon\u0119 lub obraz, wybra\u0107 wariant uk\u0142adu plik\u00f3w i inne. Odbiorcy Twojej witryny mog\u0105 sprawdzi\u0107 dokumenty bezpo\u015brednio w Twojej witrynie, otworzy\u0107 je w nowej karcie i pobra\u0107. <\/p> <div class=\"faq\" data-component=\"FAQ\"> <div class=\"faq-item\">\r\n\t\t\t\t\t<div class=\"faq-item-question\">\r\n\t\t\t\t\t\t<h3 class=\"faq-item-question-text\">Gdzie w witrynie Elementor mog\u0119 zainstalowa\u0107 osadzanie plik\u00f3w PDF?<\/h3>\r\n\r\n\t\t\t\t\t\t<div class=\"faq-item-question-icon\"><\/div>\r\n\t\t\t\t\t<\/div>\r\n\r\n\t\t\t\t\t<div class=\"faq-item-answer\">\r\n\t\t\t\t\t\t<div class=\"faq-item-answer-text\"> <p>Mo\u017cesz doda\u0107 osadzanie plik\u00f3w na ka\u017cdej stronie swojej witryny. Dzi\u0119ki niemu mo\u017cesz zaprezentowa\u0107 swoje dokumenty techniczne lub instrukcje na odpowiednich stronach produkt\u00f3w oraz doda\u0107 swoje dyplomy i kwalifikacje na stronie O nas. <\/p> <\/div>\r\n\t\t\t\t\t<\/div>\r\n\t\t\t\t<\/div> <div class=\"faq-item\">\r\n\t\t\t\t\t<div class=\"faq-item-question\">\r\n\t\t\t\t\t\t<h3 class=\"faq-item-question-text\">Jakie korzy\u015bci mi to da? <\/h3>\r\n\r\n\t\t\t\t\t\t<div class=\"faq-item-question-icon\"><\/div>\r\n\t\t\t\t\t<\/div>\r\n\r\n\t\t\t\t\t<div class=\"faq-item-answer\">\r\n\t\t\t\t\t\t<div class=\"faq-item-answer-text\"> <p>Nasz widget mo\u017ce zaoszcz\u0119dzi\u0107 Ci mn\u00f3stwo czasu, poniewa\u017c dzi\u0119ki niemu opublikowanie plik\u00f3w w Twojej witrynie trwa zaledwie kilka sekund. B\u0119dziesz tak\u017ce m\u00f3g\u0142 przekaza\u0107 wiele przydatnych szczeg\u00f3\u0142\u00f3w na temat swoich produkt\u00f3w i us\u0142ug, aby zwi\u0119kszy\u0107 \u015bwiadomo\u015b\u0107 klient\u00f3w. <\/p> <\/div>\r\n\t\t\t\t\t<\/div>\r\n\t\t\t\t<\/div> <div class=\"faq-item\">\r\n\t\t\t\t\t<div class=\"faq-item-question\">\r\n\t\t\t\t\t\t<h3 class=\"faq-item-question-text\">Jak mog\u0119 osadzi\u0107 galeri\u0119 wideo YouTube w mojej witrynie Squarespace bez umiej\u0119tno\u015bci kodowania?<\/h3>\r\n\r\n\t\t\t\t\t\t<div class=\"faq-item-question-icon\"><\/div>\r\n\t\t\t\t\t<\/div>\r\n\r\n\t\t\t\t\t<div class=\"faq-item-answer\">\r\n\t\t\t\t\t\t<div class=\"faq-item-answer-text\"><p>Elfsight zapewnia rozwi\u0105zanie oparte na chmurze, kt\u00f3re umo\u017cliwia u\u017cytkownikom utworzenie galerii wideo YouTube sami zobaczcie, jak \u0142atwa jest ta procedura:<\/p><ul><li>Wejd\u017a do edytora online, aby utworzy\u0107 sekcj\u0119 Galerii wideo YouTube, kt\u00f3r\u0105 chcesz umie\u015bci\u0107 w swojej witrynie Squarespace.<\/li><li>Wybierz jedn\u0105 z naszych gotowych szablon\u00f3w i zmodyfikuj ustawienia Galerii wideo YouTube, dostosuj wygl\u0105d i kolorystyk\u0119, wstaw swoje tre\u015bci bez konieczno\u015bci kodowania.<\/li><li>Zachowaj konfiguracje zdefiniowane dla Galerii wideo YouTube i uzyskaj kod do osadzenia wid\u017cetu, kt\u00f3ry mo\u017cna \u0142atwo zintegrowa\u0107 z witryn\u0105 Squarespace bez \u017cadnych op\u0142at.<\/li><\/ul><p>Dzi\u0119ki przyjaznemu dla u\u017cytkownika Edytorowi ka\u017cdy u\u017cytkownik Internetu mo\u017ce utworzy\u0107 sekcj\u0119 Galerii wideo YouTube i dodaj go do swojej witryny Squarespace. Aby uzyska\u0107 dost\u0119p do Edytora Elfsight, nie jest wymagana \u017cadna p\u0142atno\u015b\u0107 ani ujawnianie danych karty. Je\u015bli w dowolnym momencie napotkasz jakiekolwiek trudno\u015bci, nie wahaj si\u0119 skontaktowa\u0107 z naszym dzia\u0142em obs\u0142ugi klienta.<\/p><\/div>\r\n\t\t\t\t\t<\/div>\r\n\t\t\t\t<\/div><div class=\"faq-item\">\r\n\t\t\t\t\t<div class=\"faq-item-question\">\r\n\t\t\t\t\t\t<h3 class=\"faq-item-question-text\">Czego potrzebuj\u0119, aby osadzi\u0107 plik PDF? <\/h3>\r\n\r\n\t\t\t\t\t\t<div class=\"faq-item-question-icon\"><\/div>\r\n\t\t\t\t\t<\/div>\r\n\r\n\t\t\t\t\t<div class=\"faq-item-answer\">\r\n\t\t\t\t\t\t<div class=\"faq-item-answer-text\"> <p>To tylko b\u0119dzie po\u015bwi\u0119\u0107 dwie minuty na konfiguracj\u0119. Jest super szybki, darmowy i nie wymaga kodowania. <\/p> <p>Wid\u017cet mo\u017cesz zintegrowa\u0107 ze stron\u0105 internetow\u0105 w naszym serwisie. W tym celu zapoznaj si\u0119 z instrukcjami poni\u017cej na tej stronie.<\/p> <\/div>\r\n\t\t\t\t\t<\/div>\r\n\t\t\t\t<\/div> <\/div> <\/div><div class=\"application-platform-content-item-features application-platform-content-item\" id=\"features\" data-nav-section=\"features\"> <h2>G\u0142\u00f3wne funkcje wid\u017cetu Osadzanie plik\u00f3w PDF<\/h2> <p>Aby oceni\u0107 warto\u015b\u0107 widgetu, przejrzyj list\u0119 jego najcenniejszych funkcji. Sprawiaj\u0105, \u017ce wid\u017cet jest maksymalnie efektywny dla Twojej witryny: <\/p> <ul><li>Integruj nieograniczon\u0105 liczb\u0119 dokument\u00f3w; <\/li> <li>Wariant uk\u0142adu przegl\u0105darki plik\u00f3w umo\u017cliwiaj\u0105cy przegl\u0105danie dokument\u00f3w w witrynie; <\/li> <li>Prze\u015blij zdj\u0119cia ikon i podgl\u0105d\u00f3w; <\/li> <li>Wy\u015bwietlanie lub usuwanie tekstu pliku Pobierz; <\/li> <li> Wybierz niestandardowe kolory dla sze\u015bciu szczeg\u00f3\u0142\u00f3w interfejsu; <\/li> <\/ul><p><a href=\"#demo\">Aby zobaczy\u0107 pe\u0142n\u0105 list\u0119 funkcji, zobacz nasz\u0105 wersj\u0119 demonstracyjn\u0105<\/a><\/p> <\/div> <div class=\"application-platform-content-item-installation application-platform-content-item\" id=\"installation\" data-nav-section=\"installation\"> <h2>Jak doda\u0107 przegl\u0105dark\u0119 plik\u00f3w PDF &amp; Umie\u015b\u0107 na stronie Elementora<\/h2> <div class=\"video-container\"><iframe width=\"720\" height=\"405\" src=\"https:\/\/www.youtube.com\/embed\/VJoBpj9pLoI\" frameborder=\"0\" allowfullscreen=\"\"><\/iframe><\/div><p>Oto kroki, kt\u00f3re musisz wykona\u0107: <\/p> <ol><li><b>Zaprojektuj dostosowan\u0105 wtyczk\u0119 PDF<\/b><br> Za pomoc\u0105 naszego darmowego demo wygeneruj wtyczk\u0119 z niestandardowym uk\u0142adem i funkcjami. <\/li><li><b>Uzyskaj osobisty kod do zainstalowania wtyczki<\/b><br> Po utworzeniu wid\u017cetu otrzymasz kod instalacyjny z powiadomienia, kt\u00f3re pojawi si\u0119 w aplikacji Elfsight. Skopiuj ten kod do dalszego wykorzystania. <\/li> <li><b> Wtyczka na Twojej stronie Elementora<\/b><br> Wybierz miejsce, w kt\u00f3rym chcesz wy\u015bwietli\u0107 wtyczk\u0119 i tam dodaj zapisany kod. Zapisz wyniki. <\/li> <li><b>Gratulacje! W\u0142a\u015bnie zintegrowa\u0142e\u015b widget! <\/b><br> Odwied\u017a swoj\u0105 witryn\u0119 i obejrzyj swoj\u0105 prac\u0119.<\/li> <\/ol><p>Nadal masz w\u0105tpliwo\u015bci? Albo natkn\u0105\u0142e\u015b si\u0119 na co\u015b? Wystarczy wys\u0142a\u0107 zapytanie do naszego dzia\u0142u obs\u0142ugi klienta. Rozwi\u0105\u017cemy ka\u017cd\u0105 kwesti\u0119. <\/p> <\/div>","protected":false},"excerpt":{"rendered":"","protected":false},"author":9,"featured_media":0,"parent":2737,"menu_order":0,"comment_status":"closed","ping_status":"closed","template":"templates\/template-application-platform.php","meta":{"publish_to_discourse":"","publish_post_category":"","wpdc_auto_publish_overridden":"","wpdc_topic_tags":"","wpdc_pin_topic":"","wpdc_pin_until":"","discourse_post_id":"","discourse_permalink":"","wpdc_publishing_response":"","wpdc_publishing_error":"","footnotes":""},"class_list":["post-5806","page","type-page","status-publish","hentry"],"yoast_head":"<!-- This site is optimized with the Yoast SEO plugin v25.3.1 - https:\/\/yoast.com\/wordpress\/plugins\/seo\/ -->\n<title>Przegl\u0105darka PDF - Osad\u017a wid\u017cet PDF na stronie Elementora (bezp\u0142atnie i szybko)<\/title>\n<meta name=\"description\" content=\"Oto szansa na zaprojektowanie wid\u017cetu przegl\u0105darki plik\u00f3w PDF i umieszczenie go na swojej stronie internetowej Elementor. Uzyskaj bezp\u0142atn\u0105 obs\u0142ug\u0119 klienta i inne korzy\u015bci od Elfsight.\" \/>\n<meta name=\"robots\" content=\"index, follow, max-snippet:-1, max-image-preview:large, max-video-preview:-1\" \/>\n<link rel=\"canonical\" href=\"https:\/\/elfsight.com\/pl\/pdf-embed-widget\/elementor\/\" \/>\n<meta property=\"og:locale\" content=\"pl_PL\" \/>\n<meta property=\"og:type\" content=\"article\" \/>\n<meta property=\"og:title\" content=\"Przegl\u0105darka PDF - Osad\u017a wid\u017cet PDF na stronie Elementora (bezp\u0142atnie i szybko)\" \/>\n<meta property=\"og:description\" content=\"Oto szansa na zaprojektowanie wid\u017cetu przegl\u0105darki plik\u00f3w PDF i umieszczenie go na swojej stronie internetowej Elementor. Uzyskaj bezp\u0142atn\u0105 obs\u0142ug\u0119 klienta i inne korzy\u015bci od Elfsight.\" \/>\n<meta property=\"og:url\" content=\"https:\/\/elfsight.com\/pl\/pdf-embed-widget\/elementor\/\" \/>\n<meta property=\"og:site_name\" content=\"Elfsight PL\" \/>\n<meta property=\"article:modified_time\" content=\"2024-11-14T09:33:32+00:00\" \/>\n<meta name=\"twitter:card\" content=\"summary_large_image\" \/>\n<meta name=\"twitter:label1\" content=\"Szacowany czas czytania\" \/>\n\t<meta name=\"twitter:data1\" content=\"3 minuty\" \/>\n<!-- \/ Yoast SEO plugin. -->","yoast_head_json":{"title":"Przegl\u0105darka PDF - Osad\u017a wid\u017cet PDF na stronie Elementora (bezp\u0142atnie i szybko)","description":"Oto szansa na zaprojektowanie wid\u017cetu przegl\u0105darki plik\u00f3w PDF i umieszczenie go na swojej stronie internetowej Elementor. Uzyskaj bezp\u0142atn\u0105 obs\u0142ug\u0119 klienta i inne korzy\u015bci od Elfsight.","robots":{"index":"index","follow":"follow","max-snippet":"max-snippet:-1","max-image-preview":"max-image-preview:large","max-video-preview":"max-video-preview:-1"},"canonical":"https:\/\/elfsight.com\/pl\/pdf-embed-widget\/elementor\/","og_locale":"pl_PL","og_type":"article","og_title":"Przegl\u0105darka PDF - Osad\u017a wid\u017cet PDF na stronie Elementora (bezp\u0142atnie i szybko)","og_description":"Oto szansa na zaprojektowanie wid\u017cetu przegl\u0105darki plik\u00f3w PDF i umieszczenie go na swojej stronie internetowej Elementor. Uzyskaj bezp\u0142atn\u0105 obs\u0142ug\u0119 klienta i inne korzy\u015bci od Elfsight.","og_url":"https:\/\/elfsight.com\/pl\/pdf-embed-widget\/elementor\/","og_site_name":"Elfsight PL","article_modified_time":"2024-11-14T09:33:32+00:00","twitter_card":"summary_large_image","twitter_misc":{"Szacowany czas czytania":"3 minuty"},"schema":{"@context":"https:\/\/schema.org","@graph":[{"@type":"WebPage","@id":"https:\/\/elfsight.com\/pl\/pdf-embed-widget\/elementor\/","url":"https:\/\/elfsight.com\/pl\/pdf-embed-widget\/elementor\/","name":"Przegl\u0105darka PDF - Osad\u017a wid\u017cet PDF na stronie Elementora (bezp\u0142atnie i szybko)","isPartOf":{"@id":"https:\/\/elfsight.com\/pl\/#website"},"datePublished":"1970-01-01T00:00:00+00:00","dateModified":"2024-11-14T09:33:32+00:00","description":"Oto szansa na zaprojektowanie wid\u017cetu przegl\u0105darki plik\u00f3w PDF i umieszczenie go na swojej stronie internetowej Elementor. Uzyskaj bezp\u0142atn\u0105 obs\u0142ug\u0119 klienta i inne korzy\u015bci od Elfsight.","breadcrumb":{"@id":"https:\/\/elfsight.com\/pl\/pdf-embed-widget\/elementor\/#breadcrumb"},"inLanguage":"pl-PL","potentialAction":[{"@type":"ReadAction","target":["https:\/\/elfsight.com\/pl\/pdf-embed-widget\/elementor\/"]}]},{"@type":"BreadcrumbList","@id":"https:\/\/elfsight.com\/pl\/pdf-embed-widget\/elementor\/#breadcrumb","itemListElement":[{"@type":"ListItem","position":1,"name":"Home","item":"https:\/\/elfsight.com\/pl\/"},{"@type":"ListItem","position":2,"name":"PDF Embed","item":"https:\/\/elfsight.com\/pl\/pdf-embed-widget\/"},{"@type":"ListItem","position":3,"name":"PDF Embed &#8211; Elementor"}]},{"@type":"WebSite","@id":"https:\/\/elfsight.com\/pl\/#website","url":"https:\/\/elfsight.com\/pl\/","name":"Elfsight PL","description":"Just another Elfsight Sites site","potentialAction":[{"@type":"SearchAction","target":{"@type":"EntryPoint","urlTemplate":"https:\/\/elfsight.com\/pl\/?s={search_term_string}"},"query-input":{"@type":"PropertyValueSpecification","valueRequired":true,"valueName":"search_term_string"}}],"inLanguage":"pl-PL"}]}},"meta_box":{"industry":"","seo_heading":"","heading":"","description":"","cta_heading":"","cta_description":"","application":"2736","h1":"Przegl\u0105darka i osadzacz plik\u00f3w PDF Elementor","h1_caption":"Osadzaj dokumenty PDF na swojej stronie internetowej, aby \u0142atwo je przegl\u0105da\u0107 i pobiera\u0107 bez konieczno\u015bci przekierowywania odwiedzaj\u0105cych do witryny Elementor.","application_category":[],"applications_title":"","applications_request_title":"","applications_request_button_text":"","hero_text":"","hero_video":"","hero_video_schema_markup":"","selling_points_title":"","selling_points_caption":"","selling_points":[],"selling_points_cta_text":"","features_title":"","features":"","ed_cta_examples_text":"","ed_cta_examples_hidden":"","ed_cta_demo_text":"","ed_cta_demo_hidden":"","why_caption":"","why_editor_title":"","why_editor_text":"","why_team_title":"","why_team_text":"","why_service_title":"","why_service_text":"","template_catalog_visible":"","template_catalog_title":"","template_catalog_text":"","template_catalog_categories_visible":"","demo_title":"Utw\u00f3rz wid\u017cet do osadzania plik\u00f3w PDF","demo_caption":"Skonfiguruj osadzanie plik\u00f3w PDF i dodaj je do swojej witryny Elementor za darmo!","default_faq_hidden":"","app_template_category":[],"platform":"268","template_public_id":"","codecanyon_url":"","codecanyon_item_id":"","codecanyon_price":"","pricing_caption":"","pricing_elfsight_apps_hide_column":"","pricing_elfsight_apps_url":"","pricing_codecanyon_price_caption":"","integration_category":[],"integration_request_title":"","integration_request_cta":"","integration_platform":"","integrations":[],"platform_category":[],"video_schema_markup":"","price":"od 0 USD \/ miesi\u0105c","trial":"","benefits":[{"text":"Bezp\u0142atna us\u0142uga monta\u017cu"},{"text":"Profesjonalna obs\u0142uga klienta"},{"text":"14-dniowa gwarancja zwrotu pieni\u0119dzy"}],"button_url":"#demo","button_target_blank":"","button_nofollow":"","attributes":[{"name":"Instaluje"},{"name":"Czu\u0142y"},{"name":"Kompatybilne przegl\u0105darki"}],"tags":[],"tags_disable_links":"","hide_more_platforms":"","video_object":"","demo_hide_cta":"","demo_hide_cloud_options":"","pricing_title":"","pricing":[{"pricing_icon":"platform","pricing_title":"Elfsight Apps","pricing_title_caption":"Oprogramowanie niezale\u017cne od platformy","pricing_price":"od 0 USD \/ miesi\u0105c","pricing_price_caption":"zacznij od bezp\u0142atnego planu","pricing_benefits":[{"text":"Nielimitowane strony internetowe"},{"text":"Profesjonalne i terminowe wsparcie"},{"text":"Bezp\u0142atna pomoc w monta\u017cu"},{"text":"Cena do z\u0142apania dla wielu aplikacji"}],"pricing_button_text":"Dodaj do witryny","pricing_button_url":"#demo"}],"related_apps_title":"","related_apps_hidden":"","author":"","image":[],"title":"","job":"","social_networks":[]},"_links":{"self":[{"href":"https:\/\/elfsight.com\/pl\/wp-json\/wp\/v2\/pages\/5806","targetHints":{"allow":["GET"]}}],"collection":[{"href":"https:\/\/elfsight.com\/pl\/wp-json\/wp\/v2\/pages"}],"about":[{"href":"https:\/\/elfsight.com\/pl\/wp-json\/wp\/v2\/types\/page"}],"author":[{"embeddable":true,"href":"https:\/\/elfsight.com\/pl\/wp-json\/wp\/v2\/users\/9"}],"replies":[{"embeddable":true,"href":"https:\/\/elfsight.com\/pl\/wp-json\/wp\/v2\/comments?post=5806"}],"version-history":[{"count":2,"href":"https:\/\/elfsight.com\/pl\/wp-json\/wp\/v2\/pages\/5806\/revisions"}],"predecessor-version":[{"id":7891,"href":"https:\/\/elfsight.com\/pl\/wp-json\/wp\/v2\/pages\/5806\/revisions\/7891"}],"up":[{"embeddable":true,"href":"https:\/\/elfsight.com\/pl\/wp-json\/wp\/v2\/pages\/2737"}],"wp:attachment":[{"href":"https:\/\/elfsight.com\/pl\/wp-json\/wp\/v2\/media?parent=5806"}],"curies":[{"name":"wp","href":"https:\/\/api.w.org\/{rel}","templated":true}]}}