{"id":5800,"date":"1970-01-01T00:00:00","date_gmt":"1970-01-01T00:00:00","guid":{"rendered":"https:\/\/elfsight.com\/pl\/?page_id=5800"},"modified":"2024-11-14T09:27:38","modified_gmt":"2024-11-14T09:27:38","slug":"facebook","status":"publish","type":"page","link":"https:\/\/elfsight.com\/pl\/pdf-embed-widget\/facebook\/","title":{"rendered":"PDF Embed &#8211; Facebook Page"},"content":{"rendered":"<div class=\"application-platform-content-item-description application-platform-content-item\" id=\"description\" data-nav-section=\"description\"><h2>Opis<\/h2><p>Dzi\u0119ki wid\u017cetowi Elfsight mo\u017cesz cieszy\u0107 si\u0119 naj\u0142atwiejsz\u0105 i najszybsz\u0105 integracj\u0105 dowolnych dokument\u00f3w PDF ze swoj\u0105 stron\u0105. Dla Twojej wygody pliki mo\u017cna osadza\u0107 po prostu przesy\u0142aj\u0105c je, wprowadzaj\u0105c ich adresy URL lub wybieraj\u0105c z listy ostatnio przes\u0142anych. Mo\u017cesz nada\u0107 ka\u017cdemu dokumentowi tytu\u0142, przes\u0142a\u0107 ikon\u0119 lub obraz, wybra\u0107 opcj\u0119 uk\u0142adu i inne opcje. Twoi odwiedzaj\u0105cy mog\u0105 sprawdzi\u0107 pliki bezpo\u015brednio na Twoim Facebooku, otworzy\u0107 je w nowej karcie przegl\u0105darki i pobra\u0107. <\/p><p><b>Po\u015bwi\u0119\u0107 chwil\u0119, aby przes\u0142a\u0107 dowolny plik PDF na swoj\u0105 stron\u0119 firmow\u0105 na Facebooku!<\/b><\/p><div class=\"faq\" data-component=\"FAQ\"><div class=\"faq-item\">\r\n\t\t\t\t\t<div class=\"faq-item-question\">\r\n\t\t\t\t\t\t<h3 class=\"faq-item-question-text\"> W jaki spos\u00f3b mog\u0119 osadzi\u0107 wid\u017cet PDF na stronie Facebooka? <\/h3>\r\n\r\n\t\t\t\t\t\t<div class=\"faq-item-question-icon\"><\/div>\r\n\t\t\t\t\t<\/div>\r\n\r\n\t\t\t\t\t<div class=\"faq-item-answer\">\r\n\t\t\t\t\t\t<div class=\"faq-item-answer-text\"><p>Tworzenie wid\u017cetu odbywa si\u0119 w witrynie Elfsight i nie trzeba uczy\u0107 si\u0119 kodowania. Skorzystaj z wersji demonstracyjnej na \u017cywo, aby utworzy\u0107 w\u0142asn\u0105 aplikacj\u0119, pobierz kod i wstaw go na swoj\u0105 stron\u0119 internetow\u0105. <\/p><\/div>\r\n\t\t\t\t\t<\/div>\r\n\t\t\t\t<\/div><div class=\"faq-item\">\r\n\t\t\t\t\t<div class=\"faq-item-question\">\r\n\t\t\t\t\t\t<h3 class=\"faq-item-question-text\">Najlepsze przyk\u0142ady wykorzystania integracji plik\u00f3w PDF<\/h3>\r\n\r\n\t\t\t\t\t\t<div class=\"faq-item-question-icon\"><\/div>\r\n\t\t\t\t\t<\/div>\r\n\r\n\t\t\t\t\t<div class=\"faq-item-answer\">\r\n\t\t\t\t\t\t<div class=\"faq-item-answer-text\"><p>Mamy mn\u00f3stwo mo\u017cliwo\u015bci dostosowywania: pe\u0142nowymiarowe wid\u017cety do osadzania w obszarze zawarto\u015bci, wid\u017cety p\u0142ywaj\u0105ce z mo\u017cliwo\u015bci\u0105 przewijania, uk\u0142adami stopki, nag\u0142\u00f3wka i wszelkiego rodzaju mo\u017cliwo\u015bciami pionowymi dla pask\u00f3w bocznych i menu witryny. <\/p><\/div>\r\n\t\t\t\t\t<\/div>\r\n\t\t\t\t<\/div><div class=\"faq-item\">\r\n\t\t\t\t\t<div class=\"faq-item-question\">\r\n\t\t\t\t\t\t<h3 class=\"faq-item-question-text\">Czy mog\u0119 utworzy\u0107 plik PDF lub menu za po\u015brednictwem redaktora? <\/h3>\r\n\r\n\t\t\t\t\t\t<div class=\"faq-item-question-icon\"><\/div>\r\n\t\t\t\t\t<\/div>\r\n\r\n\t\t\t\t\t<div class=\"faq-item-answer\">\r\n\t\t\t\t\t\t<div class=\"faq-item-answer-text\"><p>Mo\u017cesz wprowadzi\u0107 zmiany w dowolnym wid\u017cecie. W edytorze dost\u0119pnych jest wiele uk\u0142ad\u00f3w, a ka\u017cdy z nich mo\u017cna \u0142atwo dostosowa\u0107 do w\u0142asnych potrzeb. <\/p><\/div>\r\n\t\t\t\t\t<\/div>\r\n\t\t\t\t<\/div><\/div><\/div><div class=\"application-platform-content-item-features application-platform-content-item\" id=\"features\" data-nav-section=\"features\"><h2>Funkcje<\/h2><p>Wid\u017cet ma wiele funkcji \u2013 sprawd\u017a list\u0119 poni\u017cej. S\u0105 one dost\u0119pne bezpo\u015brednio w edytorze i pomog\u0105 Ci ukszta\u0142towa\u0107 wid\u017cet najbardziej odpowiedni dla Twojego przypadku u\u017cycia.<\/p><ul><li>Dodawaj nieograniczon\u0105 liczb\u0119 dokument\u00f3w; <\/li><li>Opcja uk\u0142adu przegl\u0105darki plik\u00f3w umo\u017cliwiaj\u0105ca czytanie dokument\u00f3w na stronie; <\/li><li>Prze\u015blij zdj\u0119cia ikon plik\u00f3w i podgl\u0105d\u00f3w; <\/li><li>Wy\u015bwietl lub ukryj etykiet\u0119 Pobierz dokument; <\/li><li>6 detali interfejsu do pomalowania; <\/li><\/ul><p><a href=\"#demo\">Zobacz, jak dzia\u0142aj\u0105 wszystkie funkcje, w naszej wersji demonstracyjnej<\/a><\/p><\/div><div class=\"application-platform-content-item-installation application-platform-content-item\" id=\"installation\" data-nav-section=\"installation\"> <h2>Jak doda\u0107 plik PDF do swojej strony firmowej na Facebooku<\/h2><p>Aby aktywowa\u0107 wid\u017cet, wykonaj nast\u0119puj\u0105ce kroki<\/p> <ul><li><b>Utw\u00f3rz w\u0142asny wid\u017cet PDF<\/b><br>Korzystaj\u0105c z naszego bezp\u0142atnego konfiguratora, wygeneruj wtyczk\u0119 o preferowanym wygl\u0105dzie i dodaj pliki.<\/li><li><b>Otrzymaj indywidualny kod umo\u017cliwiaj\u0105cy wy\u015bwietlenie wid\u017cetu<\/b><br>Po ustawieniu swojego wtyczki, uzyskasz sw\u00f3j osobisty kod z wy\u015bwietlonego okna aplikacji Elfsight. Skopiuj to. <\/li><li><b>Osad\u017a wid\u017cet PDF na stronie na Facebooku<\/b><br> Utw\u00f3rz w\u0142asn\u0105 zak\u0142adk\u0119 na Facebooku. Wpisz w zak\u0142adce kod otrzymany w aplikacji elfsight. Je\u015bli masz jakiekolwiek problemy, po prostu zapoznaj si\u0119 z naszym przewodnikiem na stronie <a href=\"https:\/\/elfsight.com\/blog\/how-to-add-custom-tab-to-facebook-page\/\" target=\"_blank\" rel=\"noopener noreferrer\">tworzenie niestandardowej karty Facebook<\/a><\/li><li><b>Instalacja zosta\u0142a zako\u0144czona<\/b><br>Odwied\u017a swoj\u0105 stron\u0119, aby zobaczy\u0107 swoj\u0105 kart\u0119.<\/li><\/ul> <p>Je\u015bli potrzebujesz pomocy lub masz problemy, skontaktuj si\u0119 z naszym dzia\u0142em pomocy. Przy ka\u017cdej pro\u015bbie wyci\u0105gniemy pomocn\u0105 d\u0142o\u0144. <\/p><\/div>","protected":false},"excerpt":{"rendered":"","protected":false},"author":9,"featured_media":0,"parent":2737,"menu_order":0,"comment_status":"closed","ping_status":"closed","template":"templates\/template-application-platform.php","meta":{"publish_to_discourse":"","publish_post_category":"","wpdc_auto_publish_overridden":"","wpdc_topic_tags":"","wpdc_pin_topic":"","wpdc_pin_until":"","discourse_post_id":"","discourse_permalink":"","wpdc_publishing_response":"","wpdc_publishing_error":"","footnotes":""},"class_list":["post-5800","page","type-page","status-publish","hentry"],"yoast_head":"<!-- This site is optimized with the Yoast SEO plugin v25.3.1 - https:\/\/yoast.com\/wordpress\/plugins\/seo\/ -->\n<title>Jak doda\u0107 plik PDF do strony na Facebooku \u2014 przegl\u0105darka i narz\u0119dzie do przesy\u0142ania plik\u00f3w PDF (2025)<\/title>\n<meta name=\"description\" content=\"Dzi\u0119ki Elfsight utw\u00f3rz przegl\u0105dark\u0119 i narz\u0119dzie do przesy\u0142ania plik\u00f3w PDF i szybko dodaj je do strony firmowej na Facebooku. Oferujemy bezp\u0142atn\u0105 obs\u0142ug\u0119 klienta i wi\u0119cej bonus\u00f3w.\" \/>\n<meta name=\"robots\" content=\"index, follow, max-snippet:-1, max-image-preview:large, max-video-preview:-1\" \/>\n<link rel=\"canonical\" href=\"https:\/\/elfsight.com\/pl\/pdf-embed-widget\/facebook\/\" \/>\n<meta property=\"og:locale\" content=\"pl_PL\" \/>\n<meta property=\"og:type\" content=\"article\" \/>\n<meta property=\"og:title\" content=\"Jak doda\u0107 plik PDF do strony na Facebooku \u2014 przegl\u0105darka i narz\u0119dzie do przesy\u0142ania plik\u00f3w PDF (2025)\" \/>\n<meta property=\"og:description\" content=\"Dzi\u0119ki Elfsight utw\u00f3rz przegl\u0105dark\u0119 i narz\u0119dzie do przesy\u0142ania plik\u00f3w PDF i szybko dodaj je do strony firmowej na Facebooku. Oferujemy bezp\u0142atn\u0105 obs\u0142ug\u0119 klienta i wi\u0119cej bonus\u00f3w.\" \/>\n<meta property=\"og:url\" content=\"https:\/\/elfsight.com\/pl\/pdf-embed-widget\/facebook\/\" \/>\n<meta property=\"og:site_name\" content=\"Elfsight PL\" \/>\n<meta property=\"article:modified_time\" content=\"2024-11-14T09:27:38+00:00\" \/>\n<meta name=\"twitter:card\" content=\"summary_large_image\" \/>\n<meta name=\"twitter:label1\" content=\"Szacowany czas czytania\" \/>\n\t<meta name=\"twitter:data1\" content=\"3 minuty\" \/>\n<!-- \/ Yoast SEO plugin. -->","yoast_head_json":{"title":"Jak doda\u0107 plik PDF do strony na Facebooku \u2014 przegl\u0105darka i narz\u0119dzie do przesy\u0142ania plik\u00f3w PDF (2025)","description":"Dzi\u0119ki Elfsight utw\u00f3rz przegl\u0105dark\u0119 i narz\u0119dzie do przesy\u0142ania plik\u00f3w PDF i szybko dodaj je do strony firmowej na Facebooku. Oferujemy bezp\u0142atn\u0105 obs\u0142ug\u0119 klienta i wi\u0119cej bonus\u00f3w.","robots":{"index":"index","follow":"follow","max-snippet":"max-snippet:-1","max-image-preview":"max-image-preview:large","max-video-preview":"max-video-preview:-1"},"canonical":"https:\/\/elfsight.com\/pl\/pdf-embed-widget\/facebook\/","og_locale":"pl_PL","og_type":"article","og_title":"Jak doda\u0107 plik PDF do strony na Facebooku \u2014 przegl\u0105darka i narz\u0119dzie do przesy\u0142ania plik\u00f3w PDF (2025)","og_description":"Dzi\u0119ki Elfsight utw\u00f3rz przegl\u0105dark\u0119 i narz\u0119dzie do przesy\u0142ania plik\u00f3w PDF i szybko dodaj je do strony firmowej na Facebooku. Oferujemy bezp\u0142atn\u0105 obs\u0142ug\u0119 klienta i wi\u0119cej bonus\u00f3w.","og_url":"https:\/\/elfsight.com\/pl\/pdf-embed-widget\/facebook\/","og_site_name":"Elfsight PL","article_modified_time":"2024-11-14T09:27:38+00:00","twitter_card":"summary_large_image","twitter_misc":{"Szacowany czas czytania":"3 minuty"},"schema":{"@context":"https:\/\/schema.org","@graph":[{"@type":"WebPage","@id":"https:\/\/elfsight.com\/pl\/pdf-embed-widget\/facebook\/","url":"https:\/\/elfsight.com\/pl\/pdf-embed-widget\/facebook\/","name":"Jak doda\u0107 plik PDF do strony na Facebooku \u2014 przegl\u0105darka i narz\u0119dzie do przesy\u0142ania plik\u00f3w PDF (2025)","isPartOf":{"@id":"https:\/\/elfsight.com\/pl\/#website"},"datePublished":"1970-01-01T00:00:00+00:00","dateModified":"2024-11-14T09:27:38+00:00","description":"Dzi\u0119ki Elfsight utw\u00f3rz przegl\u0105dark\u0119 i narz\u0119dzie do przesy\u0142ania plik\u00f3w PDF i szybko dodaj je do strony firmowej na Facebooku. Oferujemy bezp\u0142atn\u0105 obs\u0142ug\u0119 klienta i wi\u0119cej bonus\u00f3w.","breadcrumb":{"@id":"https:\/\/elfsight.com\/pl\/pdf-embed-widget\/facebook\/#breadcrumb"},"inLanguage":"pl-PL","potentialAction":[{"@type":"ReadAction","target":["https:\/\/elfsight.com\/pl\/pdf-embed-widget\/facebook\/"]}]},{"@type":"BreadcrumbList","@id":"https:\/\/elfsight.com\/pl\/pdf-embed-widget\/facebook\/#breadcrumb","itemListElement":[{"@type":"ListItem","position":1,"name":"Home","item":"https:\/\/elfsight.com\/pl\/"},{"@type":"ListItem","position":2,"name":"PDF Embed","item":"https:\/\/elfsight.com\/pl\/pdf-embed-widget\/"},{"@type":"ListItem","position":3,"name":"PDF Embed &#8211; Facebook Page"}]},{"@type":"WebSite","@id":"https:\/\/elfsight.com\/pl\/#website","url":"https:\/\/elfsight.com\/pl\/","name":"Elfsight PL","description":"Just another Elfsight Sites site","potentialAction":[{"@type":"SearchAction","target":{"@type":"EntryPoint","urlTemplate":"https:\/\/elfsight.com\/pl\/?s={search_term_string}"},"query-input":{"@type":"PropertyValueSpecification","valueRequired":true,"valueName":"search_term_string"}}],"inLanguage":"pl-PL"}]}},"meta_box":{"industry":"","seo_heading":"","heading":"","description":"","cta_heading":"","cta_description":"","application":"2736","h1":"Jak doda\u0107 plik PDF do strony na Facebooku","h1_caption":"Osadzaj dokumenty PDF w swojej witrynie internetowej, aby \u0142atwo je przegl\u0105da\u0107 i pobiera\u0107 bez konieczno\u015bci przekierowywania odwiedzaj\u0105cych do witryny strony na Facebooku.","application_category":[],"applications_title":"","applications_request_title":"","applications_request_button_text":"","hero_text":"","hero_video":"","hero_video_schema_markup":"","selling_points_title":"","selling_points_caption":"","selling_points":[],"selling_points_cta_text":"","features_title":"","features":"","ed_cta_examples_text":"","ed_cta_examples_hidden":"","ed_cta_demo_text":"","ed_cta_demo_hidden":"","why_caption":"","why_editor_title":"","why_editor_text":"","why_team_title":"","why_team_text":"","why_service_title":"","why_service_text":"","template_catalog_visible":"","template_catalog_title":"","template_catalog_text":"","template_catalog_categories_visible":"","demo_title":"Utw\u00f3rz wid\u017cet do osadzania plik\u00f3w PDF","demo_caption":"Skonfiguruj osadzanie plik\u00f3w PDF i dodaj je bezp\u0142atnie do swojej strony na Facebooku!","default_faq_hidden":"","app_template_category":[],"platform":"319","template_public_id":"","codecanyon_url":"","codecanyon_item_id":"","codecanyon_price":"","pricing_caption":"","pricing_elfsight_apps_hide_column":"","pricing_elfsight_apps_url":"","pricing_codecanyon_price_caption":"","integration_category":[],"integration_request_title":"","integration_request_cta":"","integration_platform":"","integrations":[],"platform_category":[],"video_schema_markup":"","price":"od 0 USD \/ miesi\u0105c","trial":"","benefits":[{"text":"Bezp\u0142atna us\u0142uga monta\u017cu"},{"text":"Do\u015bwiadczona obs\u0142uga klienta"},{"text":"14-dniowa gwarancja zwrotu pieni\u0119dzy"}],"button_url":"#demo","button_target_blank":"","button_nofollow":"","attributes":[{"name":"Instaluje"},{"name":"Czu\u0142y"},{"name":"Kompatybilne przegl\u0105darki"}],"tags":[],"tags_disable_links":"","hide_more_platforms":"","video_object":"","demo_hide_cta":"","demo_hide_cloud_options":"","pricing_title":"","pricing":[{"pricing_icon":"platform","pricing_title":"Elfsight Apps","pricing_title_caption":"Wersja wieloplatformowa, kt\u00f3ra dzia\u0142a na ka\u017cdej stronie internetowej","pricing_price":"od 0 USD \/ miesi\u0105c","pricing_price_caption":"zacznij od bezp\u0142atnego planu","pricing_benefits":[{"text":"Nielimitowane domeny"},{"text":"Profesjonalne i terminowe wsparcie"},{"text":"Bezp\u0142atne wsparcie przy instalacji"},{"text":"Elastyczny projekt"}],"pricing_button_text":"Dodaj do witryny","pricing_button_url":"#demo"}],"related_apps_title":"","related_apps_hidden":"","author":"","image":[],"title":"","job":"","social_networks":[]},"_links":{"self":[{"href":"https:\/\/elfsight.com\/pl\/wp-json\/wp\/v2\/pages\/5800","targetHints":{"allow":["GET"]}}],"collection":[{"href":"https:\/\/elfsight.com\/pl\/wp-json\/wp\/v2\/pages"}],"about":[{"href":"https:\/\/elfsight.com\/pl\/wp-json\/wp\/v2\/types\/page"}],"author":[{"embeddable":true,"href":"https:\/\/elfsight.com\/pl\/wp-json\/wp\/v2\/users\/9"}],"replies":[{"embeddable":true,"href":"https:\/\/elfsight.com\/pl\/wp-json\/wp\/v2\/comments?post=5800"}],"version-history":[{"count":1,"href":"https:\/\/elfsight.com\/pl\/wp-json\/wp\/v2\/pages\/5800\/revisions"}],"predecessor-version":[{"id":5804,"href":"https:\/\/elfsight.com\/pl\/wp-json\/wp\/v2\/pages\/5800\/revisions\/5804"}],"up":[{"embeddable":true,"href":"https:\/\/elfsight.com\/pl\/wp-json\/wp\/v2\/pages\/2737"}],"wp:attachment":[{"href":"https:\/\/elfsight.com\/pl\/wp-json\/wp\/v2\/media?parent=5800"}],"curies":[{"name":"wp","href":"https:\/\/api.w.org\/{rel}","templated":true}]}}